{"id":40321,"date":"2021-03-21T22:14:22","date_gmt":"2021-03-21T22:14:22","guid":{"rendered":"https:\/\/bien-etreiris.ch\/?page_id=40321"},"modified":"2021-06-02T10:54:09","modified_gmt":"2021-06-02T08:54:09","slug":"macadamianussoel","status":"publish","type":"page","link":"https:\/\/bien-etreiris.ch\/de\/produktpraesentation\/gesundes-leben\/gesunde-lebensmittel\/zutaten-wohlbefinden\/pflanzliche-speiseoele\/macadamianussoel\/","title":{"rendered":"MACADAMIANUSS\u00d6L"},"content":{"rendered":"<h2>&nbsp;<\/h2>\n<p><a href=\"https:\/\/decoiris.ch\/wp-content\/uploads\/2019\/07\/Huile-de-noix-de-macadamia-BIO.png\"><img loading=\"lazy\" decoding=\"async\" class=\"wp-image-22896 alignleft\" src=\"https:\/\/decoiris.ch\/wp-content\/uploads\/2019\/07\/Huile-de-noix-de-macadamia-BIO-300x300.png\" sizes=\"auto, (max-width: 255px) 100vw, 255px\" srcset=\"https:\/\/decoiris.ch\/wp-content\/uploads\/2019\/07\/Huile-de-noix-de-macadamia-BIO-300x300.png 300w, https:\/\/decoiris.ch\/wp-content\/uploads\/2019\/07\/Huile-de-noix-de-macadamia-BIO-150x150.png 150w, https:\/\/decoiris.ch\/wp-content\/uploads\/2019\/07\/Huile-de-noix-de-macadamia-BIO-768x768.png 768w, https:\/\/decoiris.ch\/wp-content\/uploads\/2019\/07\/Huile-de-noix-de-macadamia-BIO.png 800w\" alt=\"\" width=\"255\" height=\"255\"><\/a><\/p>\n<p>&nbsp;<\/p>\n<p><strong>75 ml CHF 8.20 en vrac<br \/>\n<\/strong><\/p>\n<p>Nom botanique:&nbsp; Macadamia tetraphylla \/ intergrifolia<\/p>\n<p><strong>100 % naturelle et pur<\/strong><\/p>\n<p><strong>CH - BIO 006<\/strong><\/p>\n<h4>&nbsp;<\/h4>\n<p>&nbsp;<\/p>\n<p>&nbsp;<\/p>\n<p>L'huile lisse la peau et la prot\u00e8ge de la perte d'humidit\u00e9. Elle est bien tol\u00e9r\u00e9e par la peau en raison de ses acides gras. Sa teneur \u00e9lev\u00e9e en acide palmitol\u00e9ique prot\u00e8ge la peau des radicaux libres nocifs.<\/p>\n<p><a href=\"https:\/\/decoiris.ch\/wp-content\/uploads\/2019\/08\/Macadamia-tetraphylla.jpg\"><img loading=\"lazy\" decoding=\"async\" class=\"alignnone  wp-image-24024\" src=\"https:\/\/decoiris.ch\/wp-content\/uploads\/2019\/08\/Macadamia-tetraphylla.jpg\" alt=\"\" width=\"261\" height=\"392\"><\/a><a href=\"https:\/\/decoiris.ch\/wp-content\/uploads\/2021\/03\/acceuil-noix-de-macadamia..jpg\"><img loading=\"lazy\" decoding=\"async\" class=\"alignnone size-medium wp-image-41060\" src=\"https:\/\/decoiris.ch\/wp-content\/uploads\/2021\/03\/acceuil-noix-de-macadamia.-300x194.jpg\" alt=\"\" width=\"300\" height=\"194\" srcset=\"https:\/\/bien-etreiris.ch\/wp-content\/uploads\/2021\/03\/acceuil-noix-de-macadamia.-300x194.jpg 300w, https:\/\/bien-etreiris.ch\/wp-content\/uploads\/2021\/03\/acceuil-noix-de-macadamia..jpg 500w\" sizes=\"auto, (max-width: 300px) 100vw, 300px\" \/><\/a><\/p>\n<div class=\"span12\" data-motopress-wrapper-file=\"page-fullwidth.php\" data-motopress-wrapper-type=\"content\">\n<div id=\"content\" class=\"row\">\n<div class=\"span12\" data-motopress-type=\"loop\" data-motopress-loop-file=\"loop\/loop-page.php\">\n<div id=\"post-24028\" class=\"page post-24028 type-page status-publish has-post-thumbnail hentry\">\n<p><strong>Nom botanique<\/strong><\/p>\n<p>Macadamia tetraphylla \/ integrifolia<\/p>\n<p><strong><br \/>\nR\u00e9g\u00e9n\u00e9rante &amp; raffermissante<\/strong><br \/>\nL'huile de noix de macadamia a un effet r\u00e9g\u00e9n\u00e9rant et nourrissant sur la peau. Il convient de noter la proportion rarement \u00e9lev\u00e9e d'acide palmitol\u00e9ique. Ceci est tr\u00e8s similaire \u00e0 nos propres acides gras de la peau, ce qui justifie le secret de l'excellent effet adoucissant sur notre peau. L'huile sert \u00e9galement pour le soin des cheveux, elle est bonne pour les cheveux cassants et r\u00e9pare les fourches.<\/p>\n<p><strong>Ingr\u00e9dients sp\u00e9ciaux<\/strong><\/p>\n<p>L'huile de noix de macadamia est riche en acides gras monoinsatur\u00e9s. Il convient de noter la teneur \u00e9lev\u00e9e en acide palmitique, ce qui assure un bon accrochage et une bonne lubrification, ainsi qu'un effet de soin de la peau particuli\u00e8rement efficace.<\/p>\n<p><strong>Application externe<\/strong><br \/>\nEst tr\u00e8s bonne pour les massages, peut \u00eatre bien appliqu\u00e9e et p\u00e9n\u00e8tre facilement. Soigne chaque peau et chaque cheveu<\/p>\n<p><strong>Pays d'origine<\/strong><br \/>\nKenya<\/p>\n<p><strong>R\u00e9cup\u00e9ration<\/strong><br \/>\nNoix de macadamia bio press\u00e9e \u00e0 froid (fruit de pierre)<\/p>\n<p><strong>Prix<\/strong><br \/>\n&nbsp;&nbsp;&nbsp; 75 ml CHF &nbsp;&nbsp;14.90<\/p>\n<p>1000 ml CHF 119.00<\/p>\n<p><strong>Int\u00e9ressant \u00e0 savoir<\/strong><br \/>\nLes noix de macadamia sont consid\u00e9r\u00e9es comme des noix tr\u00e8s savoureuses. En raison de la culture difficile, du traitement compliqu\u00e9 et de la forte demande partout dans le monde, la noix de macadamia est l'une des noix les plus ch\u00e8res du monde. C'est pourquoi elle s'appelle \"Reine des Noix\".<\/p>\n<p>&nbsp;<\/p>\n<p><a href=\"https:\/\/decoiris.ch\/wp-content\/uploads\/2019\/08\/Macadamia-tetraphylla.jpg\"><img loading=\"lazy\" decoding=\"async\" class=\"alignnone  wp-image-24024\" src=\"https:\/\/decoiris.ch\/wp-content\/uploads\/2019\/08\/Macadamia-tetraphylla.jpg\" alt=\"\" width=\"261\" height=\"392\"><\/a><\/p>\n<div class=\"clear\">&nbsp;<\/div>\n<\/div>\n<div class=\"row\">&nbsp;<\/div>\n<\/div>\n<\/div>\n<\/div>\n","protected":false},"excerpt":{"rendered":"<p>&nbsp; &nbsp; 75 ml CHF 8.20 en vrac Nom botanique:&nbsp; Macadamia tetraphylla \/ intergrifolia 100 % naturelle et pur CH - BIO 006 &nbsp; &nbsp; &nbsp; L'huile lisse la peau et la prot\u00e8ge de la perte d'humidit\u00e9. Elle est bien tol\u00e9r\u00e9e par la peau en raison de ses acides gras. Sa teneur \u00e9lev\u00e9e en acide palmitol\u00e9ique prot\u00e8ge la peau des&nbsp;<a href=\"https:\/\/bien-etreiris.ch\/de\/produktpraesentation\/gesundes-leben\/gesunde-lebensmittel\/zutaten-wohlbefinden\/pflanzliche-speiseoele\/macadamianussoel\/\" class=\"read-more\">Weiter lesen<\/a><\/p>\n","protected":false},"author":1,"featured_media":41065,"parent":40140,"menu_order":6219,"comment_status":"closed","ping_status":"closed","template":"page-with-child.php","meta":{"_acf_changed":false,"ngg_post_thumbnail":0,"footnotes":""},"class_list":["post-40321","page","type-page","status-publish","has-post-thumbnail","hentry"],"acf":[],"yoast_head":"<!-- This site is optimized with the Yoast SEO plugin v27.6 - https:\/\/yoast.com\/product\/yoast-seo-wordpress\/ -->\n<title>MACADAMIANUSS\u00d6L - WOHLBEFINDEN<\/title>\n<meta name=\"robots\" content=\"index, follow, max-snippet:-1, max-image-preview:large, max-video-preview:-1\" \/>\n<link rel=\"canonical\" href=\"https:\/\/bien-etreiris.ch\/de\/produktpraesentation\/aromatherapie\/kosmetisches-pflanzenoel\/macadamianussoel\/\" \/>\n<meta property=\"og:locale\" content=\"de_DE\" \/>\n<meta property=\"og:type\" content=\"article\" \/>\n<meta property=\"og:title\" content=\"MACADAMIANUSS\u00d6L - WOHLBEFINDEN\" \/>\n<meta property=\"og:description\" content=\"&nbsp; &nbsp; 75 ml CHF 8.20 en vrac Nom botanique:&nbsp; Macadamia tetraphylla \/ intergrifolia 100 % naturelle et pur CH - BIO 006 &nbsp; &nbsp; &nbsp; L&#039;huile lisse la peau et la prot\u00e8ge de la perte d&#039;humidit\u00e9. Elle est bien tol\u00e9r\u00e9e par la peau en raison de ses acides gras. Sa teneur \u00e9lev\u00e9e en acide palmitol\u00e9ique prot\u00e8ge la peau des&nbsp;Weiter lesen\" \/>\n<meta property=\"og:url\" content=\"https:\/\/bien-etreiris.ch\/de\/produktpraesentation\/aromatherapie\/kosmetisches-pflanzenoel\/macadamianussoel\/\" \/>\n<meta property=\"og:site_name\" content=\"WOHLBEFINDEN\" \/>\n<meta property=\"article:publisher\" content=\"https:\/\/www.facebook.com\/bienetreiris\/\" \/>\n<meta property=\"article:modified_time\" content=\"2021-06-02T08:54:09+00:00\" \/>\n<meta property=\"og:image\" content=\"https:\/\/bien-etreiris.ch\/wp-content\/uploads\/2021\/03\/acceuil-noix-de-macadamia.jpg\" \/>\n\t<meta property=\"og:image:width\" content=\"500\" \/>\n\t<meta property=\"og:image:height\" content=\"336\" \/>\n\t<meta property=\"og:image:type\" content=\"image\/jpeg\" \/>\n<meta name=\"twitter:label1\" content=\"Gesch\u00e4tzte Lesezeit\" \/>\n\t<meta name=\"twitter:data1\" content=\"3\u00a0Minuten\" \/>\n<script type=\"application\/ld+json\" class=\"yoast-schema-graph\">{\"@context\":\"https:\\\/\\\/schema.org\",\"@graph\":[{\"@type\":\"WebPage\",\"@id\":\"https:\\\/\\\/bien-etreiris.ch\\\/de\\\/produktpraesentation\\\/aromatherapie\\\/kosmetisches-pflanzenoel\\\/macadamianussoel\\\/\",\"url\":\"https:\\\/\\\/bien-etreiris.ch\\\/de\\\/produktpraesentation\\\/aromatherapie\\\/kosmetisches-pflanzenoel\\\/macadamianussoel\\\/\",\"name\":\"MACADAMIANUSS\u00d6L - WOHLBEFINDEN\",\"isPartOf\":{\"@id\":\"https:\\\/\\\/bien-etreiris.ch\\\/de\\\/#website\"},\"primaryImageOfPage\":{\"@id\":\"https:\\\/\\\/bien-etreiris.ch\\\/de\\\/produktpraesentation\\\/aromatherapie\\\/kosmetisches-pflanzenoel\\\/macadamianussoel\\\/#primaryimage\"},\"image\":{\"@id\":\"https:\\\/\\\/bien-etreiris.ch\\\/de\\\/produktpraesentation\\\/aromatherapie\\\/kosmetisches-pflanzenoel\\\/macadamianussoel\\\/#primaryimage\"},\"thumbnailUrl\":\"https:\\\/\\\/bien-etreiris.ch\\\/wp-content\\\/uploads\\\/2021\\\/03\\\/acceuil-noix-de-macadamia.jpg\",\"datePublished\":\"2021-03-21T22:14:22+00:00\",\"dateModified\":\"2021-06-02T08:54:09+00:00\",\"breadcrumb\":{\"@id\":\"https:\\\/\\\/bien-etreiris.ch\\\/de\\\/produktpraesentation\\\/aromatherapie\\\/kosmetisches-pflanzenoel\\\/macadamianussoel\\\/#breadcrumb\"},\"inLanguage\":\"de\",\"potentialAction\":[{\"@type\":\"ReadAction\",\"target\":[\"https:\\\/\\\/bien-etreiris.ch\\\/de\\\/produktpraesentation\\\/aromatherapie\\\/kosmetisches-pflanzenoel\\\/macadamianussoel\\\/\"]}]},{\"@type\":\"ImageObject\",\"inLanguage\":\"de\",\"@id\":\"https:\\\/\\\/bien-etreiris.ch\\\/de\\\/produktpraesentation\\\/aromatherapie\\\/kosmetisches-pflanzenoel\\\/macadamianussoel\\\/#primaryimage\",\"url\":\"https:\\\/\\\/bien-etreiris.ch\\\/wp-content\\\/uploads\\\/2021\\\/03\\\/acceuil-noix-de-macadamia.jpg\",\"contentUrl\":\"https:\\\/\\\/bien-etreiris.ch\\\/wp-content\\\/uploads\\\/2021\\\/03\\\/acceuil-noix-de-macadamia.jpg\",\"width\":500,\"height\":336},{\"@type\":\"BreadcrumbList\",\"@id\":\"https:\\\/\\\/bien-etreiris.ch\\\/de\\\/produktpraesentation\\\/aromatherapie\\\/kosmetisches-pflanzenoel\\\/macadamianussoel\\\/#breadcrumb\",\"itemListElement\":[{\"@type\":\"ListItem\",\"position\":1,\"name\":\"Home\",\"item\":\"https:\\\/\\\/bien-etreiris.ch\\\/de\\\/\"},{\"@type\":\"ListItem\",\"position\":2,\"name\":\"PRODUKTPR\u00c4SENTATION\",\"item\":\"https:\\\/\\\/bien-etreiris.ch\\\/de\\\/produktpraesentation\\\/\"},{\"@type\":\"ListItem\",\"position\":3,\"name\":\"AROMATHERAPIE\",\"item\":\"https:\\\/\\\/bien-etreiris.ch\\\/de\\\/produktpraesentation\\\/aromatherapie\\\/\"},{\"@type\":\"ListItem\",\"position\":4,\"name\":\"PFLANZEN\u00d6L\",\"item\":\"https:\\\/\\\/bien-etreiris.ch\\\/de\\\/produktpraesentation\\\/aromatherapie\\\/kosmetisches-pflanzenoel\\\/\"},{\"@type\":\"ListItem\",\"position\":5,\"name\":\"MACADAMIANUSS\u00d6L\"}]},{\"@type\":\"WebSite\",\"@id\":\"https:\\\/\\\/bien-etreiris.ch\\\/de\\\/#website\",\"url\":\"https:\\\/\\\/bien-etreiris.ch\\\/de\\\/\",\"name\":\"Bien-\u00eatre Iris\",\"description\":\"IHRE Gesundheit ist uns wichtig\",\"potentialAction\":[{\"@type\":\"SearchAction\",\"target\":{\"@type\":\"EntryPoint\",\"urlTemplate\":\"https:\\\/\\\/bien-etreiris.ch\\\/de\\\/?s={search_term_string}\"},\"query-input\":{\"@type\":\"PropertyValueSpecification\",\"valueRequired\":true,\"valueName\":\"search_term_string\"}}],\"inLanguage\":\"de\"}]}<\/script>\n<!-- \/ Yoast SEO plugin. -->","yoast_head_json":{"title":"MACADAMIANUSS\u00d6L - WOHLBEFINDEN","robots":{"index":"index","follow":"follow","max-snippet":"max-snippet:-1","max-image-preview":"max-image-preview:large","max-video-preview":"max-video-preview:-1"},"canonical":"https:\/\/bien-etreiris.ch\/de\/produktpraesentation\/aromatherapie\/kosmetisches-pflanzenoel\/macadamianussoel\/","og_locale":"de_DE","og_type":"article","og_title":"MACADAMIANUSS\u00d6L - WOHLBEFINDEN","og_description":"&nbsp; &nbsp; 75 ml CHF 8.20 en vrac Nom botanique:&nbsp; Macadamia tetraphylla \/ intergrifolia 100 % naturelle et pur CH - BIO 006 &nbsp; &nbsp; &nbsp; L'huile lisse la peau et la prot\u00e8ge de la perte d'humidit\u00e9. Elle est bien tol\u00e9r\u00e9e par la peau en raison de ses acides gras. Sa teneur \u00e9lev\u00e9e en acide palmitol\u00e9ique prot\u00e8ge la peau des&nbsp;Weiter lesen","og_url":"https:\/\/bien-etreiris.ch\/de\/produktpraesentation\/aromatherapie\/kosmetisches-pflanzenoel\/macadamianussoel\/","og_site_name":"WOHLBEFINDEN","article_publisher":"https:\/\/www.facebook.com\/bienetreiris\/","article_modified_time":"2021-06-02T08:54:09+00:00","og_image":[{"width":500,"height":336,"url":"https:\/\/bien-etreiris.ch\/wp-content\/uploads\/2021\/03\/acceuil-noix-de-macadamia.jpg","type":"image\/jpeg"}],"twitter_misc":{"Gesch\u00e4tzte Lesezeit":"3\u00a0Minuten"},"schema":{"@context":"https:\/\/schema.org","@graph":[{"@type":"WebPage","@id":"https:\/\/bien-etreiris.ch\/de\/produktpraesentation\/aromatherapie\/kosmetisches-pflanzenoel\/macadamianussoel\/","url":"https:\/\/bien-etreiris.ch\/de\/produktpraesentation\/aromatherapie\/kosmetisches-pflanzenoel\/macadamianussoel\/","name":"MACADAMIANUSS\u00d6L - WOHLBEFINDEN","isPartOf":{"@id":"https:\/\/bien-etreiris.ch\/de\/#website"},"primaryImageOfPage":{"@id":"https:\/\/bien-etreiris.ch\/de\/produktpraesentation\/aromatherapie\/kosmetisches-pflanzenoel\/macadamianussoel\/#primaryimage"},"image":{"@id":"https:\/\/bien-etreiris.ch\/de\/produktpraesentation\/aromatherapie\/kosmetisches-pflanzenoel\/macadamianussoel\/#primaryimage"},"thumbnailUrl":"https:\/\/bien-etreiris.ch\/wp-content\/uploads\/2021\/03\/acceuil-noix-de-macadamia.jpg","datePublished":"2021-03-21T22:14:22+00:00","dateModified":"2021-06-02T08:54:09+00:00","breadcrumb":{"@id":"https:\/\/bien-etreiris.ch\/de\/produktpraesentation\/aromatherapie\/kosmetisches-pflanzenoel\/macadamianussoel\/#breadcrumb"},"inLanguage":"de","potentialAction":[{"@type":"ReadAction","target":["https:\/\/bien-etreiris.ch\/de\/produktpraesentation\/aromatherapie\/kosmetisches-pflanzenoel\/macadamianussoel\/"]}]},{"@type":"ImageObject","inLanguage":"de","@id":"https:\/\/bien-etreiris.ch\/de\/produktpraesentation\/aromatherapie\/kosmetisches-pflanzenoel\/macadamianussoel\/#primaryimage","url":"https:\/\/bien-etreiris.ch\/wp-content\/uploads\/2021\/03\/acceuil-noix-de-macadamia.jpg","contentUrl":"https:\/\/bien-etreiris.ch\/wp-content\/uploads\/2021\/03\/acceuil-noix-de-macadamia.jpg","width":500,"height":336},{"@type":"BreadcrumbList","@id":"https:\/\/bien-etreiris.ch\/de\/produktpraesentation\/aromatherapie\/kosmetisches-pflanzenoel\/macadamianussoel\/#breadcrumb","itemListElement":[{"@type":"ListItem","position":1,"name":"Home","item":"https:\/\/bien-etreiris.ch\/de\/"},{"@type":"ListItem","position":2,"name":"PRODUKTPR\u00c4SENTATION","item":"https:\/\/bien-etreiris.ch\/de\/produktpraesentation\/"},{"@type":"ListItem","position":3,"name":"AROMATHERAPIE","item":"https:\/\/bien-etreiris.ch\/de\/produktpraesentation\/aromatherapie\/"},{"@type":"ListItem","position":4,"name":"PFLANZEN\u00d6L","item":"https:\/\/bien-etreiris.ch\/de\/produktpraesentation\/aromatherapie\/kosmetisches-pflanzenoel\/"},{"@type":"ListItem","position":5,"name":"MACADAMIANUSS\u00d6L"}]},{"@type":"WebSite","@id":"https:\/\/bien-etreiris.ch\/de\/#website","url":"https:\/\/bien-etreiris.ch\/de\/","name":"Bien-\u00eatre Iris","description":"IHRE Gesundheit ist uns wichtig","potentialAction":[{"@type":"SearchAction","target":{"@type":"EntryPoint","urlTemplate":"https:\/\/bien-etreiris.ch\/de\/?s={search_term_string}"},"query-input":{"@type":"PropertyValueSpecification","valueRequired":true,"valueName":"search_term_string"}}],"inLanguage":"de"}]}},"_links":{"self":[{"href":"https:\/\/bien-etreiris.ch\/de\/wp-json\/wp\/v2\/pages\/40321","targetHints":{"allow":["GET"]}}],"collection":[{"href":"https:\/\/bien-etreiris.ch\/de\/wp-json\/wp\/v2\/pages"}],"about":[{"href":"https:\/\/bien-etreiris.ch\/de\/wp-json\/wp\/v2\/types\/page"}],"author":[{"embeddable":true,"href":"https:\/\/bien-etreiris.ch\/de\/wp-json\/wp\/v2\/users\/1"}],"replies":[{"embeddable":true,"href":"https:\/\/bien-etreiris.ch\/de\/wp-json\/wp\/v2\/comments?post=40321"}],"version-history":[{"count":3,"href":"https:\/\/bien-etreiris.ch\/de\/wp-json\/wp\/v2\/pages\/40321\/revisions"}],"predecessor-version":[{"id":48813,"href":"https:\/\/bien-etreiris.ch\/de\/wp-json\/wp\/v2\/pages\/40321\/revisions\/48813"}],"up":[{"embeddable":true,"href":"https:\/\/bien-etreiris.ch\/de\/wp-json\/wp\/v2\/pages\/40140"}],"wp:featuredmedia":[{"embeddable":true,"href":"https:\/\/bien-etreiris.ch\/de\/wp-json\/wp\/v2\/media\/41065"}],"wp:attachment":[{"href":"https:\/\/bien-etreiris.ch\/de\/wp-json\/wp\/v2\/media?parent=40321"}],"curies":[{"name":"wp","href":"https:\/\/api.w.org\/{rel}","templated":true}]}}