{"id":40309,"date":"2021-03-21T21:55:01","date_gmt":"2021-03-21T21:55:01","guid":{"rendered":"https:\/\/bien-etreiris.ch\/?page_id=40309"},"modified":"2021-06-02T11:04:21","modified_gmt":"2021-06-02T09:04:21","slug":"kokosnussoel","status":"publish","type":"page","link":"https:\/\/bien-etreiris.ch\/de\/produktpraesentation\/aromatherapie\/kosmetisches-pflanzenoel\/kokosnussoel\/","title":{"rendered":"KOKOSNUSS\u00d6L"},"content":{"rendered":"<h2>&nbsp;<\/h2>\n<p><a href=\"https:\/\/decoiris.ch\/wp-content\/uploads\/2019\/07\/Huile-de-noix-de-coco-BIO.png\"><img loading=\"lazy\" decoding=\"async\" class=\"wp-image-22893 alignleft\" src=\"https:\/\/decoiris.ch\/wp-content\/uploads\/2019\/07\/Huile-de-noix-de-coco-BIO-300x300.png\" sizes=\"auto, (max-width: 255px) 100vw, 255px\" srcset=\"https:\/\/decoiris.ch\/wp-content\/uploads\/2019\/07\/Huile-de-noix-de-coco-BIO-300x300.png 300w, https:\/\/decoiris.ch\/wp-content\/uploads\/2019\/07\/Huile-de-noix-de-coco-BIO-150x150.png 150w, https:\/\/decoiris.ch\/wp-content\/uploads\/2019\/07\/Huile-de-noix-de-coco-BIO-768x768.png 768w, https:\/\/decoiris.ch\/wp-content\/uploads\/2019\/07\/Huile-de-noix-de-coco-BIO.png 800w\" alt=\"\" width=\"255\" height=\"255\"><\/a><\/p>\n<p>&nbsp;<\/p>\n<p>&nbsp;<\/p>\n<p>&nbsp;<\/p>\n<p><strong>75 ml CHF 15.00<\/strong><\/p>\n<p><strong>100 ml CHF 8.00 en vrac<\/strong><\/p>\n<p>Nom botanique: <strong>&nbsp;<\/strong>Cocos nucifera<\/p>\n<p><strong>100 % naturelle et pur<\/strong><\/p>\n<p><strong>CH - BIO 006<\/strong><\/p>\n<h4>&nbsp;<\/h4>\n<p>&nbsp;<\/p>\n<p>&nbsp;<\/p>\n<p>&nbsp;<\/p>\n<p>L\u2019huile de cocotier est un solide cr\u00e9meux \u00e0 la temp\u00e9rature ambiante qui se liqu\u00e9fie \u00e0 des temp\u00e9ratures sup\u00e9rieures \u00e0 25 degr\u00e9s Celsius. L'huile est tr\u00e8s hydratante et rafra\u00eechissante.<\/p>\n<p><a href=\"https:\/\/decoiris.ch\/wp-content\/uploads\/2019\/08\/Noix-de-coco-Seitenbild.jpg\"><img loading=\"lazy\" decoding=\"async\" class=\"wp-image-24032 size-full alignleft\" src=\"https:\/\/decoiris.ch\/wp-content\/uploads\/2019\/08\/Noix-de-coco-Seitenbild.jpg\" sizes=\"auto, (max-width: 450px) 100vw, 450px\" srcset=\"https:\/\/decoiris.ch\/wp-content\/uploads\/2019\/08\/Noix-de-coco-Seitenbild.jpg 450w, https:\/\/decoiris.ch\/wp-content\/uploads\/2019\/08\/Noix-de-coco-Seitenbild-142x300.jpg 142w\" alt=\"\" width=\"450\" height=\"950\"><\/a><strong>Nom biologique<\/strong><br \/>\nCocos nucifera<\/p>\n<p><strong>Nettoyante et stabilisante<\/strong><\/p>\n<p>L'huile de coco pour la peau, v\u00e9ritable bien-\u00eatre sain, assure une protection durable contre la perte d'humidit\u00e9, p\u00e9n\u00e8tre rapidement et ne laisse pas de brillance grasse. Elle nettoie, rafra\u00eechit et apaise m\u00eame les peaux s\u00e9v\u00e8rement irrit\u00e9es. Elle stabilise les peaux particuli\u00e8rement exigeantes. L'huile de noix de coco a une influence positive sur la peau endommag\u00e9e par le soleil, les peaux impures ou les vergetures.<br \/>\nEn tant qu'huile de beaut\u00e9, elle neutralise les rides et la cellulite.<\/p>\n<p><strong>Ingr\u00e9dients sp\u00e9ciaux<\/strong><br \/>\nLe secret de l'huile de coco est l'acide l\u2019aurique, un acide gras \u00e0 cha\u00eene moyenne qui a un effet antimicrobien et qui affecte positivement le m\u00e9tabolisme de la peau. Les acides gras de l'huile de coco atteignent rapidement la couche corn\u00e9e profonde de la peau, ne laissent pas de graisse et garantissent une sensation de peau particuli\u00e8rement agr\u00e9able.<\/p>\n<p><strong>Application externe<\/strong><br \/>\nPour chaque peau et chaque cheveu. L'Ayurveda utilise traditionnellement de l'huile de coco pour le cuir chevelu et les cheveux.<\/p>\n<p><strong>Important \u00e0 savoir<\/strong><\/p>\n<p>Puisque l'huile de noix de coco se solidifie \u00e0 la temp\u00e9rature ambiante, laissez-la se liqu\u00e9fier dans un bain d'eau chaude avant utilisation.<\/p>\n<p><strong>Pays d'origine<\/strong><br \/>\nPhilippines<\/p>\n<p><strong>R\u00e9cup\u00e9ration<\/strong><br \/>\n100% de pulpe de noix de coco biologique press\u00e9e \u00e0 froid<\/p>\n<p><strong>Prix<\/strong><\/p>\n<p>&nbsp;&nbsp;100 ml CHF 15.00<\/p>\n<p>1000 ml CHF 80.00<\/p>\n","protected":false},"excerpt":{"rendered":"<p>&nbsp; &nbsp; &nbsp; &nbsp; 75 ml CHF 15.00 100 ml CHF 8.00 en vrac Nom botanique: &nbsp;Cocos nucifera 100 % naturelle et pur CH - BIO 006 &nbsp; &nbsp; &nbsp; &nbsp; L\u2019huile de cocotier est un solide cr\u00e9meux \u00e0 la temp\u00e9rature ambiante qui se liqu\u00e9fie \u00e0 des temp\u00e9ratures sup\u00e9rieures \u00e0 25 degr\u00e9s Celsius. L'huile est tr\u00e8s hydratante et rafra\u00eechissante. Nom&nbsp;<a href=\"https:\/\/bien-etreiris.ch\/de\/produktpraesentation\/aromatherapie\/kosmetisches-pflanzenoel\/kokosnussoel\/\" class=\"read-more\">Weiter lesen<\/a><\/p>\n","protected":false},"author":1,"featured_media":41059,"parent":40125,"menu_order":6221,"comment_status":"closed","ping_status":"closed","template":"page-with-child.php","meta":{"_acf_changed":false,"ngg_post_thumbnail":0,"footnotes":""},"class_list":["post-40309","page","type-page","status-publish","has-post-thumbnail","hentry"],"acf":[],"yoast_head":"<!-- This site is optimized with the Yoast SEO plugin v27.6 - https:\/\/yoast.com\/product\/yoast-seo-wordpress\/ -->\n<title>KOKOSNUSS\u00d6L - WOHLBEFINDEN<\/title>\n<meta name=\"robots\" content=\"index, follow, max-snippet:-1, max-image-preview:large, max-video-preview:-1\" \/>\n<link rel=\"canonical\" href=\"https:\/\/bien-etreiris.ch\/de\/produktpraesentation\/aromatherapie\/kosmetisches-pflanzenoel\/kokosnussoel\/\" \/>\n<meta property=\"og:locale\" content=\"de_DE\" \/>\n<meta property=\"og:type\" content=\"article\" \/>\n<meta property=\"og:title\" content=\"KOKOSNUSS\u00d6L - WOHLBEFINDEN\" \/>\n<meta property=\"og:description\" content=\"&nbsp; &nbsp; &nbsp; &nbsp; 75 ml CHF 15.00 100 ml CHF 8.00 en vrac Nom botanique: &nbsp;Cocos nucifera 100 % naturelle et pur CH - BIO 006 &nbsp; &nbsp; &nbsp; &nbsp; L\u2019huile de cocotier est un solide cr\u00e9meux \u00e0 la temp\u00e9rature ambiante qui se liqu\u00e9fie \u00e0 des temp\u00e9ratures sup\u00e9rieures \u00e0 25 degr\u00e9s Celsius. L&#039;huile est tr\u00e8s hydratante et rafra\u00eechissante. Nom&nbsp;Weiter lesen\" \/>\n<meta property=\"og:url\" content=\"https:\/\/bien-etreiris.ch\/de\/produktpraesentation\/aromatherapie\/kosmetisches-pflanzenoel\/kokosnussoel\/\" \/>\n<meta property=\"og:site_name\" content=\"WOHLBEFINDEN\" \/>\n<meta property=\"article:publisher\" content=\"https:\/\/www.facebook.com\/bienetreiris\/\" \/>\n<meta property=\"article:modified_time\" content=\"2021-06-02T09:04:21+00:00\" \/>\n<meta property=\"og:image\" content=\"https:\/\/bien-etreiris.ch\/wp-content\/uploads\/2021\/03\/acceuil-de-noix-de-coco.jpg\" \/>\n\t<meta property=\"og:image:width\" content=\"500\" \/>\n\t<meta property=\"og:image:height\" content=\"333\" \/>\n\t<meta property=\"og:image:type\" content=\"image\/jpeg\" \/>\n<meta name=\"twitter:label1\" content=\"Gesch\u00e4tzte Lesezeit\" \/>\n\t<meta name=\"twitter:data1\" content=\"2\u00a0Minuten\" \/>\n<script type=\"application\/ld+json\" class=\"yoast-schema-graph\">{\"@context\":\"https:\\\/\\\/schema.org\",\"@graph\":[{\"@type\":\"WebPage\",\"@id\":\"https:\\\/\\\/bien-etreiris.ch\\\/de\\\/produktpraesentation\\\/aromatherapie\\\/kosmetisches-pflanzenoel\\\/kokosnussoel\\\/\",\"url\":\"https:\\\/\\\/bien-etreiris.ch\\\/de\\\/produktpraesentation\\\/aromatherapie\\\/kosmetisches-pflanzenoel\\\/kokosnussoel\\\/\",\"name\":\"KOKOSNUSS\u00d6L - WOHLBEFINDEN\",\"isPartOf\":{\"@id\":\"https:\\\/\\\/bien-etreiris.ch\\\/de\\\/#website\"},\"primaryImageOfPage\":{\"@id\":\"https:\\\/\\\/bien-etreiris.ch\\\/de\\\/produktpraesentation\\\/aromatherapie\\\/kosmetisches-pflanzenoel\\\/kokosnussoel\\\/#primaryimage\"},\"image\":{\"@id\":\"https:\\\/\\\/bien-etreiris.ch\\\/de\\\/produktpraesentation\\\/aromatherapie\\\/kosmetisches-pflanzenoel\\\/kokosnussoel\\\/#primaryimage\"},\"thumbnailUrl\":\"https:\\\/\\\/bien-etreiris.ch\\\/wp-content\\\/uploads\\\/2021\\\/03\\\/acceuil-de-noix-de-coco.jpg\",\"datePublished\":\"2021-03-21T21:55:01+00:00\",\"dateModified\":\"2021-06-02T09:04:21+00:00\",\"breadcrumb\":{\"@id\":\"https:\\\/\\\/bien-etreiris.ch\\\/de\\\/produktpraesentation\\\/aromatherapie\\\/kosmetisches-pflanzenoel\\\/kokosnussoel\\\/#breadcrumb\"},\"inLanguage\":\"de\",\"potentialAction\":[{\"@type\":\"ReadAction\",\"target\":[\"https:\\\/\\\/bien-etreiris.ch\\\/de\\\/produktpraesentation\\\/aromatherapie\\\/kosmetisches-pflanzenoel\\\/kokosnussoel\\\/\"]}]},{\"@type\":\"ImageObject\",\"inLanguage\":\"de\",\"@id\":\"https:\\\/\\\/bien-etreiris.ch\\\/de\\\/produktpraesentation\\\/aromatherapie\\\/kosmetisches-pflanzenoel\\\/kokosnussoel\\\/#primaryimage\",\"url\":\"https:\\\/\\\/bien-etreiris.ch\\\/wp-content\\\/uploads\\\/2021\\\/03\\\/acceuil-de-noix-de-coco.jpg\",\"contentUrl\":\"https:\\\/\\\/bien-etreiris.ch\\\/wp-content\\\/uploads\\\/2021\\\/03\\\/acceuil-de-noix-de-coco.jpg\",\"width\":500,\"height\":333},{\"@type\":\"BreadcrumbList\",\"@id\":\"https:\\\/\\\/bien-etreiris.ch\\\/de\\\/produktpraesentation\\\/aromatherapie\\\/kosmetisches-pflanzenoel\\\/kokosnussoel\\\/#breadcrumb\",\"itemListElement\":[{\"@type\":\"ListItem\",\"position\":1,\"name\":\"Home\",\"item\":\"https:\\\/\\\/bien-etreiris.ch\\\/de\\\/\"},{\"@type\":\"ListItem\",\"position\":2,\"name\":\"PRODUKTPR\u00c4SENTATION\",\"item\":\"https:\\\/\\\/bien-etreiris.ch\\\/de\\\/produktpraesentation\\\/\"},{\"@type\":\"ListItem\",\"position\":3,\"name\":\"AROMATHERAPIE\",\"item\":\"https:\\\/\\\/bien-etreiris.ch\\\/de\\\/produktpraesentation\\\/aromatherapie\\\/\"},{\"@type\":\"ListItem\",\"position\":4,\"name\":\"PFLANZEN\u00d6L\",\"item\":\"https:\\\/\\\/bien-etreiris.ch\\\/de\\\/produktpraesentation\\\/aromatherapie\\\/kosmetisches-pflanzenoel\\\/\"},{\"@type\":\"ListItem\",\"position\":5,\"name\":\"KOKOSNUSS\u00d6L\"}]},{\"@type\":\"WebSite\",\"@id\":\"https:\\\/\\\/bien-etreiris.ch\\\/de\\\/#website\",\"url\":\"https:\\\/\\\/bien-etreiris.ch\\\/de\\\/\",\"name\":\"Bien-\u00eatre Iris\",\"description\":\"IHRE Gesundheit ist uns wichtig\",\"potentialAction\":[{\"@type\":\"SearchAction\",\"target\":{\"@type\":\"EntryPoint\",\"urlTemplate\":\"https:\\\/\\\/bien-etreiris.ch\\\/de\\\/?s={search_term_string}\"},\"query-input\":{\"@type\":\"PropertyValueSpecification\",\"valueRequired\":true,\"valueName\":\"search_term_string\"}}],\"inLanguage\":\"de\"}]}<\/script>\n<!-- \/ Yoast SEO plugin. -->","yoast_head_json":{"title":"KOKOSNUSS\u00d6L - WOHLBEFINDEN","robots":{"index":"index","follow":"follow","max-snippet":"max-snippet:-1","max-image-preview":"max-image-preview:large","max-video-preview":"max-video-preview:-1"},"canonical":"https:\/\/bien-etreiris.ch\/de\/produktpraesentation\/aromatherapie\/kosmetisches-pflanzenoel\/kokosnussoel\/","og_locale":"de_DE","og_type":"article","og_title":"KOKOSNUSS\u00d6L - WOHLBEFINDEN","og_description":"&nbsp; &nbsp; &nbsp; &nbsp; 75 ml CHF 15.00 100 ml CHF 8.00 en vrac Nom botanique: &nbsp;Cocos nucifera 100 % naturelle et pur CH - BIO 006 &nbsp; &nbsp; &nbsp; &nbsp; L\u2019huile de cocotier est un solide cr\u00e9meux \u00e0 la temp\u00e9rature ambiante qui se liqu\u00e9fie \u00e0 des temp\u00e9ratures sup\u00e9rieures \u00e0 25 degr\u00e9s Celsius. L'huile est tr\u00e8s hydratante et rafra\u00eechissante. Nom&nbsp;Weiter lesen","og_url":"https:\/\/bien-etreiris.ch\/de\/produktpraesentation\/aromatherapie\/kosmetisches-pflanzenoel\/kokosnussoel\/","og_site_name":"WOHLBEFINDEN","article_publisher":"https:\/\/www.facebook.com\/bienetreiris\/","article_modified_time":"2021-06-02T09:04:21+00:00","og_image":[{"width":500,"height":333,"url":"https:\/\/bien-etreiris.ch\/wp-content\/uploads\/2021\/03\/acceuil-de-noix-de-coco.jpg","type":"image\/jpeg"}],"twitter_misc":{"Gesch\u00e4tzte Lesezeit":"2\u00a0Minuten"},"schema":{"@context":"https:\/\/schema.org","@graph":[{"@type":"WebPage","@id":"https:\/\/bien-etreiris.ch\/de\/produktpraesentation\/aromatherapie\/kosmetisches-pflanzenoel\/kokosnussoel\/","url":"https:\/\/bien-etreiris.ch\/de\/produktpraesentation\/aromatherapie\/kosmetisches-pflanzenoel\/kokosnussoel\/","name":"KOKOSNUSS\u00d6L - WOHLBEFINDEN","isPartOf":{"@id":"https:\/\/bien-etreiris.ch\/de\/#website"},"primaryImageOfPage":{"@id":"https:\/\/bien-etreiris.ch\/de\/produktpraesentation\/aromatherapie\/kosmetisches-pflanzenoel\/kokosnussoel\/#primaryimage"},"image":{"@id":"https:\/\/bien-etreiris.ch\/de\/produktpraesentation\/aromatherapie\/kosmetisches-pflanzenoel\/kokosnussoel\/#primaryimage"},"thumbnailUrl":"https:\/\/bien-etreiris.ch\/wp-content\/uploads\/2021\/03\/acceuil-de-noix-de-coco.jpg","datePublished":"2021-03-21T21:55:01+00:00","dateModified":"2021-06-02T09:04:21+00:00","breadcrumb":{"@id":"https:\/\/bien-etreiris.ch\/de\/produktpraesentation\/aromatherapie\/kosmetisches-pflanzenoel\/kokosnussoel\/#breadcrumb"},"inLanguage":"de","potentialAction":[{"@type":"ReadAction","target":["https:\/\/bien-etreiris.ch\/de\/produktpraesentation\/aromatherapie\/kosmetisches-pflanzenoel\/kokosnussoel\/"]}]},{"@type":"ImageObject","inLanguage":"de","@id":"https:\/\/bien-etreiris.ch\/de\/produktpraesentation\/aromatherapie\/kosmetisches-pflanzenoel\/kokosnussoel\/#primaryimage","url":"https:\/\/bien-etreiris.ch\/wp-content\/uploads\/2021\/03\/acceuil-de-noix-de-coco.jpg","contentUrl":"https:\/\/bien-etreiris.ch\/wp-content\/uploads\/2021\/03\/acceuil-de-noix-de-coco.jpg","width":500,"height":333},{"@type":"BreadcrumbList","@id":"https:\/\/bien-etreiris.ch\/de\/produktpraesentation\/aromatherapie\/kosmetisches-pflanzenoel\/kokosnussoel\/#breadcrumb","itemListElement":[{"@type":"ListItem","position":1,"name":"Home","item":"https:\/\/bien-etreiris.ch\/de\/"},{"@type":"ListItem","position":2,"name":"PRODUKTPR\u00c4SENTATION","item":"https:\/\/bien-etreiris.ch\/de\/produktpraesentation\/"},{"@type":"ListItem","position":3,"name":"AROMATHERAPIE","item":"https:\/\/bien-etreiris.ch\/de\/produktpraesentation\/aromatherapie\/"},{"@type":"ListItem","position":4,"name":"PFLANZEN\u00d6L","item":"https:\/\/bien-etreiris.ch\/de\/produktpraesentation\/aromatherapie\/kosmetisches-pflanzenoel\/"},{"@type":"ListItem","position":5,"name":"KOKOSNUSS\u00d6L"}]},{"@type":"WebSite","@id":"https:\/\/bien-etreiris.ch\/de\/#website","url":"https:\/\/bien-etreiris.ch\/de\/","name":"Bien-\u00eatre Iris","description":"IHRE Gesundheit ist uns wichtig","potentialAction":[{"@type":"SearchAction","target":{"@type":"EntryPoint","urlTemplate":"https:\/\/bien-etreiris.ch\/de\/?s={search_term_string}"},"query-input":{"@type":"PropertyValueSpecification","valueRequired":true,"valueName":"search_term_string"}}],"inLanguage":"de"}]}},"_links":{"self":[{"href":"https:\/\/bien-etreiris.ch\/de\/wp-json\/wp\/v2\/pages\/40309","targetHints":{"allow":["GET"]}}],"collection":[{"href":"https:\/\/bien-etreiris.ch\/de\/wp-json\/wp\/v2\/pages"}],"about":[{"href":"https:\/\/bien-etreiris.ch\/de\/wp-json\/wp\/v2\/types\/page"}],"author":[{"embeddable":true,"href":"https:\/\/bien-etreiris.ch\/de\/wp-json\/wp\/v2\/users\/1"}],"replies":[{"embeddable":true,"href":"https:\/\/bien-etreiris.ch\/de\/wp-json\/wp\/v2\/comments?post=40309"}],"version-history":[{"count":4,"href":"https:\/\/bien-etreiris.ch\/de\/wp-json\/wp\/v2\/pages\/40309\/revisions"}],"predecessor-version":[{"id":48819,"href":"https:\/\/bien-etreiris.ch\/de\/wp-json\/wp\/v2\/pages\/40309\/revisions\/48819"}],"up":[{"embeddable":true,"href":"https:\/\/bien-etreiris.ch\/de\/wp-json\/wp\/v2\/pages\/40125"}],"wp:featuredmedia":[{"embeddable":true,"href":"https:\/\/bien-etreiris.ch\/de\/wp-json\/wp\/v2\/media\/41059"}],"wp:attachment":[{"href":"https:\/\/bien-etreiris.ch\/de\/wp-json\/wp\/v2\/media?parent=40309"}],"curies":[{"name":"wp","href":"https:\/\/api.w.org\/{rel}","templated":true}]}}