{"id":40294,"date":"2021-03-21T21:40:16","date_gmt":"2021-03-21T21:40:16","guid":{"rendered":"https:\/\/bien-etreiris.ch\/?page_id=40294"},"modified":"2021-06-02T11:00:12","modified_gmt":"2021-06-02T09:00:12","slug":"johanniskrautoel","status":"publish","type":"page","link":"https:\/\/bien-etreiris.ch\/de\/produktpraesentation\/aromatherapie\/macerat\/johanniskrautoel\/","title":{"rendered":"JOHANNISKRAUT\u00d6L"},"content":{"rendered":"<h2>&nbsp;<\/h2>\n<p><a href=\"https:\/\/decoiris.ch\/wp-content\/uploads\/2019\/07\/huile-de-milleperduis-BIO.png\"><img loading=\"lazy\" decoding=\"async\" class=\"wp-image-22890 alignleft\" src=\"https:\/\/decoiris.ch\/wp-content\/uploads\/2019\/07\/huile-de-milleperduis-BIO-300x300.png\" sizes=\"auto, (max-width: 255px) 100vw, 255px\" srcset=\"https:\/\/decoiris.ch\/wp-content\/uploads\/2019\/07\/huile-de-milleperduis-BIO-300x300.png 300w, https:\/\/decoiris.ch\/wp-content\/uploads\/2019\/07\/huile-de-milleperduis-BIO-150x150.png 150w, https:\/\/decoiris.ch\/wp-content\/uploads\/2019\/07\/huile-de-milleperduis-BIO-768x768.png 768w, https:\/\/decoiris.ch\/wp-content\/uploads\/2019\/07\/huile-de-milleperduis-BIO.png 800w\" alt=\"\" width=\"255\" height=\"255\"><\/a><\/p>\n<p>&nbsp;<\/p>\n<p>&nbsp;<\/p>\n<p><strong>100 ml CHF 9.50 en vrac<br \/>\n<\/strong><\/p>\n<p>Nom botanique: <strong>&nbsp;<\/strong> Hypericum perforatum<\/p>\n<p><strong>100 % naturelle et pur<\/strong><\/p>\n<p><strong>CH - BIO 006<\/strong><\/p>\n<h4>&nbsp;<\/h4>\n<p>&nbsp;<\/p>\n<p>&nbsp;<\/p>\n<p>L'extrait d'huile de millepertuis fleurit dans de l'huile d'olive certifi\u00e9e biologique. L'huile de millepertuis est connue depuis longtemps comme un rem\u00e8de maison.<\/p>\n<p>&nbsp;<\/p>\n<p><a href=\"https:\/\/decoiris.ch\/wp-content\/uploads\/2019\/08\/Millepertuis.jpg\"><img loading=\"lazy\" decoding=\"async\" class=\"alignleft wp-image-23987 size-medium\" src=\"https:\/\/decoiris.ch\/wp-content\/uploads\/2019\/08\/Millepertuis-142x300.jpg\" sizes=\"auto, (max-width: 450px) 100vw, 450px\" srcset=\"https:\/\/decoiris.ch\/wp-content\/uploads\/2019\/08\/Millepertuis.jpg 450w, https:\/\/decoiris.ch\/wp-content\/uploads\/2019\/08\/Millepertuis-142x300.jpg 142w\" alt=\"\" width=\"142\" height=\"300\"><\/a><strong>Non botanique<\/strong><\/p>\n<p>Hypericum perforatum<\/p>\n<p><strong><br \/>\nRelaxante et tonifiante<\/strong><br \/>\nL'huile de millepertuis est une huile tr\u00e8s pr\u00e9cieuse. C'est une mac\u00e9ration (extrait) des fleurs de la plante m\u00e9dicinale \u00e0 l'huile d'olive. L'huile chauffante a un effet anticonvulsivant sur les muscles et p\u00e9n\u00e8tre profond\u00e9ment en massant, ce qui lui conf\u00e8re un pouvoir particuli\u00e8rement efficace, fortifiant et \u00e9claircissant. De plus, l'huile nourrit et apaise les peaux sensibles \u00e0 probl\u00e8mes. Elle est souvent utilis\u00e9e dans les soins prodigu\u00e9s aux personnes \u00e2g\u00e9es.<\/p>\n<p><strong>Ingr\u00e9dients sp\u00e9ciaux<\/strong><br \/>\nLes ingr\u00e9dients principaux du millepertuis, l'hypericin\u00e9e et l'hyperforine sont responsables de l'efficacit\u00e9 th\u00e9rapeutique au sens large.<\/p>\n<p><strong>Application externe<\/strong><br \/>\nConvienne \u00e0 toutes les peaux elle peut \u00eatre appliqu\u00e9e g\u00e9n\u00e9reusement los des massages. Peut \u00e9galement \u00eatre appliqu\u00e9e doucement sur la colonne vert\u00e9brale (m\u00e9thode Breuss), de sorte que la propri\u00e9t\u00e9 nourrissante du disque intervert\u00e9bral ait l\u2019effet escompt\u00e9.<\/p>\n<p><strong>Important !<\/strong><\/p>\n<p>Le millepertuis est facilement photosensibilisant, il doit \u00eatre pris quelques heures apr\u00e8s l'application, pas de bronzage.<\/p>\n<p><strong>Pays d'origine<\/strong><br \/>\nFrance<\/p>\n<p><strong>R\u00e9cup\u00e9ration<\/strong><br \/>\nMac\u00e9ration de :<\/p>\n<p>Olea Europea (Olive) Huile de fruit, extrait de fleur d'hypericum perforatum<\/p>\n<p><strong>Quantit\u00e9s<\/strong><br \/>\n75 ml et 1000 ml<\/p>\n<p><strong>Prix<\/strong><\/p>\n<p>&nbsp;&nbsp;&nbsp; 75 ml CHF&nbsp; &nbsp;9.70<\/p>\n<p>1000 ml CHF 95.00<\/p>\n<p><strong>Int\u00e9ressant \u00e0 savoir<\/strong><br \/>\nLes fleurs de millepertuis fra\u00eechement cueillies sont plac\u00e9es dans de l'huile d'olive, conserv\u00e9es dans une bouteille en verre, et expos\u00e9e au soleil pendant trois \u00e0 quatre semaines. Pendant ce temps, l'huile extrait les ingr\u00e9dients actifs des fleurs et devienne d\u2019une couleur rouge rubis. Particuli\u00e8rement lors de journ\u00e9es froides et mates, l\u2019huile procure une sensation de chaleur \u00e9voquant le soleil sur la peau.<\/p>\n","protected":false},"excerpt":{"rendered":"<p>&nbsp; &nbsp; &nbsp; 100 ml CHF 9.50 en vrac Nom botanique: &nbsp; Hypericum perforatum 100 % naturelle et pur CH - BIO 006 &nbsp; &nbsp; &nbsp; L'extrait d'huile de millepertuis fleurit dans de l'huile d'olive certifi\u00e9e biologique. L'huile de millepertuis est connue depuis longtemps comme un rem\u00e8de maison. &nbsp; Non botanique Hypericum perforatum Relaxante et tonifiante L'huile de millepertuis est&nbsp;<a href=\"https:\/\/bien-etreiris.ch\/de\/produktpraesentation\/aromatherapie\/macerat\/johanniskrautoel\/\" class=\"read-more\">Weiter lesen<\/a><\/p>\n","protected":false},"author":1,"featured_media":41099,"parent":67603,"menu_order":6224,"comment_status":"closed","ping_status":"closed","template":"page-with-child.php","meta":{"_acf_changed":false,"ngg_post_thumbnail":0,"footnotes":""},"class_list":["post-40294","page","type-page","status-publish","has-post-thumbnail","hentry"],"acf":[],"yoast_head":"<!-- This site is optimized with the Yoast SEO plugin v27.5 - https:\/\/yoast.com\/product\/yoast-seo-wordpress\/ -->\n<title>JOHANNISKRAUT\u00d6L - WOHLBEFINDEN<\/title>\n<meta name=\"robots\" content=\"index, follow, max-snippet:-1, max-image-preview:large, max-video-preview:-1\" \/>\n<link rel=\"canonical\" href=\"https:\/\/bien-etreiris.ch\/de\/produktpraesentation\/aromatherapie\/kosmetisches-pflanzenoel\/johanniskrautoel\/\" \/>\n<meta property=\"og:locale\" content=\"de_DE\" \/>\n<meta property=\"og:type\" content=\"article\" \/>\n<meta property=\"og:title\" content=\"JOHANNISKRAUT\u00d6L - WOHLBEFINDEN\" \/>\n<meta property=\"og:description\" content=\"&nbsp; &nbsp; &nbsp; 100 ml CHF 9.50 en vrac Nom botanique: &nbsp; Hypericum perforatum 100 % naturelle et pur CH - BIO 006 &nbsp; &nbsp; &nbsp; L&#039;extrait d&#039;huile de millepertuis fleurit dans de l&#039;huile d&#039;olive certifi\u00e9e biologique. L&#039;huile de millepertuis est connue depuis longtemps comme un rem\u00e8de maison. &nbsp; Non botanique Hypericum perforatum Relaxante et tonifiante L&#039;huile de millepertuis est&nbsp;Weiter lesen\" \/>\n<meta property=\"og:url\" content=\"https:\/\/bien-etreiris.ch\/de\/produktpraesentation\/aromatherapie\/kosmetisches-pflanzenoel\/johanniskrautoel\/\" \/>\n<meta property=\"og:site_name\" content=\"WOHLBEFINDEN\" \/>\n<meta property=\"article:publisher\" content=\"https:\/\/www.facebook.com\/bienetreiris\/\" \/>\n<meta property=\"article:modified_time\" content=\"2021-06-02T09:00:12+00:00\" \/>\n<meta property=\"og:image\" content=\"https:\/\/bien-etreiris.ch\/wp-content\/uploads\/2021\/03\/acceuil-millepertuis.jpg\" \/>\n\t<meta property=\"og:image:width\" content=\"500\" \/>\n\t<meta property=\"og:image:height\" content=\"325\" \/>\n\t<meta property=\"og:image:type\" content=\"image\/jpeg\" \/>\n<meta name=\"twitter:label1\" content=\"Gesch\u00e4tzte Lesezeit\" \/>\n\t<meta name=\"twitter:data1\" content=\"2\u00a0Minuten\" \/>\n<script type=\"application\/ld+json\" class=\"yoast-schema-graph\">{\"@context\":\"https:\\\/\\\/schema.org\",\"@graph\":[{\"@type\":\"WebPage\",\"@id\":\"https:\\\/\\\/bien-etreiris.ch\\\/de\\\/produktpraesentation\\\/aromatherapie\\\/kosmetisches-pflanzenoel\\\/johanniskrautoel\\\/\",\"url\":\"https:\\\/\\\/bien-etreiris.ch\\\/de\\\/produktpraesentation\\\/aromatherapie\\\/kosmetisches-pflanzenoel\\\/johanniskrautoel\\\/\",\"name\":\"JOHANNISKRAUT\u00d6L - WOHLBEFINDEN\",\"isPartOf\":{\"@id\":\"https:\\\/\\\/bien-etreiris.ch\\\/de\\\/#website\"},\"primaryImageOfPage\":{\"@id\":\"https:\\\/\\\/bien-etreiris.ch\\\/de\\\/produktpraesentation\\\/aromatherapie\\\/kosmetisches-pflanzenoel\\\/johanniskrautoel\\\/#primaryimage\"},\"image\":{\"@id\":\"https:\\\/\\\/bien-etreiris.ch\\\/de\\\/produktpraesentation\\\/aromatherapie\\\/kosmetisches-pflanzenoel\\\/johanniskrautoel\\\/#primaryimage\"},\"thumbnailUrl\":\"https:\\\/\\\/bien-etreiris.ch\\\/wp-content\\\/uploads\\\/2021\\\/03\\\/acceuil-millepertuis.jpg\",\"datePublished\":\"2021-03-21T21:40:16+00:00\",\"dateModified\":\"2021-06-02T09:00:12+00:00\",\"breadcrumb\":{\"@id\":\"https:\\\/\\\/bien-etreiris.ch\\\/de\\\/produktpraesentation\\\/aromatherapie\\\/kosmetisches-pflanzenoel\\\/johanniskrautoel\\\/#breadcrumb\"},\"inLanguage\":\"de\",\"potentialAction\":[{\"@type\":\"ReadAction\",\"target\":[\"https:\\\/\\\/bien-etreiris.ch\\\/de\\\/produktpraesentation\\\/aromatherapie\\\/kosmetisches-pflanzenoel\\\/johanniskrautoel\\\/\"]}]},{\"@type\":\"ImageObject\",\"inLanguage\":\"de\",\"@id\":\"https:\\\/\\\/bien-etreiris.ch\\\/de\\\/produktpraesentation\\\/aromatherapie\\\/kosmetisches-pflanzenoel\\\/johanniskrautoel\\\/#primaryimage\",\"url\":\"https:\\\/\\\/bien-etreiris.ch\\\/wp-content\\\/uploads\\\/2021\\\/03\\\/acceuil-millepertuis.jpg\",\"contentUrl\":\"https:\\\/\\\/bien-etreiris.ch\\\/wp-content\\\/uploads\\\/2021\\\/03\\\/acceuil-millepertuis.jpg\",\"width\":500,\"height\":325},{\"@type\":\"BreadcrumbList\",\"@id\":\"https:\\\/\\\/bien-etreiris.ch\\\/de\\\/produktpraesentation\\\/aromatherapie\\\/kosmetisches-pflanzenoel\\\/johanniskrautoel\\\/#breadcrumb\",\"itemListElement\":[{\"@type\":\"ListItem\",\"position\":1,\"name\":\"Home\",\"item\":\"https:\\\/\\\/bien-etreiris.ch\\\/de\\\/\"},{\"@type\":\"ListItem\",\"position\":2,\"name\":\"PRODUKTPR\u00c4SENTATION\",\"item\":\"https:\\\/\\\/bien-etreiris.ch\\\/de\\\/produktpraesentation\\\/\"},{\"@type\":\"ListItem\",\"position\":3,\"name\":\"AROMATHERAPIE\",\"item\":\"https:\\\/\\\/bien-etreiris.ch\\\/de\\\/produktpraesentation\\\/aromatherapie\\\/\"},{\"@type\":\"ListItem\",\"position\":4,\"name\":\"PFLANZEN\u00d6L\",\"item\":\"https:\\\/\\\/bien-etreiris.ch\\\/de\\\/produktpraesentation\\\/aromatherapie\\\/kosmetisches-pflanzenoel\\\/\"},{\"@type\":\"ListItem\",\"position\":5,\"name\":\"JOHANNISKRAUT\u00d6L\"}]},{\"@type\":\"WebSite\",\"@id\":\"https:\\\/\\\/bien-etreiris.ch\\\/de\\\/#website\",\"url\":\"https:\\\/\\\/bien-etreiris.ch\\\/de\\\/\",\"name\":\"Bien-\u00eatre Iris\",\"description\":\"IHRE Gesundheit ist uns wichtig\",\"potentialAction\":[{\"@type\":\"SearchAction\",\"target\":{\"@type\":\"EntryPoint\",\"urlTemplate\":\"https:\\\/\\\/bien-etreiris.ch\\\/de\\\/?s={search_term_string}\"},\"query-input\":{\"@type\":\"PropertyValueSpecification\",\"valueRequired\":true,\"valueName\":\"search_term_string\"}}],\"inLanguage\":\"de\"}]}<\/script>\n<!-- \/ Yoast SEO plugin. -->","yoast_head_json":{"title":"JOHANNISKRAUT\u00d6L - WOHLBEFINDEN","robots":{"index":"index","follow":"follow","max-snippet":"max-snippet:-1","max-image-preview":"max-image-preview:large","max-video-preview":"max-video-preview:-1"},"canonical":"https:\/\/bien-etreiris.ch\/de\/produktpraesentation\/aromatherapie\/kosmetisches-pflanzenoel\/johanniskrautoel\/","og_locale":"de_DE","og_type":"article","og_title":"JOHANNISKRAUT\u00d6L - WOHLBEFINDEN","og_description":"&nbsp; &nbsp; &nbsp; 100 ml CHF 9.50 en vrac Nom botanique: &nbsp; Hypericum perforatum 100 % naturelle et pur CH - BIO 006 &nbsp; &nbsp; &nbsp; L'extrait d'huile de millepertuis fleurit dans de l'huile d'olive certifi\u00e9e biologique. L'huile de millepertuis est connue depuis longtemps comme un rem\u00e8de maison. &nbsp; Non botanique Hypericum perforatum Relaxante et tonifiante L'huile de millepertuis est&nbsp;Weiter lesen","og_url":"https:\/\/bien-etreiris.ch\/de\/produktpraesentation\/aromatherapie\/kosmetisches-pflanzenoel\/johanniskrautoel\/","og_site_name":"WOHLBEFINDEN","article_publisher":"https:\/\/www.facebook.com\/bienetreiris\/","article_modified_time":"2021-06-02T09:00:12+00:00","og_image":[{"width":500,"height":325,"url":"https:\/\/bien-etreiris.ch\/wp-content\/uploads\/2021\/03\/acceuil-millepertuis.jpg","type":"image\/jpeg"}],"twitter_misc":{"Gesch\u00e4tzte Lesezeit":"2\u00a0Minuten"},"schema":{"@context":"https:\/\/schema.org","@graph":[{"@type":"WebPage","@id":"https:\/\/bien-etreiris.ch\/de\/produktpraesentation\/aromatherapie\/kosmetisches-pflanzenoel\/johanniskrautoel\/","url":"https:\/\/bien-etreiris.ch\/de\/produktpraesentation\/aromatherapie\/kosmetisches-pflanzenoel\/johanniskrautoel\/","name":"JOHANNISKRAUT\u00d6L - WOHLBEFINDEN","isPartOf":{"@id":"https:\/\/bien-etreiris.ch\/de\/#website"},"primaryImageOfPage":{"@id":"https:\/\/bien-etreiris.ch\/de\/produktpraesentation\/aromatherapie\/kosmetisches-pflanzenoel\/johanniskrautoel\/#primaryimage"},"image":{"@id":"https:\/\/bien-etreiris.ch\/de\/produktpraesentation\/aromatherapie\/kosmetisches-pflanzenoel\/johanniskrautoel\/#primaryimage"},"thumbnailUrl":"https:\/\/bien-etreiris.ch\/wp-content\/uploads\/2021\/03\/acceuil-millepertuis.jpg","datePublished":"2021-03-21T21:40:16+00:00","dateModified":"2021-06-02T09:00:12+00:00","breadcrumb":{"@id":"https:\/\/bien-etreiris.ch\/de\/produktpraesentation\/aromatherapie\/kosmetisches-pflanzenoel\/johanniskrautoel\/#breadcrumb"},"inLanguage":"de","potentialAction":[{"@type":"ReadAction","target":["https:\/\/bien-etreiris.ch\/de\/produktpraesentation\/aromatherapie\/kosmetisches-pflanzenoel\/johanniskrautoel\/"]}]},{"@type":"ImageObject","inLanguage":"de","@id":"https:\/\/bien-etreiris.ch\/de\/produktpraesentation\/aromatherapie\/kosmetisches-pflanzenoel\/johanniskrautoel\/#primaryimage","url":"https:\/\/bien-etreiris.ch\/wp-content\/uploads\/2021\/03\/acceuil-millepertuis.jpg","contentUrl":"https:\/\/bien-etreiris.ch\/wp-content\/uploads\/2021\/03\/acceuil-millepertuis.jpg","width":500,"height":325},{"@type":"BreadcrumbList","@id":"https:\/\/bien-etreiris.ch\/de\/produktpraesentation\/aromatherapie\/kosmetisches-pflanzenoel\/johanniskrautoel\/#breadcrumb","itemListElement":[{"@type":"ListItem","position":1,"name":"Home","item":"https:\/\/bien-etreiris.ch\/de\/"},{"@type":"ListItem","position":2,"name":"PRODUKTPR\u00c4SENTATION","item":"https:\/\/bien-etreiris.ch\/de\/produktpraesentation\/"},{"@type":"ListItem","position":3,"name":"AROMATHERAPIE","item":"https:\/\/bien-etreiris.ch\/de\/produktpraesentation\/aromatherapie\/"},{"@type":"ListItem","position":4,"name":"PFLANZEN\u00d6L","item":"https:\/\/bien-etreiris.ch\/de\/produktpraesentation\/aromatherapie\/kosmetisches-pflanzenoel\/"},{"@type":"ListItem","position":5,"name":"JOHANNISKRAUT\u00d6L"}]},{"@type":"WebSite","@id":"https:\/\/bien-etreiris.ch\/de\/#website","url":"https:\/\/bien-etreiris.ch\/de\/","name":"Bien-\u00eatre Iris","description":"IHRE Gesundheit ist uns wichtig","potentialAction":[{"@type":"SearchAction","target":{"@type":"EntryPoint","urlTemplate":"https:\/\/bien-etreiris.ch\/de\/?s={search_term_string}"},"query-input":{"@type":"PropertyValueSpecification","valueRequired":true,"valueName":"search_term_string"}}],"inLanguage":"de"}]}},"_links":{"self":[{"href":"https:\/\/bien-etreiris.ch\/de\/wp-json\/wp\/v2\/pages\/40294","targetHints":{"allow":["GET"]}}],"collection":[{"href":"https:\/\/bien-etreiris.ch\/de\/wp-json\/wp\/v2\/pages"}],"about":[{"href":"https:\/\/bien-etreiris.ch\/de\/wp-json\/wp\/v2\/types\/page"}],"author":[{"embeddable":true,"href":"https:\/\/bien-etreiris.ch\/de\/wp-json\/wp\/v2\/users\/1"}],"replies":[{"embeddable":true,"href":"https:\/\/bien-etreiris.ch\/de\/wp-json\/wp\/v2\/comments?post=40294"}],"version-history":[{"count":4,"href":"https:\/\/bien-etreiris.ch\/de\/wp-json\/wp\/v2\/pages\/40294\/revisions"}],"predecessor-version":[{"id":48818,"href":"https:\/\/bien-etreiris.ch\/de\/wp-json\/wp\/v2\/pages\/40294\/revisions\/48818"}],"up":[{"embeddable":true,"href":"https:\/\/bien-etreiris.ch\/de\/wp-json\/wp\/v2\/pages\/67603"}],"wp:featuredmedia":[{"embeddable":true,"href":"https:\/\/bien-etreiris.ch\/de\/wp-json\/wp\/v2\/media\/41099"}],"wp:attachment":[{"href":"https:\/\/bien-etreiris.ch\/de\/wp-json\/wp\/v2\/media?parent=40294"}],"curies":[{"name":"wp","href":"https:\/\/api.w.org\/{rel}","templated":true}]}}