{"id":40282,"date":"2021-03-21T21:27:17","date_gmt":"2021-03-21T21:27:17","guid":{"rendered":"https:\/\/bien-etreiris.ch\/?page_id=40282"},"modified":"2021-06-02T10:51:29","modified_gmt":"2021-06-02T08:51:29","slug":"jojobaoel","status":"publish","type":"page","link":"https:\/\/bien-etreiris.ch\/de\/produktpraesentation\/aromatherapie\/kosmetisches-pflanzenoel\/jojobaoel\/","title":{"rendered":"JOJOBA\u00d6L"},"content":{"rendered":"<h2>&nbsp;<\/h2>\n<p><a href=\"https:\/\/decoiris.ch\/wp-content\/uploads\/2019\/07\/huile-de-jojoba.png\"><img loading=\"lazy\" decoding=\"async\" class=\"wp-image-22887 alignleft\" src=\"https:\/\/decoiris.ch\/wp-content\/uploads\/2019\/07\/huile-de-jojoba-300x300.png\" sizes=\"auto, (max-width: 255px) 100vw, 255px\" srcset=\"https:\/\/decoiris.ch\/wp-content\/uploads\/2019\/07\/huile-de-jojoba-300x300.png 300w, https:\/\/decoiris.ch\/wp-content\/uploads\/2019\/07\/huile-de-jojoba-150x150.png 150w, https:\/\/decoiris.ch\/wp-content\/uploads\/2019\/07\/huile-de-jojoba-768x768.png 768w, https:\/\/decoiris.ch\/wp-content\/uploads\/2019\/07\/huile-de-jojoba.png 800w\" alt=\"\" width=\"255\" height=\"255\"><\/a><\/p>\n<p>&nbsp;<\/p>\n<p>&nbsp;<\/p>\n<p><strong>75 ml CHF 14.00<\/strong><\/p>\n<p>Nom botanique: <strong>&nbsp;<\/strong> Simmondsia chinesis<\/p>\n<p><strong>100 % naturelle et pur<\/strong><\/p>\n<p><strong>CH - BIO 006<\/strong><\/p>\n<h4>&nbsp;<\/h4>\n<p>&nbsp;<\/p>\n<p>&nbsp;<\/p>\n<p>La cire liquide, de jojoba press\u00e9 \u00e0 froid est consid\u00e9r\u00e9e comme un ancien rem\u00e8de des Indiens.<\/p>\n<h2>&nbsp;<\/h2>\n<p><strong> <a href=\"https:\/\/decoiris.ch\/wp-content\/uploads\/2019\/08\/Jojoba-Seitenbild.jpg\"><img loading=\"lazy\" decoding=\"async\" class=\"alignleft wp-image-23997 size-full\" src=\"https:\/\/decoiris.ch\/wp-content\/uploads\/2019\/08\/Jojoba-Seitenbild.jpg\" sizes=\"auto, (max-width: 450px) 100vw, 450px\" srcset=\"https:\/\/decoiris.ch\/wp-content\/uploads\/2019\/08\/Jojoba-Seitenbild.jpg 450w, https:\/\/decoiris.ch\/wp-content\/uploads\/2019\/08\/Jojoba-Seitenbild-142x300.jpg 142w\" alt=\"\" width=\"450\" height=\"950\"><\/a><\/strong><strong>Nom botanique<\/strong><\/p>\n<p>Chinois simmondsia <strong>Raffermissante et velout\u00e9e<\/strong><\/p>\n<p>L'huile de jojoba, est pr\u00e9cieuse, et de haute qualit\u00e9. Nomm\u00e9e \u00ab or liquide\u00bb par les Indiens, elle est obtenue sous forme de cire liquide \u00e0 partir de la graine de l'arbuste de jojoba. L'huile montre une excellente profondeur. La peau devient velout\u00e9e et \u00e9lastique sans graissage excessif. L'huile a un effet r\u00e9gulateur et stabilisant sur le manteau graisseux d'humidit\u00e9, calme donc la peau irrit\u00e9e, stress\u00e9e et la rend plus r\u00e9sistante. En raison de la teneur \u00e9lev\u00e9e en vitamine E, l'huile renforce, resserre le tissu conjonctif et emp\u00eache la formation de rides. Pendant la grossesse, elle aide \u00e0 maintenir l'\u00e9lasticit\u00e9 de la peau et \u00e0 pr\u00e9venir les vergetures.<\/p>\n<p><strong>Ingr\u00e9dients sp\u00e9ciaux<\/strong><\/p>\n<p>Le jojoba est chimiquement une cire liquide. L'huile de jojoba diff\u00e8re essentiellement des autres huiles du fait que ses acides gras li\u00e9s ne sont pas li\u00e9s \u00e0 la glyc\u00e9rine, mais \u00e0 un alcool appel\u00e9 ester gras. Celles-ci sont semblables aux sueurs humaines et font que le jojoba s'y m\u00e9lange bien, en formant un film lipidique d\u00e9licat qui se lie \u00e0 l'humidit\u00e9 de la peau, mais ne la scelle en aucun cas.<\/p>\n<p><strong>Application externe<\/strong><\/p>\n<p>Gr\u00e2ce \u00e0 son pouvoir lubrifiant \u00e9lev\u00e9, elle convienne tr\u00e8s bien au massage. Ainsi qu\u2019\u00e0 \u00e0 toutes les peaux et tous les cheveux. Massez doucement en soutien de grossesse et soins des cicatrices.<\/p>\n<p><strong>Important<\/strong><\/p>\n<p>L'huile de jojoba est une cire liquide, elle ne peut \u00eatre utilis\u00e9e qu\u2019\u00e0 l'ext\u00e9rieur.<\/p>\n<p><strong>Pays d'origine<\/strong><\/p>\n<p>Am\u00e9rique centrale et du sud<\/p>\n<p><strong>Extraction<\/strong><\/p>\n<p>100% de graines biologiques press\u00e9es \u00e0 froid (huile de graines de Simmondsia chii; iensis (Jojoba)<\/p>\n<p><strong>Prix<\/strong><\/p>\n<p><strong>&nbsp; &nbsp;&nbsp;<\/strong>75 ml CHF &nbsp;&nbsp; 14.00<\/p>\n<p>1000 ml CHF 120.00<\/p>\n","protected":false},"excerpt":{"rendered":"<p>&nbsp; &nbsp; &nbsp; 75 ml CHF 14.00 Nom botanique: &nbsp; Simmondsia chinesis 100 % naturelle et pur CH - BIO 006 &nbsp; &nbsp; &nbsp; La cire liquide, de jojoba press\u00e9 \u00e0 froid est consid\u00e9r\u00e9e comme un ancien rem\u00e8de des Indiens. &nbsp; Nom botanique Chinois simmondsia Raffermissante et velout\u00e9e L'huile de jojoba, est pr\u00e9cieuse, et de haute qualit\u00e9. Nomm\u00e9e \u00ab or&nbsp;<a href=\"https:\/\/bien-etreiris.ch\/de\/produktpraesentation\/aromatherapie\/kosmetisches-pflanzenoel\/jojobaoel\/\" class=\"read-more\">Weiter lesen<\/a><\/p>\n","protected":false},"author":1,"featured_media":41046,"parent":40125,"menu_order":6227,"comment_status":"closed","ping_status":"closed","template":"page-with-child.php","meta":{"_acf_changed":false,"ngg_post_thumbnail":0,"footnotes":""},"class_list":["post-40282","page","type-page","status-publish","has-post-thumbnail","hentry"],"acf":[],"yoast_head":"<!-- This site is optimized with the Yoast SEO plugin v27.6 - https:\/\/yoast.com\/product\/yoast-seo-wordpress\/ -->\n<title>JOJOBA\u00d6L - WOHLBEFINDEN<\/title>\n<meta name=\"robots\" content=\"index, follow, max-snippet:-1, max-image-preview:large, max-video-preview:-1\" \/>\n<link rel=\"canonical\" href=\"https:\/\/bien-etreiris.ch\/de\/produktpraesentation\/aromatherapie\/kosmetisches-pflanzenoel\/jojobaoel\/\" \/>\n<meta property=\"og:locale\" content=\"de_DE\" \/>\n<meta property=\"og:type\" content=\"article\" \/>\n<meta property=\"og:title\" content=\"JOJOBA\u00d6L - WOHLBEFINDEN\" \/>\n<meta property=\"og:description\" content=\"&nbsp; &nbsp; &nbsp; 75 ml CHF 14.00 Nom botanique: &nbsp; Simmondsia chinesis 100 % naturelle et pur CH - BIO 006 &nbsp; &nbsp; &nbsp; La cire liquide, de jojoba press\u00e9 \u00e0 froid est consid\u00e9r\u00e9e comme un ancien rem\u00e8de des Indiens. &nbsp; Nom botanique Chinois simmondsia Raffermissante et velout\u00e9e L&#039;huile de jojoba, est pr\u00e9cieuse, et de haute qualit\u00e9. Nomm\u00e9e \u00ab or&nbsp;Weiter lesen\" \/>\n<meta property=\"og:url\" content=\"https:\/\/bien-etreiris.ch\/de\/produktpraesentation\/aromatherapie\/kosmetisches-pflanzenoel\/jojobaoel\/\" \/>\n<meta property=\"og:site_name\" content=\"WOHLBEFINDEN\" \/>\n<meta property=\"article:publisher\" content=\"https:\/\/www.facebook.com\/bienetreiris\/\" \/>\n<meta property=\"article:modified_time\" content=\"2021-06-02T08:51:29+00:00\" \/>\n<meta property=\"og:image\" content=\"https:\/\/bien-etreiris.ch\/wp-content\/uploads\/2021\/03\/Acceuil-jojoba.jpg\" \/>\n\t<meta property=\"og:image:width\" content=\"500\" \/>\n\t<meta property=\"og:image:height\" content=\"281\" \/>\n\t<meta property=\"og:image:type\" content=\"image\/jpeg\" \/>\n<meta name=\"twitter:label1\" content=\"Gesch\u00e4tzte Lesezeit\" \/>\n\t<meta name=\"twitter:data1\" content=\"2\u00a0Minuten\" \/>\n<script type=\"application\/ld+json\" class=\"yoast-schema-graph\">{\"@context\":\"https:\\\/\\\/schema.org\",\"@graph\":[{\"@type\":\"WebPage\",\"@id\":\"https:\\\/\\\/bien-etreiris.ch\\\/de\\\/produktpraesentation\\\/aromatherapie\\\/kosmetisches-pflanzenoel\\\/jojobaoel\\\/\",\"url\":\"https:\\\/\\\/bien-etreiris.ch\\\/de\\\/produktpraesentation\\\/aromatherapie\\\/kosmetisches-pflanzenoel\\\/jojobaoel\\\/\",\"name\":\"JOJOBA\u00d6L - WOHLBEFINDEN\",\"isPartOf\":{\"@id\":\"https:\\\/\\\/bien-etreiris.ch\\\/de\\\/#website\"},\"primaryImageOfPage\":{\"@id\":\"https:\\\/\\\/bien-etreiris.ch\\\/de\\\/produktpraesentation\\\/aromatherapie\\\/kosmetisches-pflanzenoel\\\/jojobaoel\\\/#primaryimage\"},\"image\":{\"@id\":\"https:\\\/\\\/bien-etreiris.ch\\\/de\\\/produktpraesentation\\\/aromatherapie\\\/kosmetisches-pflanzenoel\\\/jojobaoel\\\/#primaryimage\"},\"thumbnailUrl\":\"https:\\\/\\\/bien-etreiris.ch\\\/wp-content\\\/uploads\\\/2021\\\/03\\\/Acceuil-jojoba.jpg\",\"datePublished\":\"2021-03-21T21:27:17+00:00\",\"dateModified\":\"2021-06-02T08:51:29+00:00\",\"breadcrumb\":{\"@id\":\"https:\\\/\\\/bien-etreiris.ch\\\/de\\\/produktpraesentation\\\/aromatherapie\\\/kosmetisches-pflanzenoel\\\/jojobaoel\\\/#breadcrumb\"},\"inLanguage\":\"de\",\"potentialAction\":[{\"@type\":\"ReadAction\",\"target\":[\"https:\\\/\\\/bien-etreiris.ch\\\/de\\\/produktpraesentation\\\/aromatherapie\\\/kosmetisches-pflanzenoel\\\/jojobaoel\\\/\"]}]},{\"@type\":\"ImageObject\",\"inLanguage\":\"de\",\"@id\":\"https:\\\/\\\/bien-etreiris.ch\\\/de\\\/produktpraesentation\\\/aromatherapie\\\/kosmetisches-pflanzenoel\\\/jojobaoel\\\/#primaryimage\",\"url\":\"https:\\\/\\\/bien-etreiris.ch\\\/wp-content\\\/uploads\\\/2021\\\/03\\\/Acceuil-jojoba.jpg\",\"contentUrl\":\"https:\\\/\\\/bien-etreiris.ch\\\/wp-content\\\/uploads\\\/2021\\\/03\\\/Acceuil-jojoba.jpg\",\"width\":500,\"height\":281},{\"@type\":\"BreadcrumbList\",\"@id\":\"https:\\\/\\\/bien-etreiris.ch\\\/de\\\/produktpraesentation\\\/aromatherapie\\\/kosmetisches-pflanzenoel\\\/jojobaoel\\\/#breadcrumb\",\"itemListElement\":[{\"@type\":\"ListItem\",\"position\":1,\"name\":\"Home\",\"item\":\"https:\\\/\\\/bien-etreiris.ch\\\/de\\\/\"},{\"@type\":\"ListItem\",\"position\":2,\"name\":\"PRODUKTPR\u00c4SENTATION\",\"item\":\"https:\\\/\\\/bien-etreiris.ch\\\/de\\\/produktpraesentation\\\/\"},{\"@type\":\"ListItem\",\"position\":3,\"name\":\"AROMATHERAPIE\",\"item\":\"https:\\\/\\\/bien-etreiris.ch\\\/de\\\/produktpraesentation\\\/aromatherapie\\\/\"},{\"@type\":\"ListItem\",\"position\":4,\"name\":\"PFLANZEN\u00d6L\",\"item\":\"https:\\\/\\\/bien-etreiris.ch\\\/de\\\/produktpraesentation\\\/aromatherapie\\\/kosmetisches-pflanzenoel\\\/\"},{\"@type\":\"ListItem\",\"position\":5,\"name\":\"JOJOBA\u00d6L\"}]},{\"@type\":\"WebSite\",\"@id\":\"https:\\\/\\\/bien-etreiris.ch\\\/de\\\/#website\",\"url\":\"https:\\\/\\\/bien-etreiris.ch\\\/de\\\/\",\"name\":\"Bien-\u00eatre Iris\",\"description\":\"IHRE Gesundheit ist uns wichtig\",\"potentialAction\":[{\"@type\":\"SearchAction\",\"target\":{\"@type\":\"EntryPoint\",\"urlTemplate\":\"https:\\\/\\\/bien-etreiris.ch\\\/de\\\/?s={search_term_string}\"},\"query-input\":{\"@type\":\"PropertyValueSpecification\",\"valueRequired\":true,\"valueName\":\"search_term_string\"}}],\"inLanguage\":\"de\"}]}<\/script>\n<!-- \/ Yoast SEO plugin. -->","yoast_head_json":{"title":"JOJOBA\u00d6L - WOHLBEFINDEN","robots":{"index":"index","follow":"follow","max-snippet":"max-snippet:-1","max-image-preview":"max-image-preview:large","max-video-preview":"max-video-preview:-1"},"canonical":"https:\/\/bien-etreiris.ch\/de\/produktpraesentation\/aromatherapie\/kosmetisches-pflanzenoel\/jojobaoel\/","og_locale":"de_DE","og_type":"article","og_title":"JOJOBA\u00d6L - WOHLBEFINDEN","og_description":"&nbsp; &nbsp; &nbsp; 75 ml CHF 14.00 Nom botanique: &nbsp; Simmondsia chinesis 100 % naturelle et pur CH - BIO 006 &nbsp; &nbsp; &nbsp; La cire liquide, de jojoba press\u00e9 \u00e0 froid est consid\u00e9r\u00e9e comme un ancien rem\u00e8de des Indiens. &nbsp; Nom botanique Chinois simmondsia Raffermissante et velout\u00e9e L'huile de jojoba, est pr\u00e9cieuse, et de haute qualit\u00e9. Nomm\u00e9e \u00ab or&nbsp;Weiter lesen","og_url":"https:\/\/bien-etreiris.ch\/de\/produktpraesentation\/aromatherapie\/kosmetisches-pflanzenoel\/jojobaoel\/","og_site_name":"WOHLBEFINDEN","article_publisher":"https:\/\/www.facebook.com\/bienetreiris\/","article_modified_time":"2021-06-02T08:51:29+00:00","og_image":[{"width":500,"height":281,"url":"https:\/\/bien-etreiris.ch\/wp-content\/uploads\/2021\/03\/Acceuil-jojoba.jpg","type":"image\/jpeg"}],"twitter_misc":{"Gesch\u00e4tzte Lesezeit":"2\u00a0Minuten"},"schema":{"@context":"https:\/\/schema.org","@graph":[{"@type":"WebPage","@id":"https:\/\/bien-etreiris.ch\/de\/produktpraesentation\/aromatherapie\/kosmetisches-pflanzenoel\/jojobaoel\/","url":"https:\/\/bien-etreiris.ch\/de\/produktpraesentation\/aromatherapie\/kosmetisches-pflanzenoel\/jojobaoel\/","name":"JOJOBA\u00d6L - WOHLBEFINDEN","isPartOf":{"@id":"https:\/\/bien-etreiris.ch\/de\/#website"},"primaryImageOfPage":{"@id":"https:\/\/bien-etreiris.ch\/de\/produktpraesentation\/aromatherapie\/kosmetisches-pflanzenoel\/jojobaoel\/#primaryimage"},"image":{"@id":"https:\/\/bien-etreiris.ch\/de\/produktpraesentation\/aromatherapie\/kosmetisches-pflanzenoel\/jojobaoel\/#primaryimage"},"thumbnailUrl":"https:\/\/bien-etreiris.ch\/wp-content\/uploads\/2021\/03\/Acceuil-jojoba.jpg","datePublished":"2021-03-21T21:27:17+00:00","dateModified":"2021-06-02T08:51:29+00:00","breadcrumb":{"@id":"https:\/\/bien-etreiris.ch\/de\/produktpraesentation\/aromatherapie\/kosmetisches-pflanzenoel\/jojobaoel\/#breadcrumb"},"inLanguage":"de","potentialAction":[{"@type":"ReadAction","target":["https:\/\/bien-etreiris.ch\/de\/produktpraesentation\/aromatherapie\/kosmetisches-pflanzenoel\/jojobaoel\/"]}]},{"@type":"ImageObject","inLanguage":"de","@id":"https:\/\/bien-etreiris.ch\/de\/produktpraesentation\/aromatherapie\/kosmetisches-pflanzenoel\/jojobaoel\/#primaryimage","url":"https:\/\/bien-etreiris.ch\/wp-content\/uploads\/2021\/03\/Acceuil-jojoba.jpg","contentUrl":"https:\/\/bien-etreiris.ch\/wp-content\/uploads\/2021\/03\/Acceuil-jojoba.jpg","width":500,"height":281},{"@type":"BreadcrumbList","@id":"https:\/\/bien-etreiris.ch\/de\/produktpraesentation\/aromatherapie\/kosmetisches-pflanzenoel\/jojobaoel\/#breadcrumb","itemListElement":[{"@type":"ListItem","position":1,"name":"Home","item":"https:\/\/bien-etreiris.ch\/de\/"},{"@type":"ListItem","position":2,"name":"PRODUKTPR\u00c4SENTATION","item":"https:\/\/bien-etreiris.ch\/de\/produktpraesentation\/"},{"@type":"ListItem","position":3,"name":"AROMATHERAPIE","item":"https:\/\/bien-etreiris.ch\/de\/produktpraesentation\/aromatherapie\/"},{"@type":"ListItem","position":4,"name":"PFLANZEN\u00d6L","item":"https:\/\/bien-etreiris.ch\/de\/produktpraesentation\/aromatherapie\/kosmetisches-pflanzenoel\/"},{"@type":"ListItem","position":5,"name":"JOJOBA\u00d6L"}]},{"@type":"WebSite","@id":"https:\/\/bien-etreiris.ch\/de\/#website","url":"https:\/\/bien-etreiris.ch\/de\/","name":"Bien-\u00eatre Iris","description":"IHRE Gesundheit ist uns wichtig","potentialAction":[{"@type":"SearchAction","target":{"@type":"EntryPoint","urlTemplate":"https:\/\/bien-etreiris.ch\/de\/?s={search_term_string}"},"query-input":{"@type":"PropertyValueSpecification","valueRequired":true,"valueName":"search_term_string"}}],"inLanguage":"de"}]}},"_links":{"self":[{"href":"https:\/\/bien-etreiris.ch\/de\/wp-json\/wp\/v2\/pages\/40282","targetHints":{"allow":["GET"]}}],"collection":[{"href":"https:\/\/bien-etreiris.ch\/de\/wp-json\/wp\/v2\/pages"}],"about":[{"href":"https:\/\/bien-etreiris.ch\/de\/wp-json\/wp\/v2\/types\/page"}],"author":[{"embeddable":true,"href":"https:\/\/bien-etreiris.ch\/de\/wp-json\/wp\/v2\/users\/1"}],"replies":[{"embeddable":true,"href":"https:\/\/bien-etreiris.ch\/de\/wp-json\/wp\/v2\/comments?post=40282"}],"version-history":[{"count":3,"href":"https:\/\/bien-etreiris.ch\/de\/wp-json\/wp\/v2\/pages\/40282\/revisions"}],"predecessor-version":[{"id":48810,"href":"https:\/\/bien-etreiris.ch\/de\/wp-json\/wp\/v2\/pages\/40282\/revisions\/48810"}],"up":[{"embeddable":true,"href":"https:\/\/bien-etreiris.ch\/de\/wp-json\/wp\/v2\/pages\/40125"}],"wp:featuredmedia":[{"embeddable":true,"href":"https:\/\/bien-etreiris.ch\/de\/wp-json\/wp\/v2\/media\/41046"}],"wp:attachment":[{"href":"https:\/\/bien-etreiris.ch\/de\/wp-json\/wp\/v2\/media?parent=40282"}],"curies":[{"name":"wp","href":"https:\/\/api.w.org\/{rel}","templated":true}]}}