{"id":40255,"date":"2021-03-21T21:14:47","date_gmt":"2021-03-21T21:14:47","guid":{"rendered":"https:\/\/bien-etreiris.ch\/?page_id=40255"},"modified":"2021-06-17T20:52:59","modified_gmt":"2021-06-17T18:52:59","slug":"schwarzkuemmeloel","status":"publish","type":"page","link":"https:\/\/bien-etreiris.ch\/de\/produktpraesentation\/aromatherapie\/kosmetisches-pflanzenoel\/schwarzkuemmeloel\/","title":{"rendered":"SCHWARZK\u00dcMMEL\u00d6L"},"content":{"rendered":"\n<h2 class=\"wp-block-heading\"><br><\/h2>\n\n\n<h2>&nbsp;<\/h2>\n<p><a href=\"https:\/\/decoiris.ch\/wp-content\/uploads\/2019\/07\/Huile-de-cumin-noir-1.png\"><img loading=\"lazy\" decoding=\"async\" class=\"wp-image-22884 alignleft\" src=\"https:\/\/decoiris.ch\/wp-content\/uploads\/2019\/07\/Huile-de-cumin-noir-1-300x300.png\" sizes=\"auto, (max-width: 255px) 100vw, 255px\" srcset=\"https:\/\/decoiris.ch\/wp-content\/uploads\/2019\/07\/Huile-de-cumin-noir-1-300x300.png 300w, https:\/\/decoiris.ch\/wp-content\/uploads\/2019\/07\/Huile-de-cumin-noir-1-150x150.png 150w, https:\/\/decoiris.ch\/wp-content\/uploads\/2019\/07\/Huile-de-cumin-noir-1-768x768.png 768w, https:\/\/decoiris.ch\/wp-content\/uploads\/2019\/07\/Huile-de-cumin-noir-1.png 800w\" alt=\"\" width=\"255\" height=\"255\"><\/a><\/p>\n<p>&nbsp;<\/p>\n<p>&nbsp;<\/p>\n<p>&nbsp;<\/p>\n<p><strong>100 ml CHF 12.50 en vrac<br><\/strong><\/p>\n<p>Nom botanique: <strong>&nbsp;<\/strong> Nigella sativa<\/p>\n<p><strong>100 % naturelle et pur<\/strong><\/p>\n<p><strong>CH - BIO 006<\/strong><\/p>\n<p>&nbsp;<\/p>\n<p>&nbsp;<\/p>\n<p>&nbsp;<\/p>\n<p>L\u2019huile de cumin noir, de couleur miel et \u00e9pic\u00e9e, \u00e9tait d\u00e9j\u00e0 appr\u00e9ci\u00e9e dans l\u2019\u00c9gypte ancienne en raison de ses nombreux pouvoirs de gu\u00e9rison.<\/p>\n<p>&nbsp;<\/p>\n<h2>HUILE DE GRAINES DE CUMIN NOIR BIO<\/h2>\n<p><a href=\"https:\/\/decoiris.ch\/wp-content\/uploads\/2019\/08\/grain-noir-Seitenbild.jpg\"><img loading=\"lazy\" decoding=\"async\" class=\"wp-image-24045 size-full alignleft\" src=\"https:\/\/decoiris.ch\/wp-content\/uploads\/2019\/08\/grain-noir-Seitenbild.jpg\" sizes=\"auto, (max-width: 450px) 100vw, 450px\" srcset=\"https:\/\/decoiris.ch\/wp-content\/uploads\/2019\/08\/grain-noir-Seitenbild.jpg 450w, https:\/\/decoiris.ch\/wp-content\/uploads\/2019\/08\/grain-noir-Seitenbild-142x300.jpg 142w\" alt=\"\" width=\"450\" height=\"950\"><\/a><strong>Nom biologique<\/strong><\/p>\n<p>Nigella sativa<\/p>\n<p><strong>Calmante et constructive<\/strong><br>L\u2019huile de cumin noir parfum\u00e9e aux herbes et aux \u00e9pices a une haute<br>Proportion d'huiles essentielles. Les acides gras polyinsatur\u00e9s soutiennent la barri\u00e8re cutan\u00e9e et maintiennent ainsi l'\u00e9quilibre hydratant \u00e0 long terme. L'acide linol\u00e9ique pr\u00e9cieux est responsable d'une structure cutan\u00e9e saine. L'huile de cumin noir miraculeuse a un effet positif sur les peaux irrit\u00e9es et sujettes aux allergies.<\/p>\n<p><strong>Application externe<\/strong><br>De l'huile de cumin noir peut \u00eatre ajout\u00e9e aux masques de beaut\u00e9 et aux traitements capillaires. Appliquez plusieurs fois par jour sur la peau irrit\u00e9e.<\/p>\n<p><strong>Pays d'origine<\/strong><\/p>\n<p>Egypte<\/p>\n<p><strong>Extraction<\/strong><\/p>\n<p>100% de graines biologiques press\u00e9es \u00e0 froid (huile de graines de Nigella Sativa)<\/p>\n<p><strong>Quantit\u00e9s<\/strong><\/p>\n<p>&nbsp;&nbsp; &nbsp; 75 ml&nbsp; CHF &nbsp; 17.00<\/p>\n<p>1000 ml&nbsp; CHF 140.00<\/p>\n<p>&nbsp;<\/p>\n<p>&nbsp;<\/p>\n<p>&nbsp;<\/p>\n<p>&nbsp;<\/p>\n<p>&nbsp;<\/p>\n<p>&nbsp;<\/p>\n<p>&nbsp;<\/p>\n<p>&nbsp;<\/p>","protected":false},"excerpt":{"rendered":"<p>&nbsp; &nbsp; &nbsp; &nbsp; 100 ml CHF 12.50 en vrac Nom botanique: &nbsp; Nigella sativa 100 % naturelle et pur CH - BIO 006 &nbsp; &nbsp; &nbsp; L\u2019huile de cumin noir, de couleur miel et \u00e9pic\u00e9e, \u00e9tait d\u00e9j\u00e0 appr\u00e9ci\u00e9e dans l\u2019\u00c9gypte ancienne en raison de ses nombreux pouvoirs de gu\u00e9rison. &nbsp; HUILE DE GRAINES DE CUMIN NOIR BIO Nom biologique&nbsp;<a href=\"https:\/\/bien-etreiris.ch\/de\/produktpraesentation\/aromatherapie\/kosmetisches-pflanzenoel\/schwarzkuemmeloel\/\" class=\"read-more\">Weiter lesen<\/a><\/p>\n","protected":false},"author":1,"featured_media":41043,"parent":40125,"menu_order":6229,"comment_status":"closed","ping_status":"closed","template":"page-with-child.php","meta":{"_acf_changed":false,"ngg_post_thumbnail":0,"footnotes":""},"class_list":["post-40255","page","type-page","status-publish","has-post-thumbnail","hentry"],"acf":[],"yoast_head":"<!-- This site is optimized with the Yoast SEO plugin v27.6 - https:\/\/yoast.com\/product\/yoast-seo-wordpress\/ -->\n<title>SCHWARZK\u00dcMMEL\u00d6L - WOHLBEFINDEN<\/title>\n<meta name=\"robots\" content=\"index, follow, max-snippet:-1, max-image-preview:large, max-video-preview:-1\" \/>\n<link rel=\"canonical\" href=\"https:\/\/bien-etreiris.ch\/de\/produktpraesentation\/aromatherapie\/kosmetisches-pflanzenoel\/schwarzkuemmeloel\/\" \/>\n<meta property=\"og:locale\" content=\"de_DE\" \/>\n<meta property=\"og:type\" content=\"article\" \/>\n<meta property=\"og:title\" content=\"SCHWARZK\u00dcMMEL\u00d6L - WOHLBEFINDEN\" \/>\n<meta property=\"og:description\" content=\"&nbsp; &nbsp; &nbsp; &nbsp; 100 ml CHF 12.50 en vrac Nom botanique: &nbsp; Nigella sativa 100 % naturelle et pur CH - BIO 006 &nbsp; &nbsp; &nbsp; L\u2019huile de cumin noir, de couleur miel et \u00e9pic\u00e9e, \u00e9tait d\u00e9j\u00e0 appr\u00e9ci\u00e9e dans l\u2019\u00c9gypte ancienne en raison de ses nombreux pouvoirs de gu\u00e9rison. &nbsp; HUILE DE GRAINES DE CUMIN NOIR BIO Nom biologique&nbsp;Weiter lesen\" \/>\n<meta property=\"og:url\" content=\"https:\/\/bien-etreiris.ch\/de\/produktpraesentation\/aromatherapie\/kosmetisches-pflanzenoel\/schwarzkuemmeloel\/\" \/>\n<meta property=\"og:site_name\" content=\"WOHLBEFINDEN\" \/>\n<meta property=\"article:publisher\" content=\"https:\/\/www.facebook.com\/bienetreiris\/\" \/>\n<meta property=\"article:modified_time\" content=\"2021-06-17T18:52:59+00:00\" \/>\n<meta property=\"og:image\" content=\"https:\/\/bien-etreiris.ch\/wp-content\/uploads\/2021\/03\/acceuil-cumin-noir.jpg\" \/>\n\t<meta property=\"og:image:width\" content=\"500\" \/>\n\t<meta property=\"og:image:height\" content=\"331\" \/>\n\t<meta property=\"og:image:type\" content=\"image\/jpeg\" \/>\n<meta name=\"twitter:label1\" content=\"Gesch\u00e4tzte Lesezeit\" \/>\n\t<meta name=\"twitter:data1\" content=\"2\u00a0Minuten\" \/>\n<script type=\"application\/ld+json\" class=\"yoast-schema-graph\">{\"@context\":\"https:\\\/\\\/schema.org\",\"@graph\":[{\"@type\":\"WebPage\",\"@id\":\"https:\\\/\\\/bien-etreiris.ch\\\/de\\\/produktpraesentation\\\/aromatherapie\\\/kosmetisches-pflanzenoel\\\/schwarzkuemmeloel\\\/\",\"url\":\"https:\\\/\\\/bien-etreiris.ch\\\/de\\\/produktpraesentation\\\/aromatherapie\\\/kosmetisches-pflanzenoel\\\/schwarzkuemmeloel\\\/\",\"name\":\"SCHWARZK\u00dcMMEL\u00d6L - WOHLBEFINDEN\",\"isPartOf\":{\"@id\":\"https:\\\/\\\/bien-etreiris.ch\\\/de\\\/#website\"},\"primaryImageOfPage\":{\"@id\":\"https:\\\/\\\/bien-etreiris.ch\\\/de\\\/produktpraesentation\\\/aromatherapie\\\/kosmetisches-pflanzenoel\\\/schwarzkuemmeloel\\\/#primaryimage\"},\"image\":{\"@id\":\"https:\\\/\\\/bien-etreiris.ch\\\/de\\\/produktpraesentation\\\/aromatherapie\\\/kosmetisches-pflanzenoel\\\/schwarzkuemmeloel\\\/#primaryimage\"},\"thumbnailUrl\":\"https:\\\/\\\/bien-etreiris.ch\\\/wp-content\\\/uploads\\\/2021\\\/03\\\/acceuil-cumin-noir.jpg\",\"datePublished\":\"2021-03-21T21:14:47+00:00\",\"dateModified\":\"2021-06-17T18:52:59+00:00\",\"breadcrumb\":{\"@id\":\"https:\\\/\\\/bien-etreiris.ch\\\/de\\\/produktpraesentation\\\/aromatherapie\\\/kosmetisches-pflanzenoel\\\/schwarzkuemmeloel\\\/#breadcrumb\"},\"inLanguage\":\"de\",\"potentialAction\":[{\"@type\":\"ReadAction\",\"target\":[\"https:\\\/\\\/bien-etreiris.ch\\\/de\\\/produktpraesentation\\\/aromatherapie\\\/kosmetisches-pflanzenoel\\\/schwarzkuemmeloel\\\/\"]}]},{\"@type\":\"ImageObject\",\"inLanguage\":\"de\",\"@id\":\"https:\\\/\\\/bien-etreiris.ch\\\/de\\\/produktpraesentation\\\/aromatherapie\\\/kosmetisches-pflanzenoel\\\/schwarzkuemmeloel\\\/#primaryimage\",\"url\":\"https:\\\/\\\/bien-etreiris.ch\\\/wp-content\\\/uploads\\\/2021\\\/03\\\/acceuil-cumin-noir.jpg\",\"contentUrl\":\"https:\\\/\\\/bien-etreiris.ch\\\/wp-content\\\/uploads\\\/2021\\\/03\\\/acceuil-cumin-noir.jpg\",\"width\":500,\"height\":331},{\"@type\":\"BreadcrumbList\",\"@id\":\"https:\\\/\\\/bien-etreiris.ch\\\/de\\\/produktpraesentation\\\/aromatherapie\\\/kosmetisches-pflanzenoel\\\/schwarzkuemmeloel\\\/#breadcrumb\",\"itemListElement\":[{\"@type\":\"ListItem\",\"position\":1,\"name\":\"Home\",\"item\":\"https:\\\/\\\/bien-etreiris.ch\\\/de\\\/\"},{\"@type\":\"ListItem\",\"position\":2,\"name\":\"PRODUKTPR\u00c4SENTATION\",\"item\":\"https:\\\/\\\/bien-etreiris.ch\\\/de\\\/produktpraesentation\\\/\"},{\"@type\":\"ListItem\",\"position\":3,\"name\":\"AROMATHERAPIE\",\"item\":\"https:\\\/\\\/bien-etreiris.ch\\\/de\\\/produktpraesentation\\\/aromatherapie\\\/\"},{\"@type\":\"ListItem\",\"position\":4,\"name\":\"PFLANZEN\u00d6L\",\"item\":\"https:\\\/\\\/bien-etreiris.ch\\\/de\\\/produktpraesentation\\\/aromatherapie\\\/kosmetisches-pflanzenoel\\\/\"},{\"@type\":\"ListItem\",\"position\":5,\"name\":\"SCHWARZK\u00dcMMEL\u00d6L\"}]},{\"@type\":\"WebSite\",\"@id\":\"https:\\\/\\\/bien-etreiris.ch\\\/de\\\/#website\",\"url\":\"https:\\\/\\\/bien-etreiris.ch\\\/de\\\/\",\"name\":\"Bien-\u00eatre Iris\",\"description\":\"IHRE Gesundheit ist uns wichtig\",\"potentialAction\":[{\"@type\":\"SearchAction\",\"target\":{\"@type\":\"EntryPoint\",\"urlTemplate\":\"https:\\\/\\\/bien-etreiris.ch\\\/de\\\/?s={search_term_string}\"},\"query-input\":{\"@type\":\"PropertyValueSpecification\",\"valueRequired\":true,\"valueName\":\"search_term_string\"}}],\"inLanguage\":\"de\"}]}<\/script>\n<!-- \/ Yoast SEO plugin. -->","yoast_head_json":{"title":"SCHWARZK\u00dcMMEL\u00d6L - WOHLBEFINDEN","robots":{"index":"index","follow":"follow","max-snippet":"max-snippet:-1","max-image-preview":"max-image-preview:large","max-video-preview":"max-video-preview:-1"},"canonical":"https:\/\/bien-etreiris.ch\/de\/produktpraesentation\/aromatherapie\/kosmetisches-pflanzenoel\/schwarzkuemmeloel\/","og_locale":"de_DE","og_type":"article","og_title":"SCHWARZK\u00dcMMEL\u00d6L - WOHLBEFINDEN","og_description":"&nbsp; &nbsp; &nbsp; &nbsp; 100 ml CHF 12.50 en vrac Nom botanique: &nbsp; Nigella sativa 100 % naturelle et pur CH - BIO 006 &nbsp; &nbsp; &nbsp; L\u2019huile de cumin noir, de couleur miel et \u00e9pic\u00e9e, \u00e9tait d\u00e9j\u00e0 appr\u00e9ci\u00e9e dans l\u2019\u00c9gypte ancienne en raison de ses nombreux pouvoirs de gu\u00e9rison. &nbsp; HUILE DE GRAINES DE CUMIN NOIR BIO Nom biologique&nbsp;Weiter lesen","og_url":"https:\/\/bien-etreiris.ch\/de\/produktpraesentation\/aromatherapie\/kosmetisches-pflanzenoel\/schwarzkuemmeloel\/","og_site_name":"WOHLBEFINDEN","article_publisher":"https:\/\/www.facebook.com\/bienetreiris\/","article_modified_time":"2021-06-17T18:52:59+00:00","og_image":[{"width":500,"height":331,"url":"https:\/\/bien-etreiris.ch\/wp-content\/uploads\/2021\/03\/acceuil-cumin-noir.jpg","type":"image\/jpeg"}],"twitter_misc":{"Gesch\u00e4tzte Lesezeit":"2\u00a0Minuten"},"schema":{"@context":"https:\/\/schema.org","@graph":[{"@type":"WebPage","@id":"https:\/\/bien-etreiris.ch\/de\/produktpraesentation\/aromatherapie\/kosmetisches-pflanzenoel\/schwarzkuemmeloel\/","url":"https:\/\/bien-etreiris.ch\/de\/produktpraesentation\/aromatherapie\/kosmetisches-pflanzenoel\/schwarzkuemmeloel\/","name":"SCHWARZK\u00dcMMEL\u00d6L - WOHLBEFINDEN","isPartOf":{"@id":"https:\/\/bien-etreiris.ch\/de\/#website"},"primaryImageOfPage":{"@id":"https:\/\/bien-etreiris.ch\/de\/produktpraesentation\/aromatherapie\/kosmetisches-pflanzenoel\/schwarzkuemmeloel\/#primaryimage"},"image":{"@id":"https:\/\/bien-etreiris.ch\/de\/produktpraesentation\/aromatherapie\/kosmetisches-pflanzenoel\/schwarzkuemmeloel\/#primaryimage"},"thumbnailUrl":"https:\/\/bien-etreiris.ch\/wp-content\/uploads\/2021\/03\/acceuil-cumin-noir.jpg","datePublished":"2021-03-21T21:14:47+00:00","dateModified":"2021-06-17T18:52:59+00:00","breadcrumb":{"@id":"https:\/\/bien-etreiris.ch\/de\/produktpraesentation\/aromatherapie\/kosmetisches-pflanzenoel\/schwarzkuemmeloel\/#breadcrumb"},"inLanguage":"de","potentialAction":[{"@type":"ReadAction","target":["https:\/\/bien-etreiris.ch\/de\/produktpraesentation\/aromatherapie\/kosmetisches-pflanzenoel\/schwarzkuemmeloel\/"]}]},{"@type":"ImageObject","inLanguage":"de","@id":"https:\/\/bien-etreiris.ch\/de\/produktpraesentation\/aromatherapie\/kosmetisches-pflanzenoel\/schwarzkuemmeloel\/#primaryimage","url":"https:\/\/bien-etreiris.ch\/wp-content\/uploads\/2021\/03\/acceuil-cumin-noir.jpg","contentUrl":"https:\/\/bien-etreiris.ch\/wp-content\/uploads\/2021\/03\/acceuil-cumin-noir.jpg","width":500,"height":331},{"@type":"BreadcrumbList","@id":"https:\/\/bien-etreiris.ch\/de\/produktpraesentation\/aromatherapie\/kosmetisches-pflanzenoel\/schwarzkuemmeloel\/#breadcrumb","itemListElement":[{"@type":"ListItem","position":1,"name":"Home","item":"https:\/\/bien-etreiris.ch\/de\/"},{"@type":"ListItem","position":2,"name":"PRODUKTPR\u00c4SENTATION","item":"https:\/\/bien-etreiris.ch\/de\/produktpraesentation\/"},{"@type":"ListItem","position":3,"name":"AROMATHERAPIE","item":"https:\/\/bien-etreiris.ch\/de\/produktpraesentation\/aromatherapie\/"},{"@type":"ListItem","position":4,"name":"PFLANZEN\u00d6L","item":"https:\/\/bien-etreiris.ch\/de\/produktpraesentation\/aromatherapie\/kosmetisches-pflanzenoel\/"},{"@type":"ListItem","position":5,"name":"SCHWARZK\u00dcMMEL\u00d6L"}]},{"@type":"WebSite","@id":"https:\/\/bien-etreiris.ch\/de\/#website","url":"https:\/\/bien-etreiris.ch\/de\/","name":"Bien-\u00eatre Iris","description":"IHRE Gesundheit ist uns wichtig","potentialAction":[{"@type":"SearchAction","target":{"@type":"EntryPoint","urlTemplate":"https:\/\/bien-etreiris.ch\/de\/?s={search_term_string}"},"query-input":{"@type":"PropertyValueSpecification","valueRequired":true,"valueName":"search_term_string"}}],"inLanguage":"de"}]}},"_links":{"self":[{"href":"https:\/\/bien-etreiris.ch\/de\/wp-json\/wp\/v2\/pages\/40255","targetHints":{"allow":["GET"]}}],"collection":[{"href":"https:\/\/bien-etreiris.ch\/de\/wp-json\/wp\/v2\/pages"}],"about":[{"href":"https:\/\/bien-etreiris.ch\/de\/wp-json\/wp\/v2\/types\/page"}],"author":[{"embeddable":true,"href":"https:\/\/bien-etreiris.ch\/de\/wp-json\/wp\/v2\/users\/1"}],"replies":[{"embeddable":true,"href":"https:\/\/bien-etreiris.ch\/de\/wp-json\/wp\/v2\/comments?post=40255"}],"version-history":[{"count":8,"href":"https:\/\/bien-etreiris.ch\/de\/wp-json\/wp\/v2\/pages\/40255\/revisions"}],"predecessor-version":[{"id":50640,"href":"https:\/\/bien-etreiris.ch\/de\/wp-json\/wp\/v2\/pages\/40255\/revisions\/50640"}],"up":[{"embeddable":true,"href":"https:\/\/bien-etreiris.ch\/de\/wp-json\/wp\/v2\/pages\/40125"}],"wp:featuredmedia":[{"embeddable":true,"href":"https:\/\/bien-etreiris.ch\/de\/wp-json\/wp\/v2\/media\/41043"}],"wp:attachment":[{"href":"https:\/\/bien-etreiris.ch\/de\/wp-json\/wp\/v2\/media?parent=40255"}],"curies":[{"name":"wp","href":"https:\/\/api.w.org\/{rel}","templated":true}]}}