{"id":40243,"date":"2021-03-21T21:06:00","date_gmt":"2021-03-21T21:06:00","guid":{"rendered":"https:\/\/bien-etreiris.ch\/?page_id=40243"},"modified":"2021-06-02T10:48:57","modified_gmt":"2021-06-02T08:48:57","slug":"hanfoel","status":"publish","type":"page","link":"https:\/\/bien-etreiris.ch\/de\/produktpraesentation\/gesundes-leben\/gesunde-lebensmittel\/zutaten-wohlbefinden\/pflanzliche-speiseoele\/hanfoel\/","title":{"rendered":"HANF\u00d6L"},"content":{"rendered":"<h2>&nbsp;<\/h2>\n<p><a href=\"https:\/\/decoiris.ch\/wp-content\/uploads\/2019\/07\/huile-de-chanvre.png\"><img loading=\"lazy\" decoding=\"async\" class=\"wp-image-22866 alignleft\" src=\"https:\/\/decoiris.ch\/wp-content\/uploads\/2019\/07\/huile-de-chanvre-300x300.png\" sizes=\"auto, (max-width: 255px) 100vw, 255px\" srcset=\"https:\/\/decoiris.ch\/wp-content\/uploads\/2019\/07\/huile-de-chanvre-300x300.png 300w, https:\/\/decoiris.ch\/wp-content\/uploads\/2019\/07\/huile-de-chanvre-150x150.png 150w, https:\/\/decoiris.ch\/wp-content\/uploads\/2019\/07\/huile-de-chanvre-768x768.png 768w, https:\/\/decoiris.ch\/wp-content\/uploads\/2019\/07\/huile-de-chanvre.png 800w\" alt=\"\" width=\"255\" height=\"255\"><\/a><\/p>\n<p>&nbsp;<\/p>\n<p><strong>75 ml CHF 8.50<br \/>\n<\/strong><\/p>\n<p>Nom botanique: <strong>&nbsp;<\/strong> Canabis sativa<\/p>\n<p><strong>100 % naturelle et pur<\/strong><\/p>\n<p><strong>CH - BIO 006<\/strong><\/p>\n<h4>&nbsp;<\/h4>\n<p>&nbsp;<\/p>\n<p>&nbsp;<\/p>\n<p>&nbsp;<\/p>\n<p>Cette huile press\u00e9e \u00e0 froid \u00e0 partir de graines de chanvre p\u00e9ruvien est particuli\u00e8rement adapt\u00e9e aux peaux rugueuses, enflamm\u00e9s et squameuses, par ex. pour ecz\u00e9ma. Elle s'\u00e9tale bien sur la peau est absorb\u00e9 rapidement. Puisque l'huile de chanvre fait partie des huiles siccatives, on ne donne g\u00e9n\u00e9ralement qu'une portion d'environ 10% en m\u00e9langes avec d'autres huiles v\u00e9g\u00e9tales.<\/p>\n<p><a href=\"https:\/\/decoiris.ch\/wp-content\/uploads\/2019\/07\/lhuile-de-chanvre-seitenbild-2.jpg\"><img loading=\"lazy\" decoding=\"async\" class=\"wp-image-23036 size-full alignleft\" src=\"https:\/\/decoiris.ch\/wp-content\/uploads\/2019\/07\/lhuile-de-chanvre-seitenbild-2.jpg\" sizes=\"auto, (max-width: 450px) 100vw, 450px\" srcset=\"https:\/\/decoiris.ch\/wp-content\/uploads\/2019\/07\/lhuile-de-chanvre-seitenbild-2.jpg 450w, https:\/\/decoiris.ch\/wp-content\/uploads\/2019\/07\/lhuile-de-chanvre-seitenbild-2-142x300.jpg 142w\" alt=\"\" width=\"450\" height=\"950\"><\/a><strong>Nom biologique<\/strong><\/p>\n<p>Canabis sativa<\/p>\n<p><strong>Apaisante et rafra\u00eechissante<\/strong><br \/>\nL'huile de graine de chanvre poss\u00e8de la composition id\u00e9ale en acides amin\u00e9s essentiels et en acides gras polyinsatur\u00e9s (acide linol\u00e9ique et acide gammalinolique). Ceux-ci aident la peau \u00e0 r\u00e9g\u00e9n\u00e9rer les cellules, \u00e0 retarder le processus de vieillissement de la peau et soulagent les sympt\u00f4mes de la peau irrit\u00e9e. Ainsi, l'huile de chanvre est une b\u00e9n\u00e9diction pour les peaux s\u00e8ches, cassantes ou sensibles.<\/p>\n<p><strong>Ingr\u00e9dients sp\u00e9ciaux<\/strong><br \/>\nL'huile de chanvre press\u00e9e \u00e0 froid contienne d'importantes substances bioactives, appel\u00e9es substances grasses : teintures v\u00e9g\u00e9tales, substances aromatiques, vitamines B et E, phytost\u00e9rols, oligo-\u00e9l\u00e9ments et carot\u00e9no\u00efdes.<\/p>\n<p><strong>Application externe<\/strong><br \/>\nSoigne chaque peau et convienne particuli\u00e8rement aux peaux irrit\u00e9es ayant besoin de soins.<\/p>\n<p><strong>Pays d'origine <\/strong><\/p>\n<p>Allemagne<\/p>\n<p><strong>Extraction<\/strong><\/p>\n<p>100% de graines de chanvre biologiques press\u00e9es \u00e0 froid (huile de graines de Cannabis Sativa (chanvre)<\/p>\n<p><strong>Prix<\/strong><\/p>\n<p>&nbsp;&nbsp;&nbsp; 75 ml&nbsp;&nbsp; CHF &nbsp;&nbsp; 8.50<\/p>\n<p>1000 ml&nbsp;&nbsp; CHF 75.00<\/p>\n<p><strong>&nbsp;Int\u00e9ressant<\/strong><br \/>\nDe nombreux ol\u00e9agineux ont besoin de pesticides et d'herbicides pour se&nbsp; prot\u00e9ger des mauvaises herbes.<\/p>\n<p>Cela n'est pas n\u00e9cessaire pour la culture du chanvre, car cette plante n'a pas besoin de ce type de protection, m\u00eame avec la culture conventionnelle.<\/p>\n<p>Le chanvre est l'une des rares cultures \u00e0 se prot\u00e9ger contre l'infestation des mauvaises herbes.<\/p>\n<p>Elle est excr\u00e9ment r\u00e9sistant.<\/p>\n","protected":false},"excerpt":{"rendered":"<p>&nbsp; &nbsp; 75 ml CHF 8.50 Nom botanique: &nbsp; Canabis sativa 100 % naturelle et pur CH - BIO 006 &nbsp; &nbsp; &nbsp; &nbsp; Cette huile press\u00e9e \u00e0 froid \u00e0 partir de graines de chanvre p\u00e9ruvien est particuli\u00e8rement adapt\u00e9e aux peaux rugueuses, enflamm\u00e9s et squameuses, par ex. pour ecz\u00e9ma. Elle s'\u00e9tale bien sur la peau est absorb\u00e9 rapidement. Puisque l'huile&nbsp;<a href=\"https:\/\/bien-etreiris.ch\/de\/produktpraesentation\/gesundes-leben\/gesunde-lebensmittel\/zutaten-wohlbefinden\/pflanzliche-speiseoele\/hanfoel\/\" class=\"read-more\">Weiter lesen<\/a><\/p>\n","protected":false},"author":1,"featured_media":40315,"parent":40140,"menu_order":6232,"comment_status":"closed","ping_status":"closed","template":"page-with-child.php","meta":{"_acf_changed":false,"ngg_post_thumbnail":0,"footnotes":""},"class_list":["post-40243","page","type-page","status-publish","has-post-thumbnail","hentry"],"acf":[],"yoast_head":"<!-- This site is optimized with the Yoast SEO plugin v27.5 - https:\/\/yoast.com\/product\/yoast-seo-wordpress\/ -->\n<title>HANF\u00d6L - WOHLBEFINDEN<\/title>\n<meta name=\"robots\" content=\"index, follow, max-snippet:-1, max-image-preview:large, max-video-preview:-1\" \/>\n<link rel=\"canonical\" href=\"https:\/\/bien-etreiris.ch\/de\/produktpraesentation\/aromatherapie\/kosmetisches-pflanzenoel\/hanfoel\/\" \/>\n<meta property=\"og:locale\" content=\"de_DE\" \/>\n<meta property=\"og:type\" content=\"article\" \/>\n<meta property=\"og:title\" content=\"HANF\u00d6L - WOHLBEFINDEN\" \/>\n<meta property=\"og:description\" content=\"&nbsp; &nbsp; 75 ml CHF 8.50 Nom botanique: &nbsp; Canabis sativa 100 % naturelle et pur CH - BIO 006 &nbsp; &nbsp; &nbsp; &nbsp; Cette huile press\u00e9e \u00e0 froid \u00e0 partir de graines de chanvre p\u00e9ruvien est particuli\u00e8rement adapt\u00e9e aux peaux rugueuses, enflamm\u00e9s et squameuses, par ex. pour ecz\u00e9ma. Elle s&#039;\u00e9tale bien sur la peau est absorb\u00e9 rapidement. Puisque l&#039;huile&nbsp;Weiter lesen\" \/>\n<meta property=\"og:url\" content=\"https:\/\/bien-etreiris.ch\/de\/produktpraesentation\/aromatherapie\/kosmetisches-pflanzenoel\/hanfoel\/\" \/>\n<meta property=\"og:site_name\" content=\"WOHLBEFINDEN\" \/>\n<meta property=\"article:publisher\" content=\"https:\/\/www.facebook.com\/bienetreiris\/\" \/>\n<meta property=\"article:modified_time\" content=\"2021-06-02T08:48:57+00:00\" \/>\n<meta property=\"og:image\" content=\"https:\/\/bien-etreiris.ch\/wp-content\/uploads\/2021\/03\/titel-chanvre-1.jpg\" \/>\n\t<meta property=\"og:image:width\" content=\"500\" \/>\n\t<meta property=\"og:image:height\" content=\"334\" \/>\n\t<meta property=\"og:image:type\" content=\"image\/jpeg\" \/>\n<meta name=\"twitter:label1\" content=\"Gesch\u00e4tzte Lesezeit\" \/>\n\t<meta name=\"twitter:data1\" content=\"2\u00a0Minuten\" \/>\n<script type=\"application\/ld+json\" class=\"yoast-schema-graph\">{\"@context\":\"https:\\\/\\\/schema.org\",\"@graph\":[{\"@type\":\"WebPage\",\"@id\":\"https:\\\/\\\/bien-etreiris.ch\\\/de\\\/produktpraesentation\\\/aromatherapie\\\/kosmetisches-pflanzenoel\\\/hanfoel\\\/\",\"url\":\"https:\\\/\\\/bien-etreiris.ch\\\/de\\\/produktpraesentation\\\/aromatherapie\\\/kosmetisches-pflanzenoel\\\/hanfoel\\\/\",\"name\":\"HANF\u00d6L - WOHLBEFINDEN\",\"isPartOf\":{\"@id\":\"https:\\\/\\\/bien-etreiris.ch\\\/de\\\/#website\"},\"primaryImageOfPage\":{\"@id\":\"https:\\\/\\\/bien-etreiris.ch\\\/de\\\/produktpraesentation\\\/aromatherapie\\\/kosmetisches-pflanzenoel\\\/hanfoel\\\/#primaryimage\"},\"image\":{\"@id\":\"https:\\\/\\\/bien-etreiris.ch\\\/de\\\/produktpraesentation\\\/aromatherapie\\\/kosmetisches-pflanzenoel\\\/hanfoel\\\/#primaryimage\"},\"thumbnailUrl\":\"https:\\\/\\\/bien-etreiris.ch\\\/wp-content\\\/uploads\\\/2021\\\/03\\\/titel-chanvre-1.jpg\",\"datePublished\":\"2021-03-21T21:06:00+00:00\",\"dateModified\":\"2021-06-02T08:48:57+00:00\",\"breadcrumb\":{\"@id\":\"https:\\\/\\\/bien-etreiris.ch\\\/de\\\/produktpraesentation\\\/aromatherapie\\\/kosmetisches-pflanzenoel\\\/hanfoel\\\/#breadcrumb\"},\"inLanguage\":\"de\",\"potentialAction\":[{\"@type\":\"ReadAction\",\"target\":[\"https:\\\/\\\/bien-etreiris.ch\\\/de\\\/produktpraesentation\\\/aromatherapie\\\/kosmetisches-pflanzenoel\\\/hanfoel\\\/\"]}]},{\"@type\":\"ImageObject\",\"inLanguage\":\"de\",\"@id\":\"https:\\\/\\\/bien-etreiris.ch\\\/de\\\/produktpraesentation\\\/aromatherapie\\\/kosmetisches-pflanzenoel\\\/hanfoel\\\/#primaryimage\",\"url\":\"https:\\\/\\\/bien-etreiris.ch\\\/wp-content\\\/uploads\\\/2021\\\/03\\\/titel-chanvre-1.jpg\",\"contentUrl\":\"https:\\\/\\\/bien-etreiris.ch\\\/wp-content\\\/uploads\\\/2021\\\/03\\\/titel-chanvre-1.jpg\",\"width\":500,\"height\":334},{\"@type\":\"BreadcrumbList\",\"@id\":\"https:\\\/\\\/bien-etreiris.ch\\\/de\\\/produktpraesentation\\\/aromatherapie\\\/kosmetisches-pflanzenoel\\\/hanfoel\\\/#breadcrumb\",\"itemListElement\":[{\"@type\":\"ListItem\",\"position\":1,\"name\":\"Home\",\"item\":\"https:\\\/\\\/bien-etreiris.ch\\\/de\\\/\"},{\"@type\":\"ListItem\",\"position\":2,\"name\":\"PRODUKTPR\u00c4SENTATION\",\"item\":\"https:\\\/\\\/bien-etreiris.ch\\\/de\\\/produktpraesentation\\\/\"},{\"@type\":\"ListItem\",\"position\":3,\"name\":\"AROMATHERAPIE\",\"item\":\"https:\\\/\\\/bien-etreiris.ch\\\/de\\\/produktpraesentation\\\/aromatherapie\\\/\"},{\"@type\":\"ListItem\",\"position\":4,\"name\":\"PFLANZEN\u00d6L\",\"item\":\"https:\\\/\\\/bien-etreiris.ch\\\/de\\\/produktpraesentation\\\/aromatherapie\\\/kosmetisches-pflanzenoel\\\/\"},{\"@type\":\"ListItem\",\"position\":5,\"name\":\"HANF\u00d6L\"}]},{\"@type\":\"WebSite\",\"@id\":\"https:\\\/\\\/bien-etreiris.ch\\\/de\\\/#website\",\"url\":\"https:\\\/\\\/bien-etreiris.ch\\\/de\\\/\",\"name\":\"Bien-\u00eatre Iris\",\"description\":\"IHRE Gesundheit ist uns wichtig\",\"potentialAction\":[{\"@type\":\"SearchAction\",\"target\":{\"@type\":\"EntryPoint\",\"urlTemplate\":\"https:\\\/\\\/bien-etreiris.ch\\\/de\\\/?s={search_term_string}\"},\"query-input\":{\"@type\":\"PropertyValueSpecification\",\"valueRequired\":true,\"valueName\":\"search_term_string\"}}],\"inLanguage\":\"de\"}]}<\/script>\n<!-- \/ Yoast SEO plugin. -->","yoast_head_json":{"title":"HANF\u00d6L - WOHLBEFINDEN","robots":{"index":"index","follow":"follow","max-snippet":"max-snippet:-1","max-image-preview":"max-image-preview:large","max-video-preview":"max-video-preview:-1"},"canonical":"https:\/\/bien-etreiris.ch\/de\/produktpraesentation\/aromatherapie\/kosmetisches-pflanzenoel\/hanfoel\/","og_locale":"de_DE","og_type":"article","og_title":"HANF\u00d6L - WOHLBEFINDEN","og_description":"&nbsp; &nbsp; 75 ml CHF 8.50 Nom botanique: &nbsp; Canabis sativa 100 % naturelle et pur CH - BIO 006 &nbsp; &nbsp; &nbsp; &nbsp; Cette huile press\u00e9e \u00e0 froid \u00e0 partir de graines de chanvre p\u00e9ruvien est particuli\u00e8rement adapt\u00e9e aux peaux rugueuses, enflamm\u00e9s et squameuses, par ex. pour ecz\u00e9ma. Elle s'\u00e9tale bien sur la peau est absorb\u00e9 rapidement. Puisque l'huile&nbsp;Weiter lesen","og_url":"https:\/\/bien-etreiris.ch\/de\/produktpraesentation\/aromatherapie\/kosmetisches-pflanzenoel\/hanfoel\/","og_site_name":"WOHLBEFINDEN","article_publisher":"https:\/\/www.facebook.com\/bienetreiris\/","article_modified_time":"2021-06-02T08:48:57+00:00","og_image":[{"width":500,"height":334,"url":"https:\/\/bien-etreiris.ch\/wp-content\/uploads\/2021\/03\/titel-chanvre-1.jpg","type":"image\/jpeg"}],"twitter_misc":{"Gesch\u00e4tzte Lesezeit":"2\u00a0Minuten"},"schema":{"@context":"https:\/\/schema.org","@graph":[{"@type":"WebPage","@id":"https:\/\/bien-etreiris.ch\/de\/produktpraesentation\/aromatherapie\/kosmetisches-pflanzenoel\/hanfoel\/","url":"https:\/\/bien-etreiris.ch\/de\/produktpraesentation\/aromatherapie\/kosmetisches-pflanzenoel\/hanfoel\/","name":"HANF\u00d6L - WOHLBEFINDEN","isPartOf":{"@id":"https:\/\/bien-etreiris.ch\/de\/#website"},"primaryImageOfPage":{"@id":"https:\/\/bien-etreiris.ch\/de\/produktpraesentation\/aromatherapie\/kosmetisches-pflanzenoel\/hanfoel\/#primaryimage"},"image":{"@id":"https:\/\/bien-etreiris.ch\/de\/produktpraesentation\/aromatherapie\/kosmetisches-pflanzenoel\/hanfoel\/#primaryimage"},"thumbnailUrl":"https:\/\/bien-etreiris.ch\/wp-content\/uploads\/2021\/03\/titel-chanvre-1.jpg","datePublished":"2021-03-21T21:06:00+00:00","dateModified":"2021-06-02T08:48:57+00:00","breadcrumb":{"@id":"https:\/\/bien-etreiris.ch\/de\/produktpraesentation\/aromatherapie\/kosmetisches-pflanzenoel\/hanfoel\/#breadcrumb"},"inLanguage":"de","potentialAction":[{"@type":"ReadAction","target":["https:\/\/bien-etreiris.ch\/de\/produktpraesentation\/aromatherapie\/kosmetisches-pflanzenoel\/hanfoel\/"]}]},{"@type":"ImageObject","inLanguage":"de","@id":"https:\/\/bien-etreiris.ch\/de\/produktpraesentation\/aromatherapie\/kosmetisches-pflanzenoel\/hanfoel\/#primaryimage","url":"https:\/\/bien-etreiris.ch\/wp-content\/uploads\/2021\/03\/titel-chanvre-1.jpg","contentUrl":"https:\/\/bien-etreiris.ch\/wp-content\/uploads\/2021\/03\/titel-chanvre-1.jpg","width":500,"height":334},{"@type":"BreadcrumbList","@id":"https:\/\/bien-etreiris.ch\/de\/produktpraesentation\/aromatherapie\/kosmetisches-pflanzenoel\/hanfoel\/#breadcrumb","itemListElement":[{"@type":"ListItem","position":1,"name":"Home","item":"https:\/\/bien-etreiris.ch\/de\/"},{"@type":"ListItem","position":2,"name":"PRODUKTPR\u00c4SENTATION","item":"https:\/\/bien-etreiris.ch\/de\/produktpraesentation\/"},{"@type":"ListItem","position":3,"name":"AROMATHERAPIE","item":"https:\/\/bien-etreiris.ch\/de\/produktpraesentation\/aromatherapie\/"},{"@type":"ListItem","position":4,"name":"PFLANZEN\u00d6L","item":"https:\/\/bien-etreiris.ch\/de\/produktpraesentation\/aromatherapie\/kosmetisches-pflanzenoel\/"},{"@type":"ListItem","position":5,"name":"HANF\u00d6L"}]},{"@type":"WebSite","@id":"https:\/\/bien-etreiris.ch\/de\/#website","url":"https:\/\/bien-etreiris.ch\/de\/","name":"Bien-\u00eatre Iris","description":"IHRE Gesundheit ist uns wichtig","potentialAction":[{"@type":"SearchAction","target":{"@type":"EntryPoint","urlTemplate":"https:\/\/bien-etreiris.ch\/de\/?s={search_term_string}"},"query-input":{"@type":"PropertyValueSpecification","valueRequired":true,"valueName":"search_term_string"}}],"inLanguage":"de"}]}},"_links":{"self":[{"href":"https:\/\/bien-etreiris.ch\/de\/wp-json\/wp\/v2\/pages\/40243","targetHints":{"allow":["GET"]}}],"collection":[{"href":"https:\/\/bien-etreiris.ch\/de\/wp-json\/wp\/v2\/pages"}],"about":[{"href":"https:\/\/bien-etreiris.ch\/de\/wp-json\/wp\/v2\/types\/page"}],"author":[{"embeddable":true,"href":"https:\/\/bien-etreiris.ch\/de\/wp-json\/wp\/v2\/users\/1"}],"replies":[{"embeddable":true,"href":"https:\/\/bien-etreiris.ch\/de\/wp-json\/wp\/v2\/comments?post=40243"}],"version-history":[{"count":4,"href":"https:\/\/bien-etreiris.ch\/de\/wp-json\/wp\/v2\/pages\/40243\/revisions"}],"predecessor-version":[{"id":48807,"href":"https:\/\/bien-etreiris.ch\/de\/wp-json\/wp\/v2\/pages\/40243\/revisions\/48807"}],"up":[{"embeddable":true,"href":"https:\/\/bien-etreiris.ch\/de\/wp-json\/wp\/v2\/pages\/40140"}],"wp:featuredmedia":[{"embeddable":true,"href":"https:\/\/bien-etreiris.ch\/de\/wp-json\/wp\/v2\/media\/40315"}],"wp:attachment":[{"href":"https:\/\/bien-etreiris.ch\/de\/wp-json\/wp\/v2\/media?parent=40243"}],"curies":[{"name":"wp","href":"https:\/\/api.w.org\/{rel}","templated":true}]}}