{"id":40224,"date":"2021-03-21T20:50:42","date_gmt":"2021-03-21T20:50:42","guid":{"rendered":"https:\/\/bien-etreiris.ch\/?page_id=40224"},"modified":"2021-06-02T10:44:35","modified_gmt":"2021-06-02T08:44:35","slug":"arganoel","status":"publish","type":"page","link":"https:\/\/bien-etreiris.ch\/de\/produktpraesentation\/aromatherapie\/kosmetisches-pflanzenoel\/arganoel\/","title":{"rendered":"ARGAN\u00d6L"},"content":{"rendered":"<h2>&nbsp;<\/h2>\n<p><a href=\"https:\/\/decoiris.ch\/wp-content\/uploads\/2019\/07\/Huile-dargan.png\"><img loading=\"lazy\" decoding=\"async\" class=\"wp-image-22860 alignleft\" src=\"https:\/\/decoiris.ch\/wp-content\/uploads\/2019\/07\/Huile-dargan-300x300.png\" sizes=\"auto, (max-width: 255px) 100vw, 255px\" srcset=\"https:\/\/decoiris.ch\/wp-content\/uploads\/2019\/07\/Huile-dargan-300x300.png 300w, https:\/\/decoiris.ch\/wp-content\/uploads\/2019\/07\/Huile-dargan-150x150.png 150w, https:\/\/decoiris.ch\/wp-content\/uploads\/2019\/07\/Huile-dargan-768x768.png 768w, https:\/\/decoiris.ch\/wp-content\/uploads\/2019\/07\/Huile-dargan.png 800w\" alt=\"\" width=\"255\" height=\"255\"><\/a><strong>75 ml CHF 15.00<\/strong><\/p>\n<p>Nom botanique: Argania spinosa<\/p>\n<p><strong>100 % naturelle et pur<\/strong><\/p>\n<p><strong>CH - BIO 006<\/strong><\/p>\n<h4>&nbsp;<\/h4>\n<p>&nbsp;<\/p>\n<p>&nbsp;<\/p>\n<p>La pr\u00e9cieuse huile d\u2019argan du Maroc pr\u00e9vient le vieillissement pr\u00e9matur\u00e9 de la peau et prot\u00e8ge des radicaux libres nocifs. Elle favorise le renouvellement cellulaire et prot\u00e8ge la peau de la perte d'humidit\u00e9. L'huile d'argan est riche en vitamine E.<\/p>\n<p><img loading=\"lazy\" decoding=\"async\" class=\"wp-image-22998 size-full alignleft\" src=\"https:\/\/decoiris.ch\/wp-content\/uploads\/2019\/07\/argan-seitentitel-sehr-gut.jpg\" sizes=\"auto, (max-width: 450px) 100vw, 450px\" srcset=\"https:\/\/decoiris.ch\/wp-content\/uploads\/2019\/07\/argan-seitentitel-sehr-gut.jpg 450w, https:\/\/decoiris.ch\/wp-content\/uploads\/2019\/07\/argan-seitentitel-sehr-gut-149x300.jpg 149w\" alt=\"\" width=\"450\" height=\"907\"><strong>Nom biologique<\/strong><\/p>\n<p>Argania spinosa<\/p>\n<p><strong>Protection et vitalisation<\/strong><br \/>\nLa pr\u00e9cieuse huile d\u2019argan biologique est extraite du noyau de l\u2019arganier du Maroc, l\u2019un des plus anciens au monde. L'huile d'argan est \u00e9galement appel\u00e9e, \u00e0 juste titre, huile protectrice et est l'une des huiles v\u00e9g\u00e9tales les plus pr\u00e9cieuses.<br \/>\nL'huile d'argan est une fontaine naturelle de jeunesse pour la peau. Elle neutralise le vieillissement pr\u00e9matur\u00e9 de la peau, apporte vitalit\u00e9 et r\u00e9sistance \u00e0 la peau et aux cheveux. L'huile neutralise les rides et hydrate. Elle nourrit la peau stress\u00e9e et la maintient souple. Elle r\u00e9g\u00e9n\u00e8re la peau irrit\u00e9e et r\u00e9duit les d\u00e9mangeaisons.<br \/>\n<strong><br \/>\nIngr\u00e9dients sp\u00e9ciaux<\/strong><br \/>\nL'huile d'argan est une excellente source de vitamine E. Son pr\u00e9cieux effet antioxydant repousse les radicaux libres au niveau cellulaire. Les phytost\u00e9rols provoquent la r\u00e9g\u00e9n\u00e9ration et la stabilisation d'une fonction de barri\u00e8re cutan\u00e9e non \u00e9quilibr\u00e9e. La partie pr\u00e9cieuse de l'acide linol\u00e9ique prot\u00e8ge contre la d\u00e9shydratation, apporte \u00e9lasticit\u00e9 et vitalit\u00e9.<\/p>\n<p><strong>Application externe<\/strong><br \/>\nElle assure le soin de chaque peau de chaque cheveu et convient \u00e9galement au soin de la barbe.<\/p>\n<p><strong>Pays d\u2019origine <\/strong><\/p>\n<p>Maroc<\/p>\n<p><strong>Extraction <\/strong><\/p>\n<p>100% de graines d'argan biologiques<\/p>\n<p>Press\u00e9es \u00e0 froid (Huile de graines d'Argania Spinosa)<\/p>\n<p><strong>&nbsp;Prix<\/strong><\/p>\n<p>&nbsp;&nbsp;&nbsp; 75 ml&nbsp; CHF&nbsp;&nbsp; 19.00<\/p>\n<p>1000 ml CHF 145.00<\/p>\n<p><strong>Int\u00e9ressant \u00e0 savoir<\/strong><br \/>\nPour un litre d'huile d'argan pure, vous avez besoin de 30 kg de fruits, soit la r\u00e9colte de 4-5 arbres. \u00c9quitable et durable, produite par les coop\u00e9rations de femmes<\/p>\n","protected":false},"excerpt":{"rendered":"<p>&nbsp; 75 ml CHF 15.00 Nom botanique: Argania spinosa 100 % naturelle et pur CH - BIO 006 &nbsp; &nbsp; &nbsp; La pr\u00e9cieuse huile d\u2019argan du Maroc pr\u00e9vient le vieillissement pr\u00e9matur\u00e9 de la peau et prot\u00e8ge des radicaux libres nocifs. Elle favorise le renouvellement cellulaire et prot\u00e8ge la peau de la perte d'humidit\u00e9. L'huile d'argan est riche en vitamine E.&nbsp;<a href=\"https:\/\/bien-etreiris.ch\/de\/produktpraesentation\/aromatherapie\/kosmetisches-pflanzenoel\/arganoel\/\" class=\"read-more\">Weiter lesen<\/a><\/p>\n","protected":false},"author":1,"featured_media":40221,"parent":40125,"menu_order":6238,"comment_status":"closed","ping_status":"closed","template":"page-with-child.php","meta":{"_acf_changed":false,"ngg_post_thumbnail":0,"footnotes":""},"class_list":["post-40224","page","type-page","status-publish","has-post-thumbnail","hentry"],"acf":[],"yoast_head":"<!-- This site is optimized with the Yoast SEO plugin v27.6 - https:\/\/yoast.com\/product\/yoast-seo-wordpress\/ -->\n<title>ARGAN\u00d6L - WOHLBEFINDEN<\/title>\n<meta name=\"robots\" content=\"index, follow, max-snippet:-1, max-image-preview:large, max-video-preview:-1\" \/>\n<link rel=\"canonical\" href=\"https:\/\/bien-etreiris.ch\/de\/produktpraesentation\/aromatherapie\/kosmetisches-pflanzenoel\/arganoel\/\" \/>\n<meta property=\"og:locale\" content=\"de_DE\" \/>\n<meta property=\"og:type\" content=\"article\" \/>\n<meta property=\"og:title\" content=\"ARGAN\u00d6L - WOHLBEFINDEN\" \/>\n<meta property=\"og:description\" content=\"&nbsp; 75 ml CHF 15.00 Nom botanique: Argania spinosa 100 % naturelle et pur CH - BIO 006 &nbsp; &nbsp; &nbsp; La pr\u00e9cieuse huile d\u2019argan du Maroc pr\u00e9vient le vieillissement pr\u00e9matur\u00e9 de la peau et prot\u00e8ge des radicaux libres nocifs. Elle favorise le renouvellement cellulaire et prot\u00e8ge la peau de la perte d&#039;humidit\u00e9. L&#039;huile d&#039;argan est riche en vitamine E.&nbsp;Weiter lesen\" \/>\n<meta property=\"og:url\" content=\"https:\/\/bien-etreiris.ch\/de\/produktpraesentation\/aromatherapie\/kosmetisches-pflanzenoel\/arganoel\/\" \/>\n<meta property=\"og:site_name\" content=\"WOHLBEFINDEN\" \/>\n<meta property=\"article:publisher\" content=\"https:\/\/www.facebook.com\/bienetreiris\/\" \/>\n<meta property=\"article:modified_time\" content=\"2021-06-02T08:44:35+00:00\" \/>\n<meta property=\"og:image\" content=\"https:\/\/bien-etreiris.ch\/wp-content\/uploads\/2021\/03\/titel-argan.jpg\" \/>\n\t<meta property=\"og:image:width\" content=\"500\" \/>\n\t<meta property=\"og:image:height\" content=\"364\" \/>\n\t<meta property=\"og:image:type\" content=\"image\/jpeg\" \/>\n<meta name=\"twitter:label1\" content=\"Gesch\u00e4tzte Lesezeit\" \/>\n\t<meta name=\"twitter:data1\" content=\"2\u00a0Minuten\" \/>\n<script type=\"application\/ld+json\" class=\"yoast-schema-graph\">{\"@context\":\"https:\\\/\\\/schema.org\",\"@graph\":[{\"@type\":\"WebPage\",\"@id\":\"https:\\\/\\\/bien-etreiris.ch\\\/de\\\/produktpraesentation\\\/aromatherapie\\\/kosmetisches-pflanzenoel\\\/arganoel\\\/\",\"url\":\"https:\\\/\\\/bien-etreiris.ch\\\/de\\\/produktpraesentation\\\/aromatherapie\\\/kosmetisches-pflanzenoel\\\/arganoel\\\/\",\"name\":\"ARGAN\u00d6L - WOHLBEFINDEN\",\"isPartOf\":{\"@id\":\"https:\\\/\\\/bien-etreiris.ch\\\/de\\\/#website\"},\"primaryImageOfPage\":{\"@id\":\"https:\\\/\\\/bien-etreiris.ch\\\/de\\\/produktpraesentation\\\/aromatherapie\\\/kosmetisches-pflanzenoel\\\/arganoel\\\/#primaryimage\"},\"image\":{\"@id\":\"https:\\\/\\\/bien-etreiris.ch\\\/de\\\/produktpraesentation\\\/aromatherapie\\\/kosmetisches-pflanzenoel\\\/arganoel\\\/#primaryimage\"},\"thumbnailUrl\":\"https:\\\/\\\/bien-etreiris.ch\\\/wp-content\\\/uploads\\\/2021\\\/03\\\/titel-argan.jpg\",\"datePublished\":\"2021-03-21T20:50:42+00:00\",\"dateModified\":\"2021-06-02T08:44:35+00:00\",\"breadcrumb\":{\"@id\":\"https:\\\/\\\/bien-etreiris.ch\\\/de\\\/produktpraesentation\\\/aromatherapie\\\/kosmetisches-pflanzenoel\\\/arganoel\\\/#breadcrumb\"},\"inLanguage\":\"de\",\"potentialAction\":[{\"@type\":\"ReadAction\",\"target\":[\"https:\\\/\\\/bien-etreiris.ch\\\/de\\\/produktpraesentation\\\/aromatherapie\\\/kosmetisches-pflanzenoel\\\/arganoel\\\/\"]}]},{\"@type\":\"ImageObject\",\"inLanguage\":\"de\",\"@id\":\"https:\\\/\\\/bien-etreiris.ch\\\/de\\\/produktpraesentation\\\/aromatherapie\\\/kosmetisches-pflanzenoel\\\/arganoel\\\/#primaryimage\",\"url\":\"https:\\\/\\\/bien-etreiris.ch\\\/wp-content\\\/uploads\\\/2021\\\/03\\\/titel-argan.jpg\",\"contentUrl\":\"https:\\\/\\\/bien-etreiris.ch\\\/wp-content\\\/uploads\\\/2021\\\/03\\\/titel-argan.jpg\",\"width\":500,\"height\":364},{\"@type\":\"BreadcrumbList\",\"@id\":\"https:\\\/\\\/bien-etreiris.ch\\\/de\\\/produktpraesentation\\\/aromatherapie\\\/kosmetisches-pflanzenoel\\\/arganoel\\\/#breadcrumb\",\"itemListElement\":[{\"@type\":\"ListItem\",\"position\":1,\"name\":\"Home\",\"item\":\"https:\\\/\\\/bien-etreiris.ch\\\/de\\\/\"},{\"@type\":\"ListItem\",\"position\":2,\"name\":\"PRODUKTPR\u00c4SENTATION\",\"item\":\"https:\\\/\\\/bien-etreiris.ch\\\/de\\\/produktpraesentation\\\/\"},{\"@type\":\"ListItem\",\"position\":3,\"name\":\"AROMATHERAPIE\",\"item\":\"https:\\\/\\\/bien-etreiris.ch\\\/de\\\/produktpraesentation\\\/aromatherapie\\\/\"},{\"@type\":\"ListItem\",\"position\":4,\"name\":\"PFLANZEN\u00d6L\",\"item\":\"https:\\\/\\\/bien-etreiris.ch\\\/de\\\/produktpraesentation\\\/aromatherapie\\\/kosmetisches-pflanzenoel\\\/\"},{\"@type\":\"ListItem\",\"position\":5,\"name\":\"ARGAN\u00d6L\"}]},{\"@type\":\"WebSite\",\"@id\":\"https:\\\/\\\/bien-etreiris.ch\\\/de\\\/#website\",\"url\":\"https:\\\/\\\/bien-etreiris.ch\\\/de\\\/\",\"name\":\"Bien-\u00eatre Iris\",\"description\":\"IHRE Gesundheit ist uns wichtig\",\"potentialAction\":[{\"@type\":\"SearchAction\",\"target\":{\"@type\":\"EntryPoint\",\"urlTemplate\":\"https:\\\/\\\/bien-etreiris.ch\\\/de\\\/?s={search_term_string}\"},\"query-input\":{\"@type\":\"PropertyValueSpecification\",\"valueRequired\":true,\"valueName\":\"search_term_string\"}}],\"inLanguage\":\"de\"}]}<\/script>\n<!-- \/ Yoast SEO plugin. -->","yoast_head_json":{"title":"ARGAN\u00d6L - WOHLBEFINDEN","robots":{"index":"index","follow":"follow","max-snippet":"max-snippet:-1","max-image-preview":"max-image-preview:large","max-video-preview":"max-video-preview:-1"},"canonical":"https:\/\/bien-etreiris.ch\/de\/produktpraesentation\/aromatherapie\/kosmetisches-pflanzenoel\/arganoel\/","og_locale":"de_DE","og_type":"article","og_title":"ARGAN\u00d6L - WOHLBEFINDEN","og_description":"&nbsp; 75 ml CHF 15.00 Nom botanique: Argania spinosa 100 % naturelle et pur CH - BIO 006 &nbsp; &nbsp; &nbsp; La pr\u00e9cieuse huile d\u2019argan du Maroc pr\u00e9vient le vieillissement pr\u00e9matur\u00e9 de la peau et prot\u00e8ge des radicaux libres nocifs. Elle favorise le renouvellement cellulaire et prot\u00e8ge la peau de la perte d'humidit\u00e9. L'huile d'argan est riche en vitamine E.&nbsp;Weiter lesen","og_url":"https:\/\/bien-etreiris.ch\/de\/produktpraesentation\/aromatherapie\/kosmetisches-pflanzenoel\/arganoel\/","og_site_name":"WOHLBEFINDEN","article_publisher":"https:\/\/www.facebook.com\/bienetreiris\/","article_modified_time":"2021-06-02T08:44:35+00:00","og_image":[{"width":500,"height":364,"url":"https:\/\/bien-etreiris.ch\/wp-content\/uploads\/2021\/03\/titel-argan.jpg","type":"image\/jpeg"}],"twitter_misc":{"Gesch\u00e4tzte Lesezeit":"2\u00a0Minuten"},"schema":{"@context":"https:\/\/schema.org","@graph":[{"@type":"WebPage","@id":"https:\/\/bien-etreiris.ch\/de\/produktpraesentation\/aromatherapie\/kosmetisches-pflanzenoel\/arganoel\/","url":"https:\/\/bien-etreiris.ch\/de\/produktpraesentation\/aromatherapie\/kosmetisches-pflanzenoel\/arganoel\/","name":"ARGAN\u00d6L - WOHLBEFINDEN","isPartOf":{"@id":"https:\/\/bien-etreiris.ch\/de\/#website"},"primaryImageOfPage":{"@id":"https:\/\/bien-etreiris.ch\/de\/produktpraesentation\/aromatherapie\/kosmetisches-pflanzenoel\/arganoel\/#primaryimage"},"image":{"@id":"https:\/\/bien-etreiris.ch\/de\/produktpraesentation\/aromatherapie\/kosmetisches-pflanzenoel\/arganoel\/#primaryimage"},"thumbnailUrl":"https:\/\/bien-etreiris.ch\/wp-content\/uploads\/2021\/03\/titel-argan.jpg","datePublished":"2021-03-21T20:50:42+00:00","dateModified":"2021-06-02T08:44:35+00:00","breadcrumb":{"@id":"https:\/\/bien-etreiris.ch\/de\/produktpraesentation\/aromatherapie\/kosmetisches-pflanzenoel\/arganoel\/#breadcrumb"},"inLanguage":"de","potentialAction":[{"@type":"ReadAction","target":["https:\/\/bien-etreiris.ch\/de\/produktpraesentation\/aromatherapie\/kosmetisches-pflanzenoel\/arganoel\/"]}]},{"@type":"ImageObject","inLanguage":"de","@id":"https:\/\/bien-etreiris.ch\/de\/produktpraesentation\/aromatherapie\/kosmetisches-pflanzenoel\/arganoel\/#primaryimage","url":"https:\/\/bien-etreiris.ch\/wp-content\/uploads\/2021\/03\/titel-argan.jpg","contentUrl":"https:\/\/bien-etreiris.ch\/wp-content\/uploads\/2021\/03\/titel-argan.jpg","width":500,"height":364},{"@type":"BreadcrumbList","@id":"https:\/\/bien-etreiris.ch\/de\/produktpraesentation\/aromatherapie\/kosmetisches-pflanzenoel\/arganoel\/#breadcrumb","itemListElement":[{"@type":"ListItem","position":1,"name":"Home","item":"https:\/\/bien-etreiris.ch\/de\/"},{"@type":"ListItem","position":2,"name":"PRODUKTPR\u00c4SENTATION","item":"https:\/\/bien-etreiris.ch\/de\/produktpraesentation\/"},{"@type":"ListItem","position":3,"name":"AROMATHERAPIE","item":"https:\/\/bien-etreiris.ch\/de\/produktpraesentation\/aromatherapie\/"},{"@type":"ListItem","position":4,"name":"PFLANZEN\u00d6L","item":"https:\/\/bien-etreiris.ch\/de\/produktpraesentation\/aromatherapie\/kosmetisches-pflanzenoel\/"},{"@type":"ListItem","position":5,"name":"ARGAN\u00d6L"}]},{"@type":"WebSite","@id":"https:\/\/bien-etreiris.ch\/de\/#website","url":"https:\/\/bien-etreiris.ch\/de\/","name":"Bien-\u00eatre Iris","description":"IHRE Gesundheit ist uns wichtig","potentialAction":[{"@type":"SearchAction","target":{"@type":"EntryPoint","urlTemplate":"https:\/\/bien-etreiris.ch\/de\/?s={search_term_string}"},"query-input":{"@type":"PropertyValueSpecification","valueRequired":true,"valueName":"search_term_string"}}],"inLanguage":"de"}]}},"_links":{"self":[{"href":"https:\/\/bien-etreiris.ch\/de\/wp-json\/wp\/v2\/pages\/40224","targetHints":{"allow":["GET"]}}],"collection":[{"href":"https:\/\/bien-etreiris.ch\/de\/wp-json\/wp\/v2\/pages"}],"about":[{"href":"https:\/\/bien-etreiris.ch\/de\/wp-json\/wp\/v2\/types\/page"}],"author":[{"embeddable":true,"href":"https:\/\/bien-etreiris.ch\/de\/wp-json\/wp\/v2\/users\/1"}],"replies":[{"embeddable":true,"href":"https:\/\/bien-etreiris.ch\/de\/wp-json\/wp\/v2\/comments?post=40224"}],"version-history":[{"count":2,"href":"https:\/\/bien-etreiris.ch\/de\/wp-json\/wp\/v2\/pages\/40224\/revisions"}],"predecessor-version":[{"id":48802,"href":"https:\/\/bien-etreiris.ch\/de\/wp-json\/wp\/v2\/pages\/40224\/revisions\/48802"}],"up":[{"embeddable":true,"href":"https:\/\/bien-etreiris.ch\/de\/wp-json\/wp\/v2\/pages\/40125"}],"wp:featuredmedia":[{"embeddable":true,"href":"https:\/\/bien-etreiris.ch\/de\/wp-json\/wp\/v2\/media\/40221"}],"wp:attachment":[{"href":"https:\/\/bien-etreiris.ch\/de\/wp-json\/wp\/v2\/media?parent=40224"}],"curies":[{"name":"wp","href":"https:\/\/api.w.org\/{rel}","templated":true}]}}