{"id":40207,"date":"2021-03-21T20:32:28","date_gmt":"2021-03-21T20:32:28","guid":{"rendered":"https:\/\/bien-etreiris.ch\/?page_id=40207"},"modified":"2021-06-02T10:42:21","modified_gmt":"2021-06-02T08:42:21","slug":"mandeloel","status":"publish","type":"page","link":"https:\/\/bien-etreiris.ch\/de\/produktpraesentation\/aromatherapie\/kosmetisches-pflanzenoel\/mandeloel\/","title":{"rendered":"MANDEL\u00d6L"},"content":{"rendered":"<h2>&nbsp;<\/h2>\n<p><a href=\"https:\/\/decoiris.ch\/wp-content\/uploads\/2019\/07\/huile-damande.png\"><img loading=\"lazy\" decoding=\"async\" class=\"wp-image-22857 alignleft\" src=\"https:\/\/decoiris.ch\/wp-content\/uploads\/2019\/07\/huile-damande-300x300.png\" sizes=\"auto, (max-width: 255px) 100vw, 255px\" srcset=\"https:\/\/decoiris.ch\/wp-content\/uploads\/2019\/07\/huile-damande-300x300.png 300w, https:\/\/decoiris.ch\/wp-content\/uploads\/2019\/07\/huile-damande-150x150.png 150w, https:\/\/decoiris.ch\/wp-content\/uploads\/2019\/07\/huile-damande-768x768.png 768w, https:\/\/decoiris.ch\/wp-content\/uploads\/2019\/07\/huile-damande.png 800w\" alt=\"\" width=\"255\" height=\"255\"><\/a><\/p>\n<p><strong>75 ml CHF 9.80<\/strong><\/p>\n<p>Nom botanique: <strong>&nbsp;<\/strong> Prunus amygdalus dulcis<\/p>\n<p><strong>100 % naturelle et pur<\/strong><\/p>\n<p><strong>CH - BIO 006<\/strong><\/p>\n<h4>&nbsp;<\/h4>\n<p>&nbsp;<\/p>\n<p>&nbsp;<\/p>\n<p>Cette huile jaune p\u00e2le au l\u00e9ger parfum d'amande est probablement l'huile la plus connue pour les soins du visage et du corps. Elle a un effet nourrissant, adoucissant et est bien pour la peau. Elle est utilis\u00e9e plus particuli\u00e8rement pour le massage doux des b\u00e9b\u00e9s.<\/p>\n<p>&nbsp;<\/p>\n<p><a href=\"https:\/\/decoiris.ch\/wp-content\/uploads\/2019\/07\/huil-damande-douce-seitenbild.jpg\"><img loading=\"lazy\" decoding=\"async\" class=\"wp-image-23006 size-full alignleft\" src=\"https:\/\/decoiris.ch\/wp-content\/uploads\/2019\/07\/huil-damande-douce-seitenbild.jpg\" sizes=\"auto, (max-width: 450px) 100vw, 450px\" srcset=\"https:\/\/decoiris.ch\/wp-content\/uploads\/2019\/07\/huil-damande-douce-seitenbild.jpg 450w, https:\/\/decoiris.ch\/wp-content\/uploads\/2019\/07\/huil-damande-douce-seitenbild-142x300.jpg 142w\" alt=\"\" width=\"450\" height=\"950\"><\/a><strong>Nom biologique<\/strong><strong><br \/>\n<\/strong>Prunus amygdalus dulcis<\/p>\n<p><strong><br \/>\nBienveillante et protectrice<\/strong><br \/>\nL'huile d'amande pure, obtenue \u00e0 partir de l'amande douce, est un produit classique du soin du corps. Elle offre une compatibilit\u00e9 \u00e9lev\u00e9e et est inodore. L'huile d'amande particuli\u00e8rement protectrice et nourrissante, convienne, aux peaux sensibles aux soins du visage et du corps de toute la famille. En massoth\u00e9rapie et en aromath\u00e9rapie, elle est souvent utilis\u00e9e pour les peaux sensibles en tant qu\u2019huile de base.<\/p>\n<p><strong>Ingr\u00e9dients sp\u00e9ciaux<\/strong><br \/>\nL'huile d'amande contienne de la vitamine A, ainsi que des vitamines du groupe B et principalement de l'alpha-tocoph\u00e9rol (vitamine E), un antioxydant efficace qui repousse les radicaux libres. L'acide linol\u00e9ique hydrate efficacement, prot\u00e8ge contre la d\u00e9shydratation et donne un teint \u00e9clatant.<\/p>\n<p><strong>Application externe<\/strong><br \/>\nAppliquez comme huile de soin en fonction des besoins de la peau et des cheveux puis laisser agir. Particularit\u00e9 : Selon des \u00e9tudes r\u00e9centes, elle p\u00e9n\u00e8tre tr\u00e8s profond\u00e9ment dans la couche corn\u00e9e (couche corn\u00e9e).<\/p>\n<p><strong>Important \u00e0 savoir<\/strong><br \/>\nSi une allergie aux noix est connue, nous vous recommandons d'effectuer un test de compatibilit\u00e9 sur une petite surface de peau avant utilisation.<\/p>\n<p><strong>Pays d'origine<\/strong><br \/>\nEspagne<\/p>\n<p><strong>R\u00e9cup\u00e9ration<\/strong><br \/>\n100% d'amandes biologiques press\u00e9es \u00e0 froid (huile de Prunus amygdalus dulcis)<\/p>\n<p><strong>Prix<\/strong><br \/>\n&nbsp;&nbsp;&nbsp;&nbsp; 75 ml&nbsp; CHF&nbsp; 14.00<\/p>\n<p>1000 ml &nbsp;CHF &nbsp;99.00<\/p>\n<p><strong>Int\u00e9ressant \u00e0 savoir<\/strong><br \/>\nPour la production d'huile d'amande pure, l\u2019extraction se fait uniquement par l'amande douce par contre l\u2019amande am\u00e8re contienne de l'acide cyanhydrique toxique.<\/p>\n<p>&nbsp;<\/p>\n","protected":false},"excerpt":{"rendered":"<p>&nbsp; 75 ml CHF 9.80 Nom botanique: &nbsp; Prunus amygdalus dulcis 100 % naturelle et pur CH - BIO 006 &nbsp; &nbsp; &nbsp; Cette huile jaune p\u00e2le au l\u00e9ger parfum d'amande est probablement l'huile la plus connue pour les soins du visage et du corps. Elle a un effet nourrissant, adoucissant et est bien pour la peau. Elle est utilis\u00e9e&nbsp;<a href=\"https:\/\/bien-etreiris.ch\/de\/produktpraesentation\/aromatherapie\/kosmetisches-pflanzenoel\/mandeloel\/\" class=\"read-more\">Weiter lesen<\/a><\/p>\n","protected":false},"author":1,"featured_media":40210,"parent":40125,"menu_order":6241,"comment_status":"closed","ping_status":"closed","template":"page-with-child.php","meta":{"_acf_changed":false,"ngg_post_thumbnail":0,"footnotes":""},"class_list":["post-40207","page","type-page","status-publish","has-post-thumbnail","hentry"],"acf":[],"yoast_head":"<!-- This site is optimized with the Yoast SEO plugin v27.6 - https:\/\/yoast.com\/product\/yoast-seo-wordpress\/ -->\n<title>MANDEL\u00d6L - WOHLBEFINDEN<\/title>\n<meta name=\"robots\" content=\"index, follow, max-snippet:-1, max-image-preview:large, max-video-preview:-1\" \/>\n<link rel=\"canonical\" href=\"https:\/\/bien-etreiris.ch\/de\/produktpraesentation\/aromatherapie\/kosmetisches-pflanzenoel\/mandeloel\/\" \/>\n<meta property=\"og:locale\" content=\"de_DE\" \/>\n<meta property=\"og:type\" content=\"article\" \/>\n<meta property=\"og:title\" content=\"MANDEL\u00d6L - WOHLBEFINDEN\" \/>\n<meta property=\"og:description\" content=\"&nbsp; 75 ml CHF 9.80 Nom botanique: &nbsp; Prunus amygdalus dulcis 100 % naturelle et pur CH - BIO 006 &nbsp; &nbsp; &nbsp; Cette huile jaune p\u00e2le au l\u00e9ger parfum d&#039;amande est probablement l&#039;huile la plus connue pour les soins du visage et du corps. Elle a un effet nourrissant, adoucissant et est bien pour la peau. Elle est utilis\u00e9e&nbsp;Weiter lesen\" \/>\n<meta property=\"og:url\" content=\"https:\/\/bien-etreiris.ch\/de\/produktpraesentation\/aromatherapie\/kosmetisches-pflanzenoel\/mandeloel\/\" \/>\n<meta property=\"og:site_name\" content=\"WOHLBEFINDEN\" \/>\n<meta property=\"article:publisher\" content=\"https:\/\/www.facebook.com\/bienetreiris\/\" \/>\n<meta property=\"article:modified_time\" content=\"2021-06-02T08:42:21+00:00\" \/>\n<meta property=\"og:image\" content=\"https:\/\/bien-etreiris.ch\/wp-content\/uploads\/2021\/03\/acceuil-huile-damande-douce.jpg\" \/>\n\t<meta property=\"og:image:width\" content=\"500\" \/>\n\t<meta property=\"og:image:height\" content=\"334\" \/>\n\t<meta property=\"og:image:type\" content=\"image\/jpeg\" \/>\n<meta name=\"twitter:label1\" content=\"Gesch\u00e4tzte Lesezeit\" \/>\n\t<meta name=\"twitter:data1\" content=\"2\u00a0Minuten\" \/>\n<script type=\"application\/ld+json\" class=\"yoast-schema-graph\">{\"@context\":\"https:\\\/\\\/schema.org\",\"@graph\":[{\"@type\":\"WebPage\",\"@id\":\"https:\\\/\\\/bien-etreiris.ch\\\/de\\\/produktpraesentation\\\/aromatherapie\\\/kosmetisches-pflanzenoel\\\/mandeloel\\\/\",\"url\":\"https:\\\/\\\/bien-etreiris.ch\\\/de\\\/produktpraesentation\\\/aromatherapie\\\/kosmetisches-pflanzenoel\\\/mandeloel\\\/\",\"name\":\"MANDEL\u00d6L - WOHLBEFINDEN\",\"isPartOf\":{\"@id\":\"https:\\\/\\\/bien-etreiris.ch\\\/de\\\/#website\"},\"primaryImageOfPage\":{\"@id\":\"https:\\\/\\\/bien-etreiris.ch\\\/de\\\/produktpraesentation\\\/aromatherapie\\\/kosmetisches-pflanzenoel\\\/mandeloel\\\/#primaryimage\"},\"image\":{\"@id\":\"https:\\\/\\\/bien-etreiris.ch\\\/de\\\/produktpraesentation\\\/aromatherapie\\\/kosmetisches-pflanzenoel\\\/mandeloel\\\/#primaryimage\"},\"thumbnailUrl\":\"https:\\\/\\\/bien-etreiris.ch\\\/wp-content\\\/uploads\\\/2021\\\/03\\\/acceuil-huile-damande-douce.jpg\",\"datePublished\":\"2021-03-21T20:32:28+00:00\",\"dateModified\":\"2021-06-02T08:42:21+00:00\",\"breadcrumb\":{\"@id\":\"https:\\\/\\\/bien-etreiris.ch\\\/de\\\/produktpraesentation\\\/aromatherapie\\\/kosmetisches-pflanzenoel\\\/mandeloel\\\/#breadcrumb\"},\"inLanguage\":\"de\",\"potentialAction\":[{\"@type\":\"ReadAction\",\"target\":[\"https:\\\/\\\/bien-etreiris.ch\\\/de\\\/produktpraesentation\\\/aromatherapie\\\/kosmetisches-pflanzenoel\\\/mandeloel\\\/\"]}]},{\"@type\":\"ImageObject\",\"inLanguage\":\"de\",\"@id\":\"https:\\\/\\\/bien-etreiris.ch\\\/de\\\/produktpraesentation\\\/aromatherapie\\\/kosmetisches-pflanzenoel\\\/mandeloel\\\/#primaryimage\",\"url\":\"https:\\\/\\\/bien-etreiris.ch\\\/wp-content\\\/uploads\\\/2021\\\/03\\\/acceuil-huile-damande-douce.jpg\",\"contentUrl\":\"https:\\\/\\\/bien-etreiris.ch\\\/wp-content\\\/uploads\\\/2021\\\/03\\\/acceuil-huile-damande-douce.jpg\",\"width\":500,\"height\":334},{\"@type\":\"BreadcrumbList\",\"@id\":\"https:\\\/\\\/bien-etreiris.ch\\\/de\\\/produktpraesentation\\\/aromatherapie\\\/kosmetisches-pflanzenoel\\\/mandeloel\\\/#breadcrumb\",\"itemListElement\":[{\"@type\":\"ListItem\",\"position\":1,\"name\":\"Home\",\"item\":\"https:\\\/\\\/bien-etreiris.ch\\\/de\\\/\"},{\"@type\":\"ListItem\",\"position\":2,\"name\":\"PRODUKTPR\u00c4SENTATION\",\"item\":\"https:\\\/\\\/bien-etreiris.ch\\\/de\\\/produktpraesentation\\\/\"},{\"@type\":\"ListItem\",\"position\":3,\"name\":\"AROMATHERAPIE\",\"item\":\"https:\\\/\\\/bien-etreiris.ch\\\/de\\\/produktpraesentation\\\/aromatherapie\\\/\"},{\"@type\":\"ListItem\",\"position\":4,\"name\":\"PFLANZEN\u00d6L\",\"item\":\"https:\\\/\\\/bien-etreiris.ch\\\/de\\\/produktpraesentation\\\/aromatherapie\\\/kosmetisches-pflanzenoel\\\/\"},{\"@type\":\"ListItem\",\"position\":5,\"name\":\"MANDEL\u00d6L\"}]},{\"@type\":\"WebSite\",\"@id\":\"https:\\\/\\\/bien-etreiris.ch\\\/de\\\/#website\",\"url\":\"https:\\\/\\\/bien-etreiris.ch\\\/de\\\/\",\"name\":\"Bien-\u00eatre Iris\",\"description\":\"IHRE Gesundheit ist uns wichtig\",\"potentialAction\":[{\"@type\":\"SearchAction\",\"target\":{\"@type\":\"EntryPoint\",\"urlTemplate\":\"https:\\\/\\\/bien-etreiris.ch\\\/de\\\/?s={search_term_string}\"},\"query-input\":{\"@type\":\"PropertyValueSpecification\",\"valueRequired\":true,\"valueName\":\"search_term_string\"}}],\"inLanguage\":\"de\"}]}<\/script>\n<!-- \/ Yoast SEO plugin. -->","yoast_head_json":{"title":"MANDEL\u00d6L - WOHLBEFINDEN","robots":{"index":"index","follow":"follow","max-snippet":"max-snippet:-1","max-image-preview":"max-image-preview:large","max-video-preview":"max-video-preview:-1"},"canonical":"https:\/\/bien-etreiris.ch\/de\/produktpraesentation\/aromatherapie\/kosmetisches-pflanzenoel\/mandeloel\/","og_locale":"de_DE","og_type":"article","og_title":"MANDEL\u00d6L - WOHLBEFINDEN","og_description":"&nbsp; 75 ml CHF 9.80 Nom botanique: &nbsp; Prunus amygdalus dulcis 100 % naturelle et pur CH - BIO 006 &nbsp; &nbsp; &nbsp; Cette huile jaune p\u00e2le au l\u00e9ger parfum d'amande est probablement l'huile la plus connue pour les soins du visage et du corps. Elle a un effet nourrissant, adoucissant et est bien pour la peau. Elle est utilis\u00e9e&nbsp;Weiter lesen","og_url":"https:\/\/bien-etreiris.ch\/de\/produktpraesentation\/aromatherapie\/kosmetisches-pflanzenoel\/mandeloel\/","og_site_name":"WOHLBEFINDEN","article_publisher":"https:\/\/www.facebook.com\/bienetreiris\/","article_modified_time":"2021-06-02T08:42:21+00:00","og_image":[{"width":500,"height":334,"url":"https:\/\/bien-etreiris.ch\/wp-content\/uploads\/2021\/03\/acceuil-huile-damande-douce.jpg","type":"image\/jpeg"}],"twitter_misc":{"Gesch\u00e4tzte Lesezeit":"2\u00a0Minuten"},"schema":{"@context":"https:\/\/schema.org","@graph":[{"@type":"WebPage","@id":"https:\/\/bien-etreiris.ch\/de\/produktpraesentation\/aromatherapie\/kosmetisches-pflanzenoel\/mandeloel\/","url":"https:\/\/bien-etreiris.ch\/de\/produktpraesentation\/aromatherapie\/kosmetisches-pflanzenoel\/mandeloel\/","name":"MANDEL\u00d6L - WOHLBEFINDEN","isPartOf":{"@id":"https:\/\/bien-etreiris.ch\/de\/#website"},"primaryImageOfPage":{"@id":"https:\/\/bien-etreiris.ch\/de\/produktpraesentation\/aromatherapie\/kosmetisches-pflanzenoel\/mandeloel\/#primaryimage"},"image":{"@id":"https:\/\/bien-etreiris.ch\/de\/produktpraesentation\/aromatherapie\/kosmetisches-pflanzenoel\/mandeloel\/#primaryimage"},"thumbnailUrl":"https:\/\/bien-etreiris.ch\/wp-content\/uploads\/2021\/03\/acceuil-huile-damande-douce.jpg","datePublished":"2021-03-21T20:32:28+00:00","dateModified":"2021-06-02T08:42:21+00:00","breadcrumb":{"@id":"https:\/\/bien-etreiris.ch\/de\/produktpraesentation\/aromatherapie\/kosmetisches-pflanzenoel\/mandeloel\/#breadcrumb"},"inLanguage":"de","potentialAction":[{"@type":"ReadAction","target":["https:\/\/bien-etreiris.ch\/de\/produktpraesentation\/aromatherapie\/kosmetisches-pflanzenoel\/mandeloel\/"]}]},{"@type":"ImageObject","inLanguage":"de","@id":"https:\/\/bien-etreiris.ch\/de\/produktpraesentation\/aromatherapie\/kosmetisches-pflanzenoel\/mandeloel\/#primaryimage","url":"https:\/\/bien-etreiris.ch\/wp-content\/uploads\/2021\/03\/acceuil-huile-damande-douce.jpg","contentUrl":"https:\/\/bien-etreiris.ch\/wp-content\/uploads\/2021\/03\/acceuil-huile-damande-douce.jpg","width":500,"height":334},{"@type":"BreadcrumbList","@id":"https:\/\/bien-etreiris.ch\/de\/produktpraesentation\/aromatherapie\/kosmetisches-pflanzenoel\/mandeloel\/#breadcrumb","itemListElement":[{"@type":"ListItem","position":1,"name":"Home","item":"https:\/\/bien-etreiris.ch\/de\/"},{"@type":"ListItem","position":2,"name":"PRODUKTPR\u00c4SENTATION","item":"https:\/\/bien-etreiris.ch\/de\/produktpraesentation\/"},{"@type":"ListItem","position":3,"name":"AROMATHERAPIE","item":"https:\/\/bien-etreiris.ch\/de\/produktpraesentation\/aromatherapie\/"},{"@type":"ListItem","position":4,"name":"PFLANZEN\u00d6L","item":"https:\/\/bien-etreiris.ch\/de\/produktpraesentation\/aromatherapie\/kosmetisches-pflanzenoel\/"},{"@type":"ListItem","position":5,"name":"MANDEL\u00d6L"}]},{"@type":"WebSite","@id":"https:\/\/bien-etreiris.ch\/de\/#website","url":"https:\/\/bien-etreiris.ch\/de\/","name":"Bien-\u00eatre Iris","description":"IHRE Gesundheit ist uns wichtig","potentialAction":[{"@type":"SearchAction","target":{"@type":"EntryPoint","urlTemplate":"https:\/\/bien-etreiris.ch\/de\/?s={search_term_string}"},"query-input":{"@type":"PropertyValueSpecification","valueRequired":true,"valueName":"search_term_string"}}],"inLanguage":"de"}]}},"_links":{"self":[{"href":"https:\/\/bien-etreiris.ch\/de\/wp-json\/wp\/v2\/pages\/40207","targetHints":{"allow":["GET"]}}],"collection":[{"href":"https:\/\/bien-etreiris.ch\/de\/wp-json\/wp\/v2\/pages"}],"about":[{"href":"https:\/\/bien-etreiris.ch\/de\/wp-json\/wp\/v2\/types\/page"}],"author":[{"embeddable":true,"href":"https:\/\/bien-etreiris.ch\/de\/wp-json\/wp\/v2\/users\/1"}],"replies":[{"embeddable":true,"href":"https:\/\/bien-etreiris.ch\/de\/wp-json\/wp\/v2\/comments?post=40207"}],"version-history":[{"count":3,"href":"https:\/\/bien-etreiris.ch\/de\/wp-json\/wp\/v2\/pages\/40207\/revisions"}],"predecessor-version":[{"id":48801,"href":"https:\/\/bien-etreiris.ch\/de\/wp-json\/wp\/v2\/pages\/40207\/revisions\/48801"}],"up":[{"embeddable":true,"href":"https:\/\/bien-etreiris.ch\/de\/wp-json\/wp\/v2\/pages\/40125"}],"wp:featuredmedia":[{"embeddable":true,"href":"https:\/\/bien-etreiris.ch\/de\/wp-json\/wp\/v2\/media\/40210"}],"wp:attachment":[{"href":"https:\/\/bien-etreiris.ch\/de\/wp-json\/wp\/v2\/media?parent=40207"}],"curies":[{"name":"wp","href":"https:\/\/api.w.org\/{rel}","templated":true}]}}