{"id":40191,"date":"2021-03-21T20:13:54","date_gmt":"2021-03-21T20:13:54","guid":{"rendered":"https:\/\/bien-etreiris.ch\/?page_id=40191"},"modified":"2021-06-07T18:06:52","modified_gmt":"2021-06-07T16:06:52","slug":"kokosoel","status":"publish","type":"page","link":"https:\/\/bien-etreiris.ch\/de\/produktpraesentation\/gesundes-leben\/gesunde-lebensmittel\/zutaten-wohlbefinden\/pflanzliche-speiseoele\/kokosoel\/","title":{"rendered":"KOKOS\u00d6L"},"content":{"rendered":"<p><a href=\"https:\/\/decoiris.ch\/wp-content\/uploads\/2021\/03\/Huile-de-coco-produit.jpg\"><img loading=\"lazy\" decoding=\"async\" class=\"size-medium wp-image-40195 alignleft\" src=\"https:\/\/decoiris.ch\/wp-content\/uploads\/2021\/03\/Huile-de-coco-produit-300x300.jpg\" alt=\"\" width=\"300\" height=\"300\" srcset=\"https:\/\/bien-etreiris.ch\/wp-content\/uploads\/2021\/03\/Huile-de-coco-produit-300x300.jpg 300w, https:\/\/bien-etreiris.ch\/wp-content\/uploads\/2021\/03\/Huile-de-coco-produit-150x150.jpg 150w, https:\/\/bien-etreiris.ch\/wp-content\/uploads\/2021\/03\/Huile-de-coco-produit-768x768.jpg 768w, https:\/\/bien-etreiris.ch\/wp-content\/uploads\/2021\/03\/Huile-de-coco-produit-1024x1024.jpg 1024w, https:\/\/bien-etreiris.ch\/wp-content\/uploads\/2021\/03\/Huile-de-coco-produit.jpg 1280w\" sizes=\"auto, (max-width: 300px) 100vw, 300px\" \/><\/a><\/p>\n<p>&nbsp;<\/p>\n<p>&nbsp;<\/p>\n<h4 class=\"p-product-details__title bip-typography--headline2\"><strong data-v-20c8fc22=\"\" data-v-00ece6c5=\"\">Bio Plan\u00e8te<\/strong><\/h4>\n<p class=\"p-product-details__title bip-typography--headline2\"><strong>Graisse de noix de coco douce bio<\/strong><\/p>\n<p>950 ml <strong>CHF 18.00<\/strong><\/p>\n<p>&nbsp;<\/p>\n<p>&nbsp;<\/p>\n<p>&nbsp;<\/p>\n<p class=\"article__lead chapo title_gamma\">Bourr\u00e9e de graisses satur\u00e9es, elle se taille pourtant une place de choix dans l'alimentation-sant\u00e9. L'huile de noix de coco fait-elle mincir? Quels sont ses bienfaits?<\/p>\n<p>Ce qui surprend avec l'huile de coco, c'est pr\u00e9cis\u00e9ment que ses bienfaits sont dus \u00e0 ce qu'on lui reproche! Les recommandations pour une alimentation saine avaient autrefois tendance \u00e0 accuser les acides gras satur\u00e9s d'\u00eatre responsables de l'ob\u00e9sit\u00e9 et des maladies cardiovasculaires. L'huile de coco, malgr\u00e9 sa grande teneur en acides gras satur\u00e9s, aurait au contraire un <strong class=\"article__item--bold\">effet protecteur<\/strong> sur les <strong class=\"article__item--bold\">art\u00e8res<\/strong> et le <strong class=\"article__item--bold\">coeur<\/strong>, notamment gr\u00e2ce \u00e0 son processus de m\u00e9tabolisation: le corps utilise imm\u00e9diatement les r\u00e9serves de gras, sans les stocker. Pas de risques de d\u00e9p\u00f4ts qui pourraient, \u00e0 terme, boucher les art\u00e8res.<\/p>\n<p>En outre, certains avancent son utilit\u00e9 contre la maladie d'<strong class=\"article__item--bold\">Alzheimer<\/strong>.<\/p>\n<div class=\"article_content\">\n<div class=\"article_full_container\">\n<div class=\"article_container\" data-sticky-simple-container=\"data-sticky-simple-container\">\n<p class=\"article__item article__item--para\">Enfin, l'usage traditionnel qui est fait de cette huile dans de nombreux pays -comme en Inde- pr\u00eate \u00e0 l'huile de noix de coco des vertus <strong class=\"article__item--bold\">antibact\u00e9riennes et antimicrobiennes<\/strong>. L'acide laurique en particulier, pr\u00e9sent \u00e0 48% dans l'huile de noix de coco, aurait une efficacit\u00e9 sur les pouss\u00e9es du virus de l'herp\u00e8s.<\/p>\n<\/div>\n<\/div>\n<\/div>\n<header class=\"article_header\">\n<figure class=\"illustration cover trigger_scroll \"><figcaption class=\"illustration__caption\"><\/figcaption><\/figure>\n<\/header>\n<div class=\"article_content\">\n<div class=\"article_full_container\">\n<div class=\"article_container\" data-sticky-simple-container=\"data-sticky-simple-container\">\n<p class=\"article__item article__item--para\">L'huile de noix de coco est aussi un v\u00e9ritable atout pour les personnes <strong class=\"article__item--bold\">vegan\/v\u00e9g\u00e9taliennes<\/strong> (alimentation sans produits et sous-produits animaux) car elle se substitue parfaitement au beurre: il est ainsi possible de faire des p\u00e2tisseries ou des p\u00e2tes \u00e0 tartes aussi facilement qu'en utilisant du beurre.&nbsp;<\/p>\n<div id=\"inread_ms\" class=\"article__item article__item--pub pub_content_display\">\n<div id=\"div_inread_article\">\n<div id=\"in_article\" data-google-query-id=\"CJH7h6aSwu8CFUn6dwodgaIKww\">\n<div id=\"google_ads_iframe_\/22159819721\/web_dix\/web_dix_article_gratuit_in_article_0__container__\">&nbsp;<\/div>\n<\/div>\n<\/div>\n<\/div>\n<p class=\"article__item article__item--para\">&nbsp;<\/p>\n<\/div>\n<\/div>\n<\/div>\n","protected":false},"excerpt":{"rendered":"<p>&nbsp; &nbsp; Bio Plan\u00e8te Graisse de noix de coco douce bio 950 ml CHF 18.00 &nbsp; &nbsp; &nbsp; Bourr\u00e9e de graisses satur\u00e9es, elle se taille pourtant une place de choix dans l'alimentation-sant\u00e9. L'huile de noix de coco fait-elle mincir? Quels sont ses bienfaits? Ce qui surprend avec l'huile de coco, c'est pr\u00e9cis\u00e9ment que ses bienfaits sont dus \u00e0 ce qu'on&nbsp;<a href=\"https:\/\/bien-etreiris.ch\/de\/produktpraesentation\/gesundes-leben\/gesunde-lebensmittel\/zutaten-wohlbefinden\/pflanzliche-speiseoele\/kokosoel\/\" class=\"read-more\">Weiter lesen<\/a><\/p>\n","protected":false},"author":1,"featured_media":40194,"parent":40140,"menu_order":6244,"comment_status":"closed","ping_status":"closed","template":"page-with-child.php","meta":{"_acf_changed":false,"ngg_post_thumbnail":0,"footnotes":""},"class_list":["post-40191","page","type-page","status-publish","has-post-thumbnail","hentry"],"acf":[],"yoast_head":"<!-- This site is optimized with the Yoast SEO plugin v27.5 - https:\/\/yoast.com\/product\/yoast-seo-wordpress\/ -->\n<title>KOKOS\u00d6L - WOHLBEFINDEN<\/title>\n<meta name=\"robots\" content=\"index, follow, max-snippet:-1, max-image-preview:large, max-video-preview:-1\" \/>\n<link rel=\"canonical\" href=\"https:\/\/bien-etreiris.ch\/de\/produktpraesentation\/gesundes-leben\/gesunde-lebensmittel\/zutaten-wohlbefinden\/pflanzliche-speiseoele\/kokosoel\/\" \/>\n<meta property=\"og:locale\" content=\"de_DE\" \/>\n<meta property=\"og:type\" content=\"article\" \/>\n<meta property=\"og:title\" content=\"KOKOS\u00d6L - WOHLBEFINDEN\" \/>\n<meta property=\"og:description\" content=\"&nbsp; &nbsp; Bio Plan\u00e8te Graisse de noix de coco douce bio 950 ml CHF 18.00 &nbsp; &nbsp; &nbsp; Bourr\u00e9e de graisses satur\u00e9es, elle se taille pourtant une place de choix dans l&#039;alimentation-sant\u00e9. L&#039;huile de noix de coco fait-elle mincir? Quels sont ses bienfaits? Ce qui surprend avec l&#039;huile de coco, c&#039;est pr\u00e9cis\u00e9ment que ses bienfaits sont dus \u00e0 ce qu&#039;on&nbsp;Weiter lesen\" \/>\n<meta property=\"og:url\" content=\"https:\/\/bien-etreiris.ch\/de\/produktpraesentation\/gesundes-leben\/gesunde-lebensmittel\/zutaten-wohlbefinden\/pflanzliche-speiseoele\/kokosoel\/\" \/>\n<meta property=\"og:site_name\" content=\"WOHLBEFINDEN\" \/>\n<meta property=\"article:publisher\" content=\"https:\/\/www.facebook.com\/bienetreiris\/\" \/>\n<meta property=\"article:modified_time\" content=\"2021-06-07T16:06:52+00:00\" \/>\n<meta property=\"og:image\" content=\"https:\/\/bien-etreiris.ch\/wp-content\/uploads\/2021\/03\/Huile-de-coco.png\" \/>\n\t<meta property=\"og:image:width\" content=\"500\" \/>\n\t<meta property=\"og:image:height\" content=\"332\" \/>\n\t<meta property=\"og:image:type\" content=\"image\/png\" \/>\n<meta name=\"twitter:label1\" content=\"Gesch\u00e4tzte Lesezeit\" \/>\n\t<meta name=\"twitter:data1\" content=\"2\u00a0Minuten\" \/>\n<script type=\"application\/ld+json\" class=\"yoast-schema-graph\">{\"@context\":\"https:\\\/\\\/schema.org\",\"@graph\":[{\"@type\":\"WebPage\",\"@id\":\"https:\\\/\\\/bien-etreiris.ch\\\/de\\\/produktpraesentation\\\/gesundes-leben\\\/gesunde-lebensmittel\\\/zutaten-wohlbefinden\\\/pflanzliche-speiseoele\\\/kokosoel\\\/\",\"url\":\"https:\\\/\\\/bien-etreiris.ch\\\/de\\\/produktpraesentation\\\/gesundes-leben\\\/gesunde-lebensmittel\\\/zutaten-wohlbefinden\\\/pflanzliche-speiseoele\\\/kokosoel\\\/\",\"name\":\"KOKOS\u00d6L - WOHLBEFINDEN\",\"isPartOf\":{\"@id\":\"https:\\\/\\\/bien-etreiris.ch\\\/de\\\/#website\"},\"primaryImageOfPage\":{\"@id\":\"https:\\\/\\\/bien-etreiris.ch\\\/de\\\/produktpraesentation\\\/gesundes-leben\\\/gesunde-lebensmittel\\\/zutaten-wohlbefinden\\\/pflanzliche-speiseoele\\\/kokosoel\\\/#primaryimage\"},\"image\":{\"@id\":\"https:\\\/\\\/bien-etreiris.ch\\\/de\\\/produktpraesentation\\\/gesundes-leben\\\/gesunde-lebensmittel\\\/zutaten-wohlbefinden\\\/pflanzliche-speiseoele\\\/kokosoel\\\/#primaryimage\"},\"thumbnailUrl\":\"https:\\\/\\\/bien-etreiris.ch\\\/wp-content\\\/uploads\\\/2021\\\/03\\\/Huile-de-coco.png\",\"datePublished\":\"2021-03-21T20:13:54+00:00\",\"dateModified\":\"2021-06-07T16:06:52+00:00\",\"breadcrumb\":{\"@id\":\"https:\\\/\\\/bien-etreiris.ch\\\/de\\\/produktpraesentation\\\/gesundes-leben\\\/gesunde-lebensmittel\\\/zutaten-wohlbefinden\\\/pflanzliche-speiseoele\\\/kokosoel\\\/#breadcrumb\"},\"inLanguage\":\"de\",\"potentialAction\":[{\"@type\":\"ReadAction\",\"target\":[\"https:\\\/\\\/bien-etreiris.ch\\\/de\\\/produktpraesentation\\\/gesundes-leben\\\/gesunde-lebensmittel\\\/zutaten-wohlbefinden\\\/pflanzliche-speiseoele\\\/kokosoel\\\/\"]}]},{\"@type\":\"ImageObject\",\"inLanguage\":\"de\",\"@id\":\"https:\\\/\\\/bien-etreiris.ch\\\/de\\\/produktpraesentation\\\/gesundes-leben\\\/gesunde-lebensmittel\\\/zutaten-wohlbefinden\\\/pflanzliche-speiseoele\\\/kokosoel\\\/#primaryimage\",\"url\":\"https:\\\/\\\/bien-etreiris.ch\\\/wp-content\\\/uploads\\\/2021\\\/03\\\/Huile-de-coco.png\",\"contentUrl\":\"https:\\\/\\\/bien-etreiris.ch\\\/wp-content\\\/uploads\\\/2021\\\/03\\\/Huile-de-coco.png\",\"width\":500,\"height\":332},{\"@type\":\"BreadcrumbList\",\"@id\":\"https:\\\/\\\/bien-etreiris.ch\\\/de\\\/produktpraesentation\\\/gesundes-leben\\\/gesunde-lebensmittel\\\/zutaten-wohlbefinden\\\/pflanzliche-speiseoele\\\/kokosoel\\\/#breadcrumb\",\"itemListElement\":[{\"@type\":\"ListItem\",\"position\":1,\"name\":\"Home\",\"item\":\"https:\\\/\\\/bien-etreiris.ch\\\/de\\\/\"},{\"@type\":\"ListItem\",\"position\":2,\"name\":\"PRODUKTPR\u00c4SENTATION\",\"item\":\"https:\\\/\\\/bien-etreiris.ch\\\/de\\\/produktpraesentation\\\/\"},{\"@type\":\"ListItem\",\"position\":3,\"name\":\"GESUNDES LEBEN\",\"item\":\"https:\\\/\\\/bien-etreiris.ch\\\/de\\\/produktpraesentation\\\/gesundes-leben\\\/\"},{\"@type\":\"ListItem\",\"position\":4,\"name\":\"GESUNDE LEBENSMITTEL\",\"item\":\"https:\\\/\\\/bien-etreiris.ch\\\/de\\\/produktpraesentation\\\/gesundes-leben\\\/gesunde-lebensmittel\\\/\"},{\"@type\":\"ListItem\",\"position\":5,\"name\":\"ZUTATEN\",\"item\":\"https:\\\/\\\/bien-etreiris.ch\\\/de\\\/produktpraesentation\\\/gesundes-leben\\\/gesunde-lebensmittel\\\/zutaten-wohlbefinden\\\/\"},{\"@type\":\"ListItem\",\"position\":6,\"name\":\"PFLANZEN\u00d6LE\",\"item\":\"https:\\\/\\\/bien-etreiris.ch\\\/de\\\/produktpraesentation\\\/gesundes-leben\\\/gesunde-lebensmittel\\\/zutaten-wohlbefinden\\\/pflanzliche-speiseoele\\\/\"},{\"@type\":\"ListItem\",\"position\":7,\"name\":\"KOKOS\u00d6L\"}]},{\"@type\":\"WebSite\",\"@id\":\"https:\\\/\\\/bien-etreiris.ch\\\/de\\\/#website\",\"url\":\"https:\\\/\\\/bien-etreiris.ch\\\/de\\\/\",\"name\":\"Bien-\u00eatre Iris\",\"description\":\"IHRE Gesundheit ist uns wichtig\",\"potentialAction\":[{\"@type\":\"SearchAction\",\"target\":{\"@type\":\"EntryPoint\",\"urlTemplate\":\"https:\\\/\\\/bien-etreiris.ch\\\/de\\\/?s={search_term_string}\"},\"query-input\":{\"@type\":\"PropertyValueSpecification\",\"valueRequired\":true,\"valueName\":\"search_term_string\"}}],\"inLanguage\":\"de\"}]}<\/script>\n<!-- \/ Yoast SEO plugin. -->","yoast_head_json":{"title":"KOKOS\u00d6L - WOHLBEFINDEN","robots":{"index":"index","follow":"follow","max-snippet":"max-snippet:-1","max-image-preview":"max-image-preview:large","max-video-preview":"max-video-preview:-1"},"canonical":"https:\/\/bien-etreiris.ch\/de\/produktpraesentation\/gesundes-leben\/gesunde-lebensmittel\/zutaten-wohlbefinden\/pflanzliche-speiseoele\/kokosoel\/","og_locale":"de_DE","og_type":"article","og_title":"KOKOS\u00d6L - WOHLBEFINDEN","og_description":"&nbsp; &nbsp; Bio Plan\u00e8te Graisse de noix de coco douce bio 950 ml CHF 18.00 &nbsp; &nbsp; &nbsp; Bourr\u00e9e de graisses satur\u00e9es, elle se taille pourtant une place de choix dans l'alimentation-sant\u00e9. L'huile de noix de coco fait-elle mincir? Quels sont ses bienfaits? Ce qui surprend avec l'huile de coco, c'est pr\u00e9cis\u00e9ment que ses bienfaits sont dus \u00e0 ce qu'on&nbsp;Weiter lesen","og_url":"https:\/\/bien-etreiris.ch\/de\/produktpraesentation\/gesundes-leben\/gesunde-lebensmittel\/zutaten-wohlbefinden\/pflanzliche-speiseoele\/kokosoel\/","og_site_name":"WOHLBEFINDEN","article_publisher":"https:\/\/www.facebook.com\/bienetreiris\/","article_modified_time":"2021-06-07T16:06:52+00:00","og_image":[{"width":500,"height":332,"url":"https:\/\/bien-etreiris.ch\/wp-content\/uploads\/2021\/03\/Huile-de-coco.png","type":"image\/png"}],"twitter_misc":{"Gesch\u00e4tzte Lesezeit":"2\u00a0Minuten"},"schema":{"@context":"https:\/\/schema.org","@graph":[{"@type":"WebPage","@id":"https:\/\/bien-etreiris.ch\/de\/produktpraesentation\/gesundes-leben\/gesunde-lebensmittel\/zutaten-wohlbefinden\/pflanzliche-speiseoele\/kokosoel\/","url":"https:\/\/bien-etreiris.ch\/de\/produktpraesentation\/gesundes-leben\/gesunde-lebensmittel\/zutaten-wohlbefinden\/pflanzliche-speiseoele\/kokosoel\/","name":"KOKOS\u00d6L - WOHLBEFINDEN","isPartOf":{"@id":"https:\/\/bien-etreiris.ch\/de\/#website"},"primaryImageOfPage":{"@id":"https:\/\/bien-etreiris.ch\/de\/produktpraesentation\/gesundes-leben\/gesunde-lebensmittel\/zutaten-wohlbefinden\/pflanzliche-speiseoele\/kokosoel\/#primaryimage"},"image":{"@id":"https:\/\/bien-etreiris.ch\/de\/produktpraesentation\/gesundes-leben\/gesunde-lebensmittel\/zutaten-wohlbefinden\/pflanzliche-speiseoele\/kokosoel\/#primaryimage"},"thumbnailUrl":"https:\/\/bien-etreiris.ch\/wp-content\/uploads\/2021\/03\/Huile-de-coco.png","datePublished":"2021-03-21T20:13:54+00:00","dateModified":"2021-06-07T16:06:52+00:00","breadcrumb":{"@id":"https:\/\/bien-etreiris.ch\/de\/produktpraesentation\/gesundes-leben\/gesunde-lebensmittel\/zutaten-wohlbefinden\/pflanzliche-speiseoele\/kokosoel\/#breadcrumb"},"inLanguage":"de","potentialAction":[{"@type":"ReadAction","target":["https:\/\/bien-etreiris.ch\/de\/produktpraesentation\/gesundes-leben\/gesunde-lebensmittel\/zutaten-wohlbefinden\/pflanzliche-speiseoele\/kokosoel\/"]}]},{"@type":"ImageObject","inLanguage":"de","@id":"https:\/\/bien-etreiris.ch\/de\/produktpraesentation\/gesundes-leben\/gesunde-lebensmittel\/zutaten-wohlbefinden\/pflanzliche-speiseoele\/kokosoel\/#primaryimage","url":"https:\/\/bien-etreiris.ch\/wp-content\/uploads\/2021\/03\/Huile-de-coco.png","contentUrl":"https:\/\/bien-etreiris.ch\/wp-content\/uploads\/2021\/03\/Huile-de-coco.png","width":500,"height":332},{"@type":"BreadcrumbList","@id":"https:\/\/bien-etreiris.ch\/de\/produktpraesentation\/gesundes-leben\/gesunde-lebensmittel\/zutaten-wohlbefinden\/pflanzliche-speiseoele\/kokosoel\/#breadcrumb","itemListElement":[{"@type":"ListItem","position":1,"name":"Home","item":"https:\/\/bien-etreiris.ch\/de\/"},{"@type":"ListItem","position":2,"name":"PRODUKTPR\u00c4SENTATION","item":"https:\/\/bien-etreiris.ch\/de\/produktpraesentation\/"},{"@type":"ListItem","position":3,"name":"GESUNDES LEBEN","item":"https:\/\/bien-etreiris.ch\/de\/produktpraesentation\/gesundes-leben\/"},{"@type":"ListItem","position":4,"name":"GESUNDE LEBENSMITTEL","item":"https:\/\/bien-etreiris.ch\/de\/produktpraesentation\/gesundes-leben\/gesunde-lebensmittel\/"},{"@type":"ListItem","position":5,"name":"ZUTATEN","item":"https:\/\/bien-etreiris.ch\/de\/produktpraesentation\/gesundes-leben\/gesunde-lebensmittel\/zutaten-wohlbefinden\/"},{"@type":"ListItem","position":6,"name":"PFLANZEN\u00d6LE","item":"https:\/\/bien-etreiris.ch\/de\/produktpraesentation\/gesundes-leben\/gesunde-lebensmittel\/zutaten-wohlbefinden\/pflanzliche-speiseoele\/"},{"@type":"ListItem","position":7,"name":"KOKOS\u00d6L"}]},{"@type":"WebSite","@id":"https:\/\/bien-etreiris.ch\/de\/#website","url":"https:\/\/bien-etreiris.ch\/de\/","name":"Bien-\u00eatre Iris","description":"IHRE Gesundheit ist uns wichtig","potentialAction":[{"@type":"SearchAction","target":{"@type":"EntryPoint","urlTemplate":"https:\/\/bien-etreiris.ch\/de\/?s={search_term_string}"},"query-input":{"@type":"PropertyValueSpecification","valueRequired":true,"valueName":"search_term_string"}}],"inLanguage":"de"}]}},"_links":{"self":[{"href":"https:\/\/bien-etreiris.ch\/de\/wp-json\/wp\/v2\/pages\/40191","targetHints":{"allow":["GET"]}}],"collection":[{"href":"https:\/\/bien-etreiris.ch\/de\/wp-json\/wp\/v2\/pages"}],"about":[{"href":"https:\/\/bien-etreiris.ch\/de\/wp-json\/wp\/v2\/types\/page"}],"author":[{"embeddable":true,"href":"https:\/\/bien-etreiris.ch\/de\/wp-json\/wp\/v2\/users\/1"}],"replies":[{"embeddable":true,"href":"https:\/\/bien-etreiris.ch\/de\/wp-json\/wp\/v2\/comments?post=40191"}],"version-history":[{"count":3,"href":"https:\/\/bien-etreiris.ch\/de\/wp-json\/wp\/v2\/pages\/40191\/revisions"}],"predecessor-version":[{"id":44013,"href":"https:\/\/bien-etreiris.ch\/de\/wp-json\/wp\/v2\/pages\/40191\/revisions\/44013"}],"up":[{"embeddable":true,"href":"https:\/\/bien-etreiris.ch\/de\/wp-json\/wp\/v2\/pages\/40140"}],"wp:featuredmedia":[{"embeddable":true,"href":"https:\/\/bien-etreiris.ch\/de\/wp-json\/wp\/v2\/media\/40194"}],"wp:attachment":[{"href":"https:\/\/bien-etreiris.ch\/de\/wp-json\/wp\/v2\/media?parent=40191"}],"curies":[{"name":"wp","href":"https:\/\/api.w.org\/{rel}","templated":true}]}}