{"id":40185,"date":"2021-03-21T19:33:51","date_gmt":"2021-03-21T19:33:51","guid":{"rendered":"https:\/\/bien-etreiris.ch\/?page_id=40185"},"modified":"2021-05-11T09:50:56","modified_gmt":"2021-05-11T07:50:56","slug":"pistazien-ol","status":"publish","type":"page","link":"https:\/\/bien-etreiris.ch\/de\/produktpraesentation\/gesundes-leben\/gesunde-lebensmittel\/zutaten-wohlbefinden\/pflanzliche-speiseoele\/pistazien-ol\/","title":{"rendered":"PISTAZIEN \u00d6L"},"content":{"rendered":"<p>Die Pistazie enth\u00e4lt so viele N\u00e4hrstoffe und Vitamine, die f\u00fcr das richtige Funktionieren unseres K\u00f6rpers n\u00fctzlich sind, dass es eine Schande w\u00e4re, sie uns vorzuenthalten. Der Fettgehalt von Pistazien kann uns dazu verleiten, sie nur sehr selten zu verzehren. Deshalb k\u00f6nnte ein L\u00f6ffel Pistazien\u00f6l von Zeit zu Zeit Ihr \u00fcbliches \u00d6l in Ihren Vinaigrettes ersetzen.<\/p>\n<h4>\nIn welchen Gerichten kann es verwendet werden?<\/h4>\n<p>Pistazien \u00d6l geh\u00f6rt zu den raffinierten \u00d6len und ist sehr farbenfroh. Aber es ist ein \u00d6l, das beim Kochen selten verwendet wird, weil es nicht zu allem passt. Sein kr\u00e4ftiger, anhaltender Geschmack hebt den Geschmack von Vinaigretten hervor. Es ist besser, ihn mit etwas Zitronensaft zu mischen, als z.B. mit Weinessig. Auf der anderen Seite in der Vinaigrette aller Ihrer gr\u00fcnen Salate, gr\u00fcne Bohnen, Linsen, Endivien, f\u00fcgen Sie zu diesem \u00d6l 1 Essl\u00f6ffel eines guten Balsamico-Essigs hinzu, Sie werden sehen, dass die Assoziation dieser beiden Geschmacksrichtungen sehr gut f\u00fcr diese Art von Zubereitungen \u00fcbereinstimmt. Auch perfekt in Wasabi-Sauce. Es ist ideal f\u00fcr Fischsaucen wie Lachs, Forelle, aber auch f\u00fcr Schalentiermarinaden. Geben Sie einen Essl\u00f6ffel Pistazien\u00f6l und einen Essl\u00f6ffel Zucker in das Kochwasser der Linsen, es schmeckt k\u00f6stlich. Pistazien\u00f6l ist ideal f\u00fcr Enten- und Gefl\u00fcgelsaucen. Es ist auch perfekt in der Lamm-Tagine. Dieses \u00d6l vertr\u00e4gt sehr gut die gro\u00dfen Temperaturen, es kann also wie jedes andere Speise\u00f6l verwendet werden. Sie k\u00f6nnen auch einen L\u00f6ffel dieses \u00d6ls in die geschmolzene Butter eines Kuchenteigs geben und es wird auch perfekt in einen M\u00fcrbeteig (s\u00fc\u00df oder herzhaft) gemischt. Pistazien gibt es auch in Form von Lebensmittelpaste, wie z. B. Erdnusspaste. Schlie\u00dflich ist Pistazien\u00f6l ein ideales Hautpflegemittel. Es spendet Feuchtigkeit und macht die Haut weich und wird h\u00e4ufig zur K\u00f6rpermassage in Spas verwendet.<\/p>\n","protected":false},"excerpt":{"rendered":"<p>Die Pistazie enth\u00e4lt so viele N\u00e4hrstoffe und Vitamine, die f\u00fcr das richtige Funktionieren unseres K\u00f6rpers n\u00fctzlich sind, dass es eine Schande w\u00e4re, sie uns vorzuenthalten. Der Fettgehalt von Pistazien kann uns dazu verleiten, sie nur sehr selten zu verzehren. Deshalb k\u00f6nnte ein L\u00f6ffel Pistazien\u00f6l von Zeit zu Zeit Ihr \u00fcbliches \u00d6l in Ihren Vinaigrettes ersetzen. In welchen Gerichten kann es&nbsp;<a href=\"https:\/\/bien-etreiris.ch\/de\/produktpraesentation\/gesundes-leben\/gesunde-lebensmittel\/zutaten-wohlbefinden\/pflanzliche-speiseoele\/pistazien-ol\/\" class=\"read-more\">Weiter lesen<\/a><\/p>\n","protected":false},"author":1,"featured_media":40183,"parent":40140,"menu_order":6247,"comment_status":"closed","ping_status":"closed","template":"page-with-child.php","meta":{"_acf_changed":false,"ngg_post_thumbnail":0,"footnotes":""},"class_list":["post-40185","page","type-page","status-publish","has-post-thumbnail","hentry"],"acf":[],"yoast_head":"<!-- This site is optimized with the Yoast SEO plugin v27.5 - https:\/\/yoast.com\/product\/yoast-seo-wordpress\/ -->\n<title>PISTAZIEN \u00d6L - WOHLBEFINDEN<\/title>\n<meta name=\"robots\" content=\"index, follow, max-snippet:-1, max-image-preview:large, max-video-preview:-1\" \/>\n<link rel=\"canonical\" href=\"https:\/\/bien-etreiris.ch\/de\/produktpraesentation\/gesundes-leben\/gesunde-lebensmittel\/zutaten-wohlbefinden\/pflanzliche-speiseoele\/pistazien-ol\/\" \/>\n<meta property=\"og:locale\" content=\"de_DE\" \/>\n<meta property=\"og:type\" content=\"article\" \/>\n<meta property=\"og:title\" content=\"PISTAZIEN \u00d6L - WOHLBEFINDEN\" \/>\n<meta property=\"og:description\" content=\"Die Pistazie enth\u00e4lt so viele N\u00e4hrstoffe und Vitamine, die f\u00fcr das richtige Funktionieren unseres K\u00f6rpers n\u00fctzlich sind, dass es eine Schande w\u00e4re, sie uns vorzuenthalten. Der Fettgehalt von Pistazien kann uns dazu verleiten, sie nur sehr selten zu verzehren. Deshalb k\u00f6nnte ein L\u00f6ffel Pistazien\u00f6l von Zeit zu Zeit Ihr \u00fcbliches \u00d6l in Ihren Vinaigrettes ersetzen. In welchen Gerichten kann es&nbsp;Weiter lesen\" \/>\n<meta property=\"og:url\" content=\"https:\/\/bien-etreiris.ch\/de\/produktpraesentation\/gesundes-leben\/gesunde-lebensmittel\/zutaten-wohlbefinden\/pflanzliche-speiseoele\/pistazien-ol\/\" \/>\n<meta property=\"og:site_name\" content=\"WOHLBEFINDEN\" \/>\n<meta property=\"article:publisher\" content=\"https:\/\/www.facebook.com\/bienetreiris\/\" \/>\n<meta property=\"article:modified_time\" content=\"2021-05-11T07:50:56+00:00\" \/>\n<meta property=\"og:image\" content=\"https:\/\/bien-etreiris.ch\/wp-content\/uploads\/2021\/03\/acceuil-huile-de-pistache.jpg\" \/>\n\t<meta property=\"og:image:width\" content=\"500\" \/>\n\t<meta property=\"og:image:height\" content=\"331\" \/>\n\t<meta property=\"og:image:type\" content=\"image\/jpeg\" \/>\n<meta name=\"twitter:label1\" content=\"Gesch\u00e4tzte Lesezeit\" \/>\n\t<meta name=\"twitter:data1\" content=\"2\u00a0Minuten\" \/>\n<script type=\"application\/ld+json\" class=\"yoast-schema-graph\">{\"@context\":\"https:\\\/\\\/schema.org\",\"@graph\":[{\"@type\":\"WebPage\",\"@id\":\"https:\\\/\\\/bien-etreiris.ch\\\/de\\\/produktpraesentation\\\/gesundes-leben\\\/gesunde-lebensmittel\\\/zutaten-wohlbefinden\\\/pflanzliche-speiseoele\\\/pistazien-ol\\\/\",\"url\":\"https:\\\/\\\/bien-etreiris.ch\\\/de\\\/produktpraesentation\\\/gesundes-leben\\\/gesunde-lebensmittel\\\/zutaten-wohlbefinden\\\/pflanzliche-speiseoele\\\/pistazien-ol\\\/\",\"name\":\"PISTAZIEN \u00d6L - WOHLBEFINDEN\",\"isPartOf\":{\"@id\":\"https:\\\/\\\/bien-etreiris.ch\\\/de\\\/#website\"},\"primaryImageOfPage\":{\"@id\":\"https:\\\/\\\/bien-etreiris.ch\\\/de\\\/produktpraesentation\\\/gesundes-leben\\\/gesunde-lebensmittel\\\/zutaten-wohlbefinden\\\/pflanzliche-speiseoele\\\/pistazien-ol\\\/#primaryimage\"},\"image\":{\"@id\":\"https:\\\/\\\/bien-etreiris.ch\\\/de\\\/produktpraesentation\\\/gesundes-leben\\\/gesunde-lebensmittel\\\/zutaten-wohlbefinden\\\/pflanzliche-speiseoele\\\/pistazien-ol\\\/#primaryimage\"},\"thumbnailUrl\":\"https:\\\/\\\/bien-etreiris.ch\\\/wp-content\\\/uploads\\\/2021\\\/03\\\/acceuil-huile-de-pistache.jpg\",\"datePublished\":\"2021-03-21T19:33:51+00:00\",\"dateModified\":\"2021-05-11T07:50:56+00:00\",\"breadcrumb\":{\"@id\":\"https:\\\/\\\/bien-etreiris.ch\\\/de\\\/produktpraesentation\\\/gesundes-leben\\\/gesunde-lebensmittel\\\/zutaten-wohlbefinden\\\/pflanzliche-speiseoele\\\/pistazien-ol\\\/#breadcrumb\"},\"inLanguage\":\"de\",\"potentialAction\":[{\"@type\":\"ReadAction\",\"target\":[\"https:\\\/\\\/bien-etreiris.ch\\\/de\\\/produktpraesentation\\\/gesundes-leben\\\/gesunde-lebensmittel\\\/zutaten-wohlbefinden\\\/pflanzliche-speiseoele\\\/pistazien-ol\\\/\"]}]},{\"@type\":\"ImageObject\",\"inLanguage\":\"de\",\"@id\":\"https:\\\/\\\/bien-etreiris.ch\\\/de\\\/produktpraesentation\\\/gesundes-leben\\\/gesunde-lebensmittel\\\/zutaten-wohlbefinden\\\/pflanzliche-speiseoele\\\/pistazien-ol\\\/#primaryimage\",\"url\":\"https:\\\/\\\/bien-etreiris.ch\\\/wp-content\\\/uploads\\\/2021\\\/03\\\/acceuil-huile-de-pistache.jpg\",\"contentUrl\":\"https:\\\/\\\/bien-etreiris.ch\\\/wp-content\\\/uploads\\\/2021\\\/03\\\/acceuil-huile-de-pistache.jpg\",\"width\":500,\"height\":331},{\"@type\":\"BreadcrumbList\",\"@id\":\"https:\\\/\\\/bien-etreiris.ch\\\/de\\\/produktpraesentation\\\/gesundes-leben\\\/gesunde-lebensmittel\\\/zutaten-wohlbefinden\\\/pflanzliche-speiseoele\\\/pistazien-ol\\\/#breadcrumb\",\"itemListElement\":[{\"@type\":\"ListItem\",\"position\":1,\"name\":\"Home\",\"item\":\"https:\\\/\\\/bien-etreiris.ch\\\/de\\\/\"},{\"@type\":\"ListItem\",\"position\":2,\"name\":\"PRODUKTPR\u00c4SENTATION\",\"item\":\"https:\\\/\\\/bien-etreiris.ch\\\/de\\\/produktpraesentation\\\/\"},{\"@type\":\"ListItem\",\"position\":3,\"name\":\"GESUNDES LEBEN\",\"item\":\"https:\\\/\\\/bien-etreiris.ch\\\/de\\\/produktpraesentation\\\/gesundes-leben\\\/\"},{\"@type\":\"ListItem\",\"position\":4,\"name\":\"GESUNDE LEBENSMITTEL\",\"item\":\"https:\\\/\\\/bien-etreiris.ch\\\/de\\\/produktpraesentation\\\/gesundes-leben\\\/gesunde-lebensmittel\\\/\"},{\"@type\":\"ListItem\",\"position\":5,\"name\":\"ZUTATEN\",\"item\":\"https:\\\/\\\/bien-etreiris.ch\\\/de\\\/produktpraesentation\\\/gesundes-leben\\\/gesunde-lebensmittel\\\/zutaten-wohlbefinden\\\/\"},{\"@type\":\"ListItem\",\"position\":6,\"name\":\"PFLANZEN\u00d6LE\",\"item\":\"https:\\\/\\\/bien-etreiris.ch\\\/de\\\/produktpraesentation\\\/gesundes-leben\\\/gesunde-lebensmittel\\\/zutaten-wohlbefinden\\\/pflanzliche-speiseoele\\\/\"},{\"@type\":\"ListItem\",\"position\":7,\"name\":\"PISTAZIEN \u00d6L\"}]},{\"@type\":\"WebSite\",\"@id\":\"https:\\\/\\\/bien-etreiris.ch\\\/de\\\/#website\",\"url\":\"https:\\\/\\\/bien-etreiris.ch\\\/de\\\/\",\"name\":\"Bien-\u00eatre Iris\",\"description\":\"IHRE Gesundheit ist uns wichtig\",\"potentialAction\":[{\"@type\":\"SearchAction\",\"target\":{\"@type\":\"EntryPoint\",\"urlTemplate\":\"https:\\\/\\\/bien-etreiris.ch\\\/de\\\/?s={search_term_string}\"},\"query-input\":{\"@type\":\"PropertyValueSpecification\",\"valueRequired\":true,\"valueName\":\"search_term_string\"}}],\"inLanguage\":\"de\"}]}<\/script>\n<!-- \/ Yoast SEO plugin. -->","yoast_head_json":{"title":"PISTAZIEN \u00d6L - WOHLBEFINDEN","robots":{"index":"index","follow":"follow","max-snippet":"max-snippet:-1","max-image-preview":"max-image-preview:large","max-video-preview":"max-video-preview:-1"},"canonical":"https:\/\/bien-etreiris.ch\/de\/produktpraesentation\/gesundes-leben\/gesunde-lebensmittel\/zutaten-wohlbefinden\/pflanzliche-speiseoele\/pistazien-ol\/","og_locale":"de_DE","og_type":"article","og_title":"PISTAZIEN \u00d6L - WOHLBEFINDEN","og_description":"Die Pistazie enth\u00e4lt so viele N\u00e4hrstoffe und Vitamine, die f\u00fcr das richtige Funktionieren unseres K\u00f6rpers n\u00fctzlich sind, dass es eine Schande w\u00e4re, sie uns vorzuenthalten. Der Fettgehalt von Pistazien kann uns dazu verleiten, sie nur sehr selten zu verzehren. Deshalb k\u00f6nnte ein L\u00f6ffel Pistazien\u00f6l von Zeit zu Zeit Ihr \u00fcbliches \u00d6l in Ihren Vinaigrettes ersetzen. In welchen Gerichten kann es&nbsp;Weiter lesen","og_url":"https:\/\/bien-etreiris.ch\/de\/produktpraesentation\/gesundes-leben\/gesunde-lebensmittel\/zutaten-wohlbefinden\/pflanzliche-speiseoele\/pistazien-ol\/","og_site_name":"WOHLBEFINDEN","article_publisher":"https:\/\/www.facebook.com\/bienetreiris\/","article_modified_time":"2021-05-11T07:50:56+00:00","og_image":[{"width":500,"height":331,"url":"https:\/\/bien-etreiris.ch\/wp-content\/uploads\/2021\/03\/acceuil-huile-de-pistache.jpg","type":"image\/jpeg"}],"twitter_misc":{"Gesch\u00e4tzte Lesezeit":"2\u00a0Minuten"},"schema":{"@context":"https:\/\/schema.org","@graph":[{"@type":"WebPage","@id":"https:\/\/bien-etreiris.ch\/de\/produktpraesentation\/gesundes-leben\/gesunde-lebensmittel\/zutaten-wohlbefinden\/pflanzliche-speiseoele\/pistazien-ol\/","url":"https:\/\/bien-etreiris.ch\/de\/produktpraesentation\/gesundes-leben\/gesunde-lebensmittel\/zutaten-wohlbefinden\/pflanzliche-speiseoele\/pistazien-ol\/","name":"PISTAZIEN \u00d6L - WOHLBEFINDEN","isPartOf":{"@id":"https:\/\/bien-etreiris.ch\/de\/#website"},"primaryImageOfPage":{"@id":"https:\/\/bien-etreiris.ch\/de\/produktpraesentation\/gesundes-leben\/gesunde-lebensmittel\/zutaten-wohlbefinden\/pflanzliche-speiseoele\/pistazien-ol\/#primaryimage"},"image":{"@id":"https:\/\/bien-etreiris.ch\/de\/produktpraesentation\/gesundes-leben\/gesunde-lebensmittel\/zutaten-wohlbefinden\/pflanzliche-speiseoele\/pistazien-ol\/#primaryimage"},"thumbnailUrl":"https:\/\/bien-etreiris.ch\/wp-content\/uploads\/2021\/03\/acceuil-huile-de-pistache.jpg","datePublished":"2021-03-21T19:33:51+00:00","dateModified":"2021-05-11T07:50:56+00:00","breadcrumb":{"@id":"https:\/\/bien-etreiris.ch\/de\/produktpraesentation\/gesundes-leben\/gesunde-lebensmittel\/zutaten-wohlbefinden\/pflanzliche-speiseoele\/pistazien-ol\/#breadcrumb"},"inLanguage":"de","potentialAction":[{"@type":"ReadAction","target":["https:\/\/bien-etreiris.ch\/de\/produktpraesentation\/gesundes-leben\/gesunde-lebensmittel\/zutaten-wohlbefinden\/pflanzliche-speiseoele\/pistazien-ol\/"]}]},{"@type":"ImageObject","inLanguage":"de","@id":"https:\/\/bien-etreiris.ch\/de\/produktpraesentation\/gesundes-leben\/gesunde-lebensmittel\/zutaten-wohlbefinden\/pflanzliche-speiseoele\/pistazien-ol\/#primaryimage","url":"https:\/\/bien-etreiris.ch\/wp-content\/uploads\/2021\/03\/acceuil-huile-de-pistache.jpg","contentUrl":"https:\/\/bien-etreiris.ch\/wp-content\/uploads\/2021\/03\/acceuil-huile-de-pistache.jpg","width":500,"height":331},{"@type":"BreadcrumbList","@id":"https:\/\/bien-etreiris.ch\/de\/produktpraesentation\/gesundes-leben\/gesunde-lebensmittel\/zutaten-wohlbefinden\/pflanzliche-speiseoele\/pistazien-ol\/#breadcrumb","itemListElement":[{"@type":"ListItem","position":1,"name":"Home","item":"https:\/\/bien-etreiris.ch\/de\/"},{"@type":"ListItem","position":2,"name":"PRODUKTPR\u00c4SENTATION","item":"https:\/\/bien-etreiris.ch\/de\/produktpraesentation\/"},{"@type":"ListItem","position":3,"name":"GESUNDES LEBEN","item":"https:\/\/bien-etreiris.ch\/de\/produktpraesentation\/gesundes-leben\/"},{"@type":"ListItem","position":4,"name":"GESUNDE LEBENSMITTEL","item":"https:\/\/bien-etreiris.ch\/de\/produktpraesentation\/gesundes-leben\/gesunde-lebensmittel\/"},{"@type":"ListItem","position":5,"name":"ZUTATEN","item":"https:\/\/bien-etreiris.ch\/de\/produktpraesentation\/gesundes-leben\/gesunde-lebensmittel\/zutaten-wohlbefinden\/"},{"@type":"ListItem","position":6,"name":"PFLANZEN\u00d6LE","item":"https:\/\/bien-etreiris.ch\/de\/produktpraesentation\/gesundes-leben\/gesunde-lebensmittel\/zutaten-wohlbefinden\/pflanzliche-speiseoele\/"},{"@type":"ListItem","position":7,"name":"PISTAZIEN \u00d6L"}]},{"@type":"WebSite","@id":"https:\/\/bien-etreiris.ch\/de\/#website","url":"https:\/\/bien-etreiris.ch\/de\/","name":"Bien-\u00eatre Iris","description":"IHRE Gesundheit ist uns wichtig","potentialAction":[{"@type":"SearchAction","target":{"@type":"EntryPoint","urlTemplate":"https:\/\/bien-etreiris.ch\/de\/?s={search_term_string}"},"query-input":{"@type":"PropertyValueSpecification","valueRequired":true,"valueName":"search_term_string"}}],"inLanguage":"de"}]}},"_links":{"self":[{"href":"https:\/\/bien-etreiris.ch\/de\/wp-json\/wp\/v2\/pages\/40185","targetHints":{"allow":["GET"]}}],"collection":[{"href":"https:\/\/bien-etreiris.ch\/de\/wp-json\/wp\/v2\/pages"}],"about":[{"href":"https:\/\/bien-etreiris.ch\/de\/wp-json\/wp\/v2\/types\/page"}],"author":[{"embeddable":true,"href":"https:\/\/bien-etreiris.ch\/de\/wp-json\/wp\/v2\/users\/1"}],"replies":[{"embeddable":true,"href":"https:\/\/bien-etreiris.ch\/de\/wp-json\/wp\/v2\/comments?post=40185"}],"version-history":[{"count":3,"href":"https:\/\/bien-etreiris.ch\/de\/wp-json\/wp\/v2\/pages\/40185\/revisions"}],"predecessor-version":[{"id":44017,"href":"https:\/\/bien-etreiris.ch\/de\/wp-json\/wp\/v2\/pages\/40185\/revisions\/44017"}],"up":[{"embeddable":true,"href":"https:\/\/bien-etreiris.ch\/de\/wp-json\/wp\/v2\/pages\/40140"}],"wp:featuredmedia":[{"embeddable":true,"href":"https:\/\/bien-etreiris.ch\/de\/wp-json\/wp\/v2\/media\/40183"}],"wp:attachment":[{"href":"https:\/\/bien-etreiris.ch\/de\/wp-json\/wp\/v2\/media?parent=40185"}],"curies":[{"name":"wp","href":"https:\/\/api.w.org\/{rel}","templated":true}]}}