{"id":40173,"date":"2021-03-21T18:20:03","date_gmt":"2021-03-21T18:20:03","guid":{"rendered":"https:\/\/bien-etreiris.ch\/?page_id=40173"},"modified":"2021-06-08T18:02:53","modified_gmt":"2021-06-08T16:02:53","slug":"disteloel","status":"publish","type":"page","link":"https:\/\/bien-etreiris.ch\/de\/produktpraesentation\/gesundes-leben\/gesunde-lebensmittel\/zutaten-wohlbefinden\/pflanzliche-speiseoele\/disteloel\/","title":{"rendered":"DISTEL\u00d6L"},"content":{"rendered":"\n<h2 class=\"wp-block-heading\">Distel\u00f6l<\/h2>\n\n\n<p><a href=\"https:\/\/decoiris.ch\/wp-content\/uploads\/2021\/03\/Huile-de-cathame-gros-plan.png\"><img loading=\"lazy\" decoding=\"async\" class=\"size-medium wp-image-40166 alignleft\" src=\"https:\/\/decoiris.ch\/wp-content\/uploads\/2021\/03\/Huile-de-cathame-gros-plan-300x300.png\" alt=\"\" width=\"300\" height=\"300\" srcset=\"https:\/\/bien-etreiris.ch\/wp-content\/uploads\/2021\/03\/Huile-de-cathame-gros-plan-300x300.png 300w, https:\/\/bien-etreiris.ch\/wp-content\/uploads\/2021\/03\/Huile-de-cathame-gros-plan-150x150.png 150w, https:\/\/bien-etreiris.ch\/wp-content\/uploads\/2021\/03\/Huile-de-cathame-gros-plan-768x768.png 768w, https:\/\/bien-etreiris.ch\/wp-content\/uploads\/2021\/03\/Huile-de-cathame-gros-plan-1024x1024.png 1024w, https:\/\/bien-etreiris.ch\/wp-content\/uploads\/2021\/03\/Huile-de-cathame-gros-plan.png 1280w\" sizes=\"auto, (max-width: 300px) 100vw, 300px\" \/><\/a><\/p>\n<p>&nbsp;<\/p>\n<p>&nbsp;<\/p>\n<h4 class=\"p-product-details__title bip-typography--headline2\"><strong data-v-20c8fc22=\"\" data-v-00ece6c5=\"\">Rapunzel<\/strong><\/h4>\n<p class=\"p-product-details__title bip-typography--headline2\">&nbsp;<\/p>\n<p class=\"p-product-details__title bip-typography--headline2\"><strong>Natives Bio-Distel\u00f6l<\/strong><\/p>\n<p>&nbsp;<\/p>\n<p>250 ml <strong>CHF 7.50<\/strong><\/p>\n<p>&nbsp;<\/p>\n<p>&nbsp;<\/p>\n<p>Ern\u00e4hrungsphysiologische Aspekte von Distel\u00f6l<\/p>\n<p>F\u00e4rberdistel\u00f6l ist eines der reichsten \u00d6le an Linols\u00e4ure (Omega 6). Im Rahmen der ern\u00e4hrungsphysiologischen Verwendung werden damit vor allem cholesterinsenkende, das Herz-Kreislauf-System sch\u00fctzende und das Immunsystem stimulierende Vorteile verbunden.<\/p>\n<p>Nichtsdestotrotz muss jeder das Paradoxon ber\u00fccksichtigen, das rund um den gesundheitlichen Nutzen von Omega 6 herrscht. In der Tat sind sie zwar essentiell (weil sie ausschliesslich aus der Nahrung stammen), aber sie m\u00fcssen Omega 3 in den richtigen Proportionen erg\u00e4nzen. Wenn Omega 6 in einer zu grossen Menge vorhanden ist, kann es entz\u00fcndungsf\u00f6rdernd und allergen wirken und einen Anstieg der Triglyceride auf 10 bewirken. Es ist daher ratsam, Distel\u00f6l mit Leinsamen\u00f6l oder Leindotter\u00f6l zu kombinieren, um ein gutes Omega-6-Omega-3-Verh\u00e4ltnis zu f\u00f6rdern.<\/p>\n<p>&nbsp;<\/p>\n<p>&nbsp;<\/p>\n<p>&nbsp;<\/p>\n<div>\n<p>&nbsp;<\/p>\n<\/div>","protected":false},"excerpt":{"rendered":"<p>Distel\u00f6l &nbsp; &nbsp; Rapunzel &nbsp; Natives Bio-Distel\u00f6l &nbsp; 250 ml CHF 7.50 &nbsp; &nbsp; Ern\u00e4hrungsphysiologische Aspekte von Distel\u00f6l F\u00e4rberdistel\u00f6l ist eines der reichsten \u00d6le an Linols\u00e4ure (Omega 6). Im Rahmen der ern\u00e4hrungsphysiologischen Verwendung werden damit vor allem cholesterinsenkende, das Herz-Kreislauf-System sch\u00fctzende und das Immunsystem stimulierende Vorteile verbunden. Nichtsdestotrotz muss jeder das Paradoxon ber\u00fccksichtigen, das rund um den gesundheitlichen Nutzen von&nbsp;<a href=\"https:\/\/bien-etreiris.ch\/de\/produktpraesentation\/gesundes-leben\/gesunde-lebensmittel\/zutaten-wohlbefinden\/pflanzliche-speiseoele\/disteloel\/\" class=\"read-more\">Weiter lesen<\/a><\/p>\n","protected":false},"author":1,"featured_media":40171,"parent":40140,"menu_order":6250,"comment_status":"closed","ping_status":"closed","template":"page-with-child.php","meta":{"_acf_changed":false,"ngg_post_thumbnail":0,"footnotes":""},"class_list":["post-40173","page","type-page","status-publish","has-post-thumbnail","hentry"],"acf":[],"yoast_head":"<!-- This site is optimized with the Yoast SEO plugin v27.6 - https:\/\/yoast.com\/product\/yoast-seo-wordpress\/ -->\n<title>DISTEL\u00d6L - WOHLBEFINDEN<\/title>\n<meta name=\"robots\" content=\"index, follow, max-snippet:-1, max-image-preview:large, max-video-preview:-1\" \/>\n<link rel=\"canonical\" href=\"https:\/\/bien-etreiris.ch\/de\/produktpraesentation\/gesundes-leben\/gesunde-lebensmittel\/zutaten-wohlbefinden\/pflanzliche-speiseoele\/disteloel\/\" \/>\n<meta property=\"og:locale\" content=\"de_DE\" \/>\n<meta property=\"og:type\" content=\"article\" \/>\n<meta property=\"og:title\" content=\"DISTEL\u00d6L - WOHLBEFINDEN\" \/>\n<meta property=\"og:description\" content=\"Distel\u00f6l &nbsp; &nbsp; Rapunzel &nbsp; Natives Bio-Distel\u00f6l &nbsp; 250 ml CHF 7.50 &nbsp; &nbsp; Ern\u00e4hrungsphysiologische Aspekte von Distel\u00f6l F\u00e4rberdistel\u00f6l ist eines der reichsten \u00d6le an Linols\u00e4ure (Omega 6). Im Rahmen der ern\u00e4hrungsphysiologischen Verwendung werden damit vor allem cholesterinsenkende, das Herz-Kreislauf-System sch\u00fctzende und das Immunsystem stimulierende Vorteile verbunden. Nichtsdestotrotz muss jeder das Paradoxon ber\u00fccksichtigen, das rund um den gesundheitlichen Nutzen von&nbsp;Weiter lesen\" \/>\n<meta property=\"og:url\" content=\"https:\/\/bien-etreiris.ch\/de\/produktpraesentation\/gesundes-leben\/gesunde-lebensmittel\/zutaten-wohlbefinden\/pflanzliche-speiseoele\/disteloel\/\" \/>\n<meta property=\"og:site_name\" content=\"WOHLBEFINDEN\" \/>\n<meta property=\"article:publisher\" content=\"https:\/\/www.facebook.com\/bienetreiris\/\" \/>\n<meta property=\"article:modified_time\" content=\"2021-06-08T16:02:53+00:00\" \/>\n<meta property=\"og:image\" content=\"https:\/\/bien-etreiris.ch\/wp-content\/uploads\/2021\/03\/acceuil-de-huile-de-carthame.jpg\" \/>\n\t<meta property=\"og:image:width\" content=\"500\" \/>\n\t<meta property=\"og:image:height\" content=\"375\" \/>\n\t<meta property=\"og:image:type\" content=\"image\/jpeg\" \/>\n<meta name=\"twitter:label1\" content=\"Gesch\u00e4tzte Lesezeit\" \/>\n\t<meta name=\"twitter:data1\" content=\"1\u00a0Minute\" \/>\n<script type=\"application\/ld+json\" class=\"yoast-schema-graph\">{\"@context\":\"https:\\\/\\\/schema.org\",\"@graph\":[{\"@type\":\"WebPage\",\"@id\":\"https:\\\/\\\/bien-etreiris.ch\\\/de\\\/produktpraesentation\\\/gesundes-leben\\\/gesunde-lebensmittel\\\/zutaten-wohlbefinden\\\/pflanzliche-speiseoele\\\/disteloel\\\/\",\"url\":\"https:\\\/\\\/bien-etreiris.ch\\\/de\\\/produktpraesentation\\\/gesundes-leben\\\/gesunde-lebensmittel\\\/zutaten-wohlbefinden\\\/pflanzliche-speiseoele\\\/disteloel\\\/\",\"name\":\"DISTEL\u00d6L - WOHLBEFINDEN\",\"isPartOf\":{\"@id\":\"https:\\\/\\\/bien-etreiris.ch\\\/de\\\/#website\"},\"primaryImageOfPage\":{\"@id\":\"https:\\\/\\\/bien-etreiris.ch\\\/de\\\/produktpraesentation\\\/gesundes-leben\\\/gesunde-lebensmittel\\\/zutaten-wohlbefinden\\\/pflanzliche-speiseoele\\\/disteloel\\\/#primaryimage\"},\"image\":{\"@id\":\"https:\\\/\\\/bien-etreiris.ch\\\/de\\\/produktpraesentation\\\/gesundes-leben\\\/gesunde-lebensmittel\\\/zutaten-wohlbefinden\\\/pflanzliche-speiseoele\\\/disteloel\\\/#primaryimage\"},\"thumbnailUrl\":\"https:\\\/\\\/bien-etreiris.ch\\\/wp-content\\\/uploads\\\/2021\\\/03\\\/acceuil-de-huile-de-carthame.jpg\",\"datePublished\":\"2021-03-21T18:20:03+00:00\",\"dateModified\":\"2021-06-08T16:02:53+00:00\",\"breadcrumb\":{\"@id\":\"https:\\\/\\\/bien-etreiris.ch\\\/de\\\/produktpraesentation\\\/gesundes-leben\\\/gesunde-lebensmittel\\\/zutaten-wohlbefinden\\\/pflanzliche-speiseoele\\\/disteloel\\\/#breadcrumb\"},\"inLanguage\":\"de\",\"potentialAction\":[{\"@type\":\"ReadAction\",\"target\":[\"https:\\\/\\\/bien-etreiris.ch\\\/de\\\/produktpraesentation\\\/gesundes-leben\\\/gesunde-lebensmittel\\\/zutaten-wohlbefinden\\\/pflanzliche-speiseoele\\\/disteloel\\\/\"]}]},{\"@type\":\"ImageObject\",\"inLanguage\":\"de\",\"@id\":\"https:\\\/\\\/bien-etreiris.ch\\\/de\\\/produktpraesentation\\\/gesundes-leben\\\/gesunde-lebensmittel\\\/zutaten-wohlbefinden\\\/pflanzliche-speiseoele\\\/disteloel\\\/#primaryimage\",\"url\":\"https:\\\/\\\/bien-etreiris.ch\\\/wp-content\\\/uploads\\\/2021\\\/03\\\/acceuil-de-huile-de-carthame.jpg\",\"contentUrl\":\"https:\\\/\\\/bien-etreiris.ch\\\/wp-content\\\/uploads\\\/2021\\\/03\\\/acceuil-de-huile-de-carthame.jpg\",\"width\":500,\"height\":375},{\"@type\":\"BreadcrumbList\",\"@id\":\"https:\\\/\\\/bien-etreiris.ch\\\/de\\\/produktpraesentation\\\/gesundes-leben\\\/gesunde-lebensmittel\\\/zutaten-wohlbefinden\\\/pflanzliche-speiseoele\\\/disteloel\\\/#breadcrumb\",\"itemListElement\":[{\"@type\":\"ListItem\",\"position\":1,\"name\":\"Home\",\"item\":\"https:\\\/\\\/bien-etreiris.ch\\\/de\\\/\"},{\"@type\":\"ListItem\",\"position\":2,\"name\":\"PRODUKTPR\u00c4SENTATION\",\"item\":\"https:\\\/\\\/bien-etreiris.ch\\\/de\\\/produktpraesentation\\\/\"},{\"@type\":\"ListItem\",\"position\":3,\"name\":\"GESUNDES LEBEN\",\"item\":\"https:\\\/\\\/bien-etreiris.ch\\\/de\\\/produktpraesentation\\\/gesundes-leben\\\/\"},{\"@type\":\"ListItem\",\"position\":4,\"name\":\"GESUNDE LEBENSMITTEL\",\"item\":\"https:\\\/\\\/bien-etreiris.ch\\\/de\\\/produktpraesentation\\\/gesundes-leben\\\/gesunde-lebensmittel\\\/\"},{\"@type\":\"ListItem\",\"position\":5,\"name\":\"ZUTATEN\",\"item\":\"https:\\\/\\\/bien-etreiris.ch\\\/de\\\/produktpraesentation\\\/gesundes-leben\\\/gesunde-lebensmittel\\\/zutaten-wohlbefinden\\\/\"},{\"@type\":\"ListItem\",\"position\":6,\"name\":\"PFLANZEN\u00d6LE\",\"item\":\"https:\\\/\\\/bien-etreiris.ch\\\/de\\\/produktpraesentation\\\/gesundes-leben\\\/gesunde-lebensmittel\\\/zutaten-wohlbefinden\\\/pflanzliche-speiseoele\\\/\"},{\"@type\":\"ListItem\",\"position\":7,\"name\":\"DISTEL\u00d6L\"}]},{\"@type\":\"WebSite\",\"@id\":\"https:\\\/\\\/bien-etreiris.ch\\\/de\\\/#website\",\"url\":\"https:\\\/\\\/bien-etreiris.ch\\\/de\\\/\",\"name\":\"Bien-\u00eatre Iris\",\"description\":\"IHRE Gesundheit ist uns wichtig\",\"potentialAction\":[{\"@type\":\"SearchAction\",\"target\":{\"@type\":\"EntryPoint\",\"urlTemplate\":\"https:\\\/\\\/bien-etreiris.ch\\\/de\\\/?s={search_term_string}\"},\"query-input\":{\"@type\":\"PropertyValueSpecification\",\"valueRequired\":true,\"valueName\":\"search_term_string\"}}],\"inLanguage\":\"de\"}]}<\/script>\n<!-- \/ Yoast SEO plugin. -->","yoast_head_json":{"title":"DISTEL\u00d6L - WOHLBEFINDEN","robots":{"index":"index","follow":"follow","max-snippet":"max-snippet:-1","max-image-preview":"max-image-preview:large","max-video-preview":"max-video-preview:-1"},"canonical":"https:\/\/bien-etreiris.ch\/de\/produktpraesentation\/gesundes-leben\/gesunde-lebensmittel\/zutaten-wohlbefinden\/pflanzliche-speiseoele\/disteloel\/","og_locale":"de_DE","og_type":"article","og_title":"DISTEL\u00d6L - WOHLBEFINDEN","og_description":"Distel\u00f6l &nbsp; &nbsp; Rapunzel &nbsp; Natives Bio-Distel\u00f6l &nbsp; 250 ml CHF 7.50 &nbsp; &nbsp; Ern\u00e4hrungsphysiologische Aspekte von Distel\u00f6l F\u00e4rberdistel\u00f6l ist eines der reichsten \u00d6le an Linols\u00e4ure (Omega 6). Im Rahmen der ern\u00e4hrungsphysiologischen Verwendung werden damit vor allem cholesterinsenkende, das Herz-Kreislauf-System sch\u00fctzende und das Immunsystem stimulierende Vorteile verbunden. Nichtsdestotrotz muss jeder das Paradoxon ber\u00fccksichtigen, das rund um den gesundheitlichen Nutzen von&nbsp;Weiter lesen","og_url":"https:\/\/bien-etreiris.ch\/de\/produktpraesentation\/gesundes-leben\/gesunde-lebensmittel\/zutaten-wohlbefinden\/pflanzliche-speiseoele\/disteloel\/","og_site_name":"WOHLBEFINDEN","article_publisher":"https:\/\/www.facebook.com\/bienetreiris\/","article_modified_time":"2021-06-08T16:02:53+00:00","og_image":[{"width":500,"height":375,"url":"https:\/\/bien-etreiris.ch\/wp-content\/uploads\/2021\/03\/acceuil-de-huile-de-carthame.jpg","type":"image\/jpeg"}],"twitter_misc":{"Gesch\u00e4tzte Lesezeit":"1\u00a0Minute"},"schema":{"@context":"https:\/\/schema.org","@graph":[{"@type":"WebPage","@id":"https:\/\/bien-etreiris.ch\/de\/produktpraesentation\/gesundes-leben\/gesunde-lebensmittel\/zutaten-wohlbefinden\/pflanzliche-speiseoele\/disteloel\/","url":"https:\/\/bien-etreiris.ch\/de\/produktpraesentation\/gesundes-leben\/gesunde-lebensmittel\/zutaten-wohlbefinden\/pflanzliche-speiseoele\/disteloel\/","name":"DISTEL\u00d6L - WOHLBEFINDEN","isPartOf":{"@id":"https:\/\/bien-etreiris.ch\/de\/#website"},"primaryImageOfPage":{"@id":"https:\/\/bien-etreiris.ch\/de\/produktpraesentation\/gesundes-leben\/gesunde-lebensmittel\/zutaten-wohlbefinden\/pflanzliche-speiseoele\/disteloel\/#primaryimage"},"image":{"@id":"https:\/\/bien-etreiris.ch\/de\/produktpraesentation\/gesundes-leben\/gesunde-lebensmittel\/zutaten-wohlbefinden\/pflanzliche-speiseoele\/disteloel\/#primaryimage"},"thumbnailUrl":"https:\/\/bien-etreiris.ch\/wp-content\/uploads\/2021\/03\/acceuil-de-huile-de-carthame.jpg","datePublished":"2021-03-21T18:20:03+00:00","dateModified":"2021-06-08T16:02:53+00:00","breadcrumb":{"@id":"https:\/\/bien-etreiris.ch\/de\/produktpraesentation\/gesundes-leben\/gesunde-lebensmittel\/zutaten-wohlbefinden\/pflanzliche-speiseoele\/disteloel\/#breadcrumb"},"inLanguage":"de","potentialAction":[{"@type":"ReadAction","target":["https:\/\/bien-etreiris.ch\/de\/produktpraesentation\/gesundes-leben\/gesunde-lebensmittel\/zutaten-wohlbefinden\/pflanzliche-speiseoele\/disteloel\/"]}]},{"@type":"ImageObject","inLanguage":"de","@id":"https:\/\/bien-etreiris.ch\/de\/produktpraesentation\/gesundes-leben\/gesunde-lebensmittel\/zutaten-wohlbefinden\/pflanzliche-speiseoele\/disteloel\/#primaryimage","url":"https:\/\/bien-etreiris.ch\/wp-content\/uploads\/2021\/03\/acceuil-de-huile-de-carthame.jpg","contentUrl":"https:\/\/bien-etreiris.ch\/wp-content\/uploads\/2021\/03\/acceuil-de-huile-de-carthame.jpg","width":500,"height":375},{"@type":"BreadcrumbList","@id":"https:\/\/bien-etreiris.ch\/de\/produktpraesentation\/gesundes-leben\/gesunde-lebensmittel\/zutaten-wohlbefinden\/pflanzliche-speiseoele\/disteloel\/#breadcrumb","itemListElement":[{"@type":"ListItem","position":1,"name":"Home","item":"https:\/\/bien-etreiris.ch\/de\/"},{"@type":"ListItem","position":2,"name":"PRODUKTPR\u00c4SENTATION","item":"https:\/\/bien-etreiris.ch\/de\/produktpraesentation\/"},{"@type":"ListItem","position":3,"name":"GESUNDES LEBEN","item":"https:\/\/bien-etreiris.ch\/de\/produktpraesentation\/gesundes-leben\/"},{"@type":"ListItem","position":4,"name":"GESUNDE LEBENSMITTEL","item":"https:\/\/bien-etreiris.ch\/de\/produktpraesentation\/gesundes-leben\/gesunde-lebensmittel\/"},{"@type":"ListItem","position":5,"name":"ZUTATEN","item":"https:\/\/bien-etreiris.ch\/de\/produktpraesentation\/gesundes-leben\/gesunde-lebensmittel\/zutaten-wohlbefinden\/"},{"@type":"ListItem","position":6,"name":"PFLANZEN\u00d6LE","item":"https:\/\/bien-etreiris.ch\/de\/produktpraesentation\/gesundes-leben\/gesunde-lebensmittel\/zutaten-wohlbefinden\/pflanzliche-speiseoele\/"},{"@type":"ListItem","position":7,"name":"DISTEL\u00d6L"}]},{"@type":"WebSite","@id":"https:\/\/bien-etreiris.ch\/de\/#website","url":"https:\/\/bien-etreiris.ch\/de\/","name":"Bien-\u00eatre Iris","description":"IHRE Gesundheit ist uns wichtig","potentialAction":[{"@type":"SearchAction","target":{"@type":"EntryPoint","urlTemplate":"https:\/\/bien-etreiris.ch\/de\/?s={search_term_string}"},"query-input":{"@type":"PropertyValueSpecification","valueRequired":true,"valueName":"search_term_string"}}],"inLanguage":"de"}]}},"_links":{"self":[{"href":"https:\/\/bien-etreiris.ch\/de\/wp-json\/wp\/v2\/pages\/40173","targetHints":{"allow":["GET"]}}],"collection":[{"href":"https:\/\/bien-etreiris.ch\/de\/wp-json\/wp\/v2\/pages"}],"about":[{"href":"https:\/\/bien-etreiris.ch\/de\/wp-json\/wp\/v2\/types\/page"}],"author":[{"embeddable":true,"href":"https:\/\/bien-etreiris.ch\/de\/wp-json\/wp\/v2\/users\/1"}],"replies":[{"embeddable":true,"href":"https:\/\/bien-etreiris.ch\/de\/wp-json\/wp\/v2\/comments?post=40173"}],"version-history":[{"count":4,"href":"https:\/\/bien-etreiris.ch\/de\/wp-json\/wp\/v2\/pages\/40173\/revisions"}],"predecessor-version":[{"id":50118,"href":"https:\/\/bien-etreiris.ch\/de\/wp-json\/wp\/v2\/pages\/40173\/revisions\/50118"}],"up":[{"embeddable":true,"href":"https:\/\/bien-etreiris.ch\/de\/wp-json\/wp\/v2\/pages\/40140"}],"wp:featuredmedia":[{"embeddable":true,"href":"https:\/\/bien-etreiris.ch\/de\/wp-json\/wp\/v2\/media\/40171"}],"wp:attachment":[{"href":"https:\/\/bien-etreiris.ch\/de\/wp-json\/wp\/v2\/media?parent=40173"}],"curies":[{"name":"wp","href":"https:\/\/api.w.org\/{rel}","templated":true}]}}