{"id":39962,"date":"2021-03-19T23:10:12","date_gmt":"2021-03-19T23:10:12","guid":{"rendered":"https:\/\/bien-etreiris.ch\/?page_id=39962"},"modified":"2021-06-03T09:36:23","modified_gmt":"2021-06-03T07:36:23","slug":"fencheloel","status":"publish","type":"page","link":"https:\/\/bien-etreiris.ch\/de\/produktpraesentation\/gesundes-leben\/gesunde-lebensmittel\/zutaten-wohlbefinden\/suppen-saucen-bruehe\/gewuerzoele\/fencheloel\/","title":{"rendered":"FENCHEL"},"content":{"rendered":"<p><a href=\"https:\/\/decoiris.ch\/wp-content\/uploads\/2021\/03\/Fenouil.png\"><img loading=\"lazy\" decoding=\"async\" class=\"size-medium wp-image-39955 alignleft\" src=\"https:\/\/decoiris.ch\/wp-content\/uploads\/2021\/03\/Fenouil-112x300.png\" alt=\"\" width=\"112\" height=\"300\" srcset=\"https:\/\/bien-etreiris.ch\/wp-content\/uploads\/2021\/03\/Fenouil-112x300.png 112w, https:\/\/bien-etreiris.ch\/wp-content\/uploads\/2021\/03\/Fenouil-383x1024.png 383w, https:\/\/bien-etreiris.ch\/wp-content\/uploads\/2021\/03\/Fenouil.png 440w\" sizes=\"auto, (max-width: 112px) 100vw, 112px\" \/><\/a><\/p>\n<p>&nbsp;<\/p>\n<p>&nbsp;<\/p>\n<div class=\"product-page-top\">\n<div class=\"product-page-title\">\n<div class=\"product-page-heading\">\n<h4><span class=\"brand-name\"> Sonnentor<\/span><\/h4>\n<p><strong>Huile essentielle de fenouil BIO<\/strong><\/p>\n<p><strong>Raffin\u00e9e avec de l'huile de tournesol<\/strong><\/p>\n<\/div>\n<\/div>\n<div class=\"product-page-summary\">\n<ul class=\"feature-list\">\n<li>Press\u00e9e \u00e0 froid<\/li>\n<li>Avec une pipette pratique<\/li>\n<li>\u00c0 ajouter dans le pain et les tartinades<\/li>\n<\/ul>\n<div class=\"row clearfix\">\n<p class=\"variant-content\"><span class=\"variant-label\">Contenu:<\/span> 50 ml<strong> CHF 12.00<\/strong><\/p>\n<\/div>\n<p>&nbsp;<\/p>\n<\/div>\n<\/div>\n<h4 class=\"headline\">Description<\/h4>\n<p>Le fenouil le matin chasse le chagrin et les soucis. Hildegard von Bingen le savait d\u00e9j\u00e0. L'huile, qui est extraite des graines \u00e9pic\u00e9es, apporte le calme dans l'agitation de la vie quotidienne. Pratique pour les d\u00e9placements : d\u00e9guster \u00bd pipette pure ou m\u00e9langer avec de l'huile v\u00e9g\u00e9tale si besoin. Se marie bien avec les tomates, le pain et les tartinades. Ayez des pens\u00e9es chaleureuses !<\/p>\n<div id=\"t2\" class=\"product-descr-section shop-substance-table shop-substance-table--ingredients clearfix opened\" data-shop-article-item=\"15934\" data-shop-substance-table-id=\"14105\" data-shop-substance-table-code=\"ingredients\" data-show-additional-info=\"\">\n<section>\n<h4 class=\"headline\">Ingr\u00e9dients<\/h4>\n<div class=\"product-description-content\">\n<div class=\"product-ingredients ingredients\">\n<ul>\n<li>50% Huile de fenouil Bio<\/li>\n<li>Huile de tournesol Bio<\/li>\n<\/ul>\n<\/div>\n<\/div>\n<\/section>\n<\/div>\n","protected":false},"excerpt":{"rendered":"<p>&nbsp; &nbsp; Sonnentor Huile essentielle de fenouil BIO Raffin\u00e9e avec de l'huile de tournesol Press\u00e9e \u00e0 froid Avec une pipette pratique \u00c0 ajouter dans le pain et les tartinades Contenu: 50 ml CHF 12.00 &nbsp; Description Le fenouil le matin chasse le chagrin et les soucis. Hildegard von Bingen le savait d\u00e9j\u00e0. L'huile, qui est extraite des graines \u00e9pic\u00e9es, apporte&nbsp;<a href=\"https:\/\/bien-etreiris.ch\/de\/produktpraesentation\/gesundes-leben\/gesunde-lebensmittel\/zutaten-wohlbefinden\/suppen-saucen-bruehe\/gewuerzoele\/fencheloel\/\" class=\"read-more\">Weiter lesen<\/a><\/p>\n","protected":false},"author":1,"featured_media":39960,"parent":37166,"menu_order":6261,"comment_status":"closed","ping_status":"closed","template":"page-with-child.php","meta":{"_acf_changed":false,"ngg_post_thumbnail":0,"footnotes":""},"class_list":["post-39962","page","type-page","status-publish","has-post-thumbnail","hentry"],"acf":[],"yoast_head":"<!-- This site is optimized with the Yoast SEO plugin v27.6 - https:\/\/yoast.com\/product\/yoast-seo-wordpress\/ -->\n<title>FENCHEL - WOHLBEFINDEN<\/title>\n<meta name=\"robots\" content=\"index, follow, max-snippet:-1, max-image-preview:large, max-video-preview:-1\" \/>\n<link rel=\"canonical\" href=\"https:\/\/bien-etreiris.ch\/de\/produktpraesentation\/gesundes-leben\/gesunde-lebensmittel\/zutaten-wohlbefinden\/suppen-saucen-bruehe\/gewuerzoele\/fencheloel\/\" \/>\n<meta property=\"og:locale\" content=\"de_DE\" \/>\n<meta property=\"og:type\" content=\"article\" \/>\n<meta property=\"og:title\" content=\"FENCHEL - WOHLBEFINDEN\" \/>\n<meta property=\"og:description\" content=\"&nbsp; &nbsp; Sonnentor Huile essentielle de fenouil BIO Raffin\u00e9e avec de l&#039;huile de tournesol Press\u00e9e \u00e0 froid Avec une pipette pratique \u00c0 ajouter dans le pain et les tartinades Contenu: 50 ml CHF 12.00 &nbsp; Description Le fenouil le matin chasse le chagrin et les soucis. Hildegard von Bingen le savait d\u00e9j\u00e0. L&#039;huile, qui est extraite des graines \u00e9pic\u00e9es, apporte&nbsp;Weiter lesen\" \/>\n<meta property=\"og:url\" content=\"https:\/\/bien-etreiris.ch\/de\/produktpraesentation\/gesundes-leben\/gesunde-lebensmittel\/zutaten-wohlbefinden\/suppen-saucen-bruehe\/gewuerzoele\/fencheloel\/\" \/>\n<meta property=\"og:site_name\" content=\"WOHLBEFINDEN\" \/>\n<meta property=\"article:publisher\" content=\"https:\/\/www.facebook.com\/bienetreiris\/\" \/>\n<meta property=\"article:modified_time\" content=\"2021-06-03T07:36:23+00:00\" \/>\n<meta property=\"og:image\" content=\"https:\/\/bien-etreiris.ch\/wp-content\/uploads\/2021\/03\/Fenouil.jpg\" \/>\n\t<meta property=\"og:image:width\" content=\"500\" \/>\n\t<meta property=\"og:image:height\" content=\"332\" \/>\n\t<meta property=\"og:image:type\" content=\"image\/jpeg\" \/>\n<meta name=\"twitter:label1\" content=\"Gesch\u00e4tzte Lesezeit\" \/>\n\t<meta name=\"twitter:data1\" content=\"1\u00a0Minute\" \/>\n<script type=\"application\/ld+json\" class=\"yoast-schema-graph\">{\"@context\":\"https:\\\/\\\/schema.org\",\"@graph\":[{\"@type\":\"WebPage\",\"@id\":\"https:\\\/\\\/bien-etreiris.ch\\\/de\\\/produktpraesentation\\\/gesundes-leben\\\/gesunde-lebensmittel\\\/zutaten-wohlbefinden\\\/suppen-saucen-bruehe\\\/gewuerzoele\\\/fencheloel\\\/\",\"url\":\"https:\\\/\\\/bien-etreiris.ch\\\/de\\\/produktpraesentation\\\/gesundes-leben\\\/gesunde-lebensmittel\\\/zutaten-wohlbefinden\\\/suppen-saucen-bruehe\\\/gewuerzoele\\\/fencheloel\\\/\",\"name\":\"FENCHEL - WOHLBEFINDEN\",\"isPartOf\":{\"@id\":\"https:\\\/\\\/bien-etreiris.ch\\\/de\\\/#website\"},\"primaryImageOfPage\":{\"@id\":\"https:\\\/\\\/bien-etreiris.ch\\\/de\\\/produktpraesentation\\\/gesundes-leben\\\/gesunde-lebensmittel\\\/zutaten-wohlbefinden\\\/suppen-saucen-bruehe\\\/gewuerzoele\\\/fencheloel\\\/#primaryimage\"},\"image\":{\"@id\":\"https:\\\/\\\/bien-etreiris.ch\\\/de\\\/produktpraesentation\\\/gesundes-leben\\\/gesunde-lebensmittel\\\/zutaten-wohlbefinden\\\/suppen-saucen-bruehe\\\/gewuerzoele\\\/fencheloel\\\/#primaryimage\"},\"thumbnailUrl\":\"https:\\\/\\\/bien-etreiris.ch\\\/wp-content\\\/uploads\\\/2021\\\/03\\\/Fenouil.jpg\",\"datePublished\":\"2021-03-19T23:10:12+00:00\",\"dateModified\":\"2021-06-03T07:36:23+00:00\",\"breadcrumb\":{\"@id\":\"https:\\\/\\\/bien-etreiris.ch\\\/de\\\/produktpraesentation\\\/gesundes-leben\\\/gesunde-lebensmittel\\\/zutaten-wohlbefinden\\\/suppen-saucen-bruehe\\\/gewuerzoele\\\/fencheloel\\\/#breadcrumb\"},\"inLanguage\":\"de\",\"potentialAction\":[{\"@type\":\"ReadAction\",\"target\":[\"https:\\\/\\\/bien-etreiris.ch\\\/de\\\/produktpraesentation\\\/gesundes-leben\\\/gesunde-lebensmittel\\\/zutaten-wohlbefinden\\\/suppen-saucen-bruehe\\\/gewuerzoele\\\/fencheloel\\\/\"]}]},{\"@type\":\"ImageObject\",\"inLanguage\":\"de\",\"@id\":\"https:\\\/\\\/bien-etreiris.ch\\\/de\\\/produktpraesentation\\\/gesundes-leben\\\/gesunde-lebensmittel\\\/zutaten-wohlbefinden\\\/suppen-saucen-bruehe\\\/gewuerzoele\\\/fencheloel\\\/#primaryimage\",\"url\":\"https:\\\/\\\/bien-etreiris.ch\\\/wp-content\\\/uploads\\\/2021\\\/03\\\/Fenouil.jpg\",\"contentUrl\":\"https:\\\/\\\/bien-etreiris.ch\\\/wp-content\\\/uploads\\\/2021\\\/03\\\/Fenouil.jpg\",\"width\":500,\"height\":332},{\"@type\":\"BreadcrumbList\",\"@id\":\"https:\\\/\\\/bien-etreiris.ch\\\/de\\\/produktpraesentation\\\/gesundes-leben\\\/gesunde-lebensmittel\\\/zutaten-wohlbefinden\\\/suppen-saucen-bruehe\\\/gewuerzoele\\\/fencheloel\\\/#breadcrumb\",\"itemListElement\":[{\"@type\":\"ListItem\",\"position\":1,\"name\":\"Home\",\"item\":\"https:\\\/\\\/bien-etreiris.ch\\\/de\\\/\"},{\"@type\":\"ListItem\",\"position\":2,\"name\":\"PRODUKTPR\u00c4SENTATION\",\"item\":\"https:\\\/\\\/bien-etreiris.ch\\\/de\\\/produktpraesentation\\\/\"},{\"@type\":\"ListItem\",\"position\":3,\"name\":\"GESUNDES LEBEN\",\"item\":\"https:\\\/\\\/bien-etreiris.ch\\\/de\\\/produktpraesentation\\\/gesundes-leben\\\/\"},{\"@type\":\"ListItem\",\"position\":4,\"name\":\"GESUNDE LEBENSMITTEL\",\"item\":\"https:\\\/\\\/bien-etreiris.ch\\\/de\\\/produktpraesentation\\\/gesundes-leben\\\/gesunde-lebensmittel\\\/\"},{\"@type\":\"ListItem\",\"position\":5,\"name\":\"ZUTATEN\",\"item\":\"https:\\\/\\\/bien-etreiris.ch\\\/de\\\/produktpraesentation\\\/gesundes-leben\\\/gesunde-lebensmittel\\\/zutaten-wohlbefinden\\\/\"},{\"@type\":\"ListItem\",\"position\":6,\"name\":\"W\u00dcRZEN\",\"item\":\"https:\\\/\\\/bien-etreiris.ch\\\/de\\\/produktpraesentation\\\/gesundes-leben\\\/gesunde-lebensmittel\\\/zutaten-wohlbefinden\\\/suppen-saucen-bruehe\\\/\"},{\"@type\":\"ListItem\",\"position\":7,\"name\":\"GEW\u00dcRZ\u00d6LE\",\"item\":\"https:\\\/\\\/bien-etreiris.ch\\\/de\\\/produktpraesentation\\\/gesundes-leben\\\/gesunde-lebensmittel\\\/zutaten-wohlbefinden\\\/suppen-saucen-bruehe\\\/gewuerzoele\\\/\"},{\"@type\":\"ListItem\",\"position\":8,\"name\":\"FENCHEL\"}]},{\"@type\":\"WebSite\",\"@id\":\"https:\\\/\\\/bien-etreiris.ch\\\/de\\\/#website\",\"url\":\"https:\\\/\\\/bien-etreiris.ch\\\/de\\\/\",\"name\":\"Bien-\u00eatre Iris\",\"description\":\"IHRE Gesundheit ist uns wichtig\",\"potentialAction\":[{\"@type\":\"SearchAction\",\"target\":{\"@type\":\"EntryPoint\",\"urlTemplate\":\"https:\\\/\\\/bien-etreiris.ch\\\/de\\\/?s={search_term_string}\"},\"query-input\":{\"@type\":\"PropertyValueSpecification\",\"valueRequired\":true,\"valueName\":\"search_term_string\"}}],\"inLanguage\":\"de\"}]}<\/script>\n<!-- \/ Yoast SEO plugin. -->","yoast_head_json":{"title":"FENCHEL - WOHLBEFINDEN","robots":{"index":"index","follow":"follow","max-snippet":"max-snippet:-1","max-image-preview":"max-image-preview:large","max-video-preview":"max-video-preview:-1"},"canonical":"https:\/\/bien-etreiris.ch\/de\/produktpraesentation\/gesundes-leben\/gesunde-lebensmittel\/zutaten-wohlbefinden\/suppen-saucen-bruehe\/gewuerzoele\/fencheloel\/","og_locale":"de_DE","og_type":"article","og_title":"FENCHEL - WOHLBEFINDEN","og_description":"&nbsp; &nbsp; Sonnentor Huile essentielle de fenouil BIO Raffin\u00e9e avec de l'huile de tournesol Press\u00e9e \u00e0 froid Avec une pipette pratique \u00c0 ajouter dans le pain et les tartinades Contenu: 50 ml CHF 12.00 &nbsp; Description Le fenouil le matin chasse le chagrin et les soucis. Hildegard von Bingen le savait d\u00e9j\u00e0. L'huile, qui est extraite des graines \u00e9pic\u00e9es, apporte&nbsp;Weiter lesen","og_url":"https:\/\/bien-etreiris.ch\/de\/produktpraesentation\/gesundes-leben\/gesunde-lebensmittel\/zutaten-wohlbefinden\/suppen-saucen-bruehe\/gewuerzoele\/fencheloel\/","og_site_name":"WOHLBEFINDEN","article_publisher":"https:\/\/www.facebook.com\/bienetreiris\/","article_modified_time":"2021-06-03T07:36:23+00:00","og_image":[{"width":500,"height":332,"url":"https:\/\/bien-etreiris.ch\/wp-content\/uploads\/2021\/03\/Fenouil.jpg","type":"image\/jpeg"}],"twitter_misc":{"Gesch\u00e4tzte Lesezeit":"1\u00a0Minute"},"schema":{"@context":"https:\/\/schema.org","@graph":[{"@type":"WebPage","@id":"https:\/\/bien-etreiris.ch\/de\/produktpraesentation\/gesundes-leben\/gesunde-lebensmittel\/zutaten-wohlbefinden\/suppen-saucen-bruehe\/gewuerzoele\/fencheloel\/","url":"https:\/\/bien-etreiris.ch\/de\/produktpraesentation\/gesundes-leben\/gesunde-lebensmittel\/zutaten-wohlbefinden\/suppen-saucen-bruehe\/gewuerzoele\/fencheloel\/","name":"FENCHEL - WOHLBEFINDEN","isPartOf":{"@id":"https:\/\/bien-etreiris.ch\/de\/#website"},"primaryImageOfPage":{"@id":"https:\/\/bien-etreiris.ch\/de\/produktpraesentation\/gesundes-leben\/gesunde-lebensmittel\/zutaten-wohlbefinden\/suppen-saucen-bruehe\/gewuerzoele\/fencheloel\/#primaryimage"},"image":{"@id":"https:\/\/bien-etreiris.ch\/de\/produktpraesentation\/gesundes-leben\/gesunde-lebensmittel\/zutaten-wohlbefinden\/suppen-saucen-bruehe\/gewuerzoele\/fencheloel\/#primaryimage"},"thumbnailUrl":"https:\/\/bien-etreiris.ch\/wp-content\/uploads\/2021\/03\/Fenouil.jpg","datePublished":"2021-03-19T23:10:12+00:00","dateModified":"2021-06-03T07:36:23+00:00","breadcrumb":{"@id":"https:\/\/bien-etreiris.ch\/de\/produktpraesentation\/gesundes-leben\/gesunde-lebensmittel\/zutaten-wohlbefinden\/suppen-saucen-bruehe\/gewuerzoele\/fencheloel\/#breadcrumb"},"inLanguage":"de","potentialAction":[{"@type":"ReadAction","target":["https:\/\/bien-etreiris.ch\/de\/produktpraesentation\/gesundes-leben\/gesunde-lebensmittel\/zutaten-wohlbefinden\/suppen-saucen-bruehe\/gewuerzoele\/fencheloel\/"]}]},{"@type":"ImageObject","inLanguage":"de","@id":"https:\/\/bien-etreiris.ch\/de\/produktpraesentation\/gesundes-leben\/gesunde-lebensmittel\/zutaten-wohlbefinden\/suppen-saucen-bruehe\/gewuerzoele\/fencheloel\/#primaryimage","url":"https:\/\/bien-etreiris.ch\/wp-content\/uploads\/2021\/03\/Fenouil.jpg","contentUrl":"https:\/\/bien-etreiris.ch\/wp-content\/uploads\/2021\/03\/Fenouil.jpg","width":500,"height":332},{"@type":"BreadcrumbList","@id":"https:\/\/bien-etreiris.ch\/de\/produktpraesentation\/gesundes-leben\/gesunde-lebensmittel\/zutaten-wohlbefinden\/suppen-saucen-bruehe\/gewuerzoele\/fencheloel\/#breadcrumb","itemListElement":[{"@type":"ListItem","position":1,"name":"Home","item":"https:\/\/bien-etreiris.ch\/de\/"},{"@type":"ListItem","position":2,"name":"PRODUKTPR\u00c4SENTATION","item":"https:\/\/bien-etreiris.ch\/de\/produktpraesentation\/"},{"@type":"ListItem","position":3,"name":"GESUNDES LEBEN","item":"https:\/\/bien-etreiris.ch\/de\/produktpraesentation\/gesundes-leben\/"},{"@type":"ListItem","position":4,"name":"GESUNDE LEBENSMITTEL","item":"https:\/\/bien-etreiris.ch\/de\/produktpraesentation\/gesundes-leben\/gesunde-lebensmittel\/"},{"@type":"ListItem","position":5,"name":"ZUTATEN","item":"https:\/\/bien-etreiris.ch\/de\/produktpraesentation\/gesundes-leben\/gesunde-lebensmittel\/zutaten-wohlbefinden\/"},{"@type":"ListItem","position":6,"name":"W\u00dcRZEN","item":"https:\/\/bien-etreiris.ch\/de\/produktpraesentation\/gesundes-leben\/gesunde-lebensmittel\/zutaten-wohlbefinden\/suppen-saucen-bruehe\/"},{"@type":"ListItem","position":7,"name":"GEW\u00dcRZ\u00d6LE","item":"https:\/\/bien-etreiris.ch\/de\/produktpraesentation\/gesundes-leben\/gesunde-lebensmittel\/zutaten-wohlbefinden\/suppen-saucen-bruehe\/gewuerzoele\/"},{"@type":"ListItem","position":8,"name":"FENCHEL"}]},{"@type":"WebSite","@id":"https:\/\/bien-etreiris.ch\/de\/#website","url":"https:\/\/bien-etreiris.ch\/de\/","name":"Bien-\u00eatre Iris","description":"IHRE Gesundheit ist uns wichtig","potentialAction":[{"@type":"SearchAction","target":{"@type":"EntryPoint","urlTemplate":"https:\/\/bien-etreiris.ch\/de\/?s={search_term_string}"},"query-input":{"@type":"PropertyValueSpecification","valueRequired":true,"valueName":"search_term_string"}}],"inLanguage":"de"}]}},"_links":{"self":[{"href":"https:\/\/bien-etreiris.ch\/de\/wp-json\/wp\/v2\/pages\/39962","targetHints":{"allow":["GET"]}}],"collection":[{"href":"https:\/\/bien-etreiris.ch\/de\/wp-json\/wp\/v2\/pages"}],"about":[{"href":"https:\/\/bien-etreiris.ch\/de\/wp-json\/wp\/v2\/types\/page"}],"author":[{"embeddable":true,"href":"https:\/\/bien-etreiris.ch\/de\/wp-json\/wp\/v2\/users\/1"}],"replies":[{"embeddable":true,"href":"https:\/\/bien-etreiris.ch\/de\/wp-json\/wp\/v2\/comments?post=39962"}],"version-history":[{"count":2,"href":"https:\/\/bien-etreiris.ch\/de\/wp-json\/wp\/v2\/pages\/39962\/revisions"}],"predecessor-version":[{"id":49281,"href":"https:\/\/bien-etreiris.ch\/de\/wp-json\/wp\/v2\/pages\/39962\/revisions\/49281"}],"up":[{"embeddable":true,"href":"https:\/\/bien-etreiris.ch\/de\/wp-json\/wp\/v2\/pages\/37166"}],"wp:featuredmedia":[{"embeddable":true,"href":"https:\/\/bien-etreiris.ch\/de\/wp-json\/wp\/v2\/media\/39960"}],"wp:attachment":[{"href":"https:\/\/bien-etreiris.ch\/de\/wp-json\/wp\/v2\/media?parent=39962"}],"curies":[{"name":"wp","href":"https:\/\/api.w.org\/{rel}","templated":true}]}}