{"id":39918,"date":"2021-03-19T22:26:17","date_gmt":"2021-03-19T22:26:17","guid":{"rendered":"https:\/\/bien-etreiris.ch\/?page_id=39918"},"modified":"2021-06-03T09:42:35","modified_gmt":"2021-06-03T07:42:35","slug":"vanille-oel","status":"publish","type":"page","link":"https:\/\/bien-etreiris.ch\/de\/produktpraesentation\/gesundes-leben\/gesunde-lebensmittel\/zutaten-wohlbefinden\/suppen-saucen-bruehe\/gewuerzoele\/vanille-oel\/","title":{"rendered":"VANILLE"},"content":{"rendered":"<p><a href=\"https:\/\/decoiris.ch\/wp-content\/uploads\/2021\/03\/Vanille.jpg\"><img loading=\"lazy\" decoding=\"async\" class=\"size-medium wp-image-39913 alignleft\" src=\"https:\/\/decoiris.ch\/wp-content\/uploads\/2021\/03\/Vanille-300x300.jpg\" alt=\"\" width=\"300\" height=\"300\" srcset=\"https:\/\/bien-etreiris.ch\/wp-content\/uploads\/2021\/03\/Vanille-300x300.jpg 300w, https:\/\/bien-etreiris.ch\/wp-content\/uploads\/2021\/03\/Vanille-150x150.jpg 150w, https:\/\/bien-etreiris.ch\/wp-content\/uploads\/2021\/03\/Vanille-768x768.jpg 768w, https:\/\/bien-etreiris.ch\/wp-content\/uploads\/2021\/03\/Vanille-1024x1024.jpg 1024w, https:\/\/bien-etreiris.ch\/wp-content\/uploads\/2021\/03\/Vanille.jpg 1186w\" sizes=\"auto, (max-width: 300px) 100vw, 300px\" \/><\/a><\/p>\n<p>&nbsp;<\/p>\n<p>&nbsp;<\/p>\n<div class=\"product-page-top\">\n<div class=\"product-page-title\">\n<div class=\"product-page-heading\">\n<h4><span class=\"brand-name\"> Sonnentor <\/span><\/h4>\n<p><strong> Huile essentielle de vanille&nbsp; BIO<\/strong><\/p>\n<p><strong>Aux extraits de vanille<\/strong><\/p>\n<\/div>\n<\/div>\n<div class=\"product-page-summary\">\n<ul class=\"feature-list\">\n<li>100% naturelle<\/li>\n<li>Saveur \u00e9pic\u00e9e et sucr\u00e9e<\/li>\n<li>Pour les g\u00e2teaux ou la cuisine cr\u00e9ole<\/li>\n<\/ul>\n<p>Contenue: 4,5 ml <strong>CHF 17.00<\/strong><\/p>\n<\/div>\n<\/div>\n<p>&nbsp;<\/p>\n<p>&nbsp;<\/p>\n<h4 class=\"headline\">Description<\/h4>\n<p>C'est \u00e0 \u00e7a que ressemble le go\u00fbt de Vanilla Sky ! L'huile essentielle de l'orchid\u00e9e vanille \u00e9voque l'ar\u00f4me plein et rond de la gousse de vanille dans vos p\u00e2tisseries, desserts et plats sans aucun effort. Que vous souhaitiez pr\u00e9parer une glace onctueuse, une cr\u00e9ation de g\u00e2teau sophistiqu\u00e9e ou des plats exotiques de la cuisine des Cara\u00efbes. Votre choix est toujours le bon, car l'extrait de vanille pure apporte toute sa saveur \u00e0 votre assiette. Explosions gustatives cr\u00e9meuses et sucr\u00e9es garanties !<\/p>\n<p>&nbsp;<\/p>\n<div class=\"product-description-content\">\n<h4><strong>Utilisation<\/strong><\/h4>\n<\/div>\n<p>2 gouttes d'huile essentielle de vanille suffisent pour environ 4 portions alimentaires. Si vous voulez affiner 250-500 ml de masse lors de la cuisson, m\u00e9langez-y 5-10 gouttes de l'huile, afin de pr\u00e9parer une joie sp\u00e9ciale pour le palais. La pipette int\u00e9gr\u00e9e permet de doser facilement l'huile. L'huile ne doit pas \u00eatre d\u00e9gust\u00e9e pure, mais m\u00e9lang\u00e9e \u00e0 du beurre, de l'huile, de la cr\u00e8me, de la cr\u00e8me aigre, du jaune d'\u0153uf, de la sauce soja, du jus de citron, etc. Dans l'ar\u00f4me, les huiles essentielles sont beaucoup plus fines et plus durables que l'ingr\u00e9dient original - une exp\u00e9rience gustative tr\u00e8s sp\u00e9ciale.<\/p>\n","protected":false},"excerpt":{"rendered":"<p>&nbsp; &nbsp; Sonnentor Huile essentielle de vanille&nbsp; BIO Aux extraits de vanille 100% naturelle Saveur \u00e9pic\u00e9e et sucr\u00e9e Pour les g\u00e2teaux ou la cuisine cr\u00e9ole Contenue: 4,5 ml CHF 17.00 &nbsp; &nbsp; Description C'est \u00e0 \u00e7a que ressemble le go\u00fbt de Vanilla Sky ! L'huile essentielle de l'orchid\u00e9e vanille \u00e9voque l'ar\u00f4me plein et rond de la gousse de vanille dans&nbsp;<a href=\"https:\/\/bien-etreiris.ch\/de\/produktpraesentation\/gesundes-leben\/gesunde-lebensmittel\/zutaten-wohlbefinden\/suppen-saucen-bruehe\/gewuerzoele\/vanille-oel\/\" class=\"read-more\">Weiter lesen<\/a><\/p>\n","protected":false},"author":1,"featured_media":39921,"parent":37166,"menu_order":6268,"comment_status":"closed","ping_status":"closed","template":"page-with-child.php","meta":{"_acf_changed":false,"ngg_post_thumbnail":0,"footnotes":""},"class_list":["post-39918","page","type-page","status-publish","has-post-thumbnail","hentry"],"acf":[],"yoast_head":"<!-- This site is optimized with the Yoast SEO plugin v27.6 - https:\/\/yoast.com\/product\/yoast-seo-wordpress\/ -->\n<title>VANILLE - WOHLBEFINDEN<\/title>\n<meta name=\"robots\" content=\"index, follow, max-snippet:-1, max-image-preview:large, max-video-preview:-1\" \/>\n<link rel=\"canonical\" href=\"https:\/\/bien-etreiris.ch\/de\/produktpraesentation\/gesundes-leben\/gesunde-lebensmittel\/zutaten-wohlbefinden\/suppen-saucen-bruehe\/gewuerzoele\/vanille-oel\/\" \/>\n<meta property=\"og:locale\" content=\"de_DE\" \/>\n<meta property=\"og:type\" content=\"article\" \/>\n<meta property=\"og:title\" content=\"VANILLE - WOHLBEFINDEN\" \/>\n<meta property=\"og:description\" content=\"&nbsp; &nbsp; Sonnentor Huile essentielle de vanille&nbsp; BIO Aux extraits de vanille 100% naturelle Saveur \u00e9pic\u00e9e et sucr\u00e9e Pour les g\u00e2teaux ou la cuisine cr\u00e9ole Contenue: 4,5 ml CHF 17.00 &nbsp; &nbsp; Description C&#039;est \u00e0 \u00e7a que ressemble le go\u00fbt de Vanilla Sky ! L&#039;huile essentielle de l&#039;orchid\u00e9e vanille \u00e9voque l&#039;ar\u00f4me plein et rond de la gousse de vanille dans&nbsp;Weiter lesen\" \/>\n<meta property=\"og:url\" content=\"https:\/\/bien-etreiris.ch\/de\/produktpraesentation\/gesundes-leben\/gesunde-lebensmittel\/zutaten-wohlbefinden\/suppen-saucen-bruehe\/gewuerzoele\/vanille-oel\/\" \/>\n<meta property=\"og:site_name\" content=\"WOHLBEFINDEN\" \/>\n<meta property=\"article:publisher\" content=\"https:\/\/www.facebook.com\/bienetreiris\/\" \/>\n<meta property=\"article:modified_time\" content=\"2021-06-03T07:42:35+00:00\" \/>\n<meta property=\"og:image\" content=\"https:\/\/bien-etreiris.ch\/wp-content\/uploads\/2021\/03\/Vanille-1.jpg\" \/>\n\t<meta property=\"og:image:width\" content=\"500\" \/>\n\t<meta property=\"og:image:height\" content=\"333\" \/>\n\t<meta property=\"og:image:type\" content=\"image\/jpeg\" \/>\n<meta name=\"twitter:label1\" content=\"Gesch\u00e4tzte Lesezeit\" \/>\n\t<meta name=\"twitter:data1\" content=\"2\u00a0Minuten\" \/>\n<script type=\"application\/ld+json\" class=\"yoast-schema-graph\">{\"@context\":\"https:\\\/\\\/schema.org\",\"@graph\":[{\"@type\":\"WebPage\",\"@id\":\"https:\\\/\\\/bien-etreiris.ch\\\/de\\\/produktpraesentation\\\/gesundes-leben\\\/gesunde-lebensmittel\\\/zutaten-wohlbefinden\\\/suppen-saucen-bruehe\\\/gewuerzoele\\\/vanille-oel\\\/\",\"url\":\"https:\\\/\\\/bien-etreiris.ch\\\/de\\\/produktpraesentation\\\/gesundes-leben\\\/gesunde-lebensmittel\\\/zutaten-wohlbefinden\\\/suppen-saucen-bruehe\\\/gewuerzoele\\\/vanille-oel\\\/\",\"name\":\"VANILLE - WOHLBEFINDEN\",\"isPartOf\":{\"@id\":\"https:\\\/\\\/bien-etreiris.ch\\\/de\\\/#website\"},\"primaryImageOfPage\":{\"@id\":\"https:\\\/\\\/bien-etreiris.ch\\\/de\\\/produktpraesentation\\\/gesundes-leben\\\/gesunde-lebensmittel\\\/zutaten-wohlbefinden\\\/suppen-saucen-bruehe\\\/gewuerzoele\\\/vanille-oel\\\/#primaryimage\"},\"image\":{\"@id\":\"https:\\\/\\\/bien-etreiris.ch\\\/de\\\/produktpraesentation\\\/gesundes-leben\\\/gesunde-lebensmittel\\\/zutaten-wohlbefinden\\\/suppen-saucen-bruehe\\\/gewuerzoele\\\/vanille-oel\\\/#primaryimage\"},\"thumbnailUrl\":\"https:\\\/\\\/bien-etreiris.ch\\\/wp-content\\\/uploads\\\/2021\\\/03\\\/Vanille-1.jpg\",\"datePublished\":\"2021-03-19T22:26:17+00:00\",\"dateModified\":\"2021-06-03T07:42:35+00:00\",\"breadcrumb\":{\"@id\":\"https:\\\/\\\/bien-etreiris.ch\\\/de\\\/produktpraesentation\\\/gesundes-leben\\\/gesunde-lebensmittel\\\/zutaten-wohlbefinden\\\/suppen-saucen-bruehe\\\/gewuerzoele\\\/vanille-oel\\\/#breadcrumb\"},\"inLanguage\":\"de\",\"potentialAction\":[{\"@type\":\"ReadAction\",\"target\":[\"https:\\\/\\\/bien-etreiris.ch\\\/de\\\/produktpraesentation\\\/gesundes-leben\\\/gesunde-lebensmittel\\\/zutaten-wohlbefinden\\\/suppen-saucen-bruehe\\\/gewuerzoele\\\/vanille-oel\\\/\"]}]},{\"@type\":\"ImageObject\",\"inLanguage\":\"de\",\"@id\":\"https:\\\/\\\/bien-etreiris.ch\\\/de\\\/produktpraesentation\\\/gesundes-leben\\\/gesunde-lebensmittel\\\/zutaten-wohlbefinden\\\/suppen-saucen-bruehe\\\/gewuerzoele\\\/vanille-oel\\\/#primaryimage\",\"url\":\"https:\\\/\\\/bien-etreiris.ch\\\/wp-content\\\/uploads\\\/2021\\\/03\\\/Vanille-1.jpg\",\"contentUrl\":\"https:\\\/\\\/bien-etreiris.ch\\\/wp-content\\\/uploads\\\/2021\\\/03\\\/Vanille-1.jpg\",\"width\":500,\"height\":333},{\"@type\":\"BreadcrumbList\",\"@id\":\"https:\\\/\\\/bien-etreiris.ch\\\/de\\\/produktpraesentation\\\/gesundes-leben\\\/gesunde-lebensmittel\\\/zutaten-wohlbefinden\\\/suppen-saucen-bruehe\\\/gewuerzoele\\\/vanille-oel\\\/#breadcrumb\",\"itemListElement\":[{\"@type\":\"ListItem\",\"position\":1,\"name\":\"Home\",\"item\":\"https:\\\/\\\/bien-etreiris.ch\\\/de\\\/\"},{\"@type\":\"ListItem\",\"position\":2,\"name\":\"PRODUKTPR\u00c4SENTATION\",\"item\":\"https:\\\/\\\/bien-etreiris.ch\\\/de\\\/produktpraesentation\\\/\"},{\"@type\":\"ListItem\",\"position\":3,\"name\":\"GESUNDES LEBEN\",\"item\":\"https:\\\/\\\/bien-etreiris.ch\\\/de\\\/produktpraesentation\\\/gesundes-leben\\\/\"},{\"@type\":\"ListItem\",\"position\":4,\"name\":\"GESUNDE LEBENSMITTEL\",\"item\":\"https:\\\/\\\/bien-etreiris.ch\\\/de\\\/produktpraesentation\\\/gesundes-leben\\\/gesunde-lebensmittel\\\/\"},{\"@type\":\"ListItem\",\"position\":5,\"name\":\"ZUTATEN\",\"item\":\"https:\\\/\\\/bien-etreiris.ch\\\/de\\\/produktpraesentation\\\/gesundes-leben\\\/gesunde-lebensmittel\\\/zutaten-wohlbefinden\\\/\"},{\"@type\":\"ListItem\",\"position\":6,\"name\":\"W\u00dcRZEN\",\"item\":\"https:\\\/\\\/bien-etreiris.ch\\\/de\\\/produktpraesentation\\\/gesundes-leben\\\/gesunde-lebensmittel\\\/zutaten-wohlbefinden\\\/suppen-saucen-bruehe\\\/\"},{\"@type\":\"ListItem\",\"position\":7,\"name\":\"GEW\u00dcRZ\u00d6LE\",\"item\":\"https:\\\/\\\/bien-etreiris.ch\\\/de\\\/produktpraesentation\\\/gesundes-leben\\\/gesunde-lebensmittel\\\/zutaten-wohlbefinden\\\/suppen-saucen-bruehe\\\/gewuerzoele\\\/\"},{\"@type\":\"ListItem\",\"position\":8,\"name\":\"VANILLE\"}]},{\"@type\":\"WebSite\",\"@id\":\"https:\\\/\\\/bien-etreiris.ch\\\/de\\\/#website\",\"url\":\"https:\\\/\\\/bien-etreiris.ch\\\/de\\\/\",\"name\":\"Bien-\u00eatre Iris\",\"description\":\"IHRE Gesundheit ist uns wichtig\",\"potentialAction\":[{\"@type\":\"SearchAction\",\"target\":{\"@type\":\"EntryPoint\",\"urlTemplate\":\"https:\\\/\\\/bien-etreiris.ch\\\/de\\\/?s={search_term_string}\"},\"query-input\":{\"@type\":\"PropertyValueSpecification\",\"valueRequired\":true,\"valueName\":\"search_term_string\"}}],\"inLanguage\":\"de\"}]}<\/script>\n<!-- \/ Yoast SEO plugin. -->","yoast_head_json":{"title":"VANILLE - WOHLBEFINDEN","robots":{"index":"index","follow":"follow","max-snippet":"max-snippet:-1","max-image-preview":"max-image-preview:large","max-video-preview":"max-video-preview:-1"},"canonical":"https:\/\/bien-etreiris.ch\/de\/produktpraesentation\/gesundes-leben\/gesunde-lebensmittel\/zutaten-wohlbefinden\/suppen-saucen-bruehe\/gewuerzoele\/vanille-oel\/","og_locale":"de_DE","og_type":"article","og_title":"VANILLE - WOHLBEFINDEN","og_description":"&nbsp; &nbsp; Sonnentor Huile essentielle de vanille&nbsp; BIO Aux extraits de vanille 100% naturelle Saveur \u00e9pic\u00e9e et sucr\u00e9e Pour les g\u00e2teaux ou la cuisine cr\u00e9ole Contenue: 4,5 ml CHF 17.00 &nbsp; &nbsp; Description C'est \u00e0 \u00e7a que ressemble le go\u00fbt de Vanilla Sky ! L'huile essentielle de l'orchid\u00e9e vanille \u00e9voque l'ar\u00f4me plein et rond de la gousse de vanille dans&nbsp;Weiter lesen","og_url":"https:\/\/bien-etreiris.ch\/de\/produktpraesentation\/gesundes-leben\/gesunde-lebensmittel\/zutaten-wohlbefinden\/suppen-saucen-bruehe\/gewuerzoele\/vanille-oel\/","og_site_name":"WOHLBEFINDEN","article_publisher":"https:\/\/www.facebook.com\/bienetreiris\/","article_modified_time":"2021-06-03T07:42:35+00:00","og_image":[{"width":500,"height":333,"url":"https:\/\/bien-etreiris.ch\/wp-content\/uploads\/2021\/03\/Vanille-1.jpg","type":"image\/jpeg"}],"twitter_misc":{"Gesch\u00e4tzte Lesezeit":"2\u00a0Minuten"},"schema":{"@context":"https:\/\/schema.org","@graph":[{"@type":"WebPage","@id":"https:\/\/bien-etreiris.ch\/de\/produktpraesentation\/gesundes-leben\/gesunde-lebensmittel\/zutaten-wohlbefinden\/suppen-saucen-bruehe\/gewuerzoele\/vanille-oel\/","url":"https:\/\/bien-etreiris.ch\/de\/produktpraesentation\/gesundes-leben\/gesunde-lebensmittel\/zutaten-wohlbefinden\/suppen-saucen-bruehe\/gewuerzoele\/vanille-oel\/","name":"VANILLE - WOHLBEFINDEN","isPartOf":{"@id":"https:\/\/bien-etreiris.ch\/de\/#website"},"primaryImageOfPage":{"@id":"https:\/\/bien-etreiris.ch\/de\/produktpraesentation\/gesundes-leben\/gesunde-lebensmittel\/zutaten-wohlbefinden\/suppen-saucen-bruehe\/gewuerzoele\/vanille-oel\/#primaryimage"},"image":{"@id":"https:\/\/bien-etreiris.ch\/de\/produktpraesentation\/gesundes-leben\/gesunde-lebensmittel\/zutaten-wohlbefinden\/suppen-saucen-bruehe\/gewuerzoele\/vanille-oel\/#primaryimage"},"thumbnailUrl":"https:\/\/bien-etreiris.ch\/wp-content\/uploads\/2021\/03\/Vanille-1.jpg","datePublished":"2021-03-19T22:26:17+00:00","dateModified":"2021-06-03T07:42:35+00:00","breadcrumb":{"@id":"https:\/\/bien-etreiris.ch\/de\/produktpraesentation\/gesundes-leben\/gesunde-lebensmittel\/zutaten-wohlbefinden\/suppen-saucen-bruehe\/gewuerzoele\/vanille-oel\/#breadcrumb"},"inLanguage":"de","potentialAction":[{"@type":"ReadAction","target":["https:\/\/bien-etreiris.ch\/de\/produktpraesentation\/gesundes-leben\/gesunde-lebensmittel\/zutaten-wohlbefinden\/suppen-saucen-bruehe\/gewuerzoele\/vanille-oel\/"]}]},{"@type":"ImageObject","inLanguage":"de","@id":"https:\/\/bien-etreiris.ch\/de\/produktpraesentation\/gesundes-leben\/gesunde-lebensmittel\/zutaten-wohlbefinden\/suppen-saucen-bruehe\/gewuerzoele\/vanille-oel\/#primaryimage","url":"https:\/\/bien-etreiris.ch\/wp-content\/uploads\/2021\/03\/Vanille-1.jpg","contentUrl":"https:\/\/bien-etreiris.ch\/wp-content\/uploads\/2021\/03\/Vanille-1.jpg","width":500,"height":333},{"@type":"BreadcrumbList","@id":"https:\/\/bien-etreiris.ch\/de\/produktpraesentation\/gesundes-leben\/gesunde-lebensmittel\/zutaten-wohlbefinden\/suppen-saucen-bruehe\/gewuerzoele\/vanille-oel\/#breadcrumb","itemListElement":[{"@type":"ListItem","position":1,"name":"Home","item":"https:\/\/bien-etreiris.ch\/de\/"},{"@type":"ListItem","position":2,"name":"PRODUKTPR\u00c4SENTATION","item":"https:\/\/bien-etreiris.ch\/de\/produktpraesentation\/"},{"@type":"ListItem","position":3,"name":"GESUNDES LEBEN","item":"https:\/\/bien-etreiris.ch\/de\/produktpraesentation\/gesundes-leben\/"},{"@type":"ListItem","position":4,"name":"GESUNDE LEBENSMITTEL","item":"https:\/\/bien-etreiris.ch\/de\/produktpraesentation\/gesundes-leben\/gesunde-lebensmittel\/"},{"@type":"ListItem","position":5,"name":"ZUTATEN","item":"https:\/\/bien-etreiris.ch\/de\/produktpraesentation\/gesundes-leben\/gesunde-lebensmittel\/zutaten-wohlbefinden\/"},{"@type":"ListItem","position":6,"name":"W\u00dcRZEN","item":"https:\/\/bien-etreiris.ch\/de\/produktpraesentation\/gesundes-leben\/gesunde-lebensmittel\/zutaten-wohlbefinden\/suppen-saucen-bruehe\/"},{"@type":"ListItem","position":7,"name":"GEW\u00dcRZ\u00d6LE","item":"https:\/\/bien-etreiris.ch\/de\/produktpraesentation\/gesundes-leben\/gesunde-lebensmittel\/zutaten-wohlbefinden\/suppen-saucen-bruehe\/gewuerzoele\/"},{"@type":"ListItem","position":8,"name":"VANILLE"}]},{"@type":"WebSite","@id":"https:\/\/bien-etreiris.ch\/de\/#website","url":"https:\/\/bien-etreiris.ch\/de\/","name":"Bien-\u00eatre Iris","description":"IHRE Gesundheit ist uns wichtig","potentialAction":[{"@type":"SearchAction","target":{"@type":"EntryPoint","urlTemplate":"https:\/\/bien-etreiris.ch\/de\/?s={search_term_string}"},"query-input":{"@type":"PropertyValueSpecification","valueRequired":true,"valueName":"search_term_string"}}],"inLanguage":"de"}]}},"_links":{"self":[{"href":"https:\/\/bien-etreiris.ch\/de\/wp-json\/wp\/v2\/pages\/39918","targetHints":{"allow":["GET"]}}],"collection":[{"href":"https:\/\/bien-etreiris.ch\/de\/wp-json\/wp\/v2\/pages"}],"about":[{"href":"https:\/\/bien-etreiris.ch\/de\/wp-json\/wp\/v2\/types\/page"}],"author":[{"embeddable":true,"href":"https:\/\/bien-etreiris.ch\/de\/wp-json\/wp\/v2\/users\/1"}],"replies":[{"embeddable":true,"href":"https:\/\/bien-etreiris.ch\/de\/wp-json\/wp\/v2\/comments?post=39918"}],"version-history":[{"count":3,"href":"https:\/\/bien-etreiris.ch\/de\/wp-json\/wp\/v2\/pages\/39918\/revisions"}],"predecessor-version":[{"id":39930,"href":"https:\/\/bien-etreiris.ch\/de\/wp-json\/wp\/v2\/pages\/39918\/revisions\/39930"}],"up":[{"embeddable":true,"href":"https:\/\/bien-etreiris.ch\/de\/wp-json\/wp\/v2\/pages\/37166"}],"wp:featuredmedia":[{"embeddable":true,"href":"https:\/\/bien-etreiris.ch\/de\/wp-json\/wp\/v2\/media\/39921"}],"wp:attachment":[{"href":"https:\/\/bien-etreiris.ch\/de\/wp-json\/wp\/v2\/media?parent=39918"}],"curies":[{"name":"wp","href":"https:\/\/api.w.org\/{rel}","templated":true}]}}