{"id":39657,"date":"2021-03-18T11:31:10","date_gmt":"2021-03-18T11:31:10","guid":{"rendered":"https:\/\/bien-etreiris.ch\/?page_id=39657"},"modified":"2024-09-12T11:57:16","modified_gmt":"2024-09-12T09:57:16","slug":"basilikum","status":"publish","type":"page","link":"https:\/\/bien-etreiris.ch\/de\/produktpraesentation\/gesundes-leben\/gesunde-lebensmittel\/zutaten-wohlbefinden\/gewuerze\/epices-pures\/basilikum\/","title":{"rendered":"BASILIKUM"},"content":{"rendered":"<h4><a href=\"https:\/\/decoiris.ch\/wp-content\/uploads\/2021\/03\/Basilique-grand-plan-1.png\"><img loading=\"lazy\" decoding=\"async\" class=\"size-full wp-image-39658 aligncenter\" src=\"https:\/\/decoiris.ch\/wp-content\/uploads\/2021\/03\/Basilique-grand-plan-1.png\" alt=\"\" width=\"250\" height=\"250\" srcset=\"https:\/\/bien-etreiris.ch\/wp-content\/uploads\/2021\/03\/Basilique-grand-plan-1.png 250w, https:\/\/bien-etreiris.ch\/wp-content\/uploads\/2021\/03\/Basilique-grand-plan-1-150x150.png 150w\" sizes=\"auto, (max-width: 250px) 100vw, 250px\" \/><\/a><\/h4>\n\n\n<h2 class=\"wp-block-heading\">BASILIKUM<\/h2>\n\n\n<h4>Kr\u00e4uterig - \u00e4therisch - s\u00e4uerlich<\/h4>\n<p><a href=\"https:\/\/decoiris.ch\/wp-content\/uploads\/2021\/03\/basilic-boite-en-carton.jpg\"><img loading=\"lazy\" decoding=\"async\" class=\"size-medium wp-image-39661 alignleft\" src=\"https:\/\/decoiris.ch\/wp-content\/uploads\/2021\/03\/basilic-boite-en-carton-300x300.jpg\" alt=\"\" width=\"300\" height=\"300\" srcset=\"https:\/\/bien-etreiris.ch\/wp-content\/uploads\/2021\/03\/basilic-boite-en-carton-300x300.jpg 300w, https:\/\/bien-etreiris.ch\/wp-content\/uploads\/2021\/03\/basilic-boite-en-carton-150x150.jpg 150w, https:\/\/bien-etreiris.ch\/wp-content\/uploads\/2021\/03\/basilic-boite-en-carton-768x768.jpg 768w, https:\/\/bien-etreiris.ch\/wp-content\/uploads\/2021\/03\/basilic-boite-en-carton-1024x1024.jpg 1024w, https:\/\/bien-etreiris.ch\/wp-content\/uploads\/2021\/03\/basilic-boite-en-carton.jpg 1186w\" sizes=\"auto, (max-width: 300px) 100vw, 300px\" \/><\/a><\/p>\n<p>&nbsp;<\/p>\n<p>&nbsp;<\/p>\n<p>&nbsp;<\/p>\n<p>&nbsp;<\/p>\n<p>&nbsp;<\/p>\n<p>Beutel von 15 g <strong>CHF 3.40<\/strong><\/p>\n<p><a href=\"https:\/\/decoiris.ch\/wp-content\/uploads\/2021\/03\/gastro.jpg\"><img loading=\"lazy\" decoding=\"async\" class=\"size-medium wp-image-39664 alignleft\" src=\"https:\/\/decoiris.ch\/wp-content\/uploads\/2021\/03\/gastro-300x300.jpg\" alt=\"\" width=\"300\" height=\"300\" srcset=\"https:\/\/bien-etreiris.ch\/wp-content\/uploads\/2021\/03\/gastro-300x300.jpg 300w, https:\/\/bien-etreiris.ch\/wp-content\/uploads\/2021\/03\/gastro-150x150.jpg 150w, https:\/\/bien-etreiris.ch\/wp-content\/uploads\/2021\/03\/gastro-768x768.jpg 768w, https:\/\/bien-etreiris.ch\/wp-content\/uploads\/2021\/03\/gastro-1024x1024.jpg 1024w, https:\/\/bien-etreiris.ch\/wp-content\/uploads\/2021\/03\/gastro.jpg 1186w\" sizes=\"auto, (max-width: 300px) 100vw, 300px\" \/><\/a><\/p>\n<p>&nbsp;<\/p>\n<p>&nbsp;<\/p>\n<p>&nbsp;<\/p>\n<p>&nbsp;<\/p>\n<p>&nbsp;<\/p>\n<p>Nachf\u00fcllung 10 g <strong>CHF 0.95<\/strong><\/p>\n<h2>&nbsp;<\/h2>\n<p>&nbsp;<\/p>\n<p>Bella Italia ? Solo con basil! Was w\u00e4re die italienische K\u00fcche ohne dieses klassische Gew\u00fcrz. Ob Pizza, Pasta, Risotto oder Tomate-Mozzarella - mit einer Prise Basilikum verleihen Sie Ihren Lieblingsgerichten einen mediterranen Touch. Buon appetito!<\/p>\n<p>Beschreibung des Produkts<\/p>\n<p>Eine Pflanze ist 20 bis 60 cm hoch, hat ovale, lanzettliche Bl\u00e4tter, die 2 bis 3 cm lang werden.<\/p>\n<p>&nbsp;<\/p>\n<p>&nbsp;<\/p>\n<h2><span style=\"color: #ff9900;\"><em><a style=\"color: #ff9900;\" href=\"https:\/\/bien-etreiris.ch\/de\/produktpraesentation\/aromatherapie\/aetherische-oele\/basilikum-aetherisches-oel\/\" target=\"_blank\" rel=\"noopener noreferrer\"><strong>Besuchen Sie auch unsere Rubrik der \u00e4therischen \u00d6le \"Basilikum\"<\/strong><\/a><\/em><\/span><\/h2>\n\n\n<hr class=\"wp-block-separator has-css-opacity\"\/>\n\n\n<h2><a href=\"https:\/\/bien-etreiris.ch\/de\/produktpraesentation\/gesundes-leben\/nahrungsergaenzungsmittel\/pflanzenheilkunde-gleichgewicht-durch-heilpflanzen\/kraeuter-und-pflanzen\/basilikum-kraeutertee\/\" target=\"_blank\" rel=\"noopener\"><em><span style=\"color: #ff9900;\">Besuchen Sie auch unsere Rubrik Kr\u00e4uter und Pflanzen \"Basilikum als Tee\"<\/span><\/em><\/a><\/h2>\n\n\n<hr class=\"wp-block-separator has-css-opacity\"\/>\n\n\n<h2><em><span style=\"color: #ff9900;\"><a style=\"color: #ff9900;\" href=\"https:\/\/bien-etreiris.ch\/de\/produktpraesentation\/gesundes-leben\/gesunde-lebensmittel\/zutaten-wohlbefinden\/suppen-saucen-bruehe\/gewuerzoele\/aromaoel-basilikum\/\" target=\"_blank\" rel=\"noopener\">Besuchen Sie auch unsere Rubrik Gew\u00fcrz\u00f6le \"Basilikum\"<\/a><\/span><\/em><\/h2>","protected":false},"excerpt":{"rendered":"<p>BASILIKUM Kr\u00e4uterig - \u00e4therisch - s\u00e4uerlich &nbsp; &nbsp; &nbsp; &nbsp; &nbsp; Beutel von 15 g CHF 3.40 &nbsp; &nbsp; &nbsp; &nbsp; &nbsp; Nachf\u00fcllung 10 g CHF 0.95 &nbsp; &nbsp; Bella Italia ? Solo con basil! Was w\u00e4re die italienische K\u00fcche ohne dieses klassische Gew\u00fcrz. Ob Pizza, Pasta, Risotto oder Tomate-Mozzarella - mit einer Prise Basilikum verleihen Sie Ihren Lieblingsgerichten einen&nbsp;<a href=\"https:\/\/bien-etreiris.ch\/de\/produktpraesentation\/gesundes-leben\/gesunde-lebensmittel\/zutaten-wohlbefinden\/gewuerze\/epices-pures\/basilikum\/\" class=\"read-more\">Weiter lesen<\/a><\/p>\n","protected":false},"author":1,"featured_media":89257,"parent":98233,"menu_order":6289,"comment_status":"closed","ping_status":"closed","template":"page-with-child.php","meta":{"_acf_changed":false,"ngg_post_thumbnail":0,"footnotes":""},"class_list":["post-39657","page","type-page","status-publish","has-post-thumbnail","hentry"],"acf":[],"yoast_head":"<!-- This site is optimized with the Yoast SEO plugin v27.6 - https:\/\/yoast.com\/product\/yoast-seo-wordpress\/ -->\n<title>BASILIKUM - WOHLBEFINDEN<\/title>\n<meta name=\"robots\" content=\"index, follow, max-snippet:-1, max-image-preview:large, max-video-preview:-1\" \/>\n<link rel=\"canonical\" href=\"https:\/\/bien-etreiris.ch\/de\/produktpraesentation\/gesundes-leben\/gesunde-lebensmittel\/zutaten-wohlbefinden\/gewuerze\/basilikum\/\" \/>\n<meta property=\"og:locale\" content=\"de_DE\" \/>\n<meta property=\"og:type\" content=\"article\" \/>\n<meta property=\"og:title\" content=\"BASILIKUM - WOHLBEFINDEN\" \/>\n<meta property=\"og:description\" content=\"BASILIKUM Kr\u00e4uterig - \u00e4therisch - s\u00e4uerlich &nbsp; &nbsp; &nbsp; &nbsp; &nbsp; Beutel von 15 g CHF 3.40 &nbsp; &nbsp; &nbsp; &nbsp; &nbsp; Nachf\u00fcllung 10 g CHF 0.95 &nbsp; &nbsp; Bella Italia ? Solo con basil! Was w\u00e4re die italienische K\u00fcche ohne dieses klassische Gew\u00fcrz. Ob Pizza, Pasta, Risotto oder Tomate-Mozzarella - mit einer Prise Basilikum verleihen Sie Ihren Lieblingsgerichten einen&nbsp;Weiter lesen\" \/>\n<meta property=\"og:url\" content=\"https:\/\/bien-etreiris.ch\/de\/produktpraesentation\/gesundes-leben\/gesunde-lebensmittel\/zutaten-wohlbefinden\/gewuerze\/basilikum\/\" \/>\n<meta property=\"og:site_name\" content=\"WOHLBEFINDEN\" \/>\n<meta property=\"article:publisher\" content=\"https:\/\/www.facebook.com\/bienetreiris\/\" \/>\n<meta property=\"article:modified_time\" content=\"2024-09-12T09:57:16+00:00\" \/>\n<meta property=\"og:image\" content=\"https:\/\/bien-etreiris.ch\/wp-content\/uploads\/2024\/09\/acceuil-basilic.png\" \/>\n\t<meta property=\"og:image:width\" content=\"370\" \/>\n\t<meta property=\"og:image:height\" content=\"226\" \/>\n\t<meta property=\"og:image:type\" content=\"image\/png\" \/>\n<meta name=\"twitter:label1\" content=\"Gesch\u00e4tzte Lesezeit\" \/>\n\t<meta name=\"twitter:data1\" content=\"2\u00a0Minuten\" \/>\n<script type=\"application\/ld+json\" class=\"yoast-schema-graph\">{\"@context\":\"https:\\\/\\\/schema.org\",\"@graph\":[{\"@type\":\"WebPage\",\"@id\":\"https:\\\/\\\/bien-etreiris.ch\\\/de\\\/produktpraesentation\\\/gesundes-leben\\\/gesunde-lebensmittel\\\/zutaten-wohlbefinden\\\/gewuerze\\\/basilikum\\\/\",\"url\":\"https:\\\/\\\/bien-etreiris.ch\\\/de\\\/produktpraesentation\\\/gesundes-leben\\\/gesunde-lebensmittel\\\/zutaten-wohlbefinden\\\/gewuerze\\\/basilikum\\\/\",\"name\":\"BASILIKUM - WOHLBEFINDEN\",\"isPartOf\":{\"@id\":\"https:\\\/\\\/bien-etreiris.ch\\\/de\\\/#website\"},\"primaryImageOfPage\":{\"@id\":\"https:\\\/\\\/bien-etreiris.ch\\\/de\\\/produktpraesentation\\\/gesundes-leben\\\/gesunde-lebensmittel\\\/zutaten-wohlbefinden\\\/gewuerze\\\/basilikum\\\/#primaryimage\"},\"image\":{\"@id\":\"https:\\\/\\\/bien-etreiris.ch\\\/de\\\/produktpraesentation\\\/gesundes-leben\\\/gesunde-lebensmittel\\\/zutaten-wohlbefinden\\\/gewuerze\\\/basilikum\\\/#primaryimage\"},\"thumbnailUrl\":\"https:\\\/\\\/bien-etreiris.ch\\\/wp-content\\\/uploads\\\/2024\\\/09\\\/acceuil-basilic.png\",\"datePublished\":\"2021-03-18T11:31:10+00:00\",\"dateModified\":\"2024-09-12T09:57:16+00:00\",\"breadcrumb\":{\"@id\":\"https:\\\/\\\/bien-etreiris.ch\\\/de\\\/produktpraesentation\\\/gesundes-leben\\\/gesunde-lebensmittel\\\/zutaten-wohlbefinden\\\/gewuerze\\\/basilikum\\\/#breadcrumb\"},\"inLanguage\":\"de\",\"potentialAction\":[{\"@type\":\"ReadAction\",\"target\":[\"https:\\\/\\\/bien-etreiris.ch\\\/de\\\/produktpraesentation\\\/gesundes-leben\\\/gesunde-lebensmittel\\\/zutaten-wohlbefinden\\\/gewuerze\\\/basilikum\\\/\"]}]},{\"@type\":\"ImageObject\",\"inLanguage\":\"de\",\"@id\":\"https:\\\/\\\/bien-etreiris.ch\\\/de\\\/produktpraesentation\\\/gesundes-leben\\\/gesunde-lebensmittel\\\/zutaten-wohlbefinden\\\/gewuerze\\\/basilikum\\\/#primaryimage\",\"url\":\"https:\\\/\\\/bien-etreiris.ch\\\/wp-content\\\/uploads\\\/2024\\\/09\\\/acceuil-basilic.png\",\"contentUrl\":\"https:\\\/\\\/bien-etreiris.ch\\\/wp-content\\\/uploads\\\/2024\\\/09\\\/acceuil-basilic.png\",\"width\":370,\"height\":226},{\"@type\":\"BreadcrumbList\",\"@id\":\"https:\\\/\\\/bien-etreiris.ch\\\/de\\\/produktpraesentation\\\/gesundes-leben\\\/gesunde-lebensmittel\\\/zutaten-wohlbefinden\\\/gewuerze\\\/basilikum\\\/#breadcrumb\",\"itemListElement\":[{\"@type\":\"ListItem\",\"position\":1,\"name\":\"Home\",\"item\":\"https:\\\/\\\/bien-etreiris.ch\\\/de\\\/\"},{\"@type\":\"ListItem\",\"position\":2,\"name\":\"PRODUKTPR\u00c4SENTATION\",\"item\":\"https:\\\/\\\/bien-etreiris.ch\\\/de\\\/produktpraesentation\\\/\"},{\"@type\":\"ListItem\",\"position\":3,\"name\":\"GESUNDES LEBEN\",\"item\":\"https:\\\/\\\/bien-etreiris.ch\\\/de\\\/produktpraesentation\\\/gesundes-leben\\\/\"},{\"@type\":\"ListItem\",\"position\":4,\"name\":\"GESUNDE LEBENSMITTEL\",\"item\":\"https:\\\/\\\/bien-etreiris.ch\\\/de\\\/produktpraesentation\\\/gesundes-leben\\\/gesunde-lebensmittel\\\/\"},{\"@type\":\"ListItem\",\"position\":5,\"name\":\"ZUTATEN\",\"item\":\"https:\\\/\\\/bien-etreiris.ch\\\/de\\\/produktpraesentation\\\/gesundes-leben\\\/gesunde-lebensmittel\\\/zutaten-wohlbefinden\\\/\"},{\"@type\":\"ListItem\",\"position\":6,\"name\":\"GEW\u00dcRZE\",\"item\":\"https:\\\/\\\/bien-etreiris.ch\\\/de\\\/produktpraesentation\\\/gesundes-leben\\\/gesunde-lebensmittel\\\/zutaten-wohlbefinden\\\/gewuerze\\\/\"},{\"@type\":\"ListItem\",\"position\":7,\"name\":\"BASILIKUM\"}]},{\"@type\":\"WebSite\",\"@id\":\"https:\\\/\\\/bien-etreiris.ch\\\/de\\\/#website\",\"url\":\"https:\\\/\\\/bien-etreiris.ch\\\/de\\\/\",\"name\":\"Bien-\u00eatre Iris\",\"description\":\"IHRE Gesundheit ist uns wichtig\",\"potentialAction\":[{\"@type\":\"SearchAction\",\"target\":{\"@type\":\"EntryPoint\",\"urlTemplate\":\"https:\\\/\\\/bien-etreiris.ch\\\/de\\\/?s={search_term_string}\"},\"query-input\":{\"@type\":\"PropertyValueSpecification\",\"valueRequired\":true,\"valueName\":\"search_term_string\"}}],\"inLanguage\":\"de\"}]}<\/script>\n<!-- \/ Yoast SEO plugin. -->","yoast_head_json":{"title":"BASILIKUM - WOHLBEFINDEN","robots":{"index":"index","follow":"follow","max-snippet":"max-snippet:-1","max-image-preview":"max-image-preview:large","max-video-preview":"max-video-preview:-1"},"canonical":"https:\/\/bien-etreiris.ch\/de\/produktpraesentation\/gesundes-leben\/gesunde-lebensmittel\/zutaten-wohlbefinden\/gewuerze\/basilikum\/","og_locale":"de_DE","og_type":"article","og_title":"BASILIKUM - WOHLBEFINDEN","og_description":"BASILIKUM Kr\u00e4uterig - \u00e4therisch - s\u00e4uerlich &nbsp; &nbsp; &nbsp; &nbsp; &nbsp; Beutel von 15 g CHF 3.40 &nbsp; &nbsp; &nbsp; &nbsp; &nbsp; Nachf\u00fcllung 10 g CHF 0.95 &nbsp; &nbsp; Bella Italia ? Solo con basil! Was w\u00e4re die italienische K\u00fcche ohne dieses klassische Gew\u00fcrz. Ob Pizza, Pasta, Risotto oder Tomate-Mozzarella - mit einer Prise Basilikum verleihen Sie Ihren Lieblingsgerichten einen&nbsp;Weiter lesen","og_url":"https:\/\/bien-etreiris.ch\/de\/produktpraesentation\/gesundes-leben\/gesunde-lebensmittel\/zutaten-wohlbefinden\/gewuerze\/basilikum\/","og_site_name":"WOHLBEFINDEN","article_publisher":"https:\/\/www.facebook.com\/bienetreiris\/","article_modified_time":"2024-09-12T09:57:16+00:00","og_image":[{"width":370,"height":226,"url":"https:\/\/bien-etreiris.ch\/wp-content\/uploads\/2024\/09\/acceuil-basilic.png","type":"image\/png"}],"twitter_misc":{"Gesch\u00e4tzte Lesezeit":"2\u00a0Minuten"},"schema":{"@context":"https:\/\/schema.org","@graph":[{"@type":"WebPage","@id":"https:\/\/bien-etreiris.ch\/de\/produktpraesentation\/gesundes-leben\/gesunde-lebensmittel\/zutaten-wohlbefinden\/gewuerze\/basilikum\/","url":"https:\/\/bien-etreiris.ch\/de\/produktpraesentation\/gesundes-leben\/gesunde-lebensmittel\/zutaten-wohlbefinden\/gewuerze\/basilikum\/","name":"BASILIKUM - WOHLBEFINDEN","isPartOf":{"@id":"https:\/\/bien-etreiris.ch\/de\/#website"},"primaryImageOfPage":{"@id":"https:\/\/bien-etreiris.ch\/de\/produktpraesentation\/gesundes-leben\/gesunde-lebensmittel\/zutaten-wohlbefinden\/gewuerze\/basilikum\/#primaryimage"},"image":{"@id":"https:\/\/bien-etreiris.ch\/de\/produktpraesentation\/gesundes-leben\/gesunde-lebensmittel\/zutaten-wohlbefinden\/gewuerze\/basilikum\/#primaryimage"},"thumbnailUrl":"https:\/\/bien-etreiris.ch\/wp-content\/uploads\/2024\/09\/acceuil-basilic.png","datePublished":"2021-03-18T11:31:10+00:00","dateModified":"2024-09-12T09:57:16+00:00","breadcrumb":{"@id":"https:\/\/bien-etreiris.ch\/de\/produktpraesentation\/gesundes-leben\/gesunde-lebensmittel\/zutaten-wohlbefinden\/gewuerze\/basilikum\/#breadcrumb"},"inLanguage":"de","potentialAction":[{"@type":"ReadAction","target":["https:\/\/bien-etreiris.ch\/de\/produktpraesentation\/gesundes-leben\/gesunde-lebensmittel\/zutaten-wohlbefinden\/gewuerze\/basilikum\/"]}]},{"@type":"ImageObject","inLanguage":"de","@id":"https:\/\/bien-etreiris.ch\/de\/produktpraesentation\/gesundes-leben\/gesunde-lebensmittel\/zutaten-wohlbefinden\/gewuerze\/basilikum\/#primaryimage","url":"https:\/\/bien-etreiris.ch\/wp-content\/uploads\/2024\/09\/acceuil-basilic.png","contentUrl":"https:\/\/bien-etreiris.ch\/wp-content\/uploads\/2024\/09\/acceuil-basilic.png","width":370,"height":226},{"@type":"BreadcrumbList","@id":"https:\/\/bien-etreiris.ch\/de\/produktpraesentation\/gesundes-leben\/gesunde-lebensmittel\/zutaten-wohlbefinden\/gewuerze\/basilikum\/#breadcrumb","itemListElement":[{"@type":"ListItem","position":1,"name":"Home","item":"https:\/\/bien-etreiris.ch\/de\/"},{"@type":"ListItem","position":2,"name":"PRODUKTPR\u00c4SENTATION","item":"https:\/\/bien-etreiris.ch\/de\/produktpraesentation\/"},{"@type":"ListItem","position":3,"name":"GESUNDES LEBEN","item":"https:\/\/bien-etreiris.ch\/de\/produktpraesentation\/gesundes-leben\/"},{"@type":"ListItem","position":4,"name":"GESUNDE LEBENSMITTEL","item":"https:\/\/bien-etreiris.ch\/de\/produktpraesentation\/gesundes-leben\/gesunde-lebensmittel\/"},{"@type":"ListItem","position":5,"name":"ZUTATEN","item":"https:\/\/bien-etreiris.ch\/de\/produktpraesentation\/gesundes-leben\/gesunde-lebensmittel\/zutaten-wohlbefinden\/"},{"@type":"ListItem","position":6,"name":"GEW\u00dcRZE","item":"https:\/\/bien-etreiris.ch\/de\/produktpraesentation\/gesundes-leben\/gesunde-lebensmittel\/zutaten-wohlbefinden\/gewuerze\/"},{"@type":"ListItem","position":7,"name":"BASILIKUM"}]},{"@type":"WebSite","@id":"https:\/\/bien-etreiris.ch\/de\/#website","url":"https:\/\/bien-etreiris.ch\/de\/","name":"Bien-\u00eatre Iris","description":"IHRE Gesundheit ist uns wichtig","potentialAction":[{"@type":"SearchAction","target":{"@type":"EntryPoint","urlTemplate":"https:\/\/bien-etreiris.ch\/de\/?s={search_term_string}"},"query-input":{"@type":"PropertyValueSpecification","valueRequired":true,"valueName":"search_term_string"}}],"inLanguage":"de"}]}},"_links":{"self":[{"href":"https:\/\/bien-etreiris.ch\/de\/wp-json\/wp\/v2\/pages\/39657","targetHints":{"allow":["GET"]}}],"collection":[{"href":"https:\/\/bien-etreiris.ch\/de\/wp-json\/wp\/v2\/pages"}],"about":[{"href":"https:\/\/bien-etreiris.ch\/de\/wp-json\/wp\/v2\/types\/page"}],"author":[{"embeddable":true,"href":"https:\/\/bien-etreiris.ch\/de\/wp-json\/wp\/v2\/users\/1"}],"replies":[{"embeddable":true,"href":"https:\/\/bien-etreiris.ch\/de\/wp-json\/wp\/v2\/comments?post=39657"}],"version-history":[{"count":15,"href":"https:\/\/bien-etreiris.ch\/de\/wp-json\/wp\/v2\/pages\/39657\/revisions"}],"predecessor-version":[{"id":89318,"href":"https:\/\/bien-etreiris.ch\/de\/wp-json\/wp\/v2\/pages\/39657\/revisions\/89318"}],"up":[{"embeddable":true,"href":"https:\/\/bien-etreiris.ch\/de\/wp-json\/wp\/v2\/pages\/98233"}],"wp:featuredmedia":[{"embeddable":true,"href":"https:\/\/bien-etreiris.ch\/de\/wp-json\/wp\/v2\/media\/89257"}],"wp:attachment":[{"href":"https:\/\/bien-etreiris.ch\/de\/wp-json\/wp\/v2\/media?parent=39657"}],"curies":[{"name":"wp","href":"https:\/\/api.w.org\/{rel}","templated":true}]}}