{"id":39625,"date":"2021-03-18T10:53:17","date_gmt":"2021-03-18T10:53:17","guid":{"rendered":"https:\/\/bien-etreiris.ch\/?page_id=39625"},"modified":"2023-04-26T17:04:52","modified_gmt":"2023-04-26T15:04:52","slug":"basilikum-kraeutertee","status":"publish","type":"page","link":"https:\/\/bien-etreiris.ch\/de\/produktpraesentation\/gesundes-leben\/nahrungsergaenzungsmittel\/pflanzenheilkunde-gleichgewicht-durch-heilpflanzen\/kraeuter-und-pflanzen\/basilikum-kraeutertee\/","title":{"rendered":"BASILIKUM"},"content":{"rendered":"<h2><a href=\"https:\/\/decoiris.ch\/wp-content\/uploads\/2021\/03\/Basilic-gran-plan.png\"><img loading=\"lazy\" decoding=\"async\" class=\"wp-image-40008 size-medium aligncenter\" src=\"https:\/\/decoiris.ch\/wp-content\/uploads\/2021\/03\/Basilic-gran-plan-287x300.png\" alt=\"\" width=\"287\" height=\"300\" srcset=\"https:\/\/bien-etreiris.ch\/wp-content\/uploads\/2021\/03\/Basilic-gran-plan-287x300.png 287w, https:\/\/bien-etreiris.ch\/wp-content\/uploads\/2021\/03\/Basilic-gran-plan.png 500w\" sizes=\"auto, (max-width: 287px) 100vw, 287px\" \/><\/a>Basilikum BIO<\/h2>\n<p><a href=\"https:\/\/decoiris.ch\/wp-content\/uploads\/2021\/03\/remplissage.jpg\"><img loading=\"lazy\" decoding=\"async\" class=\"alignnone size-medium wp-image-39635\" src=\"https:\/\/decoiris.ch\/wp-content\/uploads\/2021\/03\/remplissage-300x300.jpg\" alt=\"\" width=\"300\" height=\"300\" srcset=\"https:\/\/bien-etreiris.ch\/wp-content\/uploads\/2021\/03\/remplissage-300x300.jpg 300w, https:\/\/bien-etreiris.ch\/wp-content\/uploads\/2021\/03\/remplissage-150x150.jpg 150w, https:\/\/bien-etreiris.ch\/wp-content\/uploads\/2021\/03\/remplissage-768x768.jpg 768w, https:\/\/bien-etreiris.ch\/wp-content\/uploads\/2021\/03\/remplissage-1024x1024.jpg 1024w, https:\/\/bien-etreiris.ch\/wp-content\/uploads\/2021\/03\/remplissage.jpg 1186w\" sizes=\"auto, (max-width: 300px) 100vw, 300px\" \/><\/a>Offenverkauf 10 g <strong>CHF 0.70<\/strong><\/p>\n<p>&nbsp;<\/p>\n<h4>Vorteile des Trinkens von Basilikumtee<\/h4>\n<p>Der lateinische Name des Basilikums ist Ocimum Basilicum. Er geh\u00f6rt wie Rosmarin, Thymian oder Minze zur Familie der Labiatae.<\/p>\n<h4>Interne Verwendung<\/h4>\n<h4>Infusion<\/h4>\n<ul style=\"list-style-type: disc;\">\n<li>2 Teel\u00f6ffel trockene Bl\u00e4tter in 1 Tasse kochendes Wasser geben<\/li>\n<li>10 Minuten ziehen lassen, filtern<\/li>\n<li>8 Tage lang 1 Tasse nach dem Mittagessen trinken<\/li>\n<\/ul>\n<p>Basilikum-Aufguss ist ein perfekter Verb\u00fcndeter, um schwere Verdauung zu vermeiden. Es hilft auch, Kopfschmerzen zu lindern und die Auswirkungen von Stress zu vermeiden.<\/p>\n<p>Ihm werden heilende Eigenschaften zugeschrieben. Das Basilikum enth\u00e4lt tats\u00e4chlich krampfl\u00f6sende, antibakterielle und entz\u00fcndungshemmende Eigenschaften.<\/p>\n<p>&nbsp;<\/p>\n<p>Achtung! In gro\u00dfen Mengen (es ist notwendig, mehrere Tassen pro Tag), sind die Auswirkungen des Basilikums umgekehrt und, von Tonikum, wird es sedativ. Beruhigend, die Infusion von Basilikum wird gesch\u00e4tzt, um gegen die Migr\u00e4ne durch den Stress zu k\u00e4mpfen. Es erleichtert auch die Verdauung und lindert gleichzeitig unangenehme Probleme der Aerophagie.<\/p>\n<p>&nbsp;<\/p>\n<h4>Externe Verwendung<\/h4>\n<p>Medizinische Anwendung:<br>Aphta, Entz\u00fcndung des Rachens, Insektenstich.<\/p>\n<h4>Abkochung<\/h4>\n<p>Kochen Sie 2 Essl\u00f6ffel der getrockneten Bl\u00e4tter und Spitzen in 25 cl Wasser, 20 min. Filter.<br>Zum Gurgeln 2 bis 3 Mal pro Tag.<br>In der Mundsp\u00fclung: einige Minzbl\u00e4tter hinzuf\u00fcgen.<\/p>\n<p>&nbsp;<\/p>\n<h4>Kataplasma<\/h4>\n<p>Legen Sie 6 frische Bl\u00e4tter f\u00fcr 10 Sekunden in kochendes Wasser.<br>Drainieren und die Wunde 1 Stunde lang mit einer Kompresse bedecken.<\/p>\n<h4>Ihr Wasser aromatisieren<\/h4>\n<p>Um Ihr Wasser auf nat\u00fcrliche Weise zu aromatisieren, k\u00f6nnen Sie Basilikum mit ein paar Tropfen Zitrone in frisches Wasser geben. In ein paar Minuten erhalten Sie ein Detox-Wasser, erfrischend, ideal, um den Sommer zu hydratisieren.<\/p>\n<p>&nbsp;<\/p>\n<p>Es ist auch reich an \u00e4therischen \u00d6len, Antioxidantien und anderen N\u00e4hrstoffverbindungen, die es sehr vorteilhaft f\u00fcr die Gesundheit machen.<\/p>\n<p>Sie wird seit langem als alternative Behandlung von Angstzust\u00e4nden und bestimmten k\u00f6rperlichen Problemen eingesetzt.<\/p>\n<ul style=\"list-style-type: disc;\">\n<li>Basilikum verbessert die Gesundheit der Atemwege<\/li>\n<li>Sch\u00fctzt die Nieren<\/li>\n<li>Es bek\u00e4mpft Stress<\/li>\n<li>Verhindert Mundinfektionen<\/li>\n<li>Lindert Kopfschmerzen<\/li>\n<li>Verbessert die Verdauung<\/li>\n<li>Es kontrolliert Entz\u00fcndungen<\/li>\n<li>Die Bl\u00fcten und Bl\u00e4tter werden wegen ihrer verdauungsf\u00f6rdernden Eigenschaften verwendet: Aufguss nach den Mahlzeiten<\/li>\n<li>Um Mundgeschw\u00fcre zu heilen, kauen Sie ein paar frische Bl\u00e4tter<\/li>\n<li>Als Aufguss lindert es die Kopfschmerzen nerv\u00f6sen oder verdauungsbedingten Ursprungs. Wir z\u00e4hlen 1 Teel\u00f6ffel pro Tasse, gie\u00dfen kochendes Wasser auf und lassen es 5 Minuten ziehen. Dann filtern und mit Honig s\u00fc\u00dfen.<\/li>\n<li>F\u00fcr einen guten Schlaf gibt es nichts Besseres als eine gute Suppe mit Pistou oder einen Aufguss mit Basilikum.<br>Wir bereiten auch eine konzentriertere Infusion zur Behandlung von Husten zu: 3 Teel\u00f6ffel pro Tasse. 5 Minuten ziehen lassen, dann mit Honig s\u00fc\u00dfen.<\/li>\n<li>Als Infusion nach den Mahlzeiten erh\u00f6ht es die Milchsekretion beim Stillen.<\/li>\n<li>Um gut in Form zu sein, ein gutes hei\u00dfes Bad mit Basilikum: Bereiten Sie einen Aufguss mit einer Handvoll Basilikum zu und geben Sie ihn ins Badewasser<\/li>\n<li>Eine Lotion auf Basis von frischen Bl\u00e4ttern gegen Haarausfall: 150 g frische Bl\u00e4tter in 1 Liter kochendem Wasser. Lassen Sie den Tee 20 Minuten lang ziehen und filtern Sie ihn dann. Im K\u00fchlschrank aufbewahren und schnell verbrauchen.<\/li>\n<li>Reiben Sie einen Bienen- oder Wespenstich mit einem zerkn\u00fcllten Basilikumblatt ein.<\/li>\n<li>Endlich: T\u00f6pfe mit Basilikum auf der Fensterbank halten Fliegen und M\u00fccken fern.<\/li>\n<\/ul>\n<p>&nbsp;<\/p>\n<p>&nbsp;<\/p>\n<h2><a href=\"https:\/\/bien-etreiris.ch\/de\/produktpraesentation\/aromatherapie\/aetherische-oele\/basilikum-aetherisches-oel\/\" target=\"_blank\" rel=\"noopener\"><span style=\"color: #ffcc00;\"><em>Besuchen Sie auch unseren Bereich der \u00e4therischen \u00d6le&nbsp; \"<\/em><\/span><strong><span style=\"color: #ffcc00;\"><em>Basilikum<\/em><\/span><span style=\"color: #ffcc00;\"><em>\"<\/em><\/span><\/strong><\/a><\/h2>\n<p>&nbsp;<\/p>\n<h2><span style=\"color: #ff9900;\"><em><span style=\"color: #ff9900;\"><a style=\"color: #ff9900;\" href=\"https:\/\/bien-etreiris.ch\/de\/produktpraesentation\/gesundes-leben\/gesunde-lebensmittel\/zutaten-wohlbefinden\/suppen-saucen-bruehe\/gewuerzoele\/aromaoel-basilikum\/\" target=\"_blank\" rel=\"noopener\">Besuchen Sie auch unseren Bereich der \u00e4therischen \u00d6le von Gew\u00fcrzen \"Basilikum\"<\/a><\/span><\/em><\/span><\/h2>\n\n\n<p><\/p>\n\n\n","protected":false},"excerpt":{"rendered":"<p>Basilikum BIO Offenverkauf 10 g CHF 0.70 &nbsp; Vorteile des Trinkens von Basilikumtee Der lateinische Name des Basilikums ist Ocimum Basilicum. Er geh\u00f6rt wie Rosmarin, Thymian oder Minze zur Familie der Labiatae. Interne Verwendung Infusion 2 Teel\u00f6ffel trockene Bl\u00e4tter in 1 Tasse kochendes Wasser geben 10 Minuten ziehen lassen, filtern 8 Tage lang 1 Tasse nach dem Mittagessen trinken Basilikum-Aufguss&nbsp;<a href=\"https:\/\/bien-etreiris.ch\/de\/produktpraesentation\/gesundes-leben\/nahrungsergaenzungsmittel\/pflanzenheilkunde-gleichgewicht-durch-heilpflanzen\/kraeuter-und-pflanzen\/basilikum-kraeutertee\/\" class=\"read-more\">Weiter lesen<\/a><\/p>\n","protected":false},"author":1,"featured_media":59287,"parent":30677,"menu_order":6292,"comment_status":"closed","ping_status":"closed","template":"page-with-child.php","meta":{"_acf_changed":false,"ngg_post_thumbnail":0,"footnotes":""},"class_list":["post-39625","page","type-page","status-publish","has-post-thumbnail","hentry"],"acf":[],"yoast_head":"<!-- This site is optimized with the Yoast SEO plugin v27.6 - https:\/\/yoast.com\/product\/yoast-seo-wordpress\/ -->\n<title>BASILIKUM - WOHLBEFINDEN<\/title>\n<meta name=\"robots\" content=\"index, follow, max-snippet:-1, max-image-preview:large, max-video-preview:-1\" \/>\n<link rel=\"canonical\" href=\"https:\/\/bien-etreiris.ch\/de\/produktpraesentation\/gesundes-leben\/nahrungsergaenzungsmittel\/pflanzenheilkunde-gleichgewicht-durch-heilpflanzen\/kraeuter-und-pflanzen\/basilikum-kraeutertee\/\" \/>\n<meta property=\"og:locale\" content=\"de_DE\" \/>\n<meta property=\"og:type\" content=\"article\" \/>\n<meta property=\"og:title\" content=\"BASILIKUM - WOHLBEFINDEN\" \/>\n<meta property=\"og:description\" content=\"Basilikum BIO Offenverkauf 10 g CHF 0.70 &nbsp; Vorteile des Trinkens von Basilikumtee Der lateinische Name des Basilikums ist Ocimum Basilicum. Er geh\u00f6rt wie Rosmarin, Thymian oder Minze zur Familie der Labiatae. Interne Verwendung Infusion 2 Teel\u00f6ffel trockene Bl\u00e4tter in 1 Tasse kochendes Wasser geben 10 Minuten ziehen lassen, filtern 8 Tage lang 1 Tasse nach dem Mittagessen trinken Basilikum-Aufguss&nbsp;Weiter lesen\" \/>\n<meta property=\"og:url\" content=\"https:\/\/bien-etreiris.ch\/de\/produktpraesentation\/gesundes-leben\/nahrungsergaenzungsmittel\/pflanzenheilkunde-gleichgewicht-durch-heilpflanzen\/kraeuter-und-pflanzen\/basilikum-kraeutertee\/\" \/>\n<meta property=\"og:site_name\" content=\"WOHLBEFINDEN\" \/>\n<meta property=\"article:publisher\" content=\"https:\/\/www.facebook.com\/bienetreiris\/\" \/>\n<meta property=\"article:modified_time\" content=\"2023-04-26T15:04:52+00:00\" \/>\n<meta property=\"og:image\" content=\"https:\/\/bien-etreiris.ch\/wp-content\/uploads\/2022\/09\/acceuil-basilic.png\" \/>\n\t<meta property=\"og:image:width\" content=\"500\" \/>\n\t<meta property=\"og:image:height\" content=\"310\" \/>\n\t<meta property=\"og:image:type\" content=\"image\/png\" \/>\n<meta name=\"twitter:label1\" content=\"Gesch\u00e4tzte Lesezeit\" \/>\n\t<meta name=\"twitter:data1\" content=\"4\u00a0Minuten\" \/>\n<script type=\"application\/ld+json\" class=\"yoast-schema-graph\">{\"@context\":\"https:\\\/\\\/schema.org\",\"@graph\":[{\"@type\":\"WebPage\",\"@id\":\"https:\\\/\\\/bien-etreiris.ch\\\/de\\\/produktpraesentation\\\/gesundes-leben\\\/nahrungsergaenzungsmittel\\\/pflanzenheilkunde-gleichgewicht-durch-heilpflanzen\\\/kraeuter-und-pflanzen\\\/basilikum-kraeutertee\\\/\",\"url\":\"https:\\\/\\\/bien-etreiris.ch\\\/de\\\/produktpraesentation\\\/gesundes-leben\\\/nahrungsergaenzungsmittel\\\/pflanzenheilkunde-gleichgewicht-durch-heilpflanzen\\\/kraeuter-und-pflanzen\\\/basilikum-kraeutertee\\\/\",\"name\":\"BASILIKUM - WOHLBEFINDEN\",\"isPartOf\":{\"@id\":\"https:\\\/\\\/bien-etreiris.ch\\\/de\\\/#website\"},\"primaryImageOfPage\":{\"@id\":\"https:\\\/\\\/bien-etreiris.ch\\\/de\\\/produktpraesentation\\\/gesundes-leben\\\/nahrungsergaenzungsmittel\\\/pflanzenheilkunde-gleichgewicht-durch-heilpflanzen\\\/kraeuter-und-pflanzen\\\/basilikum-kraeutertee\\\/#primaryimage\"},\"image\":{\"@id\":\"https:\\\/\\\/bien-etreiris.ch\\\/de\\\/produktpraesentation\\\/gesundes-leben\\\/nahrungsergaenzungsmittel\\\/pflanzenheilkunde-gleichgewicht-durch-heilpflanzen\\\/kraeuter-und-pflanzen\\\/basilikum-kraeutertee\\\/#primaryimage\"},\"thumbnailUrl\":\"https:\\\/\\\/bien-etreiris.ch\\\/wp-content\\\/uploads\\\/2022\\\/09\\\/acceuil-basilic.png\",\"datePublished\":\"2021-03-18T10:53:17+00:00\",\"dateModified\":\"2023-04-26T15:04:52+00:00\",\"breadcrumb\":{\"@id\":\"https:\\\/\\\/bien-etreiris.ch\\\/de\\\/produktpraesentation\\\/gesundes-leben\\\/nahrungsergaenzungsmittel\\\/pflanzenheilkunde-gleichgewicht-durch-heilpflanzen\\\/kraeuter-und-pflanzen\\\/basilikum-kraeutertee\\\/#breadcrumb\"},\"inLanguage\":\"de\",\"potentialAction\":[{\"@type\":\"ReadAction\",\"target\":[\"https:\\\/\\\/bien-etreiris.ch\\\/de\\\/produktpraesentation\\\/gesundes-leben\\\/nahrungsergaenzungsmittel\\\/pflanzenheilkunde-gleichgewicht-durch-heilpflanzen\\\/kraeuter-und-pflanzen\\\/basilikum-kraeutertee\\\/\"]}]},{\"@type\":\"ImageObject\",\"inLanguage\":\"de\",\"@id\":\"https:\\\/\\\/bien-etreiris.ch\\\/de\\\/produktpraesentation\\\/gesundes-leben\\\/nahrungsergaenzungsmittel\\\/pflanzenheilkunde-gleichgewicht-durch-heilpflanzen\\\/kraeuter-und-pflanzen\\\/basilikum-kraeutertee\\\/#primaryimage\",\"url\":\"https:\\\/\\\/bien-etreiris.ch\\\/wp-content\\\/uploads\\\/2022\\\/09\\\/acceuil-basilic.png\",\"contentUrl\":\"https:\\\/\\\/bien-etreiris.ch\\\/wp-content\\\/uploads\\\/2022\\\/09\\\/acceuil-basilic.png\",\"width\":500,\"height\":310},{\"@type\":\"BreadcrumbList\",\"@id\":\"https:\\\/\\\/bien-etreiris.ch\\\/de\\\/produktpraesentation\\\/gesundes-leben\\\/nahrungsergaenzungsmittel\\\/pflanzenheilkunde-gleichgewicht-durch-heilpflanzen\\\/kraeuter-und-pflanzen\\\/basilikum-kraeutertee\\\/#breadcrumb\",\"itemListElement\":[{\"@type\":\"ListItem\",\"position\":1,\"name\":\"Home\",\"item\":\"https:\\\/\\\/bien-etreiris.ch\\\/de\\\/\"},{\"@type\":\"ListItem\",\"position\":2,\"name\":\"PRODUKTPR\u00c4SENTATION\",\"item\":\"https:\\\/\\\/bien-etreiris.ch\\\/de\\\/produktpraesentation\\\/\"},{\"@type\":\"ListItem\",\"position\":3,\"name\":\"GESUNDES LEBEN\",\"item\":\"https:\\\/\\\/bien-etreiris.ch\\\/de\\\/produktpraesentation\\\/gesundes-leben\\\/\"},{\"@type\":\"ListItem\",\"position\":4,\"name\":\"NAHRUNGSERG\u00c4NZUNG\",\"item\":\"https:\\\/\\\/bien-etreiris.ch\\\/de\\\/produktpraesentation\\\/gesundes-leben\\\/nahrungsergaenzungsmittel\\\/\"},{\"@type\":\"ListItem\",\"position\":5,\"name\":\"PFLANZENHEILKUNDE\",\"item\":\"https:\\\/\\\/bien-etreiris.ch\\\/de\\\/produktpraesentation\\\/gesundes-leben\\\/nahrungsergaenzungsmittel\\\/pflanzenheilkunde-gleichgewicht-durch-heilpflanzen\\\/\"},{\"@type\":\"ListItem\",\"position\":6,\"name\":\"KR\u00c4UTER &#038; PFLANZEN\",\"item\":\"https:\\\/\\\/bien-etreiris.ch\\\/de\\\/produktpraesentation\\\/gesundes-leben\\\/nahrungsergaenzungsmittel\\\/pflanzenheilkunde-gleichgewicht-durch-heilpflanzen\\\/kraeuter-und-pflanzen\\\/\"},{\"@type\":\"ListItem\",\"position\":7,\"name\":\"BASILIKUM\"}]},{\"@type\":\"WebSite\",\"@id\":\"https:\\\/\\\/bien-etreiris.ch\\\/de\\\/#website\",\"url\":\"https:\\\/\\\/bien-etreiris.ch\\\/de\\\/\",\"name\":\"Bien-\u00eatre Iris\",\"description\":\"IHRE Gesundheit ist uns wichtig\",\"potentialAction\":[{\"@type\":\"SearchAction\",\"target\":{\"@type\":\"EntryPoint\",\"urlTemplate\":\"https:\\\/\\\/bien-etreiris.ch\\\/de\\\/?s={search_term_string}\"},\"query-input\":{\"@type\":\"PropertyValueSpecification\",\"valueRequired\":true,\"valueName\":\"search_term_string\"}}],\"inLanguage\":\"de\"}]}<\/script>\n<!-- \/ Yoast SEO plugin. -->","yoast_head_json":{"title":"BASILIKUM - WOHLBEFINDEN","robots":{"index":"index","follow":"follow","max-snippet":"max-snippet:-1","max-image-preview":"max-image-preview:large","max-video-preview":"max-video-preview:-1"},"canonical":"https:\/\/bien-etreiris.ch\/de\/produktpraesentation\/gesundes-leben\/nahrungsergaenzungsmittel\/pflanzenheilkunde-gleichgewicht-durch-heilpflanzen\/kraeuter-und-pflanzen\/basilikum-kraeutertee\/","og_locale":"de_DE","og_type":"article","og_title":"BASILIKUM - WOHLBEFINDEN","og_description":"Basilikum BIO Offenverkauf 10 g CHF 0.70 &nbsp; Vorteile des Trinkens von Basilikumtee Der lateinische Name des Basilikums ist Ocimum Basilicum. Er geh\u00f6rt wie Rosmarin, Thymian oder Minze zur Familie der Labiatae. Interne Verwendung Infusion 2 Teel\u00f6ffel trockene Bl\u00e4tter in 1 Tasse kochendes Wasser geben 10 Minuten ziehen lassen, filtern 8 Tage lang 1 Tasse nach dem Mittagessen trinken Basilikum-Aufguss&nbsp;Weiter lesen","og_url":"https:\/\/bien-etreiris.ch\/de\/produktpraesentation\/gesundes-leben\/nahrungsergaenzungsmittel\/pflanzenheilkunde-gleichgewicht-durch-heilpflanzen\/kraeuter-und-pflanzen\/basilikum-kraeutertee\/","og_site_name":"WOHLBEFINDEN","article_publisher":"https:\/\/www.facebook.com\/bienetreiris\/","article_modified_time":"2023-04-26T15:04:52+00:00","og_image":[{"width":500,"height":310,"url":"https:\/\/bien-etreiris.ch\/wp-content\/uploads\/2022\/09\/acceuil-basilic.png","type":"image\/png"}],"twitter_misc":{"Gesch\u00e4tzte Lesezeit":"4\u00a0Minuten"},"schema":{"@context":"https:\/\/schema.org","@graph":[{"@type":"WebPage","@id":"https:\/\/bien-etreiris.ch\/de\/produktpraesentation\/gesundes-leben\/nahrungsergaenzungsmittel\/pflanzenheilkunde-gleichgewicht-durch-heilpflanzen\/kraeuter-und-pflanzen\/basilikum-kraeutertee\/","url":"https:\/\/bien-etreiris.ch\/de\/produktpraesentation\/gesundes-leben\/nahrungsergaenzungsmittel\/pflanzenheilkunde-gleichgewicht-durch-heilpflanzen\/kraeuter-und-pflanzen\/basilikum-kraeutertee\/","name":"BASILIKUM - WOHLBEFINDEN","isPartOf":{"@id":"https:\/\/bien-etreiris.ch\/de\/#website"},"primaryImageOfPage":{"@id":"https:\/\/bien-etreiris.ch\/de\/produktpraesentation\/gesundes-leben\/nahrungsergaenzungsmittel\/pflanzenheilkunde-gleichgewicht-durch-heilpflanzen\/kraeuter-und-pflanzen\/basilikum-kraeutertee\/#primaryimage"},"image":{"@id":"https:\/\/bien-etreiris.ch\/de\/produktpraesentation\/gesundes-leben\/nahrungsergaenzungsmittel\/pflanzenheilkunde-gleichgewicht-durch-heilpflanzen\/kraeuter-und-pflanzen\/basilikum-kraeutertee\/#primaryimage"},"thumbnailUrl":"https:\/\/bien-etreiris.ch\/wp-content\/uploads\/2022\/09\/acceuil-basilic.png","datePublished":"2021-03-18T10:53:17+00:00","dateModified":"2023-04-26T15:04:52+00:00","breadcrumb":{"@id":"https:\/\/bien-etreiris.ch\/de\/produktpraesentation\/gesundes-leben\/nahrungsergaenzungsmittel\/pflanzenheilkunde-gleichgewicht-durch-heilpflanzen\/kraeuter-und-pflanzen\/basilikum-kraeutertee\/#breadcrumb"},"inLanguage":"de","potentialAction":[{"@type":"ReadAction","target":["https:\/\/bien-etreiris.ch\/de\/produktpraesentation\/gesundes-leben\/nahrungsergaenzungsmittel\/pflanzenheilkunde-gleichgewicht-durch-heilpflanzen\/kraeuter-und-pflanzen\/basilikum-kraeutertee\/"]}]},{"@type":"ImageObject","inLanguage":"de","@id":"https:\/\/bien-etreiris.ch\/de\/produktpraesentation\/gesundes-leben\/nahrungsergaenzungsmittel\/pflanzenheilkunde-gleichgewicht-durch-heilpflanzen\/kraeuter-und-pflanzen\/basilikum-kraeutertee\/#primaryimage","url":"https:\/\/bien-etreiris.ch\/wp-content\/uploads\/2022\/09\/acceuil-basilic.png","contentUrl":"https:\/\/bien-etreiris.ch\/wp-content\/uploads\/2022\/09\/acceuil-basilic.png","width":500,"height":310},{"@type":"BreadcrumbList","@id":"https:\/\/bien-etreiris.ch\/de\/produktpraesentation\/gesundes-leben\/nahrungsergaenzungsmittel\/pflanzenheilkunde-gleichgewicht-durch-heilpflanzen\/kraeuter-und-pflanzen\/basilikum-kraeutertee\/#breadcrumb","itemListElement":[{"@type":"ListItem","position":1,"name":"Home","item":"https:\/\/bien-etreiris.ch\/de\/"},{"@type":"ListItem","position":2,"name":"PRODUKTPR\u00c4SENTATION","item":"https:\/\/bien-etreiris.ch\/de\/produktpraesentation\/"},{"@type":"ListItem","position":3,"name":"GESUNDES LEBEN","item":"https:\/\/bien-etreiris.ch\/de\/produktpraesentation\/gesundes-leben\/"},{"@type":"ListItem","position":4,"name":"NAHRUNGSERG\u00c4NZUNG","item":"https:\/\/bien-etreiris.ch\/de\/produktpraesentation\/gesundes-leben\/nahrungsergaenzungsmittel\/"},{"@type":"ListItem","position":5,"name":"PFLANZENHEILKUNDE","item":"https:\/\/bien-etreiris.ch\/de\/produktpraesentation\/gesundes-leben\/nahrungsergaenzungsmittel\/pflanzenheilkunde-gleichgewicht-durch-heilpflanzen\/"},{"@type":"ListItem","position":6,"name":"KR\u00c4UTER &#038; PFLANZEN","item":"https:\/\/bien-etreiris.ch\/de\/produktpraesentation\/gesundes-leben\/nahrungsergaenzungsmittel\/pflanzenheilkunde-gleichgewicht-durch-heilpflanzen\/kraeuter-und-pflanzen\/"},{"@type":"ListItem","position":7,"name":"BASILIKUM"}]},{"@type":"WebSite","@id":"https:\/\/bien-etreiris.ch\/de\/#website","url":"https:\/\/bien-etreiris.ch\/de\/","name":"Bien-\u00eatre Iris","description":"IHRE Gesundheit ist uns wichtig","potentialAction":[{"@type":"SearchAction","target":{"@type":"EntryPoint","urlTemplate":"https:\/\/bien-etreiris.ch\/de\/?s={search_term_string}"},"query-input":{"@type":"PropertyValueSpecification","valueRequired":true,"valueName":"search_term_string"}}],"inLanguage":"de"}]}},"_links":{"self":[{"href":"https:\/\/bien-etreiris.ch\/de\/wp-json\/wp\/v2\/pages\/39625","targetHints":{"allow":["GET"]}}],"collection":[{"href":"https:\/\/bien-etreiris.ch\/de\/wp-json\/wp\/v2\/pages"}],"about":[{"href":"https:\/\/bien-etreiris.ch\/de\/wp-json\/wp\/v2\/types\/page"}],"author":[{"embeddable":true,"href":"https:\/\/bien-etreiris.ch\/de\/wp-json\/wp\/v2\/users\/1"}],"replies":[{"embeddable":true,"href":"https:\/\/bien-etreiris.ch\/de\/wp-json\/wp\/v2\/comments?post=39625"}],"version-history":[{"count":21,"href":"https:\/\/bien-etreiris.ch\/de\/wp-json\/wp\/v2\/pages\/39625\/revisions"}],"predecessor-version":[{"id":68732,"href":"https:\/\/bien-etreiris.ch\/de\/wp-json\/wp\/v2\/pages\/39625\/revisions\/68732"}],"up":[{"embeddable":true,"href":"https:\/\/bien-etreiris.ch\/de\/wp-json\/wp\/v2\/pages\/30677"}],"wp:featuredmedia":[{"embeddable":true,"href":"https:\/\/bien-etreiris.ch\/de\/wp-json\/wp\/v2\/media\/59287"}],"wp:attachment":[{"href":"https:\/\/bien-etreiris.ch\/de\/wp-json\/wp\/v2\/media?parent=39625"}],"curies":[{"name":"wp","href":"https:\/\/api.w.org\/{rel}","templated":true}]}}