{"id":39567,"date":"2021-03-18T08:34:48","date_gmt":"2021-03-18T08:34:48","guid":{"rendered":"https:\/\/bien-etreiris.ch\/?page_id=39567"},"modified":"2024-09-12T18:15:45","modified_gmt":"2024-09-12T16:15:45","slug":"sternanis-ganz-bio","status":"publish","type":"page","link":"https:\/\/bien-etreiris.ch\/de\/produktpraesentation\/gesundes-leben\/gesunde-lebensmittel\/zutaten-wohlbefinden\/gewuerze\/epices-pures\/sternanis-ganz-bio\/","title":{"rendered":"STERNANIS GANZ BIO"},"content":{"rendered":"<p><a href=\"https:\/\/decoiris.ch\/wp-content\/uploads\/2021\/03\/acceuil-Anis-\u00e9toile.png\"><img loading=\"lazy\" decoding=\"async\" class=\"size-medium wp-image-39563 aligncenter\" src=\"https:\/\/decoiris.ch\/wp-content\/uploads\/2021\/03\/acceuil-Anis-\u00e9toile-300x277.png\" alt=\"\" width=\"300\" height=\"277\" srcset=\"https:\/\/bien-etreiris.ch\/wp-content\/uploads\/2021\/03\/acceuil-Anis-\u00e9toile-300x277.png 300w, https:\/\/bien-etreiris.ch\/wp-content\/uploads\/2021\/03\/acceuil-Anis-\u00e9toile.png 450w\" sizes=\"auto, (max-width: 300px) 100vw, 300px\" \/><\/a><\/p>\n\n\n<h2 class=\"wp-block-heading\">ANIS ETOILE (BADIANE)<\/h2>\n\n\n<p>&nbsp;<\/p>\n<p><a href=\"https:\/\/decoiris.ch\/wp-content\/uploads\/2021\/03\/bo\u00eete-en-carton-1.jpg\"><img loading=\"lazy\" decoding=\"async\" class=\"alignleft wp-image-39571 size-medium\" src=\"https:\/\/decoiris.ch\/wp-content\/uploads\/2021\/03\/bo\u00eete-en-carton-1-300x300.jpg\" alt=\"\" width=\"300\" height=\"300\" srcset=\"https:\/\/bien-etreiris.ch\/wp-content\/uploads\/2021\/03\/bo\u00eete-en-carton-1-300x300.jpg 300w, https:\/\/bien-etreiris.ch\/wp-content\/uploads\/2021\/03\/bo\u00eete-en-carton-1-150x150.jpg 150w, https:\/\/bien-etreiris.ch\/wp-content\/uploads\/2021\/03\/bo\u00eete-en-carton-1-768x768.jpg 768w, https:\/\/bien-etreiris.ch\/wp-content\/uploads\/2021\/03\/bo\u00eete-en-carton-1-1024x1024.jpg 1024w, https:\/\/bien-etreiris.ch\/wp-content\/uploads\/2021\/03\/bo\u00eete-en-carton-1.jpg 1186w\" sizes=\"auto, (max-width: 300px) 100vw, 300px\" \/><\/a><\/p>\n<p>&nbsp;<\/p>\n<p>&nbsp;<\/p>\n<p>&nbsp;<\/p>\n<p>&nbsp;<\/p>\n<p>&nbsp;<\/p>\n<p>Bo\u00eete en carton 25 gr <strong>CHF<\/strong><\/p>\n<p><a href=\"https:\/\/decoiris.ch\/wp-content\/uploads\/2021\/03\/Gastro-1.jpg\"><img loading=\"lazy\" decoding=\"async\" class=\"alignnone wp-image-39574 \" src=\"https:\/\/decoiris.ch\/wp-content\/uploads\/2021\/03\/Gastro-1-300x300.jpg\" alt=\"\" width=\"199\" height=\"199\" srcset=\"https:\/\/bien-etreiris.ch\/wp-content\/uploads\/2021\/03\/Gastro-1-300x300.jpg 300w, https:\/\/bien-etreiris.ch\/wp-content\/uploads\/2021\/03\/Gastro-1-150x150.jpg 150w, https:\/\/bien-etreiris.ch\/wp-content\/uploads\/2021\/03\/Gastro-1-768x768.jpg 768w, https:\/\/bien-etreiris.ch\/wp-content\/uploads\/2021\/03\/Gastro-1-1024x1024.jpg 1024w, https:\/\/bien-etreiris.ch\/wp-content\/uploads\/2021\/03\/Gastro-1.jpg 1186w\" sizes=\"auto, (max-width: 199px) 100vw, 199px\" \/><\/a> remplissage <strong>CHF 2.70<\/strong><\/p>\n<h4>R\u00e9glisse - douce - \u00e9th\u00e9r\u00e9e<\/h4>\n<p>Faites tomber les \u00e9toiles du ciel - et dans la marmite ! Cette \u00e9pice de forme magnifique catapultera tout chef amateur dans la cuisine des stars en un rien de temps. L'anis \u00e9toil\u00e9 est un grand favori de la cuisine chinoise et aime \u00eatre m\u00e9lang\u00e9 aux soupes et aux plats de viande asiatiques. Mais le vin chaud et la compote atteignent aussi les \u00e9toiles. Une \u00e9toile est n\u00e9e !<\/p>\n<p><a href=\"https:\/\/decoiris.ch\/de\/wohlbefinden\/naturliche-heilmittel\/krautertee-und-tee\/krauter-pflanzen-nach-gewicht\/anis-etoile\/\" target=\"_blank\" rel=\"noopener noreferrer\">Visiter \u00e9galement nos conseil sous la rubrique d'infusion-th\u00e9<\/a><\/p>\n<div id=\"tab-description\" class=\"panel entry-content wc-tab\">\n<h2>Description du produit<\/h2>\n<p>La badiane chinoise est le fruit du badianier de Chine. Il forme une \u00e9toile \u00e0 huit branches, d\u2019o\u00f9 son autre nom : anis \u00e9toil\u00e9. Lors de la cueillette, les fruits sont verts, c\u2019est seulement apr\u00e8s un s\u00e9chage au soleil qu\u2019ils prennent leur couleur marron caract\u00e9ristique.<\/p>\n<\/div>","protected":false},"excerpt":{"rendered":"<p>ANIS ETOILE (BADIANE) &nbsp; &nbsp; &nbsp; &nbsp; &nbsp; &nbsp; Bo\u00eete en carton 25 gr CHF remplissage CHF 2.70 R\u00e9glisse - douce - \u00e9th\u00e9r\u00e9e Faites tomber les \u00e9toiles du ciel - et dans la marmite ! Cette \u00e9pice de forme magnifique catapultera tout chef amateur dans la cuisine des stars en un rien de temps. L'anis \u00e9toil\u00e9 est un grand favori&nbsp;<a href=\"https:\/\/bien-etreiris.ch\/de\/produktpraesentation\/gesundes-leben\/gesunde-lebensmittel\/zutaten-wohlbefinden\/gewuerze\/epices-pures\/sternanis-ganz-bio\/\" class=\"read-more\">Weiter lesen<\/a><\/p>\n","protected":false},"author":1,"featured_media":74468,"parent":98233,"menu_order":6295,"comment_status":"closed","ping_status":"closed","template":"page-with-child.php","meta":{"_acf_changed":false,"ngg_post_thumbnail":0,"footnotes":""},"class_list":["post-39567","page","type-page","status-publish","has-post-thumbnail","hentry"],"acf":[],"yoast_head":"<!-- This site is optimized with the Yoast SEO plugin v27.6 - https:\/\/yoast.com\/product\/yoast-seo-wordpress\/ -->\n<title>STERNANIS GANZ BIO - WOHLBEFINDEN<\/title>\n<meta name=\"robots\" content=\"index, follow, max-snippet:-1, max-image-preview:large, max-video-preview:-1\" \/>\n<link rel=\"canonical\" href=\"https:\/\/bien-etreiris.ch\/de\/produktpraesentation\/gesundes-leben\/gesunde-lebensmittel\/zutaten-wohlbefinden\/gewuerze\/sternanis-ganz-bio\/\" \/>\n<meta property=\"og:locale\" content=\"de_DE\" \/>\n<meta property=\"og:type\" content=\"article\" \/>\n<meta property=\"og:title\" content=\"STERNANIS GANZ BIO - WOHLBEFINDEN\" \/>\n<meta property=\"og:description\" content=\"ANIS ETOILE (BADIANE) &nbsp; &nbsp; &nbsp; &nbsp; &nbsp; &nbsp; Bo\u00eete en carton 25 gr CHF remplissage CHF 2.70 R\u00e9glisse - douce - \u00e9th\u00e9r\u00e9e Faites tomber les \u00e9toiles du ciel - et dans la marmite ! Cette \u00e9pice de forme magnifique catapultera tout chef amateur dans la cuisine des stars en un rien de temps. L&#039;anis \u00e9toil\u00e9 est un grand favori&nbsp;Weiter lesen\" \/>\n<meta property=\"og:url\" content=\"https:\/\/bien-etreiris.ch\/de\/produktpraesentation\/gesundes-leben\/gesunde-lebensmittel\/zutaten-wohlbefinden\/gewuerze\/sternanis-ganz-bio\/\" \/>\n<meta property=\"og:site_name\" content=\"WOHLBEFINDEN\" \/>\n<meta property=\"article:publisher\" content=\"https:\/\/www.facebook.com\/bienetreiris\/\" \/>\n<meta property=\"article:modified_time\" content=\"2024-09-12T16:15:45+00:00\" \/>\n<meta property=\"og:image\" content=\"https:\/\/bien-etreiris.ch\/wp-content\/uploads\/2023\/09\/Anis-etoile.png\" \/>\n\t<meta property=\"og:image:width\" content=\"370\" \/>\n\t<meta property=\"og:image:height\" content=\"226\" \/>\n\t<meta property=\"og:image:type\" content=\"image\/png\" \/>\n<meta name=\"twitter:label1\" content=\"Gesch\u00e4tzte Lesezeit\" \/>\n\t<meta name=\"twitter:data1\" content=\"2\u00a0Minuten\" \/>\n<script type=\"application\/ld+json\" class=\"yoast-schema-graph\">{\"@context\":\"https:\\\/\\\/schema.org\",\"@graph\":[{\"@type\":\"WebPage\",\"@id\":\"https:\\\/\\\/bien-etreiris.ch\\\/de\\\/produktpraesentation\\\/gesundes-leben\\\/gesunde-lebensmittel\\\/zutaten-wohlbefinden\\\/gewuerze\\\/sternanis-ganz-bio\\\/\",\"url\":\"https:\\\/\\\/bien-etreiris.ch\\\/de\\\/produktpraesentation\\\/gesundes-leben\\\/gesunde-lebensmittel\\\/zutaten-wohlbefinden\\\/gewuerze\\\/sternanis-ganz-bio\\\/\",\"name\":\"STERNANIS GANZ BIO - WOHLBEFINDEN\",\"isPartOf\":{\"@id\":\"https:\\\/\\\/bien-etreiris.ch\\\/de\\\/#website\"},\"primaryImageOfPage\":{\"@id\":\"https:\\\/\\\/bien-etreiris.ch\\\/de\\\/produktpraesentation\\\/gesundes-leben\\\/gesunde-lebensmittel\\\/zutaten-wohlbefinden\\\/gewuerze\\\/sternanis-ganz-bio\\\/#primaryimage\"},\"image\":{\"@id\":\"https:\\\/\\\/bien-etreiris.ch\\\/de\\\/produktpraesentation\\\/gesundes-leben\\\/gesunde-lebensmittel\\\/zutaten-wohlbefinden\\\/gewuerze\\\/sternanis-ganz-bio\\\/#primaryimage\"},\"thumbnailUrl\":\"https:\\\/\\\/bien-etreiris.ch\\\/wp-content\\\/uploads\\\/2023\\\/09\\\/Anis-etoile.png\",\"datePublished\":\"2021-03-18T08:34:48+00:00\",\"dateModified\":\"2024-09-12T16:15:45+00:00\",\"breadcrumb\":{\"@id\":\"https:\\\/\\\/bien-etreiris.ch\\\/de\\\/produktpraesentation\\\/gesundes-leben\\\/gesunde-lebensmittel\\\/zutaten-wohlbefinden\\\/gewuerze\\\/sternanis-ganz-bio\\\/#breadcrumb\"},\"inLanguage\":\"de\",\"potentialAction\":[{\"@type\":\"ReadAction\",\"target\":[\"https:\\\/\\\/bien-etreiris.ch\\\/de\\\/produktpraesentation\\\/gesundes-leben\\\/gesunde-lebensmittel\\\/zutaten-wohlbefinden\\\/gewuerze\\\/sternanis-ganz-bio\\\/\"]}]},{\"@type\":\"ImageObject\",\"inLanguage\":\"de\",\"@id\":\"https:\\\/\\\/bien-etreiris.ch\\\/de\\\/produktpraesentation\\\/gesundes-leben\\\/gesunde-lebensmittel\\\/zutaten-wohlbefinden\\\/gewuerze\\\/sternanis-ganz-bio\\\/#primaryimage\",\"url\":\"https:\\\/\\\/bien-etreiris.ch\\\/wp-content\\\/uploads\\\/2023\\\/09\\\/Anis-etoile.png\",\"contentUrl\":\"https:\\\/\\\/bien-etreiris.ch\\\/wp-content\\\/uploads\\\/2023\\\/09\\\/Anis-etoile.png\",\"width\":370,\"height\":226},{\"@type\":\"BreadcrumbList\",\"@id\":\"https:\\\/\\\/bien-etreiris.ch\\\/de\\\/produktpraesentation\\\/gesundes-leben\\\/gesunde-lebensmittel\\\/zutaten-wohlbefinden\\\/gewuerze\\\/sternanis-ganz-bio\\\/#breadcrumb\",\"itemListElement\":[{\"@type\":\"ListItem\",\"position\":1,\"name\":\"Home\",\"item\":\"https:\\\/\\\/bien-etreiris.ch\\\/de\\\/\"},{\"@type\":\"ListItem\",\"position\":2,\"name\":\"PRODUKTPR\u00c4SENTATION\",\"item\":\"https:\\\/\\\/bien-etreiris.ch\\\/de\\\/produktpraesentation\\\/\"},{\"@type\":\"ListItem\",\"position\":3,\"name\":\"GESUNDES LEBEN\",\"item\":\"https:\\\/\\\/bien-etreiris.ch\\\/de\\\/produktpraesentation\\\/gesundes-leben\\\/\"},{\"@type\":\"ListItem\",\"position\":4,\"name\":\"GESUNDE LEBENSMITTEL\",\"item\":\"https:\\\/\\\/bien-etreiris.ch\\\/de\\\/produktpraesentation\\\/gesundes-leben\\\/gesunde-lebensmittel\\\/\"},{\"@type\":\"ListItem\",\"position\":5,\"name\":\"ZUTATEN\",\"item\":\"https:\\\/\\\/bien-etreiris.ch\\\/de\\\/produktpraesentation\\\/gesundes-leben\\\/gesunde-lebensmittel\\\/zutaten-wohlbefinden\\\/\"},{\"@type\":\"ListItem\",\"position\":6,\"name\":\"GEW\u00dcRZE\",\"item\":\"https:\\\/\\\/bien-etreiris.ch\\\/de\\\/produktpraesentation\\\/gesundes-leben\\\/gesunde-lebensmittel\\\/zutaten-wohlbefinden\\\/gewuerze\\\/\"},{\"@type\":\"ListItem\",\"position\":7,\"name\":\"STERNANIS GANZ BIO\"}]},{\"@type\":\"WebSite\",\"@id\":\"https:\\\/\\\/bien-etreiris.ch\\\/de\\\/#website\",\"url\":\"https:\\\/\\\/bien-etreiris.ch\\\/de\\\/\",\"name\":\"Bien-\u00eatre Iris\",\"description\":\"IHRE Gesundheit ist uns wichtig\",\"potentialAction\":[{\"@type\":\"SearchAction\",\"target\":{\"@type\":\"EntryPoint\",\"urlTemplate\":\"https:\\\/\\\/bien-etreiris.ch\\\/de\\\/?s={search_term_string}\"},\"query-input\":{\"@type\":\"PropertyValueSpecification\",\"valueRequired\":true,\"valueName\":\"search_term_string\"}}],\"inLanguage\":\"de\"}]}<\/script>\n<!-- \/ Yoast SEO plugin. -->","yoast_head_json":{"title":"STERNANIS GANZ BIO - WOHLBEFINDEN","robots":{"index":"index","follow":"follow","max-snippet":"max-snippet:-1","max-image-preview":"max-image-preview:large","max-video-preview":"max-video-preview:-1"},"canonical":"https:\/\/bien-etreiris.ch\/de\/produktpraesentation\/gesundes-leben\/gesunde-lebensmittel\/zutaten-wohlbefinden\/gewuerze\/sternanis-ganz-bio\/","og_locale":"de_DE","og_type":"article","og_title":"STERNANIS GANZ BIO - WOHLBEFINDEN","og_description":"ANIS ETOILE (BADIANE) &nbsp; &nbsp; &nbsp; &nbsp; &nbsp; &nbsp; Bo\u00eete en carton 25 gr CHF remplissage CHF 2.70 R\u00e9glisse - douce - \u00e9th\u00e9r\u00e9e Faites tomber les \u00e9toiles du ciel - et dans la marmite ! Cette \u00e9pice de forme magnifique catapultera tout chef amateur dans la cuisine des stars en un rien de temps. L'anis \u00e9toil\u00e9 est un grand favori&nbsp;Weiter lesen","og_url":"https:\/\/bien-etreiris.ch\/de\/produktpraesentation\/gesundes-leben\/gesunde-lebensmittel\/zutaten-wohlbefinden\/gewuerze\/sternanis-ganz-bio\/","og_site_name":"WOHLBEFINDEN","article_publisher":"https:\/\/www.facebook.com\/bienetreiris\/","article_modified_time":"2024-09-12T16:15:45+00:00","og_image":[{"width":370,"height":226,"url":"https:\/\/bien-etreiris.ch\/wp-content\/uploads\/2023\/09\/Anis-etoile.png","type":"image\/png"}],"twitter_misc":{"Gesch\u00e4tzte Lesezeit":"2\u00a0Minuten"},"schema":{"@context":"https:\/\/schema.org","@graph":[{"@type":"WebPage","@id":"https:\/\/bien-etreiris.ch\/de\/produktpraesentation\/gesundes-leben\/gesunde-lebensmittel\/zutaten-wohlbefinden\/gewuerze\/sternanis-ganz-bio\/","url":"https:\/\/bien-etreiris.ch\/de\/produktpraesentation\/gesundes-leben\/gesunde-lebensmittel\/zutaten-wohlbefinden\/gewuerze\/sternanis-ganz-bio\/","name":"STERNANIS GANZ BIO - WOHLBEFINDEN","isPartOf":{"@id":"https:\/\/bien-etreiris.ch\/de\/#website"},"primaryImageOfPage":{"@id":"https:\/\/bien-etreiris.ch\/de\/produktpraesentation\/gesundes-leben\/gesunde-lebensmittel\/zutaten-wohlbefinden\/gewuerze\/sternanis-ganz-bio\/#primaryimage"},"image":{"@id":"https:\/\/bien-etreiris.ch\/de\/produktpraesentation\/gesundes-leben\/gesunde-lebensmittel\/zutaten-wohlbefinden\/gewuerze\/sternanis-ganz-bio\/#primaryimage"},"thumbnailUrl":"https:\/\/bien-etreiris.ch\/wp-content\/uploads\/2023\/09\/Anis-etoile.png","datePublished":"2021-03-18T08:34:48+00:00","dateModified":"2024-09-12T16:15:45+00:00","breadcrumb":{"@id":"https:\/\/bien-etreiris.ch\/de\/produktpraesentation\/gesundes-leben\/gesunde-lebensmittel\/zutaten-wohlbefinden\/gewuerze\/sternanis-ganz-bio\/#breadcrumb"},"inLanguage":"de","potentialAction":[{"@type":"ReadAction","target":["https:\/\/bien-etreiris.ch\/de\/produktpraesentation\/gesundes-leben\/gesunde-lebensmittel\/zutaten-wohlbefinden\/gewuerze\/sternanis-ganz-bio\/"]}]},{"@type":"ImageObject","inLanguage":"de","@id":"https:\/\/bien-etreiris.ch\/de\/produktpraesentation\/gesundes-leben\/gesunde-lebensmittel\/zutaten-wohlbefinden\/gewuerze\/sternanis-ganz-bio\/#primaryimage","url":"https:\/\/bien-etreiris.ch\/wp-content\/uploads\/2023\/09\/Anis-etoile.png","contentUrl":"https:\/\/bien-etreiris.ch\/wp-content\/uploads\/2023\/09\/Anis-etoile.png","width":370,"height":226},{"@type":"BreadcrumbList","@id":"https:\/\/bien-etreiris.ch\/de\/produktpraesentation\/gesundes-leben\/gesunde-lebensmittel\/zutaten-wohlbefinden\/gewuerze\/sternanis-ganz-bio\/#breadcrumb","itemListElement":[{"@type":"ListItem","position":1,"name":"Home","item":"https:\/\/bien-etreiris.ch\/de\/"},{"@type":"ListItem","position":2,"name":"PRODUKTPR\u00c4SENTATION","item":"https:\/\/bien-etreiris.ch\/de\/produktpraesentation\/"},{"@type":"ListItem","position":3,"name":"GESUNDES LEBEN","item":"https:\/\/bien-etreiris.ch\/de\/produktpraesentation\/gesundes-leben\/"},{"@type":"ListItem","position":4,"name":"GESUNDE LEBENSMITTEL","item":"https:\/\/bien-etreiris.ch\/de\/produktpraesentation\/gesundes-leben\/gesunde-lebensmittel\/"},{"@type":"ListItem","position":5,"name":"ZUTATEN","item":"https:\/\/bien-etreiris.ch\/de\/produktpraesentation\/gesundes-leben\/gesunde-lebensmittel\/zutaten-wohlbefinden\/"},{"@type":"ListItem","position":6,"name":"GEW\u00dcRZE","item":"https:\/\/bien-etreiris.ch\/de\/produktpraesentation\/gesundes-leben\/gesunde-lebensmittel\/zutaten-wohlbefinden\/gewuerze\/"},{"@type":"ListItem","position":7,"name":"STERNANIS GANZ BIO"}]},{"@type":"WebSite","@id":"https:\/\/bien-etreiris.ch\/de\/#website","url":"https:\/\/bien-etreiris.ch\/de\/","name":"Bien-\u00eatre Iris","description":"IHRE Gesundheit ist uns wichtig","potentialAction":[{"@type":"SearchAction","target":{"@type":"EntryPoint","urlTemplate":"https:\/\/bien-etreiris.ch\/de\/?s={search_term_string}"},"query-input":{"@type":"PropertyValueSpecification","valueRequired":true,"valueName":"search_term_string"}}],"inLanguage":"de"}]}},"_links":{"self":[{"href":"https:\/\/bien-etreiris.ch\/de\/wp-json\/wp\/v2\/pages\/39567","targetHints":{"allow":["GET"]}}],"collection":[{"href":"https:\/\/bien-etreiris.ch\/de\/wp-json\/wp\/v2\/pages"}],"about":[{"href":"https:\/\/bien-etreiris.ch\/de\/wp-json\/wp\/v2\/types\/page"}],"author":[{"embeddable":true,"href":"https:\/\/bien-etreiris.ch\/de\/wp-json\/wp\/v2\/users\/1"}],"replies":[{"embeddable":true,"href":"https:\/\/bien-etreiris.ch\/de\/wp-json\/wp\/v2\/comments?post=39567"}],"version-history":[{"count":4,"href":"https:\/\/bien-etreiris.ch\/de\/wp-json\/wp\/v2\/pages\/39567\/revisions"}],"predecessor-version":[{"id":89379,"href":"https:\/\/bien-etreiris.ch\/de\/wp-json\/wp\/v2\/pages\/39567\/revisions\/89379"}],"up":[{"embeddable":true,"href":"https:\/\/bien-etreiris.ch\/de\/wp-json\/wp\/v2\/pages\/98233"}],"wp:featuredmedia":[{"embeddable":true,"href":"https:\/\/bien-etreiris.ch\/de\/wp-json\/wp\/v2\/media\/74468"}],"wp:attachment":[{"href":"https:\/\/bien-etreiris.ch\/de\/wp-json\/wp\/v2\/media?parent=39567"}],"curies":[{"name":"wp","href":"https:\/\/api.w.org\/{rel}","templated":true}]}}