{"id":39351,"date":"2021-02-20T15:28:08","date_gmt":"2021-02-20T15:28:08","guid":{"rendered":"https:\/\/bien-etreiris.ch\/?page_id=39351"},"modified":"2021-06-02T18:58:30","modified_gmt":"2021-06-02T16:58:30","slug":"pflege-von-pflanzen","status":"publish","type":"page","link":"https:\/\/bien-etreiris.ch\/de\/produktpraesentation\/lesen-und-entdecken\/aromatherapie\/pflege-von-pflanzen\/","title":{"rendered":"PFLEGE VON PFLANZEN"},"content":{"rendered":"<p><a href=\"https:\/\/decoiris.ch\/wp-content\/uploads\/2021\/03\/Prendre-soin-de-ses-plantes-avec-les-huiles-essentielles.jpg\"><img loading=\"lazy\" decoding=\"async\" class=\"wp-image-39447 size-medium alignleft\" src=\"https:\/\/decoiris.ch\/wp-content\/uploads\/2021\/03\/Prendre-soin-de-ses-plantes-avec-les-huiles-essentielles-268x300.jpg\" alt=\"\" width=\"268\" height=\"300\" srcset=\"https:\/\/bien-etreiris.ch\/wp-content\/uploads\/2021\/03\/Prendre-soin-de-ses-plantes-avec-les-huiles-essentielles-268x300.jpg 268w, https:\/\/bien-etreiris.ch\/wp-content\/uploads\/2021\/03\/Prendre-soin-de-ses-plantes-avec-les-huiles-essentielles-768x859.jpg 768w, https:\/\/bien-etreiris.ch\/wp-content\/uploads\/2021\/03\/Prendre-soin-de-ses-plantes-avec-les-huiles-essentielles.jpg 851w\" sizes=\"auto, (max-width: 268px) 100vw, 268px\" \/><\/a><\/p>\n<p>&nbsp;<\/p>\n<p>Prendre soin de ses plants avec les huiles essentielles<br>Auteur : Jean-Yves Meignen<br>\u00c9ditions Rustica, publi\u00e9 le 21 f\u00e9vrier 2020<br>95 pages<br>ISBN : 97828153149992<br>Prix indicatif:&nbsp;&nbsp;&nbsp; <strong>CHF<\/strong><\/p>\n<p>&nbsp;<\/p>\n<p>&nbsp;<\/p>\n<p>&nbsp;<\/p>\n<p>&nbsp;<\/p>\n<p>&nbsp;<\/p>\n<p>Quoi de plus naturel que de soigner et de prot\u00e9ger nos plantes avec des huiles essentielles ? Nous connaissons les bienfaits des huiles essentielles pour l\u2019Homme, mais saviez-vous qu\u2019elles sont aussi utiles \u00e0 nos v\u00e9g\u00e9taux ?<\/p>\n<p>De la maison au balcon, du jardin d\u2019ornement au potager, l\u2019auteur Jean-Yves Meignen vous aide \u00e0 constituer une v\u00e9ritable trousse de soins naturels. Il vous livre toutes les cl\u00e9s d\u2019application des huiles essentielles pour soigner ou pr\u00e9venir les maladies et attaques de ravageurs et pour biostimuler vos v\u00e9g\u00e9taux dans le respect de la nature.<\/p>\n<p>&nbsp;<\/p>\n<div class=\"component component-title level-2\">\n<h2>L'auteur<\/h2>\n<\/div>\n<div class=\"component component-text\">\n<p>Apr\u00e8s un parcours professionnel dans de grandes p\u00e9pini\u00e8res internationales, Jean-Yves Meignen s\u2019est associ\u00e9, en 1996, \u00e0 la restauration de l\u2019abbaye de Valsaintes ainsi qu\u2019\u00e0 la cr\u00e9ation d\u2019une p\u00e9pini\u00e8re de rosiers et d\u2019un espace naturel autour de l\u2019ancienne abbaye. D\u2019une terre envahie par une friche pluri centenaire, il fera na\u00eetre un jardin singulier.<br>Les ann\u00e9es de mise en place du jardin ont r\u00e9v\u00e9l\u00e9 une richesse botanique et faunique insoup\u00e7onn\u00e9e que Jean-Yves Meignen a toujours eu a c\u0153ur de pr\u00e9server et d\u2019entretenir afin de pr\u00e9server ce patrimoine unique. Son parcours personnel l\u2019am\u00e8ne \u00e0 reconsid\u00e9rer constamment ce qu\u2019il sait, ce qu\u2019il fait en privil\u00e9giant l\u2019observation du comportement des plantes et de leur environnement pour comprendre les erreurs commises. Il en r\u00e9sulte une volont\u00e9 d\u2019agir en conscience avec comme mot d\u2019ordre \u00ab respect du vivant \u00bb et une mise en application par des pratiques naturelles sans aucun produit biocide (qui tue la vie).<\/p>\n<p>Hom\u00e9opathie, aromath\u00e9rapie, eau dynamis\u00e9e, paillage en paille de lavandes locales, insectes auxiliaires du jardin\u2026sont sans cesse \u00e0 l\u2019\u00e9tude afin que la nature utilis\u00e9e pour nos jardins puisse, de plus en plus, s\u2019exprimer selon sa v\u00e9ritable nature. Pour lui un jardinier doit composer avec la nature et non la contraindre. Jean-Yves Meignen anime chaque jour des chroniques jardin sur les ondes de France Bleu et r\u00e9dige des dossiers et articles pour Rustica.<\/p>\n<p>&nbsp;<\/p>\n<\/div>\n\n\n<hr class=\"wp-block-separator\"\/>\n\n\n<p><a href=\"https:\/\/decoiris.ch\/wp-content\/uploads\/2021\/02\/soigner-les-plantes.jpg\"><img loading=\"lazy\" decoding=\"async\" class=\"alignnone wp-image-39346 size-full\" src=\"https:\/\/decoiris.ch\/wp-content\/uploads\/2021\/02\/soigner-les-plantes.jpg\" alt=\"\" width=\"242\" height=\"364\" srcset=\"https:\/\/bien-etreiris.ch\/wp-content\/uploads\/2021\/02\/soigner-les-plantes.jpg 242w, https:\/\/bien-etreiris.ch\/wp-content\/uploads\/2021\/02\/soigner-les-plantes-199x300.jpg 199w\" sizes=\"auto, (max-width: 242px) 100vw, 242px\" \/><\/a><\/p>","protected":false},"excerpt":{"rendered":"<p>&nbsp; Prendre soin de ses plants avec les huiles essentiellesAuteur : Jean-Yves Meignen\u00c9ditions Rustica, publi\u00e9 le 21 f\u00e9vrier 202095 pagesISBN : 97828153149992Prix indicatif:&nbsp;&nbsp;&nbsp; CHF &nbsp; &nbsp; &nbsp; &nbsp; &nbsp; Quoi de plus naturel que de soigner et de prot\u00e9ger nos plantes avec des huiles essentielles ? Nous connaissons les bienfaits des huiles essentielles pour l\u2019Homme, mais saviez-vous qu\u2019elles sont aussi&nbsp;<a href=\"https:\/\/bien-etreiris.ch\/de\/produktpraesentation\/lesen-und-entdecken\/aromatherapie\/pflege-von-pflanzen\/\" class=\"read-more\">Weiter lesen<\/a><\/p>\n","protected":false},"author":1,"featured_media":39345,"parent":39319,"menu_order":6313,"comment_status":"closed","ping_status":"closed","template":"page-with-child.php","meta":{"_acf_changed":false,"ngg_post_thumbnail":0,"footnotes":""},"class_list":["post-39351","page","type-page","status-publish","has-post-thumbnail","hentry"],"acf":[],"yoast_head":"<!-- This site is optimized with the Yoast SEO plugin v27.6 - https:\/\/yoast.com\/product\/yoast-seo-wordpress\/ -->\n<title>PFLEGE VON PFLANZEN - WOHLBEFINDEN<\/title>\n<meta name=\"robots\" content=\"index, follow, max-snippet:-1, max-image-preview:large, max-video-preview:-1\" \/>\n<link rel=\"canonical\" href=\"https:\/\/bien-etreiris.ch\/de\/produktpraesentation\/lesen-und-entdecken\/aromatherapie\/pflege-von-pflanzen\/\" \/>\n<meta property=\"og:locale\" content=\"de_DE\" \/>\n<meta property=\"og:type\" content=\"article\" \/>\n<meta property=\"og:title\" content=\"PFLEGE VON PFLANZEN - WOHLBEFINDEN\" \/>\n<meta property=\"og:description\" content=\"&nbsp; Prendre soin de ses plants avec les huiles essentiellesAuteur : Jean-Yves Meignen\u00c9ditions Rustica, publi\u00e9 le 21 f\u00e9vrier 202095 pagesISBN : 97828153149992Prix indicatif:&nbsp;&nbsp;&nbsp; CHF &nbsp; &nbsp; &nbsp; &nbsp; &nbsp; Quoi de plus naturel que de soigner et de prot\u00e9ger nos plantes avec des huiles essentielles ? Nous connaissons les bienfaits des huiles essentielles pour l\u2019Homme, mais saviez-vous qu\u2019elles sont aussi&nbsp;Weiter lesen\" \/>\n<meta property=\"og:url\" content=\"https:\/\/bien-etreiris.ch\/de\/produktpraesentation\/lesen-und-entdecken\/aromatherapie\/pflege-von-pflanzen\/\" \/>\n<meta property=\"og:site_name\" content=\"WOHLBEFINDEN\" \/>\n<meta property=\"article:publisher\" content=\"https:\/\/www.facebook.com\/bienetreiris\/\" \/>\n<meta property=\"article:modified_time\" content=\"2021-06-02T16:58:30+00:00\" \/>\n<meta property=\"og:image\" content=\"https:\/\/bien-etreiris.ch\/wp-content\/uploads\/2021\/02\/acceuil-soigner-des-plantes.jpg\" \/>\n\t<meta property=\"og:image:width\" content=\"500\" \/>\n\t<meta property=\"og:image:height\" content=\"316\" \/>\n\t<meta property=\"og:image:type\" content=\"image\/jpeg\" \/>\n<meta name=\"twitter:label1\" content=\"Gesch\u00e4tzte Lesezeit\" \/>\n\t<meta name=\"twitter:data1\" content=\"2\u00a0Minuten\" \/>\n<script type=\"application\/ld+json\" class=\"yoast-schema-graph\">{\"@context\":\"https:\\\/\\\/schema.org\",\"@graph\":[{\"@type\":\"WebPage\",\"@id\":\"https:\\\/\\\/bien-etreiris.ch\\\/de\\\/produktpraesentation\\\/lesen-und-entdecken\\\/aromatherapie\\\/pflege-von-pflanzen\\\/\",\"url\":\"https:\\\/\\\/bien-etreiris.ch\\\/de\\\/produktpraesentation\\\/lesen-und-entdecken\\\/aromatherapie\\\/pflege-von-pflanzen\\\/\",\"name\":\"PFLEGE VON PFLANZEN - WOHLBEFINDEN\",\"isPartOf\":{\"@id\":\"https:\\\/\\\/bien-etreiris.ch\\\/de\\\/#website\"},\"primaryImageOfPage\":{\"@id\":\"https:\\\/\\\/bien-etreiris.ch\\\/de\\\/produktpraesentation\\\/lesen-und-entdecken\\\/aromatherapie\\\/pflege-von-pflanzen\\\/#primaryimage\"},\"image\":{\"@id\":\"https:\\\/\\\/bien-etreiris.ch\\\/de\\\/produktpraesentation\\\/lesen-und-entdecken\\\/aromatherapie\\\/pflege-von-pflanzen\\\/#primaryimage\"},\"thumbnailUrl\":\"https:\\\/\\\/bien-etreiris.ch\\\/wp-content\\\/uploads\\\/2021\\\/02\\\/acceuil-soigner-des-plantes.jpg\",\"datePublished\":\"2021-02-20T15:28:08+00:00\",\"dateModified\":\"2021-06-02T16:58:30+00:00\",\"breadcrumb\":{\"@id\":\"https:\\\/\\\/bien-etreiris.ch\\\/de\\\/produktpraesentation\\\/lesen-und-entdecken\\\/aromatherapie\\\/pflege-von-pflanzen\\\/#breadcrumb\"},\"inLanguage\":\"de\",\"potentialAction\":[{\"@type\":\"ReadAction\",\"target\":[\"https:\\\/\\\/bien-etreiris.ch\\\/de\\\/produktpraesentation\\\/lesen-und-entdecken\\\/aromatherapie\\\/pflege-von-pflanzen\\\/\"]}]},{\"@type\":\"ImageObject\",\"inLanguage\":\"de\",\"@id\":\"https:\\\/\\\/bien-etreiris.ch\\\/de\\\/produktpraesentation\\\/lesen-und-entdecken\\\/aromatherapie\\\/pflege-von-pflanzen\\\/#primaryimage\",\"url\":\"https:\\\/\\\/bien-etreiris.ch\\\/wp-content\\\/uploads\\\/2021\\\/02\\\/acceuil-soigner-des-plantes.jpg\",\"contentUrl\":\"https:\\\/\\\/bien-etreiris.ch\\\/wp-content\\\/uploads\\\/2021\\\/02\\\/acceuil-soigner-des-plantes.jpg\",\"width\":500,\"height\":316},{\"@type\":\"BreadcrumbList\",\"@id\":\"https:\\\/\\\/bien-etreiris.ch\\\/de\\\/produktpraesentation\\\/lesen-und-entdecken\\\/aromatherapie\\\/pflege-von-pflanzen\\\/#breadcrumb\",\"itemListElement\":[{\"@type\":\"ListItem\",\"position\":1,\"name\":\"Home\",\"item\":\"https:\\\/\\\/bien-etreiris.ch\\\/de\\\/\"},{\"@type\":\"ListItem\",\"position\":2,\"name\":\"PRODUKTPR\u00c4SENTATION\",\"item\":\"https:\\\/\\\/bien-etreiris.ch\\\/de\\\/produktpraesentation\\\/\"},{\"@type\":\"ListItem\",\"position\":3,\"name\":\"LESEN UND ENTDECKEN\",\"item\":\"https:\\\/\\\/bien-etreiris.ch\\\/de\\\/produktpraesentation\\\/lesen-und-entdecken\\\/\"},{\"@type\":\"ListItem\",\"position\":4,\"name\":\"AROMATHERAPIE\",\"item\":\"https:\\\/\\\/bien-etreiris.ch\\\/de\\\/produktpraesentation\\\/lesen-und-entdecken\\\/aromatherapie\\\/\"},{\"@type\":\"ListItem\",\"position\":5,\"name\":\"PFLEGE VON PFLANZEN\"}]},{\"@type\":\"WebSite\",\"@id\":\"https:\\\/\\\/bien-etreiris.ch\\\/de\\\/#website\",\"url\":\"https:\\\/\\\/bien-etreiris.ch\\\/de\\\/\",\"name\":\"Bien-\u00eatre Iris\",\"description\":\"IHRE Gesundheit ist uns wichtig\",\"potentialAction\":[{\"@type\":\"SearchAction\",\"target\":{\"@type\":\"EntryPoint\",\"urlTemplate\":\"https:\\\/\\\/bien-etreiris.ch\\\/de\\\/?s={search_term_string}\"},\"query-input\":{\"@type\":\"PropertyValueSpecification\",\"valueRequired\":true,\"valueName\":\"search_term_string\"}}],\"inLanguage\":\"de\"}]}<\/script>\n<!-- \/ Yoast SEO plugin. -->","yoast_head_json":{"title":"PFLEGE VON PFLANZEN - WOHLBEFINDEN","robots":{"index":"index","follow":"follow","max-snippet":"max-snippet:-1","max-image-preview":"max-image-preview:large","max-video-preview":"max-video-preview:-1"},"canonical":"https:\/\/bien-etreiris.ch\/de\/produktpraesentation\/lesen-und-entdecken\/aromatherapie\/pflege-von-pflanzen\/","og_locale":"de_DE","og_type":"article","og_title":"PFLEGE VON PFLANZEN - WOHLBEFINDEN","og_description":"&nbsp; Prendre soin de ses plants avec les huiles essentiellesAuteur : Jean-Yves Meignen\u00c9ditions Rustica, publi\u00e9 le 21 f\u00e9vrier 202095 pagesISBN : 97828153149992Prix indicatif:&nbsp;&nbsp;&nbsp; CHF &nbsp; &nbsp; &nbsp; &nbsp; &nbsp; Quoi de plus naturel que de soigner et de prot\u00e9ger nos plantes avec des huiles essentielles ? Nous connaissons les bienfaits des huiles essentielles pour l\u2019Homme, mais saviez-vous qu\u2019elles sont aussi&nbsp;Weiter lesen","og_url":"https:\/\/bien-etreiris.ch\/de\/produktpraesentation\/lesen-und-entdecken\/aromatherapie\/pflege-von-pflanzen\/","og_site_name":"WOHLBEFINDEN","article_publisher":"https:\/\/www.facebook.com\/bienetreiris\/","article_modified_time":"2021-06-02T16:58:30+00:00","og_image":[{"width":500,"height":316,"url":"https:\/\/bien-etreiris.ch\/wp-content\/uploads\/2021\/02\/acceuil-soigner-des-plantes.jpg","type":"image\/jpeg"}],"twitter_misc":{"Gesch\u00e4tzte Lesezeit":"2\u00a0Minuten"},"schema":{"@context":"https:\/\/schema.org","@graph":[{"@type":"WebPage","@id":"https:\/\/bien-etreiris.ch\/de\/produktpraesentation\/lesen-und-entdecken\/aromatherapie\/pflege-von-pflanzen\/","url":"https:\/\/bien-etreiris.ch\/de\/produktpraesentation\/lesen-und-entdecken\/aromatherapie\/pflege-von-pflanzen\/","name":"PFLEGE VON PFLANZEN - WOHLBEFINDEN","isPartOf":{"@id":"https:\/\/bien-etreiris.ch\/de\/#website"},"primaryImageOfPage":{"@id":"https:\/\/bien-etreiris.ch\/de\/produktpraesentation\/lesen-und-entdecken\/aromatherapie\/pflege-von-pflanzen\/#primaryimage"},"image":{"@id":"https:\/\/bien-etreiris.ch\/de\/produktpraesentation\/lesen-und-entdecken\/aromatherapie\/pflege-von-pflanzen\/#primaryimage"},"thumbnailUrl":"https:\/\/bien-etreiris.ch\/wp-content\/uploads\/2021\/02\/acceuil-soigner-des-plantes.jpg","datePublished":"2021-02-20T15:28:08+00:00","dateModified":"2021-06-02T16:58:30+00:00","breadcrumb":{"@id":"https:\/\/bien-etreiris.ch\/de\/produktpraesentation\/lesen-und-entdecken\/aromatherapie\/pflege-von-pflanzen\/#breadcrumb"},"inLanguage":"de","potentialAction":[{"@type":"ReadAction","target":["https:\/\/bien-etreiris.ch\/de\/produktpraesentation\/lesen-und-entdecken\/aromatherapie\/pflege-von-pflanzen\/"]}]},{"@type":"ImageObject","inLanguage":"de","@id":"https:\/\/bien-etreiris.ch\/de\/produktpraesentation\/lesen-und-entdecken\/aromatherapie\/pflege-von-pflanzen\/#primaryimage","url":"https:\/\/bien-etreiris.ch\/wp-content\/uploads\/2021\/02\/acceuil-soigner-des-plantes.jpg","contentUrl":"https:\/\/bien-etreiris.ch\/wp-content\/uploads\/2021\/02\/acceuil-soigner-des-plantes.jpg","width":500,"height":316},{"@type":"BreadcrumbList","@id":"https:\/\/bien-etreiris.ch\/de\/produktpraesentation\/lesen-und-entdecken\/aromatherapie\/pflege-von-pflanzen\/#breadcrumb","itemListElement":[{"@type":"ListItem","position":1,"name":"Home","item":"https:\/\/bien-etreiris.ch\/de\/"},{"@type":"ListItem","position":2,"name":"PRODUKTPR\u00c4SENTATION","item":"https:\/\/bien-etreiris.ch\/de\/produktpraesentation\/"},{"@type":"ListItem","position":3,"name":"LESEN UND ENTDECKEN","item":"https:\/\/bien-etreiris.ch\/de\/produktpraesentation\/lesen-und-entdecken\/"},{"@type":"ListItem","position":4,"name":"AROMATHERAPIE","item":"https:\/\/bien-etreiris.ch\/de\/produktpraesentation\/lesen-und-entdecken\/aromatherapie\/"},{"@type":"ListItem","position":5,"name":"PFLEGE VON PFLANZEN"}]},{"@type":"WebSite","@id":"https:\/\/bien-etreiris.ch\/de\/#website","url":"https:\/\/bien-etreiris.ch\/de\/","name":"Bien-\u00eatre Iris","description":"IHRE Gesundheit ist uns wichtig","potentialAction":[{"@type":"SearchAction","target":{"@type":"EntryPoint","urlTemplate":"https:\/\/bien-etreiris.ch\/de\/?s={search_term_string}"},"query-input":{"@type":"PropertyValueSpecification","valueRequired":true,"valueName":"search_term_string"}}],"inLanguage":"de"}]}},"_links":{"self":[{"href":"https:\/\/bien-etreiris.ch\/de\/wp-json\/wp\/v2\/pages\/39351","targetHints":{"allow":["GET"]}}],"collection":[{"href":"https:\/\/bien-etreiris.ch\/de\/wp-json\/wp\/v2\/pages"}],"about":[{"href":"https:\/\/bien-etreiris.ch\/de\/wp-json\/wp\/v2\/types\/page"}],"author":[{"embeddable":true,"href":"https:\/\/bien-etreiris.ch\/de\/wp-json\/wp\/v2\/users\/1"}],"replies":[{"embeddable":true,"href":"https:\/\/bien-etreiris.ch\/de\/wp-json\/wp\/v2\/comments?post=39351"}],"version-history":[{"count":4,"href":"https:\/\/bien-etreiris.ch\/de\/wp-json\/wp\/v2\/pages\/39351\/revisions"}],"predecessor-version":[{"id":49104,"href":"https:\/\/bien-etreiris.ch\/de\/wp-json\/wp\/v2\/pages\/39351\/revisions\/49104"}],"up":[{"embeddable":true,"href":"https:\/\/bien-etreiris.ch\/de\/wp-json\/wp\/v2\/pages\/39319"}],"wp:featuredmedia":[{"embeddable":true,"href":"https:\/\/bien-etreiris.ch\/de\/wp-json\/wp\/v2\/media\/39345"}],"wp:attachment":[{"href":"https:\/\/bien-etreiris.ch\/de\/wp-json\/wp\/v2\/media?parent=39351"}],"curies":[{"name":"wp","href":"https:\/\/api.w.org\/{rel}","templated":true}]}}