{"id":39285,"date":"2021-02-13T07:27:06","date_gmt":"2021-02-13T07:27:06","guid":{"rendered":"https:\/\/bien-etreiris.ch\/wohlbefinden\/lire-et-decouvrir\/argilotherapie\/"},"modified":"2021-02-27T12:23:28","modified_gmt":"2021-02-27T12:23:28","slug":"heilerde-therapie","status":"publish","type":"page","link":"https:\/\/bien-etreiris.ch\/de\/produktpraesentation\/lesen-und-entdecken\/heilerde-therapie\/","title":{"rendered":"HEILERDE THERAPIE"},"content":{"rendered":"\n<h2 class=\"wp-block-heading\">Heilerde f\u00fcr ein gesundes Leben<\/h2>\n\n\n<p><a href=\"https:\/\/decoiris.ch\/wp-content\/uploads\/2021\/02\/Heilerde.jpg\"><img loading=\"lazy\" decoding=\"async\" class=\"alignnone wp-image-39385 size-full\" src=\"https:\/\/decoiris.ch\/wp-content\/uploads\/2021\/02\/Heilerde.jpg\" alt=\"\" width=\"418\" height=\"500\" srcset=\"https:\/\/bien-etreiris.ch\/wp-content\/uploads\/2021\/02\/Heilerde.jpg 418w, https:\/\/bien-etreiris.ch\/wp-content\/uploads\/2021\/02\/Heilerde-251x300.jpg 251w\" sizes=\"auto, (max-width: 418px) 100vw, 418px\" \/><\/a><\/p>\n\n<p>Die Kraft der Erde: Wertvolle Ratschl\u00e4ge, Anwendungen und Rezepte Erde ist eines der grundlegendsten Heilmittel. In Torf, Lehm, L\u00f6ss und Ton stecken Kr\u00e4fte, die seit Menschengedenken als gesundheitsf\u00f6rdernd gesch\u00e4tzt und zur Sch\u00f6nheitspflege genutzt werden. Als nat\u00fcrliche Therapeutika, die unser Selbstheilungssystem ganz ohne Nebenwirkungen unterst\u00fctzen, haben Heilerden eine entgiftende, antibakterielle und ents\u00e4uernde Wirkung. Sie st\u00e4rken die Abwehrkr\u00e4fte, senken den Cholesterinspiegel und helfen bei der Gewichtskontrolle. Mit Anleitungen f\u00fcr einfache und au\u00dfergew\u00f6hnliche Anwendungen zur erfolgreichen Selbstbehandlung. Ein Muss f\u00fcr jede Hausapotheke. E<\/p>\n\n\n<hr class=\"wp-block-separator\"\/>\n","protected":false},"excerpt":{"rendered":"<p>Heilerde f\u00fcr ein gesundes Leben Die Kraft der Erde: Wertvolle Ratschl\u00e4ge, Anwendungen und Rezepte Erde ist eines der grundlegendsten Heilmittel. In Torf, Lehm, L\u00f6ss und Ton stecken Kr\u00e4fte, die seit Menschengedenken als gesundheitsf\u00f6rdernd gesch\u00e4tzt und zur Sch\u00f6nheitspflege genutzt werden. Als nat\u00fcrliche Therapeutika, die unser Selbstheilungssystem ganz ohne Nebenwirkungen unterst\u00fctzen, haben Heilerden eine entgiftende, antibakterielle und ents\u00e4uernde Wirkung. Sie st\u00e4rken die&nbsp;<a href=\"https:\/\/bien-etreiris.ch\/de\/produktpraesentation\/lesen-und-entdecken\/heilerde-therapie\/\" class=\"read-more\">Weiter lesen<\/a><\/p>\n","protected":false},"author":1,"featured_media":39278,"parent":39187,"menu_order":6328,"comment_status":"closed","ping_status":"closed","template":"page-with-child.php","meta":{"_acf_changed":false,"ngg_post_thumbnail":0,"footnotes":""},"class_list":["post-39285","page","type-page","status-publish","has-post-thumbnail","hentry"],"acf":[],"yoast_head":"<!-- This site is optimized with the Yoast SEO plugin v27.6 - https:\/\/yoast.com\/product\/yoast-seo-wordpress\/ -->\n<title>HEILERDE THERAPIE - WOHLBEFINDEN<\/title>\n<meta name=\"robots\" content=\"index, follow, max-snippet:-1, max-image-preview:large, max-video-preview:-1\" \/>\n<link rel=\"canonical\" href=\"https:\/\/bien-etreiris.ch\/de\/produktpraesentation\/lesen-und-entdecken\/heilerde-therapie\/\" \/>\n<meta property=\"og:locale\" content=\"de_DE\" \/>\n<meta property=\"og:type\" content=\"article\" \/>\n<meta property=\"og:title\" content=\"HEILERDE THERAPIE - WOHLBEFINDEN\" \/>\n<meta property=\"og:description\" content=\"Heilerde f\u00fcr ein gesundes Leben Die Kraft der Erde: Wertvolle Ratschl\u00e4ge, Anwendungen und Rezepte Erde ist eines der grundlegendsten Heilmittel. In Torf, Lehm, L\u00f6ss und Ton stecken Kr\u00e4fte, die seit Menschengedenken als gesundheitsf\u00f6rdernd gesch\u00e4tzt und zur Sch\u00f6nheitspflege genutzt werden. Als nat\u00fcrliche Therapeutika, die unser Selbstheilungssystem ganz ohne Nebenwirkungen unterst\u00fctzen, haben Heilerden eine entgiftende, antibakterielle und ents\u00e4uernde Wirkung. Sie st\u00e4rken die&nbsp;Weiter lesen\" \/>\n<meta property=\"og:url\" content=\"https:\/\/bien-etreiris.ch\/de\/produktpraesentation\/lesen-und-entdecken\/heilerde-therapie\/\" \/>\n<meta property=\"og:site_name\" content=\"WOHLBEFINDEN\" \/>\n<meta property=\"article:publisher\" content=\"https:\/\/www.facebook.com\/bienetreiris\/\" \/>\n<meta property=\"article:modified_time\" content=\"2021-02-27T12:23:28+00:00\" \/>\n<meta property=\"og:image\" content=\"https:\/\/bien-etreiris.ch\/wp-content\/uploads\/2021\/02\/acceuil-argiloth\u00e9rapie.jpg\" \/>\n\t<meta property=\"og:image:width\" content=\"500\" \/>\n\t<meta property=\"og:image:height\" content=\"333\" \/>\n\t<meta property=\"og:image:type\" content=\"image\/jpeg\" \/>\n<meta name=\"twitter:label1\" content=\"Gesch\u00e4tzte Lesezeit\" \/>\n\t<meta name=\"twitter:data1\" content=\"1\u00a0Minute\" \/>\n<script type=\"application\/ld+json\" class=\"yoast-schema-graph\">{\"@context\":\"https:\\\/\\\/schema.org\",\"@graph\":[{\"@type\":\"WebPage\",\"@id\":\"https:\\\/\\\/bien-etreiris.ch\\\/de\\\/produktpraesentation\\\/lesen-und-entdecken\\\/heilerde-therapie\\\/\",\"url\":\"https:\\\/\\\/bien-etreiris.ch\\\/de\\\/produktpraesentation\\\/lesen-und-entdecken\\\/heilerde-therapie\\\/\",\"name\":\"HEILERDE THERAPIE - WOHLBEFINDEN\",\"isPartOf\":{\"@id\":\"https:\\\/\\\/bien-etreiris.ch\\\/de\\\/#website\"},\"primaryImageOfPage\":{\"@id\":\"https:\\\/\\\/bien-etreiris.ch\\\/de\\\/produktpraesentation\\\/lesen-und-entdecken\\\/heilerde-therapie\\\/#primaryimage\"},\"image\":{\"@id\":\"https:\\\/\\\/bien-etreiris.ch\\\/de\\\/produktpraesentation\\\/lesen-und-entdecken\\\/heilerde-therapie\\\/#primaryimage\"},\"thumbnailUrl\":\"https:\\\/\\\/bien-etreiris.ch\\\/wp-content\\\/uploads\\\/2021\\\/02\\\/acceuil-argiloth\u00e9rapie.jpg\",\"datePublished\":\"2021-02-13T07:27:06+00:00\",\"dateModified\":\"2021-02-27T12:23:28+00:00\",\"breadcrumb\":{\"@id\":\"https:\\\/\\\/bien-etreiris.ch\\\/de\\\/produktpraesentation\\\/lesen-und-entdecken\\\/heilerde-therapie\\\/#breadcrumb\"},\"inLanguage\":\"de\",\"potentialAction\":[{\"@type\":\"ReadAction\",\"target\":[\"https:\\\/\\\/bien-etreiris.ch\\\/de\\\/produktpraesentation\\\/lesen-und-entdecken\\\/heilerde-therapie\\\/\"]}]},{\"@type\":\"ImageObject\",\"inLanguage\":\"de\",\"@id\":\"https:\\\/\\\/bien-etreiris.ch\\\/de\\\/produktpraesentation\\\/lesen-und-entdecken\\\/heilerde-therapie\\\/#primaryimage\",\"url\":\"https:\\\/\\\/bien-etreiris.ch\\\/wp-content\\\/uploads\\\/2021\\\/02\\\/acceuil-argiloth\u00e9rapie.jpg\",\"contentUrl\":\"https:\\\/\\\/bien-etreiris.ch\\\/wp-content\\\/uploads\\\/2021\\\/02\\\/acceuil-argiloth\u00e9rapie.jpg\",\"width\":500,\"height\":333},{\"@type\":\"BreadcrumbList\",\"@id\":\"https:\\\/\\\/bien-etreiris.ch\\\/de\\\/produktpraesentation\\\/lesen-und-entdecken\\\/heilerde-therapie\\\/#breadcrumb\",\"itemListElement\":[{\"@type\":\"ListItem\",\"position\":1,\"name\":\"Home\",\"item\":\"https:\\\/\\\/bien-etreiris.ch\\\/de\\\/\"},{\"@type\":\"ListItem\",\"position\":2,\"name\":\"PRODUKTPR\u00c4SENTATION\",\"item\":\"https:\\\/\\\/bien-etreiris.ch\\\/de\\\/produktpraesentation\\\/\"},{\"@type\":\"ListItem\",\"position\":3,\"name\":\"LESEN UND ENTDECKEN\",\"item\":\"https:\\\/\\\/bien-etreiris.ch\\\/de\\\/produktpraesentation\\\/lesen-und-entdecken\\\/\"},{\"@type\":\"ListItem\",\"position\":4,\"name\":\"HEILERDE THERAPIE\"}]},{\"@type\":\"WebSite\",\"@id\":\"https:\\\/\\\/bien-etreiris.ch\\\/de\\\/#website\",\"url\":\"https:\\\/\\\/bien-etreiris.ch\\\/de\\\/\",\"name\":\"Bien-\u00eatre Iris\",\"description\":\"IHRE Gesundheit ist uns wichtig\",\"potentialAction\":[{\"@type\":\"SearchAction\",\"target\":{\"@type\":\"EntryPoint\",\"urlTemplate\":\"https:\\\/\\\/bien-etreiris.ch\\\/de\\\/?s={search_term_string}\"},\"query-input\":{\"@type\":\"PropertyValueSpecification\",\"valueRequired\":true,\"valueName\":\"search_term_string\"}}],\"inLanguage\":\"de\"}]}<\/script>\n<!-- \/ Yoast SEO plugin. -->","yoast_head_json":{"title":"HEILERDE THERAPIE - WOHLBEFINDEN","robots":{"index":"index","follow":"follow","max-snippet":"max-snippet:-1","max-image-preview":"max-image-preview:large","max-video-preview":"max-video-preview:-1"},"canonical":"https:\/\/bien-etreiris.ch\/de\/produktpraesentation\/lesen-und-entdecken\/heilerde-therapie\/","og_locale":"de_DE","og_type":"article","og_title":"HEILERDE THERAPIE - WOHLBEFINDEN","og_description":"Heilerde f\u00fcr ein gesundes Leben Die Kraft der Erde: Wertvolle Ratschl\u00e4ge, Anwendungen und Rezepte Erde ist eines der grundlegendsten Heilmittel. In Torf, Lehm, L\u00f6ss und Ton stecken Kr\u00e4fte, die seit Menschengedenken als gesundheitsf\u00f6rdernd gesch\u00e4tzt und zur Sch\u00f6nheitspflege genutzt werden. Als nat\u00fcrliche Therapeutika, die unser Selbstheilungssystem ganz ohne Nebenwirkungen unterst\u00fctzen, haben Heilerden eine entgiftende, antibakterielle und ents\u00e4uernde Wirkung. Sie st\u00e4rken die&nbsp;Weiter lesen","og_url":"https:\/\/bien-etreiris.ch\/de\/produktpraesentation\/lesen-und-entdecken\/heilerde-therapie\/","og_site_name":"WOHLBEFINDEN","article_publisher":"https:\/\/www.facebook.com\/bienetreiris\/","article_modified_time":"2021-02-27T12:23:28+00:00","og_image":[{"width":500,"height":333,"url":"https:\/\/bien-etreiris.ch\/wp-content\/uploads\/2021\/02\/acceuil-argiloth\u00e9rapie.jpg","type":"image\/jpeg"}],"twitter_misc":{"Gesch\u00e4tzte Lesezeit":"1\u00a0Minute"},"schema":{"@context":"https:\/\/schema.org","@graph":[{"@type":"WebPage","@id":"https:\/\/bien-etreiris.ch\/de\/produktpraesentation\/lesen-und-entdecken\/heilerde-therapie\/","url":"https:\/\/bien-etreiris.ch\/de\/produktpraesentation\/lesen-und-entdecken\/heilerde-therapie\/","name":"HEILERDE THERAPIE - WOHLBEFINDEN","isPartOf":{"@id":"https:\/\/bien-etreiris.ch\/de\/#website"},"primaryImageOfPage":{"@id":"https:\/\/bien-etreiris.ch\/de\/produktpraesentation\/lesen-und-entdecken\/heilerde-therapie\/#primaryimage"},"image":{"@id":"https:\/\/bien-etreiris.ch\/de\/produktpraesentation\/lesen-und-entdecken\/heilerde-therapie\/#primaryimage"},"thumbnailUrl":"https:\/\/bien-etreiris.ch\/wp-content\/uploads\/2021\/02\/acceuil-argiloth\u00e9rapie.jpg","datePublished":"2021-02-13T07:27:06+00:00","dateModified":"2021-02-27T12:23:28+00:00","breadcrumb":{"@id":"https:\/\/bien-etreiris.ch\/de\/produktpraesentation\/lesen-und-entdecken\/heilerde-therapie\/#breadcrumb"},"inLanguage":"de","potentialAction":[{"@type":"ReadAction","target":["https:\/\/bien-etreiris.ch\/de\/produktpraesentation\/lesen-und-entdecken\/heilerde-therapie\/"]}]},{"@type":"ImageObject","inLanguage":"de","@id":"https:\/\/bien-etreiris.ch\/de\/produktpraesentation\/lesen-und-entdecken\/heilerde-therapie\/#primaryimage","url":"https:\/\/bien-etreiris.ch\/wp-content\/uploads\/2021\/02\/acceuil-argiloth\u00e9rapie.jpg","contentUrl":"https:\/\/bien-etreiris.ch\/wp-content\/uploads\/2021\/02\/acceuil-argiloth\u00e9rapie.jpg","width":500,"height":333},{"@type":"BreadcrumbList","@id":"https:\/\/bien-etreiris.ch\/de\/produktpraesentation\/lesen-und-entdecken\/heilerde-therapie\/#breadcrumb","itemListElement":[{"@type":"ListItem","position":1,"name":"Home","item":"https:\/\/bien-etreiris.ch\/de\/"},{"@type":"ListItem","position":2,"name":"PRODUKTPR\u00c4SENTATION","item":"https:\/\/bien-etreiris.ch\/de\/produktpraesentation\/"},{"@type":"ListItem","position":3,"name":"LESEN UND ENTDECKEN","item":"https:\/\/bien-etreiris.ch\/de\/produktpraesentation\/lesen-und-entdecken\/"},{"@type":"ListItem","position":4,"name":"HEILERDE THERAPIE"}]},{"@type":"WebSite","@id":"https:\/\/bien-etreiris.ch\/de\/#website","url":"https:\/\/bien-etreiris.ch\/de\/","name":"Bien-\u00eatre Iris","description":"IHRE Gesundheit ist uns wichtig","potentialAction":[{"@type":"SearchAction","target":{"@type":"EntryPoint","urlTemplate":"https:\/\/bien-etreiris.ch\/de\/?s={search_term_string}"},"query-input":{"@type":"PropertyValueSpecification","valueRequired":true,"valueName":"search_term_string"}}],"inLanguage":"de"}]}},"_links":{"self":[{"href":"https:\/\/bien-etreiris.ch\/de\/wp-json\/wp\/v2\/pages\/39285","targetHints":{"allow":["GET"]}}],"collection":[{"href":"https:\/\/bien-etreiris.ch\/de\/wp-json\/wp\/v2\/pages"}],"about":[{"href":"https:\/\/bien-etreiris.ch\/de\/wp-json\/wp\/v2\/types\/page"}],"author":[{"embeddable":true,"href":"https:\/\/bien-etreiris.ch\/de\/wp-json\/wp\/v2\/users\/1"}],"replies":[{"embeddable":true,"href":"https:\/\/bien-etreiris.ch\/de\/wp-json\/wp\/v2\/comments?post=39285"}],"version-history":[{"count":5,"href":"https:\/\/bien-etreiris.ch\/de\/wp-json\/wp\/v2\/pages\/39285\/revisions"}],"predecessor-version":[{"id":39390,"href":"https:\/\/bien-etreiris.ch\/de\/wp-json\/wp\/v2\/pages\/39285\/revisions\/39390"}],"up":[{"embeddable":true,"href":"https:\/\/bien-etreiris.ch\/de\/wp-json\/wp\/v2\/pages\/39187"}],"wp:featuredmedia":[{"embeddable":true,"href":"https:\/\/bien-etreiris.ch\/de\/wp-json\/wp\/v2\/media\/39278"}],"wp:attachment":[{"href":"https:\/\/bien-etreiris.ch\/de\/wp-json\/wp\/v2\/media?parent=39285"}],"curies":[{"name":"wp","href":"https:\/\/api.w.org\/{rel}","templated":true}]}}