{"id":39265,"date":"2021-02-12T09:34:49","date_gmt":"2021-02-12T09:34:49","guid":{"rendered":"https:\/\/bien-etreiris.ch\/?page_id=39265"},"modified":"2021-05-12T17:31:43","modified_gmt":"2021-05-12T15:31:43","slug":"universal-sammlung","status":"publish","type":"page","link":"https:\/\/bien-etreiris.ch\/de\/produktpraesentation\/lesen-und-entdecken\/universal-sammlung\/","title":{"rendered":"UNIVERSAL-SAMMLUNG"},"content":{"rendered":"\n<h2 class=\"wp-block-heading\"> <br>Essig und seine Heilkr\u00e4fte <\/h2>\n\n\n<p><a href=\"https:\/\/decoiris.ch\/wp-content\/uploads\/2021\/02\/Vinaigres-\u00e0-tout-faire-In\u00e8s-Peyret.jpg\"><img loading=\"lazy\" decoding=\"async\" class=\"wp-image-39258 size-full alignleft\" src=\"https:\/\/decoiris.ch\/wp-content\/uploads\/2021\/02\/Vinaigres-\u00e0-tout-faire-In\u00e8s-Peyret.jpg\" alt=\"\" width=\"375\" height=\"552\" srcset=\"https:\/\/bien-etreiris.ch\/wp-content\/uploads\/2021\/02\/Vinaigres-\u00e0-tout-faire-In\u00e8s-Peyret.jpg 375w, https:\/\/bien-etreiris.ch\/wp-content\/uploads\/2021\/02\/Vinaigres-\u00e0-tout-faire-In\u00e8s-Peyret-204x300.jpg 204w\" sizes=\"auto, (max-width: 375px) 100vw, 375px\" \/><\/a><\/p>\n<p>&nbsp;<\/p>\n<p>&nbsp;<\/p>\n<p>&nbsp;<\/p>\n<p>&nbsp;<\/p>\n<p>&nbsp;<\/p>\n<p>&nbsp;<\/p>\n<p>&nbsp;<\/p>\n<p><strong><span class=\"by-book\">In\u00e8s Peyret<\/span><\/strong><\/p>\n<p>10 \u00e9dition<\/p>\n<p>1 livre<strong> CHF 23.60<\/strong><\/p>\n<p>271 page<\/p>\n<p>15 cm x 22 cm<\/p>\n<p><span class=\"by-book\">&nbsp; <\/span><\/p>\n<p>&nbsp;<\/p>\n<p>&nbsp;<\/p>\n<p>VINAIGRES \u00c0 TOUT FAIRE est un guide \u00e9cologique &amp; pratique grand public avec 1000 trucs et astuces pour utiliser le vinaigre au quotidien.<\/p>\n<p>Le vinaigre est devenu l\u2019incontournable condiment, d\u00e9sinfectant, m\u00e9dicament, tonique du guerrier, viatique du voyageur, viagra des vizirs, produit de beaut\u00e9, nettoyant, d\u00e9sherbant, anticalcaire \u2026<\/p>\n<p>La 10e \u00e9dition de ce guide pratique indispensable s\u2019inscrit dans la m\u00eame collection des livres pratiques \u00ab A TOUT FAIRE \u00bb.<br>Quelle est l\u2019Histoire du vinaigre ?<br>A quoi servent chaque vinaigres ?<br>Lequel choisir pour la sant\u00e9 (les petits maux), l\u2019hygi\u00e8ne et la beaut\u00e9 ?<br>Comment utiliser la vinaigre :<br>Pour l\u2019entretien de sa cuisine, mais aussi dans les recettes ?<br>L\u2019entretien de la maison (la cuisine, la salle de bain, et tout le reste de la maison des sols aux plafonds).<br>La lessive et le repassage,<br>L\u2019entretien des chaussures, du cuir et du daim,<br>Le bricolage,<br>L\u2019entretien de la voiture et du bateau,<br>L\u2019utilisation du vinaigre avec les animaux pour leur sant\u00e9, l\u2019hygi\u00e8ne, le nettoyage et\u2026.aussi pour d\u00e9courager les chats de faire leurs griffes.<br>Comment utiliser le vinaigre pour le jardin et son entretien ?<br>Des trucs de vinaigre amusants pour les enfants et les plus grands ?<br>Les renseignements pratiques.<\/p>\n<p>&nbsp;<\/p>\n<p>&nbsp;<\/p>\n<p>&nbsp;<\/p>\n<p>Pour en savoir plus sur l\u2019auteur : <strong>In\u00e8s Peyret<\/strong><\/p>\n<div class=\"detail-author-description col-md-8 col-sm-8 col-xs-12\">\n<div class=\"desc-auth\">\n<p>In\u00e8s Peyret est journaliste et la petite s\u0153ur spirituelle de MacGyver.<br>Comme son h\u00e9ros, elle a d\u00e9cid\u00e9 un jour de devenir la reine du syst\u00e8me D, non pas pour d\u00e9panner une centrale nucl\u00e9aire avec un cintre, un pot de yaourt et du chewing-gum usag\u00e9, mais pour r\u00e9soudre les petits probl\u00e8mes quotidiens pas cool.<br>Sans criser et en utilisant ce qu\u2019elle a sous la main, elle affronte les situations les plus critiques avec des recettes toujours efficolonomiques \u2013 efficaces, \u00e9cologiques et \u00e9conomiques \u2013 tout en restant \u00e9l\u00e9gante.<br>Elle collecte ses astuces aux quatre coins du monde et les fait tester par son entourage avant de les proposer dans ses Dictionnaires \u00e0 tout faire.<br>Retrouvez les trucs totalement In\u00e8s Peyret sur son site : <a href=\"https:\/\/www.ines-peyret.com\/\" target=\"_blank\" rel=\"noopener noreferrer\">https:\/\/www.ines-peyret.com\/<\/a><\/p>\n<\/div>\n<\/div>","protected":false},"excerpt":{"rendered":"<p>Essig und seine Heilkr\u00e4fte &nbsp; &nbsp; &nbsp; &nbsp; &nbsp; &nbsp; &nbsp; In\u00e8s Peyret 10 \u00e9dition 1 livre CHF 23.60 271 page 15 cm x 22 cm &nbsp; &nbsp; &nbsp; VINAIGRES \u00c0 TOUT FAIRE est un guide \u00e9cologique &amp; pratique grand public avec 1000 trucs et astuces pour utiliser le vinaigre au quotidien. Le vinaigre est devenu l\u2019incontournable condiment, d\u00e9sinfectant, m\u00e9dicament,&nbsp;<a href=\"https:\/\/bien-etreiris.ch\/de\/produktpraesentation\/lesen-und-entdecken\/universal-sammlung\/\" class=\"read-more\">Weiter lesen<\/a><\/p>\n","protected":false},"author":1,"featured_media":39263,"parent":39187,"menu_order":6331,"comment_status":"closed","ping_status":"closed","template":"page-with-child.php","meta":{"_acf_changed":false,"ngg_post_thumbnail":0,"footnotes":""},"class_list":["post-39265","page","type-page","status-publish","has-post-thumbnail","hentry"],"acf":[],"yoast_head":"<!-- This site is optimized with the Yoast SEO plugin v27.6 - https:\/\/yoast.com\/product\/yoast-seo-wordpress\/ -->\n<title>UNIVERSAL-SAMMLUNG - WOHLBEFINDEN<\/title>\n<meta name=\"robots\" content=\"index, follow, max-snippet:-1, max-image-preview:large, max-video-preview:-1\" \/>\n<link rel=\"canonical\" href=\"https:\/\/bien-etreiris.ch\/de\/produktpraesentation\/lesen-und-entdecken\/universal-sammlung\/\" \/>\n<meta property=\"og:locale\" content=\"de_DE\" \/>\n<meta property=\"og:type\" content=\"article\" \/>\n<meta property=\"og:title\" content=\"UNIVERSAL-SAMMLUNG - WOHLBEFINDEN\" \/>\n<meta property=\"og:description\" content=\"Essig und seine Heilkr\u00e4fte &nbsp; &nbsp; &nbsp; &nbsp; &nbsp; &nbsp; &nbsp; In\u00e8s Peyret 10 \u00e9dition 1 livre CHF 23.60 271 page 15 cm x 22 cm &nbsp; &nbsp; &nbsp; VINAIGRES \u00c0 TOUT FAIRE est un guide \u00e9cologique &amp; pratique grand public avec 1000 trucs et astuces pour utiliser le vinaigre au quotidien. Le vinaigre est devenu l\u2019incontournable condiment, d\u00e9sinfectant, m\u00e9dicament,&nbsp;Weiter lesen\" \/>\n<meta property=\"og:url\" content=\"https:\/\/bien-etreiris.ch\/de\/produktpraesentation\/lesen-und-entdecken\/universal-sammlung\/\" \/>\n<meta property=\"og:site_name\" content=\"WOHLBEFINDEN\" \/>\n<meta property=\"article:publisher\" content=\"https:\/\/www.facebook.com\/bienetreiris\/\" \/>\n<meta property=\"article:modified_time\" content=\"2021-05-12T15:31:43+00:00\" \/>\n<meta property=\"og:image\" content=\"https:\/\/bien-etreiris.ch\/wp-content\/uploads\/2021\/02\/acceuil-collection-\u00e0-tout-faire.jpg\" \/>\n\t<meta property=\"og:image:width\" content=\"500\" \/>\n\t<meta property=\"og:image:height\" content=\"333\" \/>\n\t<meta property=\"og:image:type\" content=\"image\/jpeg\" \/>\n<meta name=\"twitter:label1\" content=\"Gesch\u00e4tzte Lesezeit\" \/>\n\t<meta name=\"twitter:data1\" content=\"2\u00a0Minuten\" \/>\n<script type=\"application\/ld+json\" class=\"yoast-schema-graph\">{\"@context\":\"https:\\\/\\\/schema.org\",\"@graph\":[{\"@type\":\"WebPage\",\"@id\":\"https:\\\/\\\/bien-etreiris.ch\\\/de\\\/produktpraesentation\\\/lesen-und-entdecken\\\/universal-sammlung\\\/\",\"url\":\"https:\\\/\\\/bien-etreiris.ch\\\/de\\\/produktpraesentation\\\/lesen-und-entdecken\\\/universal-sammlung\\\/\",\"name\":\"UNIVERSAL-SAMMLUNG - WOHLBEFINDEN\",\"isPartOf\":{\"@id\":\"https:\\\/\\\/bien-etreiris.ch\\\/de\\\/#website\"},\"primaryImageOfPage\":{\"@id\":\"https:\\\/\\\/bien-etreiris.ch\\\/de\\\/produktpraesentation\\\/lesen-und-entdecken\\\/universal-sammlung\\\/#primaryimage\"},\"image\":{\"@id\":\"https:\\\/\\\/bien-etreiris.ch\\\/de\\\/produktpraesentation\\\/lesen-und-entdecken\\\/universal-sammlung\\\/#primaryimage\"},\"thumbnailUrl\":\"https:\\\/\\\/bien-etreiris.ch\\\/wp-content\\\/uploads\\\/2021\\\/02\\\/acceuil-collection-\u00e0-tout-faire.jpg\",\"datePublished\":\"2021-02-12T09:34:49+00:00\",\"dateModified\":\"2021-05-12T15:31:43+00:00\",\"breadcrumb\":{\"@id\":\"https:\\\/\\\/bien-etreiris.ch\\\/de\\\/produktpraesentation\\\/lesen-und-entdecken\\\/universal-sammlung\\\/#breadcrumb\"},\"inLanguage\":\"de\",\"potentialAction\":[{\"@type\":\"ReadAction\",\"target\":[\"https:\\\/\\\/bien-etreiris.ch\\\/de\\\/produktpraesentation\\\/lesen-und-entdecken\\\/universal-sammlung\\\/\"]}]},{\"@type\":\"ImageObject\",\"inLanguage\":\"de\",\"@id\":\"https:\\\/\\\/bien-etreiris.ch\\\/de\\\/produktpraesentation\\\/lesen-und-entdecken\\\/universal-sammlung\\\/#primaryimage\",\"url\":\"https:\\\/\\\/bien-etreiris.ch\\\/wp-content\\\/uploads\\\/2021\\\/02\\\/acceuil-collection-\u00e0-tout-faire.jpg\",\"contentUrl\":\"https:\\\/\\\/bien-etreiris.ch\\\/wp-content\\\/uploads\\\/2021\\\/02\\\/acceuil-collection-\u00e0-tout-faire.jpg\",\"width\":500,\"height\":333},{\"@type\":\"BreadcrumbList\",\"@id\":\"https:\\\/\\\/bien-etreiris.ch\\\/de\\\/produktpraesentation\\\/lesen-und-entdecken\\\/universal-sammlung\\\/#breadcrumb\",\"itemListElement\":[{\"@type\":\"ListItem\",\"position\":1,\"name\":\"Home\",\"item\":\"https:\\\/\\\/bien-etreiris.ch\\\/de\\\/\"},{\"@type\":\"ListItem\",\"position\":2,\"name\":\"PRODUKTPR\u00c4SENTATION\",\"item\":\"https:\\\/\\\/bien-etreiris.ch\\\/de\\\/produktpraesentation\\\/\"},{\"@type\":\"ListItem\",\"position\":3,\"name\":\"LESEN UND ENTDECKEN\",\"item\":\"https:\\\/\\\/bien-etreiris.ch\\\/de\\\/produktpraesentation\\\/lesen-und-entdecken\\\/\"},{\"@type\":\"ListItem\",\"position\":4,\"name\":\"UNIVERSAL-SAMMLUNG\"}]},{\"@type\":\"WebSite\",\"@id\":\"https:\\\/\\\/bien-etreiris.ch\\\/de\\\/#website\",\"url\":\"https:\\\/\\\/bien-etreiris.ch\\\/de\\\/\",\"name\":\"Bien-\u00eatre Iris\",\"description\":\"IHRE Gesundheit ist uns wichtig\",\"potentialAction\":[{\"@type\":\"SearchAction\",\"target\":{\"@type\":\"EntryPoint\",\"urlTemplate\":\"https:\\\/\\\/bien-etreiris.ch\\\/de\\\/?s={search_term_string}\"},\"query-input\":{\"@type\":\"PropertyValueSpecification\",\"valueRequired\":true,\"valueName\":\"search_term_string\"}}],\"inLanguage\":\"de\"}]}<\/script>\n<!-- \/ Yoast SEO plugin. -->","yoast_head_json":{"title":"UNIVERSAL-SAMMLUNG - WOHLBEFINDEN","robots":{"index":"index","follow":"follow","max-snippet":"max-snippet:-1","max-image-preview":"max-image-preview:large","max-video-preview":"max-video-preview:-1"},"canonical":"https:\/\/bien-etreiris.ch\/de\/produktpraesentation\/lesen-und-entdecken\/universal-sammlung\/","og_locale":"de_DE","og_type":"article","og_title":"UNIVERSAL-SAMMLUNG - WOHLBEFINDEN","og_description":"Essig und seine Heilkr\u00e4fte &nbsp; &nbsp; &nbsp; &nbsp; &nbsp; &nbsp; &nbsp; In\u00e8s Peyret 10 \u00e9dition 1 livre CHF 23.60 271 page 15 cm x 22 cm &nbsp; &nbsp; &nbsp; VINAIGRES \u00c0 TOUT FAIRE est un guide \u00e9cologique &amp; pratique grand public avec 1000 trucs et astuces pour utiliser le vinaigre au quotidien. Le vinaigre est devenu l\u2019incontournable condiment, d\u00e9sinfectant, m\u00e9dicament,&nbsp;Weiter lesen","og_url":"https:\/\/bien-etreiris.ch\/de\/produktpraesentation\/lesen-und-entdecken\/universal-sammlung\/","og_site_name":"WOHLBEFINDEN","article_publisher":"https:\/\/www.facebook.com\/bienetreiris\/","article_modified_time":"2021-05-12T15:31:43+00:00","og_image":[{"width":500,"height":333,"url":"https:\/\/bien-etreiris.ch\/wp-content\/uploads\/2021\/02\/acceuil-collection-\u00e0-tout-faire.jpg","type":"image\/jpeg"}],"twitter_misc":{"Gesch\u00e4tzte Lesezeit":"2\u00a0Minuten"},"schema":{"@context":"https:\/\/schema.org","@graph":[{"@type":"WebPage","@id":"https:\/\/bien-etreiris.ch\/de\/produktpraesentation\/lesen-und-entdecken\/universal-sammlung\/","url":"https:\/\/bien-etreiris.ch\/de\/produktpraesentation\/lesen-und-entdecken\/universal-sammlung\/","name":"UNIVERSAL-SAMMLUNG - WOHLBEFINDEN","isPartOf":{"@id":"https:\/\/bien-etreiris.ch\/de\/#website"},"primaryImageOfPage":{"@id":"https:\/\/bien-etreiris.ch\/de\/produktpraesentation\/lesen-und-entdecken\/universal-sammlung\/#primaryimage"},"image":{"@id":"https:\/\/bien-etreiris.ch\/de\/produktpraesentation\/lesen-und-entdecken\/universal-sammlung\/#primaryimage"},"thumbnailUrl":"https:\/\/bien-etreiris.ch\/wp-content\/uploads\/2021\/02\/acceuil-collection-\u00e0-tout-faire.jpg","datePublished":"2021-02-12T09:34:49+00:00","dateModified":"2021-05-12T15:31:43+00:00","breadcrumb":{"@id":"https:\/\/bien-etreiris.ch\/de\/produktpraesentation\/lesen-und-entdecken\/universal-sammlung\/#breadcrumb"},"inLanguage":"de","potentialAction":[{"@type":"ReadAction","target":["https:\/\/bien-etreiris.ch\/de\/produktpraesentation\/lesen-und-entdecken\/universal-sammlung\/"]}]},{"@type":"ImageObject","inLanguage":"de","@id":"https:\/\/bien-etreiris.ch\/de\/produktpraesentation\/lesen-und-entdecken\/universal-sammlung\/#primaryimage","url":"https:\/\/bien-etreiris.ch\/wp-content\/uploads\/2021\/02\/acceuil-collection-\u00e0-tout-faire.jpg","contentUrl":"https:\/\/bien-etreiris.ch\/wp-content\/uploads\/2021\/02\/acceuil-collection-\u00e0-tout-faire.jpg","width":500,"height":333},{"@type":"BreadcrumbList","@id":"https:\/\/bien-etreiris.ch\/de\/produktpraesentation\/lesen-und-entdecken\/universal-sammlung\/#breadcrumb","itemListElement":[{"@type":"ListItem","position":1,"name":"Home","item":"https:\/\/bien-etreiris.ch\/de\/"},{"@type":"ListItem","position":2,"name":"PRODUKTPR\u00c4SENTATION","item":"https:\/\/bien-etreiris.ch\/de\/produktpraesentation\/"},{"@type":"ListItem","position":3,"name":"LESEN UND ENTDECKEN","item":"https:\/\/bien-etreiris.ch\/de\/produktpraesentation\/lesen-und-entdecken\/"},{"@type":"ListItem","position":4,"name":"UNIVERSAL-SAMMLUNG"}]},{"@type":"WebSite","@id":"https:\/\/bien-etreiris.ch\/de\/#website","url":"https:\/\/bien-etreiris.ch\/de\/","name":"Bien-\u00eatre Iris","description":"IHRE Gesundheit ist uns wichtig","potentialAction":[{"@type":"SearchAction","target":{"@type":"EntryPoint","urlTemplate":"https:\/\/bien-etreiris.ch\/de\/?s={search_term_string}"},"query-input":{"@type":"PropertyValueSpecification","valueRequired":true,"valueName":"search_term_string"}}],"inLanguage":"de"}]}},"_links":{"self":[{"href":"https:\/\/bien-etreiris.ch\/de\/wp-json\/wp\/v2\/pages\/39265","targetHints":{"allow":["GET"]}}],"collection":[{"href":"https:\/\/bien-etreiris.ch\/de\/wp-json\/wp\/v2\/pages"}],"about":[{"href":"https:\/\/bien-etreiris.ch\/de\/wp-json\/wp\/v2\/types\/page"}],"author":[{"embeddable":true,"href":"https:\/\/bien-etreiris.ch\/de\/wp-json\/wp\/v2\/users\/1"}],"replies":[{"embeddable":true,"href":"https:\/\/bien-etreiris.ch\/de\/wp-json\/wp\/v2\/comments?post=39265"}],"version-history":[{"count":4,"href":"https:\/\/bien-etreiris.ch\/de\/wp-json\/wp\/v2\/pages\/39265\/revisions"}],"predecessor-version":[{"id":44182,"href":"https:\/\/bien-etreiris.ch\/de\/wp-json\/wp\/v2\/pages\/39265\/revisions\/44182"}],"up":[{"embeddable":true,"href":"https:\/\/bien-etreiris.ch\/de\/wp-json\/wp\/v2\/pages\/39187"}],"wp:featuredmedia":[{"embeddable":true,"href":"https:\/\/bien-etreiris.ch\/de\/wp-json\/wp\/v2\/media\/39263"}],"wp:attachment":[{"href":"https:\/\/bien-etreiris.ch\/de\/wp-json\/wp\/v2\/media?parent=39265"}],"curies":[{"name":"wp","href":"https:\/\/api.w.org\/{rel}","templated":true}]}}