{"id":39227,"date":"2021-02-11T17:50:18","date_gmt":"2021-02-11T17:50:18","guid":{"rendered":"https:\/\/bien-etreiris.ch\/?page_id=39227"},"modified":"2023-01-04T11:43:12","modified_gmt":"2023-01-04T09:43:12","slug":"entgiftung-und-entschlackung","status":"publish","type":"page","link":"https:\/\/bien-etreiris.ch\/de\/produktpraesentation\/lesen-und-entdecken\/entgiftung-und-entschlackung\/","title":{"rendered":"ENTGIFTUNG &#038; ENTSCHLACKUNG"},"content":{"rendered":"\n<h2 class=\"wp-block-heading\"> <br>Gesundheit durch Entschlackung <\/h2>\n\n\n<section class=\"detail-block\">\n<div class=\"tab-features\">\n<p lang=\"fr\"><a href=\"https:\/\/bien-etreiris.ch\/wp-content\/uploads\/2023\/01\/Gesundheit-durch-entschlackung.jpg\"><img loading=\"lazy\" decoding=\"async\" class=\"wp-image-63427 size-full alignleft\" src=\"https:\/\/bien-etreiris.ch\/wp-content\/uploads\/2023\/01\/Gesundheit-durch-entschlackung.jpg\" alt=\"\" width=\"332\" height=\"506\" srcset=\"https:\/\/bien-etreiris.ch\/wp-content\/uploads\/2023\/01\/Gesundheit-durch-entschlackung.jpg 332w, https:\/\/bien-etreiris.ch\/wp-content\/uploads\/2023\/01\/Gesundheit-durch-entschlackung-197x300.jpg 197w\" sizes=\"auto, (max-width: 332px) 100vw, 332px\" \/><\/a><\/p>\n<\/div>\n<\/section>\n<p lang=\"fr\">&nbsp;<\/p>\n<p lang=\"fr\">&nbsp;<\/p>\n<p lang=\"fr\">&nbsp;<\/p>\n<p lang=\"fr\">&nbsp;<\/p>\n<p lang=\"fr\">&nbsp;<\/p>\n<p lang=\"fr\">&nbsp;<\/p>\n<p lang=\"fr\">&nbsp;<\/p>\n<section class=\"detail-block\">\n<div class=\"tab-features\">\n<p lang=\"fr\"><span class=\"productInfoText\"><span lang=\"fr\">Dr. h.c. Peter Jentschura und Josef Lohk\u00e4mper<br>Artikel-Nummer: 4026<br>Gewicht (einschliesslich Verpackung): 0.450 kg<br>Preiseinheit: pro Buch <strong>CHF 21.50<\/strong><br><\/span><\/span><\/p>\n<p>&nbsp;<\/p>\n<\/div>\n<\/section>\n<p>&nbsp;<\/p>\n<p>&nbsp;<\/p>\n<section class=\"detail-block\">\n<div class=\"tab-features\">\n<p>&nbsp;<\/p>\n<p>Eine saubere und intakte Zelle wird nicht krank! Diesen Ansatz verfolgen Dr. h. c. Peter Jentschura und Josef Lohk\u00e4mper bei der Erforschung des&nbsp;menschlichen Stoffwechsels.<\/p>\n<p>Der Weg zur Heilung erfolgt \u00fcber den \u201eDreisprung der Entschlackung\u201c: die L\u00f6sung von Schadstoffen, deren Neutralisierung und Ausscheidung \u00fcber die Haut.<\/p>\n<p>In dem Bestseller \u201eGesundheit durch Entschlackung\u201c definieren und interpretieren die Autoren Symptome und deren K\u00f6rpersignale komplett neu und zeigen Wege auf, die Ursachen zu vermeiden und nat\u00fcrlich zu bek\u00e4mpfen.<\/p>\n<p>Das Ergebnis dieses naturheilkundlichen Perspektivwechsels sind dauerhafte Gesundheit und Leistungsf\u00e4higkeit in jedem Alter.<\/p>\n<p>&nbsp;<\/p>\n<section class=\"detail-block\">\n<div class=\"tab-features\">\n<p>&nbsp;<\/p>\n<p>Wen interessieren nicht Fragen wie: Was ist Altern? Was ist Genuss? Warum hat die Frau Cellulite? Warum hat der Mann Haarverlust? Was geschieht im Stoffwechsel der Frau w\u00e4hrend der Wechseljahre? Was ist Wesen und Ursache der modernen Zivilisationskrankheiten? Was ist Gesundheit? Was ist Krankheit? Wie erhalte ich meinen K\u00f6rper gesund und sch\u00f6n?<\/p>\n<p>Wenn Sie dieses Buch gelesen haben, werden Sie Ihren K\u00f6rper und jeden Menschen mit anderen Augen und mit neuem Wissen anschauen. Das Buch vermittelt verbl\u00fcffende und v\u00f6llig neue Erkenntnisse.<\/p>\n<\/div>\n<\/section>\n<\/div>\n<\/section>\n\n\n<hr class=\"wp-block-separator has-css-opacity\"\/>\n\n\n\n<p><a href=\"https:\/\/bien-etreiris.ch\/wp-content\/uploads\/2023\/01\/zivilisatoselos.jpg\"><img loading=\"lazy\" decoding=\"async\" class=\"size-full wp-image-63435 alignleft\" src=\"https:\/\/bien-etreiris.ch\/wp-content\/uploads\/2023\/01\/zivilisatoselos.jpg\" alt=\"\" width=\"325\" height=\"434\" srcset=\"https:\/\/bien-etreiris.ch\/wp-content\/uploads\/2023\/01\/zivilisatoselos.jpg 325w, https:\/\/bien-etreiris.ch\/wp-content\/uploads\/2023\/01\/zivilisatoselos-225x300.jpg 225w\" sizes=\"auto, (max-width: 325px) 100vw, 325px\" \/><\/a><\/p>\n\n\n\n<p>&nbsp;<\/p>\n<p>&nbsp;<\/p>\n<h3>Buch \"zivilisatoselos\"<\/h3>\n<p><span class=\"productInfoText\">Jentschura\/Lohk\u00e4mper<\/span><br><span class=\"productNo\">Artikel-Nr.: 4025<\/span> <br><span class=\"productNo\">Gewicht <small>(inkl. Verpackung)<\/small>: 0.540 kg<\/span> <br><span class=\"productInfoText\">Preiseinheit: pro Stk.<\/span><strong> CHF 50.00<\/strong><\/p>\n<p>&nbsp;<\/p>\n<p>&nbsp;<\/p>\n<p>&nbsp;<\/p>\n<p>&nbsp;<\/p>\n<p>&nbsp;<\/p>\n<p>&nbsp;<\/p>\n<section class=\"detail-block\">\n<div class=\"tab-features\">\n<p>Welcher Stoffwechseltyp sind Sie? Geh\u00f6ren Sie zu den Ausscheidungs-, Ablagerungs- oder Strukturverzehrstypen? Finden Sie heraus, wie Ihr Organismus arbeitet\u2026<\/p>\n<p>Dieses Buch erkl\u00e4rt die Zusammenh\u00e4nge zwischen den sch\u00e4dlichen Zivilisationseinfl\u00fcssen und deren krankmachenden Wirkungen auf den menschlichen Organismus. Lernen Sie, Krankheitssymptome in Zukunft nicht mehr zu bek\u00e4mpfen, sondern diese als Sprache Ihres K\u00f6rpers zu verstehen.<br>H\u00f6ren Sie auf diese Symptome, und Sie werden auf deren Ursachen stossen. Denn nicht die Symptome, sondern die Ursachen sind es, die den menschlichen Organismus sch\u00e4digen und uns krank machen.<\/p>\n<p>Am Beispiel der z.Z. am h\u00e4ufigsten auftretenden 60 Krankheiten erkl\u00e4ren die beiden Autoren logisch und verst\u00e4ndlich deren Ursachen und weisen gleichzeitig anhand verbl\u00fcffender Erkenntnisse und Erfolge der Naturheilkunde den Weg aus dem Irrgarten der Zivilisationskrankheiten (Zivilisatose). In diesen Irrgarten werden wir hineingeboren. Wir verbleiben in ihm, an Allergien, Neurodermitis, Schuppenflechte, Asthma, Diabetes o.\u00e4. leidend, bis wir viel zu fr\u00fch an Parkinson, Alzheimer oder Demenz erkranken und an Krebs, Herzinfarkt, Schlaganfall o.\u00e4. sterben.&nbsp;<\/p>\n<p>&nbsp;<\/p>\n<\/div>\n<\/section>\n<section class=\"detail-block\">\n<div class=\"tab-features\">\n<p>&nbsp;<\/p>\n<p>Die beiden Autoren fordern zu einem Paradigmenwechsel der Symptom- und Krankheitsbetrachtung auf. Sie fordern das Ende des \u201eBek\u00e4mpfens\u201c und eine neue \u00c4ra des \u201eVerstehens\u201c.<br>Dieser epochale Paradigmenwechsel w\u00e4re die unbedingt notwendige Gesundheitsreformation und w\u00fcrde den \u00dcbergang von der augenblicklichen allgemeinen Krankheit bzw. Maladierung der Menschen und der Chronifizierung ihrer Krankheiten zu deren zuk\u00fcnftiger Gesundheit einleiten.<\/p>\n<p>\u201ezivilisatoselos\u201c versteht sich als Dolmetscher des menschlichen K\u00f6rpers, der Ihnen dessen Sprache und Bed\u00fcrfnisse erkl\u00e4rt und Sie ermutigt, Ihre Gesundheit in die eigenen H\u00e4nde zu nehmen.<br>Das Buch hilft Ihnen, die Zusammenh\u00e4nge zwischen Lebensweise, Umwelteinfl\u00fcssen, Krankheit und Gesundheit zu verstehen und in Zukunft eigenst\u00e4ndige Entscheidungen f\u00fcr Ihre Gesundheit zu treffen, um Schritt f\u00fcr Schritt den Irrgarten der Zivilisationskrankheiten zu verlassen.<\/p>\n<\/div>\n<\/section>\n<p>&nbsp;<\/p>\n<hr>\n<p>&nbsp;<\/p>\n","protected":false},"excerpt":{"rendered":"<p>Gesundheit durch Entschlackung &nbsp; &nbsp; &nbsp; &nbsp; &nbsp; &nbsp; &nbsp; Dr. h.c. Peter Jentschura und Josef Lohk\u00e4mperArtikel-Nummer: 4026Gewicht (einschliesslich Verpackung): 0.450 kgPreiseinheit: pro Buch CHF 21.50 &nbsp; &nbsp; &nbsp; &nbsp; Eine saubere und intakte Zelle wird nicht krank! Diesen Ansatz verfolgen Dr. h. c. Peter Jentschura und Josef Lohk\u00e4mper bei der Erforschung des&nbsp;menschlichen Stoffwechsels. Der Weg zur Heilung erfolgt \u00fcber&nbsp;<a href=\"https:\/\/bien-etreiris.ch\/de\/produktpraesentation\/lesen-und-entdecken\/entgiftung-und-entschlackung\/\" class=\"read-more\">Weiter lesen<\/a><\/p>\n","protected":false},"author":1,"featured_media":39194,"parent":39187,"menu_order":6334,"comment_status":"closed","ping_status":"closed","template":"page-with-child.php","meta":{"_acf_changed":false,"ngg_post_thumbnail":0,"footnotes":""},"class_list":["post-39227","page","type-page","status-publish","has-post-thumbnail","hentry"],"acf":[],"yoast_head":"<!-- This site is optimized with the Yoast SEO plugin v27.6 - https:\/\/yoast.com\/product\/yoast-seo-wordpress\/ -->\n<title>ENTGIFTUNG &amp; ENTSCHLACKUNG - WOHLBEFINDEN<\/title>\n<meta name=\"robots\" content=\"index, follow, max-snippet:-1, max-image-preview:large, max-video-preview:-1\" \/>\n<link rel=\"canonical\" href=\"https:\/\/bien-etreiris.ch\/de\/produktpraesentation\/lesen-und-entdecken\/entgiftung-und-entschlackung\/\" \/>\n<meta property=\"og:locale\" content=\"de_DE\" \/>\n<meta property=\"og:type\" content=\"article\" \/>\n<meta property=\"og:title\" content=\"ENTGIFTUNG &amp; ENTSCHLACKUNG - WOHLBEFINDEN\" \/>\n<meta property=\"og:description\" content=\"Gesundheit durch Entschlackung &nbsp; &nbsp; &nbsp; &nbsp; &nbsp; &nbsp; &nbsp; Dr. h.c. Peter Jentschura und Josef Lohk\u00e4mperArtikel-Nummer: 4026Gewicht (einschliesslich Verpackung): 0.450 kgPreiseinheit: pro Buch CHF 21.50 &nbsp; &nbsp; &nbsp; &nbsp; Eine saubere und intakte Zelle wird nicht krank! Diesen Ansatz verfolgen Dr. h. c. Peter Jentschura und Josef Lohk\u00e4mper bei der Erforschung des&nbsp;menschlichen Stoffwechsels. Der Weg zur Heilung erfolgt \u00fcber&nbsp;Weiter lesen\" \/>\n<meta property=\"og:url\" content=\"https:\/\/bien-etreiris.ch\/de\/produktpraesentation\/lesen-und-entdecken\/entgiftung-und-entschlackung\/\" \/>\n<meta property=\"og:site_name\" content=\"WOHLBEFINDEN\" \/>\n<meta property=\"article:publisher\" content=\"https:\/\/www.facebook.com\/bienetreiris\/\" \/>\n<meta property=\"article:modified_time\" content=\"2023-01-04T09:43:12+00:00\" \/>\n<meta property=\"og:image\" content=\"https:\/\/bien-etreiris.ch\/wp-content\/uploads\/2021\/02\/Acceuil.png\" \/>\n\t<meta property=\"og:image:width\" content=\"500\" \/>\n\t<meta property=\"og:image:height\" content=\"322\" \/>\n\t<meta property=\"og:image:type\" content=\"image\/png\" \/>\n<meta name=\"twitter:label1\" content=\"Gesch\u00e4tzte Lesezeit\" \/>\n\t<meta name=\"twitter:data1\" content=\"4\u00a0Minuten\" \/>\n<script type=\"application\/ld+json\" class=\"yoast-schema-graph\">{\"@context\":\"https:\\\/\\\/schema.org\",\"@graph\":[{\"@type\":\"WebPage\",\"@id\":\"https:\\\/\\\/bien-etreiris.ch\\\/de\\\/produktpraesentation\\\/lesen-und-entdecken\\\/entgiftung-und-entschlackung\\\/\",\"url\":\"https:\\\/\\\/bien-etreiris.ch\\\/de\\\/produktpraesentation\\\/lesen-und-entdecken\\\/entgiftung-und-entschlackung\\\/\",\"name\":\"ENTGIFTUNG & ENTSCHLACKUNG - WOHLBEFINDEN\",\"isPartOf\":{\"@id\":\"https:\\\/\\\/bien-etreiris.ch\\\/de\\\/#website\"},\"primaryImageOfPage\":{\"@id\":\"https:\\\/\\\/bien-etreiris.ch\\\/de\\\/produktpraesentation\\\/lesen-und-entdecken\\\/entgiftung-und-entschlackung\\\/#primaryimage\"},\"image\":{\"@id\":\"https:\\\/\\\/bien-etreiris.ch\\\/de\\\/produktpraesentation\\\/lesen-und-entdecken\\\/entgiftung-und-entschlackung\\\/#primaryimage\"},\"thumbnailUrl\":\"https:\\\/\\\/bien-etreiris.ch\\\/wp-content\\\/uploads\\\/2021\\\/02\\\/Acceuil.png\",\"datePublished\":\"2021-02-11T17:50:18+00:00\",\"dateModified\":\"2023-01-04T09:43:12+00:00\",\"breadcrumb\":{\"@id\":\"https:\\\/\\\/bien-etreiris.ch\\\/de\\\/produktpraesentation\\\/lesen-und-entdecken\\\/entgiftung-und-entschlackung\\\/#breadcrumb\"},\"inLanguage\":\"de\",\"potentialAction\":[{\"@type\":\"ReadAction\",\"target\":[\"https:\\\/\\\/bien-etreiris.ch\\\/de\\\/produktpraesentation\\\/lesen-und-entdecken\\\/entgiftung-und-entschlackung\\\/\"]}]},{\"@type\":\"ImageObject\",\"inLanguage\":\"de\",\"@id\":\"https:\\\/\\\/bien-etreiris.ch\\\/de\\\/produktpraesentation\\\/lesen-und-entdecken\\\/entgiftung-und-entschlackung\\\/#primaryimage\",\"url\":\"https:\\\/\\\/bien-etreiris.ch\\\/wp-content\\\/uploads\\\/2021\\\/02\\\/Acceuil.png\",\"contentUrl\":\"https:\\\/\\\/bien-etreiris.ch\\\/wp-content\\\/uploads\\\/2021\\\/02\\\/Acceuil.png\",\"width\":500,\"height\":322},{\"@type\":\"BreadcrumbList\",\"@id\":\"https:\\\/\\\/bien-etreiris.ch\\\/de\\\/produktpraesentation\\\/lesen-und-entdecken\\\/entgiftung-und-entschlackung\\\/#breadcrumb\",\"itemListElement\":[{\"@type\":\"ListItem\",\"position\":1,\"name\":\"Home\",\"item\":\"https:\\\/\\\/bien-etreiris.ch\\\/de\\\/\"},{\"@type\":\"ListItem\",\"position\":2,\"name\":\"PRODUKTPR\u00c4SENTATION\",\"item\":\"https:\\\/\\\/bien-etreiris.ch\\\/de\\\/produktpraesentation\\\/\"},{\"@type\":\"ListItem\",\"position\":3,\"name\":\"LESEN UND ENTDECKEN\",\"item\":\"https:\\\/\\\/bien-etreiris.ch\\\/de\\\/produktpraesentation\\\/lesen-und-entdecken\\\/\"},{\"@type\":\"ListItem\",\"position\":4,\"name\":\"ENTGIFTUNG &#038; ENTSCHLACKUNG\"}]},{\"@type\":\"WebSite\",\"@id\":\"https:\\\/\\\/bien-etreiris.ch\\\/de\\\/#website\",\"url\":\"https:\\\/\\\/bien-etreiris.ch\\\/de\\\/\",\"name\":\"Bien-\u00eatre Iris\",\"description\":\"IHRE Gesundheit ist uns wichtig\",\"potentialAction\":[{\"@type\":\"SearchAction\",\"target\":{\"@type\":\"EntryPoint\",\"urlTemplate\":\"https:\\\/\\\/bien-etreiris.ch\\\/de\\\/?s={search_term_string}\"},\"query-input\":{\"@type\":\"PropertyValueSpecification\",\"valueRequired\":true,\"valueName\":\"search_term_string\"}}],\"inLanguage\":\"de\"}]}<\/script>\n<!-- \/ Yoast SEO plugin. -->","yoast_head_json":{"title":"ENTGIFTUNG & ENTSCHLACKUNG - WOHLBEFINDEN","robots":{"index":"index","follow":"follow","max-snippet":"max-snippet:-1","max-image-preview":"max-image-preview:large","max-video-preview":"max-video-preview:-1"},"canonical":"https:\/\/bien-etreiris.ch\/de\/produktpraesentation\/lesen-und-entdecken\/entgiftung-und-entschlackung\/","og_locale":"de_DE","og_type":"article","og_title":"ENTGIFTUNG & ENTSCHLACKUNG - WOHLBEFINDEN","og_description":"Gesundheit durch Entschlackung &nbsp; &nbsp; &nbsp; &nbsp; &nbsp; &nbsp; &nbsp; Dr. h.c. Peter Jentschura und Josef Lohk\u00e4mperArtikel-Nummer: 4026Gewicht (einschliesslich Verpackung): 0.450 kgPreiseinheit: pro Buch CHF 21.50 &nbsp; &nbsp; &nbsp; &nbsp; Eine saubere und intakte Zelle wird nicht krank! Diesen Ansatz verfolgen Dr. h. c. Peter Jentschura und Josef Lohk\u00e4mper bei der Erforschung des&nbsp;menschlichen Stoffwechsels. Der Weg zur Heilung erfolgt \u00fcber&nbsp;Weiter lesen","og_url":"https:\/\/bien-etreiris.ch\/de\/produktpraesentation\/lesen-und-entdecken\/entgiftung-und-entschlackung\/","og_site_name":"WOHLBEFINDEN","article_publisher":"https:\/\/www.facebook.com\/bienetreiris\/","article_modified_time":"2023-01-04T09:43:12+00:00","og_image":[{"width":500,"height":322,"url":"https:\/\/bien-etreiris.ch\/wp-content\/uploads\/2021\/02\/Acceuil.png","type":"image\/png"}],"twitter_misc":{"Gesch\u00e4tzte Lesezeit":"4\u00a0Minuten"},"schema":{"@context":"https:\/\/schema.org","@graph":[{"@type":"WebPage","@id":"https:\/\/bien-etreiris.ch\/de\/produktpraesentation\/lesen-und-entdecken\/entgiftung-und-entschlackung\/","url":"https:\/\/bien-etreiris.ch\/de\/produktpraesentation\/lesen-und-entdecken\/entgiftung-und-entschlackung\/","name":"ENTGIFTUNG & ENTSCHLACKUNG - WOHLBEFINDEN","isPartOf":{"@id":"https:\/\/bien-etreiris.ch\/de\/#website"},"primaryImageOfPage":{"@id":"https:\/\/bien-etreiris.ch\/de\/produktpraesentation\/lesen-und-entdecken\/entgiftung-und-entschlackung\/#primaryimage"},"image":{"@id":"https:\/\/bien-etreiris.ch\/de\/produktpraesentation\/lesen-und-entdecken\/entgiftung-und-entschlackung\/#primaryimage"},"thumbnailUrl":"https:\/\/bien-etreiris.ch\/wp-content\/uploads\/2021\/02\/Acceuil.png","datePublished":"2021-02-11T17:50:18+00:00","dateModified":"2023-01-04T09:43:12+00:00","breadcrumb":{"@id":"https:\/\/bien-etreiris.ch\/de\/produktpraesentation\/lesen-und-entdecken\/entgiftung-und-entschlackung\/#breadcrumb"},"inLanguage":"de","potentialAction":[{"@type":"ReadAction","target":["https:\/\/bien-etreiris.ch\/de\/produktpraesentation\/lesen-und-entdecken\/entgiftung-und-entschlackung\/"]}]},{"@type":"ImageObject","inLanguage":"de","@id":"https:\/\/bien-etreiris.ch\/de\/produktpraesentation\/lesen-und-entdecken\/entgiftung-und-entschlackung\/#primaryimage","url":"https:\/\/bien-etreiris.ch\/wp-content\/uploads\/2021\/02\/Acceuil.png","contentUrl":"https:\/\/bien-etreiris.ch\/wp-content\/uploads\/2021\/02\/Acceuil.png","width":500,"height":322},{"@type":"BreadcrumbList","@id":"https:\/\/bien-etreiris.ch\/de\/produktpraesentation\/lesen-und-entdecken\/entgiftung-und-entschlackung\/#breadcrumb","itemListElement":[{"@type":"ListItem","position":1,"name":"Home","item":"https:\/\/bien-etreiris.ch\/de\/"},{"@type":"ListItem","position":2,"name":"PRODUKTPR\u00c4SENTATION","item":"https:\/\/bien-etreiris.ch\/de\/produktpraesentation\/"},{"@type":"ListItem","position":3,"name":"LESEN UND ENTDECKEN","item":"https:\/\/bien-etreiris.ch\/de\/produktpraesentation\/lesen-und-entdecken\/"},{"@type":"ListItem","position":4,"name":"ENTGIFTUNG &#038; ENTSCHLACKUNG"}]},{"@type":"WebSite","@id":"https:\/\/bien-etreiris.ch\/de\/#website","url":"https:\/\/bien-etreiris.ch\/de\/","name":"Bien-\u00eatre Iris","description":"IHRE Gesundheit ist uns wichtig","potentialAction":[{"@type":"SearchAction","target":{"@type":"EntryPoint","urlTemplate":"https:\/\/bien-etreiris.ch\/de\/?s={search_term_string}"},"query-input":{"@type":"PropertyValueSpecification","valueRequired":true,"valueName":"search_term_string"}}],"inLanguage":"de"}]}},"_links":{"self":[{"href":"https:\/\/bien-etreiris.ch\/de\/wp-json\/wp\/v2\/pages\/39227","targetHints":{"allow":["GET"]}}],"collection":[{"href":"https:\/\/bien-etreiris.ch\/de\/wp-json\/wp\/v2\/pages"}],"about":[{"href":"https:\/\/bien-etreiris.ch\/de\/wp-json\/wp\/v2\/types\/page"}],"author":[{"embeddable":true,"href":"https:\/\/bien-etreiris.ch\/de\/wp-json\/wp\/v2\/users\/1"}],"replies":[{"embeddable":true,"href":"https:\/\/bien-etreiris.ch\/de\/wp-json\/wp\/v2\/comments?post=39227"}],"version-history":[{"count":10,"href":"https:\/\/bien-etreiris.ch\/de\/wp-json\/wp\/v2\/pages\/39227\/revisions"}],"predecessor-version":[{"id":63440,"href":"https:\/\/bien-etreiris.ch\/de\/wp-json\/wp\/v2\/pages\/39227\/revisions\/63440"}],"up":[{"embeddable":true,"href":"https:\/\/bien-etreiris.ch\/de\/wp-json\/wp\/v2\/pages\/39187"}],"wp:featuredmedia":[{"embeddable":true,"href":"https:\/\/bien-etreiris.ch\/de\/wp-json\/wp\/v2\/media\/39194"}],"wp:attachment":[{"href":"https:\/\/bien-etreiris.ch\/de\/wp-json\/wp\/v2\/media?parent=39227"}],"curies":[{"name":"wp","href":"https:\/\/api.w.org\/{rel}","templated":true}]}}