{"id":39219,"date":"2021-02-11T17:34:38","date_gmt":"2021-02-11T17:34:38","guid":{"rendered":"https:\/\/bien-etreiris.ch\/?page_id=39219"},"modified":"2021-02-27T12:46:38","modified_gmt":"2021-02-27T12:46:38","slug":"steinheilkunde","status":"publish","type":"page","link":"https:\/\/bien-etreiris.ch\/de\/produktpraesentation\/lesen-und-entdecken\/steinheilkunde\/","title":{"rendered":"STEINHEILKUNDE"},"content":{"rendered":"\n<h2 class=\"wp-block-heading\"> <br>Enzyklop\u00e4die der Steinheilkunde <\/h2>\n\n\n<p><a href=\"https:\/\/decoiris.ch\/wp-content\/uploads\/2021\/02\/Enzykllop\u00e4die-der-Steinheilkunde.jpg\"><img loading=\"lazy\" decoding=\"async\" class=\"wp-image-39392 size-full alignleft\" src=\"https:\/\/decoiris.ch\/wp-content\/uploads\/2021\/02\/Enzykllop\u00e4die-der-Steinheilkunde.jpg\" alt=\"\" width=\"222\" height=\"320\" srcset=\"https:\/\/bien-etreiris.ch\/wp-content\/uploads\/2021\/02\/Enzykllop\u00e4die-der-Steinheilkunde.jpg 222w, https:\/\/bien-etreiris.ch\/wp-content\/uploads\/2021\/02\/Enzykllop\u00e4die-der-Steinheilkunde-208x300.jpg 208w\" sizes=\"auto, (max-width: 222px) 100vw, 222px\" \/><\/a><\/p>\n<p>&nbsp;<\/p>\n<p>&nbsp;<\/p>\n<p>&nbsp;<\/p>\n<p>von<\/p>\n<p class=\"mediumText \"><strong>Werner K\u00fchni \/ Walter von Holst<\/strong><\/p>\n<p><strong>CHF<\/strong><\/p>\n<p>&nbsp;<\/p>\n<p>&nbsp;<\/p>\n<p>&nbsp;<\/p>\n<p>&nbsp;<\/p>\n<p>Das derzeit umfassendste Werk zur Steinheilkunde beschreibt fundiert, auf dem neusten Stand des Wissens und illustriert mit \u00fcber 900 Farbfotos s\u00e4mtliche heute bekannten therapeutisch relevanten Heilsteine mit allen Angaben zu Mineralogie, Bestimmungsmerkmalen, Vorkommen, Handelsformen und Bezeichnungen. Die Wirkung der Steine auf k\u00f6rperlicher, seelischer und spiritueller Ebene wird ebenso beschrieben wie die vielf\u00e4ltigen Anwendungsm\u00f6glichkeiten f\u00fcr die Gesundheit und die Pers\u00f6nlichkeitsentwicklung. Mit wertvollem therapeutischem Index<\/p>\n\n\n<hr class=\"wp-block-separator\"\/>\n\n\n\n<h2 class=\"wp-block-heading\">Der Tsesit<\/h2>\n\n\n<p><a href=\"https:\/\/decoiris.ch\/wp-content\/uploads\/2021\/02\/Tsesit.jpg\"><img loading=\"lazy\" decoding=\"async\" class=\"wp-image-39395 size-full alignleft\" src=\"https:\/\/decoiris.ch\/wp-content\/uploads\/2021\/02\/Tsesit.jpg\" alt=\"\" width=\"341\" height=\"500\" srcset=\"https:\/\/bien-etreiris.ch\/wp-content\/uploads\/2021\/02\/Tsesit.jpg 341w, https:\/\/bien-etreiris.ch\/wp-content\/uploads\/2021\/02\/Tsesit-205x300.jpg 205w\" sizes=\"auto, (max-width: 341px) 100vw, 341px\" \/><\/a><\/p>\n<p>&nbsp;<\/p>\n<p>&nbsp;<\/p>\n<p>Der Tsesit wird ausschlie\u00dflich in der Namib-W\u00fcste gefunden und soll dort von Kundigen schon seit Jahrtausenden als besonderer Energiestein verwendet werden.<\/p>\n<p>&nbsp;<\/p>\n<p>75 Seiten <strong>CHF<\/strong><\/p>\n<p><a href=\"https:\/\/decoiris.ch\/wp-content\/uploads\/2021\/02\/Tsesit-Beschreibung.jpg\"><img loading=\"lazy\" decoding=\"async\" class=\"alignnone wp-image-39398 size-medium\" src=\"https:\/\/decoiris.ch\/wp-content\/uploads\/2021\/02\/Tsesit-Beschreibung-207x300.jpg\" alt=\"\" width=\"207\" height=\"300\" srcset=\"https:\/\/bien-etreiris.ch\/wp-content\/uploads\/2021\/02\/Tsesit-Beschreibung-207x300.jpg 207w, https:\/\/bien-etreiris.ch\/wp-content\/uploads\/2021\/02\/Tsesit-Beschreibung-768x1110.jpg 768w, https:\/\/bien-etreiris.ch\/wp-content\/uploads\/2021\/02\/Tsesit-Beschreibung-708x1024.jpg 708w, https:\/\/bien-etreiris.ch\/wp-content\/uploads\/2021\/02\/Tsesit-Beschreibung.jpg 1505w\" sizes=\"auto, (max-width: 207px) 100vw, 207px\" \/><\/a><\/p>\n\n\n<hr class=\"wp-block-separator\"\/>\n","protected":false},"excerpt":{"rendered":"<p>Enzyklop\u00e4die der Steinheilkunde &nbsp; &nbsp; &nbsp; von Werner K\u00fchni \/ Walter von Holst CHF &nbsp; &nbsp; &nbsp; &nbsp; Das derzeit umfassendste Werk zur Steinheilkunde beschreibt fundiert, auf dem neusten Stand des Wissens und illustriert mit \u00fcber 900 Farbfotos s\u00e4mtliche heute bekannten therapeutisch relevanten Heilsteine mit allen Angaben zu Mineralogie, Bestimmungsmerkmalen, Vorkommen, Handelsformen und Bezeichnungen. Die Wirkung der Steine auf k\u00f6rperlicher,&nbsp;<a href=\"https:\/\/bien-etreiris.ch\/de\/produktpraesentation\/lesen-und-entdecken\/steinheilkunde\/\" class=\"read-more\">Weiter lesen<\/a><\/p>\n","protected":false},"author":1,"featured_media":39216,"parent":39187,"menu_order":6337,"comment_status":"closed","ping_status":"closed","template":"page-with-child.php","meta":{"_acf_changed":false,"ngg_post_thumbnail":0,"footnotes":""},"class_list":["post-39219","page","type-page","status-publish","has-post-thumbnail","hentry"],"acf":[],"yoast_head":"<!-- This site is optimized with the Yoast SEO plugin v27.6 - https:\/\/yoast.com\/product\/yoast-seo-wordpress\/ -->\n<title>STEINHEILKUNDE - WOHLBEFINDEN<\/title>\n<meta name=\"robots\" content=\"index, follow, max-snippet:-1, max-image-preview:large, max-video-preview:-1\" \/>\n<link rel=\"canonical\" href=\"https:\/\/bien-etreiris.ch\/de\/produktpraesentation\/lesen-und-entdecken\/steinheilkunde\/\" \/>\n<meta property=\"og:locale\" content=\"de_DE\" \/>\n<meta property=\"og:type\" content=\"article\" \/>\n<meta property=\"og:title\" content=\"STEINHEILKUNDE - WOHLBEFINDEN\" \/>\n<meta property=\"og:description\" content=\"Enzyklop\u00e4die der Steinheilkunde &nbsp; &nbsp; &nbsp; von Werner K\u00fchni \/ Walter von Holst CHF &nbsp; &nbsp; &nbsp; &nbsp; Das derzeit umfassendste Werk zur Steinheilkunde beschreibt fundiert, auf dem neusten Stand des Wissens und illustriert mit \u00fcber 900 Farbfotos s\u00e4mtliche heute bekannten therapeutisch relevanten Heilsteine mit allen Angaben zu Mineralogie, Bestimmungsmerkmalen, Vorkommen, Handelsformen und Bezeichnungen. Die Wirkung der Steine auf k\u00f6rperlicher,&nbsp;Weiter lesen\" \/>\n<meta property=\"og:url\" content=\"https:\/\/bien-etreiris.ch\/de\/produktpraesentation\/lesen-und-entdecken\/steinheilkunde\/\" \/>\n<meta property=\"og:site_name\" content=\"WOHLBEFINDEN\" \/>\n<meta property=\"article:publisher\" content=\"https:\/\/www.facebook.com\/bienetreiris\/\" \/>\n<meta property=\"article:modified_time\" content=\"2021-02-27T12:46:38+00:00\" \/>\n<meta property=\"og:image\" content=\"https:\/\/bien-etreiris.ch\/wp-content\/uploads\/2021\/02\/acceuil.jpg\" \/>\n\t<meta property=\"og:image:width\" content=\"500\" \/>\n\t<meta property=\"og:image:height\" content=\"300\" \/>\n\t<meta property=\"og:image:type\" content=\"image\/jpeg\" \/>\n<meta name=\"twitter:label1\" content=\"Gesch\u00e4tzte Lesezeit\" \/>\n\t<meta name=\"twitter:data1\" content=\"1\u00a0Minute\" \/>\n<script type=\"application\/ld+json\" class=\"yoast-schema-graph\">{\"@context\":\"https:\\\/\\\/schema.org\",\"@graph\":[{\"@type\":\"WebPage\",\"@id\":\"https:\\\/\\\/bien-etreiris.ch\\\/de\\\/produktpraesentation\\\/lesen-und-entdecken\\\/steinheilkunde\\\/\",\"url\":\"https:\\\/\\\/bien-etreiris.ch\\\/de\\\/produktpraesentation\\\/lesen-und-entdecken\\\/steinheilkunde\\\/\",\"name\":\"STEINHEILKUNDE - WOHLBEFINDEN\",\"isPartOf\":{\"@id\":\"https:\\\/\\\/bien-etreiris.ch\\\/de\\\/#website\"},\"primaryImageOfPage\":{\"@id\":\"https:\\\/\\\/bien-etreiris.ch\\\/de\\\/produktpraesentation\\\/lesen-und-entdecken\\\/steinheilkunde\\\/#primaryimage\"},\"image\":{\"@id\":\"https:\\\/\\\/bien-etreiris.ch\\\/de\\\/produktpraesentation\\\/lesen-und-entdecken\\\/steinheilkunde\\\/#primaryimage\"},\"thumbnailUrl\":\"https:\\\/\\\/bien-etreiris.ch\\\/wp-content\\\/uploads\\\/2021\\\/02\\\/acceuil.jpg\",\"datePublished\":\"2021-02-11T17:34:38+00:00\",\"dateModified\":\"2021-02-27T12:46:38+00:00\",\"breadcrumb\":{\"@id\":\"https:\\\/\\\/bien-etreiris.ch\\\/de\\\/produktpraesentation\\\/lesen-und-entdecken\\\/steinheilkunde\\\/#breadcrumb\"},\"inLanguage\":\"de\",\"potentialAction\":[{\"@type\":\"ReadAction\",\"target\":[\"https:\\\/\\\/bien-etreiris.ch\\\/de\\\/produktpraesentation\\\/lesen-und-entdecken\\\/steinheilkunde\\\/\"]}]},{\"@type\":\"ImageObject\",\"inLanguage\":\"de\",\"@id\":\"https:\\\/\\\/bien-etreiris.ch\\\/de\\\/produktpraesentation\\\/lesen-und-entdecken\\\/steinheilkunde\\\/#primaryimage\",\"url\":\"https:\\\/\\\/bien-etreiris.ch\\\/wp-content\\\/uploads\\\/2021\\\/02\\\/acceuil.jpg\",\"contentUrl\":\"https:\\\/\\\/bien-etreiris.ch\\\/wp-content\\\/uploads\\\/2021\\\/02\\\/acceuil.jpg\",\"width\":500,\"height\":300},{\"@type\":\"BreadcrumbList\",\"@id\":\"https:\\\/\\\/bien-etreiris.ch\\\/de\\\/produktpraesentation\\\/lesen-und-entdecken\\\/steinheilkunde\\\/#breadcrumb\",\"itemListElement\":[{\"@type\":\"ListItem\",\"position\":1,\"name\":\"Home\",\"item\":\"https:\\\/\\\/bien-etreiris.ch\\\/de\\\/\"},{\"@type\":\"ListItem\",\"position\":2,\"name\":\"PRODUKTPR\u00c4SENTATION\",\"item\":\"https:\\\/\\\/bien-etreiris.ch\\\/de\\\/produktpraesentation\\\/\"},{\"@type\":\"ListItem\",\"position\":3,\"name\":\"LESEN UND ENTDECKEN\",\"item\":\"https:\\\/\\\/bien-etreiris.ch\\\/de\\\/produktpraesentation\\\/lesen-und-entdecken\\\/\"},{\"@type\":\"ListItem\",\"position\":4,\"name\":\"STEINHEILKUNDE\"}]},{\"@type\":\"WebSite\",\"@id\":\"https:\\\/\\\/bien-etreiris.ch\\\/de\\\/#website\",\"url\":\"https:\\\/\\\/bien-etreiris.ch\\\/de\\\/\",\"name\":\"Bien-\u00eatre Iris\",\"description\":\"IHRE Gesundheit ist uns wichtig\",\"potentialAction\":[{\"@type\":\"SearchAction\",\"target\":{\"@type\":\"EntryPoint\",\"urlTemplate\":\"https:\\\/\\\/bien-etreiris.ch\\\/de\\\/?s={search_term_string}\"},\"query-input\":{\"@type\":\"PropertyValueSpecification\",\"valueRequired\":true,\"valueName\":\"search_term_string\"}}],\"inLanguage\":\"de\"}]}<\/script>\n<!-- \/ Yoast SEO plugin. -->","yoast_head_json":{"title":"STEINHEILKUNDE - WOHLBEFINDEN","robots":{"index":"index","follow":"follow","max-snippet":"max-snippet:-1","max-image-preview":"max-image-preview:large","max-video-preview":"max-video-preview:-1"},"canonical":"https:\/\/bien-etreiris.ch\/de\/produktpraesentation\/lesen-und-entdecken\/steinheilkunde\/","og_locale":"de_DE","og_type":"article","og_title":"STEINHEILKUNDE - WOHLBEFINDEN","og_description":"Enzyklop\u00e4die der Steinheilkunde &nbsp; &nbsp; &nbsp; von Werner K\u00fchni \/ Walter von Holst CHF &nbsp; &nbsp; &nbsp; &nbsp; Das derzeit umfassendste Werk zur Steinheilkunde beschreibt fundiert, auf dem neusten Stand des Wissens und illustriert mit \u00fcber 900 Farbfotos s\u00e4mtliche heute bekannten therapeutisch relevanten Heilsteine mit allen Angaben zu Mineralogie, Bestimmungsmerkmalen, Vorkommen, Handelsformen und Bezeichnungen. Die Wirkung der Steine auf k\u00f6rperlicher,&nbsp;Weiter lesen","og_url":"https:\/\/bien-etreiris.ch\/de\/produktpraesentation\/lesen-und-entdecken\/steinheilkunde\/","og_site_name":"WOHLBEFINDEN","article_publisher":"https:\/\/www.facebook.com\/bienetreiris\/","article_modified_time":"2021-02-27T12:46:38+00:00","og_image":[{"width":500,"height":300,"url":"https:\/\/bien-etreiris.ch\/wp-content\/uploads\/2021\/02\/acceuil.jpg","type":"image\/jpeg"}],"twitter_misc":{"Gesch\u00e4tzte Lesezeit":"1\u00a0Minute"},"schema":{"@context":"https:\/\/schema.org","@graph":[{"@type":"WebPage","@id":"https:\/\/bien-etreiris.ch\/de\/produktpraesentation\/lesen-und-entdecken\/steinheilkunde\/","url":"https:\/\/bien-etreiris.ch\/de\/produktpraesentation\/lesen-und-entdecken\/steinheilkunde\/","name":"STEINHEILKUNDE - WOHLBEFINDEN","isPartOf":{"@id":"https:\/\/bien-etreiris.ch\/de\/#website"},"primaryImageOfPage":{"@id":"https:\/\/bien-etreiris.ch\/de\/produktpraesentation\/lesen-und-entdecken\/steinheilkunde\/#primaryimage"},"image":{"@id":"https:\/\/bien-etreiris.ch\/de\/produktpraesentation\/lesen-und-entdecken\/steinheilkunde\/#primaryimage"},"thumbnailUrl":"https:\/\/bien-etreiris.ch\/wp-content\/uploads\/2021\/02\/acceuil.jpg","datePublished":"2021-02-11T17:34:38+00:00","dateModified":"2021-02-27T12:46:38+00:00","breadcrumb":{"@id":"https:\/\/bien-etreiris.ch\/de\/produktpraesentation\/lesen-und-entdecken\/steinheilkunde\/#breadcrumb"},"inLanguage":"de","potentialAction":[{"@type":"ReadAction","target":["https:\/\/bien-etreiris.ch\/de\/produktpraesentation\/lesen-und-entdecken\/steinheilkunde\/"]}]},{"@type":"ImageObject","inLanguage":"de","@id":"https:\/\/bien-etreiris.ch\/de\/produktpraesentation\/lesen-und-entdecken\/steinheilkunde\/#primaryimage","url":"https:\/\/bien-etreiris.ch\/wp-content\/uploads\/2021\/02\/acceuil.jpg","contentUrl":"https:\/\/bien-etreiris.ch\/wp-content\/uploads\/2021\/02\/acceuil.jpg","width":500,"height":300},{"@type":"BreadcrumbList","@id":"https:\/\/bien-etreiris.ch\/de\/produktpraesentation\/lesen-und-entdecken\/steinheilkunde\/#breadcrumb","itemListElement":[{"@type":"ListItem","position":1,"name":"Home","item":"https:\/\/bien-etreiris.ch\/de\/"},{"@type":"ListItem","position":2,"name":"PRODUKTPR\u00c4SENTATION","item":"https:\/\/bien-etreiris.ch\/de\/produktpraesentation\/"},{"@type":"ListItem","position":3,"name":"LESEN UND ENTDECKEN","item":"https:\/\/bien-etreiris.ch\/de\/produktpraesentation\/lesen-und-entdecken\/"},{"@type":"ListItem","position":4,"name":"STEINHEILKUNDE"}]},{"@type":"WebSite","@id":"https:\/\/bien-etreiris.ch\/de\/#website","url":"https:\/\/bien-etreiris.ch\/de\/","name":"Bien-\u00eatre Iris","description":"IHRE Gesundheit ist uns wichtig","potentialAction":[{"@type":"SearchAction","target":{"@type":"EntryPoint","urlTemplate":"https:\/\/bien-etreiris.ch\/de\/?s={search_term_string}"},"query-input":{"@type":"PropertyValueSpecification","valueRequired":true,"valueName":"search_term_string"}}],"inLanguage":"de"}]}},"_links":{"self":[{"href":"https:\/\/bien-etreiris.ch\/de\/wp-json\/wp\/v2\/pages\/39219","targetHints":{"allow":["GET"]}}],"collection":[{"href":"https:\/\/bien-etreiris.ch\/de\/wp-json\/wp\/v2\/pages"}],"about":[{"href":"https:\/\/bien-etreiris.ch\/de\/wp-json\/wp\/v2\/types\/page"}],"author":[{"embeddable":true,"href":"https:\/\/bien-etreiris.ch\/de\/wp-json\/wp\/v2\/users\/1"}],"replies":[{"embeddable":true,"href":"https:\/\/bien-etreiris.ch\/de\/wp-json\/wp\/v2\/comments?post=39219"}],"version-history":[{"count":5,"href":"https:\/\/bien-etreiris.ch\/de\/wp-json\/wp\/v2\/pages\/39219\/revisions"}],"predecessor-version":[{"id":39403,"href":"https:\/\/bien-etreiris.ch\/de\/wp-json\/wp\/v2\/pages\/39219\/revisions\/39403"}],"up":[{"embeddable":true,"href":"https:\/\/bien-etreiris.ch\/de\/wp-json\/wp\/v2\/pages\/39187"}],"wp:featuredmedia":[{"embeddable":true,"href":"https:\/\/bien-etreiris.ch\/de\/wp-json\/wp\/v2\/media\/39216"}],"wp:attachment":[{"href":"https:\/\/bien-etreiris.ch\/de\/wp-json\/wp\/v2\/media?parent=39219"}],"curies":[{"name":"wp","href":"https:\/\/api.w.org\/{rel}","templated":true}]}}