{"id":39205,"date":"2021-01-10T17:11:45","date_gmt":"2021-01-10T15:11:45","guid":{"rendered":"https:\/\/bien-etreiris.ch\/wohlbefinden\/gesundes-leben\/complements-alimentaires\/psyllium\/"},"modified":"2024-03-18T10:29:19","modified_gmt":"2024-03-18T08:29:19","slug":"flohsamen","status":"publish","type":"page","link":"https:\/\/bien-etreiris.ch\/de\/produktpraesentation\/gesundes-leben\/nahrungsergaenzungsmittel\/pflanzenheilkunde-gleichgewicht-durch-heilpflanzen\/koerner-und-samen\/flohsamen\/","title":{"rendered":"FLOHSAMEN"},"content":{"rendered":"\n<h2 class=\"wp-block-heading\">FLOHSAMEN<\/h2>\n\n\n<h2><strong>Ganzer Flohsamen mit Schale BIO - Plantago ovata - reich an Ballaststoffen.<\/strong><\/h2>\n<p>&nbsp;<\/p>\n<h4><a href=\"https:\/\/bien-etreiris.ch\/presentations-des-produits\/vie-saine\/complements-alimentaires\/phytotherapie\/poudres-des-plantes\/psyllium\/psylium-entiere-sonnentor\/\" rel=\"attachment wp-att-83581\"><img loading=\"lazy\" decoding=\"async\" class=\"wp-image-83581 alignleft\" src=\"https:\/\/bien-etreiris.ch\/wp-content\/uploads\/2024\/03\/Psylium-entiere-sonnentor.jpg\" alt=\"\" width=\"353\" height=\"553\" srcset=\"https:\/\/bien-etreiris.ch\/wp-content\/uploads\/2024\/03\/Psylium-entiere-sonnentor.jpg 621w, https:\/\/bien-etreiris.ch\/wp-content\/uploads\/2024\/03\/Psylium-entiere-sonnentor-192x300.jpg 192w\" sizes=\"auto, (max-width: 353px) 100vw, 353px\" \/><\/a><\/h4>\n<h4>&nbsp;<\/h4>\n<h4>&nbsp;<\/h4>\n<div class=\"d-none d-md-block\">\n<h4>&nbsp;<\/h4>\n<h4>&nbsp;<\/h4>\n<h4>&nbsp;<\/h4>\n<h4>&nbsp;<\/h4>\n<\/div>\n<h4>&nbsp;<\/h4>\n<p>&nbsp;<\/p>\n<p>&nbsp;<\/p>\n<div class=\"d-none d-md-block\">\n<h4>SONNENTOR<\/h4>\n<p>Ganzes Bio-Psyllium<\/p>\n<p>Indisches Psyllium - 99 % nat\u00fcrlich - Spitzenqualit\u00e4t.<\/p>\n<p>90 g <strong>CHF 3.90<\/strong><\/p>\n<\/div>\n<div class=\"pb-3\">&nbsp;<\/div>\n<p>&nbsp;<\/p>\n<p>Die reifen Samen der Wegerichart sind grossteils nicht verdaulich und ein guter Lieferant von Ballaststoffen. Sie schmecken und riechen neutral und sollten vor dem Verzehr 30 Minuten in Fl\u00fcssigkeit quellen oder in Verbindung mit viel Fl\u00fcssigkeit eingenommen werden. Gequollen ins Joghurt mischen oder unaufgequollen auch als Bestreuung f\u00fcr Geb\u00e4ck geeignet. H\u00f6r auf Dein Bauchgef\u00fchl und tu deiner Verdauung etwas Gutes!<\/p>\n<p>&nbsp;<\/p>\n<h4>Anwendung<\/h4>\n<p>\u00bd - 2 Teel\u00f6ffel Psylliumssamen 30 Minuten lang quellen lassen und mit viel Fl\u00fcssigkeit trinken.<\/p>\n<p>Tipp: Die Samen in M\u00fcsli, Smoothies oder Joghurt einr\u00fchren.<\/p>\n<p>&nbsp;<\/p>\n<h2><a href=\"https:\/\/bien-etreiris.ch\/de\/produktpraesentation\/gesundes-leben\/nahrungsergaenzungsmittel\/pflanzenheilkunde-gleichgewicht-durch-heilpflanzen\/kapseln-und-pulver-auf-pflanzlicher-basis\/flohsamenschalen-gemahlen\/\" target=\"_blank\" rel=\"noopener\"><span style=\"color: #ff9900;\">M\u00f6chten Sie lieber Flohsamenpulver kaufen dann klicken Sie hier<\/span><\/a><\/h2>\n<p>&nbsp;<\/p>\n<h2><span style=\"color: #99cc00;\"><a style=\"color: #99cc00;\" href=\"https:\/\/bien-etreiris.ch\/de\/ratgeber-klarheit-beratung\/gesunder-lebensstil\/naehrstoffe\/nahrungsergaenzungmittel\/pulver-aus-pflanzen\/flohsamenschalen\/\" target=\"_blank\" rel=\"noopener\">Wenn Sie mehr dar\u00fcber erfahren m\u00f6chten, klicken Sie hier<\/a><\/span><\/h2>\n<hr>\n<h4>&nbsp;<\/h4>\n<h4><a href=\"https:\/\/bien-etreiris.ch\/presentations-des-produits\/vie-saine\/complements-alimentaires\/phytotherapie\/poudres-des-plantes\/psyllium\/psylium-entiere\/\" rel=\"attachment wp-att-83584\"><img loading=\"lazy\" decoding=\"async\" class=\"wp-image-83584 alignleft\" src=\"https:\/\/bien-etreiris.ch\/wp-content\/uploads\/2024\/03\/Psylium-entiere.jpg\" alt=\"\" width=\"259\" height=\"423\" srcset=\"https:\/\/bien-etreiris.ch\/wp-content\/uploads\/2024\/03\/Psylium-entiere.jpg 473w, https:\/\/bien-etreiris.ch\/wp-content\/uploads\/2024\/03\/Psylium-entiere-184x300.jpg 184w\" sizes=\"auto, (max-width: 259px) 100vw, 259px\" \/><\/a><\/h4>\n<h4>&nbsp;<\/h4>\n<h4>&nbsp;<\/h4>\n<h4>&nbsp;<\/h4>\n<h4>&nbsp;<\/h4>\n<h4>&nbsp;<\/h4>\n<p>&nbsp;<\/p>\n<p>&nbsp;<\/p>\n<h4>UNIMEDICA<\/h4>\n<h4>&nbsp;<\/h4>\n<p>Verkauf in loser Sch\u00fcttung von 100 g <strong>CHF 1.30<\/strong><\/p>\n<p>&nbsp;<\/p>\n<h4>&nbsp;<\/h4>\n<h4>Kommentar des Herstellers :<\/h4>\n<p>Pflanzliches Abf\u00fchrmittel mit quellenden Substanzen.<br>Wirkt gegen Verstopfung.<br>Bildung von weichem Stuhl, wenn eine erleichterte Def\u00e4kation erw\u00fcnscht ist, z. B. bei Rissen in der Schleimhaut des Anus, H\u00e4morrhoiden, nach rektal-analen Operationen, w\u00e4hrend der Schwangerschaft, Reizdarmsyndrom.<\/p>\n<p>In ihrem Buch \"Physica\" spricht Hildegard von Bingen \u00fcber Psyllium, das in der modernen wissenschaftlichen Terminologie Plantago afra (= P. psyllium) genannt wird. Psyllium geh\u00f6rt zur Familie der Wegerichgew\u00e4chse (Plantaginaceae) und ist mit dem Schmal- oder Spitzwegerich verwandt. '<\/p>\n<p>Ein guter Stuhlgang kann durch Psyllium verbessert werden, da es Verstopfung besiegt. Mit viel Fl\u00fcssigkeit aufgenommen (ein Fencheltee ist perfekt), macht der im Samen enthaltene Schleim die Darmwand sch\u00f6n gleitf\u00e4hig. Diese Studie von Hildegard von Bingen wurde inzwischen von der modernen Ern\u00e4hrungswissenschaft best\u00e4tigt.<\/p>\n<p>&nbsp;<\/p>\n<p>&nbsp;<\/p>\n<h2>&nbsp;<\/h2>\n<h2><span style=\"color: #99cc00;\"><a style=\"color: #99cc00;\" href=\"https:\/\/bien-etreiris.ch\/de\/ratgeber-klarheit-beratung\/gesunder-lebensstil\/naehrstoffe\/nahrungsergaenzungmittel\/pulver-aus-pflanzen\/flohsamenschalen\/\" target=\"_blank\" rel=\"noopener\">Wenn Sie mehr dar\u00fcber erfahren m\u00f6chten, klicken Sie hier<\/a><\/span><\/h2>","protected":false},"excerpt":{"rendered":"<p>FLOHSAMEN Ganzer Flohsamen mit Schale BIO - Plantago ovata - reich an Ballaststoffen. &nbsp; &nbsp; &nbsp; &nbsp; &nbsp; &nbsp; &nbsp; &nbsp; &nbsp; &nbsp; SONNENTOR Ganzes Bio-Psyllium Indisches Psyllium - 99 % nat\u00fcrlich - Spitzenqualit\u00e4t. 90 g CHF 3.90 &nbsp; &nbsp; Die reifen Samen der Wegerichart sind grossteils nicht verdaulich und ein guter Lieferant von Ballaststoffen. Sie schmecken und riechen neutral&nbsp;<a href=\"https:\/\/bien-etreiris.ch\/de\/produktpraesentation\/gesundes-leben\/nahrungsergaenzungsmittel\/pflanzenheilkunde-gleichgewicht-durch-heilpflanzen\/koerner-und-samen\/flohsamen\/\" class=\"read-more\">Weiter lesen<\/a><\/p>\n","protected":false},"author":1,"featured_media":38192,"parent":60905,"menu_order":6392,"comment_status":"closed","ping_status":"closed","template":"page-with-child.php","meta":{"_acf_changed":false,"ngg_post_thumbnail":0,"footnotes":""},"class_list":["post-39205","page","type-page","status-publish","has-post-thumbnail","hentry"],"acf":[],"yoast_head":"<!-- This site is optimized with the Yoast SEO plugin v27.6 - https:\/\/yoast.com\/product\/yoast-seo-wordpress\/ -->\n<title>FLOHSAMEN - WOHLBEFINDEN<\/title>\n<meta name=\"robots\" content=\"index, follow, max-snippet:-1, max-image-preview:large, max-video-preview:-1\" \/>\n<link rel=\"canonical\" href=\"https:\/\/bien-etreiris.ch\/de\/produktpraesentation\/gesundes-leben\/nahrungsergaenzungsmittel\/pflanzenheilkunde-gleichgewicht-durch-heilpflanzen\/koerner-und-samen\/flohsamen\/\" \/>\n<meta property=\"og:locale\" content=\"de_DE\" \/>\n<meta property=\"og:type\" content=\"article\" \/>\n<meta property=\"og:title\" content=\"FLOHSAMEN - WOHLBEFINDEN\" \/>\n<meta property=\"og:description\" content=\"FLOHSAMEN Ganzer Flohsamen mit Schale BIO - Plantago ovata - reich an Ballaststoffen. &nbsp; &nbsp; &nbsp; &nbsp; &nbsp; &nbsp; &nbsp; &nbsp; &nbsp; &nbsp; SONNENTOR Ganzes Bio-Psyllium Indisches Psyllium - 99 % nat\u00fcrlich - Spitzenqualit\u00e4t. 90 g CHF 3.90 &nbsp; &nbsp; Die reifen Samen der Wegerichart sind grossteils nicht verdaulich und ein guter Lieferant von Ballaststoffen. Sie schmecken und riechen neutral&nbsp;Weiter lesen\" \/>\n<meta property=\"og:url\" content=\"https:\/\/bien-etreiris.ch\/de\/produktpraesentation\/gesundes-leben\/nahrungsergaenzungsmittel\/pflanzenheilkunde-gleichgewicht-durch-heilpflanzen\/koerner-und-samen\/flohsamen\/\" \/>\n<meta property=\"og:site_name\" content=\"WOHLBEFINDEN\" \/>\n<meta property=\"article:publisher\" content=\"https:\/\/www.facebook.com\/bienetreiris\/\" \/>\n<meta property=\"article:modified_time\" content=\"2024-03-18T08:29:19+00:00\" \/>\n<meta property=\"og:image\" content=\"https:\/\/bien-etreiris.ch\/wp-content\/uploads\/2021\/01\/acceuil-Psyllium.jpg\" \/>\n\t<meta property=\"og:image:width\" content=\"500\" \/>\n\t<meta property=\"og:image:height\" content=\"333\" \/>\n\t<meta property=\"og:image:type\" content=\"image\/jpeg\" \/>\n<meta name=\"twitter:label1\" content=\"Gesch\u00e4tzte Lesezeit\" \/>\n\t<meta name=\"twitter:data1\" content=\"3\u00a0Minuten\" \/>\n<script type=\"application\/ld+json\" class=\"yoast-schema-graph\">{\"@context\":\"https:\\\/\\\/schema.org\",\"@graph\":[{\"@type\":\"WebPage\",\"@id\":\"https:\\\/\\\/bien-etreiris.ch\\\/de\\\/produktpraesentation\\\/gesundes-leben\\\/nahrungsergaenzungsmittel\\\/pflanzenheilkunde-gleichgewicht-durch-heilpflanzen\\\/koerner-und-samen\\\/flohsamen\\\/\",\"url\":\"https:\\\/\\\/bien-etreiris.ch\\\/de\\\/produktpraesentation\\\/gesundes-leben\\\/nahrungsergaenzungsmittel\\\/pflanzenheilkunde-gleichgewicht-durch-heilpflanzen\\\/koerner-und-samen\\\/flohsamen\\\/\",\"name\":\"FLOHSAMEN - WOHLBEFINDEN\",\"isPartOf\":{\"@id\":\"https:\\\/\\\/bien-etreiris.ch\\\/de\\\/#website\"},\"primaryImageOfPage\":{\"@id\":\"https:\\\/\\\/bien-etreiris.ch\\\/de\\\/produktpraesentation\\\/gesundes-leben\\\/nahrungsergaenzungsmittel\\\/pflanzenheilkunde-gleichgewicht-durch-heilpflanzen\\\/koerner-und-samen\\\/flohsamen\\\/#primaryimage\"},\"image\":{\"@id\":\"https:\\\/\\\/bien-etreiris.ch\\\/de\\\/produktpraesentation\\\/gesundes-leben\\\/nahrungsergaenzungsmittel\\\/pflanzenheilkunde-gleichgewicht-durch-heilpflanzen\\\/koerner-und-samen\\\/flohsamen\\\/#primaryimage\"},\"thumbnailUrl\":\"https:\\\/\\\/bien-etreiris.ch\\\/wp-content\\\/uploads\\\/2021\\\/01\\\/acceuil-Psyllium.jpg\",\"datePublished\":\"2021-01-10T15:11:45+00:00\",\"dateModified\":\"2024-03-18T08:29:19+00:00\",\"breadcrumb\":{\"@id\":\"https:\\\/\\\/bien-etreiris.ch\\\/de\\\/produktpraesentation\\\/gesundes-leben\\\/nahrungsergaenzungsmittel\\\/pflanzenheilkunde-gleichgewicht-durch-heilpflanzen\\\/koerner-und-samen\\\/flohsamen\\\/#breadcrumb\"},\"inLanguage\":\"de\",\"potentialAction\":[{\"@type\":\"ReadAction\",\"target\":[\"https:\\\/\\\/bien-etreiris.ch\\\/de\\\/produktpraesentation\\\/gesundes-leben\\\/nahrungsergaenzungsmittel\\\/pflanzenheilkunde-gleichgewicht-durch-heilpflanzen\\\/koerner-und-samen\\\/flohsamen\\\/\"]}]},{\"@type\":\"ImageObject\",\"inLanguage\":\"de\",\"@id\":\"https:\\\/\\\/bien-etreiris.ch\\\/de\\\/produktpraesentation\\\/gesundes-leben\\\/nahrungsergaenzungsmittel\\\/pflanzenheilkunde-gleichgewicht-durch-heilpflanzen\\\/koerner-und-samen\\\/flohsamen\\\/#primaryimage\",\"url\":\"https:\\\/\\\/bien-etreiris.ch\\\/wp-content\\\/uploads\\\/2021\\\/01\\\/acceuil-Psyllium.jpg\",\"contentUrl\":\"https:\\\/\\\/bien-etreiris.ch\\\/wp-content\\\/uploads\\\/2021\\\/01\\\/acceuil-Psyllium.jpg\",\"width\":500,\"height\":333},{\"@type\":\"BreadcrumbList\",\"@id\":\"https:\\\/\\\/bien-etreiris.ch\\\/de\\\/produktpraesentation\\\/gesundes-leben\\\/nahrungsergaenzungsmittel\\\/pflanzenheilkunde-gleichgewicht-durch-heilpflanzen\\\/koerner-und-samen\\\/flohsamen\\\/#breadcrumb\",\"itemListElement\":[{\"@type\":\"ListItem\",\"position\":1,\"name\":\"Home\",\"item\":\"https:\\\/\\\/bien-etreiris.ch\\\/de\\\/\"},{\"@type\":\"ListItem\",\"position\":2,\"name\":\"PRODUKTPR\u00c4SENTATION\",\"item\":\"https:\\\/\\\/bien-etreiris.ch\\\/de\\\/produktpraesentation\\\/\"},{\"@type\":\"ListItem\",\"position\":3,\"name\":\"GESUNDES LEBEN\",\"item\":\"https:\\\/\\\/bien-etreiris.ch\\\/de\\\/produktpraesentation\\\/gesundes-leben\\\/\"},{\"@type\":\"ListItem\",\"position\":4,\"name\":\"NAHRUNGSERG\u00c4NZUNG\",\"item\":\"https:\\\/\\\/bien-etreiris.ch\\\/de\\\/produktpraesentation\\\/gesundes-leben\\\/nahrungsergaenzungsmittel\\\/\"},{\"@type\":\"ListItem\",\"position\":5,\"name\":\"PFLANZENHEILKUNDE\",\"item\":\"https:\\\/\\\/bien-etreiris.ch\\\/de\\\/produktpraesentation\\\/gesundes-leben\\\/nahrungsergaenzungsmittel\\\/pflanzenheilkunde-gleichgewicht-durch-heilpflanzen\\\/\"},{\"@type\":\"ListItem\",\"position\":6,\"name\":\"K\u00d6RNER &#038; SAMEN\",\"item\":\"https:\\\/\\\/bien-etreiris.ch\\\/de\\\/produktpraesentation\\\/gesundes-leben\\\/nahrungsergaenzungsmittel\\\/pflanzenheilkunde-gleichgewicht-durch-heilpflanzen\\\/koerner-und-samen\\\/\"},{\"@type\":\"ListItem\",\"position\":7,\"name\":\"FLOHSAMEN\"}]},{\"@type\":\"WebSite\",\"@id\":\"https:\\\/\\\/bien-etreiris.ch\\\/de\\\/#website\",\"url\":\"https:\\\/\\\/bien-etreiris.ch\\\/de\\\/\",\"name\":\"Bien-\u00eatre Iris\",\"description\":\"IHRE Gesundheit ist uns wichtig\",\"potentialAction\":[{\"@type\":\"SearchAction\",\"target\":{\"@type\":\"EntryPoint\",\"urlTemplate\":\"https:\\\/\\\/bien-etreiris.ch\\\/de\\\/?s={search_term_string}\"},\"query-input\":{\"@type\":\"PropertyValueSpecification\",\"valueRequired\":true,\"valueName\":\"search_term_string\"}}],\"inLanguage\":\"de\"}]}<\/script>\n<!-- \/ Yoast SEO plugin. -->","yoast_head_json":{"title":"FLOHSAMEN - WOHLBEFINDEN","robots":{"index":"index","follow":"follow","max-snippet":"max-snippet:-1","max-image-preview":"max-image-preview:large","max-video-preview":"max-video-preview:-1"},"canonical":"https:\/\/bien-etreiris.ch\/de\/produktpraesentation\/gesundes-leben\/nahrungsergaenzungsmittel\/pflanzenheilkunde-gleichgewicht-durch-heilpflanzen\/koerner-und-samen\/flohsamen\/","og_locale":"de_DE","og_type":"article","og_title":"FLOHSAMEN - WOHLBEFINDEN","og_description":"FLOHSAMEN Ganzer Flohsamen mit Schale BIO - Plantago ovata - reich an Ballaststoffen. &nbsp; &nbsp; &nbsp; &nbsp; &nbsp; &nbsp; &nbsp; &nbsp; &nbsp; &nbsp; SONNENTOR Ganzes Bio-Psyllium Indisches Psyllium - 99 % nat\u00fcrlich - Spitzenqualit\u00e4t. 90 g CHF 3.90 &nbsp; &nbsp; Die reifen Samen der Wegerichart sind grossteils nicht verdaulich und ein guter Lieferant von Ballaststoffen. Sie schmecken und riechen neutral&nbsp;Weiter lesen","og_url":"https:\/\/bien-etreiris.ch\/de\/produktpraesentation\/gesundes-leben\/nahrungsergaenzungsmittel\/pflanzenheilkunde-gleichgewicht-durch-heilpflanzen\/koerner-und-samen\/flohsamen\/","og_site_name":"WOHLBEFINDEN","article_publisher":"https:\/\/www.facebook.com\/bienetreiris\/","article_modified_time":"2024-03-18T08:29:19+00:00","og_image":[{"width":500,"height":333,"url":"https:\/\/bien-etreiris.ch\/wp-content\/uploads\/2021\/01\/acceuil-Psyllium.jpg","type":"image\/jpeg"}],"twitter_misc":{"Gesch\u00e4tzte Lesezeit":"3\u00a0Minuten"},"schema":{"@context":"https:\/\/schema.org","@graph":[{"@type":"WebPage","@id":"https:\/\/bien-etreiris.ch\/de\/produktpraesentation\/gesundes-leben\/nahrungsergaenzungsmittel\/pflanzenheilkunde-gleichgewicht-durch-heilpflanzen\/koerner-und-samen\/flohsamen\/","url":"https:\/\/bien-etreiris.ch\/de\/produktpraesentation\/gesundes-leben\/nahrungsergaenzungsmittel\/pflanzenheilkunde-gleichgewicht-durch-heilpflanzen\/koerner-und-samen\/flohsamen\/","name":"FLOHSAMEN - WOHLBEFINDEN","isPartOf":{"@id":"https:\/\/bien-etreiris.ch\/de\/#website"},"primaryImageOfPage":{"@id":"https:\/\/bien-etreiris.ch\/de\/produktpraesentation\/gesundes-leben\/nahrungsergaenzungsmittel\/pflanzenheilkunde-gleichgewicht-durch-heilpflanzen\/koerner-und-samen\/flohsamen\/#primaryimage"},"image":{"@id":"https:\/\/bien-etreiris.ch\/de\/produktpraesentation\/gesundes-leben\/nahrungsergaenzungsmittel\/pflanzenheilkunde-gleichgewicht-durch-heilpflanzen\/koerner-und-samen\/flohsamen\/#primaryimage"},"thumbnailUrl":"https:\/\/bien-etreiris.ch\/wp-content\/uploads\/2021\/01\/acceuil-Psyllium.jpg","datePublished":"2021-01-10T15:11:45+00:00","dateModified":"2024-03-18T08:29:19+00:00","breadcrumb":{"@id":"https:\/\/bien-etreiris.ch\/de\/produktpraesentation\/gesundes-leben\/nahrungsergaenzungsmittel\/pflanzenheilkunde-gleichgewicht-durch-heilpflanzen\/koerner-und-samen\/flohsamen\/#breadcrumb"},"inLanguage":"de","potentialAction":[{"@type":"ReadAction","target":["https:\/\/bien-etreiris.ch\/de\/produktpraesentation\/gesundes-leben\/nahrungsergaenzungsmittel\/pflanzenheilkunde-gleichgewicht-durch-heilpflanzen\/koerner-und-samen\/flohsamen\/"]}]},{"@type":"ImageObject","inLanguage":"de","@id":"https:\/\/bien-etreiris.ch\/de\/produktpraesentation\/gesundes-leben\/nahrungsergaenzungsmittel\/pflanzenheilkunde-gleichgewicht-durch-heilpflanzen\/koerner-und-samen\/flohsamen\/#primaryimage","url":"https:\/\/bien-etreiris.ch\/wp-content\/uploads\/2021\/01\/acceuil-Psyllium.jpg","contentUrl":"https:\/\/bien-etreiris.ch\/wp-content\/uploads\/2021\/01\/acceuil-Psyllium.jpg","width":500,"height":333},{"@type":"BreadcrumbList","@id":"https:\/\/bien-etreiris.ch\/de\/produktpraesentation\/gesundes-leben\/nahrungsergaenzungsmittel\/pflanzenheilkunde-gleichgewicht-durch-heilpflanzen\/koerner-und-samen\/flohsamen\/#breadcrumb","itemListElement":[{"@type":"ListItem","position":1,"name":"Home","item":"https:\/\/bien-etreiris.ch\/de\/"},{"@type":"ListItem","position":2,"name":"PRODUKTPR\u00c4SENTATION","item":"https:\/\/bien-etreiris.ch\/de\/produktpraesentation\/"},{"@type":"ListItem","position":3,"name":"GESUNDES LEBEN","item":"https:\/\/bien-etreiris.ch\/de\/produktpraesentation\/gesundes-leben\/"},{"@type":"ListItem","position":4,"name":"NAHRUNGSERG\u00c4NZUNG","item":"https:\/\/bien-etreiris.ch\/de\/produktpraesentation\/gesundes-leben\/nahrungsergaenzungsmittel\/"},{"@type":"ListItem","position":5,"name":"PFLANZENHEILKUNDE","item":"https:\/\/bien-etreiris.ch\/de\/produktpraesentation\/gesundes-leben\/nahrungsergaenzungsmittel\/pflanzenheilkunde-gleichgewicht-durch-heilpflanzen\/"},{"@type":"ListItem","position":6,"name":"K\u00d6RNER &#038; SAMEN","item":"https:\/\/bien-etreiris.ch\/de\/produktpraesentation\/gesundes-leben\/nahrungsergaenzungsmittel\/pflanzenheilkunde-gleichgewicht-durch-heilpflanzen\/koerner-und-samen\/"},{"@type":"ListItem","position":7,"name":"FLOHSAMEN"}]},{"@type":"WebSite","@id":"https:\/\/bien-etreiris.ch\/de\/#website","url":"https:\/\/bien-etreiris.ch\/de\/","name":"Bien-\u00eatre Iris","description":"IHRE Gesundheit ist uns wichtig","potentialAction":[{"@type":"SearchAction","target":{"@type":"EntryPoint","urlTemplate":"https:\/\/bien-etreiris.ch\/de\/?s={search_term_string}"},"query-input":{"@type":"PropertyValueSpecification","valueRequired":true,"valueName":"search_term_string"}}],"inLanguage":"de"}]}},"_links":{"self":[{"href":"https:\/\/bien-etreiris.ch\/de\/wp-json\/wp\/v2\/pages\/39205","targetHints":{"allow":["GET"]}}],"collection":[{"href":"https:\/\/bien-etreiris.ch\/de\/wp-json\/wp\/v2\/pages"}],"about":[{"href":"https:\/\/bien-etreiris.ch\/de\/wp-json\/wp\/v2\/types\/page"}],"author":[{"embeddable":true,"href":"https:\/\/bien-etreiris.ch\/de\/wp-json\/wp\/v2\/users\/1"}],"replies":[{"embeddable":true,"href":"https:\/\/bien-etreiris.ch\/de\/wp-json\/wp\/v2\/comments?post=39205"}],"version-history":[{"count":9,"href":"https:\/\/bien-etreiris.ch\/de\/wp-json\/wp\/v2\/pages\/39205\/revisions"}],"predecessor-version":[{"id":83645,"href":"https:\/\/bien-etreiris.ch\/de\/wp-json\/wp\/v2\/pages\/39205\/revisions\/83645"}],"up":[{"embeddable":true,"href":"https:\/\/bien-etreiris.ch\/de\/wp-json\/wp\/v2\/pages\/60905"}],"wp:featuredmedia":[{"embeddable":true,"href":"https:\/\/bien-etreiris.ch\/de\/wp-json\/wp\/v2\/media\/38192"}],"wp:attachment":[{"href":"https:\/\/bien-etreiris.ch\/de\/wp-json\/wp\/v2\/media?parent=39205"}],"curies":[{"name":"wp","href":"https:\/\/api.w.org\/{rel}","templated":true}]}}