{"id":38902,"date":"2021-01-18T07:52:59","date_gmt":"2021-01-18T07:52:59","guid":{"rendered":"https:\/\/bien-etreiris.ch\/?page_id=38902"},"modified":"2021-06-23T20:47:59","modified_gmt":"2021-06-23T18:47:59","slug":"farfalla","status":"publish","type":"page","link":"https:\/\/bien-etreiris.ch\/de\/produktpraesentation\/wohlfuehl-duefte\/natuerliches-koelnisch-waesser\/farfalla\/","title":{"rendered":"FARFALLA"},"content":{"rendered":"\n<h2 class=\"wp-block-heading\"> <br>Natural Eau de Cologne      <\/h2>\n\n\n<p>Leichte Duftkompositionen, die von Dolce Vita &amp; S\u00fcdseesonne tr\u00e4umen lassen, 100% nat\u00fcrlich.<\/p>\n<p>&nbsp;<\/p>\n<p>&nbsp;<\/p>\n\n\n<h2 class=\"wp-block-heading\">frangipani, natural eau de cologne<\/h2>\n\n\n<p><a href=\"https:\/\/decoiris.ch\/wp-content\/uploads\/2021\/01\/frangipani-natural-eau-de-cologne.png\"><img loading=\"lazy\" decoding=\"async\" class=\"wp-image-38903 size-full alignleft\" src=\"https:\/\/decoiris.ch\/wp-content\/uploads\/2021\/01\/frangipani-natural-eau-de-cologne.png\" alt=\"\" width=\"195\" height=\"520\" srcset=\"https:\/\/bien-etreiris.ch\/wp-content\/uploads\/2021\/01\/frangipani-natural-eau-de-cologne.png 195w, https:\/\/bien-etreiris.ch\/wp-content\/uploads\/2021\/01\/frangipani-natural-eau-de-cologne-113x300.png 113w\" sizes=\"auto, (max-width: 195px) 100vw, 195px\" \/><\/a><\/p>\n<p>&nbsp;<\/p>\n<p>&nbsp;<\/p>\n<p>&nbsp;<\/p>\n<p>&nbsp;<\/p>\n<p>&nbsp;<\/p>\n<p>&nbsp;<\/p>\n<p>&nbsp;<\/p>\n<p>&nbsp;<\/p>\n<p>&nbsp;<\/p>\n<p>&nbsp;<\/p>\n<p>50 ml <strong>CHF 30.00<\/strong><\/p>\n<p>1 Spr\u00fchstoss auf die Innenseiten der Handgelenke, Arme, Ellenbogen, auf Schl\u00e4fen, Dekollete, Ohrl\u00e4ppchen oder Haare spr\u00fchen. Nicht reiben.<\/p>\n<p>&nbsp;<\/p>\n<p>&nbsp;<\/p>\n<p>&nbsp;<\/p>\n<p>Unerreicht ist ihre Sch\u00f6nheit, verzaubert ist ihr Duft. Dieser sanftwarme Bl\u00fctenzauber entf\u00fchrt uns in einen sonnigen S\u00fcdseetraum voll unbek\u00fcmmerter Leichtigkeit. Mit \u00e4therischen \u00d6len von Frangipani, Orange, Iris, Champaca, Benzoe u.a.<\/p>\n<p>&nbsp;<\/p>\n<p>&nbsp;<\/p>\n\n\n<hr class=\"wp-block-separator\"\/>\n\n\n\n<h2 class=\"wp-block-heading\"> mandarine, natural eau de cologne <\/h2>\n\n\n<p><a href=\"https:\/\/decoiris.ch\/wp-content\/uploads\/2021\/01\/mandarine-1.png\"><img loading=\"lazy\" decoding=\"async\" class=\"wp-image-38909 size-full alignleft\" src=\"https:\/\/decoiris.ch\/wp-content\/uploads\/2021\/01\/mandarine-1.png\" alt=\"\" width=\"195\" height=\"520\" srcset=\"https:\/\/bien-etreiris.ch\/wp-content\/uploads\/2021\/01\/mandarine-1.png 195w, https:\/\/bien-etreiris.ch\/wp-content\/uploads\/2021\/01\/mandarine-1-113x300.png 113w\" sizes=\"auto, (max-width: 195px) 100vw, 195px\" \/><\/a><\/p>\n<p>&nbsp;<\/p>\n<p>&nbsp;<\/p>\n<p>&nbsp;<\/p>\n<p>&nbsp;<\/p>\n<p>&nbsp;<\/p>\n<p>&nbsp;<\/p>\n<p>&nbsp;<\/p>\n<p>&nbsp;<\/p>\n<p>&nbsp;<\/p>\n<p>&nbsp;<\/p>\n<p>50 ml <strong>CHF 30.00<\/strong><\/p>\n<p>1 Spr\u00fchstoss auf die Innenseiten der Handgelenke, Arme, Ellenbogen, auf Schl\u00e4fen, Dekollete, Ohrl\u00e4ppchen oder Haare spr\u00fchen. Nicht reiben.<\/p>\n<p>&nbsp;<\/p>\n<p>&nbsp;<\/p>\n<p>Die Gute Laune ist hier um zu bleiben. Allen Sonnenkindern schenkt dieser spritzig-fruchtige Duft eine Handvoll Dolce Vita f\u00fcr den Alltag. Mit \u00e4therischen \u00d6len von Mandarine, Zitrone, Vanille u.a.<\/p>\n<p>&nbsp;<\/p>\n<p>&nbsp;<\/p>\n\n\n<hr class=\"wp-block-separator\"\/>\n\n\n\n<h2 class=\"wp-block-heading\">rose, natural eau de cologne<\/h2>\n\n\n<p><a href=\"https:\/\/decoiris.ch\/wp-content\/uploads\/2021\/01\/rose-natural-eau-de-cologne.png\"><img loading=\"lazy\" decoding=\"async\" class=\"alignleft wp-image-38912 size-full\" src=\"https:\/\/decoiris.ch\/wp-content\/uploads\/2021\/01\/rose-natural-eau-de-cologne.png\" alt=\"\" width=\"194\" height=\"520\" srcset=\"https:\/\/bien-etreiris.ch\/wp-content\/uploads\/2021\/01\/rose-natural-eau-de-cologne.png 194w, https:\/\/bien-etreiris.ch\/wp-content\/uploads\/2021\/01\/rose-natural-eau-de-cologne-112x300.png 112w\" sizes=\"auto, (max-width: 194px) 100vw, 194px\" \/><\/a><\/p>\n<p>&nbsp;<\/p>\n<p>&nbsp;<\/p>\n<p>&nbsp;<\/p>\n<p>&nbsp;<\/p>\n<p>&nbsp;<\/p>\n<p>&nbsp;<\/p>\n<p>&nbsp;<\/p>\n<p>&nbsp;<\/p>\n<p>&nbsp;<\/p>\n<p>&nbsp;<\/p>\n<p>50 ml <strong>CHF 30.00<\/strong><\/p>\n<p>1 Spr\u00fchstoss auf die Innenseiten der Handgelenke, Arme, Ellenbogen, auf Schl\u00e4fen, Dekollete, Ohrl\u00e4ppchen oder Haare spr\u00fchen. Nicht reiben.<\/p>\n<p>&nbsp;<\/p>\n<p>&nbsp;<\/p>\n<p>1001 Geheimnisse birgt ihr Duft, bet\u00f6rend und verf\u00fchrerisch bringt sie unsere Facetten zum Strahlen. Bei aller Verlockung bleibt die Rose sanftm\u00fctig und subtil.<\/p>","protected":false},"excerpt":{"rendered":"<p>Natural Eau de Cologne Leichte Duftkompositionen, die von Dolce Vita &amp; S\u00fcdseesonne tr\u00e4umen lassen, 100% nat\u00fcrlich. &nbsp; &nbsp; frangipani, natural eau de cologne &nbsp; &nbsp; &nbsp; &nbsp; &nbsp; &nbsp; &nbsp; &nbsp; &nbsp; &nbsp; 50 ml CHF 30.00 1 Spr\u00fchstoss auf die Innenseiten der Handgelenke, Arme, Ellenbogen, auf Schl\u00e4fen, Dekollete, Ohrl\u00e4ppchen oder Haare spr\u00fchen. Nicht reiben. &nbsp; &nbsp; &nbsp; Unerreicht ist&nbsp;<a href=\"https:\/\/bien-etreiris.ch\/de\/produktpraesentation\/wohlfuehl-duefte\/natuerliches-koelnisch-waesser\/farfalla\/\" class=\"read-more\">Weiter lesen<\/a><\/p>\n","protected":false},"author":1,"featured_media":38659,"parent":36016,"menu_order":6355,"comment_status":"closed","ping_status":"closed","template":"page-with-child.php","meta":{"_acf_changed":false,"ngg_post_thumbnail":0,"footnotes":""},"class_list":["post-38902","page","type-page","status-publish","has-post-thumbnail","hentry"],"acf":[],"yoast_head":"<!-- This site is optimized with the Yoast SEO plugin v27.5 - https:\/\/yoast.com\/product\/yoast-seo-wordpress\/ -->\n<title>FARFALLA - WOHLBEFINDEN<\/title>\n<meta name=\"robots\" content=\"index, follow, max-snippet:-1, max-image-preview:large, max-video-preview:-1\" \/>\n<link rel=\"canonical\" href=\"https:\/\/bien-etreiris.ch\/de\/produktpraesentation\/wohlfuehl-duefte\/natuerliches-koelnisch-waesser\/farfalla\/\" \/>\n<meta property=\"og:locale\" content=\"de_DE\" \/>\n<meta property=\"og:type\" content=\"article\" \/>\n<meta property=\"og:title\" content=\"FARFALLA - WOHLBEFINDEN\" \/>\n<meta property=\"og:description\" content=\"Natural Eau de Cologne Leichte Duftkompositionen, die von Dolce Vita &amp; S\u00fcdseesonne tr\u00e4umen lassen, 100% nat\u00fcrlich. &nbsp; &nbsp; frangipani, natural eau de cologne &nbsp; &nbsp; &nbsp; &nbsp; &nbsp; &nbsp; &nbsp; &nbsp; &nbsp; &nbsp; 50 ml CHF 30.00 1 Spr\u00fchstoss auf die Innenseiten der Handgelenke, Arme, Ellenbogen, auf Schl\u00e4fen, Dekollete, Ohrl\u00e4ppchen oder Haare spr\u00fchen. Nicht reiben. &nbsp; &nbsp; &nbsp; Unerreicht ist&nbsp;Weiter lesen\" \/>\n<meta property=\"og:url\" content=\"https:\/\/bien-etreiris.ch\/de\/produktpraesentation\/wohlfuehl-duefte\/natuerliches-koelnisch-waesser\/farfalla\/\" \/>\n<meta property=\"og:site_name\" content=\"WOHLBEFINDEN\" \/>\n<meta property=\"article:publisher\" content=\"https:\/\/www.facebook.com\/bienetreiris\/\" \/>\n<meta property=\"article:modified_time\" content=\"2021-06-23T18:47:59+00:00\" \/>\n<meta property=\"og:image\" content=\"https:\/\/bien-etreiris.ch\/wp-content\/uploads\/2021\/01\/Acceuil-Farfalla.png\" \/>\n\t<meta property=\"og:image:width\" content=\"400\" \/>\n\t<meta property=\"og:image:height\" content=\"289\" \/>\n\t<meta property=\"og:image:type\" content=\"image\/png\" \/>\n<meta name=\"twitter:label1\" content=\"Gesch\u00e4tzte Lesezeit\" \/>\n\t<meta name=\"twitter:data1\" content=\"2\u00a0Minuten\" \/>\n<script type=\"application\/ld+json\" class=\"yoast-schema-graph\">{\"@context\":\"https:\\\/\\\/schema.org\",\"@graph\":[{\"@type\":\"WebPage\",\"@id\":\"https:\\\/\\\/bien-etreiris.ch\\\/de\\\/produktpraesentation\\\/wohlfuehl-duefte\\\/natuerliches-koelnisch-waesser\\\/farfalla\\\/\",\"url\":\"https:\\\/\\\/bien-etreiris.ch\\\/de\\\/produktpraesentation\\\/wohlfuehl-duefte\\\/natuerliches-koelnisch-waesser\\\/farfalla\\\/\",\"name\":\"FARFALLA - WOHLBEFINDEN\",\"isPartOf\":{\"@id\":\"https:\\\/\\\/bien-etreiris.ch\\\/de\\\/#website\"},\"primaryImageOfPage\":{\"@id\":\"https:\\\/\\\/bien-etreiris.ch\\\/de\\\/produktpraesentation\\\/wohlfuehl-duefte\\\/natuerliches-koelnisch-waesser\\\/farfalla\\\/#primaryimage\"},\"image\":{\"@id\":\"https:\\\/\\\/bien-etreiris.ch\\\/de\\\/produktpraesentation\\\/wohlfuehl-duefte\\\/natuerliches-koelnisch-waesser\\\/farfalla\\\/#primaryimage\"},\"thumbnailUrl\":\"https:\\\/\\\/bien-etreiris.ch\\\/wp-content\\\/uploads\\\/2021\\\/01\\\/Acceuil-Farfalla.png\",\"datePublished\":\"2021-01-18T07:52:59+00:00\",\"dateModified\":\"2021-06-23T18:47:59+00:00\",\"breadcrumb\":{\"@id\":\"https:\\\/\\\/bien-etreiris.ch\\\/de\\\/produktpraesentation\\\/wohlfuehl-duefte\\\/natuerliches-koelnisch-waesser\\\/farfalla\\\/#breadcrumb\"},\"inLanguage\":\"de\",\"potentialAction\":[{\"@type\":\"ReadAction\",\"target\":[\"https:\\\/\\\/bien-etreiris.ch\\\/de\\\/produktpraesentation\\\/wohlfuehl-duefte\\\/natuerliches-koelnisch-waesser\\\/farfalla\\\/\"]}]},{\"@type\":\"ImageObject\",\"inLanguage\":\"de\",\"@id\":\"https:\\\/\\\/bien-etreiris.ch\\\/de\\\/produktpraesentation\\\/wohlfuehl-duefte\\\/natuerliches-koelnisch-waesser\\\/farfalla\\\/#primaryimage\",\"url\":\"https:\\\/\\\/bien-etreiris.ch\\\/wp-content\\\/uploads\\\/2021\\\/01\\\/Acceuil-Farfalla.png\",\"contentUrl\":\"https:\\\/\\\/bien-etreiris.ch\\\/wp-content\\\/uploads\\\/2021\\\/01\\\/Acceuil-Farfalla.png\",\"width\":400,\"height\":289},{\"@type\":\"BreadcrumbList\",\"@id\":\"https:\\\/\\\/bien-etreiris.ch\\\/de\\\/produktpraesentation\\\/wohlfuehl-duefte\\\/natuerliches-koelnisch-waesser\\\/farfalla\\\/#breadcrumb\",\"itemListElement\":[{\"@type\":\"ListItem\",\"position\":1,\"name\":\"Home\",\"item\":\"https:\\\/\\\/bien-etreiris.ch\\\/de\\\/\"},{\"@type\":\"ListItem\",\"position\":2,\"name\":\"PRODUKTPR\u00c4SENTATION\",\"item\":\"https:\\\/\\\/bien-etreiris.ch\\\/de\\\/produktpraesentation\\\/\"},{\"@type\":\"ListItem\",\"position\":3,\"name\":\"WOHLF\u00dcHL-D\u00dcFTE\",\"item\":\"https:\\\/\\\/bien-etreiris.ch\\\/de\\\/produktpraesentation\\\/wohlfuehl-duefte\\\/\"},{\"@type\":\"ListItem\",\"position\":4,\"name\":\"NATURAL K\u00d6LNISCH W\u00c4SSER\",\"item\":\"https:\\\/\\\/bien-etreiris.ch\\\/de\\\/produktpraesentation\\\/wohlfuehl-duefte\\\/natuerliches-koelnisch-waesser\\\/\"},{\"@type\":\"ListItem\",\"position\":5,\"name\":\"FARFALLA\"}]},{\"@type\":\"WebSite\",\"@id\":\"https:\\\/\\\/bien-etreiris.ch\\\/de\\\/#website\",\"url\":\"https:\\\/\\\/bien-etreiris.ch\\\/de\\\/\",\"name\":\"Bien-\u00eatre Iris\",\"description\":\"IHRE Gesundheit ist uns wichtig\",\"potentialAction\":[{\"@type\":\"SearchAction\",\"target\":{\"@type\":\"EntryPoint\",\"urlTemplate\":\"https:\\\/\\\/bien-etreiris.ch\\\/de\\\/?s={search_term_string}\"},\"query-input\":{\"@type\":\"PropertyValueSpecification\",\"valueRequired\":true,\"valueName\":\"search_term_string\"}}],\"inLanguage\":\"de\"}]}<\/script>\n<!-- \/ Yoast SEO plugin. -->","yoast_head_json":{"title":"FARFALLA - WOHLBEFINDEN","robots":{"index":"index","follow":"follow","max-snippet":"max-snippet:-1","max-image-preview":"max-image-preview:large","max-video-preview":"max-video-preview:-1"},"canonical":"https:\/\/bien-etreiris.ch\/de\/produktpraesentation\/wohlfuehl-duefte\/natuerliches-koelnisch-waesser\/farfalla\/","og_locale":"de_DE","og_type":"article","og_title":"FARFALLA - WOHLBEFINDEN","og_description":"Natural Eau de Cologne Leichte Duftkompositionen, die von Dolce Vita &amp; S\u00fcdseesonne tr\u00e4umen lassen, 100% nat\u00fcrlich. &nbsp; &nbsp; frangipani, natural eau de cologne &nbsp; &nbsp; &nbsp; &nbsp; &nbsp; &nbsp; &nbsp; &nbsp; &nbsp; &nbsp; 50 ml CHF 30.00 1 Spr\u00fchstoss auf die Innenseiten der Handgelenke, Arme, Ellenbogen, auf Schl\u00e4fen, Dekollete, Ohrl\u00e4ppchen oder Haare spr\u00fchen. Nicht reiben. &nbsp; &nbsp; &nbsp; Unerreicht ist&nbsp;Weiter lesen","og_url":"https:\/\/bien-etreiris.ch\/de\/produktpraesentation\/wohlfuehl-duefte\/natuerliches-koelnisch-waesser\/farfalla\/","og_site_name":"WOHLBEFINDEN","article_publisher":"https:\/\/www.facebook.com\/bienetreiris\/","article_modified_time":"2021-06-23T18:47:59+00:00","og_image":[{"width":400,"height":289,"url":"https:\/\/bien-etreiris.ch\/wp-content\/uploads\/2021\/01\/Acceuil-Farfalla.png","type":"image\/png"}],"twitter_misc":{"Gesch\u00e4tzte Lesezeit":"2\u00a0Minuten"},"schema":{"@context":"https:\/\/schema.org","@graph":[{"@type":"WebPage","@id":"https:\/\/bien-etreiris.ch\/de\/produktpraesentation\/wohlfuehl-duefte\/natuerliches-koelnisch-waesser\/farfalla\/","url":"https:\/\/bien-etreiris.ch\/de\/produktpraesentation\/wohlfuehl-duefte\/natuerliches-koelnisch-waesser\/farfalla\/","name":"FARFALLA - WOHLBEFINDEN","isPartOf":{"@id":"https:\/\/bien-etreiris.ch\/de\/#website"},"primaryImageOfPage":{"@id":"https:\/\/bien-etreiris.ch\/de\/produktpraesentation\/wohlfuehl-duefte\/natuerliches-koelnisch-waesser\/farfalla\/#primaryimage"},"image":{"@id":"https:\/\/bien-etreiris.ch\/de\/produktpraesentation\/wohlfuehl-duefte\/natuerliches-koelnisch-waesser\/farfalla\/#primaryimage"},"thumbnailUrl":"https:\/\/bien-etreiris.ch\/wp-content\/uploads\/2021\/01\/Acceuil-Farfalla.png","datePublished":"2021-01-18T07:52:59+00:00","dateModified":"2021-06-23T18:47:59+00:00","breadcrumb":{"@id":"https:\/\/bien-etreiris.ch\/de\/produktpraesentation\/wohlfuehl-duefte\/natuerliches-koelnisch-waesser\/farfalla\/#breadcrumb"},"inLanguage":"de","potentialAction":[{"@type":"ReadAction","target":["https:\/\/bien-etreiris.ch\/de\/produktpraesentation\/wohlfuehl-duefte\/natuerliches-koelnisch-waesser\/farfalla\/"]}]},{"@type":"ImageObject","inLanguage":"de","@id":"https:\/\/bien-etreiris.ch\/de\/produktpraesentation\/wohlfuehl-duefte\/natuerliches-koelnisch-waesser\/farfalla\/#primaryimage","url":"https:\/\/bien-etreiris.ch\/wp-content\/uploads\/2021\/01\/Acceuil-Farfalla.png","contentUrl":"https:\/\/bien-etreiris.ch\/wp-content\/uploads\/2021\/01\/Acceuil-Farfalla.png","width":400,"height":289},{"@type":"BreadcrumbList","@id":"https:\/\/bien-etreiris.ch\/de\/produktpraesentation\/wohlfuehl-duefte\/natuerliches-koelnisch-waesser\/farfalla\/#breadcrumb","itemListElement":[{"@type":"ListItem","position":1,"name":"Home","item":"https:\/\/bien-etreiris.ch\/de\/"},{"@type":"ListItem","position":2,"name":"PRODUKTPR\u00c4SENTATION","item":"https:\/\/bien-etreiris.ch\/de\/produktpraesentation\/"},{"@type":"ListItem","position":3,"name":"WOHLF\u00dcHL-D\u00dcFTE","item":"https:\/\/bien-etreiris.ch\/de\/produktpraesentation\/wohlfuehl-duefte\/"},{"@type":"ListItem","position":4,"name":"NATURAL K\u00d6LNISCH W\u00c4SSER","item":"https:\/\/bien-etreiris.ch\/de\/produktpraesentation\/wohlfuehl-duefte\/natuerliches-koelnisch-waesser\/"},{"@type":"ListItem","position":5,"name":"FARFALLA"}]},{"@type":"WebSite","@id":"https:\/\/bien-etreiris.ch\/de\/#website","url":"https:\/\/bien-etreiris.ch\/de\/","name":"Bien-\u00eatre Iris","description":"IHRE Gesundheit ist uns wichtig","potentialAction":[{"@type":"SearchAction","target":{"@type":"EntryPoint","urlTemplate":"https:\/\/bien-etreiris.ch\/de\/?s={search_term_string}"},"query-input":{"@type":"PropertyValueSpecification","valueRequired":true,"valueName":"search_term_string"}}],"inLanguage":"de"}]}},"_links":{"self":[{"href":"https:\/\/bien-etreiris.ch\/de\/wp-json\/wp\/v2\/pages\/38902","targetHints":{"allow":["GET"]}}],"collection":[{"href":"https:\/\/bien-etreiris.ch\/de\/wp-json\/wp\/v2\/pages"}],"about":[{"href":"https:\/\/bien-etreiris.ch\/de\/wp-json\/wp\/v2\/types\/page"}],"author":[{"embeddable":true,"href":"https:\/\/bien-etreiris.ch\/de\/wp-json\/wp\/v2\/users\/1"}],"replies":[{"embeddable":true,"href":"https:\/\/bien-etreiris.ch\/de\/wp-json\/wp\/v2\/comments?post=38902"}],"version-history":[{"count":7,"href":"https:\/\/bien-etreiris.ch\/de\/wp-json\/wp\/v2\/pages\/38902\/revisions"}],"predecessor-version":[{"id":51475,"href":"https:\/\/bien-etreiris.ch\/de\/wp-json\/wp\/v2\/pages\/38902\/revisions\/51475"}],"up":[{"embeddable":true,"href":"https:\/\/bien-etreiris.ch\/de\/wp-json\/wp\/v2\/pages\/36016"}],"wp:featuredmedia":[{"embeddable":true,"href":"https:\/\/bien-etreiris.ch\/de\/wp-json\/wp\/v2\/media\/38659"}],"wp:attachment":[{"href":"https:\/\/bien-etreiris.ch\/de\/wp-json\/wp\/v2\/media?parent=38902"}],"curies":[{"name":"wp","href":"https:\/\/api.w.org\/{rel}","templated":true}]}}