{"id":38837,"date":"2021-01-18T06:22:01","date_gmt":"2021-01-18T06:22:01","guid":{"rendered":"https:\/\/bien-etreiris.ch\/wohlbefinden\/wohlfuehl-duefte\/parfum-base-dalcool-bio-et-dhuiles-essentielles-naturellement\/farfalla\/"},"modified":"2021-07-11T21:22:17","modified_gmt":"2021-07-11T19:22:17","slug":"farfalla","status":"publish","type":"page","link":"https:\/\/bien-etreiris.ch\/de\/produktpraesentation\/wohlfuehl-duefte\/bio-parfuems\/farfalla\/","title":{"rendered":"FARFALLA"},"content":{"rendered":"\n<h2 class=\"wp-block-heading\"> <br>Nat\u00fcrliche BIO Parf\u00fcms  von Farfalla <\/h2>\n\n\n<p><span class=\"tlid-translation translation\" lang=\"fr\"><span class=\"\" title=\"\">Ein nat\u00fcrlicher Duft ist wie ein gutes Live-Konzert - tiefgr\u00fcndig und spannend. Auf einer CD hingegen sind die unbewussten Kl\u00e4nge ged\u00e4mpft - und ein synthetisches Parf\u00fcm ist ein bisschen so. Seit 30 Jahren sorgt der Parf\u00fcmeur Jean-Claude Richard daf\u00fcr, dass die Naturd\u00fcfte von Farfalla nuanciert und harmonisch ausgewogen sind. In der Parfumfabrik Farfalla kreiert er seine D\u00fcfte aus Bio-Alkohol und naturreinen \u00e4therischen \u00d6len, inspiriert von Aromen, Pflanzen und olfaktorischen Begegnungen aus aller Welt.<\/span><\/span><\/p>\n<p>&nbsp;<\/p>\n<p>&nbsp;<\/p>\n\n\n<h2 class=\"wp-block-heading\">aura 1968 ein nat\u00fcrliches Parf\u00fcm<\/h2>\n\n\n<p><a href=\"https:\/\/decoiris.ch\/wp-content\/uploads\/2020\/01\/aura-1968.png\"><img loading=\"lazy\" decoding=\"async\" class=\"size-medium wp-image-30999 alignleft\" src=\"https:\/\/decoiris.ch\/wp-content\/uploads\/2020\/01\/aura-1968-300x230.png\" alt=\"\" width=\"300\" height=\"230\" srcset=\"https:\/\/bien-etreiris.ch\/wp-content\/uploads\/2020\/01\/aura-1968-300x230.png 300w, https:\/\/bien-etreiris.ch\/wp-content\/uploads\/2020\/01\/aura-1968.png 762w\" sizes=\"auto, (max-width: 300px) 100vw, 300px\" \/><\/a><\/p>\n<div class=\"product-info\">\n<p>&nbsp;<\/p>\n<p>&nbsp;<\/p>\n<p>&nbsp;<\/p>\n<p>&nbsp;<\/p>\n<p>Le parfum d\u2019une g\u00e9n\u00e9ration qui aime la libert\u00e9 et la vit. Le parfum classique de farfalla, toujours hip. Aux huiles essentielles de lemongrass, n\u00e9roli, racine d\u2019ang\u00e9lique, pin cimbre et autres.<\/p>\n<p>1 pi\u00e8ce<strong> CHF 53.00<\/strong><\/p>\n<\/div>\n<p>&nbsp;<\/p>\n<p>&nbsp;<\/p>\n\n\n<hr class=\"wp-block-separator\"\/>\n\n\n\n<h2 class=\"wp-block-heading\">hippie rose\nnatural eau de parfum<\/h2>\n\n\n<p><a href=\"https:\/\/decoiris.ch\/wp-content\/uploads\/2020\/01\/hippie-rose.png\"><img loading=\"lazy\" decoding=\"async\" class=\"size-medium wp-image-31002 alignleft\" src=\"https:\/\/decoiris.ch\/wp-content\/uploads\/2020\/01\/hippie-rose-300x230.png\" alt=\"\" width=\"300\" height=\"230\" srcset=\"https:\/\/bien-etreiris.ch\/wp-content\/uploads\/2020\/01\/hippie-rose-300x230.png 300w, https:\/\/bien-etreiris.ch\/wp-content\/uploads\/2020\/01\/hippie-rose.png 762w\" sizes=\"auto, (max-width: 300px) 100vw, 300px\" \/><\/a><\/p>\n<p>&nbsp;<\/p>\n<p>&nbsp;<\/p>\n<p>&nbsp;<\/p>\n<p>&nbsp;<\/p>\n<p>Le secret de la s\u00e9duction est plein de l\u00e9g\u00e8ret\u00e9. Une touche de sophistication promet une douce tentation et une passion sensuelle. Aux huiles essentielles de bergamote, n\u00e9roli, m\u00e9lisse, tub\u00e9reuse, benjoin et autres.<\/p>\n<p>1 pi\u00e8ce <strong>CHF 53.00<\/strong><\/p>\n<p>&nbsp;<\/p>\n<p>&nbsp;<\/p>\n\n\n<hr class=\"wp-block-separator\"\/>\n\n\n\n<h2 class=\"wp-block-heading\">no fake\nnatural eau de parfum<\/h2>\n\n\n<p><a href=\"https:\/\/decoiris.ch\/wp-content\/uploads\/2020\/01\/no-fake.png\"><img loading=\"lazy\" decoding=\"async\" class=\"size-medium wp-image-30971 alignleft\" src=\"https:\/\/decoiris.ch\/wp-content\/uploads\/2020\/01\/no-fake-300x210.png\" alt=\"\" width=\"300\" height=\"210\" srcset=\"https:\/\/bien-etreiris.ch\/wp-content\/uploads\/2020\/01\/no-fake-300x210.png 300w, https:\/\/bien-etreiris.ch\/wp-content\/uploads\/2020\/01\/no-fake.png 762w\" sizes=\"auto, (max-width: 300px) 100vw, 300px\" \/><\/a><\/p>\n<p>&nbsp;<\/p>\n<p>&nbsp;<\/p>\n<p>&nbsp;<\/p>\n<p>&nbsp;<\/p>\n<p>Pour originaux seulement. Tu n\u2019as pas besoin de flouteur pour camoufler tes contours. Tu fais ton truc sans falsification. No fake. Aux huiles essentielles de mandarine, bergamote, petit-grain, patchouli et autres.<\/p>\n<p>1 pi\u00e8ce <strong>CHF 53.00<\/strong><\/p>\n<p>&nbsp;<\/p>\n<p>&nbsp;<\/p>\n\n\n<hr class=\"wp-block-separator\"\/>\n\n\n\n<h2 class=\"wp-block-heading\">nomade\nnatural eau de parfum<\/h2>\n\n\n<p><a href=\"https:\/\/decoiris.ch\/wp-content\/uploads\/2020\/01\/nomad.png\"><img loading=\"lazy\" decoding=\"async\" class=\"size-medium wp-image-30976 alignleft\" src=\"https:\/\/decoiris.ch\/wp-content\/uploads\/2020\/01\/nomad-300x210.png\" alt=\"\" width=\"300\" height=\"210\" srcset=\"https:\/\/bien-etreiris.ch\/wp-content\/uploads\/2020\/01\/nomad-300x210.png 300w, https:\/\/bien-etreiris.ch\/wp-content\/uploads\/2020\/01\/nomad.png 762w\" sizes=\"auto, (max-width: 300px) 100vw, 300px\" \/><\/a><\/p>\n<p>&nbsp;<\/p>\n<p>&nbsp;<\/p>\n<p>&nbsp;<\/p>\n<p>&nbsp;<\/p>\n<p>L\u2019aventure commence quand il n\u2019y a plus de plan. La curiosit\u00e9 t\u2019attire vers des mondes inconnus ? L\u2019envie de d\u00e9couverte \u00e9veille la nomade qui dort en toi ? Aux huiles essentielles de mandarine, iris, g\u00e9ranium rosat, v\u00e9tiver et autres.<\/p>\n<p>1 pi\u00e8ce <strong>CHF 53.00<\/strong><\/p>\n<p>&nbsp;<\/p>\n<p>&nbsp;<\/p>\n\n\n<hr class=\"wp-block-separator\"\/>\n\n\n\n<h2 class=\"wp-block-heading\">optimist\nnatural eau de parfum<\/h2>\n\n\n<p><a href=\"https:\/\/decoiris.ch\/wp-content\/uploads\/2020\/01\/optimist.png\"><img loading=\"lazy\" decoding=\"async\" class=\"size-medium wp-image-30979 alignleft\" src=\"https:\/\/decoiris.ch\/wp-content\/uploads\/2020\/01\/optimist-300x210.png\" alt=\"\" width=\"300\" height=\"210\" srcset=\"https:\/\/bien-etreiris.ch\/wp-content\/uploads\/2020\/01\/optimist-300x210.png 300w, https:\/\/bien-etreiris.ch\/wp-content\/uploads\/2020\/01\/optimist.png 762w\" sizes=\"auto, (max-width: 300px) 100vw, 300px\" \/><\/a><\/p>\n<p>&nbsp;<\/p>\n<p>&nbsp;<\/p>\n<p>&nbsp;<\/p>\n<p>&nbsp;<\/p>\n<p>Un l\u00e9ger battement d\u2019ailes te transporte tout en gaiet\u00e9. Tourne ton visage vers le soleil et laisse le monde derri\u00e8re toi. Aux huiles essentielles de citron, n\u00e9roli, menthe poivr\u00e9e, m\u00e9lisse, gingembre, patchouli et autres.<\/p>\n<p>1 pi\u00e8ce <strong>CHF 53.00<\/strong><\/p>\n<p>&nbsp;<\/p>\n<p>&nbsp;<\/p>\n\n\n<hr class=\"wp-block-separator\"\/>\n\n\n\n<h2 class=\"wp-block-heading\">vanilla nuvola\nnatural eau de parfum<\/h2>\n\n\n<p><a href=\"https:\/\/decoiris.ch\/wp-content\/uploads\/2020\/01\/vanilla-nuvola.png\"><img loading=\"lazy\" decoding=\"async\" class=\"size-medium wp-image-30982 alignleft\" src=\"https:\/\/decoiris.ch\/wp-content\/uploads\/2020\/01\/vanilla-nuvola-300x230.png\" alt=\"\" width=\"300\" height=\"230\" srcset=\"https:\/\/bien-etreiris.ch\/wp-content\/uploads\/2020\/01\/vanilla-nuvola-300x230.png 300w, https:\/\/bien-etreiris.ch\/wp-content\/uploads\/2020\/01\/vanilla-nuvola.png 762w\" sizes=\"auto, (max-width: 300px) 100vw, 300px\" \/><\/a><\/p>\n<p>&nbsp;<\/p>\n<p>&nbsp;<\/p>\n<p>&nbsp;<\/p>\n<p>&nbsp;<\/p>\n<p>porter par une douce l\u00e9g\u00e8ret\u00e9 et envelopper de bienveillance. Aux huiles essentielles de vanille, ylang ylang, bois de santal et autres.<\/p>\n<p>1 pi\u00e8ce <strong>CHF 53.00<\/strong><\/p>\n<p>&nbsp;<\/p>\n<p>&nbsp;<\/p>\n\n\n<hr class=\"wp-block-separator\"\/>\n\n\n\n<h2 class=\"wp-block-heading\">woody bergamot\nnatural eau de parfum<\/h2>\n\n\n<p><a href=\"https:\/\/decoiris.ch\/wp-content\/uploads\/2020\/01\/woody-bergamot.png\"><img loading=\"lazy\" decoding=\"async\" class=\"size-medium wp-image-30985 alignleft\" src=\"https:\/\/decoiris.ch\/wp-content\/uploads\/2020\/01\/woody-bergamot-300x230.png\" alt=\"\" width=\"300\" height=\"230\" srcset=\"https:\/\/bien-etreiris.ch\/wp-content\/uploads\/2020\/01\/woody-bergamot-300x230.png 300w, https:\/\/bien-etreiris.ch\/wp-content\/uploads\/2020\/01\/woody-bergamot.png 762w\" sizes=\"auto, (max-width: 300px) 100vw, 300px\" \/><\/a><\/p>\n<p>&nbsp;<\/p>\n<p>&nbsp;<\/p>\n<p>&nbsp;<\/p>\n<p>&nbsp;<\/p>\n<p>Le soleil se l\u00e8ve l\u00e0 o\u00f9 tu fais tes rondes. La vie est l\u00e9g\u00e8re et tu es en plein dedans. Aux huiles essentielles de n\u00e9roli, mandarine, tub\u00e9reuse, bois de c\u00e8dre et autres.<\/p>\n<p>1 pi\u00e8ce <strong>CHF 53.00<\/strong><\/p>","protected":false},"excerpt":{"rendered":"<p>Nat\u00fcrliche BIO Parf\u00fcms von Farfalla Ein nat\u00fcrlicher Duft ist wie ein gutes Live-Konzert - tiefgr\u00fcndig und spannend. Auf einer CD hingegen sind die unbewussten Kl\u00e4nge ged\u00e4mpft - und ein synthetisches Parf\u00fcm ist ein bisschen so. Seit 30 Jahren sorgt der Parf\u00fcmeur Jean-Claude Richard daf\u00fcr, dass die Naturd\u00fcfte von Farfalla nuanciert und harmonisch ausgewogen sind. In der Parfumfabrik Farfalla kreiert er&nbsp;<a href=\"https:\/\/bien-etreiris.ch\/de\/produktpraesentation\/wohlfuehl-duefte\/bio-parfuems\/farfalla\/\" class=\"read-more\">Weiter lesen<\/a><\/p>\n","protected":false},"author":1,"featured_media":38659,"parent":38826,"menu_order":6360,"comment_status":"closed","ping_status":"closed","template":"page-with-child.php","meta":{"_acf_changed":false,"ngg_post_thumbnail":0,"footnotes":""},"class_list":["post-38837","page","type-page","status-publish","has-post-thumbnail","hentry"],"acf":[],"yoast_head":"<!-- This site is optimized with the Yoast SEO plugin v27.5 - https:\/\/yoast.com\/product\/yoast-seo-wordpress\/ -->\n<title>FARFALLA - WOHLBEFINDEN<\/title>\n<meta name=\"robots\" content=\"index, follow, max-snippet:-1, max-image-preview:large, max-video-preview:-1\" \/>\n<link rel=\"canonical\" href=\"https:\/\/bien-etreiris.ch\/de\/produktpraesentation\/wohlfuehl-duefte\/bio-parfuems\/farfalla\/\" \/>\n<meta property=\"og:locale\" content=\"de_DE\" \/>\n<meta property=\"og:type\" content=\"article\" \/>\n<meta property=\"og:title\" content=\"FARFALLA - WOHLBEFINDEN\" \/>\n<meta property=\"og:description\" content=\"Nat\u00fcrliche BIO Parf\u00fcms von Farfalla Ein nat\u00fcrlicher Duft ist wie ein gutes Live-Konzert - tiefgr\u00fcndig und spannend. Auf einer CD hingegen sind die unbewussten Kl\u00e4nge ged\u00e4mpft - und ein synthetisches Parf\u00fcm ist ein bisschen so. Seit 30 Jahren sorgt der Parf\u00fcmeur Jean-Claude Richard daf\u00fcr, dass die Naturd\u00fcfte von Farfalla nuanciert und harmonisch ausgewogen sind. In der Parfumfabrik Farfalla kreiert er&nbsp;Weiter lesen\" \/>\n<meta property=\"og:url\" content=\"https:\/\/bien-etreiris.ch\/de\/produktpraesentation\/wohlfuehl-duefte\/bio-parfuems\/farfalla\/\" \/>\n<meta property=\"og:site_name\" content=\"WOHLBEFINDEN\" \/>\n<meta property=\"article:publisher\" content=\"https:\/\/www.facebook.com\/bienetreiris\/\" \/>\n<meta property=\"article:modified_time\" content=\"2021-07-11T19:22:17+00:00\" \/>\n<meta property=\"og:image\" content=\"https:\/\/bien-etreiris.ch\/wp-content\/uploads\/2021\/01\/Acceuil-Farfalla.png\" \/>\n\t<meta property=\"og:image:width\" content=\"400\" \/>\n\t<meta property=\"og:image:height\" content=\"289\" \/>\n\t<meta property=\"og:image:type\" content=\"image\/png\" \/>\n<meta name=\"twitter:label1\" content=\"Gesch\u00e4tzte Lesezeit\" \/>\n\t<meta name=\"twitter:data1\" content=\"4\u00a0Minuten\" \/>\n<script type=\"application\/ld+json\" class=\"yoast-schema-graph\">{\"@context\":\"https:\\\/\\\/schema.org\",\"@graph\":[{\"@type\":\"WebPage\",\"@id\":\"https:\\\/\\\/bien-etreiris.ch\\\/de\\\/produktpraesentation\\\/wohlfuehl-duefte\\\/bio-parfuems\\\/farfalla\\\/\",\"url\":\"https:\\\/\\\/bien-etreiris.ch\\\/de\\\/produktpraesentation\\\/wohlfuehl-duefte\\\/bio-parfuems\\\/farfalla\\\/\",\"name\":\"FARFALLA - WOHLBEFINDEN\",\"isPartOf\":{\"@id\":\"https:\\\/\\\/bien-etreiris.ch\\\/de\\\/#website\"},\"primaryImageOfPage\":{\"@id\":\"https:\\\/\\\/bien-etreiris.ch\\\/de\\\/produktpraesentation\\\/wohlfuehl-duefte\\\/bio-parfuems\\\/farfalla\\\/#primaryimage\"},\"image\":{\"@id\":\"https:\\\/\\\/bien-etreiris.ch\\\/de\\\/produktpraesentation\\\/wohlfuehl-duefte\\\/bio-parfuems\\\/farfalla\\\/#primaryimage\"},\"thumbnailUrl\":\"https:\\\/\\\/bien-etreiris.ch\\\/wp-content\\\/uploads\\\/2021\\\/01\\\/Acceuil-Farfalla.png\",\"datePublished\":\"2021-01-18T06:22:01+00:00\",\"dateModified\":\"2021-07-11T19:22:17+00:00\",\"breadcrumb\":{\"@id\":\"https:\\\/\\\/bien-etreiris.ch\\\/de\\\/produktpraesentation\\\/wohlfuehl-duefte\\\/bio-parfuems\\\/farfalla\\\/#breadcrumb\"},\"inLanguage\":\"de\",\"potentialAction\":[{\"@type\":\"ReadAction\",\"target\":[\"https:\\\/\\\/bien-etreiris.ch\\\/de\\\/produktpraesentation\\\/wohlfuehl-duefte\\\/bio-parfuems\\\/farfalla\\\/\"]}]},{\"@type\":\"ImageObject\",\"inLanguage\":\"de\",\"@id\":\"https:\\\/\\\/bien-etreiris.ch\\\/de\\\/produktpraesentation\\\/wohlfuehl-duefte\\\/bio-parfuems\\\/farfalla\\\/#primaryimage\",\"url\":\"https:\\\/\\\/bien-etreiris.ch\\\/wp-content\\\/uploads\\\/2021\\\/01\\\/Acceuil-Farfalla.png\",\"contentUrl\":\"https:\\\/\\\/bien-etreiris.ch\\\/wp-content\\\/uploads\\\/2021\\\/01\\\/Acceuil-Farfalla.png\",\"width\":400,\"height\":289},{\"@type\":\"BreadcrumbList\",\"@id\":\"https:\\\/\\\/bien-etreiris.ch\\\/de\\\/produktpraesentation\\\/wohlfuehl-duefte\\\/bio-parfuems\\\/farfalla\\\/#breadcrumb\",\"itemListElement\":[{\"@type\":\"ListItem\",\"position\":1,\"name\":\"Home\",\"item\":\"https:\\\/\\\/bien-etreiris.ch\\\/de\\\/\"},{\"@type\":\"ListItem\",\"position\":2,\"name\":\"PRODUKTPR\u00c4SENTATION\",\"item\":\"https:\\\/\\\/bien-etreiris.ch\\\/de\\\/produktpraesentation\\\/\"},{\"@type\":\"ListItem\",\"position\":3,\"name\":\"WOHLF\u00dcHL-D\u00dcFTE\",\"item\":\"https:\\\/\\\/bien-etreiris.ch\\\/de\\\/produktpraesentation\\\/wohlfuehl-duefte\\\/\"},{\"@type\":\"ListItem\",\"position\":4,\"name\":\"BIO PARF\u00dcMS\",\"item\":\"https:\\\/\\\/bien-etreiris.ch\\\/de\\\/produktpraesentation\\\/wohlfuehl-duefte\\\/bio-parfuems\\\/\"},{\"@type\":\"ListItem\",\"position\":5,\"name\":\"FARFALLA\"}]},{\"@type\":\"WebSite\",\"@id\":\"https:\\\/\\\/bien-etreiris.ch\\\/de\\\/#website\",\"url\":\"https:\\\/\\\/bien-etreiris.ch\\\/de\\\/\",\"name\":\"Bien-\u00eatre Iris\",\"description\":\"IHRE Gesundheit ist uns wichtig\",\"potentialAction\":[{\"@type\":\"SearchAction\",\"target\":{\"@type\":\"EntryPoint\",\"urlTemplate\":\"https:\\\/\\\/bien-etreiris.ch\\\/de\\\/?s={search_term_string}\"},\"query-input\":{\"@type\":\"PropertyValueSpecification\",\"valueRequired\":true,\"valueName\":\"search_term_string\"}}],\"inLanguage\":\"de\"}]}<\/script>\n<!-- \/ Yoast SEO plugin. -->","yoast_head_json":{"title":"FARFALLA - WOHLBEFINDEN","robots":{"index":"index","follow":"follow","max-snippet":"max-snippet:-1","max-image-preview":"max-image-preview:large","max-video-preview":"max-video-preview:-1"},"canonical":"https:\/\/bien-etreiris.ch\/de\/produktpraesentation\/wohlfuehl-duefte\/bio-parfuems\/farfalla\/","og_locale":"de_DE","og_type":"article","og_title":"FARFALLA - WOHLBEFINDEN","og_description":"Nat\u00fcrliche BIO Parf\u00fcms von Farfalla Ein nat\u00fcrlicher Duft ist wie ein gutes Live-Konzert - tiefgr\u00fcndig und spannend. Auf einer CD hingegen sind die unbewussten Kl\u00e4nge ged\u00e4mpft - und ein synthetisches Parf\u00fcm ist ein bisschen so. Seit 30 Jahren sorgt der Parf\u00fcmeur Jean-Claude Richard daf\u00fcr, dass die Naturd\u00fcfte von Farfalla nuanciert und harmonisch ausgewogen sind. In der Parfumfabrik Farfalla kreiert er&nbsp;Weiter lesen","og_url":"https:\/\/bien-etreiris.ch\/de\/produktpraesentation\/wohlfuehl-duefte\/bio-parfuems\/farfalla\/","og_site_name":"WOHLBEFINDEN","article_publisher":"https:\/\/www.facebook.com\/bienetreiris\/","article_modified_time":"2021-07-11T19:22:17+00:00","og_image":[{"width":400,"height":289,"url":"https:\/\/bien-etreiris.ch\/wp-content\/uploads\/2021\/01\/Acceuil-Farfalla.png","type":"image\/png"}],"twitter_misc":{"Gesch\u00e4tzte Lesezeit":"4\u00a0Minuten"},"schema":{"@context":"https:\/\/schema.org","@graph":[{"@type":"WebPage","@id":"https:\/\/bien-etreiris.ch\/de\/produktpraesentation\/wohlfuehl-duefte\/bio-parfuems\/farfalla\/","url":"https:\/\/bien-etreiris.ch\/de\/produktpraesentation\/wohlfuehl-duefte\/bio-parfuems\/farfalla\/","name":"FARFALLA - WOHLBEFINDEN","isPartOf":{"@id":"https:\/\/bien-etreiris.ch\/de\/#website"},"primaryImageOfPage":{"@id":"https:\/\/bien-etreiris.ch\/de\/produktpraesentation\/wohlfuehl-duefte\/bio-parfuems\/farfalla\/#primaryimage"},"image":{"@id":"https:\/\/bien-etreiris.ch\/de\/produktpraesentation\/wohlfuehl-duefte\/bio-parfuems\/farfalla\/#primaryimage"},"thumbnailUrl":"https:\/\/bien-etreiris.ch\/wp-content\/uploads\/2021\/01\/Acceuil-Farfalla.png","datePublished":"2021-01-18T06:22:01+00:00","dateModified":"2021-07-11T19:22:17+00:00","breadcrumb":{"@id":"https:\/\/bien-etreiris.ch\/de\/produktpraesentation\/wohlfuehl-duefte\/bio-parfuems\/farfalla\/#breadcrumb"},"inLanguage":"de","potentialAction":[{"@type":"ReadAction","target":["https:\/\/bien-etreiris.ch\/de\/produktpraesentation\/wohlfuehl-duefte\/bio-parfuems\/farfalla\/"]}]},{"@type":"ImageObject","inLanguage":"de","@id":"https:\/\/bien-etreiris.ch\/de\/produktpraesentation\/wohlfuehl-duefte\/bio-parfuems\/farfalla\/#primaryimage","url":"https:\/\/bien-etreiris.ch\/wp-content\/uploads\/2021\/01\/Acceuil-Farfalla.png","contentUrl":"https:\/\/bien-etreiris.ch\/wp-content\/uploads\/2021\/01\/Acceuil-Farfalla.png","width":400,"height":289},{"@type":"BreadcrumbList","@id":"https:\/\/bien-etreiris.ch\/de\/produktpraesentation\/wohlfuehl-duefte\/bio-parfuems\/farfalla\/#breadcrumb","itemListElement":[{"@type":"ListItem","position":1,"name":"Home","item":"https:\/\/bien-etreiris.ch\/de\/"},{"@type":"ListItem","position":2,"name":"PRODUKTPR\u00c4SENTATION","item":"https:\/\/bien-etreiris.ch\/de\/produktpraesentation\/"},{"@type":"ListItem","position":3,"name":"WOHLF\u00dcHL-D\u00dcFTE","item":"https:\/\/bien-etreiris.ch\/de\/produktpraesentation\/wohlfuehl-duefte\/"},{"@type":"ListItem","position":4,"name":"BIO PARF\u00dcMS","item":"https:\/\/bien-etreiris.ch\/de\/produktpraesentation\/wohlfuehl-duefte\/bio-parfuems\/"},{"@type":"ListItem","position":5,"name":"FARFALLA"}]},{"@type":"WebSite","@id":"https:\/\/bien-etreiris.ch\/de\/#website","url":"https:\/\/bien-etreiris.ch\/de\/","name":"Bien-\u00eatre Iris","description":"IHRE Gesundheit ist uns wichtig","potentialAction":[{"@type":"SearchAction","target":{"@type":"EntryPoint","urlTemplate":"https:\/\/bien-etreiris.ch\/de\/?s={search_term_string}"},"query-input":{"@type":"PropertyValueSpecification","valueRequired":true,"valueName":"search_term_string"}}],"inLanguage":"de"}]}},"_links":{"self":[{"href":"https:\/\/bien-etreiris.ch\/de\/wp-json\/wp\/v2\/pages\/38837","targetHints":{"allow":["GET"]}}],"collection":[{"href":"https:\/\/bien-etreiris.ch\/de\/wp-json\/wp\/v2\/pages"}],"about":[{"href":"https:\/\/bien-etreiris.ch\/de\/wp-json\/wp\/v2\/types\/page"}],"author":[{"embeddable":true,"href":"https:\/\/bien-etreiris.ch\/de\/wp-json\/wp\/v2\/users\/1"}],"replies":[{"embeddable":true,"href":"https:\/\/bien-etreiris.ch\/de\/wp-json\/wp\/v2\/comments?post=38837"}],"version-history":[{"count":8,"href":"https:\/\/bien-etreiris.ch\/de\/wp-json\/wp\/v2\/pages\/38837\/revisions"}],"predecessor-version":[{"id":51853,"href":"https:\/\/bien-etreiris.ch\/de\/wp-json\/wp\/v2\/pages\/38837\/revisions\/51853"}],"up":[{"embeddable":true,"href":"https:\/\/bien-etreiris.ch\/de\/wp-json\/wp\/v2\/pages\/38826"}],"wp:featuredmedia":[{"embeddable":true,"href":"https:\/\/bien-etreiris.ch\/de\/wp-json\/wp\/v2\/media\/38659"}],"wp:attachment":[{"href":"https:\/\/bien-etreiris.ch\/de\/wp-json\/wp\/v2\/media?parent=38837"}],"curies":[{"name":"wp","href":"https:\/\/api.w.org\/{rel}","templated":true}]}}