{"id":38816,"date":"2020-09-29T09:37:01","date_gmt":"2020-09-29T09:37:01","guid":{"rendered":"https:\/\/bien-etreiris.ch\/wohlbefinden\/wohlfuehl-duefte\/natural-parfum\/"},"modified":"2021-07-11T20:29:32","modified_gmt":"2021-07-11T18:29:32","slug":"natuerliche-parfuems","status":"publish","type":"page","link":"https:\/\/bien-etreiris.ch\/de\/produktpraesentation\/wohlfuehl-duefte\/natuerliche-parfuems\/","title":{"rendered":"NAT\u00dcRLICHE PARF\u00dcMS"},"content":{"rendered":"\n<h2 class=\"wp-block-heading\"> <br>Nat\u00fcrlicher Duft auf \u00f6liger Basis <\/h2>\n\n\n<p><span class=\"VIiyi\" lang=\"de\"><span class=\"JLqJ4b ChMk0b\" data-language-for-alternatives=\"de\" data-language-to-translate-into=\"fr\" data-phrase-index=\"0\">Kraftvolle D\u00fcfte, die ausschlie\u00dflich aus nat\u00fcrlichen Essenzen auf \u00f6liger Basis in der reinsten Tradition des Orients bestehen.<\/span><\/span><\/p>\n<p>&nbsp;<\/p>\n\n\n<h2 class=\"wp-block-heading\"> <br>Die G\u00e4rten von Damaskus <\/h2>\n\n\n<p><a href=\"https:\/\/decoiris.ch\/wp-content\/uploads\/2020\/09\/Les-Jardins-de-Damas.png\"><img loading=\"lazy\" decoding=\"async\" class=\"size-medium wp-image-32322 alignleft\" src=\"https:\/\/decoiris.ch\/wp-content\/uploads\/2020\/09\/Les-Jardins-de-Damas-245x300.png\" alt=\"\" width=\"245\" height=\"300\" srcset=\"https:\/\/bien-etreiris.ch\/wp-content\/uploads\/2020\/09\/Les-Jardins-de-Damas-245x300.png 245w, https:\/\/bien-etreiris.ch\/wp-content\/uploads\/2020\/09\/Les-Jardins-de-Damas.png 400w\" sizes=\"auto, (max-width: 245px) 100vw, 245px\" \/><\/a><\/p>\n<p>&nbsp;<\/p>\n<p><span class=\"VIiyi\" lang=\"de\"><span class=\"JLqJ4b ChMk0b\" data-language-for-alternatives=\"de\" data-language-to-translate-into=\"fr\" data-phrase-index=\"1\">&nbsp;<\/span><\/span><\/p>\n<p>1 Fl\u00e4schli 12 ml <strong>CHF 21.85<\/strong><\/p>\n<p><span class=\"VIiyi\" lang=\"de\"><span class=\"JLqJ4b ChMk0b\" data-language-for-alternatives=\"de\" data-language-to-translate-into=\"fr\" data-phrase-index=\"0\">Ein n\u00e4chtlicher Spaziergang in den G\u00e4rten von Damaskus, wo sich die D\u00fcfte von Rose und Jasmin vermischen ... Ein gro\u00dfartiges alkoholfreies Parf\u00fcm in der h\u00f6chsten Tradition des Orients.<\/span> <span class=\"JLqJ4b ChMk0b\" data-language-for-alternatives=\"de\" data-language-to-translate-into=\"fr\" data-phrase-index=\"1\">Ausschlie\u00dflich aus nat\u00fcrlichen Essenzen zusammengesetzt.<\/span><\/span><\/p>\n<p>&nbsp;<\/p>\n<p>&nbsp;<\/p>\n<p><span class=\"VIiyi\" lang=\"de\"><span class=\"JLqJ4b ChMk0b\" data-language-for-alternatives=\"de\" data-language-to-translate-into=\"fr\" data-phrase-index=\"0\">Mit Gl\u00fcck entdecken Sie ein gro\u00dfartiges Parf\u00fcm in der Tradition des Nahen Ostens, das hei\u00dft auf \u00f6liger Basis (ohne Alkohol). Ein n\u00e4chtlicher Spaziergang in den G\u00e4rten von Damaskus, wo sich die D\u00fcfte der Rose vermischen, und<\/span> <span class=\"JLqJ4b ChMk0b\" data-language-for-alternatives=\"de\" data-language-to-translate-into=\"fr\" data-phrase-index=\"1\">Jasmin ... und viele andere D\u00fcfte, die es zu entdecken gilt! Alepia bietet Ihnen sein neues Parf\u00fcm an, das nur aus nat\u00fcrlichen Essenzen besteht. <\/span><\/span><\/p>\n<p><span class=\"VIiyi\" lang=\"de\"><span class=\"JLqJ4b ChMk0b\" data-language-for-alternatives=\"de\" data-language-to-translate-into=\"fr\" data-phrase-index=\"1\">Kapazit\u00e4t: 12 ml <\/span><\/span><\/p>\n<p><span class=\"VIiyi\" lang=\"de\"><span class=\"JLqJ4b ChMk0b\" data-language-for-alternatives=\"de\" data-language-to-translate-into=\"fr\" data-phrase-index=\"1\">Parf\u00fcm unverd\u00fcnnt ohne Alkohol: Konzentriert, h\u00e4lt lange. <\/span><\/span><\/p>\n<p><strong><span class=\"VIiyi\" lang=\"de\"><span class=\"JLqJ4b ChMk0b\" data-language-for-alternatives=\"de\" data-language-to-translate-into=\"fr\" data-phrase-index=\"5\">Zutaten:<\/span><\/span><\/strong><\/p>\n<p><span class=\"VIiyi\" lang=\"de\"><span class=\"JLqJ4b ChMk0b\" data-language-for-alternatives=\"de\" data-language-to-translate-into=\"fr\" data-phrase-index=\"5\"> Helianthus Annuus (Sonnenblumen) Samen\u00f6l, Parfum, Tocopherol, Linalool, Limonen, Benzylbenzoat, Geraniol, Farnesol, Benzylsalicylat, Eugenol<\/span><\/span><\/p>\n<p>&nbsp;<\/p>\n<p><span class=\"VIiyi\" lang=\"de\"><span class=\"JLqJ4b ChMk0b\" data-language-for-alternatives=\"de\" data-language-to-translate-into=\"fr\" data-phrase-index=\"0\"><a href=\"https:\/\/decoiris.ch\/wp-content\/uploads\/2020\/09\/Les-Jardins-de-Damas-Roll-on.png\"><img loading=\"lazy\" decoding=\"async\" class=\"wp-image-32331 alignleft\" src=\"https:\/\/decoiris.ch\/wp-content\/uploads\/2020\/09\/Les-Jardins-de-Damas-Roll-on.png\" alt=\"\" width=\"88\" height=\"162\"><\/a>Roll-on: Parf\u00fcm \"G\u00e4rten von Damaskus\"<\/span> <\/span><\/p>\n<p><span class=\"VIiyi\" lang=\"de\"><span class=\"JLqJ4b ChMk0b\" data-language-for-alternatives=\"de\" data-language-to-translate-into=\"fr\" data-phrase-index=\"2\">Kapazit\u00e4t: 5 ml Parf\u00fcm unverd\u00fcnnt ohne Alkohol, konzentriert h\u00e4lt es lange.<\/span><\/span><\/p>\n<p>1 Fl\u00e4schli f\u00fcr die Handtasche <strong>CHF 5.60<\/strong><\/p>\n<p>&nbsp;<\/p>\n<p>&nbsp;<\/p>\n\n\n<hr class=\"wp-block-separator\"\/>\n","protected":false},"excerpt":{"rendered":"<p>Nat\u00fcrlicher Duft auf \u00f6liger Basis Kraftvolle D\u00fcfte, die ausschlie\u00dflich aus nat\u00fcrlichen Essenzen auf \u00f6liger Basis in der reinsten Tradition des Orients bestehen. &nbsp; Die G\u00e4rten von Damaskus &nbsp; &nbsp; 1 Fl\u00e4schli 12 ml CHF 21.85 Ein n\u00e4chtlicher Spaziergang in den G\u00e4rten von Damaskus, wo sich die D\u00fcfte von Rose und Jasmin vermischen ... Ein gro\u00dfartiges alkoholfreies Parf\u00fcm in der h\u00f6chsten&nbsp;<a href=\"https:\/\/bien-etreiris.ch\/de\/produktpraesentation\/wohlfuehl-duefte\/natuerliche-parfuems\/\" class=\"read-more\">Weiter lesen<\/a><\/p>\n","protected":false},"author":1,"featured_media":32311,"parent":36011,"menu_order":6996,"comment_status":"closed","ping_status":"closed","template":"page-with-child.php","meta":{"_acf_changed":false,"ngg_post_thumbnail":0,"footnotes":""},"class_list":["post-38816","page","type-page","status-publish","has-post-thumbnail","hentry"],"acf":[],"yoast_head":"<!-- This site is optimized with the Yoast SEO plugin v27.5 - https:\/\/yoast.com\/product\/yoast-seo-wordpress\/ -->\n<title>NAT\u00dcRLICHE PARF\u00dcMS - WOHLBEFINDEN<\/title>\n<meta name=\"robots\" content=\"index, follow, max-snippet:-1, max-image-preview:large, max-video-preview:-1\" \/>\n<link rel=\"canonical\" href=\"https:\/\/bien-etreiris.ch\/de\/produktpraesentation\/wohlfuehl-duefte\/natuerliche-parfuems\/\" \/>\n<meta property=\"og:locale\" content=\"de_DE\" \/>\n<meta property=\"og:type\" content=\"article\" \/>\n<meta property=\"og:title\" content=\"NAT\u00dcRLICHE PARF\u00dcMS - WOHLBEFINDEN\" \/>\n<meta property=\"og:description\" content=\"Nat\u00fcrlicher Duft auf \u00f6liger Basis Kraftvolle D\u00fcfte, die ausschlie\u00dflich aus nat\u00fcrlichen Essenzen auf \u00f6liger Basis in der reinsten Tradition des Orients bestehen. &nbsp; Die G\u00e4rten von Damaskus &nbsp; &nbsp; 1 Fl\u00e4schli 12 ml CHF 21.85 Ein n\u00e4chtlicher Spaziergang in den G\u00e4rten von Damaskus, wo sich die D\u00fcfte von Rose und Jasmin vermischen ... Ein gro\u00dfartiges alkoholfreies Parf\u00fcm in der h\u00f6chsten&nbsp;Weiter lesen\" \/>\n<meta property=\"og:url\" content=\"https:\/\/bien-etreiris.ch\/de\/produktpraesentation\/wohlfuehl-duefte\/natuerliche-parfuems\/\" \/>\n<meta property=\"og:site_name\" content=\"WOHLBEFINDEN\" \/>\n<meta property=\"article:publisher\" content=\"https:\/\/www.facebook.com\/bienetreiris\/\" \/>\n<meta property=\"article:modified_time\" content=\"2021-07-11T18:29:32+00:00\" \/>\n<meta property=\"og:image\" content=\"https:\/\/bien-etreiris.ch\/wp-content\/uploads\/2020\/09\/acceuil-2-1.jpg\" \/>\n\t<meta property=\"og:image:width\" content=\"500\" \/>\n\t<meta property=\"og:image:height\" content=\"333\" \/>\n\t<meta property=\"og:image:type\" content=\"image\/jpeg\" \/>\n<meta name=\"twitter:label1\" content=\"Gesch\u00e4tzte Lesezeit\" \/>\n\t<meta name=\"twitter:data1\" content=\"2\u00a0Minuten\" \/>\n<script type=\"application\/ld+json\" class=\"yoast-schema-graph\">{\"@context\":\"https:\\\/\\\/schema.org\",\"@graph\":[{\"@type\":\"WebPage\",\"@id\":\"https:\\\/\\\/bien-etreiris.ch\\\/de\\\/produktpraesentation\\\/wohlfuehl-duefte\\\/natuerliche-parfuems\\\/\",\"url\":\"https:\\\/\\\/bien-etreiris.ch\\\/de\\\/produktpraesentation\\\/wohlfuehl-duefte\\\/natuerliche-parfuems\\\/\",\"name\":\"NAT\u00dcRLICHE PARF\u00dcMS - WOHLBEFINDEN\",\"isPartOf\":{\"@id\":\"https:\\\/\\\/bien-etreiris.ch\\\/de\\\/#website\"},\"primaryImageOfPage\":{\"@id\":\"https:\\\/\\\/bien-etreiris.ch\\\/de\\\/produktpraesentation\\\/wohlfuehl-duefte\\\/natuerliche-parfuems\\\/#primaryimage\"},\"image\":{\"@id\":\"https:\\\/\\\/bien-etreiris.ch\\\/de\\\/produktpraesentation\\\/wohlfuehl-duefte\\\/natuerliche-parfuems\\\/#primaryimage\"},\"thumbnailUrl\":\"https:\\\/\\\/bien-etreiris.ch\\\/wp-content\\\/uploads\\\/2020\\\/09\\\/acceuil-2-1.jpg\",\"datePublished\":\"2020-09-29T09:37:01+00:00\",\"dateModified\":\"2021-07-11T18:29:32+00:00\",\"breadcrumb\":{\"@id\":\"https:\\\/\\\/bien-etreiris.ch\\\/de\\\/produktpraesentation\\\/wohlfuehl-duefte\\\/natuerliche-parfuems\\\/#breadcrumb\"},\"inLanguage\":\"de\",\"potentialAction\":[{\"@type\":\"ReadAction\",\"target\":[\"https:\\\/\\\/bien-etreiris.ch\\\/de\\\/produktpraesentation\\\/wohlfuehl-duefte\\\/natuerliche-parfuems\\\/\"]}]},{\"@type\":\"ImageObject\",\"inLanguage\":\"de\",\"@id\":\"https:\\\/\\\/bien-etreiris.ch\\\/de\\\/produktpraesentation\\\/wohlfuehl-duefte\\\/natuerliche-parfuems\\\/#primaryimage\",\"url\":\"https:\\\/\\\/bien-etreiris.ch\\\/wp-content\\\/uploads\\\/2020\\\/09\\\/acceuil-2-1.jpg\",\"contentUrl\":\"https:\\\/\\\/bien-etreiris.ch\\\/wp-content\\\/uploads\\\/2020\\\/09\\\/acceuil-2-1.jpg\",\"width\":500,\"height\":333},{\"@type\":\"BreadcrumbList\",\"@id\":\"https:\\\/\\\/bien-etreiris.ch\\\/de\\\/produktpraesentation\\\/wohlfuehl-duefte\\\/natuerliche-parfuems\\\/#breadcrumb\",\"itemListElement\":[{\"@type\":\"ListItem\",\"position\":1,\"name\":\"Home\",\"item\":\"https:\\\/\\\/bien-etreiris.ch\\\/de\\\/\"},{\"@type\":\"ListItem\",\"position\":2,\"name\":\"PRODUKTPR\u00c4SENTATION\",\"item\":\"https:\\\/\\\/bien-etreiris.ch\\\/de\\\/produktpraesentation\\\/\"},{\"@type\":\"ListItem\",\"position\":3,\"name\":\"WOHLF\u00dcHL-D\u00dcFTE\",\"item\":\"https:\\\/\\\/bien-etreiris.ch\\\/de\\\/produktpraesentation\\\/wohlfuehl-duefte\\\/\"},{\"@type\":\"ListItem\",\"position\":4,\"name\":\"NAT\u00dcRLICHE PARF\u00dcMS\"}]},{\"@type\":\"WebSite\",\"@id\":\"https:\\\/\\\/bien-etreiris.ch\\\/de\\\/#website\",\"url\":\"https:\\\/\\\/bien-etreiris.ch\\\/de\\\/\",\"name\":\"Bien-\u00eatre Iris\",\"description\":\"IHRE Gesundheit ist uns wichtig\",\"potentialAction\":[{\"@type\":\"SearchAction\",\"target\":{\"@type\":\"EntryPoint\",\"urlTemplate\":\"https:\\\/\\\/bien-etreiris.ch\\\/de\\\/?s={search_term_string}\"},\"query-input\":{\"@type\":\"PropertyValueSpecification\",\"valueRequired\":true,\"valueName\":\"search_term_string\"}}],\"inLanguage\":\"de\"}]}<\/script>\n<!-- \/ Yoast SEO plugin. -->","yoast_head_json":{"title":"NAT\u00dcRLICHE PARF\u00dcMS - WOHLBEFINDEN","robots":{"index":"index","follow":"follow","max-snippet":"max-snippet:-1","max-image-preview":"max-image-preview:large","max-video-preview":"max-video-preview:-1"},"canonical":"https:\/\/bien-etreiris.ch\/de\/produktpraesentation\/wohlfuehl-duefte\/natuerliche-parfuems\/","og_locale":"de_DE","og_type":"article","og_title":"NAT\u00dcRLICHE PARF\u00dcMS - WOHLBEFINDEN","og_description":"Nat\u00fcrlicher Duft auf \u00f6liger Basis Kraftvolle D\u00fcfte, die ausschlie\u00dflich aus nat\u00fcrlichen Essenzen auf \u00f6liger Basis in der reinsten Tradition des Orients bestehen. &nbsp; Die G\u00e4rten von Damaskus &nbsp; &nbsp; 1 Fl\u00e4schli 12 ml CHF 21.85 Ein n\u00e4chtlicher Spaziergang in den G\u00e4rten von Damaskus, wo sich die D\u00fcfte von Rose und Jasmin vermischen ... Ein gro\u00dfartiges alkoholfreies Parf\u00fcm in der h\u00f6chsten&nbsp;Weiter lesen","og_url":"https:\/\/bien-etreiris.ch\/de\/produktpraesentation\/wohlfuehl-duefte\/natuerliche-parfuems\/","og_site_name":"WOHLBEFINDEN","article_publisher":"https:\/\/www.facebook.com\/bienetreiris\/","article_modified_time":"2021-07-11T18:29:32+00:00","og_image":[{"width":500,"height":333,"url":"https:\/\/bien-etreiris.ch\/wp-content\/uploads\/2020\/09\/acceuil-2-1.jpg","type":"image\/jpeg"}],"twitter_misc":{"Gesch\u00e4tzte Lesezeit":"2\u00a0Minuten"},"schema":{"@context":"https:\/\/schema.org","@graph":[{"@type":"WebPage","@id":"https:\/\/bien-etreiris.ch\/de\/produktpraesentation\/wohlfuehl-duefte\/natuerliche-parfuems\/","url":"https:\/\/bien-etreiris.ch\/de\/produktpraesentation\/wohlfuehl-duefte\/natuerliche-parfuems\/","name":"NAT\u00dcRLICHE PARF\u00dcMS - WOHLBEFINDEN","isPartOf":{"@id":"https:\/\/bien-etreiris.ch\/de\/#website"},"primaryImageOfPage":{"@id":"https:\/\/bien-etreiris.ch\/de\/produktpraesentation\/wohlfuehl-duefte\/natuerliche-parfuems\/#primaryimage"},"image":{"@id":"https:\/\/bien-etreiris.ch\/de\/produktpraesentation\/wohlfuehl-duefte\/natuerliche-parfuems\/#primaryimage"},"thumbnailUrl":"https:\/\/bien-etreiris.ch\/wp-content\/uploads\/2020\/09\/acceuil-2-1.jpg","datePublished":"2020-09-29T09:37:01+00:00","dateModified":"2021-07-11T18:29:32+00:00","breadcrumb":{"@id":"https:\/\/bien-etreiris.ch\/de\/produktpraesentation\/wohlfuehl-duefte\/natuerliche-parfuems\/#breadcrumb"},"inLanguage":"de","potentialAction":[{"@type":"ReadAction","target":["https:\/\/bien-etreiris.ch\/de\/produktpraesentation\/wohlfuehl-duefte\/natuerliche-parfuems\/"]}]},{"@type":"ImageObject","inLanguage":"de","@id":"https:\/\/bien-etreiris.ch\/de\/produktpraesentation\/wohlfuehl-duefte\/natuerliche-parfuems\/#primaryimage","url":"https:\/\/bien-etreiris.ch\/wp-content\/uploads\/2020\/09\/acceuil-2-1.jpg","contentUrl":"https:\/\/bien-etreiris.ch\/wp-content\/uploads\/2020\/09\/acceuil-2-1.jpg","width":500,"height":333},{"@type":"BreadcrumbList","@id":"https:\/\/bien-etreiris.ch\/de\/produktpraesentation\/wohlfuehl-duefte\/natuerliche-parfuems\/#breadcrumb","itemListElement":[{"@type":"ListItem","position":1,"name":"Home","item":"https:\/\/bien-etreiris.ch\/de\/"},{"@type":"ListItem","position":2,"name":"PRODUKTPR\u00c4SENTATION","item":"https:\/\/bien-etreiris.ch\/de\/produktpraesentation\/"},{"@type":"ListItem","position":3,"name":"WOHLF\u00dcHL-D\u00dcFTE","item":"https:\/\/bien-etreiris.ch\/de\/produktpraesentation\/wohlfuehl-duefte\/"},{"@type":"ListItem","position":4,"name":"NAT\u00dcRLICHE PARF\u00dcMS"}]},{"@type":"WebSite","@id":"https:\/\/bien-etreiris.ch\/de\/#website","url":"https:\/\/bien-etreiris.ch\/de\/","name":"Bien-\u00eatre Iris","description":"IHRE Gesundheit ist uns wichtig","potentialAction":[{"@type":"SearchAction","target":{"@type":"EntryPoint","urlTemplate":"https:\/\/bien-etreiris.ch\/de\/?s={search_term_string}"},"query-input":{"@type":"PropertyValueSpecification","valueRequired":true,"valueName":"search_term_string"}}],"inLanguage":"de"}]}},"_links":{"self":[{"href":"https:\/\/bien-etreiris.ch\/de\/wp-json\/wp\/v2\/pages\/38816","targetHints":{"allow":["GET"]}}],"collection":[{"href":"https:\/\/bien-etreiris.ch\/de\/wp-json\/wp\/v2\/pages"}],"about":[{"href":"https:\/\/bien-etreiris.ch\/de\/wp-json\/wp\/v2\/types\/page"}],"author":[{"embeddable":true,"href":"https:\/\/bien-etreiris.ch\/de\/wp-json\/wp\/v2\/users\/1"}],"replies":[{"embeddable":true,"href":"https:\/\/bien-etreiris.ch\/de\/wp-json\/wp\/v2\/comments?post=38816"}],"version-history":[{"count":7,"href":"https:\/\/bien-etreiris.ch\/de\/wp-json\/wp\/v2\/pages\/38816\/revisions"}],"predecessor-version":[{"id":51846,"href":"https:\/\/bien-etreiris.ch\/de\/wp-json\/wp\/v2\/pages\/38816\/revisions\/51846"}],"up":[{"embeddable":true,"href":"https:\/\/bien-etreiris.ch\/de\/wp-json\/wp\/v2\/pages\/36011"}],"wp:featuredmedia":[{"embeddable":true,"href":"https:\/\/bien-etreiris.ch\/de\/wp-json\/wp\/v2\/media\/32311"}],"wp:attachment":[{"href":"https:\/\/bien-etreiris.ch\/de\/wp-json\/wp\/v2\/media?parent=38816"}],"curies":[{"name":"wp","href":"https:\/\/api.w.org\/{rel}","templated":true}]}}