{"id":38806,"date":"2020-01-14T21:27:08","date_gmt":"2020-01-14T21:27:08","guid":{"rendered":"https:\/\/bien-etreiris.ch\/wohlbefinden\/wohlfuehl-duefte\/spray-dambiance\/"},"modified":"2021-07-11T18:31:06","modified_gmt":"2021-07-11T16:31:06","slug":"raumsprays","status":"publish","type":"page","link":"https:\/\/bien-etreiris.ch\/de\/produktpraesentation\/wohlfuehl-duefte\/raumsprays\/","title":{"rendered":"RAUMSPRAYS"},"content":{"rendered":"\n<p> <br><\/p>\n\n\n<p><span class=\"tlid-translation translation\" lang=\"fr\"><span class=\"\" title=\"\">Gute Schwingungen f\u00fcr die Raumluft. Wenn die Raumatmosph\u00e4re eine intensive Reinigung ben\u00f6tigt, ist der frische Duft von Lemongrass das richtige Reinigungsmittel. Die Kombination aus grasigen und sauren D\u00fcften ist pr\u00e4destiniert, um unangenehme Ger\u00fcche zu neutralisieren und schlechte Schwingungen zu beseitigen. Mit 100 % naturreinen \u00e4therischen \u00d6len (Citronella, Weihrauch, Zitrone, Orange, etc.)<\/span><\/span><\/p>\n<p>&nbsp;<\/p>","protected":false},"excerpt":{"rendered":"<p>Gute Schwingungen f\u00fcr die Raumluft. Wenn die Raumatmosph\u00e4re eine intensive Reinigung ben\u00f6tigt, ist der frische Duft von Lemongrass das richtige Reinigungsmittel. Die Kombination aus grasigen und sauren D\u00fcften ist pr\u00e4destiniert, um unangenehme Ger\u00fcche zu neutralisieren und schlechte Schwingungen zu beseitigen. Mit 100 % naturreinen \u00e4therischen \u00d6len (Citronella, Weihrauch, Zitrone, Orange, etc.) &nbsp;<\/p>\n","protected":false},"author":1,"featured_media":31014,"parent":36011,"menu_order":7130,"comment_status":"closed","ping_status":"closed","template":"page-with-child.php","meta":{"_acf_changed":false,"ngg_post_thumbnail":0,"footnotes":""},"class_list":["post-38806","page","type-page","status-publish","has-post-thumbnail","hentry"],"acf":[],"yoast_head":"<!-- This site is optimized with the Yoast SEO plugin v27.5 - https:\/\/yoast.com\/product\/yoast-seo-wordpress\/ -->\n<title>RAUMSPRAYS - WOHLBEFINDEN<\/title>\n<meta name=\"robots\" content=\"index, follow, max-snippet:-1, max-image-preview:large, max-video-preview:-1\" \/>\n<link rel=\"canonical\" href=\"https:\/\/bien-etreiris.ch\/de\/produktpraesentation\/wohlfuehl-duefte\/raumsprays\/\" \/>\n<meta property=\"og:locale\" content=\"de_DE\" \/>\n<meta property=\"og:type\" content=\"article\" \/>\n<meta property=\"og:title\" content=\"RAUMSPRAYS - WOHLBEFINDEN\" \/>\n<meta property=\"og:description\" content=\"Gute Schwingungen f\u00fcr die Raumluft. Wenn die Raumatmosph\u00e4re eine intensive Reinigung ben\u00f6tigt, ist der frische Duft von Lemongrass das richtige Reinigungsmittel. Die Kombination aus grasigen und sauren D\u00fcften ist pr\u00e4destiniert, um unangenehme Ger\u00fcche zu neutralisieren und schlechte Schwingungen zu beseitigen. Mit 100 % naturreinen \u00e4therischen \u00d6len (Citronella, Weihrauch, Zitrone, Orange, etc.) &nbsp;\" \/>\n<meta property=\"og:url\" content=\"https:\/\/bien-etreiris.ch\/de\/produktpraesentation\/wohlfuehl-duefte\/raumsprays\/\" \/>\n<meta property=\"og:site_name\" content=\"WOHLBEFINDEN\" \/>\n<meta property=\"article:publisher\" content=\"https:\/\/www.facebook.com\/bienetreiris\/\" \/>\n<meta property=\"article:modified_time\" content=\"2021-07-11T16:31:06+00:00\" \/>\n<meta property=\"og:image\" content=\"https:\/\/bien-etreiris.ch\/wp-content\/uploads\/2020\/01\/acceui-spray-dambiance.jpg\" \/>\n\t<meta property=\"og:image:width\" content=\"500\" \/>\n\t<meta property=\"og:image:height\" content=\"333\" \/>\n\t<meta property=\"og:image:type\" content=\"image\/jpeg\" \/>\n<meta name=\"twitter:label1\" content=\"Gesch\u00e4tzte Lesezeit\" \/>\n\t<meta name=\"twitter:data1\" content=\"1\u00a0Minute\" \/>\n<script type=\"application\/ld+json\" class=\"yoast-schema-graph\">{\"@context\":\"https:\\\/\\\/schema.org\",\"@graph\":[{\"@type\":\"WebPage\",\"@id\":\"https:\\\/\\\/bien-etreiris.ch\\\/de\\\/produktpraesentation\\\/wohlfuehl-duefte\\\/raumsprays\\\/\",\"url\":\"https:\\\/\\\/bien-etreiris.ch\\\/de\\\/produktpraesentation\\\/wohlfuehl-duefte\\\/raumsprays\\\/\",\"name\":\"RAUMSPRAYS - WOHLBEFINDEN\",\"isPartOf\":{\"@id\":\"https:\\\/\\\/bien-etreiris.ch\\\/de\\\/#website\"},\"primaryImageOfPage\":{\"@id\":\"https:\\\/\\\/bien-etreiris.ch\\\/de\\\/produktpraesentation\\\/wohlfuehl-duefte\\\/raumsprays\\\/#primaryimage\"},\"image\":{\"@id\":\"https:\\\/\\\/bien-etreiris.ch\\\/de\\\/produktpraesentation\\\/wohlfuehl-duefte\\\/raumsprays\\\/#primaryimage\"},\"thumbnailUrl\":\"https:\\\/\\\/bien-etreiris.ch\\\/wp-content\\\/uploads\\\/2020\\\/01\\\/acceui-spray-dambiance.jpg\",\"datePublished\":\"2020-01-14T21:27:08+00:00\",\"dateModified\":\"2021-07-11T16:31:06+00:00\",\"breadcrumb\":{\"@id\":\"https:\\\/\\\/bien-etreiris.ch\\\/de\\\/produktpraesentation\\\/wohlfuehl-duefte\\\/raumsprays\\\/#breadcrumb\"},\"inLanguage\":\"de\",\"potentialAction\":[{\"@type\":\"ReadAction\",\"target\":[\"https:\\\/\\\/bien-etreiris.ch\\\/de\\\/produktpraesentation\\\/wohlfuehl-duefte\\\/raumsprays\\\/\"]}]},{\"@type\":\"ImageObject\",\"inLanguage\":\"de\",\"@id\":\"https:\\\/\\\/bien-etreiris.ch\\\/de\\\/produktpraesentation\\\/wohlfuehl-duefte\\\/raumsprays\\\/#primaryimage\",\"url\":\"https:\\\/\\\/bien-etreiris.ch\\\/wp-content\\\/uploads\\\/2020\\\/01\\\/acceui-spray-dambiance.jpg\",\"contentUrl\":\"https:\\\/\\\/bien-etreiris.ch\\\/wp-content\\\/uploads\\\/2020\\\/01\\\/acceui-spray-dambiance.jpg\",\"width\":500,\"height\":333},{\"@type\":\"BreadcrumbList\",\"@id\":\"https:\\\/\\\/bien-etreiris.ch\\\/de\\\/produktpraesentation\\\/wohlfuehl-duefte\\\/raumsprays\\\/#breadcrumb\",\"itemListElement\":[{\"@type\":\"ListItem\",\"position\":1,\"name\":\"Home\",\"item\":\"https:\\\/\\\/bien-etreiris.ch\\\/de\\\/\"},{\"@type\":\"ListItem\",\"position\":2,\"name\":\"PRODUKTPR\u00c4SENTATION\",\"item\":\"https:\\\/\\\/bien-etreiris.ch\\\/de\\\/produktpraesentation\\\/\"},{\"@type\":\"ListItem\",\"position\":3,\"name\":\"WOHLF\u00dcHL-D\u00dcFTE\",\"item\":\"https:\\\/\\\/bien-etreiris.ch\\\/de\\\/produktpraesentation\\\/wohlfuehl-duefte\\\/\"},{\"@type\":\"ListItem\",\"position\":4,\"name\":\"RAUMSPRAYS\"}]},{\"@type\":\"WebSite\",\"@id\":\"https:\\\/\\\/bien-etreiris.ch\\\/de\\\/#website\",\"url\":\"https:\\\/\\\/bien-etreiris.ch\\\/de\\\/\",\"name\":\"Bien-\u00eatre Iris\",\"description\":\"IHRE Gesundheit ist uns wichtig\",\"potentialAction\":[{\"@type\":\"SearchAction\",\"target\":{\"@type\":\"EntryPoint\",\"urlTemplate\":\"https:\\\/\\\/bien-etreiris.ch\\\/de\\\/?s={search_term_string}\"},\"query-input\":{\"@type\":\"PropertyValueSpecification\",\"valueRequired\":true,\"valueName\":\"search_term_string\"}}],\"inLanguage\":\"de\"}]}<\/script>\n<!-- \/ Yoast SEO plugin. -->","yoast_head_json":{"title":"RAUMSPRAYS - WOHLBEFINDEN","robots":{"index":"index","follow":"follow","max-snippet":"max-snippet:-1","max-image-preview":"max-image-preview:large","max-video-preview":"max-video-preview:-1"},"canonical":"https:\/\/bien-etreiris.ch\/de\/produktpraesentation\/wohlfuehl-duefte\/raumsprays\/","og_locale":"de_DE","og_type":"article","og_title":"RAUMSPRAYS - WOHLBEFINDEN","og_description":"Gute Schwingungen f\u00fcr die Raumluft. Wenn die Raumatmosph\u00e4re eine intensive Reinigung ben\u00f6tigt, ist der frische Duft von Lemongrass das richtige Reinigungsmittel. Die Kombination aus grasigen und sauren D\u00fcften ist pr\u00e4destiniert, um unangenehme Ger\u00fcche zu neutralisieren und schlechte Schwingungen zu beseitigen. Mit 100 % naturreinen \u00e4therischen \u00d6len (Citronella, Weihrauch, Zitrone, Orange, etc.) &nbsp;","og_url":"https:\/\/bien-etreiris.ch\/de\/produktpraesentation\/wohlfuehl-duefte\/raumsprays\/","og_site_name":"WOHLBEFINDEN","article_publisher":"https:\/\/www.facebook.com\/bienetreiris\/","article_modified_time":"2021-07-11T16:31:06+00:00","og_image":[{"width":500,"height":333,"url":"https:\/\/bien-etreiris.ch\/wp-content\/uploads\/2020\/01\/acceui-spray-dambiance.jpg","type":"image\/jpeg"}],"twitter_misc":{"Gesch\u00e4tzte Lesezeit":"1\u00a0Minute"},"schema":{"@context":"https:\/\/schema.org","@graph":[{"@type":"WebPage","@id":"https:\/\/bien-etreiris.ch\/de\/produktpraesentation\/wohlfuehl-duefte\/raumsprays\/","url":"https:\/\/bien-etreiris.ch\/de\/produktpraesentation\/wohlfuehl-duefte\/raumsprays\/","name":"RAUMSPRAYS - WOHLBEFINDEN","isPartOf":{"@id":"https:\/\/bien-etreiris.ch\/de\/#website"},"primaryImageOfPage":{"@id":"https:\/\/bien-etreiris.ch\/de\/produktpraesentation\/wohlfuehl-duefte\/raumsprays\/#primaryimage"},"image":{"@id":"https:\/\/bien-etreiris.ch\/de\/produktpraesentation\/wohlfuehl-duefte\/raumsprays\/#primaryimage"},"thumbnailUrl":"https:\/\/bien-etreiris.ch\/wp-content\/uploads\/2020\/01\/acceui-spray-dambiance.jpg","datePublished":"2020-01-14T21:27:08+00:00","dateModified":"2021-07-11T16:31:06+00:00","breadcrumb":{"@id":"https:\/\/bien-etreiris.ch\/de\/produktpraesentation\/wohlfuehl-duefte\/raumsprays\/#breadcrumb"},"inLanguage":"de","potentialAction":[{"@type":"ReadAction","target":["https:\/\/bien-etreiris.ch\/de\/produktpraesentation\/wohlfuehl-duefte\/raumsprays\/"]}]},{"@type":"ImageObject","inLanguage":"de","@id":"https:\/\/bien-etreiris.ch\/de\/produktpraesentation\/wohlfuehl-duefte\/raumsprays\/#primaryimage","url":"https:\/\/bien-etreiris.ch\/wp-content\/uploads\/2020\/01\/acceui-spray-dambiance.jpg","contentUrl":"https:\/\/bien-etreiris.ch\/wp-content\/uploads\/2020\/01\/acceui-spray-dambiance.jpg","width":500,"height":333},{"@type":"BreadcrumbList","@id":"https:\/\/bien-etreiris.ch\/de\/produktpraesentation\/wohlfuehl-duefte\/raumsprays\/#breadcrumb","itemListElement":[{"@type":"ListItem","position":1,"name":"Home","item":"https:\/\/bien-etreiris.ch\/de\/"},{"@type":"ListItem","position":2,"name":"PRODUKTPR\u00c4SENTATION","item":"https:\/\/bien-etreiris.ch\/de\/produktpraesentation\/"},{"@type":"ListItem","position":3,"name":"WOHLF\u00dcHL-D\u00dcFTE","item":"https:\/\/bien-etreiris.ch\/de\/produktpraesentation\/wohlfuehl-duefte\/"},{"@type":"ListItem","position":4,"name":"RAUMSPRAYS"}]},{"@type":"WebSite","@id":"https:\/\/bien-etreiris.ch\/de\/#website","url":"https:\/\/bien-etreiris.ch\/de\/","name":"Bien-\u00eatre Iris","description":"IHRE Gesundheit ist uns wichtig","potentialAction":[{"@type":"SearchAction","target":{"@type":"EntryPoint","urlTemplate":"https:\/\/bien-etreiris.ch\/de\/?s={search_term_string}"},"query-input":{"@type":"PropertyValueSpecification","valueRequired":true,"valueName":"search_term_string"}}],"inLanguage":"de"}]}},"_links":{"self":[{"href":"https:\/\/bien-etreiris.ch\/de\/wp-json\/wp\/v2\/pages\/38806","targetHints":{"allow":["GET"]}}],"collection":[{"href":"https:\/\/bien-etreiris.ch\/de\/wp-json\/wp\/v2\/pages"}],"about":[{"href":"https:\/\/bien-etreiris.ch\/de\/wp-json\/wp\/v2\/types\/page"}],"author":[{"embeddable":true,"href":"https:\/\/bien-etreiris.ch\/de\/wp-json\/wp\/v2\/users\/1"}],"replies":[{"embeddable":true,"href":"https:\/\/bien-etreiris.ch\/de\/wp-json\/wp\/v2\/comments?post=38806"}],"version-history":[{"count":4,"href":"https:\/\/bien-etreiris.ch\/de\/wp-json\/wp\/v2\/pages\/38806\/revisions"}],"predecessor-version":[{"id":51841,"href":"https:\/\/bien-etreiris.ch\/de\/wp-json\/wp\/v2\/pages\/38806\/revisions\/51841"}],"up":[{"embeddable":true,"href":"https:\/\/bien-etreiris.ch\/de\/wp-json\/wp\/v2\/pages\/36011"}],"wp:featuredmedia":[{"embeddable":true,"href":"https:\/\/bien-etreiris.ch\/de\/wp-json\/wp\/v2\/media\/31014"}],"wp:attachment":[{"href":"https:\/\/bien-etreiris.ch\/de\/wp-json\/wp\/v2\/media?parent=38806"}],"curies":[{"name":"wp","href":"https:\/\/api.w.org\/{rel}","templated":true}]}}