{"id":38783,"date":"2021-01-17T22:34:13","date_gmt":"2021-01-17T22:34:13","guid":{"rendered":"https:\/\/bien-etreiris.ch\/farfalla-2\/"},"modified":"2021-07-11T18:34:56","modified_gmt":"2021-07-11T16:34:56","slug":"raumsprays-von-farfalla","status":"publish","type":"page","link":"https:\/\/bien-etreiris.ch\/de\/produktpraesentation\/wohlfuehl-duefte\/raumsprays\/raumsprays-von-farfalla\/","title":{"rendered":"FARFALLA"},"content":{"rendered":"\n<h2 class=\"wp-block-heading\">BIO - RAUMSPRAYS<\/h2>\n\n\n<p>Bio-Raumsprays vitalisieren die Raumatmosph\u00e4re, neutralisieren Ger\u00fcche und schaffen eine duftende Stimmung.<\/p>\n<p>&nbsp;<\/p>\n<p>&nbsp;<\/p>\n\n\n<h2 class=\"wp-block-heading\">Aura, Sch\u00fctzender Bio-Raumspray <\/h2>\n\n\n<p><a href=\"https:\/\/decoiris.ch\/wp-content\/uploads\/2021\/01\/Sray-ambiance-Arura-png.png\"><img loading=\"lazy\" decoding=\"async\" class=\"size-medium wp-image-38747 alignleft\" src=\"https:\/\/decoiris.ch\/wp-content\/uploads\/2021\/01\/Sray-ambiance-Arura-png-200x300.png\" alt=\"\" width=\"200\" height=\"300\" srcset=\"https:\/\/bien-etreiris.ch\/wp-content\/uploads\/2021\/01\/Sray-ambiance-Arura-png-200x300.png 200w, https:\/\/bien-etreiris.ch\/wp-content\/uploads\/2021\/01\/Sray-ambiance-Arura-png.png 347w\" sizes=\"auto, (max-width: 200px) 100vw, 200px\" \/><\/a><\/p>\n<p>&nbsp;<\/p>\n<p>besch\u00fctzt sein<\/p>\n<p>75 ml CHF <strong>14.90<\/strong><\/p>\n<p>Nachf\u00fcllung&nbsp; <strong>CHF 8.50<\/strong><\/p>\n<p>&nbsp;<\/p>\n<p>Schutz, Reinigung und Klarheit. Ein herb-frisches, ausgleichender Raumspray f\u00fcr Menschen, die sich zu diesen Themen besondere Unterst\u00fctzung w\u00fcnschen. Das \u00e4therische \u00d6l der Zirbelkiefer vermittelt Halt und Souver\u00e4nit\u00e4t. Mit 100% naturreinen \u00e4therischen \u00d6len (Zirbelkiefer, Weihrauch, Bergamotte, Patchouli u.a.)<\/p>\n<p>&nbsp;<\/p>\n<p>&nbsp;<\/p>\n<p>&nbsp;<\/p>\n<p>&nbsp;<\/p>\n\n\n<hr class=\"wp-block-separator\"\/>\n\n\n\n<h2 class=\"wp-block-heading\">Benzoe, Sonnengruss Bio-Raumspray <\/h2>\n\n\n<p><a href=\"https:\/\/decoiris.ch\/wp-content\/uploads\/2021\/01\/Sray-ambiance-Benzoe-png.png\"><img loading=\"lazy\" decoding=\"async\" class=\"size-medium wp-image-38750 alignleft\" src=\"https:\/\/decoiris.ch\/wp-content\/uploads\/2021\/01\/Sray-ambiance-Benzoe-png-200x300.png\" alt=\"\" width=\"200\" height=\"300\" srcset=\"https:\/\/bien-etreiris.ch\/wp-content\/uploads\/2021\/01\/Sray-ambiance-Benzoe-png-200x300.png 200w, https:\/\/bien-etreiris.ch\/wp-content\/uploads\/2021\/01\/Sray-ambiance-Benzoe-png.png 347w\" sizes=\"auto, (max-width: 200px) 100vw, 200px\" \/><\/a><\/p>\n<p>&nbsp;<\/p>\n<p>Aroma-Yoga<\/p>\n<p>75 ml <strong>CHF 14.90<\/strong><\/p>\n<p>&nbsp;<\/p>\n<p>Sanft vom sonnig-fruchtigen Duft umfangen, erklingt das innere OM und ein tiefes Einatmen schenkt wohlige Entspannung und die n\u00f6tige Balance, um geruhsame Stunden oder eine wohltuende Yoga-Praxis zu geniessen. Auch als reinigender Spray f\u00fcr die Yogamatte zu verwenden. Namast\u00e9! Mit 100% naturreinen \u00e4therischen \u00d6len (Benzoe, Vanille-Extrakt, Ingwer, Mandarine u.a.)<\/p>\n<p>&nbsp;<\/p>\n<p>&nbsp;<\/p>\n<p>&nbsp;<\/p>\n<p>&nbsp;<\/p>\n\n\n<hr class=\"wp-block-separator\"\/>\n\n\n\n<h2 class=\"wp-block-heading\">Bergamotte, Lebensfreude Bio-Raumspray <\/h2>\n\n\n<p><a href=\"https:\/\/decoiris.ch\/wp-content\/uploads\/2021\/01\/bergamotte.png\"><img loading=\"lazy\" decoding=\"async\" class=\"size-medium wp-image-38754 alignleft\" src=\"https:\/\/decoiris.ch\/wp-content\/uploads\/2021\/01\/bergamotte-200x300.png\" alt=\"\" width=\"200\" height=\"300\"><\/a><\/p>\n<p>&nbsp;<\/p>\n<div class=\"product-images\">\n<div class=\"slideshow attr-anim-fade\" data-anim=\"fade\">\n<div class=\"product-image\">\n<div class=\"rating\">\n<p>Lebensfreude<\/p>\n<\/div>\n<\/div>\n<\/div>\n<\/div>\n<p>75 ml <strong>CHF 14.90<\/strong><\/p>\n<p>&nbsp;<\/p>\n<p>Ein Duft, der der Stimmung einen kleinen Schubs verpasst \u2013 hin\u00fcber auf die Sonnenseite des Lebens! Der sanfte, fruchtig- blumige Raumspray heitert die Seele auf, stimmt fr\u00f6hlich und l\u00e4sst dunkle Gedanken verblassen. Mit 100% naturreinen \u00e4therischen \u00d6len (Bergamotte, Zitrone, Orange, Kamille, Grapefruit u.a.)<\/p>\n<p>&nbsp;<\/p>\n<p>&nbsp;<\/p>\n<p>&nbsp;<\/p>\n<p>&nbsp;<\/p>\n\n\n<hr class=\"wp-block-separator\"\/>\n\n\n\n<h2 class=\"wp-block-heading\">Citrone, Spray ambiant bio rafra\u00eechissant  <\/h2>\n\n\n<p><a href=\"https:\/\/decoiris.ch\/wp-content\/uploads\/2021\/01\/Spray-ambiance-citron.png\"><img loading=\"lazy\" decoding=\"async\" class=\"size-medium wp-image-38778 alignleft\" src=\"https:\/\/decoiris.ch\/wp-content\/uploads\/2021\/01\/Spray-ambiance-citron-200x300.png\" alt=\"\" width=\"200\" height=\"300\" srcset=\"https:\/\/bien-etreiris.ch\/wp-content\/uploads\/2021\/01\/Spray-ambiance-citron-200x300.png 200w, https:\/\/bien-etreiris.ch\/wp-content\/uploads\/2021\/01\/Spray-ambiance-citron.png 347w\" sizes=\"auto, (max-width: 200px) 100vw, 200px\" \/><\/a><\/p>\n<p>&nbsp;<\/p>\n<p>Fra\u00eecheur<\/p>\n<p>75 ml <strong>CHF 14.90<\/strong><\/p>\n<p>en vrac remplissage&nbsp; <strong>CHF 8.50<\/strong><\/p>\n<p>&nbsp;<\/p>\n<p>Les jours de canicule, l\u2019organisme a souvent besoin qu\u2019on le booste un peu. La synergie d\u2019huiles essentielles vivifiante au citron est merveilleusement fruit\u00e9e et rafra\u00eechissante, elle donne des ailes et revitalise esprits fatigu\u00e9s et t\u00eates surchauff\u00e9es.<\/p>\n<p>&nbsp;<\/p>\n<p>&nbsp;<\/p>\n<p>&nbsp;<\/p>\n\n\n<hr class=\"wp-block-separator\"\/>\n\n\n\n<h2 class=\"wp-block-heading\">Fleur d\u2019oranger , Spray ambiant bio D\u00e9tente  <\/h2>\n\n\n<p><a href=\"https:\/\/decoiris.ch\/wp-content\/uploads\/2021\/01\/Spray-ambiance-fleur-d\u2019oranger.png\"><img loading=\"lazy\" decoding=\"async\" class=\"size-medium wp-image-38766 alignleft\" src=\"https:\/\/decoiris.ch\/wp-content\/uploads\/2021\/01\/Spray-ambiance-fleur-d\u2019oranger-200x300.png\" alt=\"\" width=\"200\" height=\"300\" srcset=\"https:\/\/bien-etreiris.ch\/wp-content\/uploads\/2021\/01\/Spray-ambiance-fleur-d\u2019oranger-200x300.png 200w, https:\/\/bien-etreiris.ch\/wp-content\/uploads\/2021\/01\/Spray-ambiance-fleur-d\u2019oranger.png 347w\" sizes=\"auto, (max-width: 200px) 100vw, 200px\" \/><\/a><\/p>\n<p>&nbsp;<\/p>\n<p>D\u00e9tente douce<\/p>\n<p>75 ml <strong>CHF 14.90<\/strong><\/p>\n<p>&nbsp;<\/p>\n<p>Relaxante et tranquillisante, l\u2019huile essentielle de fleur d\u2019oranger aplanit le stress quotidien et aide \u00e0 l\u00e2cher prise. Le parfum frais, doux et suret \u00e0 la fois, r\u00e9veille l\u2019organisme, r\u00e9jouit le c\u0153ur et chasse les id\u00e9es noires.<\/p>\n<p>&nbsp;<\/p>\n<p>&nbsp;<\/p>\n<p>&nbsp;<\/p>\n\n\n<hr class=\"wp-block-separator\"\/>\n\n\n\n<h2 class=\"wp-block-heading\">Lavendel, Spray ambiant bio Dors bien <\/h2>\n\n\n<p><a href=\"https:\/\/decoiris.ch\/wp-content\/uploads\/2021\/01\/Spray-ambiance-Lavande.png\"><img loading=\"lazy\" decoding=\"async\" class=\"size-medium wp-image-38759 alignleft\" src=\"https:\/\/decoiris.ch\/wp-content\/uploads\/2021\/01\/Spray-ambiance-Lavande-76x300.png\" alt=\"\" width=\"76\" height=\"300\" srcset=\"https:\/\/bien-etreiris.ch\/wp-content\/uploads\/2021\/01\/Spray-ambiance-Lavande-76x300.png 76w, https:\/\/bien-etreiris.ch\/wp-content\/uploads\/2021\/01\/Spray-ambiance-Lavande.png 132w\" sizes=\"auto, (max-width: 76px) 100vw, 76px\" \/><\/a><\/p>\n<p>&nbsp;<\/p>\n<p>bon sommeil<\/p>\n<p>75 ml<strong> CHF 14.90<\/strong><\/p>\n<p>&nbsp;<\/p>\n<p>Lib\u00e8re tes pens\u00e9es, laisse s\u2019\u00e9couler la journ\u00e9e et blottis-toi dans les bras apaisants d\u2019une d\u00e9tente bien m\u00e9rit\u00e9e. Plus que toute autre, l\u2019huile essentielle de lavande facilite l\u2019endormissement et am\u00e9liore la qualit\u00e9 du sommeil. Le spray ambiant au miracle violet est une aide fid\u00e8le pour tous ceux qui ont de la peine \u00e0 trouver le sommeil et \u00e0 bien dormir sans interruption. Avec des huiles essentielles 100% pures et naturelles (lavande, vanille, bergamote, orange, tonka etc.)<\/p>\n<p>&nbsp;<\/p>\n<p>&nbsp;<\/p>\n<p>&nbsp;<\/p>\n\n\n<hr class=\"wp-block-separator\"\/>\n\n\n\n<h2 class=\"wp-block-heading\">Lemongrass, Spray ambiant bio Atmosph\u00e8re <\/h2>\n\n\n<p><a href=\"https:\/\/decoiris.ch\/wp-content\/uploads\/2021\/01\/Spray-ambiance-Lemongras.png\"><img loading=\"lazy\" decoding=\"async\" class=\"size-medium wp-image-38763 alignleft\" src=\"https:\/\/decoiris.ch\/wp-content\/uploads\/2021\/01\/Spray-ambiance-Lemongras-200x300.png\" alt=\"\" width=\"200\" height=\"300\" srcset=\"https:\/\/bien-etreiris.ch\/wp-content\/uploads\/2021\/01\/Spray-ambiance-Lemongras-200x300.png 200w, https:\/\/bien-etreiris.ch\/wp-content\/uploads\/2021\/01\/Spray-ambiance-Lemongras.png 347w\" sizes=\"auto, (max-width: 200px) 100vw, 200px\" \/><\/a><\/p>\n<p>&nbsp;<\/p>\n<p>Fra\u00eecheur<\/p>\n<p>75 ml <strong>CHF 14.90<\/strong><\/p>\n<p>en vrac remplissage&nbsp; <strong>CHF 8.50<\/strong><\/p>\n<p>&nbsp;<\/p>\n<p>Good Vibrations pour l\u2019air ambiant. Quand l\u2019atmosph\u00e8re a besoin d\u2019un nettoyage radical, le parfum citronn\u00e9 et frais du lemongrass est le bon d\u00e9tergent. Herbac\u00e9-\u00e2pre, il est pr\u00e9destin\u00e9 pour neutraliser les odeurs ind\u00e9sirables et \u00e9liminer les vibrations n\u00e9gatives.<\/p>\n<p>&nbsp;<\/p>\n<p>&nbsp;<\/p>\n<p>&nbsp;<\/p>\n\n\n<hr class=\"wp-block-separator\"\/>\n\n\n\n<h2 class=\"wp-block-heading\">Ravintsara, Spray protecteur bio assainissant  <\/h2>\n\n\n<p><a href=\"https:\/\/decoiris.ch\/wp-content\/uploads\/2021\/01\/Spray-ambiance-Ravintsara.png\"><img loading=\"lazy\" decoding=\"async\" class=\"size-medium wp-image-38769 alignleft\" src=\"https:\/\/decoiris.ch\/wp-content\/uploads\/2021\/01\/Spray-ambiance-Ravintsara-200x300.png\" alt=\"\" width=\"200\" height=\"300\" srcset=\"https:\/\/bien-etreiris.ch\/wp-content\/uploads\/2021\/01\/Spray-ambiance-Ravintsara-200x300.png 200w, https:\/\/bien-etreiris.ch\/wp-content\/uploads\/2021\/01\/Spray-ambiance-Ravintsara.png 347w\" sizes=\"auto, (max-width: 200px) 100vw, 200px\" \/><\/a><\/p>\n<p>&nbsp;<\/p>\n<p>sant\u00e9 durable<\/p>\n<p>75 ml <strong>CHF 14.90<\/strong><\/p>\n<p>&nbsp;<\/p>\n<p>Un v\u00e9ritable firewall pour l\u2019air ambiant avec l\u2019huile essentielle de Ravintsara du projet bio de commerce \u00e9quitable de farfalla \u00e0 Madagascar. Ce spray aux senteurs herbac\u00e9es rafra\u00eechissantes est \u00e0 employer chaque fois quand on a besoin d\u2019un Bodyguard parfum\u00e9 pour nettoyer, revitaliser et neutraliser l\u2019air ambiant. Premier objectif : rester en bonne sant\u00e9 !<\/p>\n<p>&nbsp;<\/p>\n<p>&nbsp;<\/p>\n<p>&nbsp;<\/p>\n\n\n<hr class=\"wp-block-separator\"\/>\n\n\n\n<h2 class=\"wp-block-heading\"> Vanille, Spray ambiant bio Caresse  <\/h2>\n\n\n<p><a href=\"https:\/\/decoiris.ch\/wp-content\/uploads\/2021\/01\/Spray-ambiance-vanille.png\"><img loading=\"lazy\" decoding=\"async\" class=\"size-medium wp-image-38775 alignleft\" src=\"https:\/\/decoiris.ch\/wp-content\/uploads\/2021\/01\/Spray-ambiance-vanille-200x300.png\" alt=\"\" width=\"200\" height=\"300\" srcset=\"https:\/\/bien-etreiris.ch\/wp-content\/uploads\/2021\/01\/Spray-ambiance-vanille-200x300.png 200w, https:\/\/bien-etreiris.ch\/wp-content\/uploads\/2021\/01\/Spray-ambiance-vanille.png 347w\" sizes=\"auto, (max-width: 200px) 100vw, 200px\" \/><\/a><\/p>\n<p>&nbsp;<\/p>\n<div class=\"product-details\">\n<div class=\"product-info\">\n<p>S\u00e9curit\u00e9 affective<\/p>\n<\/div>\n<\/div>\n<p>75 ml <strong>CHF 14.90<\/strong><\/p>\n<p>&nbsp;<\/p>\n<p>Avec son parfum doux de vanille, cet agr\u00e9able spray ambiant est un v\u00e9ritable r\u00e9confortant. Exactement ce qu\u2019il faut quand l\u2019\u00e2me a besoin d\u2019une attention d\u00e9licate et que c\u2019est le moment de se retirer pour profiter de moments cocooning.<\/p>\n<p>&nbsp;<\/p>\n<p>&nbsp;<\/p>\n<p>&nbsp;<\/p>\n\n\n<hr class=\"wp-block-separator\"\/>\n\n\n\n<h2 class=\"wp-block-heading\">Vanille-Mandarine, Spray ambiant bio Moments de bonheur <\/h2>\n\n\n<p><a href=\"https:\/\/decoiris.ch\/wp-content\/uploads\/2021\/01\/Spray-ambiance-vanille-mandarine.png\"><img loading=\"lazy\" decoding=\"async\" class=\"size-medium wp-image-38772 alignleft\" src=\"https:\/\/decoiris.ch\/wp-content\/uploads\/2021\/01\/Spray-ambiance-vanille-mandarine-200x300.png\" alt=\"\" width=\"200\" height=\"300\" srcset=\"https:\/\/bien-etreiris.ch\/wp-content\/uploads\/2021\/01\/Spray-ambiance-vanille-mandarine-200x300.png 200w, https:\/\/bien-etreiris.ch\/wp-content\/uploads\/2021\/01\/Spray-ambiance-vanille-mandarine.png 347w\" sizes=\"auto, (max-width: 200px) 100vw, 200px\" \/><\/a><\/p>\n<div class=\"product-images\">&nbsp;<\/div>\n<div>&nbsp;<\/div>\n<div class=\"product-details\">\n<div class=\"product-info\">\n<p>Joie de vivre<\/p>\n<\/div>\n<\/div>\n<p>75 ml <strong>CHF 14.90<\/strong><\/p>\n<p>&nbsp;<\/p>\n<p>Un porte-bonheur, cr\u00e9ateur de joie, r\u00e9confortant l\u2019\u00e2me, fruit\u00e9-doux et agr\u00e9ablement suave. Ce d\u00e9licieux spray ambiant bio \u00e0 la vanille et \u00e0 la mandarine procure une belle joie de vivre et est garant de bonne humeur, pas que chez les enfants.<\/p>\n<p>&nbsp;<\/p>\n<p>&nbsp;<\/p>\n<p>&nbsp;<\/p>\n\n\n<hr class=\"wp-block-separator\"\/>\n","protected":false},"excerpt":{"rendered":"<p>BIO - RAUMSPRAYS Bio-Raumsprays vitalisieren die Raumatmosph\u00e4re, neutralisieren Ger\u00fcche und schaffen eine duftende Stimmung. &nbsp; &nbsp; Aura, Sch\u00fctzender Bio-Raumspray &nbsp; besch\u00fctzt sein 75 ml CHF 14.90 Nachf\u00fcllung&nbsp; CHF 8.50 &nbsp; Schutz, Reinigung und Klarheit. Ein herb-frisches, ausgleichender Raumspray f\u00fcr Menschen, die sich zu diesen Themen besondere Unterst\u00fctzung w\u00fcnschen. Das \u00e4therische \u00d6l der Zirbelkiefer vermittelt Halt und Souver\u00e4nit\u00e4t. Mit 100% naturreinen&nbsp;<a href=\"https:\/\/bien-etreiris.ch\/de\/produktpraesentation\/wohlfuehl-duefte\/raumsprays\/raumsprays-von-farfalla\/\" class=\"read-more\">Weiter lesen<\/a><\/p>\n","protected":false},"author":1,"featured_media":38659,"parent":38806,"menu_order":6362,"comment_status":"closed","ping_status":"closed","template":"page-with-child.php","meta":{"_acf_changed":false,"ngg_post_thumbnail":0,"footnotes":""},"class_list":["post-38783","page","type-page","status-publish","has-post-thumbnail","hentry"],"acf":[],"yoast_head":"<!-- This site is optimized with the Yoast SEO plugin v27.5 - https:\/\/yoast.com\/product\/yoast-seo-wordpress\/ -->\n<title>FARFALLA - WOHLBEFINDEN<\/title>\n<meta name=\"robots\" content=\"index, follow, max-snippet:-1, max-image-preview:large, max-video-preview:-1\" \/>\n<link rel=\"canonical\" href=\"https:\/\/bien-etreiris.ch\/de\/produktpraesentation\/wohlfuehl-duefte\/raumsprays\/raumsprays-von-farfalla\/\" \/>\n<meta property=\"og:locale\" content=\"de_DE\" \/>\n<meta property=\"og:type\" content=\"article\" \/>\n<meta property=\"og:title\" content=\"FARFALLA - WOHLBEFINDEN\" \/>\n<meta property=\"og:description\" content=\"BIO - RAUMSPRAYS Bio-Raumsprays vitalisieren die Raumatmosph\u00e4re, neutralisieren Ger\u00fcche und schaffen eine duftende Stimmung. &nbsp; &nbsp; Aura, Sch\u00fctzender Bio-Raumspray &nbsp; besch\u00fctzt sein 75 ml CHF 14.90 Nachf\u00fcllung&nbsp; CHF 8.50 &nbsp; Schutz, Reinigung und Klarheit. Ein herb-frisches, ausgleichender Raumspray f\u00fcr Menschen, die sich zu diesen Themen besondere Unterst\u00fctzung w\u00fcnschen. Das \u00e4therische \u00d6l der Zirbelkiefer vermittelt Halt und Souver\u00e4nit\u00e4t. Mit 100% naturreinen&nbsp;Weiter lesen\" \/>\n<meta property=\"og:url\" content=\"https:\/\/bien-etreiris.ch\/de\/produktpraesentation\/wohlfuehl-duefte\/raumsprays\/raumsprays-von-farfalla\/\" \/>\n<meta property=\"og:site_name\" content=\"WOHLBEFINDEN\" \/>\n<meta property=\"article:publisher\" content=\"https:\/\/www.facebook.com\/bienetreiris\/\" \/>\n<meta property=\"article:modified_time\" content=\"2021-07-11T16:34:56+00:00\" \/>\n<meta property=\"og:image\" content=\"https:\/\/bien-etreiris.ch\/wp-content\/uploads\/2021\/01\/Acceuil-Farfalla.png\" \/>\n\t<meta property=\"og:image:width\" content=\"400\" \/>\n\t<meta property=\"og:image:height\" content=\"289\" \/>\n\t<meta property=\"og:image:type\" content=\"image\/png\" \/>\n<meta name=\"twitter:label1\" content=\"Gesch\u00e4tzte Lesezeit\" \/>\n\t<meta name=\"twitter:data1\" content=\"5\u00a0Minuten\" \/>\n<script type=\"application\/ld+json\" class=\"yoast-schema-graph\">{\"@context\":\"https:\\\/\\\/schema.org\",\"@graph\":[{\"@type\":\"WebPage\",\"@id\":\"https:\\\/\\\/bien-etreiris.ch\\\/de\\\/produktpraesentation\\\/wohlfuehl-duefte\\\/raumsprays\\\/raumsprays-von-farfalla\\\/\",\"url\":\"https:\\\/\\\/bien-etreiris.ch\\\/de\\\/produktpraesentation\\\/wohlfuehl-duefte\\\/raumsprays\\\/raumsprays-von-farfalla\\\/\",\"name\":\"FARFALLA - WOHLBEFINDEN\",\"isPartOf\":{\"@id\":\"https:\\\/\\\/bien-etreiris.ch\\\/de\\\/#website\"},\"primaryImageOfPage\":{\"@id\":\"https:\\\/\\\/bien-etreiris.ch\\\/de\\\/produktpraesentation\\\/wohlfuehl-duefte\\\/raumsprays\\\/raumsprays-von-farfalla\\\/#primaryimage\"},\"image\":{\"@id\":\"https:\\\/\\\/bien-etreiris.ch\\\/de\\\/produktpraesentation\\\/wohlfuehl-duefte\\\/raumsprays\\\/raumsprays-von-farfalla\\\/#primaryimage\"},\"thumbnailUrl\":\"https:\\\/\\\/bien-etreiris.ch\\\/wp-content\\\/uploads\\\/2021\\\/01\\\/Acceuil-Farfalla.png\",\"datePublished\":\"2021-01-17T22:34:13+00:00\",\"dateModified\":\"2021-07-11T16:34:56+00:00\",\"breadcrumb\":{\"@id\":\"https:\\\/\\\/bien-etreiris.ch\\\/de\\\/produktpraesentation\\\/wohlfuehl-duefte\\\/raumsprays\\\/raumsprays-von-farfalla\\\/#breadcrumb\"},\"inLanguage\":\"de\",\"potentialAction\":[{\"@type\":\"ReadAction\",\"target\":[\"https:\\\/\\\/bien-etreiris.ch\\\/de\\\/produktpraesentation\\\/wohlfuehl-duefte\\\/raumsprays\\\/raumsprays-von-farfalla\\\/\"]}]},{\"@type\":\"ImageObject\",\"inLanguage\":\"de\",\"@id\":\"https:\\\/\\\/bien-etreiris.ch\\\/de\\\/produktpraesentation\\\/wohlfuehl-duefte\\\/raumsprays\\\/raumsprays-von-farfalla\\\/#primaryimage\",\"url\":\"https:\\\/\\\/bien-etreiris.ch\\\/wp-content\\\/uploads\\\/2021\\\/01\\\/Acceuil-Farfalla.png\",\"contentUrl\":\"https:\\\/\\\/bien-etreiris.ch\\\/wp-content\\\/uploads\\\/2021\\\/01\\\/Acceuil-Farfalla.png\",\"width\":400,\"height\":289},{\"@type\":\"BreadcrumbList\",\"@id\":\"https:\\\/\\\/bien-etreiris.ch\\\/de\\\/produktpraesentation\\\/wohlfuehl-duefte\\\/raumsprays\\\/raumsprays-von-farfalla\\\/#breadcrumb\",\"itemListElement\":[{\"@type\":\"ListItem\",\"position\":1,\"name\":\"Home\",\"item\":\"https:\\\/\\\/bien-etreiris.ch\\\/de\\\/\"},{\"@type\":\"ListItem\",\"position\":2,\"name\":\"PRODUKTPR\u00c4SENTATION\",\"item\":\"https:\\\/\\\/bien-etreiris.ch\\\/de\\\/produktpraesentation\\\/\"},{\"@type\":\"ListItem\",\"position\":3,\"name\":\"WOHLF\u00dcHL-D\u00dcFTE\",\"item\":\"https:\\\/\\\/bien-etreiris.ch\\\/de\\\/produktpraesentation\\\/wohlfuehl-duefte\\\/\"},{\"@type\":\"ListItem\",\"position\":4,\"name\":\"RAUMSPRAYS\",\"item\":\"https:\\\/\\\/bien-etreiris.ch\\\/de\\\/produktpraesentation\\\/wohlfuehl-duefte\\\/raumsprays\\\/\"},{\"@type\":\"ListItem\",\"position\":5,\"name\":\"FARFALLA\"}]},{\"@type\":\"WebSite\",\"@id\":\"https:\\\/\\\/bien-etreiris.ch\\\/de\\\/#website\",\"url\":\"https:\\\/\\\/bien-etreiris.ch\\\/de\\\/\",\"name\":\"Bien-\u00eatre Iris\",\"description\":\"IHRE Gesundheit ist uns wichtig\",\"potentialAction\":[{\"@type\":\"SearchAction\",\"target\":{\"@type\":\"EntryPoint\",\"urlTemplate\":\"https:\\\/\\\/bien-etreiris.ch\\\/de\\\/?s={search_term_string}\"},\"query-input\":{\"@type\":\"PropertyValueSpecification\",\"valueRequired\":true,\"valueName\":\"search_term_string\"}}],\"inLanguage\":\"de\"}]}<\/script>\n<!-- \/ Yoast SEO plugin. -->","yoast_head_json":{"title":"FARFALLA - WOHLBEFINDEN","robots":{"index":"index","follow":"follow","max-snippet":"max-snippet:-1","max-image-preview":"max-image-preview:large","max-video-preview":"max-video-preview:-1"},"canonical":"https:\/\/bien-etreiris.ch\/de\/produktpraesentation\/wohlfuehl-duefte\/raumsprays\/raumsprays-von-farfalla\/","og_locale":"de_DE","og_type":"article","og_title":"FARFALLA - WOHLBEFINDEN","og_description":"BIO - RAUMSPRAYS Bio-Raumsprays vitalisieren die Raumatmosph\u00e4re, neutralisieren Ger\u00fcche und schaffen eine duftende Stimmung. &nbsp; &nbsp; Aura, Sch\u00fctzender Bio-Raumspray &nbsp; besch\u00fctzt sein 75 ml CHF 14.90 Nachf\u00fcllung&nbsp; CHF 8.50 &nbsp; Schutz, Reinigung und Klarheit. Ein herb-frisches, ausgleichender Raumspray f\u00fcr Menschen, die sich zu diesen Themen besondere Unterst\u00fctzung w\u00fcnschen. Das \u00e4therische \u00d6l der Zirbelkiefer vermittelt Halt und Souver\u00e4nit\u00e4t. Mit 100% naturreinen&nbsp;Weiter lesen","og_url":"https:\/\/bien-etreiris.ch\/de\/produktpraesentation\/wohlfuehl-duefte\/raumsprays\/raumsprays-von-farfalla\/","og_site_name":"WOHLBEFINDEN","article_publisher":"https:\/\/www.facebook.com\/bienetreiris\/","article_modified_time":"2021-07-11T16:34:56+00:00","og_image":[{"width":400,"height":289,"url":"https:\/\/bien-etreiris.ch\/wp-content\/uploads\/2021\/01\/Acceuil-Farfalla.png","type":"image\/png"}],"twitter_misc":{"Gesch\u00e4tzte Lesezeit":"5\u00a0Minuten"},"schema":{"@context":"https:\/\/schema.org","@graph":[{"@type":"WebPage","@id":"https:\/\/bien-etreiris.ch\/de\/produktpraesentation\/wohlfuehl-duefte\/raumsprays\/raumsprays-von-farfalla\/","url":"https:\/\/bien-etreiris.ch\/de\/produktpraesentation\/wohlfuehl-duefte\/raumsprays\/raumsprays-von-farfalla\/","name":"FARFALLA - WOHLBEFINDEN","isPartOf":{"@id":"https:\/\/bien-etreiris.ch\/de\/#website"},"primaryImageOfPage":{"@id":"https:\/\/bien-etreiris.ch\/de\/produktpraesentation\/wohlfuehl-duefte\/raumsprays\/raumsprays-von-farfalla\/#primaryimage"},"image":{"@id":"https:\/\/bien-etreiris.ch\/de\/produktpraesentation\/wohlfuehl-duefte\/raumsprays\/raumsprays-von-farfalla\/#primaryimage"},"thumbnailUrl":"https:\/\/bien-etreiris.ch\/wp-content\/uploads\/2021\/01\/Acceuil-Farfalla.png","datePublished":"2021-01-17T22:34:13+00:00","dateModified":"2021-07-11T16:34:56+00:00","breadcrumb":{"@id":"https:\/\/bien-etreiris.ch\/de\/produktpraesentation\/wohlfuehl-duefte\/raumsprays\/raumsprays-von-farfalla\/#breadcrumb"},"inLanguage":"de","potentialAction":[{"@type":"ReadAction","target":["https:\/\/bien-etreiris.ch\/de\/produktpraesentation\/wohlfuehl-duefte\/raumsprays\/raumsprays-von-farfalla\/"]}]},{"@type":"ImageObject","inLanguage":"de","@id":"https:\/\/bien-etreiris.ch\/de\/produktpraesentation\/wohlfuehl-duefte\/raumsprays\/raumsprays-von-farfalla\/#primaryimage","url":"https:\/\/bien-etreiris.ch\/wp-content\/uploads\/2021\/01\/Acceuil-Farfalla.png","contentUrl":"https:\/\/bien-etreiris.ch\/wp-content\/uploads\/2021\/01\/Acceuil-Farfalla.png","width":400,"height":289},{"@type":"BreadcrumbList","@id":"https:\/\/bien-etreiris.ch\/de\/produktpraesentation\/wohlfuehl-duefte\/raumsprays\/raumsprays-von-farfalla\/#breadcrumb","itemListElement":[{"@type":"ListItem","position":1,"name":"Home","item":"https:\/\/bien-etreiris.ch\/de\/"},{"@type":"ListItem","position":2,"name":"PRODUKTPR\u00c4SENTATION","item":"https:\/\/bien-etreiris.ch\/de\/produktpraesentation\/"},{"@type":"ListItem","position":3,"name":"WOHLF\u00dcHL-D\u00dcFTE","item":"https:\/\/bien-etreiris.ch\/de\/produktpraesentation\/wohlfuehl-duefte\/"},{"@type":"ListItem","position":4,"name":"RAUMSPRAYS","item":"https:\/\/bien-etreiris.ch\/de\/produktpraesentation\/wohlfuehl-duefte\/raumsprays\/"},{"@type":"ListItem","position":5,"name":"FARFALLA"}]},{"@type":"WebSite","@id":"https:\/\/bien-etreiris.ch\/de\/#website","url":"https:\/\/bien-etreiris.ch\/de\/","name":"Bien-\u00eatre Iris","description":"IHRE Gesundheit ist uns wichtig","potentialAction":[{"@type":"SearchAction","target":{"@type":"EntryPoint","urlTemplate":"https:\/\/bien-etreiris.ch\/de\/?s={search_term_string}"},"query-input":{"@type":"PropertyValueSpecification","valueRequired":true,"valueName":"search_term_string"}}],"inLanguage":"de"}]}},"_links":{"self":[{"href":"https:\/\/bien-etreiris.ch\/de\/wp-json\/wp\/v2\/pages\/38783","targetHints":{"allow":["GET"]}}],"collection":[{"href":"https:\/\/bien-etreiris.ch\/de\/wp-json\/wp\/v2\/pages"}],"about":[{"href":"https:\/\/bien-etreiris.ch\/de\/wp-json\/wp\/v2\/types\/page"}],"author":[{"embeddable":true,"href":"https:\/\/bien-etreiris.ch\/de\/wp-json\/wp\/v2\/users\/1"}],"replies":[{"embeddable":true,"href":"https:\/\/bien-etreiris.ch\/de\/wp-json\/wp\/v2\/comments?post=38783"}],"version-history":[{"count":10,"href":"https:\/\/bien-etreiris.ch\/de\/wp-json\/wp\/v2\/pages\/38783\/revisions"}],"predecessor-version":[{"id":51844,"href":"https:\/\/bien-etreiris.ch\/de\/wp-json\/wp\/v2\/pages\/38783\/revisions\/51844"}],"up":[{"embeddable":true,"href":"https:\/\/bien-etreiris.ch\/de\/wp-json\/wp\/v2\/pages\/38806"}],"wp:featuredmedia":[{"embeddable":true,"href":"https:\/\/bien-etreiris.ch\/de\/wp-json\/wp\/v2\/media\/38659"}],"wp:attachment":[{"href":"https:\/\/bien-etreiris.ch\/de\/wp-json\/wp\/v2\/media?parent=38783"}],"curies":[{"name":"wp","href":"https:\/\/api.w.org\/{rel}","templated":true}]}}