{"id":38380,"date":"2021-01-12T09:56:42","date_gmt":"2021-01-12T09:56:42","guid":{"rendered":"https:\/\/bien-etreiris.ch\/?page_id=38380"},"modified":"2021-02-11T09:10:35","modified_gmt":"2021-02-11T09:10:35","slug":"darmhygiene-einlaufgeraet","status":"publish","type":"page","link":"https:\/\/bien-etreiris.ch\/de\/produktpraesentation\/gesundes-leben\/nahrungsergaenzungsmittel\/pflanzenheilkunde-gleichgewicht-durch-heilpflanzen\/zubehoer-fuer-die-phytotherapie\/darmhygiene-einlaufgeraet\/","title":{"rendered":"DARMHYGIENE"},"content":{"rendered":"\n<h2 class=\"wp-block-heading\">   <br>Einlaufger\u00e4t  <\/h2>\n\n\n<p><a href=\"https:\/\/decoiris.ch\/wp-content\/uploads\/2021\/01\/N\u00e9cessaire-\u00e0-lavement.png\"><img loading=\"lazy\" decoding=\"async\" class=\"size-medium wp-image-38384 alignleft\" src=\"https:\/\/decoiris.ch\/wp-content\/uploads\/2021\/01\/N\u00e9cessaire-\u00e0-lavement-300x287.png\" alt=\"\" width=\"300\" height=\"287\" srcset=\"https:\/\/bien-etreiris.ch\/wp-content\/uploads\/2021\/01\/N\u00e9cessaire-\u00e0-lavement-300x287.png 300w, https:\/\/bien-etreiris.ch\/wp-content\/uploads\/2021\/01\/N\u00e9cessaire-\u00e0-lavement.png 400w\" sizes=\"auto, (max-width: 300px) 100vw, 300px\" \/><\/a><\/p>\n<p>&nbsp;<\/p>\n<p>&nbsp;<\/p>\n<ul class=\"list-with-checkmark\" style=\"list-style-type: disc;\">\n<li data-sr-id=\"1\">einfach in der Anwendung<\/li>\n<li data-sr-id=\"3\">nat\u00fcrliche und sanfte Reinigung des Dickdarmes<\/li>\n<li data-sr-id=\"4\">idealer Begleiter beim Fasten<\/li>\n<li data-sr-id=\"5\">altbew\u00e4hrtes Naturheilverfahren<\/li>\n<\/ul>\n<p>&nbsp;<\/p>\n<p>&nbsp;<\/p>\n<p>Ein kompletes Einlaufger\u00e4t <strong>CHF 20.00<\/strong><\/p>\n<p>&nbsp;<\/p>\n<p>&nbsp;<\/p>\n\n\n<p>Der Darm spielt f\u00fcr die optimale Verwertung der Nahrung, <strong>f\u00fcr das  Immunsystem <\/strong>und auch f\u00fcr unsere Psyche eine bedeutende Rolle. Der  Lebensstil, also Ern\u00e4hrungsweise, Trinkverhalten, Bewegungsmangel,  Medikamente und auch Stress, \u00fcbt einen wesentlichen Einfluss auf die  Verdauungst\u00e4tigkeit aus. Ger\u00e4t die Verdauung ins Stocken, ist der  Leidensdruck oft gro\u00df. Der Einlauf bietet hier eine einfache und  wirkungsvolle Unterst\u00fctzung der nat\u00fcrlichen Darmpflege und ist ein seit  Langem bew\u00e4hrtes Hausmittel. <\/p>\n\n\n<div class=\"text\">\n<div>\n<div class=\"text\">\n<div>\n<h2 class=\"section-with-image-headline word-wrap \">Der Einlauf<\/h2>\n<div class=\"image\">&nbsp;<\/div>\n<p>Ein Einlauf, ein- bis zweimal pro Monat, ist eine sanfte Wohltat f\u00fcr den Darm. Die detaillierte Anwendung des Einlaufger\u00e4tes wird Ihnen in einem beigelegten Anwendungshinweis erl\u00e4utert.<\/p>\n<p><strong>Tipp:<\/strong> F\u00fcr den Einlauf kann anstelle von k\u00f6rperwarmem Wasser auch der 7x7 Kr\u00e4uterTee mit K\u00f6rpertemperatur verwendet werden.<\/p>\n<\/div>\n<\/div>\n<\/div>\n<\/div>\n\n\n<h2 class=\"wp-block-heading\"> <br> <br>Der Aufbau <\/h2>\n\n\n<div class=\"text\">\n<div>\n<h4 class=\"word-wrap \"><span class=\"subheadline\">des Einlaufger\u00e4tes<\/span><\/h4>\n<\/div>\n<\/div>\n<h4 class=\"word-wrap \"><span class=\"subheadline\">&nbsp;<\/span><\/h4>\n<p><a href=\"https:\/\/decoiris.ch\/wp-content\/uploads\/2021\/01\/Montage.png\"><img loading=\"lazy\" decoding=\"async\" class=\"alignnone size-medium wp-image-38387\" src=\"https:\/\/decoiris.ch\/wp-content\/uploads\/2021\/01\/Montage-300x171.png\" alt=\"\" width=\"300\" height=\"171\" srcset=\"https:\/\/bien-etreiris.ch\/wp-content\/uploads\/2021\/01\/Montage-300x171.png 300w, https:\/\/bien-etreiris.ch\/wp-content\/uploads\/2021\/01\/Montage-768x438.png 768w, https:\/\/bien-etreiris.ch\/wp-content\/uploads\/2021\/01\/Montage.png 820w\" sizes=\"auto, (max-width: 300px) 100vw, 300px\" \/><\/a><\/p>\n<ol>\n<li>Einlauf-\/Irrigatorbecher<\/li>\n<li>Einlaufschlauch\/Ablaufstutzen<\/li>\n<li>Absperrhahn<\/li>\n<li>Klistierrohr mit Innengewinde<\/li>\n<li>Flexible Einlaufhilfe<\/li>\n<li>Mutterrohr mit Innengewinde f\u00fcr die Vaginalsp\u00fclung<\/li>\n<\/ol>","protected":false},"excerpt":{"rendered":"<p>Einlaufger\u00e4t &nbsp; &nbsp; einfach in der Anwendung nat\u00fcrliche und sanfte Reinigung des Dickdarmes idealer Begleiter beim Fasten altbew\u00e4hrtes Naturheilverfahren &nbsp; &nbsp; Ein kompletes Einlaufger\u00e4t CHF 20.00 &nbsp; &nbsp; Der Darm spielt f\u00fcr die optimale Verwertung der Nahrung, f\u00fcr das Immunsystem und auch f\u00fcr unsere Psyche eine bedeutende Rolle. Der Lebensstil, also Ern\u00e4hrungsweise, Trinkverhalten, Bewegungsmangel, Medikamente und auch Stress, \u00fcbt einen&nbsp;<a href=\"https:\/\/bien-etreiris.ch\/de\/produktpraesentation\/gesundes-leben\/nahrungsergaenzungsmittel\/pflanzenheilkunde-gleichgewicht-durch-heilpflanzen\/zubehoer-fuer-die-phytotherapie\/darmhygiene-einlaufgeraet\/\" class=\"read-more\">Weiter lesen<\/a><\/p>\n","protected":false},"author":1,"featured_media":38383,"parent":62258,"menu_order":6377,"comment_status":"closed","ping_status":"closed","template":"page-with-child.php","meta":{"_acf_changed":false,"ngg_post_thumbnail":0,"footnotes":""},"class_list":["post-38380","page","type-page","status-publish","has-post-thumbnail","hentry"],"acf":[],"yoast_head":"<!-- This site is optimized with the Yoast SEO plugin v27.6 - https:\/\/yoast.com\/product\/yoast-seo-wordpress\/ -->\n<title>DARMHYGIENE - WOHLBEFINDEN<\/title>\n<meta name=\"robots\" content=\"index, follow, max-snippet:-1, max-image-preview:large, max-video-preview:-1\" \/>\n<link rel=\"canonical\" href=\"https:\/\/bien-etreiris.ch\/de\/produktpraesentation\/natuerliche-heilmittel\/verdauung-transit-flora\/darmhygiene-einlaufgeraet\/\" \/>\n<meta property=\"og:locale\" content=\"de_DE\" \/>\n<meta property=\"og:type\" content=\"article\" \/>\n<meta property=\"og:title\" content=\"DARMHYGIENE - WOHLBEFINDEN\" \/>\n<meta property=\"og:description\" content=\"Einlaufger\u00e4t &nbsp; &nbsp; einfach in der Anwendung nat\u00fcrliche und sanfte Reinigung des Dickdarmes idealer Begleiter beim Fasten altbew\u00e4hrtes Naturheilverfahren &nbsp; &nbsp; Ein kompletes Einlaufger\u00e4t CHF 20.00 &nbsp; &nbsp; Der Darm spielt f\u00fcr die optimale Verwertung der Nahrung, f\u00fcr das Immunsystem und auch f\u00fcr unsere Psyche eine bedeutende Rolle. Der Lebensstil, also Ern\u00e4hrungsweise, Trinkverhalten, Bewegungsmangel, Medikamente und auch Stress, \u00fcbt einen&nbsp;Weiter lesen\" \/>\n<meta property=\"og:url\" content=\"https:\/\/bien-etreiris.ch\/de\/produktpraesentation\/natuerliche-heilmittel\/verdauung-transit-flora\/darmhygiene-einlaufgeraet\/\" \/>\n<meta property=\"og:site_name\" content=\"WOHLBEFINDEN\" \/>\n<meta property=\"article:publisher\" content=\"https:\/\/www.facebook.com\/bienetreiris\/\" \/>\n<meta property=\"article:modified_time\" content=\"2021-02-11T09:10:35+00:00\" \/>\n<meta property=\"og:image\" content=\"https:\/\/bien-etreiris.ch\/wp-content\/uploads\/2021\/01\/acceuil-hygiene-intestinale.jpg\" \/>\n\t<meta property=\"og:image:width\" content=\"500\" \/>\n\t<meta property=\"og:image:height\" content=\"380\" \/>\n\t<meta property=\"og:image:type\" content=\"image\/jpeg\" \/>\n<meta name=\"twitter:label1\" content=\"Gesch\u00e4tzte Lesezeit\" \/>\n\t<meta name=\"twitter:data1\" content=\"1\u00a0Minute\" \/>\n<script type=\"application\/ld+json\" class=\"yoast-schema-graph\">{\"@context\":\"https:\\\/\\\/schema.org\",\"@graph\":[{\"@type\":\"WebPage\",\"@id\":\"https:\\\/\\\/bien-etreiris.ch\\\/de\\\/produktpraesentation\\\/natuerliche-heilmittel\\\/verdauung-transit-flora\\\/darmhygiene-einlaufgeraet\\\/\",\"url\":\"https:\\\/\\\/bien-etreiris.ch\\\/de\\\/produktpraesentation\\\/natuerliche-heilmittel\\\/verdauung-transit-flora\\\/darmhygiene-einlaufgeraet\\\/\",\"name\":\"DARMHYGIENE - WOHLBEFINDEN\",\"isPartOf\":{\"@id\":\"https:\\\/\\\/bien-etreiris.ch\\\/de\\\/#website\"},\"primaryImageOfPage\":{\"@id\":\"https:\\\/\\\/bien-etreiris.ch\\\/de\\\/produktpraesentation\\\/natuerliche-heilmittel\\\/verdauung-transit-flora\\\/darmhygiene-einlaufgeraet\\\/#primaryimage\"},\"image\":{\"@id\":\"https:\\\/\\\/bien-etreiris.ch\\\/de\\\/produktpraesentation\\\/natuerliche-heilmittel\\\/verdauung-transit-flora\\\/darmhygiene-einlaufgeraet\\\/#primaryimage\"},\"thumbnailUrl\":\"https:\\\/\\\/bien-etreiris.ch\\\/wp-content\\\/uploads\\\/2021\\\/01\\\/acceuil-hygiene-intestinale.jpg\",\"datePublished\":\"2021-01-12T09:56:42+00:00\",\"dateModified\":\"2021-02-11T09:10:35+00:00\",\"breadcrumb\":{\"@id\":\"https:\\\/\\\/bien-etreiris.ch\\\/de\\\/produktpraesentation\\\/natuerliche-heilmittel\\\/verdauung-transit-flora\\\/darmhygiene-einlaufgeraet\\\/#breadcrumb\"},\"inLanguage\":\"de\",\"potentialAction\":[{\"@type\":\"ReadAction\",\"target\":[\"https:\\\/\\\/bien-etreiris.ch\\\/de\\\/produktpraesentation\\\/natuerliche-heilmittel\\\/verdauung-transit-flora\\\/darmhygiene-einlaufgeraet\\\/\"]}]},{\"@type\":\"ImageObject\",\"inLanguage\":\"de\",\"@id\":\"https:\\\/\\\/bien-etreiris.ch\\\/de\\\/produktpraesentation\\\/natuerliche-heilmittel\\\/verdauung-transit-flora\\\/darmhygiene-einlaufgeraet\\\/#primaryimage\",\"url\":\"https:\\\/\\\/bien-etreiris.ch\\\/wp-content\\\/uploads\\\/2021\\\/01\\\/acceuil-hygiene-intestinale.jpg\",\"contentUrl\":\"https:\\\/\\\/bien-etreiris.ch\\\/wp-content\\\/uploads\\\/2021\\\/01\\\/acceuil-hygiene-intestinale.jpg\",\"width\":500,\"height\":380},{\"@type\":\"BreadcrumbList\",\"@id\":\"https:\\\/\\\/bien-etreiris.ch\\\/de\\\/produktpraesentation\\\/natuerliche-heilmittel\\\/verdauung-transit-flora\\\/darmhygiene-einlaufgeraet\\\/#breadcrumb\",\"itemListElement\":[{\"@type\":\"ListItem\",\"position\":1,\"name\":\"Home\",\"item\":\"https:\\\/\\\/bien-etreiris.ch\\\/de\\\/\"},{\"@type\":\"ListItem\",\"position\":2,\"name\":\"PRODUKTPR\u00c4SENTATION\",\"item\":\"https:\\\/\\\/bien-etreiris.ch\\\/de\\\/produktpraesentation\\\/\"},{\"@type\":\"ListItem\",\"position\":3,\"name\":\"NAT\u00dcRLICHE HEILMITTEL\",\"item\":\"https:\\\/\\\/bien-etreiris.ch\\\/de\\\/produktpraesentation\\\/natuerliche-heilmittel\\\/\"},{\"@type\":\"ListItem\",\"position\":4,\"name\":\"VERDAUUNG-TRANSIT-FLORA\",\"item\":\"https:\\\/\\\/bien-etreiris.ch\\\/de\\\/produktpraesentation\\\/natuerliche-heilmittel\\\/verdauung-transit-flora\\\/\"},{\"@type\":\"ListItem\",\"position\":5,\"name\":\"DARMHYGIENE\"}]},{\"@type\":\"WebSite\",\"@id\":\"https:\\\/\\\/bien-etreiris.ch\\\/de\\\/#website\",\"url\":\"https:\\\/\\\/bien-etreiris.ch\\\/de\\\/\",\"name\":\"Bien-\u00eatre Iris\",\"description\":\"IHRE Gesundheit ist uns wichtig\",\"potentialAction\":[{\"@type\":\"SearchAction\",\"target\":{\"@type\":\"EntryPoint\",\"urlTemplate\":\"https:\\\/\\\/bien-etreiris.ch\\\/de\\\/?s={search_term_string}\"},\"query-input\":{\"@type\":\"PropertyValueSpecification\",\"valueRequired\":true,\"valueName\":\"search_term_string\"}}],\"inLanguage\":\"de\"}]}<\/script>\n<!-- \/ Yoast SEO plugin. -->","yoast_head_json":{"title":"DARMHYGIENE - WOHLBEFINDEN","robots":{"index":"index","follow":"follow","max-snippet":"max-snippet:-1","max-image-preview":"max-image-preview:large","max-video-preview":"max-video-preview:-1"},"canonical":"https:\/\/bien-etreiris.ch\/de\/produktpraesentation\/natuerliche-heilmittel\/verdauung-transit-flora\/darmhygiene-einlaufgeraet\/","og_locale":"de_DE","og_type":"article","og_title":"DARMHYGIENE - WOHLBEFINDEN","og_description":"Einlaufger\u00e4t &nbsp; &nbsp; einfach in der Anwendung nat\u00fcrliche und sanfte Reinigung des Dickdarmes idealer Begleiter beim Fasten altbew\u00e4hrtes Naturheilverfahren &nbsp; &nbsp; Ein kompletes Einlaufger\u00e4t CHF 20.00 &nbsp; &nbsp; Der Darm spielt f\u00fcr die optimale Verwertung der Nahrung, f\u00fcr das Immunsystem und auch f\u00fcr unsere Psyche eine bedeutende Rolle. Der Lebensstil, also Ern\u00e4hrungsweise, Trinkverhalten, Bewegungsmangel, Medikamente und auch Stress, \u00fcbt einen&nbsp;Weiter lesen","og_url":"https:\/\/bien-etreiris.ch\/de\/produktpraesentation\/natuerliche-heilmittel\/verdauung-transit-flora\/darmhygiene-einlaufgeraet\/","og_site_name":"WOHLBEFINDEN","article_publisher":"https:\/\/www.facebook.com\/bienetreiris\/","article_modified_time":"2021-02-11T09:10:35+00:00","og_image":[{"width":500,"height":380,"url":"https:\/\/bien-etreiris.ch\/wp-content\/uploads\/2021\/01\/acceuil-hygiene-intestinale.jpg","type":"image\/jpeg"}],"twitter_misc":{"Gesch\u00e4tzte Lesezeit":"1\u00a0Minute"},"schema":{"@context":"https:\/\/schema.org","@graph":[{"@type":"WebPage","@id":"https:\/\/bien-etreiris.ch\/de\/produktpraesentation\/natuerliche-heilmittel\/verdauung-transit-flora\/darmhygiene-einlaufgeraet\/","url":"https:\/\/bien-etreiris.ch\/de\/produktpraesentation\/natuerliche-heilmittel\/verdauung-transit-flora\/darmhygiene-einlaufgeraet\/","name":"DARMHYGIENE - WOHLBEFINDEN","isPartOf":{"@id":"https:\/\/bien-etreiris.ch\/de\/#website"},"primaryImageOfPage":{"@id":"https:\/\/bien-etreiris.ch\/de\/produktpraesentation\/natuerliche-heilmittel\/verdauung-transit-flora\/darmhygiene-einlaufgeraet\/#primaryimage"},"image":{"@id":"https:\/\/bien-etreiris.ch\/de\/produktpraesentation\/natuerliche-heilmittel\/verdauung-transit-flora\/darmhygiene-einlaufgeraet\/#primaryimage"},"thumbnailUrl":"https:\/\/bien-etreiris.ch\/wp-content\/uploads\/2021\/01\/acceuil-hygiene-intestinale.jpg","datePublished":"2021-01-12T09:56:42+00:00","dateModified":"2021-02-11T09:10:35+00:00","breadcrumb":{"@id":"https:\/\/bien-etreiris.ch\/de\/produktpraesentation\/natuerliche-heilmittel\/verdauung-transit-flora\/darmhygiene-einlaufgeraet\/#breadcrumb"},"inLanguage":"de","potentialAction":[{"@type":"ReadAction","target":["https:\/\/bien-etreiris.ch\/de\/produktpraesentation\/natuerliche-heilmittel\/verdauung-transit-flora\/darmhygiene-einlaufgeraet\/"]}]},{"@type":"ImageObject","inLanguage":"de","@id":"https:\/\/bien-etreiris.ch\/de\/produktpraesentation\/natuerliche-heilmittel\/verdauung-transit-flora\/darmhygiene-einlaufgeraet\/#primaryimage","url":"https:\/\/bien-etreiris.ch\/wp-content\/uploads\/2021\/01\/acceuil-hygiene-intestinale.jpg","contentUrl":"https:\/\/bien-etreiris.ch\/wp-content\/uploads\/2021\/01\/acceuil-hygiene-intestinale.jpg","width":500,"height":380},{"@type":"BreadcrumbList","@id":"https:\/\/bien-etreiris.ch\/de\/produktpraesentation\/natuerliche-heilmittel\/verdauung-transit-flora\/darmhygiene-einlaufgeraet\/#breadcrumb","itemListElement":[{"@type":"ListItem","position":1,"name":"Home","item":"https:\/\/bien-etreiris.ch\/de\/"},{"@type":"ListItem","position":2,"name":"PRODUKTPR\u00c4SENTATION","item":"https:\/\/bien-etreiris.ch\/de\/produktpraesentation\/"},{"@type":"ListItem","position":3,"name":"NAT\u00dcRLICHE HEILMITTEL","item":"https:\/\/bien-etreiris.ch\/de\/produktpraesentation\/natuerliche-heilmittel\/"},{"@type":"ListItem","position":4,"name":"VERDAUUNG-TRANSIT-FLORA","item":"https:\/\/bien-etreiris.ch\/de\/produktpraesentation\/natuerliche-heilmittel\/verdauung-transit-flora\/"},{"@type":"ListItem","position":5,"name":"DARMHYGIENE"}]},{"@type":"WebSite","@id":"https:\/\/bien-etreiris.ch\/de\/#website","url":"https:\/\/bien-etreiris.ch\/de\/","name":"Bien-\u00eatre Iris","description":"IHRE Gesundheit ist uns wichtig","potentialAction":[{"@type":"SearchAction","target":{"@type":"EntryPoint","urlTemplate":"https:\/\/bien-etreiris.ch\/de\/?s={search_term_string}"},"query-input":{"@type":"PropertyValueSpecification","valueRequired":true,"valueName":"search_term_string"}}],"inLanguage":"de"}]}},"_links":{"self":[{"href":"https:\/\/bien-etreiris.ch\/de\/wp-json\/wp\/v2\/pages\/38380","targetHints":{"allow":["GET"]}}],"collection":[{"href":"https:\/\/bien-etreiris.ch\/de\/wp-json\/wp\/v2\/pages"}],"about":[{"href":"https:\/\/bien-etreiris.ch\/de\/wp-json\/wp\/v2\/types\/page"}],"author":[{"embeddable":true,"href":"https:\/\/bien-etreiris.ch\/de\/wp-json\/wp\/v2\/users\/1"}],"replies":[{"embeddable":true,"href":"https:\/\/bien-etreiris.ch\/de\/wp-json\/wp\/v2\/comments?post=38380"}],"version-history":[{"count":8,"href":"https:\/\/bien-etreiris.ch\/de\/wp-json\/wp\/v2\/pages\/38380\/revisions"}],"predecessor-version":[{"id":39181,"href":"https:\/\/bien-etreiris.ch\/de\/wp-json\/wp\/v2\/pages\/38380\/revisions\/39181"}],"up":[{"embeddable":true,"href":"https:\/\/bien-etreiris.ch\/de\/wp-json\/wp\/v2\/pages\/62258"}],"wp:featuredmedia":[{"embeddable":true,"href":"https:\/\/bien-etreiris.ch\/de\/wp-json\/wp\/v2\/media\/38383"}],"wp:attachment":[{"href":"https:\/\/bien-etreiris.ch\/de\/wp-json\/wp\/v2\/media?parent=38380"}],"curies":[{"name":"wp","href":"https:\/\/api.w.org\/{rel}","templated":true}]}}