{"id":38207,"date":"2021-01-11T12:38:14","date_gmt":"2021-01-11T12:38:14","guid":{"rendered":"https:\/\/bien-etreiris.ch\/agent-hydratant\/"},"modified":"2021-05-30T20:28:38","modified_gmt":"2021-05-30T18:28:38","slug":"feuchthaltemittel","status":"publish","type":"page","link":"https:\/\/bien-etreiris.ch\/de\/produktpraesentation\/aromatherapie\/selbst-herstellen\/rohstoffe\/feuchthaltemittel\/","title":{"rendered":"FEUCHTHALTEMITTEL"},"content":{"rendered":"\n<h2 class=\"wp-block-heading\">Pflanzliches Glyzerin<\/h2>\n\n\n<p><a href=\"https:\/\/decoiris.ch\/wp-content\/uploads\/2021\/01\/Glyc\u00e9rine-v\u00e9g\u00e9tale-1.png\"><img loading=\"lazy\" decoding=\"async\" class=\"wp-image-38210 size-medium alignleft\" src=\"https:\/\/decoiris.ch\/wp-content\/uploads\/2021\/01\/Glyc\u00e9rine-v\u00e9g\u00e9tale-1-300x300.png\" alt=\"\" width=\"300\" height=\"300\" srcset=\"https:\/\/bien-etreiris.ch\/wp-content\/uploads\/2021\/01\/Glyc\u00e9rine-v\u00e9g\u00e9tale-1-300x300.png 300w, https:\/\/bien-etreiris.ch\/wp-content\/uploads\/2021\/01\/Glyc\u00e9rine-v\u00e9g\u00e9tale-1-150x150.png 150w, https:\/\/bien-etreiris.ch\/wp-content\/uploads\/2021\/01\/Glyc\u00e9rine-v\u00e9g\u00e9tale-1.png 500w\" sizes=\"auto, (max-width: 300px) 100vw, 300px\" \/><\/a><\/p>\n<p>Feuchtigkeitsspendendes und erweichendes Mittel<\/p>\n<p>Hochwertiges, 100 % nat\u00fcrliches Glycerin<\/p>\n<p>&nbsp;<\/p>\n<div class=\"short_description_block hidden-xs hidden-sm\">\n<div id=\"short_description_content\" class=\"rte align_justify\">\n<p>200 ml <strong>CHF 8.00<\/strong><\/p>\n<\/div>\n<\/div>\n<p>&nbsp;<\/p>\n<p>&nbsp;<\/p>\n<p>&nbsp;<\/p>\n<p>&nbsp;<\/p>\n<p>&nbsp;<\/p>\n<p>Das aus Soja\u00f6l gewonnene pflanzliche Bio-Glycerin wird empfohlen, um dank seiner feuchtigkeitsspendenden Eigenschaften die Feuchthaltekraft Ihrer Cremes, Milchen, Gele oder Shampoos zu verbessern. Mit einer fl\u00fcssigen und dickfl\u00fcssigen Textur ist es in vielen kosmetischen Produkten zu finden.<br>L\u00f6slich in Wasser und Alkohol. Nicht in \u00d6l l\u00f6slich. Der w\u00e4ssrigen Phase des Produkts wird Glycerin zugesetzt.<br>Recycelbare Verpackung und garantiert ohne Phthalat oder Bisphenol A. Das Produkt wurde nicht an Tieren getestet, gem\u00e4\u00df der Kosmetikverordnung 1223\/2009.<\/p>\n<h4>Dosierungshinweise<\/h4>\n<p>1 bis 5 % des Gesamtgewichts Ihrer Zubereitung.<\/p>\n<h4>Hinweis<\/h4>\n<p>Ab einer Konzentration von mehr als 10 % kehrt sich die Wirkung um, vor allem, wenn das Produkt nicht zum Absp\u00fclen vorgesehen ist (wie z. B. eine Creme oder Milch): Das Glycerin trocknet dann die Haut aus, anstatt sie zu befeuchten. Bei mehr als 5 % k\u00f6nnen einige Felle schlecht reagieren und einen Erw\u00e4rmungseffekt beobachten.<\/p>\n<h4>Inhaltsstoff<\/h4>\n<p><strong> Glycerin <\/strong>100 % der Gesamtmenge sind nat\u00fcrlichen Ursprungs.<br>96,3% der gesamten Inhaltsstoffe sind aus biologischer Landwirtschaft.<br>COSMOS ORGANIC-zertifiziert durch Ecocert Greenlife nach dem COSMOS-Standard, erh\u00e4ltlich unter http:\/\/cosmos.ecocert.com.<\/p>\n<p>Von Ecocert zugelassenes Tensid pflanzlichen Ursprungs. Glycerin wird zur Herstellung von Haut- und Haarpflegeprodukten (Creme, Feuchtigkeitsmilch, Duschgel, Shampoo...) verwendet.<\/p>\n<h4>Hinweise zur Verwendung<\/h4>\n<p>Geben Sie Glycerin in die w\u00e4ssrige Phase Ihrer Zubereitungen ein, bevor Sie emulgieren.<\/p>\n<p>Geben Sie 1 bis 10 % des Gesamtgewichts Ihrer Zubereitung hinzu.<\/p>\n<p>Zur Verwendung in Ihren kosmetischen Rezepten von :<\/p>\n<ul style=\"list-style-type: disc;\">\n<li>Feuchtigkeitscremes und -milchen<\/li>\n<li>Feuchthaltegels<\/li>\n<li>Duschgels<\/li>\n<li>Shampoos, Conditioner, Haarmasken<\/li>\n<li>Lippenpflege<\/li>\n<li>Seifen<\/li>\n<\/ul>\n<h4>Beispiel f\u00fcr ein Rezept <\/h4>\n<p>Aus dem Buch \"Je fabrique mes cosm\u00e9tiques\" von Sylvie Hampikian:<\/p>\n<p>\"Gourmet orange-rosa Duschgel:<\/p>\n<p>250 ml neutrale Waschlauge<\/p>\n<p>1 Essl\u00f6ffel pflanzliches Glycerin<\/p>\n<p>10 Tropfen \u00e4therisches \u00d6l von Petit Grain Bigaradier oder Orange<\/p>\n<p>10 Tropfen \u00e4therisches \u00d6l der Rosengeranie oder Bourbon<\/p>\n<p>2 Essl\u00f6ffel Rosenwasser<\/p>\n<p>&nbsp;<\/p>","protected":false},"excerpt":{"rendered":"<p>Pflanzliches Glyzerin Feuchtigkeitsspendendes und erweichendes Mittel Hochwertiges, 100 % nat\u00fcrliches Glycerin &nbsp; 200 ml CHF 8.00 &nbsp; &nbsp; &nbsp; &nbsp; &nbsp; Das aus Soja\u00f6l gewonnene pflanzliche Bio-Glycerin wird empfohlen, um dank seiner feuchtigkeitsspendenden Eigenschaften die Feuchthaltekraft Ihrer Cremes, Milchen, Gele oder Shampoos zu verbessern. Mit einer fl\u00fcssigen und dickfl\u00fcssigen Textur ist es in vielen kosmetischen Produkten zu finden.L\u00f6slich in Wasser&nbsp;<a href=\"https:\/\/bien-etreiris.ch\/de\/produktpraesentation\/aromatherapie\/selbst-herstellen\/rohstoffe\/feuchthaltemittel\/\" class=\"read-more\">Weiter lesen<\/a><\/p>\n","protected":false},"author":1,"featured_media":38201,"parent":18130,"menu_order":6389,"comment_status":"closed","ping_status":"closed","template":"page-with-child.php","meta":{"_acf_changed":false,"ngg_post_thumbnail":0,"footnotes":""},"class_list":["post-38207","page","type-page","status-publish","has-post-thumbnail","hentry"],"acf":[],"yoast_head":"<!-- This site is optimized with the Yoast SEO plugin v27.6 - https:\/\/yoast.com\/product\/yoast-seo-wordpress\/ -->\n<title>FEUCHTHALTEMITTEL - WOHLBEFINDEN<\/title>\n<meta name=\"robots\" content=\"index, follow, max-snippet:-1, max-image-preview:large, max-video-preview:-1\" \/>\n<link rel=\"canonical\" href=\"https:\/\/bien-etreiris.ch\/de\/produktpraesentation\/aromatherapie\/selbst-herstellen\/rohstoffe\/feuchthaltemittel\/\" \/>\n<meta property=\"og:locale\" content=\"de_DE\" \/>\n<meta property=\"og:type\" content=\"article\" \/>\n<meta property=\"og:title\" content=\"FEUCHTHALTEMITTEL - WOHLBEFINDEN\" \/>\n<meta property=\"og:description\" content=\"Pflanzliches Glyzerin Feuchtigkeitsspendendes und erweichendes Mittel Hochwertiges, 100 % nat\u00fcrliches Glycerin &nbsp; 200 ml CHF 8.00 &nbsp; &nbsp; &nbsp; &nbsp; &nbsp; Das aus Soja\u00f6l gewonnene pflanzliche Bio-Glycerin wird empfohlen, um dank seiner feuchtigkeitsspendenden Eigenschaften die Feuchthaltekraft Ihrer Cremes, Milchen, Gele oder Shampoos zu verbessern. Mit einer fl\u00fcssigen und dickfl\u00fcssigen Textur ist es in vielen kosmetischen Produkten zu finden.L\u00f6slich in Wasser&nbsp;Weiter lesen\" \/>\n<meta property=\"og:url\" content=\"https:\/\/bien-etreiris.ch\/de\/produktpraesentation\/aromatherapie\/selbst-herstellen\/rohstoffe\/feuchthaltemittel\/\" \/>\n<meta property=\"og:site_name\" content=\"WOHLBEFINDEN\" \/>\n<meta property=\"article:publisher\" content=\"https:\/\/www.facebook.com\/bienetreiris\/\" \/>\n<meta property=\"article:modified_time\" content=\"2021-05-30T18:28:38+00:00\" \/>\n<meta property=\"og:image\" content=\"https:\/\/bien-etreiris.ch\/wp-content\/uploads\/2021\/01\/Acceuil-Agent-hydratant.jpg\" \/>\n\t<meta property=\"og:image:width\" content=\"500\" \/>\n\t<meta property=\"og:image:height\" content=\"333\" \/>\n\t<meta property=\"og:image:type\" content=\"image\/jpeg\" \/>\n<meta name=\"twitter:label1\" content=\"Gesch\u00e4tzte Lesezeit\" \/>\n\t<meta name=\"twitter:data1\" content=\"2\u00a0Minuten\" \/>\n<script type=\"application\/ld+json\" class=\"yoast-schema-graph\">{\"@context\":\"https:\\\/\\\/schema.org\",\"@graph\":[{\"@type\":\"WebPage\",\"@id\":\"https:\\\/\\\/bien-etreiris.ch\\\/de\\\/produktpraesentation\\\/aromatherapie\\\/selbst-herstellen\\\/rohstoffe\\\/feuchthaltemittel\\\/\",\"url\":\"https:\\\/\\\/bien-etreiris.ch\\\/de\\\/produktpraesentation\\\/aromatherapie\\\/selbst-herstellen\\\/rohstoffe\\\/feuchthaltemittel\\\/\",\"name\":\"FEUCHTHALTEMITTEL - WOHLBEFINDEN\",\"isPartOf\":{\"@id\":\"https:\\\/\\\/bien-etreiris.ch\\\/de\\\/#website\"},\"primaryImageOfPage\":{\"@id\":\"https:\\\/\\\/bien-etreiris.ch\\\/de\\\/produktpraesentation\\\/aromatherapie\\\/selbst-herstellen\\\/rohstoffe\\\/feuchthaltemittel\\\/#primaryimage\"},\"image\":{\"@id\":\"https:\\\/\\\/bien-etreiris.ch\\\/de\\\/produktpraesentation\\\/aromatherapie\\\/selbst-herstellen\\\/rohstoffe\\\/feuchthaltemittel\\\/#primaryimage\"},\"thumbnailUrl\":\"https:\\\/\\\/bien-etreiris.ch\\\/wp-content\\\/uploads\\\/2021\\\/01\\\/Acceuil-Agent-hydratant.jpg\",\"datePublished\":\"2021-01-11T12:38:14+00:00\",\"dateModified\":\"2021-05-30T18:28:38+00:00\",\"breadcrumb\":{\"@id\":\"https:\\\/\\\/bien-etreiris.ch\\\/de\\\/produktpraesentation\\\/aromatherapie\\\/selbst-herstellen\\\/rohstoffe\\\/feuchthaltemittel\\\/#breadcrumb\"},\"inLanguage\":\"de\",\"potentialAction\":[{\"@type\":\"ReadAction\",\"target\":[\"https:\\\/\\\/bien-etreiris.ch\\\/de\\\/produktpraesentation\\\/aromatherapie\\\/selbst-herstellen\\\/rohstoffe\\\/feuchthaltemittel\\\/\"]}]},{\"@type\":\"ImageObject\",\"inLanguage\":\"de\",\"@id\":\"https:\\\/\\\/bien-etreiris.ch\\\/de\\\/produktpraesentation\\\/aromatherapie\\\/selbst-herstellen\\\/rohstoffe\\\/feuchthaltemittel\\\/#primaryimage\",\"url\":\"https:\\\/\\\/bien-etreiris.ch\\\/wp-content\\\/uploads\\\/2021\\\/01\\\/Acceuil-Agent-hydratant.jpg\",\"contentUrl\":\"https:\\\/\\\/bien-etreiris.ch\\\/wp-content\\\/uploads\\\/2021\\\/01\\\/Acceuil-Agent-hydratant.jpg\",\"width\":500,\"height\":333},{\"@type\":\"BreadcrumbList\",\"@id\":\"https:\\\/\\\/bien-etreiris.ch\\\/de\\\/produktpraesentation\\\/aromatherapie\\\/selbst-herstellen\\\/rohstoffe\\\/feuchthaltemittel\\\/#breadcrumb\",\"itemListElement\":[{\"@type\":\"ListItem\",\"position\":1,\"name\":\"Home\",\"item\":\"https:\\\/\\\/bien-etreiris.ch\\\/de\\\/\"},{\"@type\":\"ListItem\",\"position\":2,\"name\":\"PRODUKTPR\u00c4SENTATION\",\"item\":\"https:\\\/\\\/bien-etreiris.ch\\\/de\\\/produktpraesentation\\\/\"},{\"@type\":\"ListItem\",\"position\":3,\"name\":\"AROMATHERAPIE\",\"item\":\"https:\\\/\\\/bien-etreiris.ch\\\/de\\\/produktpraesentation\\\/aromatherapie\\\/\"},{\"@type\":\"ListItem\",\"position\":4,\"name\":\"SELBST HERSTELLEN&#8230;\",\"item\":\"https:\\\/\\\/bien-etreiris.ch\\\/de\\\/produktpraesentation\\\/aromatherapie\\\/selbst-herstellen\\\/\"},{\"@type\":\"ListItem\",\"position\":5,\"name\":\"ROHSTOFFE\",\"item\":\"https:\\\/\\\/bien-etreiris.ch\\\/de\\\/produktpraesentation\\\/aromatherapie\\\/selbst-herstellen\\\/rohstoffe\\\/\"},{\"@type\":\"ListItem\",\"position\":6,\"name\":\"FEUCHTHALTEMITTEL\"}]},{\"@type\":\"WebSite\",\"@id\":\"https:\\\/\\\/bien-etreiris.ch\\\/de\\\/#website\",\"url\":\"https:\\\/\\\/bien-etreiris.ch\\\/de\\\/\",\"name\":\"Bien-\u00eatre Iris\",\"description\":\"IHRE Gesundheit ist uns wichtig\",\"potentialAction\":[{\"@type\":\"SearchAction\",\"target\":{\"@type\":\"EntryPoint\",\"urlTemplate\":\"https:\\\/\\\/bien-etreiris.ch\\\/de\\\/?s={search_term_string}\"},\"query-input\":{\"@type\":\"PropertyValueSpecification\",\"valueRequired\":true,\"valueName\":\"search_term_string\"}}],\"inLanguage\":\"de\"}]}<\/script>\n<!-- \/ Yoast SEO plugin. -->","yoast_head_json":{"title":"FEUCHTHALTEMITTEL - WOHLBEFINDEN","robots":{"index":"index","follow":"follow","max-snippet":"max-snippet:-1","max-image-preview":"max-image-preview:large","max-video-preview":"max-video-preview:-1"},"canonical":"https:\/\/bien-etreiris.ch\/de\/produktpraesentation\/aromatherapie\/selbst-herstellen\/rohstoffe\/feuchthaltemittel\/","og_locale":"de_DE","og_type":"article","og_title":"FEUCHTHALTEMITTEL - WOHLBEFINDEN","og_description":"Pflanzliches Glyzerin Feuchtigkeitsspendendes und erweichendes Mittel Hochwertiges, 100 % nat\u00fcrliches Glycerin &nbsp; 200 ml CHF 8.00 &nbsp; &nbsp; &nbsp; &nbsp; &nbsp; Das aus Soja\u00f6l gewonnene pflanzliche Bio-Glycerin wird empfohlen, um dank seiner feuchtigkeitsspendenden Eigenschaften die Feuchthaltekraft Ihrer Cremes, Milchen, Gele oder Shampoos zu verbessern. Mit einer fl\u00fcssigen und dickfl\u00fcssigen Textur ist es in vielen kosmetischen Produkten zu finden.L\u00f6slich in Wasser&nbsp;Weiter lesen","og_url":"https:\/\/bien-etreiris.ch\/de\/produktpraesentation\/aromatherapie\/selbst-herstellen\/rohstoffe\/feuchthaltemittel\/","og_site_name":"WOHLBEFINDEN","article_publisher":"https:\/\/www.facebook.com\/bienetreiris\/","article_modified_time":"2021-05-30T18:28:38+00:00","og_image":[{"width":500,"height":333,"url":"https:\/\/bien-etreiris.ch\/wp-content\/uploads\/2021\/01\/Acceuil-Agent-hydratant.jpg","type":"image\/jpeg"}],"twitter_misc":{"Gesch\u00e4tzte Lesezeit":"2\u00a0Minuten"},"schema":{"@context":"https:\/\/schema.org","@graph":[{"@type":"WebPage","@id":"https:\/\/bien-etreiris.ch\/de\/produktpraesentation\/aromatherapie\/selbst-herstellen\/rohstoffe\/feuchthaltemittel\/","url":"https:\/\/bien-etreiris.ch\/de\/produktpraesentation\/aromatherapie\/selbst-herstellen\/rohstoffe\/feuchthaltemittel\/","name":"FEUCHTHALTEMITTEL - WOHLBEFINDEN","isPartOf":{"@id":"https:\/\/bien-etreiris.ch\/de\/#website"},"primaryImageOfPage":{"@id":"https:\/\/bien-etreiris.ch\/de\/produktpraesentation\/aromatherapie\/selbst-herstellen\/rohstoffe\/feuchthaltemittel\/#primaryimage"},"image":{"@id":"https:\/\/bien-etreiris.ch\/de\/produktpraesentation\/aromatherapie\/selbst-herstellen\/rohstoffe\/feuchthaltemittel\/#primaryimage"},"thumbnailUrl":"https:\/\/bien-etreiris.ch\/wp-content\/uploads\/2021\/01\/Acceuil-Agent-hydratant.jpg","datePublished":"2021-01-11T12:38:14+00:00","dateModified":"2021-05-30T18:28:38+00:00","breadcrumb":{"@id":"https:\/\/bien-etreiris.ch\/de\/produktpraesentation\/aromatherapie\/selbst-herstellen\/rohstoffe\/feuchthaltemittel\/#breadcrumb"},"inLanguage":"de","potentialAction":[{"@type":"ReadAction","target":["https:\/\/bien-etreiris.ch\/de\/produktpraesentation\/aromatherapie\/selbst-herstellen\/rohstoffe\/feuchthaltemittel\/"]}]},{"@type":"ImageObject","inLanguage":"de","@id":"https:\/\/bien-etreiris.ch\/de\/produktpraesentation\/aromatherapie\/selbst-herstellen\/rohstoffe\/feuchthaltemittel\/#primaryimage","url":"https:\/\/bien-etreiris.ch\/wp-content\/uploads\/2021\/01\/Acceuil-Agent-hydratant.jpg","contentUrl":"https:\/\/bien-etreiris.ch\/wp-content\/uploads\/2021\/01\/Acceuil-Agent-hydratant.jpg","width":500,"height":333},{"@type":"BreadcrumbList","@id":"https:\/\/bien-etreiris.ch\/de\/produktpraesentation\/aromatherapie\/selbst-herstellen\/rohstoffe\/feuchthaltemittel\/#breadcrumb","itemListElement":[{"@type":"ListItem","position":1,"name":"Home","item":"https:\/\/bien-etreiris.ch\/de\/"},{"@type":"ListItem","position":2,"name":"PRODUKTPR\u00c4SENTATION","item":"https:\/\/bien-etreiris.ch\/de\/produktpraesentation\/"},{"@type":"ListItem","position":3,"name":"AROMATHERAPIE","item":"https:\/\/bien-etreiris.ch\/de\/produktpraesentation\/aromatherapie\/"},{"@type":"ListItem","position":4,"name":"SELBST HERSTELLEN&#8230;","item":"https:\/\/bien-etreiris.ch\/de\/produktpraesentation\/aromatherapie\/selbst-herstellen\/"},{"@type":"ListItem","position":5,"name":"ROHSTOFFE","item":"https:\/\/bien-etreiris.ch\/de\/produktpraesentation\/aromatherapie\/selbst-herstellen\/rohstoffe\/"},{"@type":"ListItem","position":6,"name":"FEUCHTHALTEMITTEL"}]},{"@type":"WebSite","@id":"https:\/\/bien-etreiris.ch\/de\/#website","url":"https:\/\/bien-etreiris.ch\/de\/","name":"Bien-\u00eatre Iris","description":"IHRE Gesundheit ist uns wichtig","potentialAction":[{"@type":"SearchAction","target":{"@type":"EntryPoint","urlTemplate":"https:\/\/bien-etreiris.ch\/de\/?s={search_term_string}"},"query-input":{"@type":"PropertyValueSpecification","valueRequired":true,"valueName":"search_term_string"}}],"inLanguage":"de"}]}},"_links":{"self":[{"href":"https:\/\/bien-etreiris.ch\/de\/wp-json\/wp\/v2\/pages\/38207","targetHints":{"allow":["GET"]}}],"collection":[{"href":"https:\/\/bien-etreiris.ch\/de\/wp-json\/wp\/v2\/pages"}],"about":[{"href":"https:\/\/bien-etreiris.ch\/de\/wp-json\/wp\/v2\/types\/page"}],"author":[{"embeddable":true,"href":"https:\/\/bien-etreiris.ch\/de\/wp-json\/wp\/v2\/users\/1"}],"replies":[{"embeddable":true,"href":"https:\/\/bien-etreiris.ch\/de\/wp-json\/wp\/v2\/comments?post=38207"}],"version-history":[{"count":12,"href":"https:\/\/bien-etreiris.ch\/de\/wp-json\/wp\/v2\/pages\/38207\/revisions"}],"predecessor-version":[{"id":48447,"href":"https:\/\/bien-etreiris.ch\/de\/wp-json\/wp\/v2\/pages\/38207\/revisions\/48447"}],"up":[{"embeddable":true,"href":"https:\/\/bien-etreiris.ch\/de\/wp-json\/wp\/v2\/pages\/18130"}],"wp:featuredmedia":[{"embeddable":true,"href":"https:\/\/bien-etreiris.ch\/de\/wp-json\/wp\/v2\/media\/38201"}],"wp:attachment":[{"href":"https:\/\/bien-etreiris.ch\/de\/wp-json\/wp\/v2\/media?parent=38207"}],"curies":[{"name":"wp","href":"https:\/\/api.w.org\/{rel}","templated":true}]}}