{"id":38092,"date":"2021-01-10T02:58:37","date_gmt":"2021-01-10T02:58:37","guid":{"rendered":"https:\/\/bien-etreiris.ch\/?page_id=38092"},"modified":"2021-06-02T14:44:42","modified_gmt":"2021-06-02T12:44:42","slug":"fliegen","status":"publish","type":"page","link":"https:\/\/bien-etreiris.ch\/de\/produktpraesentation\/hygiene\/haushaltsreinigung\/natuerliche-insektizide\/fliegen\/","title":{"rendered":"FLIEGEN"},"content":{"rendered":"\n<h2 class=\"wp-block-heading\"> <br> Pi\u00e8ges \u00e0 mouches pour fen\u00eatre <\/h2>\n\n\n<p><a href=\"https:\/\/decoiris.ch\/wp-content\/uploads\/2021\/01\/Pieges-\u00e0-mouches.png\"><img loading=\"lazy\" decoding=\"async\" class=\"size-medium wp-image-38087 alignleft\" src=\"https:\/\/decoiris.ch\/wp-content\/uploads\/2021\/01\/Pieges-\u00e0-mouches-300x300.png\" alt=\"\" width=\"300\" height=\"300\" srcset=\"https:\/\/bien-etreiris.ch\/wp-content\/uploads\/2021\/01\/Pieges-\u00e0-mouches-300x300.png 300w, https:\/\/bien-etreiris.ch\/wp-content\/uploads\/2021\/01\/Pieges-\u00e0-mouches-150x150.png 150w, https:\/\/bien-etreiris.ch\/wp-content\/uploads\/2021\/01\/Pieges-\u00e0-mouches.png 600w\" sizes=\"auto, (max-width: 300px) 100vw, 300px\" \/><\/a><\/p>\n<p>&nbsp;<\/p>\n<p>10 pi\u00e8ges \u00e0 mouches pour fen\u00eatre. Carton-nettes avec rayures attractives \u00e0 positionner sur le rebord des fen\u00eatres. Efficace contre les mouches et moucherons. Dimensions : 2 x 20 cm<\/p>\n<p>1 sachet \u00e0 10 feuilles C<strong>HF<\/strong><\/p>\n<p>&nbsp;<\/p>\n<p>&nbsp;<\/p>\n<p>Les 5 pi\u00e8ges \u00e0 mouches vous aident \u00e0 lutter contre les invasions de ces petits insectes, gr\u00e2ce au parfum fruit\u00e9e contenu sur les plaquettes englu\u00e9es. Sans produit chimique, 100% \u00e9colo !<\/p>\n<p>&nbsp;<\/p>\n<p>&nbsp;<\/p>\n\n\n<hr class=\"wp-block-separator\"\/>\n\n\n\n<h2 class=\"wp-block-heading\">Tapette \u00e0 mouches<\/h2>\n\n\n<p><a href=\"https:\/\/decoiris.ch\/wp-content\/uploads\/2019\/06\/Tapette-\u00e0-mouches-2.jpg\"><img loading=\"lazy\" decoding=\"async\" class=\"size-medium wp-image-20302 alignleft\" src=\"https:\/\/decoiris.ch\/wp-content\/uploads\/2019\/06\/Tapette-\u00e0-mouches-2-300x197.jpg\" alt=\"\" width=\"300\" height=\"197\" srcset=\"https:\/\/bien-etreiris.ch\/wp-content\/uploads\/2019\/06\/Tapette-\u00e0-mouches-2-300x197.jpg 300w, https:\/\/bien-etreiris.ch\/wp-content\/uploads\/2019\/06\/Tapette-\u00e0-mouches-2.jpg 450w\" sizes=\"auto, (max-width: 300px) 100vw, 300px\" \/><\/a><\/p>\n<p>La tapette \u00e0 mouches au design prim\u00e9. Extr\u00eamement facile \u00e0 nettoyer gr\u00e2ce \u00e0 la facilit\u00e9 de lavage de Violan.<\/p>\n<p>Taille 55\/13 cm<\/p>\n<p>Disponible en 10 couleurs <strong>CHF 29.90<\/strong><\/p>\n<p>&nbsp;<\/p>\n<p>&nbsp;<\/p>\n<p><a href=\"https:\/\/decoiris.ch\/wp-content\/uploads\/2019\/10\/divers-couleurs-tape-mouches.png\"><img loading=\"lazy\" decoding=\"async\" class=\"alignnone wp-image-29649 \" src=\"https:\/\/decoiris.ch\/wp-content\/uploads\/2019\/10\/divers-couleurs-tape-mouches-300x145.png\" alt=\"\" width=\"478\" height=\"231\" srcset=\"https:\/\/bien-etreiris.ch\/wp-content\/uploads\/2019\/10\/divers-couleurs-tape-mouches-300x145.png 300w, https:\/\/bien-etreiris.ch\/wp-content\/uploads\/2019\/10\/divers-couleurs-tape-mouches-768x370.png 768w, https:\/\/bien-etreiris.ch\/wp-content\/uploads\/2019\/10\/divers-couleurs-tape-mouches-1024x494.png 1024w, https:\/\/bien-etreiris.ch\/wp-content\/uploads\/2019\/10\/divers-couleurs-tape-mouches.png 1091w\" sizes=\"auto, (max-width: 478px) 100vw, 478px\" \/><\/a><\/p>","protected":false},"excerpt":{"rendered":"<p>Pi\u00e8ges \u00e0 mouches pour fen\u00eatre &nbsp; 10 pi\u00e8ges \u00e0 mouches pour fen\u00eatre. Carton-nettes avec rayures attractives \u00e0 positionner sur le rebord des fen\u00eatres. Efficace contre les mouches et moucherons. Dimensions : 2 x 20 cm 1 sachet \u00e0 10 feuilles CHF &nbsp; &nbsp; Les 5 pi\u00e8ges \u00e0 mouches vous aident \u00e0 lutter contre les invasions de ces petits insectes, gr\u00e2ce&nbsp;<a href=\"https:\/\/bien-etreiris.ch\/de\/produktpraesentation\/hygiene\/haushaltsreinigung\/natuerliche-insektizide\/fliegen\/\" class=\"read-more\">Weiter lesen<\/a><\/p>\n","protected":false},"author":1,"featured_media":38086,"parent":37998,"menu_order":6398,"comment_status":"closed","ping_status":"closed","template":"page-with-child.php","meta":{"_acf_changed":false,"ngg_post_thumbnail":0,"footnotes":""},"class_list":["post-38092","page","type-page","status-publish","has-post-thumbnail","hentry"],"acf":[],"yoast_head":"<!-- This site is optimized with the Yoast SEO plugin v27.4 - https:\/\/yoast.com\/product\/yoast-seo-wordpress\/ -->\n<title>FLIEGEN - WOHLBEFINDEN<\/title>\n<meta name=\"robots\" content=\"index, follow, max-snippet:-1, max-image-preview:large, max-video-preview:-1\" \/>\n<link rel=\"canonical\" href=\"https:\/\/bien-etreiris.ch\/de\/produktpraesentation\/hygiene\/haushaltsreinigung\/natuerliche-insektizide\/fliegen\/\" \/>\n<meta property=\"og:locale\" content=\"de_DE\" \/>\n<meta property=\"og:type\" content=\"article\" \/>\n<meta property=\"og:title\" content=\"FLIEGEN - WOHLBEFINDEN\" \/>\n<meta property=\"og:description\" content=\"Pi\u00e8ges \u00e0 mouches pour fen\u00eatre &nbsp; 10 pi\u00e8ges \u00e0 mouches pour fen\u00eatre. Carton-nettes avec rayures attractives \u00e0 positionner sur le rebord des fen\u00eatres. Efficace contre les mouches et moucherons. Dimensions : 2 x 20 cm 1 sachet \u00e0 10 feuilles CHF &nbsp; &nbsp; Les 5 pi\u00e8ges \u00e0 mouches vous aident \u00e0 lutter contre les invasions de ces petits insectes, gr\u00e2ce&nbsp;Weiter lesen\" \/>\n<meta property=\"og:url\" content=\"https:\/\/bien-etreiris.ch\/de\/produktpraesentation\/hygiene\/haushaltsreinigung\/natuerliche-insektizide\/fliegen\/\" \/>\n<meta property=\"og:site_name\" content=\"WOHLBEFINDEN\" \/>\n<meta property=\"article:publisher\" content=\"https:\/\/www.facebook.com\/bienetreiris\/\" \/>\n<meta property=\"article:modified_time\" content=\"2021-06-02T12:44:42+00:00\" \/>\n<meta property=\"og:image\" content=\"https:\/\/bien-etreiris.ch\/wp-content\/uploads\/2021\/01\/mouches.jpg\" \/>\n\t<meta property=\"og:image:width\" content=\"500\" \/>\n\t<meta property=\"og:image:height\" content=\"375\" \/>\n\t<meta property=\"og:image:type\" content=\"image\/jpeg\" \/>\n<meta name=\"twitter:label1\" content=\"Gesch\u00e4tzte Lesezeit\" \/>\n\t<meta name=\"twitter:data1\" content=\"2\u00a0Minuten\" \/>\n<script type=\"application\/ld+json\" class=\"yoast-schema-graph\">{\"@context\":\"https:\\\/\\\/schema.org\",\"@graph\":[{\"@type\":\"WebPage\",\"@id\":\"https:\\\/\\\/bien-etreiris.ch\\\/de\\\/produktpraesentation\\\/hygiene\\\/haushaltsreinigung\\\/natuerliche-insektizide\\\/fliegen\\\/\",\"url\":\"https:\\\/\\\/bien-etreiris.ch\\\/de\\\/produktpraesentation\\\/hygiene\\\/haushaltsreinigung\\\/natuerliche-insektizide\\\/fliegen\\\/\",\"name\":\"FLIEGEN - WOHLBEFINDEN\",\"isPartOf\":{\"@id\":\"https:\\\/\\\/bien-etreiris.ch\\\/de\\\/#website\"},\"primaryImageOfPage\":{\"@id\":\"https:\\\/\\\/bien-etreiris.ch\\\/de\\\/produktpraesentation\\\/hygiene\\\/haushaltsreinigung\\\/natuerliche-insektizide\\\/fliegen\\\/#primaryimage\"},\"image\":{\"@id\":\"https:\\\/\\\/bien-etreiris.ch\\\/de\\\/produktpraesentation\\\/hygiene\\\/haushaltsreinigung\\\/natuerliche-insektizide\\\/fliegen\\\/#primaryimage\"},\"thumbnailUrl\":\"https:\\\/\\\/bien-etreiris.ch\\\/wp-content\\\/uploads\\\/2021\\\/01\\\/mouches.jpg\",\"datePublished\":\"2021-01-10T02:58:37+00:00\",\"dateModified\":\"2021-06-02T12:44:42+00:00\",\"breadcrumb\":{\"@id\":\"https:\\\/\\\/bien-etreiris.ch\\\/de\\\/produktpraesentation\\\/hygiene\\\/haushaltsreinigung\\\/natuerliche-insektizide\\\/fliegen\\\/#breadcrumb\"},\"inLanguage\":\"de\",\"potentialAction\":[{\"@type\":\"ReadAction\",\"target\":[\"https:\\\/\\\/bien-etreiris.ch\\\/de\\\/produktpraesentation\\\/hygiene\\\/haushaltsreinigung\\\/natuerliche-insektizide\\\/fliegen\\\/\"]}]},{\"@type\":\"ImageObject\",\"inLanguage\":\"de\",\"@id\":\"https:\\\/\\\/bien-etreiris.ch\\\/de\\\/produktpraesentation\\\/hygiene\\\/haushaltsreinigung\\\/natuerliche-insektizide\\\/fliegen\\\/#primaryimage\",\"url\":\"https:\\\/\\\/bien-etreiris.ch\\\/wp-content\\\/uploads\\\/2021\\\/01\\\/mouches.jpg\",\"contentUrl\":\"https:\\\/\\\/bien-etreiris.ch\\\/wp-content\\\/uploads\\\/2021\\\/01\\\/mouches.jpg\",\"width\":500,\"height\":375},{\"@type\":\"BreadcrumbList\",\"@id\":\"https:\\\/\\\/bien-etreiris.ch\\\/de\\\/produktpraesentation\\\/hygiene\\\/haushaltsreinigung\\\/natuerliche-insektizide\\\/fliegen\\\/#breadcrumb\",\"itemListElement\":[{\"@type\":\"ListItem\",\"position\":1,\"name\":\"Home\",\"item\":\"https:\\\/\\\/bien-etreiris.ch\\\/de\\\/\"},{\"@type\":\"ListItem\",\"position\":2,\"name\":\"PRODUKTPR\u00c4SENTATION\",\"item\":\"https:\\\/\\\/bien-etreiris.ch\\\/de\\\/produktpraesentation\\\/\"},{\"@type\":\"ListItem\",\"position\":3,\"name\":\"HYGIENE\",\"item\":\"https:\\\/\\\/bien-etreiris.ch\\\/de\\\/produktpraesentation\\\/hygiene\\\/\"},{\"@type\":\"ListItem\",\"position\":4,\"name\":\"HAUSHALTSREINIGUNG\",\"item\":\"https:\\\/\\\/bien-etreiris.ch\\\/de\\\/produktpraesentation\\\/hygiene\\\/haushaltsreinigung\\\/\"},{\"@type\":\"ListItem\",\"position\":5,\"name\":\"NAT\u00dcRLICHE INSEKTIZIDE\",\"item\":\"https:\\\/\\\/bien-etreiris.ch\\\/de\\\/produktpraesentation\\\/hygiene\\\/haushaltsreinigung\\\/natuerliche-insektizide\\\/\"},{\"@type\":\"ListItem\",\"position\":6,\"name\":\"FLIEGEN\"}]},{\"@type\":\"WebSite\",\"@id\":\"https:\\\/\\\/bien-etreiris.ch\\\/de\\\/#website\",\"url\":\"https:\\\/\\\/bien-etreiris.ch\\\/de\\\/\",\"name\":\"Bien-\u00eatre Iris\",\"description\":\"IHRE Gesundheit ist uns wichtig\",\"potentialAction\":[{\"@type\":\"SearchAction\",\"target\":{\"@type\":\"EntryPoint\",\"urlTemplate\":\"https:\\\/\\\/bien-etreiris.ch\\\/de\\\/?s={search_term_string}\"},\"query-input\":{\"@type\":\"PropertyValueSpecification\",\"valueRequired\":true,\"valueName\":\"search_term_string\"}}],\"inLanguage\":\"de\"}]}<\/script>\n<!-- \/ Yoast SEO plugin. -->","yoast_head_json":{"title":"FLIEGEN - WOHLBEFINDEN","robots":{"index":"index","follow":"follow","max-snippet":"max-snippet:-1","max-image-preview":"max-image-preview:large","max-video-preview":"max-video-preview:-1"},"canonical":"https:\/\/bien-etreiris.ch\/de\/produktpraesentation\/hygiene\/haushaltsreinigung\/natuerliche-insektizide\/fliegen\/","og_locale":"de_DE","og_type":"article","og_title":"FLIEGEN - WOHLBEFINDEN","og_description":"Pi\u00e8ges \u00e0 mouches pour fen\u00eatre &nbsp; 10 pi\u00e8ges \u00e0 mouches pour fen\u00eatre. Carton-nettes avec rayures attractives \u00e0 positionner sur le rebord des fen\u00eatres. Efficace contre les mouches et moucherons. Dimensions : 2 x 20 cm 1 sachet \u00e0 10 feuilles CHF &nbsp; &nbsp; Les 5 pi\u00e8ges \u00e0 mouches vous aident \u00e0 lutter contre les invasions de ces petits insectes, gr\u00e2ce&nbsp;Weiter lesen","og_url":"https:\/\/bien-etreiris.ch\/de\/produktpraesentation\/hygiene\/haushaltsreinigung\/natuerliche-insektizide\/fliegen\/","og_site_name":"WOHLBEFINDEN","article_publisher":"https:\/\/www.facebook.com\/bienetreiris\/","article_modified_time":"2021-06-02T12:44:42+00:00","og_image":[{"width":500,"height":375,"url":"https:\/\/bien-etreiris.ch\/wp-content\/uploads\/2021\/01\/mouches.jpg","type":"image\/jpeg"}],"twitter_misc":{"Gesch\u00e4tzte Lesezeit":"2\u00a0Minuten"},"schema":{"@context":"https:\/\/schema.org","@graph":[{"@type":"WebPage","@id":"https:\/\/bien-etreiris.ch\/de\/produktpraesentation\/hygiene\/haushaltsreinigung\/natuerliche-insektizide\/fliegen\/","url":"https:\/\/bien-etreiris.ch\/de\/produktpraesentation\/hygiene\/haushaltsreinigung\/natuerliche-insektizide\/fliegen\/","name":"FLIEGEN - WOHLBEFINDEN","isPartOf":{"@id":"https:\/\/bien-etreiris.ch\/de\/#website"},"primaryImageOfPage":{"@id":"https:\/\/bien-etreiris.ch\/de\/produktpraesentation\/hygiene\/haushaltsreinigung\/natuerliche-insektizide\/fliegen\/#primaryimage"},"image":{"@id":"https:\/\/bien-etreiris.ch\/de\/produktpraesentation\/hygiene\/haushaltsreinigung\/natuerliche-insektizide\/fliegen\/#primaryimage"},"thumbnailUrl":"https:\/\/bien-etreiris.ch\/wp-content\/uploads\/2021\/01\/mouches.jpg","datePublished":"2021-01-10T02:58:37+00:00","dateModified":"2021-06-02T12:44:42+00:00","breadcrumb":{"@id":"https:\/\/bien-etreiris.ch\/de\/produktpraesentation\/hygiene\/haushaltsreinigung\/natuerliche-insektizide\/fliegen\/#breadcrumb"},"inLanguage":"de","potentialAction":[{"@type":"ReadAction","target":["https:\/\/bien-etreiris.ch\/de\/produktpraesentation\/hygiene\/haushaltsreinigung\/natuerliche-insektizide\/fliegen\/"]}]},{"@type":"ImageObject","inLanguage":"de","@id":"https:\/\/bien-etreiris.ch\/de\/produktpraesentation\/hygiene\/haushaltsreinigung\/natuerliche-insektizide\/fliegen\/#primaryimage","url":"https:\/\/bien-etreiris.ch\/wp-content\/uploads\/2021\/01\/mouches.jpg","contentUrl":"https:\/\/bien-etreiris.ch\/wp-content\/uploads\/2021\/01\/mouches.jpg","width":500,"height":375},{"@type":"BreadcrumbList","@id":"https:\/\/bien-etreiris.ch\/de\/produktpraesentation\/hygiene\/haushaltsreinigung\/natuerliche-insektizide\/fliegen\/#breadcrumb","itemListElement":[{"@type":"ListItem","position":1,"name":"Home","item":"https:\/\/bien-etreiris.ch\/de\/"},{"@type":"ListItem","position":2,"name":"PRODUKTPR\u00c4SENTATION","item":"https:\/\/bien-etreiris.ch\/de\/produktpraesentation\/"},{"@type":"ListItem","position":3,"name":"HYGIENE","item":"https:\/\/bien-etreiris.ch\/de\/produktpraesentation\/hygiene\/"},{"@type":"ListItem","position":4,"name":"HAUSHALTSREINIGUNG","item":"https:\/\/bien-etreiris.ch\/de\/produktpraesentation\/hygiene\/haushaltsreinigung\/"},{"@type":"ListItem","position":5,"name":"NAT\u00dcRLICHE INSEKTIZIDE","item":"https:\/\/bien-etreiris.ch\/de\/produktpraesentation\/hygiene\/haushaltsreinigung\/natuerliche-insektizide\/"},{"@type":"ListItem","position":6,"name":"FLIEGEN"}]},{"@type":"WebSite","@id":"https:\/\/bien-etreiris.ch\/de\/#website","url":"https:\/\/bien-etreiris.ch\/de\/","name":"Bien-\u00eatre Iris","description":"IHRE Gesundheit ist uns wichtig","potentialAction":[{"@type":"SearchAction","target":{"@type":"EntryPoint","urlTemplate":"https:\/\/bien-etreiris.ch\/de\/?s={search_term_string}"},"query-input":{"@type":"PropertyValueSpecification","valueRequired":true,"valueName":"search_term_string"}}],"inLanguage":"de"}]}},"_links":{"self":[{"href":"https:\/\/bien-etreiris.ch\/de\/wp-json\/wp\/v2\/pages\/38092","targetHints":{"allow":["GET"]}}],"collection":[{"href":"https:\/\/bien-etreiris.ch\/de\/wp-json\/wp\/v2\/pages"}],"about":[{"href":"https:\/\/bien-etreiris.ch\/de\/wp-json\/wp\/v2\/types\/page"}],"author":[{"embeddable":true,"href":"https:\/\/bien-etreiris.ch\/de\/wp-json\/wp\/v2\/users\/1"}],"replies":[{"embeddable":true,"href":"https:\/\/bien-etreiris.ch\/de\/wp-json\/wp\/v2\/comments?post=38092"}],"version-history":[{"count":3,"href":"https:\/\/bien-etreiris.ch\/de\/wp-json\/wp\/v2\/pages\/38092\/revisions"}],"predecessor-version":[{"id":48990,"href":"https:\/\/bien-etreiris.ch\/de\/wp-json\/wp\/v2\/pages\/38092\/revisions\/48990"}],"up":[{"embeddable":true,"href":"https:\/\/bien-etreiris.ch\/de\/wp-json\/wp\/v2\/pages\/37998"}],"wp:featuredmedia":[{"embeddable":true,"href":"https:\/\/bien-etreiris.ch\/de\/wp-json\/wp\/v2\/media\/38086"}],"wp:attachment":[{"href":"https:\/\/bien-etreiris.ch\/de\/wp-json\/wp\/v2\/media?parent=38092"}],"curies":[{"name":"wp","href":"https:\/\/api.w.org\/{rel}","templated":true}]}}