{"id":38076,"date":"2021-01-10T02:46:55","date_gmt":"2021-01-10T02:46:55","guid":{"rendered":"https:\/\/bien-etreiris.ch\/?page_id=38076"},"modified":"2021-06-02T14:55:04","modified_gmt":"2021-06-02T12:55:04","slug":"textilmotten","status":"publish","type":"page","link":"https:\/\/bien-etreiris.ch\/de\/produktpraesentation\/hygiene\/haushaltsreinigung\/natuerliche-insektizide\/textilmotten\/","title":{"rendered":"TEXTILMOTTEN"},"content":{"rendered":"\n<h2 class=\"wp-block-heading\"> <br>Contr\u00f4le Mites textiles 2 plaquettes <\/h2>\n\n\n<p><a href=\"https:\/\/decoiris.ch\/wp-content\/uploads\/2021\/01\/Contr\u00f4le-Mites-textiles.png\"><img loading=\"lazy\" decoding=\"async\" class=\"size-medium wp-image-38077 alignleft\" src=\"https:\/\/decoiris.ch\/wp-content\/uploads\/2021\/01\/Contr\u00f4le-Mites-textiles-300x300.png\" alt=\"\" width=\"300\" height=\"300\" srcset=\"https:\/\/bien-etreiris.ch\/wp-content\/uploads\/2021\/01\/Contr\u00f4le-Mites-textiles-300x300.png 300w, https:\/\/bien-etreiris.ch\/wp-content\/uploads\/2021\/01\/Contr\u00f4le-Mites-textiles-150x150.png 150w, https:\/\/bien-etreiris.ch\/wp-content\/uploads\/2021\/01\/Contr\u00f4le-Mites-textiles.png 600w\" sizes=\"auto, (max-width: 300px) 100vw, 300px\" \/><\/a><\/p>\n<p>&nbsp;<\/p>\n<p>Die 2 Textilmottenkontrollen helfen Ihnen, die Invasionen dieser kleinen Insekten zu kontrollieren, dank der Pheromone, die auf den 2 Platten vorhanden sind. Keine chemischen Produkte, 100% umweltfreundlich!<\/p>\n<p>1 sachet <strong>CHF<\/strong><\/p>\n<p>&nbsp;<\/p>\n<div id=\"more_info_sheets\" class=\"sheets align_justify\">\n<div id=\"idTab1\" class=\"rte\">\n<h3 class=\"gauche\">&nbsp;<\/h3>\n<p>Plaque recouverte de ph\u00e9ronomes sp\u00e9cialement con\u00e7ues pour les mites textiles. Les hormones sexuelles contenues sur les plaquettes englu\u00e9es attirent irresistiblement les mites textiles... Celles-ci restent coll\u00e9es sur les plaquettes recouvertes de glu. L\u2019invasion est ainsi ma\u00eetris\u00e9e. Action efficace sur une surface de 50 m<sup>2<\/sup>&nbsp;pendant 3 mois environ pour chaque plaquette. Contient 2 plaquettes. Dimensions : 9 x 19 cm.<\/p>\n<p><strong><br>Caract\u00e9ristiques :<\/strong><\/p>\n<p>Plaque recouverte de ph\u00e9ronomes, sans odeur, sans insecticide, sans produit toxique et totalement inoffensif pour les \u00eatres humains et les animaux. 100% compostable. Fabriqu\u00e9 en Europe Occidentale.<\/p>\n<p><strong>Conseils d'utilisation :<\/strong><\/p>\n<p>Suivez les instructions de montage indiqu\u00e9es sur les plaquettes \u00e0 l'int\u00e9rieur. Les boitiers ainsi r\u00e9alis\u00e9s ne risquent pas de coller aux v\u00eatements et prot\u00e8gent ceux-ci. Vous pouvez \u00e9galement suspendre simplement les plaquettes sans constituer le boitier.<\/p>\n<\/div>\n<p>&nbsp;<\/p>\n<\/div>\n\n\n<hr class=\"wp-block-separator\"\/>\n\n\n\n<h2 class=\"wp-block-heading\"> Spray anti-mites <\/h2>\n\n\n<p><a href=\"https:\/\/decoiris.ch\/wp-content\/uploads\/2021\/01\/Spray-anti-mites.png\"><img loading=\"lazy\" decoding=\"async\" class=\"size-full wp-image-38099 alignleft\" src=\"https:\/\/decoiris.ch\/wp-content\/uploads\/2021\/01\/Spray-anti-mites.png\" alt=\"\" width=\"200\" height=\"200\" srcset=\"https:\/\/bien-etreiris.ch\/wp-content\/uploads\/2021\/01\/Spray-anti-mites.png 200w, https:\/\/bien-etreiris.ch\/wp-content\/uploads\/2021\/01\/Spray-anti-mites-150x150.png 150w\" sizes=\"auto, (max-width: 200px) 100vw, 200px\" \/><\/a><\/p>\n<p>Le spray anti-mites au Neem permet de prot\u00e9ger les textiles contre les mites de fa\u00e7on durable et efficace. La solution repousse les parasites des animaux domestiques (mites, puces, acariens, poux, tiques). Ce principe est extrait de l\u2019arbre de Neem (Margousier) cultiv\u00e9 en Inde. La substance active p\u00e9n\u00e8tre le textile et combat les infections ult\u00e9rieures pendant 6 mois.<\/p>\n<p>en 100 ml <strong>CHF<\/strong><\/p>\n<p>en 250 ml <strong>CHF<\/strong><\/p>\n<p>Utilisez les produits biocides avec pr\u00e9caution. Avant toute utilisation, lisez l\u2019\u00e9tiquette et les informations concernant les produits.<br>Dangereux. Respecter les pr\u00e9cautions d\u2019emploi.<\/p>\n<p><strong>Impact environnemental<\/strong><\/p>\n<p>Le spray Neol anti-mites est fabriqu\u00e9 en Europe occidentale. Le flacon est fabriqu\u00e9 en plastique Poly\u00e9thyl\u00e8ne Haute Densit\u00e9 (PEHD) et est recyclable. Solution biod\u00e9gradable compos\u00e9e d\u2019\u00e9thanol v\u00e9g\u00e9tal, sans gaz propulseur.<\/p>\n<p>&nbsp;<\/p>\n<p>&nbsp;<\/p>\n\n\n<hr class=\"wp-block-separator\"\/>\n\n\n\n<h2 class=\"wp-block-heading\"><\/h2>\n","protected":false},"excerpt":{"rendered":"<p>Contr\u00f4le Mites textiles 2 plaquettes &nbsp; Die 2 Textilmottenkontrollen helfen Ihnen, die Invasionen dieser kleinen Insekten zu kontrollieren, dank der Pheromone, die auf den 2 Platten vorhanden sind. Keine chemischen Produkte, 100% umweltfreundlich! 1 sachet CHF &nbsp; &nbsp; Plaque recouverte de ph\u00e9ronomes sp\u00e9cialement con\u00e7ues pour les mites textiles. Les hormones sexuelles contenues sur les plaquettes englu\u00e9es attirent irresistiblement les mites&nbsp;<a href=\"https:\/\/bien-etreiris.ch\/de\/produktpraesentation\/hygiene\/haushaltsreinigung\/natuerliche-insektizide\/textilmotten\/\" class=\"read-more\">Weiter lesen<\/a><\/p>\n","protected":false},"author":1,"featured_media":38073,"parent":37998,"menu_order":6401,"comment_status":"closed","ping_status":"closed","template":"page-with-child.php","meta":{"_acf_changed":false,"ngg_post_thumbnail":0,"footnotes":""},"class_list":["post-38076","page","type-page","status-publish","has-post-thumbnail","hentry"],"acf":[],"yoast_head":"<!-- This site is optimized with the Yoast SEO plugin v27.4 - https:\/\/yoast.com\/product\/yoast-seo-wordpress\/ -->\n<title>TEXTILMOTTEN - WOHLBEFINDEN<\/title>\n<meta name=\"robots\" content=\"index, follow, max-snippet:-1, max-image-preview:large, max-video-preview:-1\" \/>\n<link rel=\"canonical\" href=\"https:\/\/bien-etreiris.ch\/de\/produktpraesentation\/hygiene\/haushaltsreinigung\/natuerliche-insektizide\/textilmotten\/\" \/>\n<meta property=\"og:locale\" content=\"de_DE\" \/>\n<meta property=\"og:type\" content=\"article\" \/>\n<meta property=\"og:title\" content=\"TEXTILMOTTEN - WOHLBEFINDEN\" \/>\n<meta property=\"og:description\" content=\"Contr\u00f4le Mites textiles 2 plaquettes &nbsp; Die 2 Textilmottenkontrollen helfen Ihnen, die Invasionen dieser kleinen Insekten zu kontrollieren, dank der Pheromone, die auf den 2 Platten vorhanden sind. Keine chemischen Produkte, 100% umweltfreundlich! 1 sachet CHF &nbsp; &nbsp; Plaque recouverte de ph\u00e9ronomes sp\u00e9cialement con\u00e7ues pour les mites textiles. Les hormones sexuelles contenues sur les plaquettes englu\u00e9es attirent irresistiblement les mites&nbsp;Weiter lesen\" \/>\n<meta property=\"og:url\" content=\"https:\/\/bien-etreiris.ch\/de\/produktpraesentation\/hygiene\/haushaltsreinigung\/natuerliche-insektizide\/textilmotten\/\" \/>\n<meta property=\"og:site_name\" content=\"WOHLBEFINDEN\" \/>\n<meta property=\"article:publisher\" content=\"https:\/\/www.facebook.com\/bienetreiris\/\" \/>\n<meta property=\"article:modified_time\" content=\"2021-06-02T12:55:04+00:00\" \/>\n<meta property=\"og:image\" content=\"https:\/\/bien-etreiris.ch\/wp-content\/uploads\/2021\/01\/Mites-textiles.jpg\" \/>\n\t<meta property=\"og:image:width\" content=\"500\" \/>\n\t<meta property=\"og:image:height\" content=\"356\" \/>\n\t<meta property=\"og:image:type\" content=\"image\/jpeg\" \/>\n<meta name=\"twitter:label1\" content=\"Gesch\u00e4tzte Lesezeit\" \/>\n\t<meta name=\"twitter:data1\" content=\"2\u00a0Minuten\" \/>\n<script type=\"application\/ld+json\" class=\"yoast-schema-graph\">{\"@context\":\"https:\\\/\\\/schema.org\",\"@graph\":[{\"@type\":\"WebPage\",\"@id\":\"https:\\\/\\\/bien-etreiris.ch\\\/de\\\/produktpraesentation\\\/hygiene\\\/haushaltsreinigung\\\/natuerliche-insektizide\\\/textilmotten\\\/\",\"url\":\"https:\\\/\\\/bien-etreiris.ch\\\/de\\\/produktpraesentation\\\/hygiene\\\/haushaltsreinigung\\\/natuerliche-insektizide\\\/textilmotten\\\/\",\"name\":\"TEXTILMOTTEN - WOHLBEFINDEN\",\"isPartOf\":{\"@id\":\"https:\\\/\\\/bien-etreiris.ch\\\/de\\\/#website\"},\"primaryImageOfPage\":{\"@id\":\"https:\\\/\\\/bien-etreiris.ch\\\/de\\\/produktpraesentation\\\/hygiene\\\/haushaltsreinigung\\\/natuerliche-insektizide\\\/textilmotten\\\/#primaryimage\"},\"image\":{\"@id\":\"https:\\\/\\\/bien-etreiris.ch\\\/de\\\/produktpraesentation\\\/hygiene\\\/haushaltsreinigung\\\/natuerliche-insektizide\\\/textilmotten\\\/#primaryimage\"},\"thumbnailUrl\":\"https:\\\/\\\/bien-etreiris.ch\\\/wp-content\\\/uploads\\\/2021\\\/01\\\/Mites-textiles.jpg\",\"datePublished\":\"2021-01-10T02:46:55+00:00\",\"dateModified\":\"2021-06-02T12:55:04+00:00\",\"breadcrumb\":{\"@id\":\"https:\\\/\\\/bien-etreiris.ch\\\/de\\\/produktpraesentation\\\/hygiene\\\/haushaltsreinigung\\\/natuerliche-insektizide\\\/textilmotten\\\/#breadcrumb\"},\"inLanguage\":\"de\",\"potentialAction\":[{\"@type\":\"ReadAction\",\"target\":[\"https:\\\/\\\/bien-etreiris.ch\\\/de\\\/produktpraesentation\\\/hygiene\\\/haushaltsreinigung\\\/natuerliche-insektizide\\\/textilmotten\\\/\"]}]},{\"@type\":\"ImageObject\",\"inLanguage\":\"de\",\"@id\":\"https:\\\/\\\/bien-etreiris.ch\\\/de\\\/produktpraesentation\\\/hygiene\\\/haushaltsreinigung\\\/natuerliche-insektizide\\\/textilmotten\\\/#primaryimage\",\"url\":\"https:\\\/\\\/bien-etreiris.ch\\\/wp-content\\\/uploads\\\/2021\\\/01\\\/Mites-textiles.jpg\",\"contentUrl\":\"https:\\\/\\\/bien-etreiris.ch\\\/wp-content\\\/uploads\\\/2021\\\/01\\\/Mites-textiles.jpg\",\"width\":500,\"height\":356},{\"@type\":\"BreadcrumbList\",\"@id\":\"https:\\\/\\\/bien-etreiris.ch\\\/de\\\/produktpraesentation\\\/hygiene\\\/haushaltsreinigung\\\/natuerliche-insektizide\\\/textilmotten\\\/#breadcrumb\",\"itemListElement\":[{\"@type\":\"ListItem\",\"position\":1,\"name\":\"Home\",\"item\":\"https:\\\/\\\/bien-etreiris.ch\\\/de\\\/\"},{\"@type\":\"ListItem\",\"position\":2,\"name\":\"PRODUKTPR\u00c4SENTATION\",\"item\":\"https:\\\/\\\/bien-etreiris.ch\\\/de\\\/produktpraesentation\\\/\"},{\"@type\":\"ListItem\",\"position\":3,\"name\":\"HYGIENE\",\"item\":\"https:\\\/\\\/bien-etreiris.ch\\\/de\\\/produktpraesentation\\\/hygiene\\\/\"},{\"@type\":\"ListItem\",\"position\":4,\"name\":\"HAUSHALTSREINIGUNG\",\"item\":\"https:\\\/\\\/bien-etreiris.ch\\\/de\\\/produktpraesentation\\\/hygiene\\\/haushaltsreinigung\\\/\"},{\"@type\":\"ListItem\",\"position\":5,\"name\":\"NAT\u00dcRLICHE INSEKTIZIDE\",\"item\":\"https:\\\/\\\/bien-etreiris.ch\\\/de\\\/produktpraesentation\\\/hygiene\\\/haushaltsreinigung\\\/natuerliche-insektizide\\\/\"},{\"@type\":\"ListItem\",\"position\":6,\"name\":\"TEXTILMOTTEN\"}]},{\"@type\":\"WebSite\",\"@id\":\"https:\\\/\\\/bien-etreiris.ch\\\/de\\\/#website\",\"url\":\"https:\\\/\\\/bien-etreiris.ch\\\/de\\\/\",\"name\":\"Bien-\u00eatre Iris\",\"description\":\"IHRE Gesundheit ist uns wichtig\",\"potentialAction\":[{\"@type\":\"SearchAction\",\"target\":{\"@type\":\"EntryPoint\",\"urlTemplate\":\"https:\\\/\\\/bien-etreiris.ch\\\/de\\\/?s={search_term_string}\"},\"query-input\":{\"@type\":\"PropertyValueSpecification\",\"valueRequired\":true,\"valueName\":\"search_term_string\"}}],\"inLanguage\":\"de\"}]}<\/script>\n<!-- \/ Yoast SEO plugin. -->","yoast_head_json":{"title":"TEXTILMOTTEN - WOHLBEFINDEN","robots":{"index":"index","follow":"follow","max-snippet":"max-snippet:-1","max-image-preview":"max-image-preview:large","max-video-preview":"max-video-preview:-1"},"canonical":"https:\/\/bien-etreiris.ch\/de\/produktpraesentation\/hygiene\/haushaltsreinigung\/natuerliche-insektizide\/textilmotten\/","og_locale":"de_DE","og_type":"article","og_title":"TEXTILMOTTEN - WOHLBEFINDEN","og_description":"Contr\u00f4le Mites textiles 2 plaquettes &nbsp; Die 2 Textilmottenkontrollen helfen Ihnen, die Invasionen dieser kleinen Insekten zu kontrollieren, dank der Pheromone, die auf den 2 Platten vorhanden sind. Keine chemischen Produkte, 100% umweltfreundlich! 1 sachet CHF &nbsp; &nbsp; Plaque recouverte de ph\u00e9ronomes sp\u00e9cialement con\u00e7ues pour les mites textiles. Les hormones sexuelles contenues sur les plaquettes englu\u00e9es attirent irresistiblement les mites&nbsp;Weiter lesen","og_url":"https:\/\/bien-etreiris.ch\/de\/produktpraesentation\/hygiene\/haushaltsreinigung\/natuerliche-insektizide\/textilmotten\/","og_site_name":"WOHLBEFINDEN","article_publisher":"https:\/\/www.facebook.com\/bienetreiris\/","article_modified_time":"2021-06-02T12:55:04+00:00","og_image":[{"width":500,"height":356,"url":"https:\/\/bien-etreiris.ch\/wp-content\/uploads\/2021\/01\/Mites-textiles.jpg","type":"image\/jpeg"}],"twitter_misc":{"Gesch\u00e4tzte Lesezeit":"2\u00a0Minuten"},"schema":{"@context":"https:\/\/schema.org","@graph":[{"@type":"WebPage","@id":"https:\/\/bien-etreiris.ch\/de\/produktpraesentation\/hygiene\/haushaltsreinigung\/natuerliche-insektizide\/textilmotten\/","url":"https:\/\/bien-etreiris.ch\/de\/produktpraesentation\/hygiene\/haushaltsreinigung\/natuerliche-insektizide\/textilmotten\/","name":"TEXTILMOTTEN - WOHLBEFINDEN","isPartOf":{"@id":"https:\/\/bien-etreiris.ch\/de\/#website"},"primaryImageOfPage":{"@id":"https:\/\/bien-etreiris.ch\/de\/produktpraesentation\/hygiene\/haushaltsreinigung\/natuerliche-insektizide\/textilmotten\/#primaryimage"},"image":{"@id":"https:\/\/bien-etreiris.ch\/de\/produktpraesentation\/hygiene\/haushaltsreinigung\/natuerliche-insektizide\/textilmotten\/#primaryimage"},"thumbnailUrl":"https:\/\/bien-etreiris.ch\/wp-content\/uploads\/2021\/01\/Mites-textiles.jpg","datePublished":"2021-01-10T02:46:55+00:00","dateModified":"2021-06-02T12:55:04+00:00","breadcrumb":{"@id":"https:\/\/bien-etreiris.ch\/de\/produktpraesentation\/hygiene\/haushaltsreinigung\/natuerliche-insektizide\/textilmotten\/#breadcrumb"},"inLanguage":"de","potentialAction":[{"@type":"ReadAction","target":["https:\/\/bien-etreiris.ch\/de\/produktpraesentation\/hygiene\/haushaltsreinigung\/natuerliche-insektizide\/textilmotten\/"]}]},{"@type":"ImageObject","inLanguage":"de","@id":"https:\/\/bien-etreiris.ch\/de\/produktpraesentation\/hygiene\/haushaltsreinigung\/natuerliche-insektizide\/textilmotten\/#primaryimage","url":"https:\/\/bien-etreiris.ch\/wp-content\/uploads\/2021\/01\/Mites-textiles.jpg","contentUrl":"https:\/\/bien-etreiris.ch\/wp-content\/uploads\/2021\/01\/Mites-textiles.jpg","width":500,"height":356},{"@type":"BreadcrumbList","@id":"https:\/\/bien-etreiris.ch\/de\/produktpraesentation\/hygiene\/haushaltsreinigung\/natuerliche-insektizide\/textilmotten\/#breadcrumb","itemListElement":[{"@type":"ListItem","position":1,"name":"Home","item":"https:\/\/bien-etreiris.ch\/de\/"},{"@type":"ListItem","position":2,"name":"PRODUKTPR\u00c4SENTATION","item":"https:\/\/bien-etreiris.ch\/de\/produktpraesentation\/"},{"@type":"ListItem","position":3,"name":"HYGIENE","item":"https:\/\/bien-etreiris.ch\/de\/produktpraesentation\/hygiene\/"},{"@type":"ListItem","position":4,"name":"HAUSHALTSREINIGUNG","item":"https:\/\/bien-etreiris.ch\/de\/produktpraesentation\/hygiene\/haushaltsreinigung\/"},{"@type":"ListItem","position":5,"name":"NAT\u00dcRLICHE INSEKTIZIDE","item":"https:\/\/bien-etreiris.ch\/de\/produktpraesentation\/hygiene\/haushaltsreinigung\/natuerliche-insektizide\/"},{"@type":"ListItem","position":6,"name":"TEXTILMOTTEN"}]},{"@type":"WebSite","@id":"https:\/\/bien-etreiris.ch\/de\/#website","url":"https:\/\/bien-etreiris.ch\/de\/","name":"Bien-\u00eatre Iris","description":"IHRE Gesundheit ist uns wichtig","potentialAction":[{"@type":"SearchAction","target":{"@type":"EntryPoint","urlTemplate":"https:\/\/bien-etreiris.ch\/de\/?s={search_term_string}"},"query-input":{"@type":"PropertyValueSpecification","valueRequired":true,"valueName":"search_term_string"}}],"inLanguage":"de"}]}},"_links":{"self":[{"href":"https:\/\/bien-etreiris.ch\/de\/wp-json\/wp\/v2\/pages\/38076","targetHints":{"allow":["GET"]}}],"collection":[{"href":"https:\/\/bien-etreiris.ch\/de\/wp-json\/wp\/v2\/pages"}],"about":[{"href":"https:\/\/bien-etreiris.ch\/de\/wp-json\/wp\/v2\/types\/page"}],"author":[{"embeddable":true,"href":"https:\/\/bien-etreiris.ch\/de\/wp-json\/wp\/v2\/users\/1"}],"replies":[{"embeddable":true,"href":"https:\/\/bien-etreiris.ch\/de\/wp-json\/wp\/v2\/comments?post=38076"}],"version-history":[{"count":4,"href":"https:\/\/bien-etreiris.ch\/de\/wp-json\/wp\/v2\/pages\/38076\/revisions"}],"predecessor-version":[{"id":48998,"href":"https:\/\/bien-etreiris.ch\/de\/wp-json\/wp\/v2\/pages\/38076\/revisions\/48998"}],"up":[{"embeddable":true,"href":"https:\/\/bien-etreiris.ch\/de\/wp-json\/wp\/v2\/pages\/37998"}],"wp:featuredmedia":[{"embeddable":true,"href":"https:\/\/bien-etreiris.ch\/de\/wp-json\/wp\/v2\/media\/38073"}],"wp:attachment":[{"href":"https:\/\/bien-etreiris.ch\/de\/wp-json\/wp\/v2\/media?parent=38076"}],"curies":[{"name":"wp","href":"https:\/\/api.w.org\/{rel}","templated":true}]}}