{"id":38042,"date":"2021-01-10T02:08:16","date_gmt":"2021-01-10T02:08:16","guid":{"rendered":"https:\/\/bien-etreiris.ch\/?page_id=38042"},"modified":"2021-06-02T14:50:56","modified_gmt":"2021-06-02T12:50:56","slug":"insekten-schaedlinge","status":"publish","type":"page","link":"https:\/\/bien-etreiris.ch\/de\/produktpraesentation\/hygiene\/haushaltsreinigung\/natuerliche-insektizide\/insekten-schaedlinge\/","title":{"rendered":"INSEKTEN &#038; SCH\u00c4DLINGE"},"content":{"rendered":"\n<h2 class=\"wp-block-heading\"> <br>Terre de diatomee amorphe non-calcin\u00e9e \"TerreNat\" <\/h2>\n\n\n<div class=\"description\">\n<p><a href=\"https:\/\/decoiris.ch\/wp-content\/uploads\/2021\/01\/TerraNat.jpg\"><img loading=\"lazy\" decoding=\"async\" class=\"size-medium wp-image-38015 alignleft\" src=\"https:\/\/decoiris.ch\/wp-content\/uploads\/2021\/01\/TerraNat-182x300.jpg\" alt=\"\" width=\"182\" height=\"300\" srcset=\"https:\/\/bien-etreiris.ch\/wp-content\/uploads\/2021\/01\/TerraNat-182x300.jpg 182w, https:\/\/bien-etreiris.ch\/wp-content\/uploads\/2021\/01\/TerraNat-768x1268.jpg 768w, https:\/\/bien-etreiris.ch\/wp-content\/uploads\/2021\/01\/TerraNat-620x1024.jpg 620w, https:\/\/bien-etreiris.ch\/wp-content\/uploads\/2021\/01\/TerraNat.jpg 1200w\" sizes=\"auto, (max-width: 182px) 100vw, 182px\" \/><\/a><\/p>\n<p>&nbsp;<\/p>\n<p>La Terre de diatom\u00e9es a vraiment de nombreuses vertus et applications au quotidien et surtout <strong><em>100% naturel. <\/em><\/strong><\/p>\n<\/div>\n<p>Terre de diatom\u00e9e non-calcin\u00e9e, amorphe 100% kieselguhr . Qualit\u00e9 E551.<\/p>\n<p>Pot avec couvercle saupoudreur 3 positions.<\/p>\n<p>160g <strong>CHF<\/strong><\/p>\n<p>&nbsp;<\/p>\n<p>&nbsp;<\/p>\n<p>&nbsp;<\/p>\n<p>&nbsp;<\/p>\n<p>&nbsp;<\/p>\n<div class=\"description\">\n<ul style=\"list-style-type: disc;\">\n<li>elle est utilis\u00e9e pour se d\u00e9barrasser de puces, de poux, de fourmis, punaises de lit, araign\u00e9es et autres ind\u00e9sirables<\/li>\n<li>au jardin pour les attaques de pucerons et autres ravageurs.<\/li>\n<li>comme vermifuge pour les animaux<\/li>\n<li>Pour prot\u00e9ger le grain des ravageurs<\/li>\n<li>Pour fabriquer des dentifrices et gommages\u2026<\/li>\n<li>Comme d\u00e9sodorisant et absorbant (liti\u00e8res animales, usage domestique (frigo, poubelle, chaussures etc...)<\/li>\n<li>comme poudre nettoyante des inox, cuivres, baignoires etc..<\/li>\n<li>Et bien d'autres usages!!....<\/li>\n<\/ul>\n<p>&nbsp;<\/p>\n<p><em><strong>Lutte contre les insectes et ravageurs:<\/strong><\/em><\/p>\n<p>A l\u2019heure actuelle, la Diatomite se pr\u00e9sente comme l\u2019une des meilleures alternatives face \u00e0 l\u2019utilisation de pesticides chimiques. Cette poudre compos\u00e9e de coques de diatom\u00e9es fossilis\u00e9es broy\u00e9es tue la plupart des petits insectes auxquels s\u2019ajoutent les escargots, les limaces, chenilles et autres ravageurs, le tout de mani\u00e8re m\u00e9canique (par d\u00e9shydratation et abrasion), ainsi le d\u00e9veloppement d\u2019une r\u00e9sistance par les parasites est impossible.<\/p>\n<p><strong>Conseils d\u2019utilisation:<\/strong><\/p>\n<p>R\u00e9pandre une petite quantit\u00e9 de poudre dans les zones de passages des insectes, comme derri\u00e8re les placards, dans les fissures, sous la baignoire, les plinthes, les bas de portes, dans les coins, fentes, crevasses...<\/p>\n<p>Laisser agir 72 heures puis aspirer ou laisser en place. Renouveler si n\u00e9cessaire.<\/p>\n<p>Au jardin saupoudrer atour des plants concern\u00e9s ou sur les feuilles (2 cotes)<\/p>\n<p>&nbsp;<\/p>\n<p><em><strong>Son pouvoir nettoyant<\/strong><\/em><\/p>\n<p>Gr\u00e2ce \u00e0 son c\u00f4t\u00e9 abrasif, la terre de Diatom\u00e9e fera briller: inox, cuivre, \u00e9tain et argenterie, verre et fa\u00efence sans les rayer. Faire une p\u00e2te \u00e0 l\u2019aide de cette terre et d\u2019eau et frottez.<\/p>\n<p>&nbsp;<\/p>\n<p><em><strong>Son pouvoir absorbant et d\u00e9sodorisant<\/strong><\/em><\/p>\n<p>La terre de Diatom\u00e9es peut absorber jusqu\u2019\u00e0 180 % de son poids en liquide pour absorber des taches sur diff\u00e9rentes surfaces ou tissus et d\u00e9sodorise \u00e9galement (particuli\u00e8rement les odeurs d\u2019urines et de moisissures)<\/p>\n<p>Saupoudrer g\u00e9n\u00e9reusement sur ces t\u00e2ches, ce qui absorbera tant le liquide que les odeurs. (r\u00e9frig\u00e9rateur, chaussures, poubelles, liti\u00e8res etc..)<\/p>\n<p>&nbsp;<\/p>\n<p><em><strong>Pr\u00e9servation du grain:<\/strong><\/em><\/p>\n<p>Utiliser \u00e0 un taux de 3 \u00e0 4 kilos par tonne de grains d\u2019orge, de ma\u00efs, de bl\u00e9, d\u2019avoine, de riz, de seigle et de m\u00e9lange de ces grains.<\/p>\n<p>&nbsp;<\/p>\n<p><em><strong>Traitement des plantes, fruitiers, vignes:<\/strong><\/em><\/p>\n<p>Anti parasite: Application s\u00e8che ou pulv\u00e9ris\u00e9e<br>Amendement: 50-100g\/m\u00b2 en pleine terre 20g\/l de terreau<\/p>\n<p>&nbsp;<\/p>\n<p><em><strong>T<\/strong><strong>raitement des liti\u00e8res et \u00e9tables:<\/strong><\/em><\/p>\n<p>Cette poudre ayant la propri\u00e9t\u00e9 d\u2019absorber jusqu'\u00e0 180% de son poids en eau (ce qui en fait une terre bien plus absorbante que la terre de Sommi\u00e8res), elle sera id\u00e9ale pour absorber l'humidit\u00e9 ou tout liquide et elle \u00e9vite la formation d\u2019ammoniaque. Elle \u00e9radiquera les parasites pr\u00e9sents dans ces environnements (pou rouge, puce, etc..) et \u00e9liminera certaines odeurs.<\/p>\n<p>Conseils d\u2019utilisation:<\/p>\n<p>50 grammes le M\u00b2. Application par pulv\u00e9risation ; 20 Kg\/60 litres d&nbsp;\u2019eau (pulv\u00e9risateur \u00e0 grosse buse est recommand\u00e9)<\/p>\n<p>Elevage volaille ; 1 application 5 jours avant l\u2019introduction des animaux, puis r\u00e9p\u00e9ter tout les 5\/7 jours pour l\u2019entretien de la liti\u00e8re.<\/p>\n<p>Elevage porcs ; 50 g par M\u00b2 dans leurs abris<\/p>\n<p>En shampooing sec, par saupoudrage sur le manteau des animaux, permet de lutter contre les puces, tiques etc...<\/p>\n<p>En le diluant dans de l'eau (300 \u00e0 500 grammes de poudre \u00e0 1 L d'eau ti\u00e8de) on peut \u00e9galement traiter des surfaces verticales, les murs, les cages, etc...Bien m\u00e9langer afin d'obtenir une consistance fluide et sans grumeaux. Le produit devient actif apr\u00e8s s\u00e9chage<\/p>\n<p>&nbsp;<\/p>\n<p><em><strong>Alimentation animale:<\/strong><\/em><\/p>\n<p>La Terre de diatom\u00e9es est&nbsp; compos\u00e9e de fossiles d'algues microscopiques . Cette poudre emp\u00eache les particules d'aliments de s'agglutiner en les gardant s\u00e9par\u00e9es. Ce processus donne deux grands avantages aux animaux qui consomment Terranat dans leur ration alimentaire:<\/p>\n<p>Elle d\u00e9barrasse les animaux des parasites tout en fournissant un large \u00e9ventail de min\u00e9raux,<\/p>\n<p>Les am\u00e9liorations observ\u00e9es sur la sant\u00e9 des animaux semblent \u00eatre le r\u00e9sultat de trois actions principales:&nbsp;&nbsp;&nbsp;&nbsp;&nbsp;&nbsp;&nbsp;<\/p>\n<ul>\n<li>L'\u00e9limination des parasites,<\/li>\n<li>une riche source de min\u00e9raux<\/li>\n<li>peut se lier aux m\u00e9taux toxiques accumul\u00e9s dans le corps et aider \u00e0 l'en d\u00e9barrasser.&nbsp;<\/li>\n<\/ul>\n<p>Instructions d'alimentation sugg\u00e9r\u00e9es ( dose Journali\u00e8re):&nbsp;&nbsp;&nbsp;&nbsp;&nbsp;&nbsp;&nbsp;&nbsp;&nbsp;&nbsp;&nbsp;&nbsp;&nbsp;&nbsp;&nbsp;&nbsp;&nbsp;&nbsp;&nbsp;&nbsp;&nbsp;&nbsp;&nbsp;&nbsp;&nbsp;&nbsp;&nbsp;&nbsp;&nbsp;&nbsp;&nbsp;&nbsp;&nbsp;&nbsp;&nbsp;&nbsp;&nbsp;&nbsp;&nbsp;&nbsp;&nbsp;&nbsp;&nbsp;&nbsp;&nbsp;&nbsp;&nbsp;&nbsp;&nbsp;&nbsp;&nbsp;&nbsp;&nbsp;&nbsp;&nbsp;&nbsp;&nbsp;&nbsp;&nbsp;&nbsp;<\/p>\n<p>Chatons 1\/2 cuill\u00e8re \u00e0 caf\u00e9<br>Chats 1 cuill\u00e8res \u00e0 caf\u00e9&nbsp;&nbsp;&nbsp;&nbsp;&nbsp;&nbsp;&nbsp;&nbsp;&nbsp;&nbsp;&nbsp;&nbsp;&nbsp;&nbsp;&nbsp;&nbsp;&nbsp;&nbsp;&nbsp;&nbsp;&nbsp;&nbsp;&nbsp;&nbsp;&nbsp;&nbsp;&nbsp;&nbsp;&nbsp;&nbsp;&nbsp;&nbsp;&nbsp;&nbsp;&nbsp;&nbsp;&nbsp;&nbsp;&nbsp;&nbsp;&nbsp;&nbsp;&nbsp;&nbsp;&nbsp;&nbsp;&nbsp;&nbsp;&nbsp;&nbsp;&nbsp;<\/p>\n<p>Chiens de moins de 25 kilos , 2 cuill\u00e8res \u00e0 caf\u00e9 &nbsp;&nbsp;&nbsp;&nbsp;&nbsp;&nbsp;&nbsp;&nbsp;&nbsp;&nbsp;&nbsp;&nbsp;&nbsp;&nbsp;&nbsp;&nbsp;<\/p>\n<p>Chiens entre 25 et 50 kilos, 1 cuill\u00e8re \u00e0 soupe &nbsp;&nbsp;&nbsp;&nbsp;&nbsp;&nbsp;&nbsp;&nbsp;&nbsp;&nbsp;&nbsp;&nbsp;&nbsp;&nbsp;&nbsp;&nbsp;&nbsp;&nbsp;<\/p>\n<p>Chiens plus de 50 kilos, 2 cuill\u00e8res \u00e0 soupe<br>Bovins&nbsp; 2% en poids de ration s\u00e8che<br>Veaux 4 grammes le matin<br>Bovins laitiers&nbsp; 2% en poids de ration s\u00e8che<br>Poules 5% dans l'alimentation<br>Porcs 2% du poids de ration alimentaire<br>Chevaux 1 tasse dans la ration quotidienne<br>Moutons 1% en grain moulu<br>Ch\u00e8vres 1% en grain moulu<\/p>\n<p>&nbsp;<\/p>\n<p><strong>Composition: 100% kieselguhr amorphe non-calcin\u00e9e, qualit\u00e9 alimentaire E551.<\/strong><\/p>\n<p>&nbsp;<\/p>\n<p><strong>Pr\u00e9cautions d'emploi:<\/strong><\/p>\n<p>La terre de diatom\u00e9e TerreNat contient moins de 1% de silice cristalline mais comme pour toute utilisation de talc ou poudre fine, \u00e9viter l\u2019inhalation directe&nbsp; et portez un masque abat-poussi\u00e8re en cas d'application de grandes quantit\u00e9s.<\/p>\n<p>Maintenir au sec et hors de port\u00e9e des enfants.<\/p>\n<p>En cas de contact avec les Yeux, rincer abondamment.<\/p>\n<p>Port de gants conseill\u00e9 car la TD a un fort pouvoir dess\u00e9chant<\/p>\n<\/div>","protected":false},"excerpt":{"rendered":"<p>Terre de diatomee amorphe non-calcin\u00e9e \"TerreNat\" &nbsp; La Terre de diatom\u00e9es a vraiment de nombreuses vertus et applications au quotidien et surtout 100% naturel. Terre de diatom\u00e9e non-calcin\u00e9e, amorphe 100% kieselguhr . Qualit\u00e9 E551. Pot avec couvercle saupoudreur 3 positions. 160g CHF &nbsp; &nbsp; &nbsp; &nbsp; &nbsp; elle est utilis\u00e9e pour se d\u00e9barrasser de puces, de poux, de fourmis, punaises&nbsp;<a href=\"https:\/\/bien-etreiris.ch\/de\/produktpraesentation\/hygiene\/haushaltsreinigung\/natuerliche-insektizide\/insekten-schaedlinge\/\" class=\"read-more\">Weiter lesen<\/a><\/p>\n","protected":false},"author":1,"featured_media":38066,"parent":37998,"menu_order":6404,"comment_status":"closed","ping_status":"closed","template":"page-with-child.php","meta":{"_acf_changed":false,"ngg_post_thumbnail":0,"footnotes":""},"class_list":["post-38042","page","type-page","status-publish","has-post-thumbnail","hentry"],"acf":[],"yoast_head":"<!-- This site is optimized with the Yoast SEO plugin v27.4 - https:\/\/yoast.com\/product\/yoast-seo-wordpress\/ -->\n<title>INSEKTEN &amp; SCH\u00c4DLINGE - WOHLBEFINDEN<\/title>\n<meta name=\"robots\" content=\"index, follow, max-snippet:-1, max-image-preview:large, max-video-preview:-1\" \/>\n<link rel=\"canonical\" href=\"https:\/\/bien-etreiris.ch\/de\/produktpraesentation\/hygiene\/haushaltsreinigung\/natuerliche-insektizide\/insekten-schaedlinge\/\" \/>\n<meta property=\"og:locale\" content=\"de_DE\" \/>\n<meta property=\"og:type\" content=\"article\" \/>\n<meta property=\"og:title\" content=\"INSEKTEN &amp; SCH\u00c4DLINGE - WOHLBEFINDEN\" \/>\n<meta property=\"og:description\" content=\"Terre de diatomee amorphe non-calcin\u00e9e &quot;TerreNat&quot; &nbsp; La Terre de diatom\u00e9es a vraiment de nombreuses vertus et applications au quotidien et surtout 100% naturel. Terre de diatom\u00e9e non-calcin\u00e9e, amorphe 100% kieselguhr . Qualit\u00e9 E551. Pot avec couvercle saupoudreur 3 positions. 160g CHF &nbsp; &nbsp; &nbsp; &nbsp; &nbsp; elle est utilis\u00e9e pour se d\u00e9barrasser de puces, de poux, de fourmis, punaises&nbsp;Weiter lesen\" \/>\n<meta property=\"og:url\" content=\"https:\/\/bien-etreiris.ch\/de\/produktpraesentation\/hygiene\/haushaltsreinigung\/natuerliche-insektizide\/insekten-schaedlinge\/\" \/>\n<meta property=\"og:site_name\" content=\"WOHLBEFINDEN\" \/>\n<meta property=\"article:publisher\" content=\"https:\/\/www.facebook.com\/bienetreiris\/\" \/>\n<meta property=\"article:modified_time\" content=\"2021-06-02T12:50:56+00:00\" \/>\n<meta property=\"og:image\" content=\"https:\/\/bien-etreiris.ch\/wp-content\/uploads\/2021\/01\/insectes-et-ravageurs-1.jpg\" \/>\n\t<meta property=\"og:image:width\" content=\"456\" \/>\n\t<meta property=\"og:image:height\" content=\"340\" \/>\n\t<meta property=\"og:image:type\" content=\"image\/jpeg\" \/>\n<meta name=\"twitter:label1\" content=\"Gesch\u00e4tzte Lesezeit\" \/>\n\t<meta name=\"twitter:data1\" content=\"4\u00a0Minuten\" \/>\n<script type=\"application\/ld+json\" class=\"yoast-schema-graph\">{\"@context\":\"https:\\\/\\\/schema.org\",\"@graph\":[{\"@type\":\"WebPage\",\"@id\":\"https:\\\/\\\/bien-etreiris.ch\\\/de\\\/produktpraesentation\\\/hygiene\\\/haushaltsreinigung\\\/natuerliche-insektizide\\\/insekten-schaedlinge\\\/\",\"url\":\"https:\\\/\\\/bien-etreiris.ch\\\/de\\\/produktpraesentation\\\/hygiene\\\/haushaltsreinigung\\\/natuerliche-insektizide\\\/insekten-schaedlinge\\\/\",\"name\":\"INSEKTEN & SCH\u00c4DLINGE - WOHLBEFINDEN\",\"isPartOf\":{\"@id\":\"https:\\\/\\\/bien-etreiris.ch\\\/de\\\/#website\"},\"primaryImageOfPage\":{\"@id\":\"https:\\\/\\\/bien-etreiris.ch\\\/de\\\/produktpraesentation\\\/hygiene\\\/haushaltsreinigung\\\/natuerliche-insektizide\\\/insekten-schaedlinge\\\/#primaryimage\"},\"image\":{\"@id\":\"https:\\\/\\\/bien-etreiris.ch\\\/de\\\/produktpraesentation\\\/hygiene\\\/haushaltsreinigung\\\/natuerliche-insektizide\\\/insekten-schaedlinge\\\/#primaryimage\"},\"thumbnailUrl\":\"https:\\\/\\\/bien-etreiris.ch\\\/wp-content\\\/uploads\\\/2021\\\/01\\\/insectes-et-ravageurs-1.jpg\",\"datePublished\":\"2021-01-10T02:08:16+00:00\",\"dateModified\":\"2021-06-02T12:50:56+00:00\",\"breadcrumb\":{\"@id\":\"https:\\\/\\\/bien-etreiris.ch\\\/de\\\/produktpraesentation\\\/hygiene\\\/haushaltsreinigung\\\/natuerliche-insektizide\\\/insekten-schaedlinge\\\/#breadcrumb\"},\"inLanguage\":\"de\",\"potentialAction\":[{\"@type\":\"ReadAction\",\"target\":[\"https:\\\/\\\/bien-etreiris.ch\\\/de\\\/produktpraesentation\\\/hygiene\\\/haushaltsreinigung\\\/natuerliche-insektizide\\\/insekten-schaedlinge\\\/\"]}]},{\"@type\":\"ImageObject\",\"inLanguage\":\"de\",\"@id\":\"https:\\\/\\\/bien-etreiris.ch\\\/de\\\/produktpraesentation\\\/hygiene\\\/haushaltsreinigung\\\/natuerliche-insektizide\\\/insekten-schaedlinge\\\/#primaryimage\",\"url\":\"https:\\\/\\\/bien-etreiris.ch\\\/wp-content\\\/uploads\\\/2021\\\/01\\\/insectes-et-ravageurs-1.jpg\",\"contentUrl\":\"https:\\\/\\\/bien-etreiris.ch\\\/wp-content\\\/uploads\\\/2021\\\/01\\\/insectes-et-ravageurs-1.jpg\",\"width\":456,\"height\":340},{\"@type\":\"BreadcrumbList\",\"@id\":\"https:\\\/\\\/bien-etreiris.ch\\\/de\\\/produktpraesentation\\\/hygiene\\\/haushaltsreinigung\\\/natuerliche-insektizide\\\/insekten-schaedlinge\\\/#breadcrumb\",\"itemListElement\":[{\"@type\":\"ListItem\",\"position\":1,\"name\":\"Home\",\"item\":\"https:\\\/\\\/bien-etreiris.ch\\\/de\\\/\"},{\"@type\":\"ListItem\",\"position\":2,\"name\":\"PRODUKTPR\u00c4SENTATION\",\"item\":\"https:\\\/\\\/bien-etreiris.ch\\\/de\\\/produktpraesentation\\\/\"},{\"@type\":\"ListItem\",\"position\":3,\"name\":\"HYGIENE\",\"item\":\"https:\\\/\\\/bien-etreiris.ch\\\/de\\\/produktpraesentation\\\/hygiene\\\/\"},{\"@type\":\"ListItem\",\"position\":4,\"name\":\"HAUSHALTSREINIGUNG\",\"item\":\"https:\\\/\\\/bien-etreiris.ch\\\/de\\\/produktpraesentation\\\/hygiene\\\/haushaltsreinigung\\\/\"},{\"@type\":\"ListItem\",\"position\":5,\"name\":\"NAT\u00dcRLICHE INSEKTIZIDE\",\"item\":\"https:\\\/\\\/bien-etreiris.ch\\\/de\\\/produktpraesentation\\\/hygiene\\\/haushaltsreinigung\\\/natuerliche-insektizide\\\/\"},{\"@type\":\"ListItem\",\"position\":6,\"name\":\"INSEKTEN &#038; SCH\u00c4DLINGE\"}]},{\"@type\":\"WebSite\",\"@id\":\"https:\\\/\\\/bien-etreiris.ch\\\/de\\\/#website\",\"url\":\"https:\\\/\\\/bien-etreiris.ch\\\/de\\\/\",\"name\":\"Bien-\u00eatre Iris\",\"description\":\"IHRE Gesundheit ist uns wichtig\",\"potentialAction\":[{\"@type\":\"SearchAction\",\"target\":{\"@type\":\"EntryPoint\",\"urlTemplate\":\"https:\\\/\\\/bien-etreiris.ch\\\/de\\\/?s={search_term_string}\"},\"query-input\":{\"@type\":\"PropertyValueSpecification\",\"valueRequired\":true,\"valueName\":\"search_term_string\"}}],\"inLanguage\":\"de\"}]}<\/script>\n<!-- \/ Yoast SEO plugin. -->","yoast_head_json":{"title":"INSEKTEN & SCH\u00c4DLINGE - WOHLBEFINDEN","robots":{"index":"index","follow":"follow","max-snippet":"max-snippet:-1","max-image-preview":"max-image-preview:large","max-video-preview":"max-video-preview:-1"},"canonical":"https:\/\/bien-etreiris.ch\/de\/produktpraesentation\/hygiene\/haushaltsreinigung\/natuerliche-insektizide\/insekten-schaedlinge\/","og_locale":"de_DE","og_type":"article","og_title":"INSEKTEN & SCH\u00c4DLINGE - WOHLBEFINDEN","og_description":"Terre de diatomee amorphe non-calcin\u00e9e \"TerreNat\" &nbsp; La Terre de diatom\u00e9es a vraiment de nombreuses vertus et applications au quotidien et surtout 100% naturel. Terre de diatom\u00e9e non-calcin\u00e9e, amorphe 100% kieselguhr . Qualit\u00e9 E551. Pot avec couvercle saupoudreur 3 positions. 160g CHF &nbsp; &nbsp; &nbsp; &nbsp; &nbsp; elle est utilis\u00e9e pour se d\u00e9barrasser de puces, de poux, de fourmis, punaises&nbsp;Weiter lesen","og_url":"https:\/\/bien-etreiris.ch\/de\/produktpraesentation\/hygiene\/haushaltsreinigung\/natuerliche-insektizide\/insekten-schaedlinge\/","og_site_name":"WOHLBEFINDEN","article_publisher":"https:\/\/www.facebook.com\/bienetreiris\/","article_modified_time":"2021-06-02T12:50:56+00:00","og_image":[{"width":456,"height":340,"url":"https:\/\/bien-etreiris.ch\/wp-content\/uploads\/2021\/01\/insectes-et-ravageurs-1.jpg","type":"image\/jpeg"}],"twitter_misc":{"Gesch\u00e4tzte Lesezeit":"4\u00a0Minuten"},"schema":{"@context":"https:\/\/schema.org","@graph":[{"@type":"WebPage","@id":"https:\/\/bien-etreiris.ch\/de\/produktpraesentation\/hygiene\/haushaltsreinigung\/natuerliche-insektizide\/insekten-schaedlinge\/","url":"https:\/\/bien-etreiris.ch\/de\/produktpraesentation\/hygiene\/haushaltsreinigung\/natuerliche-insektizide\/insekten-schaedlinge\/","name":"INSEKTEN & SCH\u00c4DLINGE - WOHLBEFINDEN","isPartOf":{"@id":"https:\/\/bien-etreiris.ch\/de\/#website"},"primaryImageOfPage":{"@id":"https:\/\/bien-etreiris.ch\/de\/produktpraesentation\/hygiene\/haushaltsreinigung\/natuerliche-insektizide\/insekten-schaedlinge\/#primaryimage"},"image":{"@id":"https:\/\/bien-etreiris.ch\/de\/produktpraesentation\/hygiene\/haushaltsreinigung\/natuerliche-insektizide\/insekten-schaedlinge\/#primaryimage"},"thumbnailUrl":"https:\/\/bien-etreiris.ch\/wp-content\/uploads\/2021\/01\/insectes-et-ravageurs-1.jpg","datePublished":"2021-01-10T02:08:16+00:00","dateModified":"2021-06-02T12:50:56+00:00","breadcrumb":{"@id":"https:\/\/bien-etreiris.ch\/de\/produktpraesentation\/hygiene\/haushaltsreinigung\/natuerliche-insektizide\/insekten-schaedlinge\/#breadcrumb"},"inLanguage":"de","potentialAction":[{"@type":"ReadAction","target":["https:\/\/bien-etreiris.ch\/de\/produktpraesentation\/hygiene\/haushaltsreinigung\/natuerliche-insektizide\/insekten-schaedlinge\/"]}]},{"@type":"ImageObject","inLanguage":"de","@id":"https:\/\/bien-etreiris.ch\/de\/produktpraesentation\/hygiene\/haushaltsreinigung\/natuerliche-insektizide\/insekten-schaedlinge\/#primaryimage","url":"https:\/\/bien-etreiris.ch\/wp-content\/uploads\/2021\/01\/insectes-et-ravageurs-1.jpg","contentUrl":"https:\/\/bien-etreiris.ch\/wp-content\/uploads\/2021\/01\/insectes-et-ravageurs-1.jpg","width":456,"height":340},{"@type":"BreadcrumbList","@id":"https:\/\/bien-etreiris.ch\/de\/produktpraesentation\/hygiene\/haushaltsreinigung\/natuerliche-insektizide\/insekten-schaedlinge\/#breadcrumb","itemListElement":[{"@type":"ListItem","position":1,"name":"Home","item":"https:\/\/bien-etreiris.ch\/de\/"},{"@type":"ListItem","position":2,"name":"PRODUKTPR\u00c4SENTATION","item":"https:\/\/bien-etreiris.ch\/de\/produktpraesentation\/"},{"@type":"ListItem","position":3,"name":"HYGIENE","item":"https:\/\/bien-etreiris.ch\/de\/produktpraesentation\/hygiene\/"},{"@type":"ListItem","position":4,"name":"HAUSHALTSREINIGUNG","item":"https:\/\/bien-etreiris.ch\/de\/produktpraesentation\/hygiene\/haushaltsreinigung\/"},{"@type":"ListItem","position":5,"name":"NAT\u00dcRLICHE INSEKTIZIDE","item":"https:\/\/bien-etreiris.ch\/de\/produktpraesentation\/hygiene\/haushaltsreinigung\/natuerliche-insektizide\/"},{"@type":"ListItem","position":6,"name":"INSEKTEN &#038; SCH\u00c4DLINGE"}]},{"@type":"WebSite","@id":"https:\/\/bien-etreiris.ch\/de\/#website","url":"https:\/\/bien-etreiris.ch\/de\/","name":"Bien-\u00eatre Iris","description":"IHRE Gesundheit ist uns wichtig","potentialAction":[{"@type":"SearchAction","target":{"@type":"EntryPoint","urlTemplate":"https:\/\/bien-etreiris.ch\/de\/?s={search_term_string}"},"query-input":{"@type":"PropertyValueSpecification","valueRequired":true,"valueName":"search_term_string"}}],"inLanguage":"de"}]}},"_links":{"self":[{"href":"https:\/\/bien-etreiris.ch\/de\/wp-json\/wp\/v2\/pages\/38042","targetHints":{"allow":["GET"]}}],"collection":[{"href":"https:\/\/bien-etreiris.ch\/de\/wp-json\/wp\/v2\/pages"}],"about":[{"href":"https:\/\/bien-etreiris.ch\/de\/wp-json\/wp\/v2\/types\/page"}],"author":[{"embeddable":true,"href":"https:\/\/bien-etreiris.ch\/de\/wp-json\/wp\/v2\/users\/1"}],"replies":[{"embeddable":true,"href":"https:\/\/bien-etreiris.ch\/de\/wp-json\/wp\/v2\/comments?post=38042"}],"version-history":[{"count":4,"href":"https:\/\/bien-etreiris.ch\/de\/wp-json\/wp\/v2\/pages\/38042\/revisions"}],"predecessor-version":[{"id":48995,"href":"https:\/\/bien-etreiris.ch\/de\/wp-json\/wp\/v2\/pages\/38042\/revisions\/48995"}],"up":[{"embeddable":true,"href":"https:\/\/bien-etreiris.ch\/de\/wp-json\/wp\/v2\/pages\/37998"}],"wp:featuredmedia":[{"embeddable":true,"href":"https:\/\/bien-etreiris.ch\/de\/wp-json\/wp\/v2\/media\/38066"}],"wp:attachment":[{"href":"https:\/\/bien-etreiris.ch\/de\/wp-json\/wp\/v2\/media?parent=38042"}],"curies":[{"name":"wp","href":"https:\/\/api.w.org\/{rel}","templated":true}]}}