{"id":38030,"date":"2021-01-10T02:02:24","date_gmt":"2021-01-10T02:02:24","guid":{"rendered":"https:\/\/bien-etreiris.ch\/?page_id=38030"},"modified":"2021-06-02T14:52:54","modified_gmt":"2021-06-02T12:52:54","slug":"lebensmittelmotten","status":"publish","type":"page","link":"https:\/\/bien-etreiris.ch\/de\/produktpraesentation\/hygiene\/haushaltsreinigung\/natuerliche-insektizide\/lebensmittelmotten\/","title":{"rendered":"LEBENSMITTELMOTTEN"},"content":{"rendered":"\n<h2 class=\"wp-block-heading\"> <br>Contr\u00f4le Mites alimentaires 5 plaquettes <\/h2>\n\n\n\n<h2 class=\"wp-block-heading\"><\/h2>\n\n\n<p><a href=\"https:\/\/decoiris.ch\/wp-content\/uploads\/2021\/01\/Contr\u00f4le-Mites-alimentaires-5-plaquettes.png\"><img loading=\"lazy\" decoding=\"async\" class=\"size-medium wp-image-38031 alignleft\" src=\"https:\/\/decoiris.ch\/wp-content\/uploads\/2021\/01\/Contr\u00f4le-Mites-alimentaires-5-plaquettes-300x300.png\" alt=\"\" width=\"300\" height=\"300\" srcset=\"https:\/\/bien-etreiris.ch\/wp-content\/uploads\/2021\/01\/Contr\u00f4le-Mites-alimentaires-5-plaquettes-300x300.png 300w, https:\/\/bien-etreiris.ch\/wp-content\/uploads\/2021\/01\/Contr\u00f4le-Mites-alimentaires-5-plaquettes-150x150.png 150w, https:\/\/bien-etreiris.ch\/wp-content\/uploads\/2021\/01\/Contr\u00f4le-Mites-alimentaires-5-plaquettes.png 600w\" sizes=\"auto, (max-width: 300px) 100vw, 300px\" \/><\/a><\/p>\n<p>&nbsp;<\/p>\n<p>&nbsp;<\/p>\n<p>Diese 5 Anti-Lebensmittelmotten-Teller helfen Ihnen im Kampf gegen die Invasion dieser kleinen Insekten. Keine Chemikalien, 100% umweltfreundlich!<\/p>\n<p>5 plaquettes CHF<\/p>\n<p>&nbsp;<\/p>\n<p>&nbsp;<\/p>\n<p>&nbsp;<\/p>\n<p>&nbsp;<\/p>\n<p>&nbsp;<\/p>\n<p>&nbsp;<\/p>\n<h3 class=\"gauche\">&nbsp;<\/h3>\n<p>&nbsp;<\/p>\n<p>&nbsp;<\/p>\n<p>Les hormones sexuelles contenues sur les plaquettes englu\u00e9es attirent les mites alimentaires&nbsp; irr\u00e9sistiblement... Celles-ci restent coll\u00e9es sur les plaquettes recouvertes de glu. L\u2019invasion est ainsi ma\u00eetris\u00e9e. Action efficace sur une surface de 30 m<sup>2<\/sup>&nbsp;pendant 2 mois environ pour chaque plaquette. Contient 5 plaquettes \/ pi\u00e8ge de dimensions : 7 x 20 cm<\/p>\n<p>Int\u00e9ret \u00e9cologique:<\/p>\n<p>laques recouvertes de ph\u00e9ronomes, sans odeur, sans insecticide, sans produit toxique et totalement inoffensives pour les \u00eatres humains et les animaux. Fabrication en Europe Occidentale.<\/p>","protected":false},"excerpt":{"rendered":"<p>Contr\u00f4le Mites alimentaires 5 plaquettes &nbsp; &nbsp; Diese 5 Anti-Lebensmittelmotten-Teller helfen Ihnen im Kampf gegen die Invasion dieser kleinen Insekten. Keine Chemikalien, 100% umweltfreundlich! 5 plaquettes CHF &nbsp; &nbsp; &nbsp; &nbsp; &nbsp; &nbsp; &nbsp; &nbsp; &nbsp; Les hormones sexuelles contenues sur les plaquettes englu\u00e9es attirent les mites alimentaires&nbsp; irr\u00e9sistiblement... Celles-ci restent coll\u00e9es sur les plaquettes recouvertes de glu. L\u2019invasion est&nbsp;<a href=\"https:\/\/bien-etreiris.ch\/de\/produktpraesentation\/hygiene\/haushaltsreinigung\/natuerliche-insektizide\/lebensmittelmotten\/\" class=\"read-more\">Weiter lesen<\/a><\/p>\n","protected":false},"author":1,"featured_media":38028,"parent":37998,"menu_order":6408,"comment_status":"closed","ping_status":"closed","template":"page-with-child.php","meta":{"_acf_changed":false,"ngg_post_thumbnail":0,"footnotes":""},"class_list":["post-38030","page","type-page","status-publish","has-post-thumbnail","hentry"],"acf":[],"yoast_head":"<!-- This site is optimized with the Yoast SEO plugin v27.4 - https:\/\/yoast.com\/product\/yoast-seo-wordpress\/ -->\n<title>LEBENSMITTELMOTTEN - WOHLBEFINDEN<\/title>\n<meta name=\"robots\" content=\"index, follow, max-snippet:-1, max-image-preview:large, max-video-preview:-1\" \/>\n<link rel=\"canonical\" href=\"https:\/\/bien-etreiris.ch\/de\/produktpraesentation\/hygiene\/haushaltsreinigung\/natuerliche-insektizide\/lebensmittelmotten\/\" \/>\n<meta property=\"og:locale\" content=\"de_DE\" \/>\n<meta property=\"og:type\" content=\"article\" \/>\n<meta property=\"og:title\" content=\"LEBENSMITTELMOTTEN - WOHLBEFINDEN\" \/>\n<meta property=\"og:description\" content=\"Contr\u00f4le Mites alimentaires 5 plaquettes &nbsp; &nbsp; Diese 5 Anti-Lebensmittelmotten-Teller helfen Ihnen im Kampf gegen die Invasion dieser kleinen Insekten. Keine Chemikalien, 100% umweltfreundlich! 5 plaquettes CHF &nbsp; &nbsp; &nbsp; &nbsp; &nbsp; &nbsp; &nbsp; &nbsp; &nbsp; Les hormones sexuelles contenues sur les plaquettes englu\u00e9es attirent les mites alimentaires&nbsp; irr\u00e9sistiblement... Celles-ci restent coll\u00e9es sur les plaquettes recouvertes de glu. L\u2019invasion est&nbsp;Weiter lesen\" \/>\n<meta property=\"og:url\" content=\"https:\/\/bien-etreiris.ch\/de\/produktpraesentation\/hygiene\/haushaltsreinigung\/natuerliche-insektizide\/lebensmittelmotten\/\" \/>\n<meta property=\"og:site_name\" content=\"WOHLBEFINDEN\" \/>\n<meta property=\"article:publisher\" content=\"https:\/\/www.facebook.com\/bienetreiris\/\" \/>\n<meta property=\"article:modified_time\" content=\"2021-06-02T12:52:54+00:00\" \/>\n<meta property=\"og:image\" content=\"https:\/\/bien-etreiris.ch\/wp-content\/uploads\/2021\/01\/Mites-allimentaire.jpg\" \/>\n\t<meta property=\"og:image:width\" content=\"500\" \/>\n\t<meta property=\"og:image:height\" content=\"361\" \/>\n\t<meta property=\"og:image:type\" content=\"image\/jpeg\" \/>\n<meta name=\"twitter:label1\" content=\"Gesch\u00e4tzte Lesezeit\" \/>\n\t<meta name=\"twitter:data1\" content=\"1\u00a0Minute\" \/>\n<script type=\"application\/ld+json\" class=\"yoast-schema-graph\">{\"@context\":\"https:\\\/\\\/schema.org\",\"@graph\":[{\"@type\":\"WebPage\",\"@id\":\"https:\\\/\\\/bien-etreiris.ch\\\/de\\\/produktpraesentation\\\/hygiene\\\/haushaltsreinigung\\\/natuerliche-insektizide\\\/lebensmittelmotten\\\/\",\"url\":\"https:\\\/\\\/bien-etreiris.ch\\\/de\\\/produktpraesentation\\\/hygiene\\\/haushaltsreinigung\\\/natuerliche-insektizide\\\/lebensmittelmotten\\\/\",\"name\":\"LEBENSMITTELMOTTEN - WOHLBEFINDEN\",\"isPartOf\":{\"@id\":\"https:\\\/\\\/bien-etreiris.ch\\\/de\\\/#website\"},\"primaryImageOfPage\":{\"@id\":\"https:\\\/\\\/bien-etreiris.ch\\\/de\\\/produktpraesentation\\\/hygiene\\\/haushaltsreinigung\\\/natuerliche-insektizide\\\/lebensmittelmotten\\\/#primaryimage\"},\"image\":{\"@id\":\"https:\\\/\\\/bien-etreiris.ch\\\/de\\\/produktpraesentation\\\/hygiene\\\/haushaltsreinigung\\\/natuerliche-insektizide\\\/lebensmittelmotten\\\/#primaryimage\"},\"thumbnailUrl\":\"https:\\\/\\\/bien-etreiris.ch\\\/wp-content\\\/uploads\\\/2021\\\/01\\\/Mites-allimentaire.jpg\",\"datePublished\":\"2021-01-10T02:02:24+00:00\",\"dateModified\":\"2021-06-02T12:52:54+00:00\",\"breadcrumb\":{\"@id\":\"https:\\\/\\\/bien-etreiris.ch\\\/de\\\/produktpraesentation\\\/hygiene\\\/haushaltsreinigung\\\/natuerliche-insektizide\\\/lebensmittelmotten\\\/#breadcrumb\"},\"inLanguage\":\"de\",\"potentialAction\":[{\"@type\":\"ReadAction\",\"target\":[\"https:\\\/\\\/bien-etreiris.ch\\\/de\\\/produktpraesentation\\\/hygiene\\\/haushaltsreinigung\\\/natuerliche-insektizide\\\/lebensmittelmotten\\\/\"]}]},{\"@type\":\"ImageObject\",\"inLanguage\":\"de\",\"@id\":\"https:\\\/\\\/bien-etreiris.ch\\\/de\\\/produktpraesentation\\\/hygiene\\\/haushaltsreinigung\\\/natuerliche-insektizide\\\/lebensmittelmotten\\\/#primaryimage\",\"url\":\"https:\\\/\\\/bien-etreiris.ch\\\/wp-content\\\/uploads\\\/2021\\\/01\\\/Mites-allimentaire.jpg\",\"contentUrl\":\"https:\\\/\\\/bien-etreiris.ch\\\/wp-content\\\/uploads\\\/2021\\\/01\\\/Mites-allimentaire.jpg\",\"width\":500,\"height\":361},{\"@type\":\"BreadcrumbList\",\"@id\":\"https:\\\/\\\/bien-etreiris.ch\\\/de\\\/produktpraesentation\\\/hygiene\\\/haushaltsreinigung\\\/natuerliche-insektizide\\\/lebensmittelmotten\\\/#breadcrumb\",\"itemListElement\":[{\"@type\":\"ListItem\",\"position\":1,\"name\":\"Home\",\"item\":\"https:\\\/\\\/bien-etreiris.ch\\\/de\\\/\"},{\"@type\":\"ListItem\",\"position\":2,\"name\":\"PRODUKTPR\u00c4SENTATION\",\"item\":\"https:\\\/\\\/bien-etreiris.ch\\\/de\\\/produktpraesentation\\\/\"},{\"@type\":\"ListItem\",\"position\":3,\"name\":\"HYGIENE\",\"item\":\"https:\\\/\\\/bien-etreiris.ch\\\/de\\\/produktpraesentation\\\/hygiene\\\/\"},{\"@type\":\"ListItem\",\"position\":4,\"name\":\"HAUSHALTSREINIGUNG\",\"item\":\"https:\\\/\\\/bien-etreiris.ch\\\/de\\\/produktpraesentation\\\/hygiene\\\/haushaltsreinigung\\\/\"},{\"@type\":\"ListItem\",\"position\":5,\"name\":\"NAT\u00dcRLICHE INSEKTIZIDE\",\"item\":\"https:\\\/\\\/bien-etreiris.ch\\\/de\\\/produktpraesentation\\\/hygiene\\\/haushaltsreinigung\\\/natuerliche-insektizide\\\/\"},{\"@type\":\"ListItem\",\"position\":6,\"name\":\"LEBENSMITTELMOTTEN\"}]},{\"@type\":\"WebSite\",\"@id\":\"https:\\\/\\\/bien-etreiris.ch\\\/de\\\/#website\",\"url\":\"https:\\\/\\\/bien-etreiris.ch\\\/de\\\/\",\"name\":\"Bien-\u00eatre Iris\",\"description\":\"IHRE Gesundheit ist uns wichtig\",\"potentialAction\":[{\"@type\":\"SearchAction\",\"target\":{\"@type\":\"EntryPoint\",\"urlTemplate\":\"https:\\\/\\\/bien-etreiris.ch\\\/de\\\/?s={search_term_string}\"},\"query-input\":{\"@type\":\"PropertyValueSpecification\",\"valueRequired\":true,\"valueName\":\"search_term_string\"}}],\"inLanguage\":\"de\"}]}<\/script>\n<!-- \/ Yoast SEO plugin. -->","yoast_head_json":{"title":"LEBENSMITTELMOTTEN - WOHLBEFINDEN","robots":{"index":"index","follow":"follow","max-snippet":"max-snippet:-1","max-image-preview":"max-image-preview:large","max-video-preview":"max-video-preview:-1"},"canonical":"https:\/\/bien-etreiris.ch\/de\/produktpraesentation\/hygiene\/haushaltsreinigung\/natuerliche-insektizide\/lebensmittelmotten\/","og_locale":"de_DE","og_type":"article","og_title":"LEBENSMITTELMOTTEN - WOHLBEFINDEN","og_description":"Contr\u00f4le Mites alimentaires 5 plaquettes &nbsp; &nbsp; Diese 5 Anti-Lebensmittelmotten-Teller helfen Ihnen im Kampf gegen die Invasion dieser kleinen Insekten. Keine Chemikalien, 100% umweltfreundlich! 5 plaquettes CHF &nbsp; &nbsp; &nbsp; &nbsp; &nbsp; &nbsp; &nbsp; &nbsp; &nbsp; Les hormones sexuelles contenues sur les plaquettes englu\u00e9es attirent les mites alimentaires&nbsp; irr\u00e9sistiblement... Celles-ci restent coll\u00e9es sur les plaquettes recouvertes de glu. L\u2019invasion est&nbsp;Weiter lesen","og_url":"https:\/\/bien-etreiris.ch\/de\/produktpraesentation\/hygiene\/haushaltsreinigung\/natuerliche-insektizide\/lebensmittelmotten\/","og_site_name":"WOHLBEFINDEN","article_publisher":"https:\/\/www.facebook.com\/bienetreiris\/","article_modified_time":"2021-06-02T12:52:54+00:00","og_image":[{"width":500,"height":361,"url":"https:\/\/bien-etreiris.ch\/wp-content\/uploads\/2021\/01\/Mites-allimentaire.jpg","type":"image\/jpeg"}],"twitter_misc":{"Gesch\u00e4tzte Lesezeit":"1\u00a0Minute"},"schema":{"@context":"https:\/\/schema.org","@graph":[{"@type":"WebPage","@id":"https:\/\/bien-etreiris.ch\/de\/produktpraesentation\/hygiene\/haushaltsreinigung\/natuerliche-insektizide\/lebensmittelmotten\/","url":"https:\/\/bien-etreiris.ch\/de\/produktpraesentation\/hygiene\/haushaltsreinigung\/natuerliche-insektizide\/lebensmittelmotten\/","name":"LEBENSMITTELMOTTEN - WOHLBEFINDEN","isPartOf":{"@id":"https:\/\/bien-etreiris.ch\/de\/#website"},"primaryImageOfPage":{"@id":"https:\/\/bien-etreiris.ch\/de\/produktpraesentation\/hygiene\/haushaltsreinigung\/natuerliche-insektizide\/lebensmittelmotten\/#primaryimage"},"image":{"@id":"https:\/\/bien-etreiris.ch\/de\/produktpraesentation\/hygiene\/haushaltsreinigung\/natuerliche-insektizide\/lebensmittelmotten\/#primaryimage"},"thumbnailUrl":"https:\/\/bien-etreiris.ch\/wp-content\/uploads\/2021\/01\/Mites-allimentaire.jpg","datePublished":"2021-01-10T02:02:24+00:00","dateModified":"2021-06-02T12:52:54+00:00","breadcrumb":{"@id":"https:\/\/bien-etreiris.ch\/de\/produktpraesentation\/hygiene\/haushaltsreinigung\/natuerliche-insektizide\/lebensmittelmotten\/#breadcrumb"},"inLanguage":"de","potentialAction":[{"@type":"ReadAction","target":["https:\/\/bien-etreiris.ch\/de\/produktpraesentation\/hygiene\/haushaltsreinigung\/natuerliche-insektizide\/lebensmittelmotten\/"]}]},{"@type":"ImageObject","inLanguage":"de","@id":"https:\/\/bien-etreiris.ch\/de\/produktpraesentation\/hygiene\/haushaltsreinigung\/natuerliche-insektizide\/lebensmittelmotten\/#primaryimage","url":"https:\/\/bien-etreiris.ch\/wp-content\/uploads\/2021\/01\/Mites-allimentaire.jpg","contentUrl":"https:\/\/bien-etreiris.ch\/wp-content\/uploads\/2021\/01\/Mites-allimentaire.jpg","width":500,"height":361},{"@type":"BreadcrumbList","@id":"https:\/\/bien-etreiris.ch\/de\/produktpraesentation\/hygiene\/haushaltsreinigung\/natuerliche-insektizide\/lebensmittelmotten\/#breadcrumb","itemListElement":[{"@type":"ListItem","position":1,"name":"Home","item":"https:\/\/bien-etreiris.ch\/de\/"},{"@type":"ListItem","position":2,"name":"PRODUKTPR\u00c4SENTATION","item":"https:\/\/bien-etreiris.ch\/de\/produktpraesentation\/"},{"@type":"ListItem","position":3,"name":"HYGIENE","item":"https:\/\/bien-etreiris.ch\/de\/produktpraesentation\/hygiene\/"},{"@type":"ListItem","position":4,"name":"HAUSHALTSREINIGUNG","item":"https:\/\/bien-etreiris.ch\/de\/produktpraesentation\/hygiene\/haushaltsreinigung\/"},{"@type":"ListItem","position":5,"name":"NAT\u00dcRLICHE INSEKTIZIDE","item":"https:\/\/bien-etreiris.ch\/de\/produktpraesentation\/hygiene\/haushaltsreinigung\/natuerliche-insektizide\/"},{"@type":"ListItem","position":6,"name":"LEBENSMITTELMOTTEN"}]},{"@type":"WebSite","@id":"https:\/\/bien-etreiris.ch\/de\/#website","url":"https:\/\/bien-etreiris.ch\/de\/","name":"Bien-\u00eatre Iris","description":"IHRE Gesundheit ist uns wichtig","potentialAction":[{"@type":"SearchAction","target":{"@type":"EntryPoint","urlTemplate":"https:\/\/bien-etreiris.ch\/de\/?s={search_term_string}"},"query-input":{"@type":"PropertyValueSpecification","valueRequired":true,"valueName":"search_term_string"}}],"inLanguage":"de"}]}},"_links":{"self":[{"href":"https:\/\/bien-etreiris.ch\/de\/wp-json\/wp\/v2\/pages\/38030","targetHints":{"allow":["GET"]}}],"collection":[{"href":"https:\/\/bien-etreiris.ch\/de\/wp-json\/wp\/v2\/pages"}],"about":[{"href":"https:\/\/bien-etreiris.ch\/de\/wp-json\/wp\/v2\/types\/page"}],"author":[{"embeddable":true,"href":"https:\/\/bien-etreiris.ch\/de\/wp-json\/wp\/v2\/users\/1"}],"replies":[{"embeddable":true,"href":"https:\/\/bien-etreiris.ch\/de\/wp-json\/wp\/v2\/comments?post=38030"}],"version-history":[{"count":3,"href":"https:\/\/bien-etreiris.ch\/de\/wp-json\/wp\/v2\/pages\/38030\/revisions"}],"predecessor-version":[{"id":48997,"href":"https:\/\/bien-etreiris.ch\/de\/wp-json\/wp\/v2\/pages\/38030\/revisions\/48997"}],"up":[{"embeddable":true,"href":"https:\/\/bien-etreiris.ch\/de\/wp-json\/wp\/v2\/pages\/37998"}],"wp:featuredmedia":[{"embeddable":true,"href":"https:\/\/bien-etreiris.ch\/de\/wp-json\/wp\/v2\/media\/38028"}],"wp:attachment":[{"href":"https:\/\/bien-etreiris.ch\/de\/wp-json\/wp\/v2\/media?parent=38030"}],"curies":[{"name":"wp","href":"https:\/\/api.w.org\/{rel}","templated":true}]}}