{"id":37701,"date":"2021-01-02T13:21:39","date_gmt":"2021-01-02T11:21:39","guid":{"rendered":"https:\/\/bien-etreiris.ch\/?page_id=37701"},"modified":"2023-05-10T07:56:27","modified_gmt":"2023-05-10T05:56:27","slug":"rosenholz","status":"publish","type":"page","link":"https:\/\/bien-etreiris.ch\/de\/produktpraesentation\/aromatherapie\/aetherische-oele\/rosenholz\/","title":{"rendered":"ROSENHOLZ"},"content":{"rendered":"\n<h2 class=\"wp-block-heading\">Rosenholz<br><\/h2>\n\n\n<p><a href=\"https:\/\/decoiris.ch\/wp-content\/uploads\/2021\/01\/Bois-de-rose-flacon.png\"><img loading=\"lazy\" decoding=\"async\" class=\"wp-image-37707 size-medium alignleft\" src=\"https:\/\/decoiris.ch\/wp-content\/uploads\/2021\/01\/Bois-de-rose-flacon-300x300.png\" alt=\"\" width=\"300\" height=\"300\" srcset=\"https:\/\/bien-etreiris.ch\/wp-content\/uploads\/2021\/01\/Bois-de-rose-flacon-300x300.png 300w, https:\/\/bien-etreiris.ch\/wp-content\/uploads\/2021\/01\/Bois-de-rose-flacon-150x150.png 150w, https:\/\/bien-etreiris.ch\/wp-content\/uploads\/2021\/01\/Bois-de-rose-flacon.png 400w\" sizes=\"auto, (max-width: 300px) 100vw, 300px\" \/><\/a><\/p>\n<p>&nbsp;<\/p>\n<p>&nbsp;<\/p>\n<p>&nbsp;<\/p>\n<p>&nbsp;<\/p>\n<p>&nbsp;<\/p>\n<p>&nbsp;<\/p>\n<p>&nbsp;<\/p>\n<p>&nbsp;<\/p>\n<table style=\"width: 100%; height: 602px;\">\n<tbody>\n<tr style=\"height: 24px;\">\n<td style=\"width: 26.9048%; height: 24px;\"><strong>Botanischer Name :<\/strong><\/td>\n<td style=\"width: 72.1429%; height: 24px;\">Aniba rosaeodora<\/td>\n<\/tr>\n<tr style=\"height: 24px;\">\n<td style=\"width: 26.9048%; height: 24px;\"><strong>Botanische Familie :<\/strong><\/td>\n<td style=\"width: 72.1429%; height: 24px;\">Laurac\u00e9es<\/td>\n<\/tr>\n<tr style=\"height: 24px;\">\n<td style=\"width: 26.9048%; height: 24px;\"><strong>Extraaktionsmethode :<\/strong><\/td>\n<td style=\"width: 72.1429%; height: 24px;\">Wasserdampfdestillation<\/td>\n<\/tr>\n<tr style=\"height: 24px;\">\n<td style=\"width: 26.9048%; height: 24px;\"><strong>Verwendeter Pflanzenteil :<\/strong><\/td>\n<td style=\"width: 72.1429%; height: 24px;\">Bl\u00e4tter und Holzstiele<\/td>\n<\/tr>\n<tr style=\"height: 24px;\">\n<td style=\"width: 26.9048%; height: 24px;\"><strong>Pflanzenmenge :<\/strong><\/td>\n<td style=\"width: 72.1429%; height: 24px;\">F\u00fcr 1 kg \u00d6l werden 100 kg Holz ben\u00f6tigt<\/td>\n<\/tr>\n<tr style=\"height: 24px;\">\n<td style=\"width: 26.9048%; height: 24px;\"><strong>Geografische Herkunft :<\/strong><\/td>\n<td style=\"width: 72.1429%; height: 24px;\">Brasilien (kann je nach Saison und Ernte variieren)<\/td>\n<\/tr>\n<tr style=\"height: 24px;\">\n<td style=\"width: 26.9048%; height: 24px;\"><strong>Qualit\u00e4tskultur :<\/strong><\/td>\n<td style=\"width: 72.1429%; height: 24px;\">kontrollierte Bio-Wildsammlung (k.b.W.), tierversuchsfrei, vegan<\/td>\n<\/tr>\n<tr style=\"height: 24px;\">\n<td style=\"width: 26.9048%; height: 24px;\"><strong>Duftwirkung :<\/strong><\/td>\n<td style=\"width: 72.1429%; height: 24px;\">entspannend<\/td>\n<\/tr>\n<tr style=\"height: 24px;\">\n<td style=\"width: 26.9048%; height: 24px;\"><strong>Duftnote :<\/strong><\/td>\n<td style=\"width: 72.1429%; height: 24px;\">Herz-\/Basisnote<\/td>\n<\/tr>\n<tr style=\"height: 24px;\">\n<td style=\"width: 26.9048%; height: 24px;\"><strong>Duftprofil :<\/strong><\/td>\n<td style=\"width: 72.1429%; height: 24px;\">Leicht rosig, blumig, w\u00fcrzig<\/td>\n<\/tr>\n<tr style=\"height: 24px;\">\n<td style=\"width: 26.9048%; height: 24px;\"><strong>Duftthema :<\/strong><\/td>\n<td style=\"width: 72.1429%; height: 24px;\">Entspannend, beruhigend, harmonisierend, Seelenstreichler<\/td>\n<\/tr>\n<tr style=\"height: 24px;\">\n<td style=\"width: 26.9048%; height: 24px;\"><strong>Energetisch <\/strong><\/td>\n<td style=\"width: 72.1429%; height: 24px;\">&nbsp;-<\/td>\n<\/tr>\n<tr style=\"height: 24px;\">\n<td style=\"width: 26.9048%; height: 24px;\"><strong>Psycho-emotional :<\/strong><\/td>\n<td style=\"width: 72.1429%; height: 24px;\">\n<ul style=\"list-style-type: disc;\">\n<li>Zur Bek\u00e4mpfung von Stress, Angst und M\u00fcdigkeit<\/li>\n<\/ul>\n<\/td>\n<\/tr>\n<tr style=\"height: 138px;\">\n<td style=\"width: 26.9048%; height: 10px; vertical-align: top;\"><strong>Beschreibung :<\/strong><\/td>\n<td style=\"width: 72.1429%; height: 10px; vertical-align: top;\" scope=\"row\">\n<div class=\"properties\">\n<ul style=\"list-style-type: disc;\">\n<li>Das kostbare Rosenholz\u00f6l ist sehr haut-vertr\u00e4glich und pflegt sanft. Mit seinen antiviralen und anti-bakteriellen Eigenschaften unterst\u00fctzt es bei Erk\u00e4ltungen und es ist zur St\u00e4rkung des Immunsystems geeignet. Seine krampfl\u00f6sende Wirkung machte es zu einem wertvollen Bestandteil in Massage\u00f6len. Emotional l\u00f6st es Spannungen und Verh\u00e4rtungen. Es st\u00e4rkt die Nerven, gleicht aus und weckt Lebensgeister und Lebensfreude.<\/li>\n<li>Intellektuelle \u00dcberarbeitung, Erm\u00fcdung, niedrige Moral, Angst, Stress, Schlaflosigkeit, Sexuelle Erm\u00fcdung, Gef\u00fchl der Einsamkeit, Trennung<\/li>\n<\/ul>\n<\/div>\n<\/td>\n<\/tr>\n<tr style=\"height: 21px;\">\n<td style=\"width: 26.9048%; height: 21px; vertical-align: top;\"><strong>Anwendung:<\/strong><\/td>\n<td style=\"width: 72.1429%; height: 21px; vertical-align: top;\">\n<ul style=\"list-style-type: disc;\">\n<li>Rosenholz mischt sich gut mit roter Mandarine, Orange, Rosen-Attar, Rosengeranie, r\u00f6mischer Kamille, Ylang Ylang, Zeder, Kardamom, Zistrose und Weihrauch.<\/li>\n<li>F\u00fcr ein pflegendes und sinnliches Bad, mischen Sie es mit der Badebasis aus Zedernholz, Orange, Magnolienbl\u00fcten und Kokosnussschaum.<\/li>\n<\/ul>\n<\/td>\n<\/tr>\n<tr style=\"height: 10px;\">\n<td style=\"width: 26.9048%; height: 10px;\"><strong>Aktive Inhaltsstoffe:<\/strong><p><\/p>\n<p>&nbsp;<\/p>\n<p>&nbsp;<\/p>\n<\/td>\n<td style=\"width: 72.1429%; height: 10px; vertical-align: top;\">\n<ul style=\"list-style-type: disc;\">\n<li>Linalool : 70 % bis 95 %<\/li>\n<li>Geraniol &lt; 3 %<\/li>\n<li>Benzylbenzoat &lt; 2 %<\/li>\n<li>Limonen &lt; 1 %.<\/li>\n<\/ul>\n<\/td>\n<\/tr>\n<tr style=\"height: 10px;\">\n<td style=\"width: 26.9048%; vertical-align: top; height: 10px;\"><strong>Allergene<br><\/strong><\/td>\n<td style=\"width: 72.1429%; vertical-align: top; height: 10px;\">\n<div class=\"vc_row\">\n<p id=\"precautions-utilisation\" class=\"h2-collapsable\"><strong>Linalool<\/strong><\/p>\n<\/div>\n<\/td>\n<\/tr>\n<tr style=\"height: 146px;\">\n<td style=\"width: 26.9048%; vertical-align: top; height: 146px;\"><strong>Vorsichtsma\u00dfnahmen!<\/strong><\/td>\n<td style=\"width: 72.1429%; vertical-align: top; height: 146px;\">\n<ul>\n<li>\n<div class=\"vc_row\">\n<p id=\"precautions-utilisation\" class=\"h2-collapsable\">Empfindliche Personen wie Kinder, Asthmatiker oder Epileptiker m\u00fcssen vor der Anwendung dieses \u00e4therischen \u00d6ls einen Hauttest durchf\u00fchren. In der Tat besteht dieses \u00d6l haupts\u00e4chlich aus Linalool, einem allergenen Molek\u00fcl.<\/p>\n<\/div>\n<\/li>\n<\/ul>\n<\/td>\n<\/tr>\n<tr style=\"height: 45px;\">\n<td style=\"width: 99.0477%; height: 45px;\" colspan=\"2\"><span class=\"tlid-translation translation\" lang=\"fr\"><span class=\"\" title=\"\">Geschultes Fachpersonal gibt Ihnen gerne weitere Informationen zu medizinischen und kosmetischen Anwendungen.<\/span><\/span><\/td>\n<\/tr>\n<tr style=\"height: 24px;\">\n<td style=\"width: 26.9048%; height: 24px;\"><strong> Menge verf\u00fcgbar:<\/strong><\/td>\n<td style=\"width: 72.1429%; height: 24px;\">&nbsp;5 ml<\/td>\n<\/tr>\n<tr style=\"height: 24px;\">\n<td style=\"width: 26.9048%; height: 24px;\"><strong>Preis :<\/strong><\/td>\n<td style=\"width: 72.1429%; height: 24px;\"><strong>CHF 8.50<br><\/strong><\/td>\n<\/tr>\n<\/tbody>\n<\/table>\n\n\n<div class=\"fiche-accordion fiche-accordion-compact\">\n<div class=\"propriete-desc en_pratique\">\n<div class=\"ft-picto-mode-wrapper\">&nbsp;<\/div>\n<\/div>\n<h2>Mehr erfahren +<\/h2>\n<\/div>\n<p>&nbsp;<\/p>\n<div class=\"fiche-accordion fiche-accordion-compact\">\n<h4 class=\"fiche-accordion-content\">\u00fcber Rosenholz<\/h4>\n<div class=\"fiche-accordion-content\">botanischer Name Aniba rosaeodora var. amazonica, ist ein mittelgro\u00dfer Baum, der im Amazonas-Regenwald, insbesondere in Brasilien und Guyana, vorkommt. Sein Name hat seinen Ursprung in der Farbe seines Holzes, die von rosa bis r\u00f6tlich-rosa ist. Es ist eines der H\u00f6lzer, die h\u00e4ufig in Intarsien verwendet werden, um M\u00f6bel oder Gem\u00e4lde zu dekorieren. Neben der M\u00f6belherstellung kann es auch in der Medizin und Parf\u00fcmerie eingesetzt werden, insbesondere zur Gewinnung von Linalool. Aufgrund der intensiven industriellen Ausbeutung ist dieser wertvolle Baum bedroht und steht heute unter Schutz. Das \u00e4therische \u00d6l, das wir Ihnen anbieten, stammt aus nachhaltig bewirtschafteten und biozertifizierten W\u00e4ldern. Au\u00dferdem wird dieses \u00e4therische \u00d6l aus den Bl\u00e4ttern und nicht aus dem Holz destilliert, was ein \u00e4therisches \u00d6l mit identischer Zusammensetzung und Eigenschaften ergibt, aber die Zerst\u00f6rung des Baumes vermeidet und somit die Ressource schont. Dieses \u00e4therische \u00d6l ist daher die beste Option f\u00fcr eine nachhaltige Verwertung von Rosenholz. Dieses \u00d6l wurde nach den Kriterien des CITES-\u00dcbereinkommens \u00fcber den internationalen Handel mit gef\u00e4hrdeten Arten freilebender Tiere und Pflanzen importiert, um die Erhaltung der biologischen Vielfalt und die nachhaltige Nutzung dieser Wildart zu gew\u00e4hrleisten. Das \u00e4therische Rosenholz\u00f6l aus biologischem Anbau ist bekannt als leistungsstarker Wirkstoff f\u00fcr viele Hautpflegebehandlungen (Ekzeme, Akne, Pickel, Hautregeneration und Faltenvorbeugung...) und f\u00fcr die Pflege der Atemwege dank seiner antibakteriellen und antiviralen Eigenschaften. Sein leicht holziger Duft beruhigt nerv\u00f6se Menschen und Stress. Dieses \u00d6l ist f\u00fcr die Anwendung auf der Haut gut vertr\u00e4glich (immer verd\u00fcnnt).<\/div>\n<\/div>\n","protected":false},"excerpt":{"rendered":"<p>Rosenholz &nbsp; &nbsp; &nbsp; &nbsp; &nbsp; &nbsp; &nbsp; &nbsp; Botanischer Name : Aniba rosaeodora Botanische Familie : Laurac\u00e9es Extraaktionsmethode : Wasserdampfdestillation Verwendeter Pflanzenteil : Bl\u00e4tter und Holzstiele Pflanzenmenge : F\u00fcr 1 kg \u00d6l werden 100 kg Holz ben\u00f6tigt Geografische Herkunft : Brasilien (kann je nach Saison und Ernte variieren) Qualit\u00e4tskultur : kontrollierte Bio-Wildsammlung (k.b.W.), tierversuchsfrei, vegan Duftwirkung : entspannend Duftnote&nbsp;<a href=\"https:\/\/bien-etreiris.ch\/de\/produktpraesentation\/aromatherapie\/aetherische-oele\/rosenholz\/\" class=\"read-more\">Weiter lesen<\/a><\/p>\n","protected":false},"author":1,"featured_media":69904,"parent":37429,"menu_order":6418,"comment_status":"closed","ping_status":"closed","template":"page-with-child.php","meta":{"_acf_changed":false,"ngg_post_thumbnail":0,"footnotes":""},"class_list":["post-37701","page","type-page","status-publish","has-post-thumbnail","hentry"],"acf":[],"yoast_head":"<!-- This site is optimized with the Yoast SEO plugin v27.6 - https:\/\/yoast.com\/product\/yoast-seo-wordpress\/ -->\n<title>ROSENHOLZ - WOHLBEFINDEN<\/title>\n<meta name=\"robots\" content=\"index, follow, max-snippet:-1, max-image-preview:large, max-video-preview:-1\" \/>\n<link rel=\"canonical\" href=\"https:\/\/bien-etreiris.ch\/de\/produktpraesentation\/aromatherapie\/aetherische-oele\/rosenholz\/\" \/>\n<meta property=\"og:locale\" content=\"de_DE\" \/>\n<meta property=\"og:type\" content=\"article\" \/>\n<meta property=\"og:title\" content=\"ROSENHOLZ - WOHLBEFINDEN\" \/>\n<meta property=\"og:description\" content=\"Rosenholz &nbsp; &nbsp; &nbsp; &nbsp; &nbsp; &nbsp; &nbsp; &nbsp; Botanischer Name : Aniba rosaeodora Botanische Familie : Laurac\u00e9es Extraaktionsmethode : Wasserdampfdestillation Verwendeter Pflanzenteil : Bl\u00e4tter und Holzstiele Pflanzenmenge : F\u00fcr 1 kg \u00d6l werden 100 kg Holz ben\u00f6tigt Geografische Herkunft : Brasilien (kann je nach Saison und Ernte variieren) Qualit\u00e4tskultur : kontrollierte Bio-Wildsammlung (k.b.W.), tierversuchsfrei, vegan Duftwirkung : entspannend Duftnote&nbsp;Weiter lesen\" \/>\n<meta property=\"og:url\" content=\"https:\/\/bien-etreiris.ch\/de\/produktpraesentation\/aromatherapie\/aetherische-oele\/rosenholz\/\" \/>\n<meta property=\"og:site_name\" content=\"WOHLBEFINDEN\" \/>\n<meta property=\"article:publisher\" content=\"https:\/\/www.facebook.com\/bienetreiris\/\" \/>\n<meta property=\"article:modified_time\" content=\"2023-05-10T05:56:27+00:00\" \/>\n<meta property=\"og:image\" content=\"https:\/\/bien-etreiris.ch\/wp-content\/uploads\/2023\/05\/acceuil-bois-de-rose.png\" \/>\n\t<meta property=\"og:image:width\" content=\"500\" \/>\n\t<meta property=\"og:image:height\" content=\"303\" \/>\n\t<meta property=\"og:image:type\" content=\"image\/png\" \/>\n<meta name=\"twitter:label1\" content=\"Gesch\u00e4tzte Lesezeit\" \/>\n\t<meta name=\"twitter:data1\" content=\"3\u00a0Minuten\" \/>\n<script type=\"application\/ld+json\" class=\"yoast-schema-graph\">{\"@context\":\"https:\\\/\\\/schema.org\",\"@graph\":[{\"@type\":\"WebPage\",\"@id\":\"https:\\\/\\\/bien-etreiris.ch\\\/de\\\/produktpraesentation\\\/aromatherapie\\\/aetherische-oele\\\/rosenholz\\\/\",\"url\":\"https:\\\/\\\/bien-etreiris.ch\\\/de\\\/produktpraesentation\\\/aromatherapie\\\/aetherische-oele\\\/rosenholz\\\/\",\"name\":\"ROSENHOLZ - WOHLBEFINDEN\",\"isPartOf\":{\"@id\":\"https:\\\/\\\/bien-etreiris.ch\\\/de\\\/#website\"},\"primaryImageOfPage\":{\"@id\":\"https:\\\/\\\/bien-etreiris.ch\\\/de\\\/produktpraesentation\\\/aromatherapie\\\/aetherische-oele\\\/rosenholz\\\/#primaryimage\"},\"image\":{\"@id\":\"https:\\\/\\\/bien-etreiris.ch\\\/de\\\/produktpraesentation\\\/aromatherapie\\\/aetherische-oele\\\/rosenholz\\\/#primaryimage\"},\"thumbnailUrl\":\"https:\\\/\\\/bien-etreiris.ch\\\/wp-content\\\/uploads\\\/2023\\\/05\\\/acceuil-bois-de-rose.png\",\"datePublished\":\"2021-01-02T11:21:39+00:00\",\"dateModified\":\"2023-05-10T05:56:27+00:00\",\"breadcrumb\":{\"@id\":\"https:\\\/\\\/bien-etreiris.ch\\\/de\\\/produktpraesentation\\\/aromatherapie\\\/aetherische-oele\\\/rosenholz\\\/#breadcrumb\"},\"inLanguage\":\"de\",\"potentialAction\":[{\"@type\":\"ReadAction\",\"target\":[\"https:\\\/\\\/bien-etreiris.ch\\\/de\\\/produktpraesentation\\\/aromatherapie\\\/aetherische-oele\\\/rosenholz\\\/\"]}]},{\"@type\":\"ImageObject\",\"inLanguage\":\"de\",\"@id\":\"https:\\\/\\\/bien-etreiris.ch\\\/de\\\/produktpraesentation\\\/aromatherapie\\\/aetherische-oele\\\/rosenholz\\\/#primaryimage\",\"url\":\"https:\\\/\\\/bien-etreiris.ch\\\/wp-content\\\/uploads\\\/2023\\\/05\\\/acceuil-bois-de-rose.png\",\"contentUrl\":\"https:\\\/\\\/bien-etreiris.ch\\\/wp-content\\\/uploads\\\/2023\\\/05\\\/acceuil-bois-de-rose.png\",\"width\":500,\"height\":303},{\"@type\":\"BreadcrumbList\",\"@id\":\"https:\\\/\\\/bien-etreiris.ch\\\/de\\\/produktpraesentation\\\/aromatherapie\\\/aetherische-oele\\\/rosenholz\\\/#breadcrumb\",\"itemListElement\":[{\"@type\":\"ListItem\",\"position\":1,\"name\":\"Home\",\"item\":\"https:\\\/\\\/bien-etreiris.ch\\\/de\\\/\"},{\"@type\":\"ListItem\",\"position\":2,\"name\":\"PRODUKTPR\u00c4SENTATION\",\"item\":\"https:\\\/\\\/bien-etreiris.ch\\\/de\\\/produktpraesentation\\\/\"},{\"@type\":\"ListItem\",\"position\":3,\"name\":\"AROMATHERAPIE\",\"item\":\"https:\\\/\\\/bien-etreiris.ch\\\/de\\\/produktpraesentation\\\/aromatherapie\\\/\"},{\"@type\":\"ListItem\",\"position\":4,\"name\":\"\u00c4THERISCHE \u00d6LE\",\"item\":\"https:\\\/\\\/bien-etreiris.ch\\\/de\\\/produktpraesentation\\\/aromatherapie\\\/aetherische-oele\\\/\"},{\"@type\":\"ListItem\",\"position\":5,\"name\":\"ROSENHOLZ\"}]},{\"@type\":\"WebSite\",\"@id\":\"https:\\\/\\\/bien-etreiris.ch\\\/de\\\/#website\",\"url\":\"https:\\\/\\\/bien-etreiris.ch\\\/de\\\/\",\"name\":\"Bien-\u00eatre Iris\",\"description\":\"IHRE Gesundheit ist uns wichtig\",\"potentialAction\":[{\"@type\":\"SearchAction\",\"target\":{\"@type\":\"EntryPoint\",\"urlTemplate\":\"https:\\\/\\\/bien-etreiris.ch\\\/de\\\/?s={search_term_string}\"},\"query-input\":{\"@type\":\"PropertyValueSpecification\",\"valueRequired\":true,\"valueName\":\"search_term_string\"}}],\"inLanguage\":\"de\"}]}<\/script>\n<!-- \/ Yoast SEO plugin. -->","yoast_head_json":{"title":"ROSENHOLZ - WOHLBEFINDEN","robots":{"index":"index","follow":"follow","max-snippet":"max-snippet:-1","max-image-preview":"max-image-preview:large","max-video-preview":"max-video-preview:-1"},"canonical":"https:\/\/bien-etreiris.ch\/de\/produktpraesentation\/aromatherapie\/aetherische-oele\/rosenholz\/","og_locale":"de_DE","og_type":"article","og_title":"ROSENHOLZ - WOHLBEFINDEN","og_description":"Rosenholz &nbsp; &nbsp; &nbsp; &nbsp; &nbsp; &nbsp; &nbsp; &nbsp; Botanischer Name : Aniba rosaeodora Botanische Familie : Laurac\u00e9es Extraaktionsmethode : Wasserdampfdestillation Verwendeter Pflanzenteil : Bl\u00e4tter und Holzstiele Pflanzenmenge : F\u00fcr 1 kg \u00d6l werden 100 kg Holz ben\u00f6tigt Geografische Herkunft : Brasilien (kann je nach Saison und Ernte variieren) Qualit\u00e4tskultur : kontrollierte Bio-Wildsammlung (k.b.W.), tierversuchsfrei, vegan Duftwirkung : entspannend Duftnote&nbsp;Weiter lesen","og_url":"https:\/\/bien-etreiris.ch\/de\/produktpraesentation\/aromatherapie\/aetherische-oele\/rosenholz\/","og_site_name":"WOHLBEFINDEN","article_publisher":"https:\/\/www.facebook.com\/bienetreiris\/","article_modified_time":"2023-05-10T05:56:27+00:00","og_image":[{"width":500,"height":303,"url":"https:\/\/bien-etreiris.ch\/wp-content\/uploads\/2023\/05\/acceuil-bois-de-rose.png","type":"image\/png"}],"twitter_misc":{"Gesch\u00e4tzte Lesezeit":"3\u00a0Minuten"},"schema":{"@context":"https:\/\/schema.org","@graph":[{"@type":"WebPage","@id":"https:\/\/bien-etreiris.ch\/de\/produktpraesentation\/aromatherapie\/aetherische-oele\/rosenholz\/","url":"https:\/\/bien-etreiris.ch\/de\/produktpraesentation\/aromatherapie\/aetherische-oele\/rosenholz\/","name":"ROSENHOLZ - WOHLBEFINDEN","isPartOf":{"@id":"https:\/\/bien-etreiris.ch\/de\/#website"},"primaryImageOfPage":{"@id":"https:\/\/bien-etreiris.ch\/de\/produktpraesentation\/aromatherapie\/aetherische-oele\/rosenholz\/#primaryimage"},"image":{"@id":"https:\/\/bien-etreiris.ch\/de\/produktpraesentation\/aromatherapie\/aetherische-oele\/rosenholz\/#primaryimage"},"thumbnailUrl":"https:\/\/bien-etreiris.ch\/wp-content\/uploads\/2023\/05\/acceuil-bois-de-rose.png","datePublished":"2021-01-02T11:21:39+00:00","dateModified":"2023-05-10T05:56:27+00:00","breadcrumb":{"@id":"https:\/\/bien-etreiris.ch\/de\/produktpraesentation\/aromatherapie\/aetherische-oele\/rosenholz\/#breadcrumb"},"inLanguage":"de","potentialAction":[{"@type":"ReadAction","target":["https:\/\/bien-etreiris.ch\/de\/produktpraesentation\/aromatherapie\/aetherische-oele\/rosenholz\/"]}]},{"@type":"ImageObject","inLanguage":"de","@id":"https:\/\/bien-etreiris.ch\/de\/produktpraesentation\/aromatherapie\/aetherische-oele\/rosenholz\/#primaryimage","url":"https:\/\/bien-etreiris.ch\/wp-content\/uploads\/2023\/05\/acceuil-bois-de-rose.png","contentUrl":"https:\/\/bien-etreiris.ch\/wp-content\/uploads\/2023\/05\/acceuil-bois-de-rose.png","width":500,"height":303},{"@type":"BreadcrumbList","@id":"https:\/\/bien-etreiris.ch\/de\/produktpraesentation\/aromatherapie\/aetherische-oele\/rosenholz\/#breadcrumb","itemListElement":[{"@type":"ListItem","position":1,"name":"Home","item":"https:\/\/bien-etreiris.ch\/de\/"},{"@type":"ListItem","position":2,"name":"PRODUKTPR\u00c4SENTATION","item":"https:\/\/bien-etreiris.ch\/de\/produktpraesentation\/"},{"@type":"ListItem","position":3,"name":"AROMATHERAPIE","item":"https:\/\/bien-etreiris.ch\/de\/produktpraesentation\/aromatherapie\/"},{"@type":"ListItem","position":4,"name":"\u00c4THERISCHE \u00d6LE","item":"https:\/\/bien-etreiris.ch\/de\/produktpraesentation\/aromatherapie\/aetherische-oele\/"},{"@type":"ListItem","position":5,"name":"ROSENHOLZ"}]},{"@type":"WebSite","@id":"https:\/\/bien-etreiris.ch\/de\/#website","url":"https:\/\/bien-etreiris.ch\/de\/","name":"Bien-\u00eatre Iris","description":"IHRE Gesundheit ist uns wichtig","potentialAction":[{"@type":"SearchAction","target":{"@type":"EntryPoint","urlTemplate":"https:\/\/bien-etreiris.ch\/de\/?s={search_term_string}"},"query-input":{"@type":"PropertyValueSpecification","valueRequired":true,"valueName":"search_term_string"}}],"inLanguage":"de"}]}},"_links":{"self":[{"href":"https:\/\/bien-etreiris.ch\/de\/wp-json\/wp\/v2\/pages\/37701","targetHints":{"allow":["GET"]}}],"collection":[{"href":"https:\/\/bien-etreiris.ch\/de\/wp-json\/wp\/v2\/pages"}],"about":[{"href":"https:\/\/bien-etreiris.ch\/de\/wp-json\/wp\/v2\/types\/page"}],"author":[{"embeddable":true,"href":"https:\/\/bien-etreiris.ch\/de\/wp-json\/wp\/v2\/users\/1"}],"replies":[{"embeddable":true,"href":"https:\/\/bien-etreiris.ch\/de\/wp-json\/wp\/v2\/comments?post=37701"}],"version-history":[{"count":15,"href":"https:\/\/bien-etreiris.ch\/de\/wp-json\/wp\/v2\/pages\/37701\/revisions"}],"predecessor-version":[{"id":69907,"href":"https:\/\/bien-etreiris.ch\/de\/wp-json\/wp\/v2\/pages\/37701\/revisions\/69907"}],"up":[{"embeddable":true,"href":"https:\/\/bien-etreiris.ch\/de\/wp-json\/wp\/v2\/pages\/37429"}],"wp:featuredmedia":[{"embeddable":true,"href":"https:\/\/bien-etreiris.ch\/de\/wp-json\/wp\/v2\/media\/69904"}],"wp:attachment":[{"href":"https:\/\/bien-etreiris.ch\/de\/wp-json\/wp\/v2\/media?parent=37701"}],"curies":[{"name":"wp","href":"https:\/\/api.w.org\/{rel}","templated":true}]}}