{"id":37690,"date":"2021-01-02T12:23:43","date_gmt":"2021-01-02T12:23:43","guid":{"rendered":"https:\/\/bien-etreiris.ch\/?page_id=37690"},"modified":"2023-01-19T11:09:03","modified_gmt":"2023-01-19T09:09:03","slug":"zedernholz-atlas","status":"publish","type":"page","link":"https:\/\/bien-etreiris.ch\/de\/produktpraesentation\/aromatherapie\/aetherische-oele\/zedernholz-atlas\/","title":{"rendered":"ZEDERNHOLZ ATLAS"},"content":{"rendered":"\n<h2 class=\"wp-block-heading\">Zedernholz-atlas<\/h2>\n\n\n<p><a href=\"https:\/\/decoiris.ch\/wp-content\/uploads\/2021\/01\/Bois-de-c\u00e8dre-atlas-flacon.png\"><img loading=\"lazy\" decoding=\"async\" class=\"alignnone size-medium wp-image-37682\" src=\"https:\/\/decoiris.ch\/wp-content\/uploads\/2021\/01\/Bois-de-c\u00e8dre-atlas-flacon-300x300.png\" alt=\"\" width=\"300\" height=\"300\" srcset=\"https:\/\/bien-etreiris.ch\/wp-content\/uploads\/2021\/01\/Bois-de-c\u00e8dre-atlas-flacon-300x300.png 300w, https:\/\/bien-etreiris.ch\/wp-content\/uploads\/2021\/01\/Bois-de-c\u00e8dre-atlas-flacon-150x150.png 150w, https:\/\/bien-etreiris.ch\/wp-content\/uploads\/2021\/01\/Bois-de-c\u00e8dre-atlas-flacon.png 400w\" sizes=\"auto, (max-width: 300px) 100vw, 300px\" \/><\/a><\/p>\n<table>\n<tbody>\n<tr>\n<td style=\"width: 167.117px;\"><strong>Nom botanique :<\/strong><\/td>\n<td style=\"width: 393.283px;\">&nbsp;<\/td>\n<\/tr>\n<tr>\n<td style=\"width: 167.117px;\"><strong>Famille botanique :<\/strong><\/td>\n<td style=\"width: 393.283px;\">&nbsp;<\/td>\n<\/tr>\n<tr>\n<td style=\"width: 167.117px;\"><strong>M\u00e9thode d'extraction :<\/strong><\/td>\n<td style=\"width: 393.283px;\">&nbsp;<\/td>\n<\/tr>\n<tr>\n<td style=\"width: 167.117px;\"><strong>Partie de la plante utilis\u00e9e :<\/strong><\/td>\n<td style=\"width: 393.283px;\">&nbsp;<\/td>\n<\/tr>\n<tr>\n<td style=\"width: 167.117px;\"><strong>Quantit\u00e9 v\u00e9g\u00e9tale :<\/strong><\/td>\n<td style=\"width: 393.283px;\">&nbsp;<\/td>\n<\/tr>\n<tr>\n<td style=\"width: 167.117px;\"><strong>Origine g\u00e9ographique :<\/strong>&nbsp;<\/td>\n<td style=\"width: 393.283px;\">&nbsp;<\/td>\n<\/tr>\n<tr>\n<td style=\"width: 167.117px;\"><strong>Culture qualit\u00e9&nbsp;:<\/strong><\/td>\n<td style=\"width: 393.283px;\">&nbsp;<\/td>\n<\/tr>\n<tr>\n<td style=\"width: 167.117px;\"><strong>Effet parfum\u00e9 :<\/strong><\/td>\n<td style=\"width: 393.283px;\">&nbsp;<\/td>\n<\/tr>\n<tr>\n<td style=\"width: 167.117px;\"><strong>Note parfum\u00e9e :<\/strong><\/td>\n<td style=\"width: 393.283px;\">&nbsp;<\/td>\n<\/tr>\n<tr>\n<td style=\"width: 167.117px;\"><strong>Profil de parfum :<\/strong><\/td>\n<td style=\"width: 393.283px;\">&nbsp;<\/td>\n<\/tr>\n<tr>\n<td style=\"width: 167.117px;\"><strong>Th\u00e8me du parfum :<\/strong><\/td>\n<td style=\"width: 393.283px;\">&nbsp;<\/td>\n<\/tr>\n<tr>\n<td style=\"width: 167.117px;\"><strong>\u00c9nerg\u00e9tique :<\/strong><\/td>\n<td style=\"width: 393.283px;\">&nbsp;<\/td>\n<\/tr>\n<tr>\n<td style=\"width: 167.117px;\"><strong>Psycho-\u00e9motionnel :<\/strong>&nbsp;<\/td>\n<td style=\"width: 393.283px;\">&nbsp;<\/td>\n<\/tr>\n<tr>\n<td style=\"width: 167.117px;\"><strong>Description :<\/strong>\n<p>&nbsp;<\/p>\n<p>&nbsp;<\/p>\n<p>&nbsp;<\/p>\n<p>&nbsp;<\/p>\n<p>&nbsp;<\/p>\n<p>&nbsp;<\/p>\n<p>&nbsp;<\/p>\n<p>&nbsp;<\/p>\n<p>&nbsp;<\/p>\n<\/td>\n<td style=\"width: 393.283px;\" scope=\"row\">\n<ul>\n<li>&nbsp;<\/li>\n<li>&nbsp;<\/li>\n<\/ul>\n<\/td>\n<\/tr>\n<tr>\n<td style=\"width: 167.117px;\"><strong>Application :<\/strong><\/td>\n<td style=\"width: 393.283px;\">\n<ul>\n<li>&nbsp;<\/li>\n<li>&nbsp;<\/li>\n<\/ul>\n<\/td>\n<\/tr>\n<tr>\n<td style=\"width: 167.117px;\"><strong>Principes actifs :<\/strong>\n<p>&nbsp;<\/p>\n<p>&nbsp;<\/p>\n<p>&nbsp;<\/p>\n<p>&nbsp;<\/p>\n<p><strong>&nbsp;<\/strong><\/p>\n<p><strong>&nbsp;<\/strong><\/p>\n<\/td>\n<td style=\"width: 393.283px;\">\n<ul>\n<li>&nbsp;<\/li>\n<\/ul>\n<\/td>\n<\/tr>\n<tr>\n<td style=\"width: 167.117px;\">\n<h4><strong>Pr\u00e9cautions&nbsp;! :<\/strong><\/h4>\n<\/td>\n<td style=\"width: 393.283px;\">\n<ul>\n<li>&nbsp;<\/li>\n<\/ul>\n<\/td>\n<\/tr>\n<tr>\n<td style=\"width: 562.4px;\" colspan=\"2\"><span class=\"tlid-translation translation\" lang=\"fr\"><span class=\"\" title=\"\">Des sp\u00e9cialistes form\u00e9s se feront un plaisir de vous fournir de plus amples informations sur les applications m\u00e9dicales et cosm\u00e9tiques.<\/span><\/span><\/td>\n<\/tr>\n<tr>\n<td style=\"width: 167.117px;\"><strong>Disponible en quantit\u00e9 :<\/strong><\/td>\n<td style=\"width: 393.283px;\">&nbsp;5 ml<\/td>\n<\/tr>\n<tr>\n<td style=\"width: 167.117px;\"><strong>Prix :<\/strong><\/td>\n<td style=\"width: 393.283px;\"><strong>CHF <br><\/strong><\/td>\n<\/tr>\n<\/tbody>\n<\/table>","protected":false},"excerpt":{"rendered":"<p>Zedernholz-atlas Nom botanique : &nbsp; Famille botanique : &nbsp; M\u00e9thode d'extraction : &nbsp; Partie de la plante utilis\u00e9e : &nbsp; Quantit\u00e9 v\u00e9g\u00e9tale : &nbsp; Origine g\u00e9ographique :&nbsp; &nbsp; Culture qualit\u00e9&nbsp;: &nbsp; Effet parfum\u00e9 : &nbsp; Note parfum\u00e9e : &nbsp; Profil de parfum : &nbsp; Th\u00e8me du parfum : &nbsp; \u00c9nerg\u00e9tique : &nbsp; Psycho-\u00e9motionnel :&nbsp; &nbsp; Description : &nbsp; &nbsp; &nbsp;&nbsp;<a href=\"https:\/\/bien-etreiris.ch\/de\/produktpraesentation\/aromatherapie\/aetherische-oele\/zedernholz-atlas\/\" class=\"read-more\">Weiter lesen<\/a><\/p>\n","protected":false},"author":1,"featured_media":64569,"parent":37429,"menu_order":6422,"comment_status":"closed","ping_status":"closed","template":"page-with-child.php","meta":{"_acf_changed":false,"ngg_post_thumbnail":0,"footnotes":""},"class_list":["post-37690","page","type-page","status-publish","has-post-thumbnail","hentry"],"acf":[],"yoast_head":"<!-- This site is optimized with the Yoast SEO plugin v27.6 - https:\/\/yoast.com\/product\/yoast-seo-wordpress\/ -->\n<title>ZEDERNHOLZ ATLAS - WOHLBEFINDEN<\/title>\n<meta name=\"robots\" content=\"index, follow, max-snippet:-1, max-image-preview:large, max-video-preview:-1\" \/>\n<link rel=\"canonical\" href=\"https:\/\/bien-etreiris.ch\/de\/produktpraesentation\/aromatherapie\/aetherische-oele\/zedernholz-atlas\/\" \/>\n<meta property=\"og:locale\" content=\"de_DE\" \/>\n<meta property=\"og:type\" content=\"article\" \/>\n<meta property=\"og:title\" content=\"ZEDERNHOLZ ATLAS - WOHLBEFINDEN\" \/>\n<meta property=\"og:description\" content=\"Zedernholz-atlas Nom botanique : &nbsp; Famille botanique : &nbsp; M\u00e9thode d&#039;extraction : &nbsp; Partie de la plante utilis\u00e9e : &nbsp; Quantit\u00e9 v\u00e9g\u00e9tale : &nbsp; Origine g\u00e9ographique :&nbsp; &nbsp; Culture qualit\u00e9&nbsp;: &nbsp; Effet parfum\u00e9 : &nbsp; Note parfum\u00e9e : &nbsp; Profil de parfum : &nbsp; Th\u00e8me du parfum : &nbsp; \u00c9nerg\u00e9tique : &nbsp; Psycho-\u00e9motionnel :&nbsp; &nbsp; Description : &nbsp; &nbsp; &nbsp;&nbsp;Weiter lesen\" \/>\n<meta property=\"og:url\" content=\"https:\/\/bien-etreiris.ch\/de\/produktpraesentation\/aromatherapie\/aetherische-oele\/zedernholz-atlas\/\" \/>\n<meta property=\"og:site_name\" content=\"WOHLBEFINDEN\" \/>\n<meta property=\"article:publisher\" content=\"https:\/\/www.facebook.com\/bienetreiris\/\" \/>\n<meta property=\"article:modified_time\" content=\"2023-01-19T09:09:03+00:00\" \/>\n<meta property=\"og:image\" content=\"https:\/\/bien-etreiris.ch\/wp-content\/uploads\/2023\/01\/acceuil-bois-de-cedre-atlas-2.png\" \/>\n\t<meta property=\"og:image:width\" content=\"768\" \/>\n\t<meta property=\"og:image:height\" content=\"468\" \/>\n\t<meta property=\"og:image:type\" content=\"image\/png\" \/>\n<meta name=\"twitter:label1\" content=\"Gesch\u00e4tzte Lesezeit\" \/>\n\t<meta name=\"twitter:data1\" content=\"1\u00a0Minute\" \/>\n<script type=\"application\/ld+json\" class=\"yoast-schema-graph\">{\"@context\":\"https:\\\/\\\/schema.org\",\"@graph\":[{\"@type\":\"WebPage\",\"@id\":\"https:\\\/\\\/bien-etreiris.ch\\\/de\\\/produktpraesentation\\\/aromatherapie\\\/aetherische-oele\\\/zedernholz-atlas\\\/\",\"url\":\"https:\\\/\\\/bien-etreiris.ch\\\/de\\\/produktpraesentation\\\/aromatherapie\\\/aetherische-oele\\\/zedernholz-atlas\\\/\",\"name\":\"ZEDERNHOLZ ATLAS - WOHLBEFINDEN\",\"isPartOf\":{\"@id\":\"https:\\\/\\\/bien-etreiris.ch\\\/de\\\/#website\"},\"primaryImageOfPage\":{\"@id\":\"https:\\\/\\\/bien-etreiris.ch\\\/de\\\/produktpraesentation\\\/aromatherapie\\\/aetherische-oele\\\/zedernholz-atlas\\\/#primaryimage\"},\"image\":{\"@id\":\"https:\\\/\\\/bien-etreiris.ch\\\/de\\\/produktpraesentation\\\/aromatherapie\\\/aetherische-oele\\\/zedernholz-atlas\\\/#primaryimage\"},\"thumbnailUrl\":\"https:\\\/\\\/bien-etreiris.ch\\\/wp-content\\\/uploads\\\/2023\\\/01\\\/acceuil-bois-de-cedre-atlas-2.png\",\"datePublished\":\"2021-01-02T12:23:43+00:00\",\"dateModified\":\"2023-01-19T09:09:03+00:00\",\"breadcrumb\":{\"@id\":\"https:\\\/\\\/bien-etreiris.ch\\\/de\\\/produktpraesentation\\\/aromatherapie\\\/aetherische-oele\\\/zedernholz-atlas\\\/#breadcrumb\"},\"inLanguage\":\"de\",\"potentialAction\":[{\"@type\":\"ReadAction\",\"target\":[\"https:\\\/\\\/bien-etreiris.ch\\\/de\\\/produktpraesentation\\\/aromatherapie\\\/aetherische-oele\\\/zedernholz-atlas\\\/\"]}]},{\"@type\":\"ImageObject\",\"inLanguage\":\"de\",\"@id\":\"https:\\\/\\\/bien-etreiris.ch\\\/de\\\/produktpraesentation\\\/aromatherapie\\\/aetherische-oele\\\/zedernholz-atlas\\\/#primaryimage\",\"url\":\"https:\\\/\\\/bien-etreiris.ch\\\/wp-content\\\/uploads\\\/2023\\\/01\\\/acceuil-bois-de-cedre-atlas-2.png\",\"contentUrl\":\"https:\\\/\\\/bien-etreiris.ch\\\/wp-content\\\/uploads\\\/2023\\\/01\\\/acceuil-bois-de-cedre-atlas-2.png\",\"width\":768,\"height\":468},{\"@type\":\"BreadcrumbList\",\"@id\":\"https:\\\/\\\/bien-etreiris.ch\\\/de\\\/produktpraesentation\\\/aromatherapie\\\/aetherische-oele\\\/zedernholz-atlas\\\/#breadcrumb\",\"itemListElement\":[{\"@type\":\"ListItem\",\"position\":1,\"name\":\"Home\",\"item\":\"https:\\\/\\\/bien-etreiris.ch\\\/de\\\/\"},{\"@type\":\"ListItem\",\"position\":2,\"name\":\"PRODUKTPR\u00c4SENTATION\",\"item\":\"https:\\\/\\\/bien-etreiris.ch\\\/de\\\/produktpraesentation\\\/\"},{\"@type\":\"ListItem\",\"position\":3,\"name\":\"AROMATHERAPIE\",\"item\":\"https:\\\/\\\/bien-etreiris.ch\\\/de\\\/produktpraesentation\\\/aromatherapie\\\/\"},{\"@type\":\"ListItem\",\"position\":4,\"name\":\"\u00c4THERISCHE \u00d6LE\",\"item\":\"https:\\\/\\\/bien-etreiris.ch\\\/de\\\/produktpraesentation\\\/aromatherapie\\\/aetherische-oele\\\/\"},{\"@type\":\"ListItem\",\"position\":5,\"name\":\"ZEDERNHOLZ ATLAS\"}]},{\"@type\":\"WebSite\",\"@id\":\"https:\\\/\\\/bien-etreiris.ch\\\/de\\\/#website\",\"url\":\"https:\\\/\\\/bien-etreiris.ch\\\/de\\\/\",\"name\":\"Bien-\u00eatre Iris\",\"description\":\"IHRE Gesundheit ist uns wichtig\",\"potentialAction\":[{\"@type\":\"SearchAction\",\"target\":{\"@type\":\"EntryPoint\",\"urlTemplate\":\"https:\\\/\\\/bien-etreiris.ch\\\/de\\\/?s={search_term_string}\"},\"query-input\":{\"@type\":\"PropertyValueSpecification\",\"valueRequired\":true,\"valueName\":\"search_term_string\"}}],\"inLanguage\":\"de\"}]}<\/script>\n<!-- \/ Yoast SEO plugin. -->","yoast_head_json":{"title":"ZEDERNHOLZ ATLAS - WOHLBEFINDEN","robots":{"index":"index","follow":"follow","max-snippet":"max-snippet:-1","max-image-preview":"max-image-preview:large","max-video-preview":"max-video-preview:-1"},"canonical":"https:\/\/bien-etreiris.ch\/de\/produktpraesentation\/aromatherapie\/aetherische-oele\/zedernholz-atlas\/","og_locale":"de_DE","og_type":"article","og_title":"ZEDERNHOLZ ATLAS - WOHLBEFINDEN","og_description":"Zedernholz-atlas Nom botanique : &nbsp; Famille botanique : &nbsp; M\u00e9thode d'extraction : &nbsp; Partie de la plante utilis\u00e9e : &nbsp; Quantit\u00e9 v\u00e9g\u00e9tale : &nbsp; Origine g\u00e9ographique :&nbsp; &nbsp; Culture qualit\u00e9&nbsp;: &nbsp; Effet parfum\u00e9 : &nbsp; Note parfum\u00e9e : &nbsp; Profil de parfum : &nbsp; Th\u00e8me du parfum : &nbsp; \u00c9nerg\u00e9tique : &nbsp; Psycho-\u00e9motionnel :&nbsp; &nbsp; Description : &nbsp; &nbsp; &nbsp;&nbsp;Weiter lesen","og_url":"https:\/\/bien-etreiris.ch\/de\/produktpraesentation\/aromatherapie\/aetherische-oele\/zedernholz-atlas\/","og_site_name":"WOHLBEFINDEN","article_publisher":"https:\/\/www.facebook.com\/bienetreiris\/","article_modified_time":"2023-01-19T09:09:03+00:00","og_image":[{"width":768,"height":468,"url":"https:\/\/bien-etreiris.ch\/wp-content\/uploads\/2023\/01\/acceuil-bois-de-cedre-atlas-2.png","type":"image\/png"}],"twitter_misc":{"Gesch\u00e4tzte Lesezeit":"1\u00a0Minute"},"schema":{"@context":"https:\/\/schema.org","@graph":[{"@type":"WebPage","@id":"https:\/\/bien-etreiris.ch\/de\/produktpraesentation\/aromatherapie\/aetherische-oele\/zedernholz-atlas\/","url":"https:\/\/bien-etreiris.ch\/de\/produktpraesentation\/aromatherapie\/aetherische-oele\/zedernholz-atlas\/","name":"ZEDERNHOLZ ATLAS - WOHLBEFINDEN","isPartOf":{"@id":"https:\/\/bien-etreiris.ch\/de\/#website"},"primaryImageOfPage":{"@id":"https:\/\/bien-etreiris.ch\/de\/produktpraesentation\/aromatherapie\/aetherische-oele\/zedernholz-atlas\/#primaryimage"},"image":{"@id":"https:\/\/bien-etreiris.ch\/de\/produktpraesentation\/aromatherapie\/aetherische-oele\/zedernholz-atlas\/#primaryimage"},"thumbnailUrl":"https:\/\/bien-etreiris.ch\/wp-content\/uploads\/2023\/01\/acceuil-bois-de-cedre-atlas-2.png","datePublished":"2021-01-02T12:23:43+00:00","dateModified":"2023-01-19T09:09:03+00:00","breadcrumb":{"@id":"https:\/\/bien-etreiris.ch\/de\/produktpraesentation\/aromatherapie\/aetherische-oele\/zedernholz-atlas\/#breadcrumb"},"inLanguage":"de","potentialAction":[{"@type":"ReadAction","target":["https:\/\/bien-etreiris.ch\/de\/produktpraesentation\/aromatherapie\/aetherische-oele\/zedernholz-atlas\/"]}]},{"@type":"ImageObject","inLanguage":"de","@id":"https:\/\/bien-etreiris.ch\/de\/produktpraesentation\/aromatherapie\/aetherische-oele\/zedernholz-atlas\/#primaryimage","url":"https:\/\/bien-etreiris.ch\/wp-content\/uploads\/2023\/01\/acceuil-bois-de-cedre-atlas-2.png","contentUrl":"https:\/\/bien-etreiris.ch\/wp-content\/uploads\/2023\/01\/acceuil-bois-de-cedre-atlas-2.png","width":768,"height":468},{"@type":"BreadcrumbList","@id":"https:\/\/bien-etreiris.ch\/de\/produktpraesentation\/aromatherapie\/aetherische-oele\/zedernholz-atlas\/#breadcrumb","itemListElement":[{"@type":"ListItem","position":1,"name":"Home","item":"https:\/\/bien-etreiris.ch\/de\/"},{"@type":"ListItem","position":2,"name":"PRODUKTPR\u00c4SENTATION","item":"https:\/\/bien-etreiris.ch\/de\/produktpraesentation\/"},{"@type":"ListItem","position":3,"name":"AROMATHERAPIE","item":"https:\/\/bien-etreiris.ch\/de\/produktpraesentation\/aromatherapie\/"},{"@type":"ListItem","position":4,"name":"\u00c4THERISCHE \u00d6LE","item":"https:\/\/bien-etreiris.ch\/de\/produktpraesentation\/aromatherapie\/aetherische-oele\/"},{"@type":"ListItem","position":5,"name":"ZEDERNHOLZ ATLAS"}]},{"@type":"WebSite","@id":"https:\/\/bien-etreiris.ch\/de\/#website","url":"https:\/\/bien-etreiris.ch\/de\/","name":"Bien-\u00eatre Iris","description":"IHRE Gesundheit ist uns wichtig","potentialAction":[{"@type":"SearchAction","target":{"@type":"EntryPoint","urlTemplate":"https:\/\/bien-etreiris.ch\/de\/?s={search_term_string}"},"query-input":{"@type":"PropertyValueSpecification","valueRequired":true,"valueName":"search_term_string"}}],"inLanguage":"de"}]}},"_links":{"self":[{"href":"https:\/\/bien-etreiris.ch\/de\/wp-json\/wp\/v2\/pages\/37690","targetHints":{"allow":["GET"]}}],"collection":[{"href":"https:\/\/bien-etreiris.ch\/de\/wp-json\/wp\/v2\/pages"}],"about":[{"href":"https:\/\/bien-etreiris.ch\/de\/wp-json\/wp\/v2\/types\/page"}],"author":[{"embeddable":true,"href":"https:\/\/bien-etreiris.ch\/de\/wp-json\/wp\/v2\/users\/1"}],"replies":[{"embeddable":true,"href":"https:\/\/bien-etreiris.ch\/de\/wp-json\/wp\/v2\/comments?post=37690"}],"version-history":[{"count":5,"href":"https:\/\/bien-etreiris.ch\/de\/wp-json\/wp\/v2\/pages\/37690\/revisions"}],"predecessor-version":[{"id":64572,"href":"https:\/\/bien-etreiris.ch\/de\/wp-json\/wp\/v2\/pages\/37690\/revisions\/64572"}],"up":[{"embeddable":true,"href":"https:\/\/bien-etreiris.ch\/de\/wp-json\/wp\/v2\/pages\/37429"}],"wp:featuredmedia":[{"embeddable":true,"href":"https:\/\/bien-etreiris.ch\/de\/wp-json\/wp\/v2\/media\/64569"}],"wp:attachment":[{"href":"https:\/\/bien-etreiris.ch\/de\/wp-json\/wp\/v2\/media?parent=37690"}],"curies":[{"name":"wp","href":"https:\/\/api.w.org\/{rel}","templated":true}]}}