{"id":37575,"date":"2021-01-02T04:24:54","date_gmt":"2021-01-02T04:24:54","guid":{"rendered":"https:\/\/bien-etreiris.ch\/wohlbefinden\/aromatherapie\/huiles-essentielles\/benjoin-du-siam\/"},"modified":"2023-05-10T07:57:59","modified_gmt":"2023-05-10T05:57:59","slug":"benzoe-siam-aeterisches-oel","status":"publish","type":"page","link":"https:\/\/bien-etreiris.ch\/de\/produktpraesentation\/aromatherapie\/aetherische-oele\/benzoe-siam-aeterisches-oel\/","title":{"rendered":"BENZOE-SIAM"},"content":{"rendered":"<p><a href=\"https:\/\/decoiris.ch\/wp-content\/uploads\/2021\/01\/Benjoin-du-siam-flacon.png\"><img loading=\"lazy\" decoding=\"async\" class=\"size-medium wp-image-37569 alignleft\" src=\"https:\/\/decoiris.ch\/wp-content\/uploads\/2021\/01\/Benjoin-du-siam-flacon-300x300.png\" alt=\"\" width=\"300\" height=\"300\" srcset=\"https:\/\/bien-etreiris.ch\/wp-content\/uploads\/2021\/01\/Benjoin-du-siam-flacon-300x300.png 300w, https:\/\/bien-etreiris.ch\/wp-content\/uploads\/2021\/01\/Benjoin-du-siam-flacon-150x150.png 150w, https:\/\/bien-etreiris.ch\/wp-content\/uploads\/2021\/01\/Benjoin-du-siam-flacon.png 400w\" sizes=\"auto, (max-width: 300px) 100vw, 300px\" \/><\/a><\/p>\n<p>&nbsp;<\/p>\n<p><strong>5 ml CHF 8.00<\/strong><\/p>\n<p><span class=\"tlid-translation translation\"><span class=\"\" title=\"\">Lat<\/span><span title=\"\">.<\/span> <span class=\"\" title=\"\">nom<\/span><span class=\"\" title=\"\">:<\/span><\/span> Styrax tonkinensis<\/p>\n<p><strong>100 % naturell<\/strong><\/p>\n<p>&nbsp;<\/p>\n<p>&nbsp;<\/p>\n<p>&nbsp;<\/p>\n<p>&nbsp;<\/p>\n<p>&nbsp;<\/p>\n<p>&nbsp;<\/p>\n<p>&nbsp;<\/p>\n<table style=\"height: 1738px;\">\n<tbody>\n<tr style=\"height: 32px;\">\n<td style=\"width: 184.133px; height: 32px;\"><strong>Nom botanique :<\/strong><\/td>\n<td style=\"width: 376.267px; height: 32px;\"><span class=\"tlid-translation translation\"><span class=\"\" title=\"\">Styrax tonkinensis<\/span><\/span><\/td>\n<\/tr>\n<tr style=\"height: 32px;\">\n<td style=\"width: 184.133px; height: 32px;\"><strong>Famille botanique :<\/strong><\/td>\n<td style=\"width: 376.267px; height: 32px;\">styracac\u00e9es<\/td>\n<\/tr>\n<tr style=\"height: 61px;\">\n<td style=\"width: 184.133px; height: 61px;\"><strong>M\u00e9thode d'extraction :<\/strong><\/td>\n<td style=\"width: 376.267px; height: 61px;\">extraction \u00e0 l'\u00e9thanol (r\u00e9tino\u00efde)<\/td>\n<\/tr>\n<tr style=\"height: 61px;\">\n<td style=\"width: 184.133px; height: 61px;\"><strong>Partie de la plante utilis\u00e9e :<\/strong><\/td>\n<td style=\"width: 376.267px; height: 61px;\">gomme<\/td>\n<\/tr>\n<tr style=\"height: 61px;\">\n<td style=\"width: 184.133px; height: 61px;\"><strong>Quantit\u00e9 v\u00e9g\u00e9tale :<\/strong><\/td>\n<td style=\"width: 376.267px; height: 61px;\"><span class=\"VIiyi\" lang=\"fr\"><span class=\"JLqJ4b ChMk0b\" data-language-for-alternatives=\"fr\" data-language-to-translate-into=\"de\" data-phrase-index=\"0\">1,5 kg de r\u00e9sine sont n\u00e9cessaires pour 1 kg d'huile<\/span><\/span><\/td>\n<\/tr>\n<tr style=\"height: 61px;\">\n<td style=\"width: 184.133px; height: 61px;\"><strong>Origine g\u00e9ographique :<\/strong>&nbsp;<\/td>\n<td style=\"width: 376.267px; height: 61px;\"><span class=\"VIiyi\" lang=\"fr\"><span class=\"JLqJ4b ChMk0b\" data-language-for-alternatives=\"fr\" data-language-to-translate-into=\"de\" data-phrase-index=\"0\">Asie du Sud-Est (peut varier selon la saison et la r\u00e9colte)<\/span><\/span><\/td>\n<\/tr>\n<tr style=\"height: 32px;\">\n<td style=\"width: 184.133px; height: 32px;\"><strong>Culture qualit\u00e9&nbsp;:<\/strong><\/td>\n<td style=\"width: 376.267px; height: 32px;\">Biologique<\/td>\n<\/tr>\n<tr style=\"height: 32px;\">\n<td style=\"width: 184.133px; height: 32px;\"><strong>Effet parfum\u00e9 :<\/strong><\/td>\n<td style=\"width: 376.267px; height: 32px;\"><span class=\"VIiyi\" lang=\"fr\"><span class=\"JLqJ4b ChMk0b\" data-language-for-alternatives=\"fr\" data-language-to-translate-into=\"de\" data-phrase-index=\"0\">mise \u00e0 la terre<\/span><\/span><\/td>\n<\/tr>\n<tr style=\"height: 32px;\">\n<td style=\"width: 184.133px; height: 32px;\"><strong>Note parfum\u00e9e :<\/strong><\/td>\n<td style=\"width: 376.267px; height: 32px;\"><span class=\"VIiyi\" lang=\"fr\"><span class=\"JLqJ4b ChMk0b\" data-language-for-alternatives=\"fr\" data-language-to-translate-into=\"de\" data-phrase-index=\"0\">Note de fond<\/span><\/span><\/td>\n<\/tr>\n<tr style=\"height: 61px;\">\n<td style=\"width: 184.133px; height: 61px;\"><strong>Profil de parfum :<\/strong><\/td>\n<td style=\"width: 376.267px; height: 61px;\"><span class=\"VIiyi\" lang=\"fr\"><span class=\"JLqJ4b ChMk0b C1N51c\" data-language-for-alternatives=\"fr\" data-language-to-translate-into=\"de\" data-phrase-index=\"0\">chaud et balsamique, rappelant le cacao et la vanille<\/span><\/span><\/td>\n<\/tr>\n<tr style=\"height: 32px;\">\n<td style=\"width: 184.133px; height: 32px;\"><strong>Th\u00e8me du parfum :<\/strong><\/td>\n<td style=\"width: 376.267px; height: 32px;\"><span class=\"VIiyi\" lang=\"fr\"><span class=\"JLqJ4b ChMk0b\" data-language-for-alternatives=\"fr\" data-language-to-translate-into=\"de\" data-phrase-index=\"0\">r\u00e9confortant, protecteur, r\u00e9chauffant<\/span><\/span><\/td>\n<\/tr>\n<tr style=\"height: 32px;\">\n<td style=\"width: 184.133px; height: 32px;\"><strong>\u00c9nerg\u00e9tique :<\/strong><\/td>\n<td style=\"width: 376.267px; height: 32px;\">orange \/ 2e&nbsp;chakra<\/td>\n<\/tr>\n<tr style=\"height: 32px;\">\n<td style=\"width: 184.133px; height: 32px;\"><strong>Psycho-\u00e9motionnel :<\/strong>&nbsp;<\/td>\n<td style=\"width: 376.267px; height: 32px;\">baume du c\u0153ur. Pour les gens seuls et tristes.<\/td>\n<\/tr>\n<tr style=\"height: 447px;\">\n<td style=\"width: 184.133px; height: 447px;\"><strong>Description :<\/strong>&nbsp;&nbsp;&nbsp;&nbsp;&nbsp;&nbsp;&nbsp;<\/p>\n<p>&nbsp;<\/p>\n<p>&nbsp;<\/p>\n<p>&nbsp;<\/p>\n<p>&nbsp;<\/p>\n<p>&nbsp;<\/td>\n<td style=\"width: 376.267px; height: 447px;\" scope=\"row\">\n<ul style=\"list-style-type: disc;\">\n<li><span class=\"VIiyi\" lang=\"fr\"><span class=\"JLqJ4b ChMk0b\" data-language-for-alternatives=\"fr\" data-language-to-translate-into=\"de\" data-phrase-index=\"0\">La r\u00e9sine de l'arbre Styax (benjoin) est l'une des plantes d'encens les plus importantes d'Asie.<\/span> <span class=\"JLqJ4b ChMk0b\" data-language-for-alternatives=\"fr\" data-language-to-translate-into=\"de\" data-phrase-index=\"1\">Le parfum doux et chaud du benjoin transmet un sentiment de s\u00e9curit\u00e9 et de s\u00e9curit\u00e9.<\/span> <span class=\"JLqJ4b ChMk0b\" data-language-for-alternatives=\"fr\" data-language-to-translate-into=\"de\" data-phrase-index=\"2\">Il a un effet relaxant et calmant \u00e0 tous les niveaux.<\/span> <span class=\"JLqJ4b ChMk0b\" data-language-for-alternatives=\"fr\" data-language-to-translate-into=\"de\" data-phrase-index=\"3\">Le parfum vous accompagne dans un sommeil profond et r\u00e9parateur et chasse les r\u00eaves sombres et lourds.<\/span><\/span><\/li>\n<li><span class=\"VIiyi\" lang=\"fr\"> <span class=\"JLqJ4b ChMk0b\" data-language-for-alternatives=\"fr\" data-language-to-translate-into=\"de\" data-phrase-index=\"5\">Le benjoin peut stimuler la production de s\u00e9rotonine (neurotransmetteurs).<\/span> <span class=\"JLqJ4b ChMk0b\" data-language-for-alternatives=\"fr\" data-language-to-translate-into=\"de\" data-phrase-index=\"6\">Il a un effet calmant et harmonisant.<\/span> <span class=\"JLqJ4b ChMk0b\" data-language-for-alternatives=\"fr\" data-language-to-translate-into=\"de\" data-phrase-index=\"7\">Son parfum chaleureux r\u00e9conforte et transmet un sentiment de protection, de s\u00e9curit\u00e9 et de confiance.<\/span><\/span><\/li>\n<\/ul>\n<\/td>\n<\/tr>\n<tr style=\"height: 246px;\">\n<td style=\"width: 184.133px; height: 246px;\"><strong>Application :<\/strong><\/td>\n<td style=\"width: 376.267px; height: 246px;\">\n<ul style=\"list-style-type: disc;\">\n<li><span class=\"VIiyi\" lang=\"fr\"><span class=\"JLqJ4b ChMk0b\" data-language-for-alternatives=\"fr\" data-language-to-translate-into=\"de\" data-phrase-index=\"0\">Le benjoin m\u00e9lang\u00e9 avec du g\u00e9ranium rose et de l'orange dans la lampe de parfum entra\u00eene un r\u00e9chauffement et une sensation de s\u00e9curit\u00e9.<\/span> <\/span><\/li>\n<li><span class=\"VIiyi\" lang=\"fr\"><span class=\"JLqJ4b ChMk0b\" data-language-for-alternatives=\"fr\" data-language-to-translate-into=\"de\" data-phrase-index=\"2\">Avec du bois de santal et de l'ylang-ylang dans de l'huile de noyau d'abricot, vous obtenez une huile de massage sensuelle et relaxante.<\/span><\/span><\/li>\n<\/ul>\n<\/td>\n<\/tr>\n<tr style=\"height: 182px;\">\n<td style=\"width: 184.133px; height: 182px;\"><strong>Principes actifs :<\/strong>&nbsp;&nbsp;&nbsp;&nbsp;&nbsp;&nbsp;&nbsp;<\/p>\n<p><strong>&nbsp;<\/strong><\/p>\n<p><strong>&nbsp;<\/strong><\/td>\n<td style=\"width: 376.267px; height: 182px;\">\n<ul style=\"list-style-type: disc;\">\n<li>Acide : acide benzo\u00efque (de 55 \u00e0 85 %)<\/li>\n<li>Esters : benzoate de benzyle (\u2264 10 %)<\/li>\n<li>Ald\u00e9hyde aromatique : vanilline (\u2264 6 %)<\/li>\n<li>Alpha hydroxyac\u00e9toph\u00e9none (\u2264 3 %)<\/li>\n<\/ul>\n<\/td>\n<\/tr>\n<tr style=\"height: 89px;\">\n<td style=\"width: 184.133px; height: 89px;\">\n<h4><strong>Pr\u00e9cautions&nbsp;! :<\/strong><\/h4>\n<\/td>\n<td style=\"width: 376.267px; height: 89px;\">\n<ul>\n<li>&nbsp;<\/li>\n<\/ul>\n<\/td>\n<\/tr>\n<tr style=\"height: 61px;\">\n<td style=\"width: 562.4px; height: 61px;\" colspan=\"2\"><span class=\"tlid-translation translation\" lang=\"fr\"><span class=\"\" title=\"\">Des sp\u00e9cialistes form\u00e9s se feront un plaisir de vous fournir de plus amples informations sur les applications m\u00e9dicales et cosm\u00e9tiques.<\/span><\/span><\/td>\n<\/tr>\n<tr style=\"height: 59px;\">\n<td style=\"width: 184.133px; height: 59px;\"><strong>&nbsp;<\/strong><\/td>\n<td style=\"width: 376.267px; height: 59px;\">&nbsp;<\/td>\n<\/tr>\n<tr style=\"height: 61px;\">\n<td style=\"width: 184.133px; height: 61px;\"><strong>Disponible en quantit\u00e9 :<\/strong><\/td>\n<td style=\"width: 376.267px; height: 61px;\">&nbsp;5 ml<\/td>\n<\/tr>\n<tr style=\"height: 32px;\">\n<td style=\"width: 184.133px; height: 32px;\"><strong>Prix :<\/strong><\/td>\n<td style=\"width: 376.267px; height: 32px;\"><strong>CHF 8.00<br \/>\n<\/strong><\/td>\n<\/tr>\n<\/tbody>\n<\/table>\n","protected":false},"excerpt":{"rendered":"<p>&nbsp; 5 ml CHF 8.00 Lat. nom: Styrax tonkinensis 100 % naturell &nbsp; &nbsp; &nbsp; &nbsp; &nbsp; &nbsp; &nbsp; Nom botanique : Styrax tonkinensis Famille botanique : styracac\u00e9es M\u00e9thode d'extraction : extraction \u00e0 l'\u00e9thanol (r\u00e9tino\u00efde) Partie de la plante utilis\u00e9e : gomme Quantit\u00e9 v\u00e9g\u00e9tale : 1,5 kg de r\u00e9sine sont n\u00e9cessaires pour 1 kg d'huile Origine g\u00e9ographique :&nbsp; Asie du&nbsp;<a href=\"https:\/\/bien-etreiris.ch\/de\/produktpraesentation\/aromatherapie\/aetherische-oele\/benzoe-siam-aeterisches-oel\/\" class=\"read-more\">Weiter lesen<\/a><\/p>\n","protected":false},"author":1,"featured_media":69658,"parent":37429,"menu_order":6425,"comment_status":"closed","ping_status":"closed","template":"page-with-child.php","meta":{"_acf_changed":false,"ngg_post_thumbnail":0,"footnotes":""},"class_list":["post-37575","page","type-page","status-publish","has-post-thumbnail","hentry"],"acf":[],"yoast_head":"<!-- This site is optimized with the Yoast SEO plugin v27.5 - https:\/\/yoast.com\/product\/yoast-seo-wordpress\/ -->\n<title>BENZOE-SIAM - WOHLBEFINDEN<\/title>\n<meta name=\"robots\" content=\"index, follow, max-snippet:-1, max-image-preview:large, max-video-preview:-1\" \/>\n<link rel=\"canonical\" href=\"https:\/\/bien-etreiris.ch\/de\/produktpraesentation\/aromatherapie\/aetherische-oele\/benzoe-siam-aeterisches-oel\/\" \/>\n<meta property=\"og:locale\" content=\"de_DE\" \/>\n<meta property=\"og:type\" content=\"article\" \/>\n<meta property=\"og:title\" content=\"BENZOE-SIAM - WOHLBEFINDEN\" \/>\n<meta property=\"og:description\" content=\"&nbsp; 5 ml CHF 8.00 Lat. nom: Styrax tonkinensis 100 % naturell &nbsp; &nbsp; &nbsp; &nbsp; &nbsp; &nbsp; &nbsp; Nom botanique : Styrax tonkinensis Famille botanique : styracac\u00e9es M\u00e9thode d&#039;extraction : extraction \u00e0 l&#039;\u00e9thanol (r\u00e9tino\u00efde) Partie de la plante utilis\u00e9e : gomme Quantit\u00e9 v\u00e9g\u00e9tale : 1,5 kg de r\u00e9sine sont n\u00e9cessaires pour 1 kg d&#039;huile Origine g\u00e9ographique :&nbsp; Asie du&nbsp;Weiter lesen\" \/>\n<meta property=\"og:url\" content=\"https:\/\/bien-etreiris.ch\/de\/produktpraesentation\/aromatherapie\/aetherische-oele\/benzoe-siam-aeterisches-oel\/\" \/>\n<meta property=\"og:site_name\" content=\"WOHLBEFINDEN\" \/>\n<meta property=\"article:publisher\" content=\"https:\/\/www.facebook.com\/bienetreiris\/\" \/>\n<meta property=\"article:modified_time\" content=\"2023-05-10T05:57:59+00:00\" \/>\n<meta property=\"og:image\" content=\"https:\/\/bien-etreiris.ch\/wp-content\/uploads\/2023\/05\/Acceuil-Benjoin-du-siam-1.png\" \/>\n\t<meta property=\"og:image:width\" content=\"500\" \/>\n\t<meta property=\"og:image:height\" content=\"303\" \/>\n\t<meta property=\"og:image:type\" content=\"image\/png\" \/>\n<meta name=\"twitter:label1\" content=\"Gesch\u00e4tzte Lesezeit\" \/>\n\t<meta name=\"twitter:data1\" content=\"2\u00a0Minuten\" \/>\n<script type=\"application\/ld+json\" class=\"yoast-schema-graph\">{\"@context\":\"https:\\\/\\\/schema.org\",\"@graph\":[{\"@type\":\"WebPage\",\"@id\":\"https:\\\/\\\/bien-etreiris.ch\\\/de\\\/produktpraesentation\\\/aromatherapie\\\/aetherische-oele\\\/benzoe-siam-aeterisches-oel\\\/\",\"url\":\"https:\\\/\\\/bien-etreiris.ch\\\/de\\\/produktpraesentation\\\/aromatherapie\\\/aetherische-oele\\\/benzoe-siam-aeterisches-oel\\\/\",\"name\":\"BENZOE-SIAM - WOHLBEFINDEN\",\"isPartOf\":{\"@id\":\"https:\\\/\\\/bien-etreiris.ch\\\/de\\\/#website\"},\"primaryImageOfPage\":{\"@id\":\"https:\\\/\\\/bien-etreiris.ch\\\/de\\\/produktpraesentation\\\/aromatherapie\\\/aetherische-oele\\\/benzoe-siam-aeterisches-oel\\\/#primaryimage\"},\"image\":{\"@id\":\"https:\\\/\\\/bien-etreiris.ch\\\/de\\\/produktpraesentation\\\/aromatherapie\\\/aetherische-oele\\\/benzoe-siam-aeterisches-oel\\\/#primaryimage\"},\"thumbnailUrl\":\"https:\\\/\\\/bien-etreiris.ch\\\/wp-content\\\/uploads\\\/2023\\\/05\\\/Acceuil-Benjoin-du-siam-1.png\",\"datePublished\":\"2021-01-02T04:24:54+00:00\",\"dateModified\":\"2023-05-10T05:57:59+00:00\",\"breadcrumb\":{\"@id\":\"https:\\\/\\\/bien-etreiris.ch\\\/de\\\/produktpraesentation\\\/aromatherapie\\\/aetherische-oele\\\/benzoe-siam-aeterisches-oel\\\/#breadcrumb\"},\"inLanguage\":\"de\",\"potentialAction\":[{\"@type\":\"ReadAction\",\"target\":[\"https:\\\/\\\/bien-etreiris.ch\\\/de\\\/produktpraesentation\\\/aromatherapie\\\/aetherische-oele\\\/benzoe-siam-aeterisches-oel\\\/\"]}]},{\"@type\":\"ImageObject\",\"inLanguage\":\"de\",\"@id\":\"https:\\\/\\\/bien-etreiris.ch\\\/de\\\/produktpraesentation\\\/aromatherapie\\\/aetherische-oele\\\/benzoe-siam-aeterisches-oel\\\/#primaryimage\",\"url\":\"https:\\\/\\\/bien-etreiris.ch\\\/wp-content\\\/uploads\\\/2023\\\/05\\\/Acceuil-Benjoin-du-siam-1.png\",\"contentUrl\":\"https:\\\/\\\/bien-etreiris.ch\\\/wp-content\\\/uploads\\\/2023\\\/05\\\/Acceuil-Benjoin-du-siam-1.png\",\"width\":500,\"height\":303},{\"@type\":\"BreadcrumbList\",\"@id\":\"https:\\\/\\\/bien-etreiris.ch\\\/de\\\/produktpraesentation\\\/aromatherapie\\\/aetherische-oele\\\/benzoe-siam-aeterisches-oel\\\/#breadcrumb\",\"itemListElement\":[{\"@type\":\"ListItem\",\"position\":1,\"name\":\"Home\",\"item\":\"https:\\\/\\\/bien-etreiris.ch\\\/de\\\/\"},{\"@type\":\"ListItem\",\"position\":2,\"name\":\"PRODUKTPR\u00c4SENTATION\",\"item\":\"https:\\\/\\\/bien-etreiris.ch\\\/de\\\/produktpraesentation\\\/\"},{\"@type\":\"ListItem\",\"position\":3,\"name\":\"AROMATHERAPIE\",\"item\":\"https:\\\/\\\/bien-etreiris.ch\\\/de\\\/produktpraesentation\\\/aromatherapie\\\/\"},{\"@type\":\"ListItem\",\"position\":4,\"name\":\"\u00c4THERISCHE \u00d6LE\",\"item\":\"https:\\\/\\\/bien-etreiris.ch\\\/de\\\/produktpraesentation\\\/aromatherapie\\\/aetherische-oele\\\/\"},{\"@type\":\"ListItem\",\"position\":5,\"name\":\"BENZOE-SIAM\"}]},{\"@type\":\"WebSite\",\"@id\":\"https:\\\/\\\/bien-etreiris.ch\\\/de\\\/#website\",\"url\":\"https:\\\/\\\/bien-etreiris.ch\\\/de\\\/\",\"name\":\"Bien-\u00eatre Iris\",\"description\":\"IHRE Gesundheit ist uns wichtig\",\"potentialAction\":[{\"@type\":\"SearchAction\",\"target\":{\"@type\":\"EntryPoint\",\"urlTemplate\":\"https:\\\/\\\/bien-etreiris.ch\\\/de\\\/?s={search_term_string}\"},\"query-input\":{\"@type\":\"PropertyValueSpecification\",\"valueRequired\":true,\"valueName\":\"search_term_string\"}}],\"inLanguage\":\"de\"}]}<\/script>\n<!-- \/ Yoast SEO plugin. -->","yoast_head_json":{"title":"BENZOE-SIAM - WOHLBEFINDEN","robots":{"index":"index","follow":"follow","max-snippet":"max-snippet:-1","max-image-preview":"max-image-preview:large","max-video-preview":"max-video-preview:-1"},"canonical":"https:\/\/bien-etreiris.ch\/de\/produktpraesentation\/aromatherapie\/aetherische-oele\/benzoe-siam-aeterisches-oel\/","og_locale":"de_DE","og_type":"article","og_title":"BENZOE-SIAM - WOHLBEFINDEN","og_description":"&nbsp; 5 ml CHF 8.00 Lat. nom: Styrax tonkinensis 100 % naturell &nbsp; &nbsp; &nbsp; &nbsp; &nbsp; &nbsp; &nbsp; Nom botanique : Styrax tonkinensis Famille botanique : styracac\u00e9es M\u00e9thode d'extraction : extraction \u00e0 l'\u00e9thanol (r\u00e9tino\u00efde) Partie de la plante utilis\u00e9e : gomme Quantit\u00e9 v\u00e9g\u00e9tale : 1,5 kg de r\u00e9sine sont n\u00e9cessaires pour 1 kg d'huile Origine g\u00e9ographique :&nbsp; Asie du&nbsp;Weiter lesen","og_url":"https:\/\/bien-etreiris.ch\/de\/produktpraesentation\/aromatherapie\/aetherische-oele\/benzoe-siam-aeterisches-oel\/","og_site_name":"WOHLBEFINDEN","article_publisher":"https:\/\/www.facebook.com\/bienetreiris\/","article_modified_time":"2023-05-10T05:57:59+00:00","og_image":[{"width":500,"height":303,"url":"https:\/\/bien-etreiris.ch\/wp-content\/uploads\/2023\/05\/Acceuil-Benjoin-du-siam-1.png","type":"image\/png"}],"twitter_misc":{"Gesch\u00e4tzte Lesezeit":"2\u00a0Minuten"},"schema":{"@context":"https:\/\/schema.org","@graph":[{"@type":"WebPage","@id":"https:\/\/bien-etreiris.ch\/de\/produktpraesentation\/aromatherapie\/aetherische-oele\/benzoe-siam-aeterisches-oel\/","url":"https:\/\/bien-etreiris.ch\/de\/produktpraesentation\/aromatherapie\/aetherische-oele\/benzoe-siam-aeterisches-oel\/","name":"BENZOE-SIAM - WOHLBEFINDEN","isPartOf":{"@id":"https:\/\/bien-etreiris.ch\/de\/#website"},"primaryImageOfPage":{"@id":"https:\/\/bien-etreiris.ch\/de\/produktpraesentation\/aromatherapie\/aetherische-oele\/benzoe-siam-aeterisches-oel\/#primaryimage"},"image":{"@id":"https:\/\/bien-etreiris.ch\/de\/produktpraesentation\/aromatherapie\/aetherische-oele\/benzoe-siam-aeterisches-oel\/#primaryimage"},"thumbnailUrl":"https:\/\/bien-etreiris.ch\/wp-content\/uploads\/2023\/05\/Acceuil-Benjoin-du-siam-1.png","datePublished":"2021-01-02T04:24:54+00:00","dateModified":"2023-05-10T05:57:59+00:00","breadcrumb":{"@id":"https:\/\/bien-etreiris.ch\/de\/produktpraesentation\/aromatherapie\/aetherische-oele\/benzoe-siam-aeterisches-oel\/#breadcrumb"},"inLanguage":"de","potentialAction":[{"@type":"ReadAction","target":["https:\/\/bien-etreiris.ch\/de\/produktpraesentation\/aromatherapie\/aetherische-oele\/benzoe-siam-aeterisches-oel\/"]}]},{"@type":"ImageObject","inLanguage":"de","@id":"https:\/\/bien-etreiris.ch\/de\/produktpraesentation\/aromatherapie\/aetherische-oele\/benzoe-siam-aeterisches-oel\/#primaryimage","url":"https:\/\/bien-etreiris.ch\/wp-content\/uploads\/2023\/05\/Acceuil-Benjoin-du-siam-1.png","contentUrl":"https:\/\/bien-etreiris.ch\/wp-content\/uploads\/2023\/05\/Acceuil-Benjoin-du-siam-1.png","width":500,"height":303},{"@type":"BreadcrumbList","@id":"https:\/\/bien-etreiris.ch\/de\/produktpraesentation\/aromatherapie\/aetherische-oele\/benzoe-siam-aeterisches-oel\/#breadcrumb","itemListElement":[{"@type":"ListItem","position":1,"name":"Home","item":"https:\/\/bien-etreiris.ch\/de\/"},{"@type":"ListItem","position":2,"name":"PRODUKTPR\u00c4SENTATION","item":"https:\/\/bien-etreiris.ch\/de\/produktpraesentation\/"},{"@type":"ListItem","position":3,"name":"AROMATHERAPIE","item":"https:\/\/bien-etreiris.ch\/de\/produktpraesentation\/aromatherapie\/"},{"@type":"ListItem","position":4,"name":"\u00c4THERISCHE \u00d6LE","item":"https:\/\/bien-etreiris.ch\/de\/produktpraesentation\/aromatherapie\/aetherische-oele\/"},{"@type":"ListItem","position":5,"name":"BENZOE-SIAM"}]},{"@type":"WebSite","@id":"https:\/\/bien-etreiris.ch\/de\/#website","url":"https:\/\/bien-etreiris.ch\/de\/","name":"Bien-\u00eatre Iris","description":"IHRE Gesundheit ist uns wichtig","potentialAction":[{"@type":"SearchAction","target":{"@type":"EntryPoint","urlTemplate":"https:\/\/bien-etreiris.ch\/de\/?s={search_term_string}"},"query-input":{"@type":"PropertyValueSpecification","valueRequired":true,"valueName":"search_term_string"}}],"inLanguage":"de"}]}},"_links":{"self":[{"href":"https:\/\/bien-etreiris.ch\/de\/wp-json\/wp\/v2\/pages\/37575","targetHints":{"allow":["GET"]}}],"collection":[{"href":"https:\/\/bien-etreiris.ch\/de\/wp-json\/wp\/v2\/pages"}],"about":[{"href":"https:\/\/bien-etreiris.ch\/de\/wp-json\/wp\/v2\/types\/page"}],"author":[{"embeddable":true,"href":"https:\/\/bien-etreiris.ch\/de\/wp-json\/wp\/v2\/users\/1"}],"replies":[{"embeddable":true,"href":"https:\/\/bien-etreiris.ch\/de\/wp-json\/wp\/v2\/comments?post=37575"}],"version-history":[{"count":14,"href":"https:\/\/bien-etreiris.ch\/de\/wp-json\/wp\/v2\/pages\/37575\/revisions"}],"predecessor-version":[{"id":69910,"href":"https:\/\/bien-etreiris.ch\/de\/wp-json\/wp\/v2\/pages\/37575\/revisions\/69910"}],"up":[{"embeddable":true,"href":"https:\/\/bien-etreiris.ch\/de\/wp-json\/wp\/v2\/pages\/37429"}],"wp:featuredmedia":[{"embeddable":true,"href":"https:\/\/bien-etreiris.ch\/de\/wp-json\/wp\/v2\/media\/69658"}],"wp:attachment":[{"href":"https:\/\/bien-etreiris.ch\/de\/wp-json\/wp\/v2\/media?parent=37575"}],"curies":[{"name":"wp","href":"https:\/\/api.w.org\/{rel}","templated":true}]}}