{"id":37449,"date":"2021-01-01T07:00:42","date_gmt":"2021-01-01T07:00:42","guid":{"rendered":"https:\/\/bien-etreiris.ch\/?page_id=37449"},"modified":"2023-04-26T17:06:52","modified_gmt":"2023-04-26T15:06:52","slug":"basilikum-aetherisches-oel","status":"publish","type":"page","link":"https:\/\/bien-etreiris.ch\/de\/produktpraesentation\/aromatherapie\/aetherische-oele\/basilikum-aetherisches-oel\/","title":{"rendered":"BASILIKUM"},"content":{"rendered":"\n<h2 class=\"wp-block-heading\">Basilikum<\/h2>\n\n\n<p><a href=\"https:\/\/decoiris.ch\/wp-content\/uploads\/2021\/01\/Basilique.png\"><img loading=\"lazy\" decoding=\"async\" class=\"size-medium wp-image-37441 alignleft\" src=\"https:\/\/decoiris.ch\/wp-content\/uploads\/2021\/01\/Basilique-300x300.png\" alt=\"\" width=\"300\" height=\"300\" srcset=\"https:\/\/bien-etreiris.ch\/wp-content\/uploads\/2021\/01\/Basilique-300x300.png 300w, https:\/\/bien-etreiris.ch\/wp-content\/uploads\/2021\/01\/Basilique-150x150.png 150w, https:\/\/bien-etreiris.ch\/wp-content\/uploads\/2021\/01\/Basilique-768x768.png 768w, https:\/\/bien-etreiris.ch\/wp-content\/uploads\/2021\/01\/Basilique.png 800w\" sizes=\"auto, (max-width: 300px) 100vw, 300px\" \/><\/a><\/p>\n<p>&nbsp;<\/p>\n<p>&nbsp;<\/p>\n<p><strong>5 ml CHF 7.00<\/strong><\/p>\n<p><span class=\"tlid-translation translation\"><span class=\"\" title=\"\">Lat<\/span>in <span class=\"\" title=\"\">:<\/span><\/span> Ocimum basilicum<\/p>\n<p><strong>100 % nat\u00fcrlich und rein<\/strong><\/p>\n<p><strong>CH - BIO 006<\/strong><\/p>\n<p>&nbsp;<\/p>\n<p>&nbsp;<\/p>\n<p>&nbsp;<\/p>\n<table style=\"width: 77.0954%;\">\n<tbody>\n<tr>\n<td style=\"width: 34.3122%;\"><strong>Botanischer Name :<\/strong><\/td>\n<td style=\"width: 51.1592%;\"><span class=\"tlid-translation translation\"><span class=\"\" title=\"\">Ocimum basilicum<\/span><\/span><\/td>\n<td style=\"width: 13.1376%;\">&nbsp;<\/td>\n<\/tr>\n<tr>\n<td style=\"width: 34.3122%;\"><strong>Botanische Familie :<\/strong><\/td>\n<td style=\"width: 51.1592%;\">Lamiac\u00e9es<\/td>\n<td style=\"width: 13.1376%;\">&nbsp;<\/td>\n<\/tr>\n<tr>\n<td style=\"width: 34.3122%;\"><strong>Extraktionsverfahren :<\/strong><\/td>\n<td style=\"width: 51.1592%;\">Wasserdampfdestillation<\/td>\n<td style=\"width: 13.1376%;\">&nbsp;<\/td>\n<\/tr>\n<tr>\n<td style=\"width: 34.3122%;\"><strong>Verwendeter Pflanzenteil :<\/strong><\/td>\n<td style=\"width: 51.1592%;\">Blatt<\/td>\n<td style=\"width: 13.1376%;\">&nbsp;<\/td>\n<\/tr>\n<tr>\n<td style=\"width: 34.3122%;\"><strong>Pflanzliche Menge :<\/strong><\/td>\n<td style=\"width: 51.1592%;\">f\u00fcr 1 kg \u00f6l, braucht es 750 kg Kraut<\/td>\n<td style=\"width: 13.1376%;\">&nbsp;<\/td>\n<\/tr>\n<tr>\n<td style=\"width: 34.3122%;\"><strong>Geographische Herkunft :<\/strong><\/td>\n<td style=\"width: 51.1592%;\">Bulgarien\/\u00c4gypten (kann je nach Jahreszeit und Ernte variieren)<\/td>\n<td style=\"width: 13.1376%;\">&nbsp;<\/td>\n<\/tr>\n<tr>\n<td style=\"width: 34.3122%;\"><strong>Qualit\u00e4t Kultur:<\/strong><\/td>\n<td style=\"width: 51.1592%;\">biologisch (n.b.a.), ohne Tierversuche, vegan<\/td>\n<td style=\"width: 13.1376%;\">&nbsp;<\/td>\n<\/tr>\n<tr>\n<td style=\"width: 34.3122%;\"><strong>Dufteffekt :<\/strong><\/td>\n<td style=\"width: 51.1592%;\">grasig, w\u00fcrzig, scharf, frisch<\/td>\n<td style=\"width: 13.1376%;\">&nbsp;<\/td>\n<\/tr>\n<tr>\n<td style=\"width: 34.3122%;\"><strong>Duftnote :<\/strong><\/td>\n<td style=\"width: 51.1592%;\">Kopfnote<\/td>\n<td style=\"width: 13.1376%;\">&nbsp;<\/td>\n<\/tr>\n<tr>\n<td style=\"width: 34.3122%;\"><strong>Duftprofil :<\/strong><\/td>\n<td style=\"width: 51.1592%;\">grasig, w\u00fcrzig, stark<\/td>\n<td style=\"width: 13.1376%;\">&nbsp;<\/td>\n<\/tr>\n<tr>\n<td style=\"width: 34.3122%;\"><strong>Thema des Duftes :<\/strong><\/td>\n<td style=\"width: 51.1592%;\">gibt neue Kraft, ermutigt, lindert Stress, gut f\u00fcr das Ged\u00e4chtnis<\/td>\n<td style=\"width: 13.1376%;\">&nbsp;<\/td>\n<\/tr>\n<tr>\n<td style=\"width: 34.3122%;\"><strong>Energetisch :<\/strong><\/td>\n<td style=\"width: 51.1592%;\">erfrischend<\/td>\n<td style=\"width: 13.1376%;\">&nbsp;<\/td>\n<\/tr>\n<tr>\n<td style=\"width: 34.3122%;\"><strong>Psychoemotional :<\/strong><\/td>\n<td style=\"width: 51.1592%;\">Es hilft uns, uns von Emotionen zu befreien, die wir nicht mehr sehen k\u00f6nnen, in der Regel Kummer. Basilikum ber\u00fchrt das Herz des limbischen Systems, das alle unsere Emotionen, unsere fr\u00fcheren Leben steuert.<\/td>\n<td style=\"width: 13.1376%;\">&nbsp;<\/td>\n<\/tr>\n<tr>\n<td style=\"width: 34.3122%;\">\n<p><strong>Beschreibung :<\/strong><\/p>\n<p>&nbsp;<\/p>\n<p>&nbsp;<\/p>\n<p>&nbsp;<\/p>\n<p>&nbsp;<\/p>\n<p>&nbsp;<\/p>\n<\/td>\n<td style=\"width: 51.1592%;\" scope=\"row\">\n<p>Basilikum wurde in Indien als heilige Pflanze angesehen. Auf der ganzen Welt gibt es verschiedene Arten von Basilikum. In Europa wird es besonders als K\u00fcchenkraut gesch\u00e4tzt. Seine belebenden und gleichzeitig entspannenden Eigenschaften entfalten ihre Wirkung auf k\u00f6rperlicher und geistiger Ebene.<\/p>\n<p>Vor allem in stressigen Zeiten hilft er, die Nerven zu behalten und begleitet sanft durch den Alltag. Mit neuem Elan und Durchhalteverm\u00f6gen hilft er dabei, gesteckte Ziele zu erreichen.<\/p>\n<\/td>\n<td style=\"width: 13.1376%;\">&nbsp;<\/td>\n<\/tr>\n<tr>\n<td style=\"width: 34.3122%;\">\n<p><strong>Anwendung :<\/strong><\/p>\n<\/td>\n<td style=\"width: 51.1592%;\">\n<ul style=\"list-style-type: disc;\">\n<li>Basilikum\u00f6l l\u00e4sst sich gut mit Rosmarin und Grapefruit kombinieren.<\/li>\n<li>Die Mischung mit dem Aromavernebler, der im Raum verteilt wird, erh\u00f6ht die Konzentration und Klarheit.<\/li>\n<li>Vermischt mit Wacholder in einer duftneutralen Duschgelbasis erhalten Sie ein belebendes und aktivierendes Duschbad.<\/li>\n<\/ul>\n<\/td>\n<td style=\"width: 13.1376%;\">&nbsp;<\/td>\n<\/tr>\n<tr>\n<td style=\"width: 34.3122%;\">\n<p><strong>Wirkstoffe :<\/strong><\/p>\n<p><strong>&nbsp;<\/strong><\/p>\n<p><strong>&nbsp;<\/strong><\/p>\n<\/td>\n<td style=\"width: 51.1592%;\">\n<ul style=\"list-style-type: disc;\">\n<li>Linalol<\/li>\n<li>1,8-cineol<\/li>\n<li>Geraniol<\/li>\n<li>Alpha-Bergamotene<\/li>\n<li>Eugenol<\/li>\n<\/ul>\n<\/td>\n<td style=\"width: 13.1376%;\">&nbsp;<\/td>\n<\/tr>\n<tr>\n<td style=\"width: 34.3122%;\">\n<h4><strong>Vorsichtsma\u00dfnahmen!:<\/strong><\/h4>\n<\/td>\n<td style=\"width: 51.1592%;\">\n<ul style=\"list-style-type: square;\">\n<li>\n<p>Kann allergische Hautreaktionen hervorrufen.<\/p>\n<\/li>\n<li>\n<p>Kann dermokaustisch wirken<\/p>\n<\/li>\n<li>\n<p>Schwangere Frauen sollten auf die Verwendung von Basilikum verzichten!<\/p>\n<\/li>\n<li>\n<p>Bei Kleinkindern<\/p>\n<\/li>\n<li>\n<p>Nicht bei Epilepsie verwenden!<\/p>\n<\/li>\n<\/ul>\n<\/td>\n<td style=\"width: 13.1376%;\">&nbsp;<\/td>\n<\/tr>\n<tr>\n<td style=\"width: 85.4714%;\" colspan=\"2\">Ausgebildete Spezialisten geben Ihnen gerne weitere Informationen \u00fcber medizinische und kosmetische Anwendungen.<\/td>\n<td style=\"width: 13.1376%;\">&nbsp;<\/td>\n<\/tr>\n<\/tbody>\n<\/table>\n<p>&nbsp;<\/p>\n<h2><span style=\"color: #ff9900;\"><a style=\"color: #ff9900;\" href=\"https:\/\/bien-etreiris.ch\/de\/produktpraesentation\/gesundes-leben\/nahrungsergaenzungsmittel\/pflanzenheilkunde-gleichgewicht-durch-heilpflanzen\/kraeuter-und-pflanzen\/basilikum-kraeutertee\/\" target=\"_blank\" rel=\"noopener\"><em>Besuchen Sie auch unsere Rubrik Kr\u00e4uter und Pflanzen \"Basilikum\"<\/em><\/a><\/span><\/h2>\n\n\n<p><\/p>\n","protected":false},"excerpt":{"rendered":"<p>Basilikum &nbsp; &nbsp; 5 ml CHF 7.00 Latin : Ocimum basilicum 100 % nat\u00fcrlich und rein CH - BIO 006 &nbsp; &nbsp; &nbsp; Botanischer Name : Ocimum basilicum &nbsp; Botanische Familie : Lamiac\u00e9es &nbsp; Extraktionsverfahren : Wasserdampfdestillation &nbsp; Verwendeter Pflanzenteil : Blatt &nbsp; Pflanzliche Menge : f\u00fcr 1 kg \u00f6l, braucht es 750 kg Kraut &nbsp; Geographische Herkunft : Bulgarien\/\u00c4gypten&nbsp;<a href=\"https:\/\/bien-etreiris.ch\/de\/produktpraesentation\/aromatherapie\/aetherische-oele\/basilikum-aetherisches-oel\/\" class=\"read-more\">Weiter lesen<\/a><\/p>\n","protected":false},"author":1,"featured_media":64576,"parent":37429,"menu_order":6434,"comment_status":"closed","ping_status":"closed","template":"page-with-child.php","meta":{"_acf_changed":false,"ngg_post_thumbnail":0,"footnotes":""},"class_list":["post-37449","page","type-page","status-publish","has-post-thumbnail","hentry"],"acf":[],"yoast_head":"<!-- This site is optimized with the Yoast SEO plugin v27.6 - https:\/\/yoast.com\/product\/yoast-seo-wordpress\/ -->\n<title>BASILIKUM - WOHLBEFINDEN<\/title>\n<meta name=\"robots\" content=\"index, follow, max-snippet:-1, max-image-preview:large, max-video-preview:-1\" \/>\n<link rel=\"canonical\" href=\"https:\/\/bien-etreiris.ch\/de\/produktpraesentation\/aromatherapie\/aetherische-oele\/basilikum-aetherisches-oel\/\" \/>\n<meta property=\"og:locale\" content=\"de_DE\" \/>\n<meta property=\"og:type\" content=\"article\" \/>\n<meta property=\"og:title\" content=\"BASILIKUM - WOHLBEFINDEN\" \/>\n<meta property=\"og:description\" content=\"Basilikum &nbsp; &nbsp; 5 ml CHF 7.00 Latin : Ocimum basilicum 100 % nat\u00fcrlich und rein CH - BIO 006 &nbsp; &nbsp; &nbsp; Botanischer Name : Ocimum basilicum &nbsp; Botanische Familie : Lamiac\u00e9es &nbsp; Extraktionsverfahren : Wasserdampfdestillation &nbsp; Verwendeter Pflanzenteil : Blatt &nbsp; Pflanzliche Menge : f\u00fcr 1 kg \u00f6l, braucht es 750 kg Kraut &nbsp; Geographische Herkunft : Bulgarien\/\u00c4gypten&nbsp;Weiter lesen\" \/>\n<meta property=\"og:url\" content=\"https:\/\/bien-etreiris.ch\/de\/produktpraesentation\/aromatherapie\/aetherische-oele\/basilikum-aetherisches-oel\/\" \/>\n<meta property=\"og:site_name\" content=\"WOHLBEFINDEN\" \/>\n<meta property=\"article:publisher\" content=\"https:\/\/www.facebook.com\/bienetreiris\/\" \/>\n<meta property=\"article:modified_time\" content=\"2023-04-26T15:06:52+00:00\" \/>\n<meta property=\"og:image\" content=\"https:\/\/bien-etreiris.ch\/wp-content\/uploads\/2023\/01\/acceuil-Basilic-1.png\" \/>\n\t<meta property=\"og:image:width\" content=\"768\" \/>\n\t<meta property=\"og:image:height\" content=\"468\" \/>\n\t<meta property=\"og:image:type\" content=\"image\/png\" \/>\n<meta name=\"twitter:label1\" content=\"Gesch\u00e4tzte Lesezeit\" \/>\n\t<meta name=\"twitter:data1\" content=\"2\u00a0Minuten\" \/>\n<script type=\"application\/ld+json\" class=\"yoast-schema-graph\">{\"@context\":\"https:\\\/\\\/schema.org\",\"@graph\":[{\"@type\":\"WebPage\",\"@id\":\"https:\\\/\\\/bien-etreiris.ch\\\/de\\\/produktpraesentation\\\/aromatherapie\\\/aetherische-oele\\\/basilikum-aetherisches-oel\\\/\",\"url\":\"https:\\\/\\\/bien-etreiris.ch\\\/de\\\/produktpraesentation\\\/aromatherapie\\\/aetherische-oele\\\/basilikum-aetherisches-oel\\\/\",\"name\":\"BASILIKUM - WOHLBEFINDEN\",\"isPartOf\":{\"@id\":\"https:\\\/\\\/bien-etreiris.ch\\\/de\\\/#website\"},\"primaryImageOfPage\":{\"@id\":\"https:\\\/\\\/bien-etreiris.ch\\\/de\\\/produktpraesentation\\\/aromatherapie\\\/aetherische-oele\\\/basilikum-aetherisches-oel\\\/#primaryimage\"},\"image\":{\"@id\":\"https:\\\/\\\/bien-etreiris.ch\\\/de\\\/produktpraesentation\\\/aromatherapie\\\/aetherische-oele\\\/basilikum-aetherisches-oel\\\/#primaryimage\"},\"thumbnailUrl\":\"https:\\\/\\\/bien-etreiris.ch\\\/wp-content\\\/uploads\\\/2023\\\/01\\\/acceuil-Basilic-1.png\",\"datePublished\":\"2021-01-01T07:00:42+00:00\",\"dateModified\":\"2023-04-26T15:06:52+00:00\",\"breadcrumb\":{\"@id\":\"https:\\\/\\\/bien-etreiris.ch\\\/de\\\/produktpraesentation\\\/aromatherapie\\\/aetherische-oele\\\/basilikum-aetherisches-oel\\\/#breadcrumb\"},\"inLanguage\":\"de\",\"potentialAction\":[{\"@type\":\"ReadAction\",\"target\":[\"https:\\\/\\\/bien-etreiris.ch\\\/de\\\/produktpraesentation\\\/aromatherapie\\\/aetherische-oele\\\/basilikum-aetherisches-oel\\\/\"]}]},{\"@type\":\"ImageObject\",\"inLanguage\":\"de\",\"@id\":\"https:\\\/\\\/bien-etreiris.ch\\\/de\\\/produktpraesentation\\\/aromatherapie\\\/aetherische-oele\\\/basilikum-aetherisches-oel\\\/#primaryimage\",\"url\":\"https:\\\/\\\/bien-etreiris.ch\\\/wp-content\\\/uploads\\\/2023\\\/01\\\/acceuil-Basilic-1.png\",\"contentUrl\":\"https:\\\/\\\/bien-etreiris.ch\\\/wp-content\\\/uploads\\\/2023\\\/01\\\/acceuil-Basilic-1.png\",\"width\":768,\"height\":468},{\"@type\":\"BreadcrumbList\",\"@id\":\"https:\\\/\\\/bien-etreiris.ch\\\/de\\\/produktpraesentation\\\/aromatherapie\\\/aetherische-oele\\\/basilikum-aetherisches-oel\\\/#breadcrumb\",\"itemListElement\":[{\"@type\":\"ListItem\",\"position\":1,\"name\":\"Home\",\"item\":\"https:\\\/\\\/bien-etreiris.ch\\\/de\\\/\"},{\"@type\":\"ListItem\",\"position\":2,\"name\":\"PRODUKTPR\u00c4SENTATION\",\"item\":\"https:\\\/\\\/bien-etreiris.ch\\\/de\\\/produktpraesentation\\\/\"},{\"@type\":\"ListItem\",\"position\":3,\"name\":\"AROMATHERAPIE\",\"item\":\"https:\\\/\\\/bien-etreiris.ch\\\/de\\\/produktpraesentation\\\/aromatherapie\\\/\"},{\"@type\":\"ListItem\",\"position\":4,\"name\":\"\u00c4THERISCHE \u00d6LE\",\"item\":\"https:\\\/\\\/bien-etreiris.ch\\\/de\\\/produktpraesentation\\\/aromatherapie\\\/aetherische-oele\\\/\"},{\"@type\":\"ListItem\",\"position\":5,\"name\":\"BASILIKUM\"}]},{\"@type\":\"WebSite\",\"@id\":\"https:\\\/\\\/bien-etreiris.ch\\\/de\\\/#website\",\"url\":\"https:\\\/\\\/bien-etreiris.ch\\\/de\\\/\",\"name\":\"Bien-\u00eatre Iris\",\"description\":\"IHRE Gesundheit ist uns wichtig\",\"potentialAction\":[{\"@type\":\"SearchAction\",\"target\":{\"@type\":\"EntryPoint\",\"urlTemplate\":\"https:\\\/\\\/bien-etreiris.ch\\\/de\\\/?s={search_term_string}\"},\"query-input\":{\"@type\":\"PropertyValueSpecification\",\"valueRequired\":true,\"valueName\":\"search_term_string\"}}],\"inLanguage\":\"de\"}]}<\/script>\n<!-- \/ Yoast SEO plugin. -->","yoast_head_json":{"title":"BASILIKUM - WOHLBEFINDEN","robots":{"index":"index","follow":"follow","max-snippet":"max-snippet:-1","max-image-preview":"max-image-preview:large","max-video-preview":"max-video-preview:-1"},"canonical":"https:\/\/bien-etreiris.ch\/de\/produktpraesentation\/aromatherapie\/aetherische-oele\/basilikum-aetherisches-oel\/","og_locale":"de_DE","og_type":"article","og_title":"BASILIKUM - WOHLBEFINDEN","og_description":"Basilikum &nbsp; &nbsp; 5 ml CHF 7.00 Latin : Ocimum basilicum 100 % nat\u00fcrlich und rein CH - BIO 006 &nbsp; &nbsp; &nbsp; Botanischer Name : Ocimum basilicum &nbsp; Botanische Familie : Lamiac\u00e9es &nbsp; Extraktionsverfahren : Wasserdampfdestillation &nbsp; Verwendeter Pflanzenteil : Blatt &nbsp; Pflanzliche Menge : f\u00fcr 1 kg \u00f6l, braucht es 750 kg Kraut &nbsp; Geographische Herkunft : Bulgarien\/\u00c4gypten&nbsp;Weiter lesen","og_url":"https:\/\/bien-etreiris.ch\/de\/produktpraesentation\/aromatherapie\/aetherische-oele\/basilikum-aetherisches-oel\/","og_site_name":"WOHLBEFINDEN","article_publisher":"https:\/\/www.facebook.com\/bienetreiris\/","article_modified_time":"2023-04-26T15:06:52+00:00","og_image":[{"width":768,"height":468,"url":"https:\/\/bien-etreiris.ch\/wp-content\/uploads\/2023\/01\/acceuil-Basilic-1.png","type":"image\/png"}],"twitter_misc":{"Gesch\u00e4tzte Lesezeit":"2\u00a0Minuten"},"schema":{"@context":"https:\/\/schema.org","@graph":[{"@type":"WebPage","@id":"https:\/\/bien-etreiris.ch\/de\/produktpraesentation\/aromatherapie\/aetherische-oele\/basilikum-aetherisches-oel\/","url":"https:\/\/bien-etreiris.ch\/de\/produktpraesentation\/aromatherapie\/aetherische-oele\/basilikum-aetherisches-oel\/","name":"BASILIKUM - WOHLBEFINDEN","isPartOf":{"@id":"https:\/\/bien-etreiris.ch\/de\/#website"},"primaryImageOfPage":{"@id":"https:\/\/bien-etreiris.ch\/de\/produktpraesentation\/aromatherapie\/aetherische-oele\/basilikum-aetherisches-oel\/#primaryimage"},"image":{"@id":"https:\/\/bien-etreiris.ch\/de\/produktpraesentation\/aromatherapie\/aetherische-oele\/basilikum-aetherisches-oel\/#primaryimage"},"thumbnailUrl":"https:\/\/bien-etreiris.ch\/wp-content\/uploads\/2023\/01\/acceuil-Basilic-1.png","datePublished":"2021-01-01T07:00:42+00:00","dateModified":"2023-04-26T15:06:52+00:00","breadcrumb":{"@id":"https:\/\/bien-etreiris.ch\/de\/produktpraesentation\/aromatherapie\/aetherische-oele\/basilikum-aetherisches-oel\/#breadcrumb"},"inLanguage":"de","potentialAction":[{"@type":"ReadAction","target":["https:\/\/bien-etreiris.ch\/de\/produktpraesentation\/aromatherapie\/aetherische-oele\/basilikum-aetherisches-oel\/"]}]},{"@type":"ImageObject","inLanguage":"de","@id":"https:\/\/bien-etreiris.ch\/de\/produktpraesentation\/aromatherapie\/aetherische-oele\/basilikum-aetherisches-oel\/#primaryimage","url":"https:\/\/bien-etreiris.ch\/wp-content\/uploads\/2023\/01\/acceuil-Basilic-1.png","contentUrl":"https:\/\/bien-etreiris.ch\/wp-content\/uploads\/2023\/01\/acceuil-Basilic-1.png","width":768,"height":468},{"@type":"BreadcrumbList","@id":"https:\/\/bien-etreiris.ch\/de\/produktpraesentation\/aromatherapie\/aetherische-oele\/basilikum-aetherisches-oel\/#breadcrumb","itemListElement":[{"@type":"ListItem","position":1,"name":"Home","item":"https:\/\/bien-etreiris.ch\/de\/"},{"@type":"ListItem","position":2,"name":"PRODUKTPR\u00c4SENTATION","item":"https:\/\/bien-etreiris.ch\/de\/produktpraesentation\/"},{"@type":"ListItem","position":3,"name":"AROMATHERAPIE","item":"https:\/\/bien-etreiris.ch\/de\/produktpraesentation\/aromatherapie\/"},{"@type":"ListItem","position":4,"name":"\u00c4THERISCHE \u00d6LE","item":"https:\/\/bien-etreiris.ch\/de\/produktpraesentation\/aromatherapie\/aetherische-oele\/"},{"@type":"ListItem","position":5,"name":"BASILIKUM"}]},{"@type":"WebSite","@id":"https:\/\/bien-etreiris.ch\/de\/#website","url":"https:\/\/bien-etreiris.ch\/de\/","name":"Bien-\u00eatre Iris","description":"IHRE Gesundheit ist uns wichtig","potentialAction":[{"@type":"SearchAction","target":{"@type":"EntryPoint","urlTemplate":"https:\/\/bien-etreiris.ch\/de\/?s={search_term_string}"},"query-input":{"@type":"PropertyValueSpecification","valueRequired":true,"valueName":"search_term_string"}}],"inLanguage":"de"}]}},"_links":{"self":[{"href":"https:\/\/bien-etreiris.ch\/de\/wp-json\/wp\/v2\/pages\/37449","targetHints":{"allow":["GET"]}}],"collection":[{"href":"https:\/\/bien-etreiris.ch\/de\/wp-json\/wp\/v2\/pages"}],"about":[{"href":"https:\/\/bien-etreiris.ch\/de\/wp-json\/wp\/v2\/types\/page"}],"author":[{"embeddable":true,"href":"https:\/\/bien-etreiris.ch\/de\/wp-json\/wp\/v2\/users\/1"}],"replies":[{"embeddable":true,"href":"https:\/\/bien-etreiris.ch\/de\/wp-json\/wp\/v2\/comments?post=37449"}],"version-history":[{"count":34,"href":"https:\/\/bien-etreiris.ch\/de\/wp-json\/wp\/v2\/pages\/37449\/revisions"}],"predecessor-version":[{"id":68733,"href":"https:\/\/bien-etreiris.ch\/de\/wp-json\/wp\/v2\/pages\/37449\/revisions\/68733"}],"up":[{"embeddable":true,"href":"https:\/\/bien-etreiris.ch\/de\/wp-json\/wp\/v2\/pages\/37429"}],"wp:featuredmedia":[{"embeddable":true,"href":"https:\/\/bien-etreiris.ch\/de\/wp-json\/wp\/v2\/media\/64576"}],"wp:attachment":[{"href":"https:\/\/bien-etreiris.ch\/de\/wp-json\/wp\/v2\/media?parent=37449"}],"curies":[{"name":"wp","href":"https:\/\/api.w.org\/{rel}","templated":true}]}}