{"id":37322,"date":"2020-12-30T10:46:19","date_gmt":"2020-12-30T10:46:19","guid":{"rendered":"https:\/\/bien-etreiris.ch\/?page_id=37322"},"modified":"2023-12-04T22:42:50","modified_gmt":"2023-12-04T20:42:50","slug":"angelikawurzel","status":"publish","type":"page","link":"https:\/\/bien-etreiris.ch\/de\/produktpraesentation\/aromatherapie\/aetherische-oele\/angelikawurzel\/","title":{"rendered":"ANGELIKAWURZEL"},"content":{"rendered":"\n<p><\/p>\n\n\n\n<h2 class=\"wp-block-heading\">Angelique Racine<\/h2>\n\n\n<p>&nbsp;<\/p>\n<p><a href=\"https:\/\/decoiris.ch\/wp-content\/uploads\/2020\/12\/Ang\u00e9lique-racine.png\"><img loading=\"lazy\" decoding=\"async\" class=\"size-medium wp-image-37376 alignleft\" src=\"https:\/\/decoiris.ch\/wp-content\/uploads\/2020\/12\/Ang\u00e9lique-racine-300x300.png\" alt=\"\" width=\"300\" height=\"300\" srcset=\"https:\/\/bien-etreiris.ch\/wp-content\/uploads\/2020\/12\/Ang\u00e9lique-racine-300x300.png 300w, https:\/\/bien-etreiris.ch\/wp-content\/uploads\/2020\/12\/Ang\u00e9lique-racine-150x150.png 150w, https:\/\/bien-etreiris.ch\/wp-content\/uploads\/2020\/12\/Ang\u00e9lique-racine-768x768.png 768w, https:\/\/bien-etreiris.ch\/wp-content\/uploads\/2020\/12\/Ang\u00e9lique-racine.png 800w\" sizes=\"auto, (max-width: 300px) 100vw, 300px\" \/><\/a><\/p>\n<p>&nbsp;<\/p>\n<p><strong>5 ml CHF 60.00<\/strong><\/p>\n<p><span class=\"tlid-translation translation\"><span class=\"\" title=\"\">Lat<\/span><span title=\"\">.<\/span> <span class=\"\" title=\"\">nom<\/span><span class=\"\" title=\"\">:<\/span><\/span> Angelica archangelica<\/p>\n<p><strong>100 % naturelle et pur<\/strong><\/p>\n<p><strong>CH - BIO 006<\/strong><\/p>\n<p>&nbsp;<\/p>\n<p>&nbsp;<\/p>\n<p>&nbsp;<\/p>\n<p>&nbsp;<\/p>\n<p>&nbsp;<\/p>\n<p>&nbsp;<\/p>\n<p>&nbsp;<\/p>\n<div class=\"span12\" data-motopress-type=\"loop\" data-motopress-loop-file=\"loop\/loop-page.php\">\n<div id=\"post-34664\" class=\"page post-34664 type-page status-publish has-post-thumbnail hentry\">\n<table style=\"border-style: none; width: 714px; height: 546px;\" width=\"657\">\n<tbody>\n<tr style=\"border-style: none;\">\n<td style=\"width: 225.317px; vertical-align: top; height: 32px;\"><strong>Nom botanique :<\/strong><\/td>\n<td style=\"width: 482.683px; vertical-align: top; height: 32px;\">Angelica archangelica<\/td>\n<\/tr>\n<tr style=\"border-style: none;\">\n<td style=\"width: 225.317px; vertical-align: top; height: 32px;\"><strong>Famille botanique :<\/strong><\/td>\n<td style=\"width: 482.683px; vertical-align: top; height: 32px;\">Apiac\u00e9es<\/td>\n<\/tr>\n<tr style=\"border-style: none;\">\n<td style=\"width: 225.317px; vertical-align: top; height: 32px;\"><strong>M\u00e9thode d'extraction :<\/strong><\/td>\n<td style=\"width: 482.683px; vertical-align: top; height: 32px;\">Distillation \u00e0 la vapeur d'eau\u200b\u200b\u200b\u200b\u200b\u200b<\/td>\n<\/tr>\n<tr style=\"border-style: none;\">\n<td style=\"width: 225.317px; vertical-align: top; height: 32px;\"><strong>Partie de la plante utilis\u00e9e :<\/strong><\/td>\n<td style=\"width: 482.683px; vertical-align: top; height: 32px;\">Racines&nbsp;<\/td>\n<\/tr>\n<tr style=\"border-style: none;\">\n<td style=\"width: 225.317px; vertical-align: top; height: 61px;\"><strong>Quantit\u00e9 v\u00e9g\u00e9tale :<\/strong><\/td>\n<td style=\"width: 482.683px; vertical-align: top; height: 61px;\">300 kg de racines sont n\u00e9cessaires pour 1 kg d'huile<\/td>\n<\/tr>\n<tr style=\"border-style: none;\">\n<td style=\"width: 225.317px; vertical-align: top; height: 32px;\"><strong>Origine g\u00e9ographique :<\/strong>&nbsp;<\/td>\n<td style=\"width: 482.683px; vertical-align: top; height: 32px;\">France<\/td>\n<\/tr>\n<tr style=\"border-style: none;\">\n<td style=\"width: 225.317px; vertical-align: top; height: 32px;\"><strong>Culture qualit\u00e9&nbsp;:<\/strong><\/td>\n<td style=\"width: 482.683px; vertical-align: top; height: 32px;\">Biologique<\/td>\n<\/tr>\n<tr style=\"border-style: none;\">\n<td style=\"width: 225.317px; vertical-align: top; height: 32px;\"><strong>Effet parfum\u00e9 :<\/strong><\/td>\n<td style=\"width: 482.683px; vertical-align: top; height: 32px;\">Mise \u00e0 la terre<\/td>\n<\/tr>\n<tr style=\"border-style: none;\">\n<td style=\"width: 225.317px; vertical-align: top; height: 32px;\"><strong>Note parfum\u00e9e :<\/strong><\/td>\n<td style=\"width: 482.683px; vertical-align: top; height: 32px;\">Note de coeur<\/td>\n<\/tr>\n<tr style=\"border-style: none;\">\n<td style=\"width: 225.317px; vertical-align: top; height: 32px;\"><strong>Profil de parfum :<\/strong><\/td>\n<td style=\"width: 482.683px; vertical-align: top; height: 32px;\">\u00c9pic\u00e9, terreux-musqu\u00e9<\/td>\n<\/tr>\n<tr style=\"border-style: none;\">\n<td style=\"width: 225.317px; vertical-align: top; height: 32px;\"><strong>Th\u00e8me du parfum :<\/strong><\/td>\n<td style=\"width: 482.683px; vertical-align: top; height: 32px;\">Calmant, fortifiant, ancrant, protecteur<\/td>\n<\/tr>\n<tr style=\"border-style: none;\">\n<td style=\"width: 225.317px; vertical-align: top; height: 32px;\"><strong>\u00c9nerg\u00e9tique :<\/strong><\/td>\n<td style=\"width: 482.683px; vertical-align: top; height: 32px;\">Rouge \/ 1er chakra<\/td>\n<\/tr>\n<tr style=\"border-style: none;\">\n<td style=\"width: 225.317px; vertical-align: top; height: 32px;\"><strong>Psycho-\u00e9motionnel :<\/strong>&nbsp;<\/td>\n<td style=\"width: 482.683px; vertical-align: top; height: 32px;\">&nbsp;<\/td>\n<\/tr>\n<tr style=\"border-style: none;\">\n<td style=\"width: 225.317px; height: 10px; vertical-align: top;\">\n<p><strong>Description :<\/strong><\/p>\n<p>&nbsp;<\/p>\n<p>&nbsp;<\/p>\n<p>&nbsp;<\/p>\n<p>&nbsp;<\/p>\n<p>&nbsp;<\/p>\n<\/td>\n<td style=\"width: 482.683px; height: 10px; vertical-align: top;\" scope=\"row\">\n<ul style=\"list-style-type: disc;\">\n<li>L'ang\u00e9lique est \u00e9galement appel\u00e9e ang\u00e9lique et est une plante m\u00e9dicinale populaire. Il pousse dans des endroits humides. La plante ang\u00e9lique pousse jusqu'\u00e0 2 m\u00e8tres de haut, forme des ombelles \u00e0 fleurs blanches et des racines solides. Il est utilis\u00e9 depuis l'Antiquit\u00e9 comme plante m\u00e9dicinale pour les affections des voies bronchiques et urinaires ainsi que pour les probl\u00e8mes d'estomac et comme tonique g\u00e9n\u00e9ral.<\/li>\n<li>Leur effet principal, cependant, est dans le domaine spirituel<\/li>\n<li>La racine ang\u00e9lique transmet la confiance en soi et ouvre l'acc\u00e8s \u00e0 ses propres sources de force. Son effet anti-peur et stabilisateur motive, donne du courage et renforce la volont\u00e9.<\/li>\n<\/ul>\n<\/td>\n<\/tr>\n<tr style=\"border-style: none;\">\n<td style=\"width: 225.317px; vertical-align: top; height: 10px;\">\n<p><strong>Application :<\/strong><\/p>\n<\/td>\n<td style=\"width: 482.683px; height: 10px; vertical-align: top;\">\n<ul style=\"list-style-type: disc;\">\n<li>L'huile de racine d'ang\u00e9lique se marie bien avec le pamplemousse et le douglas. Le m\u00e9lange appliqu\u00e9 dans la lampe \u00e0 parfum apaise, adoucit et donne confiance.<\/li>\n<li>M\u00e9lang\u00e9 avec de l'huile de s\u00e9same, du gen\u00e9vrier et de la bergamote, une huile de massage tonifiante et \u00e9quilibrante est cr\u00e9\u00e9e.<\/li>\n<li>La racine d'ang\u00e9lique augmente la sensibilit\u00e9 de la peau \u00e0 la lumi\u00e8re. Apr\u00e8s un massage ou un frottement avec de l'huile de racine d'ang\u00e9lique, la peau ne doit pas \u00eatre expos\u00e9e directement au soleil !<\/li>\n<\/ul>\n<p>&nbsp;<\/p>\n<\/td>\n<\/tr>\n<tr style=\"height: 241px;\">\n<td style=\"width: 225.317px; height: 10px; vertical-align: top;\">\n<p><strong>Principes actifs :<\/strong><\/p>\n<p><strong>&nbsp;<\/strong><\/p>\n<p><strong>&nbsp;<\/strong><\/p>\n<\/td>\n<td style=\"width: 482.683px; height: 10px; vertical-align: top;\">\n<ul style=\"list-style-type: disc;\">\n<li>Monoterp\u00e8ne : alpha pin\u00e8ne (de 17 \u00e0 30 %)<\/li>\n<li>Delta 3 car\u00e8ne (de 10 \u00e0 18 %)<\/li>\n<li>Beta ph\u00e8llandr\u00e8ne (de 8 \u00e0 16 %)<\/li>\n<li>Sabin\u00e8ne (de 3 \u00e0 14 %)<\/li>\n<li>Alpha phellandr\u00e8ne (de 3 \u00e0 14 %)<\/li>\n<li>D-Limon\u00e8ne (de 5 \u00e0 10 %)<\/li>\n<\/ul>\n<\/td>\n<\/tr>\n<tr style=\"height: 223px;\">\n<td style=\"width: 225.317px; height: 10px; vertical-align: top;\">\n<h4><strong>Pr\u00e9cautions&nbsp;! :<\/strong><\/h4>\n<\/td>\n<td style=\"width: 482.683px; height: 10px; vertical-align: top;\">\n<ul style=\"list-style-type: disc;\">\n<li><strong>D\u00e9conseill\u00e9e&nbsp;chez la femme enceinte et les jeunes enfants<\/strong><\/li>\n<li><strong>Photosensibilisante : ne pas s'exposer au soleil apr\u00e8s application<\/strong><\/li>\n<li><strong>Risque de r\u00e9action allergique cutan\u00e9e<\/strong><\/li>\n<\/ul>\n<\/td>\n<\/tr>\n<tr style=\"border-style: none;\">\n<td style=\"width: 710px; height: 41px; vertical-align: top;\" colspan=\"2\"><span class=\"tlid-translation translation\" lang=\"fr\"><span class=\"\" title=\"\">Des sp\u00e9cialistes form\u00e9s se feront un plaisir de vous fournir de plus amples informations sur les applications m\u00e9dicales et cosm\u00e9tiques.<\/span><\/span><\/td>\n<\/tr>\n<tr style=\"border-style: none;\">\n<td style=\"width: 225.317px; height: 10px; vertical-align: top;\">\n<p><strong>Disponible en quantit\u00e9 :<\/strong><\/p>\n<\/td>\n<td style=\"width: 482.683px; vertical-align: top; height: 10px;\">5 ml<\/td>\n<\/tr>\n<tr style=\"border-style: none;\">\n<td style=\"width: 225.317px; vertical-align: top; height: 10px;\"><strong>Prix :<\/strong><\/td>\n<td style=\"width: 482.683px; vertical-align: top; height: 10px;\"><strong>CHF 60.00<\/strong><\/td>\n<\/tr>\n<\/tbody>\n<\/table>\n<div class=\"clear\">&nbsp;<\/div>\n<\/div>\n<div class=\"row\">&nbsp;<\/div>\n<\/div>","protected":false},"excerpt":{"rendered":"<p>Angelique Racine &nbsp; &nbsp; 5 ml CHF 60.00 Lat. nom: Angelica archangelica 100 % naturelle et pur CH - BIO 006 &nbsp; &nbsp; &nbsp; &nbsp; &nbsp; &nbsp; &nbsp; Nom botanique : Angelica archangelica Famille botanique : Apiac\u00e9es M\u00e9thode d'extraction : Distillation \u00e0 la vapeur d'eau\u200b\u200b\u200b\u200b\u200b\u200b Partie de la plante utilis\u00e9e : Racines&nbsp; Quantit\u00e9 v\u00e9g\u00e9tale : 300 kg de racines sont&nbsp;<a href=\"https:\/\/bien-etreiris.ch\/de\/produktpraesentation\/aromatherapie\/aetherische-oele\/angelikawurzel\/\" class=\"read-more\">Weiter lesen<\/a><\/p>\n","protected":false},"author":1,"featured_media":69689,"parent":37429,"menu_order":6441,"comment_status":"closed","ping_status":"closed","template":"page-with-child.php","meta":{"_acf_changed":false,"ngg_post_thumbnail":0,"footnotes":""},"class_list":["post-37322","page","type-page","status-publish","has-post-thumbnail","hentry"],"acf":[],"yoast_head":"<!-- This site is optimized with the Yoast SEO plugin v27.6 - https:\/\/yoast.com\/product\/yoast-seo-wordpress\/ -->\n<title>ANGELIKAWURZEL - WOHLBEFINDEN<\/title>\n<meta name=\"robots\" content=\"index, follow, max-snippet:-1, max-image-preview:large, max-video-preview:-1\" \/>\n<link rel=\"canonical\" href=\"https:\/\/bien-etreiris.ch\/de\/produktpraesentation\/aromatherapie\/aetherische-oele\/angelikawurzel\/\" \/>\n<meta property=\"og:locale\" content=\"de_DE\" \/>\n<meta property=\"og:type\" content=\"article\" \/>\n<meta property=\"og:title\" content=\"ANGELIKAWURZEL - WOHLBEFINDEN\" \/>\n<meta property=\"og:description\" content=\"Angelique Racine &nbsp; &nbsp; 5 ml CHF 60.00 Lat. nom: Angelica archangelica 100 % naturelle et pur CH - BIO 006 &nbsp; &nbsp; &nbsp; &nbsp; &nbsp; &nbsp; &nbsp; Nom botanique : Angelica archangelica Famille botanique : Apiac\u00e9es M\u00e9thode d&#039;extraction : Distillation \u00e0 la vapeur d&#039;eau\u200b\u200b\u200b\u200b\u200b\u200b Partie de la plante utilis\u00e9e : Racines&nbsp; Quantit\u00e9 v\u00e9g\u00e9tale : 300 kg de racines sont&nbsp;Weiter lesen\" \/>\n<meta property=\"og:url\" content=\"https:\/\/bien-etreiris.ch\/de\/produktpraesentation\/aromatherapie\/aetherische-oele\/angelikawurzel\/\" \/>\n<meta property=\"og:site_name\" content=\"WOHLBEFINDEN\" \/>\n<meta property=\"article:publisher\" content=\"https:\/\/www.facebook.com\/bienetreiris\/\" \/>\n<meta property=\"article:modified_time\" content=\"2023-12-04T20:42:50+00:00\" \/>\n<meta property=\"og:image\" content=\"https:\/\/bien-etreiris.ch\/wp-content\/uploads\/2023\/05\/acceuil-angelique.png\" \/>\n\t<meta property=\"og:image:width\" content=\"500\" \/>\n\t<meta property=\"og:image:height\" content=\"305\" \/>\n\t<meta property=\"og:image:type\" content=\"image\/png\" \/>\n<meta name=\"twitter:label1\" content=\"Gesch\u00e4tzte Lesezeit\" \/>\n\t<meta name=\"twitter:data1\" content=\"3\u00a0Minuten\" \/>\n<script type=\"application\/ld+json\" class=\"yoast-schema-graph\">{\"@context\":\"https:\\\/\\\/schema.org\",\"@graph\":[{\"@type\":\"WebPage\",\"@id\":\"https:\\\/\\\/bien-etreiris.ch\\\/de\\\/produktpraesentation\\\/aromatherapie\\\/aetherische-oele\\\/angelikawurzel\\\/\",\"url\":\"https:\\\/\\\/bien-etreiris.ch\\\/de\\\/produktpraesentation\\\/aromatherapie\\\/aetherische-oele\\\/angelikawurzel\\\/\",\"name\":\"ANGELIKAWURZEL - WOHLBEFINDEN\",\"isPartOf\":{\"@id\":\"https:\\\/\\\/bien-etreiris.ch\\\/de\\\/#website\"},\"primaryImageOfPage\":{\"@id\":\"https:\\\/\\\/bien-etreiris.ch\\\/de\\\/produktpraesentation\\\/aromatherapie\\\/aetherische-oele\\\/angelikawurzel\\\/#primaryimage\"},\"image\":{\"@id\":\"https:\\\/\\\/bien-etreiris.ch\\\/de\\\/produktpraesentation\\\/aromatherapie\\\/aetherische-oele\\\/angelikawurzel\\\/#primaryimage\"},\"thumbnailUrl\":\"https:\\\/\\\/bien-etreiris.ch\\\/wp-content\\\/uploads\\\/2023\\\/05\\\/acceuil-angelique.png\",\"datePublished\":\"2020-12-30T10:46:19+00:00\",\"dateModified\":\"2023-12-04T20:42:50+00:00\",\"breadcrumb\":{\"@id\":\"https:\\\/\\\/bien-etreiris.ch\\\/de\\\/produktpraesentation\\\/aromatherapie\\\/aetherische-oele\\\/angelikawurzel\\\/#breadcrumb\"},\"inLanguage\":\"de\",\"potentialAction\":[{\"@type\":\"ReadAction\",\"target\":[\"https:\\\/\\\/bien-etreiris.ch\\\/de\\\/produktpraesentation\\\/aromatherapie\\\/aetherische-oele\\\/angelikawurzel\\\/\"]}]},{\"@type\":\"ImageObject\",\"inLanguage\":\"de\",\"@id\":\"https:\\\/\\\/bien-etreiris.ch\\\/de\\\/produktpraesentation\\\/aromatherapie\\\/aetherische-oele\\\/angelikawurzel\\\/#primaryimage\",\"url\":\"https:\\\/\\\/bien-etreiris.ch\\\/wp-content\\\/uploads\\\/2023\\\/05\\\/acceuil-angelique.png\",\"contentUrl\":\"https:\\\/\\\/bien-etreiris.ch\\\/wp-content\\\/uploads\\\/2023\\\/05\\\/acceuil-angelique.png\",\"width\":500,\"height\":305},{\"@type\":\"BreadcrumbList\",\"@id\":\"https:\\\/\\\/bien-etreiris.ch\\\/de\\\/produktpraesentation\\\/aromatherapie\\\/aetherische-oele\\\/angelikawurzel\\\/#breadcrumb\",\"itemListElement\":[{\"@type\":\"ListItem\",\"position\":1,\"name\":\"Home\",\"item\":\"https:\\\/\\\/bien-etreiris.ch\\\/de\\\/\"},{\"@type\":\"ListItem\",\"position\":2,\"name\":\"PRODUKTPR\u00c4SENTATION\",\"item\":\"https:\\\/\\\/bien-etreiris.ch\\\/de\\\/produktpraesentation\\\/\"},{\"@type\":\"ListItem\",\"position\":3,\"name\":\"AROMATHERAPIE\",\"item\":\"https:\\\/\\\/bien-etreiris.ch\\\/de\\\/produktpraesentation\\\/aromatherapie\\\/\"},{\"@type\":\"ListItem\",\"position\":4,\"name\":\"\u00c4THERISCHE \u00d6LE\",\"item\":\"https:\\\/\\\/bien-etreiris.ch\\\/de\\\/produktpraesentation\\\/aromatherapie\\\/aetherische-oele\\\/\"},{\"@type\":\"ListItem\",\"position\":5,\"name\":\"ANGELIKAWURZEL\"}]},{\"@type\":\"WebSite\",\"@id\":\"https:\\\/\\\/bien-etreiris.ch\\\/de\\\/#website\",\"url\":\"https:\\\/\\\/bien-etreiris.ch\\\/de\\\/\",\"name\":\"Bien-\u00eatre Iris\",\"description\":\"IHRE Gesundheit ist uns wichtig\",\"potentialAction\":[{\"@type\":\"SearchAction\",\"target\":{\"@type\":\"EntryPoint\",\"urlTemplate\":\"https:\\\/\\\/bien-etreiris.ch\\\/de\\\/?s={search_term_string}\"},\"query-input\":{\"@type\":\"PropertyValueSpecification\",\"valueRequired\":true,\"valueName\":\"search_term_string\"}}],\"inLanguage\":\"de\"}]}<\/script>\n<!-- \/ Yoast SEO plugin. -->","yoast_head_json":{"title":"ANGELIKAWURZEL - WOHLBEFINDEN","robots":{"index":"index","follow":"follow","max-snippet":"max-snippet:-1","max-image-preview":"max-image-preview:large","max-video-preview":"max-video-preview:-1"},"canonical":"https:\/\/bien-etreiris.ch\/de\/produktpraesentation\/aromatherapie\/aetherische-oele\/angelikawurzel\/","og_locale":"de_DE","og_type":"article","og_title":"ANGELIKAWURZEL - WOHLBEFINDEN","og_description":"Angelique Racine &nbsp; &nbsp; 5 ml CHF 60.00 Lat. nom: Angelica archangelica 100 % naturelle et pur CH - BIO 006 &nbsp; &nbsp; &nbsp; &nbsp; &nbsp; &nbsp; &nbsp; Nom botanique : Angelica archangelica Famille botanique : Apiac\u00e9es M\u00e9thode d'extraction : Distillation \u00e0 la vapeur d'eau\u200b\u200b\u200b\u200b\u200b\u200b Partie de la plante utilis\u00e9e : Racines&nbsp; Quantit\u00e9 v\u00e9g\u00e9tale : 300 kg de racines sont&nbsp;Weiter lesen","og_url":"https:\/\/bien-etreiris.ch\/de\/produktpraesentation\/aromatherapie\/aetherische-oele\/angelikawurzel\/","og_site_name":"WOHLBEFINDEN","article_publisher":"https:\/\/www.facebook.com\/bienetreiris\/","article_modified_time":"2023-12-04T20:42:50+00:00","og_image":[{"width":500,"height":305,"url":"https:\/\/bien-etreiris.ch\/wp-content\/uploads\/2023\/05\/acceuil-angelique.png","type":"image\/png"}],"twitter_misc":{"Gesch\u00e4tzte Lesezeit":"3\u00a0Minuten"},"schema":{"@context":"https:\/\/schema.org","@graph":[{"@type":"WebPage","@id":"https:\/\/bien-etreiris.ch\/de\/produktpraesentation\/aromatherapie\/aetherische-oele\/angelikawurzel\/","url":"https:\/\/bien-etreiris.ch\/de\/produktpraesentation\/aromatherapie\/aetherische-oele\/angelikawurzel\/","name":"ANGELIKAWURZEL - WOHLBEFINDEN","isPartOf":{"@id":"https:\/\/bien-etreiris.ch\/de\/#website"},"primaryImageOfPage":{"@id":"https:\/\/bien-etreiris.ch\/de\/produktpraesentation\/aromatherapie\/aetherische-oele\/angelikawurzel\/#primaryimage"},"image":{"@id":"https:\/\/bien-etreiris.ch\/de\/produktpraesentation\/aromatherapie\/aetherische-oele\/angelikawurzel\/#primaryimage"},"thumbnailUrl":"https:\/\/bien-etreiris.ch\/wp-content\/uploads\/2023\/05\/acceuil-angelique.png","datePublished":"2020-12-30T10:46:19+00:00","dateModified":"2023-12-04T20:42:50+00:00","breadcrumb":{"@id":"https:\/\/bien-etreiris.ch\/de\/produktpraesentation\/aromatherapie\/aetherische-oele\/angelikawurzel\/#breadcrumb"},"inLanguage":"de","potentialAction":[{"@type":"ReadAction","target":["https:\/\/bien-etreiris.ch\/de\/produktpraesentation\/aromatherapie\/aetherische-oele\/angelikawurzel\/"]}]},{"@type":"ImageObject","inLanguage":"de","@id":"https:\/\/bien-etreiris.ch\/de\/produktpraesentation\/aromatherapie\/aetherische-oele\/angelikawurzel\/#primaryimage","url":"https:\/\/bien-etreiris.ch\/wp-content\/uploads\/2023\/05\/acceuil-angelique.png","contentUrl":"https:\/\/bien-etreiris.ch\/wp-content\/uploads\/2023\/05\/acceuil-angelique.png","width":500,"height":305},{"@type":"BreadcrumbList","@id":"https:\/\/bien-etreiris.ch\/de\/produktpraesentation\/aromatherapie\/aetherische-oele\/angelikawurzel\/#breadcrumb","itemListElement":[{"@type":"ListItem","position":1,"name":"Home","item":"https:\/\/bien-etreiris.ch\/de\/"},{"@type":"ListItem","position":2,"name":"PRODUKTPR\u00c4SENTATION","item":"https:\/\/bien-etreiris.ch\/de\/produktpraesentation\/"},{"@type":"ListItem","position":3,"name":"AROMATHERAPIE","item":"https:\/\/bien-etreiris.ch\/de\/produktpraesentation\/aromatherapie\/"},{"@type":"ListItem","position":4,"name":"\u00c4THERISCHE \u00d6LE","item":"https:\/\/bien-etreiris.ch\/de\/produktpraesentation\/aromatherapie\/aetherische-oele\/"},{"@type":"ListItem","position":5,"name":"ANGELIKAWURZEL"}]},{"@type":"WebSite","@id":"https:\/\/bien-etreiris.ch\/de\/#website","url":"https:\/\/bien-etreiris.ch\/de\/","name":"Bien-\u00eatre Iris","description":"IHRE Gesundheit ist uns wichtig","potentialAction":[{"@type":"SearchAction","target":{"@type":"EntryPoint","urlTemplate":"https:\/\/bien-etreiris.ch\/de\/?s={search_term_string}"},"query-input":{"@type":"PropertyValueSpecification","valueRequired":true,"valueName":"search_term_string"}}],"inLanguage":"de"}]}},"_links":{"self":[{"href":"https:\/\/bien-etreiris.ch\/de\/wp-json\/wp\/v2\/pages\/37322","targetHints":{"allow":["GET"]}}],"collection":[{"href":"https:\/\/bien-etreiris.ch\/de\/wp-json\/wp\/v2\/pages"}],"about":[{"href":"https:\/\/bien-etreiris.ch\/de\/wp-json\/wp\/v2\/types\/page"}],"author":[{"embeddable":true,"href":"https:\/\/bien-etreiris.ch\/de\/wp-json\/wp\/v2\/users\/1"}],"replies":[{"embeddable":true,"href":"https:\/\/bien-etreiris.ch\/de\/wp-json\/wp\/v2\/comments?post=37322"}],"version-history":[{"count":50,"href":"https:\/\/bien-etreiris.ch\/de\/wp-json\/wp\/v2\/pages\/37322\/revisions"}],"predecessor-version":[{"id":69911,"href":"https:\/\/bien-etreiris.ch\/de\/wp-json\/wp\/v2\/pages\/37322\/revisions\/69911"}],"up":[{"embeddable":true,"href":"https:\/\/bien-etreiris.ch\/de\/wp-json\/wp\/v2\/pages\/37429"}],"wp:featuredmedia":[{"embeddable":true,"href":"https:\/\/bien-etreiris.ch\/de\/wp-json\/wp\/v2\/media\/69689"}],"wp:attachment":[{"href":"https:\/\/bien-etreiris.ch\/de\/wp-json\/wp\/v2\/media?parent=37322"}],"curies":[{"name":"wp","href":"https:\/\/api.w.org\/{rel}","templated":true}]}}