{"id":36905,"date":"2020-12-22T06:22:45","date_gmt":"2020-12-22T06:22:45","guid":{"rendered":"https:\/\/bien-etreiris.ch\/?page_id=36905"},"modified":"2023-12-08T23:50:27","modified_gmt":"2023-12-08T21:50:27","slug":"suessholz-lakritze-suessholzwurzel","status":"publish","type":"page","link":"https:\/\/bien-etreiris.ch\/de\/produktpraesentation\/gesundes-leben\/nahrungsergaenzungsmittel\/pflanzenheilkunde-gleichgewicht-durch-heilpflanzen\/kraeuter-und-pflanzen\/suessholz-lakritze-suessholzwurzel\/","title":{"rendered":"S\u00dcSSHOLZ"},"content":{"rendered":"\n<h2 class=\"wp-block-heading\"> <br>S\u00fcssholz auch Lakritze genannt BIO -  <em>Glycyrrhiza glabra <\/em>L.<\/h2>\n\n\n<p><span style=\"color: #ffff00;\"><a style=\"color: #ffff00;\" href=\"https:\/\/decoiris.ch\/wp-content\/uploads\/2020\/12\/racine-reglisse.png\"><img loading=\"lazy\" decoding=\"async\" class=\"wp-image-36898 alignleft\" src=\"https:\/\/decoiris.ch\/wp-content\/uploads\/2020\/12\/racine-reglisse.png\" alt=\"\" width=\"488\" height=\"488\" srcset=\"https:\/\/bien-etreiris.ch\/wp-content\/uploads\/2020\/12\/racine-reglisse.png 300w, https:\/\/bien-etreiris.ch\/wp-content\/uploads\/2020\/12\/racine-reglisse-150x150.png 150w\" sizes=\"auto, (max-width: 488px) 100vw, 488px\" \/><\/a><\/span><\/p>\n<p>&nbsp;<\/p>\n<p>&nbsp;<\/p>\n<p>&nbsp;<\/p>\n<p>&nbsp;<\/p>\n<p>&nbsp;<\/p>\n<p>&nbsp;<\/p>\n<p><span style=\"color: #ffff00;\">DIXA<\/span><\/p>\n<p>Geschnittene Wurzel der S\u00fcssholzpflanze<\/p>\n<p>Glycyrrhiza glabra L. conc.<\/p>\n<p>lose ab 5 g CHF<\/p>\n<p>Wurzel der S\u00fcssholzpflanze gemahlen<\/p>\n<p>Glycyrrhiza glabra L. pulv<\/p>\n<p>lose ab 5 g<\/p>\n<p>&nbsp;<\/p>\n<p>&nbsp;<\/p>\n<p>&nbsp;<\/p>\n<p>&nbsp;<\/p>\n<p>S\u00fcssholz ist eine krautige Pflanze, die zwischen 1 und 4,50 m hoch wird. Sie ist in S\u00fcdeuropa und Asien beheimatet. Seine Wurzeln bilden Rhizome, die man kauen kann, um das Verlangen nach einer Zigarette zu vertreiben; es ist ein guter Ersatz.<\/p>\n<p>Er ist Bestandteil von Pastis und Antesit und wird als Aufguss f\u00fcr verschiedene Sossen zu Kalbfleisch verwendet.<\/p>\n<p>&nbsp;<\/p>\n<h4>Dosierung<\/h4>\n<p>Innere Anwendung: 1 Teel\u00f6ffel zerfaserte Wurzel auf 1\/4 Liter kaltes Wasser. Aufkochen, bis es k\u00f6chelt und 10 Minuten ziehen lassen. Filtern und 2 Tassen pro Tag trinken.<\/p>\n<p>\u00c4ussere Anwendung: Gurgelwasser und Mundwasser aus dem Abkochungsprodukt.<\/p>\n<p>&nbsp;<\/p>\n<h4>Zusammensetzung<\/h4>\n<p>Geschnittene S\u00fcssholzwurzeln in BIO-Qualit\u00e4t.<\/p>\n<h4><span style=\"color: #ff0000;\">Vorsichtsma\u00dfnahmen<\/span><\/h4>\n<p>S\u00fcssholz sollte nicht in hohen Dosen (&gt; 50 g pro Liter) oder \u00fcber einen zu langen Zeitraum eingenommen werden.<\/p>\n<p>Ein \u00fcberm\u00e4ssiger Verzehr kann zu Bluthochdruck sowie \u00d6demen durch Wassereinlagerungen f\u00fchren. Die Anwendung ist bei Bluthochdruck und Herzinsuffizienz kontraindiziert.<\/p>\n<p>&nbsp;<\/p>\n<h4><strong>S\u00fcssholzwurzel als Basis f\u00fcr Lakritze<\/strong><\/h4>\n<p>Die Wurzel schmeckt stark s\u00fcsslich, was vor allem auf das Glycyrrhizin zur\u00fcckzuf\u00fchren ist. Dies ist ein Triterpensaponin, welches etwa 50 Mal so viel S\u00fcsskraft hat wie Rohrzucker. Man kann aus den Wurzeln einen S\u00fcssholzsaft herstellen, der zu Lakritz verarbeitet wird. Die frisch geernteten Wurzeln werden hierf\u00fcr zerhackt und in Wasser f\u00fcr viele Stunden gekocht. Dann dickt man den Saft ein, bis er z\u00e4hfl\u00fcssig ist. Dieser ist in Lakritz zu rund 5 bis 50 Prozent enthalten. Die erste Lakritze wurde in Deutschland 1925 hergestellt und hatte schon damals die typische Schneckenform.<\/p>\n<p>&nbsp;<\/p>\n<p>&nbsp;<\/p>\n<hr>\n<h2><span style=\"color: #800000;\">S\u00fcssholzwurzel zum R\u00e4uchern<\/span><\/h2>\n<p>S\u00fcssholzwurzel verstr\u00f6mt beim R\u00e4uchern einen sehr milden, leichten und s\u00fcsslichen Duft. Die Note ist dabei einzigartig und sofort erkennbar. Man kann S\u00fcssholz einzeln oder in R\u00e4uchermischungen verwenden. Benutzen Sie entweder eine R\u00e4ucherschale \u00fcber Holzkohle oder ein St\u00f6vchen mit Sieb und Teelicht.<\/p>\n<p>Die R\u00e4ucherung mit S\u00fcssholzwurzel wird vor allem zur Reinigung eingesetzt, bei Depressionen, melancholischer oder trauriger Verstimmung, m\u00fcden oder ersch\u00f6pften Zust\u00e4nden oder mangelndem Antrieb. Viele R\u00e4ucherfans hoffen dabei auf eine anregende, reinigende, kl\u00e4rende und die Stimmung verbessernde Wirkung. S\u00fcssholz kann negative Energiestr\u00f6me verbessern und f\u00f6rdert die Tr\u00e4ume. Die Aura soll bereinigt werden. Ausgleich, W\u00e4rme und Charakter stehen dabei im Vordergrund.<\/p>\n<p>Duft: mild, s\u00fcsslich, leicht<\/p>\n<p>&nbsp;<\/p>","protected":false},"excerpt":{"rendered":"<p>S\u00fcssholz auch Lakritze genannt BIO - Glycyrrhiza glabra L. &nbsp; &nbsp; &nbsp; &nbsp; &nbsp; &nbsp; DIXA Geschnittene Wurzel der S\u00fcssholzpflanze Glycyrrhiza glabra L. conc. lose ab 5 g CHF Wurzel der S\u00fcssholzpflanze gemahlen Glycyrrhiza glabra L. pulv lose ab 5 g &nbsp; &nbsp; &nbsp; &nbsp; S\u00fcssholz ist eine krautige Pflanze, die zwischen 1 und 4,50 m hoch wird. Sie ist&nbsp;<a href=\"https:\/\/bien-etreiris.ch\/de\/produktpraesentation\/gesundes-leben\/nahrungsergaenzungsmittel\/pflanzenheilkunde-gleichgewicht-durch-heilpflanzen\/kraeuter-und-pflanzen\/suessholz-lakritze-suessholzwurzel\/\" class=\"read-more\">Weiter lesen<\/a><\/p>\n","protected":false},"author":1,"featured_media":59640,"parent":30677,"menu_order":6486,"comment_status":"closed","ping_status":"closed","template":"page-with-child.php","meta":{"_acf_changed":false,"ngg_post_thumbnail":0,"footnotes":""},"class_list":["post-36905","page","type-page","status-publish","has-post-thumbnail","hentry"],"acf":[],"yoast_head":"<!-- This site is optimized with the Yoast SEO plugin v27.6 - https:\/\/yoast.com\/product\/yoast-seo-wordpress\/ -->\n<title>S\u00dcSSHOLZ - WOHLBEFINDEN<\/title>\n<meta name=\"robots\" content=\"index, follow, max-snippet:-1, max-image-preview:large, max-video-preview:-1\" \/>\n<link rel=\"canonical\" href=\"https:\/\/bien-etreiris.ch\/de\/produktpraesentation\/gesundes-leben\/nahrungsergaenzungsmittel\/pflanzenheilkunde-gleichgewicht-durch-heilpflanzen\/kraeuter-und-pflanzen\/suessholz-lakritze-suessholzwurzel\/\" \/>\n<meta property=\"og:locale\" content=\"de_DE\" \/>\n<meta property=\"og:type\" content=\"article\" \/>\n<meta property=\"og:title\" content=\"S\u00dcSSHOLZ - WOHLBEFINDEN\" \/>\n<meta property=\"og:description\" content=\"S\u00fcssholz auch Lakritze genannt BIO - Glycyrrhiza glabra L. &nbsp; &nbsp; &nbsp; &nbsp; &nbsp; &nbsp; DIXA Geschnittene Wurzel der S\u00fcssholzpflanze Glycyrrhiza glabra L. conc. lose ab 5 g CHF Wurzel der S\u00fcssholzpflanze gemahlen Glycyrrhiza glabra L. pulv lose ab 5 g &nbsp; &nbsp; &nbsp; &nbsp; S\u00fcssholz ist eine krautige Pflanze, die zwischen 1 und 4,50 m hoch wird. Sie ist&nbsp;Weiter lesen\" \/>\n<meta property=\"og:url\" content=\"https:\/\/bien-etreiris.ch\/de\/produktpraesentation\/gesundes-leben\/nahrungsergaenzungsmittel\/pflanzenheilkunde-gleichgewicht-durch-heilpflanzen\/kraeuter-und-pflanzen\/suessholz-lakritze-suessholzwurzel\/\" \/>\n<meta property=\"og:site_name\" content=\"WOHLBEFINDEN\" \/>\n<meta property=\"article:publisher\" content=\"https:\/\/www.facebook.com\/bienetreiris\/\" \/>\n<meta property=\"article:modified_time\" content=\"2023-12-08T21:50:27+00:00\" \/>\n<meta property=\"og:image\" content=\"https:\/\/bien-etreiris.ch\/wp-content\/uploads\/2022\/09\/acceuil-racine-de-reglisse.png\" \/>\n\t<meta property=\"og:image:width\" content=\"500\" \/>\n\t<meta property=\"og:image:height\" content=\"310\" \/>\n\t<meta property=\"og:image:type\" content=\"image\/png\" \/>\n<meta name=\"twitter:label1\" content=\"Gesch\u00e4tzte Lesezeit\" \/>\n\t<meta name=\"twitter:data1\" content=\"3\u00a0Minuten\" \/>\n<script type=\"application\/ld+json\" class=\"yoast-schema-graph\">{\"@context\":\"https:\\\/\\\/schema.org\",\"@graph\":[{\"@type\":\"WebPage\",\"@id\":\"https:\\\/\\\/bien-etreiris.ch\\\/de\\\/produktpraesentation\\\/gesundes-leben\\\/nahrungsergaenzungsmittel\\\/pflanzenheilkunde-gleichgewicht-durch-heilpflanzen\\\/kraeuter-und-pflanzen\\\/suessholz-lakritze-suessholzwurzel\\\/\",\"url\":\"https:\\\/\\\/bien-etreiris.ch\\\/de\\\/produktpraesentation\\\/gesundes-leben\\\/nahrungsergaenzungsmittel\\\/pflanzenheilkunde-gleichgewicht-durch-heilpflanzen\\\/kraeuter-und-pflanzen\\\/suessholz-lakritze-suessholzwurzel\\\/\",\"name\":\"S\u00dcSSHOLZ - WOHLBEFINDEN\",\"isPartOf\":{\"@id\":\"https:\\\/\\\/bien-etreiris.ch\\\/de\\\/#website\"},\"primaryImageOfPage\":{\"@id\":\"https:\\\/\\\/bien-etreiris.ch\\\/de\\\/produktpraesentation\\\/gesundes-leben\\\/nahrungsergaenzungsmittel\\\/pflanzenheilkunde-gleichgewicht-durch-heilpflanzen\\\/kraeuter-und-pflanzen\\\/suessholz-lakritze-suessholzwurzel\\\/#primaryimage\"},\"image\":{\"@id\":\"https:\\\/\\\/bien-etreiris.ch\\\/de\\\/produktpraesentation\\\/gesundes-leben\\\/nahrungsergaenzungsmittel\\\/pflanzenheilkunde-gleichgewicht-durch-heilpflanzen\\\/kraeuter-und-pflanzen\\\/suessholz-lakritze-suessholzwurzel\\\/#primaryimage\"},\"thumbnailUrl\":\"https:\\\/\\\/bien-etreiris.ch\\\/wp-content\\\/uploads\\\/2022\\\/09\\\/acceuil-racine-de-reglisse.png\",\"datePublished\":\"2020-12-22T06:22:45+00:00\",\"dateModified\":\"2023-12-08T21:50:27+00:00\",\"breadcrumb\":{\"@id\":\"https:\\\/\\\/bien-etreiris.ch\\\/de\\\/produktpraesentation\\\/gesundes-leben\\\/nahrungsergaenzungsmittel\\\/pflanzenheilkunde-gleichgewicht-durch-heilpflanzen\\\/kraeuter-und-pflanzen\\\/suessholz-lakritze-suessholzwurzel\\\/#breadcrumb\"},\"inLanguage\":\"de\",\"potentialAction\":[{\"@type\":\"ReadAction\",\"target\":[\"https:\\\/\\\/bien-etreiris.ch\\\/de\\\/produktpraesentation\\\/gesundes-leben\\\/nahrungsergaenzungsmittel\\\/pflanzenheilkunde-gleichgewicht-durch-heilpflanzen\\\/kraeuter-und-pflanzen\\\/suessholz-lakritze-suessholzwurzel\\\/\"]}]},{\"@type\":\"ImageObject\",\"inLanguage\":\"de\",\"@id\":\"https:\\\/\\\/bien-etreiris.ch\\\/de\\\/produktpraesentation\\\/gesundes-leben\\\/nahrungsergaenzungsmittel\\\/pflanzenheilkunde-gleichgewicht-durch-heilpflanzen\\\/kraeuter-und-pflanzen\\\/suessholz-lakritze-suessholzwurzel\\\/#primaryimage\",\"url\":\"https:\\\/\\\/bien-etreiris.ch\\\/wp-content\\\/uploads\\\/2022\\\/09\\\/acceuil-racine-de-reglisse.png\",\"contentUrl\":\"https:\\\/\\\/bien-etreiris.ch\\\/wp-content\\\/uploads\\\/2022\\\/09\\\/acceuil-racine-de-reglisse.png\",\"width\":500,\"height\":310},{\"@type\":\"BreadcrumbList\",\"@id\":\"https:\\\/\\\/bien-etreiris.ch\\\/de\\\/produktpraesentation\\\/gesundes-leben\\\/nahrungsergaenzungsmittel\\\/pflanzenheilkunde-gleichgewicht-durch-heilpflanzen\\\/kraeuter-und-pflanzen\\\/suessholz-lakritze-suessholzwurzel\\\/#breadcrumb\",\"itemListElement\":[{\"@type\":\"ListItem\",\"position\":1,\"name\":\"Home\",\"item\":\"https:\\\/\\\/bien-etreiris.ch\\\/de\\\/\"},{\"@type\":\"ListItem\",\"position\":2,\"name\":\"PRODUKTPR\u00c4SENTATION\",\"item\":\"https:\\\/\\\/bien-etreiris.ch\\\/de\\\/produktpraesentation\\\/\"},{\"@type\":\"ListItem\",\"position\":3,\"name\":\"GESUNDES LEBEN\",\"item\":\"https:\\\/\\\/bien-etreiris.ch\\\/de\\\/produktpraesentation\\\/gesundes-leben\\\/\"},{\"@type\":\"ListItem\",\"position\":4,\"name\":\"NAHRUNGSERG\u00c4NZUNG\",\"item\":\"https:\\\/\\\/bien-etreiris.ch\\\/de\\\/produktpraesentation\\\/gesundes-leben\\\/nahrungsergaenzungsmittel\\\/\"},{\"@type\":\"ListItem\",\"position\":5,\"name\":\"PFLANZENHEILKUNDE\",\"item\":\"https:\\\/\\\/bien-etreiris.ch\\\/de\\\/produktpraesentation\\\/gesundes-leben\\\/nahrungsergaenzungsmittel\\\/pflanzenheilkunde-gleichgewicht-durch-heilpflanzen\\\/\"},{\"@type\":\"ListItem\",\"position\":6,\"name\":\"KR\u00c4UTER &#038; PFLANZEN\",\"item\":\"https:\\\/\\\/bien-etreiris.ch\\\/de\\\/produktpraesentation\\\/gesundes-leben\\\/nahrungsergaenzungsmittel\\\/pflanzenheilkunde-gleichgewicht-durch-heilpflanzen\\\/kraeuter-und-pflanzen\\\/\"},{\"@type\":\"ListItem\",\"position\":7,\"name\":\"S\u00dcSSHOLZ\"}]},{\"@type\":\"WebSite\",\"@id\":\"https:\\\/\\\/bien-etreiris.ch\\\/de\\\/#website\",\"url\":\"https:\\\/\\\/bien-etreiris.ch\\\/de\\\/\",\"name\":\"Bien-\u00eatre Iris\",\"description\":\"IHRE Gesundheit ist uns wichtig\",\"potentialAction\":[{\"@type\":\"SearchAction\",\"target\":{\"@type\":\"EntryPoint\",\"urlTemplate\":\"https:\\\/\\\/bien-etreiris.ch\\\/de\\\/?s={search_term_string}\"},\"query-input\":{\"@type\":\"PropertyValueSpecification\",\"valueRequired\":true,\"valueName\":\"search_term_string\"}}],\"inLanguage\":\"de\"}]}<\/script>\n<!-- \/ Yoast SEO plugin. -->","yoast_head_json":{"title":"S\u00dcSSHOLZ - WOHLBEFINDEN","robots":{"index":"index","follow":"follow","max-snippet":"max-snippet:-1","max-image-preview":"max-image-preview:large","max-video-preview":"max-video-preview:-1"},"canonical":"https:\/\/bien-etreiris.ch\/de\/produktpraesentation\/gesundes-leben\/nahrungsergaenzungsmittel\/pflanzenheilkunde-gleichgewicht-durch-heilpflanzen\/kraeuter-und-pflanzen\/suessholz-lakritze-suessholzwurzel\/","og_locale":"de_DE","og_type":"article","og_title":"S\u00dcSSHOLZ - WOHLBEFINDEN","og_description":"S\u00fcssholz auch Lakritze genannt BIO - Glycyrrhiza glabra L. &nbsp; &nbsp; &nbsp; &nbsp; &nbsp; &nbsp; DIXA Geschnittene Wurzel der S\u00fcssholzpflanze Glycyrrhiza glabra L. conc. lose ab 5 g CHF Wurzel der S\u00fcssholzpflanze gemahlen Glycyrrhiza glabra L. pulv lose ab 5 g &nbsp; &nbsp; &nbsp; &nbsp; S\u00fcssholz ist eine krautige Pflanze, die zwischen 1 und 4,50 m hoch wird. Sie ist&nbsp;Weiter lesen","og_url":"https:\/\/bien-etreiris.ch\/de\/produktpraesentation\/gesundes-leben\/nahrungsergaenzungsmittel\/pflanzenheilkunde-gleichgewicht-durch-heilpflanzen\/kraeuter-und-pflanzen\/suessholz-lakritze-suessholzwurzel\/","og_site_name":"WOHLBEFINDEN","article_publisher":"https:\/\/www.facebook.com\/bienetreiris\/","article_modified_time":"2023-12-08T21:50:27+00:00","og_image":[{"width":500,"height":310,"url":"https:\/\/bien-etreiris.ch\/wp-content\/uploads\/2022\/09\/acceuil-racine-de-reglisse.png","type":"image\/png"}],"twitter_misc":{"Gesch\u00e4tzte Lesezeit":"3\u00a0Minuten"},"schema":{"@context":"https:\/\/schema.org","@graph":[{"@type":"WebPage","@id":"https:\/\/bien-etreiris.ch\/de\/produktpraesentation\/gesundes-leben\/nahrungsergaenzungsmittel\/pflanzenheilkunde-gleichgewicht-durch-heilpflanzen\/kraeuter-und-pflanzen\/suessholz-lakritze-suessholzwurzel\/","url":"https:\/\/bien-etreiris.ch\/de\/produktpraesentation\/gesundes-leben\/nahrungsergaenzungsmittel\/pflanzenheilkunde-gleichgewicht-durch-heilpflanzen\/kraeuter-und-pflanzen\/suessholz-lakritze-suessholzwurzel\/","name":"S\u00dcSSHOLZ - WOHLBEFINDEN","isPartOf":{"@id":"https:\/\/bien-etreiris.ch\/de\/#website"},"primaryImageOfPage":{"@id":"https:\/\/bien-etreiris.ch\/de\/produktpraesentation\/gesundes-leben\/nahrungsergaenzungsmittel\/pflanzenheilkunde-gleichgewicht-durch-heilpflanzen\/kraeuter-und-pflanzen\/suessholz-lakritze-suessholzwurzel\/#primaryimage"},"image":{"@id":"https:\/\/bien-etreiris.ch\/de\/produktpraesentation\/gesundes-leben\/nahrungsergaenzungsmittel\/pflanzenheilkunde-gleichgewicht-durch-heilpflanzen\/kraeuter-und-pflanzen\/suessholz-lakritze-suessholzwurzel\/#primaryimage"},"thumbnailUrl":"https:\/\/bien-etreiris.ch\/wp-content\/uploads\/2022\/09\/acceuil-racine-de-reglisse.png","datePublished":"2020-12-22T06:22:45+00:00","dateModified":"2023-12-08T21:50:27+00:00","breadcrumb":{"@id":"https:\/\/bien-etreiris.ch\/de\/produktpraesentation\/gesundes-leben\/nahrungsergaenzungsmittel\/pflanzenheilkunde-gleichgewicht-durch-heilpflanzen\/kraeuter-und-pflanzen\/suessholz-lakritze-suessholzwurzel\/#breadcrumb"},"inLanguage":"de","potentialAction":[{"@type":"ReadAction","target":["https:\/\/bien-etreiris.ch\/de\/produktpraesentation\/gesundes-leben\/nahrungsergaenzungsmittel\/pflanzenheilkunde-gleichgewicht-durch-heilpflanzen\/kraeuter-und-pflanzen\/suessholz-lakritze-suessholzwurzel\/"]}]},{"@type":"ImageObject","inLanguage":"de","@id":"https:\/\/bien-etreiris.ch\/de\/produktpraesentation\/gesundes-leben\/nahrungsergaenzungsmittel\/pflanzenheilkunde-gleichgewicht-durch-heilpflanzen\/kraeuter-und-pflanzen\/suessholz-lakritze-suessholzwurzel\/#primaryimage","url":"https:\/\/bien-etreiris.ch\/wp-content\/uploads\/2022\/09\/acceuil-racine-de-reglisse.png","contentUrl":"https:\/\/bien-etreiris.ch\/wp-content\/uploads\/2022\/09\/acceuil-racine-de-reglisse.png","width":500,"height":310},{"@type":"BreadcrumbList","@id":"https:\/\/bien-etreiris.ch\/de\/produktpraesentation\/gesundes-leben\/nahrungsergaenzungsmittel\/pflanzenheilkunde-gleichgewicht-durch-heilpflanzen\/kraeuter-und-pflanzen\/suessholz-lakritze-suessholzwurzel\/#breadcrumb","itemListElement":[{"@type":"ListItem","position":1,"name":"Home","item":"https:\/\/bien-etreiris.ch\/de\/"},{"@type":"ListItem","position":2,"name":"PRODUKTPR\u00c4SENTATION","item":"https:\/\/bien-etreiris.ch\/de\/produktpraesentation\/"},{"@type":"ListItem","position":3,"name":"GESUNDES LEBEN","item":"https:\/\/bien-etreiris.ch\/de\/produktpraesentation\/gesundes-leben\/"},{"@type":"ListItem","position":4,"name":"NAHRUNGSERG\u00c4NZUNG","item":"https:\/\/bien-etreiris.ch\/de\/produktpraesentation\/gesundes-leben\/nahrungsergaenzungsmittel\/"},{"@type":"ListItem","position":5,"name":"PFLANZENHEILKUNDE","item":"https:\/\/bien-etreiris.ch\/de\/produktpraesentation\/gesundes-leben\/nahrungsergaenzungsmittel\/pflanzenheilkunde-gleichgewicht-durch-heilpflanzen\/"},{"@type":"ListItem","position":6,"name":"KR\u00c4UTER &#038; PFLANZEN","item":"https:\/\/bien-etreiris.ch\/de\/produktpraesentation\/gesundes-leben\/nahrungsergaenzungsmittel\/pflanzenheilkunde-gleichgewicht-durch-heilpflanzen\/kraeuter-und-pflanzen\/"},{"@type":"ListItem","position":7,"name":"S\u00dcSSHOLZ"}]},{"@type":"WebSite","@id":"https:\/\/bien-etreiris.ch\/de\/#website","url":"https:\/\/bien-etreiris.ch\/de\/","name":"Bien-\u00eatre Iris","description":"IHRE Gesundheit ist uns wichtig","potentialAction":[{"@type":"SearchAction","target":{"@type":"EntryPoint","urlTemplate":"https:\/\/bien-etreiris.ch\/de\/?s={search_term_string}"},"query-input":{"@type":"PropertyValueSpecification","valueRequired":true,"valueName":"search_term_string"}}],"inLanguage":"de"}]}},"_links":{"self":[{"href":"https:\/\/bien-etreiris.ch\/de\/wp-json\/wp\/v2\/pages\/36905","targetHints":{"allow":["GET"]}}],"collection":[{"href":"https:\/\/bien-etreiris.ch\/de\/wp-json\/wp\/v2\/pages"}],"about":[{"href":"https:\/\/bien-etreiris.ch\/de\/wp-json\/wp\/v2\/types\/page"}],"author":[{"embeddable":true,"href":"https:\/\/bien-etreiris.ch\/de\/wp-json\/wp\/v2\/users\/1"}],"replies":[{"embeddable":true,"href":"https:\/\/bien-etreiris.ch\/de\/wp-json\/wp\/v2\/comments?post=36905"}],"version-history":[{"count":7,"href":"https:\/\/bien-etreiris.ch\/de\/wp-json\/wp\/v2\/pages\/36905\/revisions"}],"predecessor-version":[{"id":81902,"href":"https:\/\/bien-etreiris.ch\/de\/wp-json\/wp\/v2\/pages\/36905\/revisions\/81902"}],"up":[{"embeddable":true,"href":"https:\/\/bien-etreiris.ch\/de\/wp-json\/wp\/v2\/pages\/30677"}],"wp:featuredmedia":[{"embeddable":true,"href":"https:\/\/bien-etreiris.ch\/de\/wp-json\/wp\/v2\/media\/59640"}],"wp:attachment":[{"href":"https:\/\/bien-etreiris.ch\/de\/wp-json\/wp\/v2\/media?parent=36905"}],"curies":[{"name":"wp","href":"https:\/\/api.w.org\/{rel}","templated":true}]}}