{"id":36719,"date":"2020-12-22T05:29:30","date_gmt":"2020-12-22T05:29:30","guid":{"rendered":"https:\/\/bien-etreiris.ch\/?page_id=36719"},"modified":"2023-12-06T13:37:40","modified_gmt":"2023-12-06T11:37:40","slug":"hibiskus-karkade","status":"publish","type":"page","link":"https:\/\/bien-etreiris.ch\/de\/produktpraesentation\/gesundes-leben\/nahrungsergaenzungsmittel\/pflanzenheilkunde-gleichgewicht-durch-heilpflanzen\/kraeuter-und-pflanzen\/hibiskus-karkade\/","title":{"rendered":"HIBISKUS"},"content":{"rendered":"\n<h2 class=\"wp-block-heading\">Hibiskus (Karkade) - Hibisci sabdariffae<\/h2>\n\n\n<h4><span style=\"color: #ffff00;\"><a style=\"color: #ffff00;\" href=\"https:\/\/bien-etreiris.ch\/wp-content\/uploads\/2022\/09\/titre-hybiskus.png\"><img loading=\"lazy\" decoding=\"async\" class=\"wp-image-59475 size-full alignleft\" src=\"https:\/\/bien-etreiris.ch\/wp-content\/uploads\/2022\/09\/titre-hybiskus.png\" alt=\"\" width=\"500\" height=\"500\" srcset=\"https:\/\/bien-etreiris.ch\/wp-content\/uploads\/2022\/09\/titre-hybiskus.png 500w, https:\/\/bien-etreiris.ch\/wp-content\/uploads\/2022\/09\/titre-hybiskus-300x300.png 300w, https:\/\/bien-etreiris.ch\/wp-content\/uploads\/2022\/09\/titre-hybiskus-150x150.png 150w\" sizes=\"auto, (max-width: 500px) 100vw, 500px\" \/><\/a><\/span><\/h4>\n<h4>&nbsp;<\/h4>\n<h4>&nbsp;<\/h4>\n<h4>&nbsp;<\/h4>\n<h4>&nbsp;<\/h4>\n<h4>&nbsp;<\/h4>\n<h4>&nbsp;<\/h4>\n<h4><a href=\"https:\/\/bien-etreiris.ch\/de\/unsere-marken\/sonnentor\/\" target=\"_blank\" rel=\"noopener\"><span style=\"color: #ffff00;\">Sonnentor<\/span><\/a><\/h4>\n<p>&nbsp;<\/p>\n<p>&nbsp;<\/p>\n<p>&nbsp;<\/p>\n<p>&nbsp;<\/p>\n<h4><a href=\"https:\/\/bien-etreiris.ch\/de\/unsere-marken\/dixa\/\" target=\"_blank\" rel=\"noopener\"><span style=\"color: #ffff00;\">DIXA<\/span><\/a><\/h4>\n<p>Hibiskus (Karkade) ganze Bl\u00fcte<\/p>\n<p>Hibisci sabdariffae PHEur BIO flos tot<\/p>\n<p>offen ab 5 g <strong>CHF 0.20<\/strong><\/p>\n<p>&nbsp;<\/p>\n<p>&nbsp;<\/p>\n<p>&nbsp;<\/p>\n<p>&nbsp;<\/p>\n<p>Der Hibiskus ist vor allem f\u00fcr seinen Aufguss bekannt, der auch Bissap oder Karkade genannt wird. Er birgt viele positive Eigenschaften.<\/p>\n<p>&nbsp;<\/p>\n<h4>Empfohlene Verwendungsarten<\/h4>\n<p><em><strong>Als Aufguss<\/strong><\/em><\/p>\n<p>\u00dcbergiessen Sie den Gegenwert von 1 Essl\u00f6ffel der Pflanze pro Tasse mit heissem Wasser und lassen Sie den Tee 5 bis 10 Minuten ziehen. 2 bis 3 Tassen pro Tag trinken. Heiss oder kalt konsumieren.<\/p>\n<p><em><strong>Als Lotion<\/strong><\/em><\/p>\n<p>Den Gegenwert von 2 Essl\u00f6ffeln getrockneter Bl\u00fcten mit 1\/2 L hei\u00dfssm Wasser \u00fcbergiessen. 5 bis 10 Minuten ziehen lassen. Filtern und abk\u00fchlen lassen. Die Mischung direkt auf die Haut oder das Haar auftragen.<\/p>\n<p>&nbsp;<\/p>\n<h4><span style=\"color: #ff0000;\">Vorsichtsmassnahmen<\/span> f\u00fcr die Anwendung<\/h4>\n<p>Schwangeren Frauen wird von der Anwendung abgeraten.<\/p>\n<p>&nbsp;<\/p>\n<div>\n<p>&nbsp;<\/p>\n<\/div>\n<div class=\"block-caution-dryp vc_row wpb_row vc_row-fluid boxed_row row-collapsable\">\n<div class=\"vc_col-sm-12 boxed_col wpb_column vc_column_container\">\n<div class=\"wpb_wrapper\">\n<h2><a href=\"https:\/\/bien-etreiris.ch\/de\/ratgeber-klarheit-beratung\/natuerliche-heilmittel\/pflanzenheilkunde\/heilpflanzen\/hibiskus-karkade\/\" target=\"_blank\" rel=\"noopener\"><em><span style=\"color: #99cc00;\">Wenn Sie mehr \u00fcber Hibiskus erfahren m\u00f6chten, klicken Sie bitte hier.<\/span><\/em><\/a><\/h2>\n<\/div>\n<\/div>\n<\/div>","protected":false},"excerpt":{"rendered":"<p>Hibiskus (Karkade) - Hibisci sabdariffae &nbsp; &nbsp; &nbsp; &nbsp; &nbsp; &nbsp; Sonnentor &nbsp; &nbsp; &nbsp; &nbsp; DIXA Hibiskus (Karkade) ganze Bl\u00fcte Hibisci sabdariffae PHEur BIO flos tot offen ab 5 g CHF 0.20 &nbsp; &nbsp; &nbsp; &nbsp; Der Hibiskus ist vor allem f\u00fcr seinen Aufguss bekannt, der auch Bissap oder Karkade genannt wird. Er birgt viele positive Eigenschaften. &nbsp; Empfohlene&nbsp;<a href=\"https:\/\/bien-etreiris.ch\/de\/produktpraesentation\/gesundes-leben\/nahrungsergaenzungsmittel\/pflanzenheilkunde-gleichgewicht-durch-heilpflanzen\/kraeuter-und-pflanzen\/hibiskus-karkade\/\" class=\"read-more\">Weiter lesen<\/a><\/p>\n","protected":false},"author":1,"featured_media":59481,"parent":30677,"menu_order":6528,"comment_status":"closed","ping_status":"closed","template":"page-with-child.php","meta":{"_acf_changed":false,"ngg_post_thumbnail":0,"footnotes":""},"class_list":["post-36719","page","type-page","status-publish","has-post-thumbnail","hentry"],"acf":[],"yoast_head":"<!-- This site is optimized with the Yoast SEO plugin v27.6 - https:\/\/yoast.com\/product\/yoast-seo-wordpress\/ -->\n<title>HIBISKUS - WOHLBEFINDEN<\/title>\n<meta name=\"robots\" content=\"index, follow, max-snippet:-1, max-image-preview:large, max-video-preview:-1\" \/>\n<link rel=\"canonical\" href=\"https:\/\/bien-etreiris.ch\/de\/produktpraesentation\/gesundes-leben\/nahrungsergaenzungsmittel\/pflanzenheilkunde-gleichgewicht-durch-heilpflanzen\/kraeuter-und-pflanzen\/hibiskus-karkade\/\" \/>\n<meta property=\"og:locale\" content=\"de_DE\" \/>\n<meta property=\"og:type\" content=\"article\" \/>\n<meta property=\"og:title\" content=\"HIBISKUS - WOHLBEFINDEN\" \/>\n<meta property=\"og:description\" content=\"Hibiskus (Karkade) - Hibisci sabdariffae &nbsp; &nbsp; &nbsp; &nbsp; &nbsp; &nbsp; Sonnentor &nbsp; &nbsp; &nbsp; &nbsp; DIXA Hibiskus (Karkade) ganze Bl\u00fcte Hibisci sabdariffae PHEur BIO flos tot offen ab 5 g CHF 0.20 &nbsp; &nbsp; &nbsp; &nbsp; Der Hibiskus ist vor allem f\u00fcr seinen Aufguss bekannt, der auch Bissap oder Karkade genannt wird. Er birgt viele positive Eigenschaften. &nbsp; Empfohlene&nbsp;Weiter lesen\" \/>\n<meta property=\"og:url\" content=\"https:\/\/bien-etreiris.ch\/de\/produktpraesentation\/gesundes-leben\/nahrungsergaenzungsmittel\/pflanzenheilkunde-gleichgewicht-durch-heilpflanzen\/kraeuter-und-pflanzen\/hibiskus-karkade\/\" \/>\n<meta property=\"og:site_name\" content=\"WOHLBEFINDEN\" \/>\n<meta property=\"article:publisher\" content=\"https:\/\/www.facebook.com\/bienetreiris\/\" \/>\n<meta property=\"article:modified_time\" content=\"2023-12-06T11:37:40+00:00\" \/>\n<meta property=\"og:image\" content=\"https:\/\/bien-etreiris.ch\/wp-content\/uploads\/2022\/09\/acceuil-hybiskus.png\" \/>\n\t<meta property=\"og:image:width\" content=\"500\" \/>\n\t<meta property=\"og:image:height\" content=\"310\" \/>\n\t<meta property=\"og:image:type\" content=\"image\/png\" \/>\n<meta name=\"twitter:label1\" content=\"Gesch\u00e4tzte Lesezeit\" \/>\n\t<meta name=\"twitter:data1\" content=\"1\u00a0Minute\" \/>\n<script type=\"application\/ld+json\" class=\"yoast-schema-graph\">{\"@context\":\"https:\\\/\\\/schema.org\",\"@graph\":[{\"@type\":\"WebPage\",\"@id\":\"https:\\\/\\\/bien-etreiris.ch\\\/de\\\/produktpraesentation\\\/gesundes-leben\\\/nahrungsergaenzungsmittel\\\/pflanzenheilkunde-gleichgewicht-durch-heilpflanzen\\\/kraeuter-und-pflanzen\\\/hibiskus-karkade\\\/\",\"url\":\"https:\\\/\\\/bien-etreiris.ch\\\/de\\\/produktpraesentation\\\/gesundes-leben\\\/nahrungsergaenzungsmittel\\\/pflanzenheilkunde-gleichgewicht-durch-heilpflanzen\\\/kraeuter-und-pflanzen\\\/hibiskus-karkade\\\/\",\"name\":\"HIBISKUS - WOHLBEFINDEN\",\"isPartOf\":{\"@id\":\"https:\\\/\\\/bien-etreiris.ch\\\/de\\\/#website\"},\"primaryImageOfPage\":{\"@id\":\"https:\\\/\\\/bien-etreiris.ch\\\/de\\\/produktpraesentation\\\/gesundes-leben\\\/nahrungsergaenzungsmittel\\\/pflanzenheilkunde-gleichgewicht-durch-heilpflanzen\\\/kraeuter-und-pflanzen\\\/hibiskus-karkade\\\/#primaryimage\"},\"image\":{\"@id\":\"https:\\\/\\\/bien-etreiris.ch\\\/de\\\/produktpraesentation\\\/gesundes-leben\\\/nahrungsergaenzungsmittel\\\/pflanzenheilkunde-gleichgewicht-durch-heilpflanzen\\\/kraeuter-und-pflanzen\\\/hibiskus-karkade\\\/#primaryimage\"},\"thumbnailUrl\":\"https:\\\/\\\/bien-etreiris.ch\\\/wp-content\\\/uploads\\\/2022\\\/09\\\/acceuil-hybiskus.png\",\"datePublished\":\"2020-12-22T05:29:30+00:00\",\"dateModified\":\"2023-12-06T11:37:40+00:00\",\"breadcrumb\":{\"@id\":\"https:\\\/\\\/bien-etreiris.ch\\\/de\\\/produktpraesentation\\\/gesundes-leben\\\/nahrungsergaenzungsmittel\\\/pflanzenheilkunde-gleichgewicht-durch-heilpflanzen\\\/kraeuter-und-pflanzen\\\/hibiskus-karkade\\\/#breadcrumb\"},\"inLanguage\":\"de\",\"potentialAction\":[{\"@type\":\"ReadAction\",\"target\":[\"https:\\\/\\\/bien-etreiris.ch\\\/de\\\/produktpraesentation\\\/gesundes-leben\\\/nahrungsergaenzungsmittel\\\/pflanzenheilkunde-gleichgewicht-durch-heilpflanzen\\\/kraeuter-und-pflanzen\\\/hibiskus-karkade\\\/\"]}]},{\"@type\":\"ImageObject\",\"inLanguage\":\"de\",\"@id\":\"https:\\\/\\\/bien-etreiris.ch\\\/de\\\/produktpraesentation\\\/gesundes-leben\\\/nahrungsergaenzungsmittel\\\/pflanzenheilkunde-gleichgewicht-durch-heilpflanzen\\\/kraeuter-und-pflanzen\\\/hibiskus-karkade\\\/#primaryimage\",\"url\":\"https:\\\/\\\/bien-etreiris.ch\\\/wp-content\\\/uploads\\\/2022\\\/09\\\/acceuil-hybiskus.png\",\"contentUrl\":\"https:\\\/\\\/bien-etreiris.ch\\\/wp-content\\\/uploads\\\/2022\\\/09\\\/acceuil-hybiskus.png\",\"width\":500,\"height\":310},{\"@type\":\"BreadcrumbList\",\"@id\":\"https:\\\/\\\/bien-etreiris.ch\\\/de\\\/produktpraesentation\\\/gesundes-leben\\\/nahrungsergaenzungsmittel\\\/pflanzenheilkunde-gleichgewicht-durch-heilpflanzen\\\/kraeuter-und-pflanzen\\\/hibiskus-karkade\\\/#breadcrumb\",\"itemListElement\":[{\"@type\":\"ListItem\",\"position\":1,\"name\":\"Home\",\"item\":\"https:\\\/\\\/bien-etreiris.ch\\\/de\\\/\"},{\"@type\":\"ListItem\",\"position\":2,\"name\":\"PRODUKTPR\u00c4SENTATION\",\"item\":\"https:\\\/\\\/bien-etreiris.ch\\\/de\\\/produktpraesentation\\\/\"},{\"@type\":\"ListItem\",\"position\":3,\"name\":\"GESUNDES LEBEN\",\"item\":\"https:\\\/\\\/bien-etreiris.ch\\\/de\\\/produktpraesentation\\\/gesundes-leben\\\/\"},{\"@type\":\"ListItem\",\"position\":4,\"name\":\"NAHRUNGSERG\u00c4NZUNG\",\"item\":\"https:\\\/\\\/bien-etreiris.ch\\\/de\\\/produktpraesentation\\\/gesundes-leben\\\/nahrungsergaenzungsmittel\\\/\"},{\"@type\":\"ListItem\",\"position\":5,\"name\":\"PFLANZENHEILKUNDE\",\"item\":\"https:\\\/\\\/bien-etreiris.ch\\\/de\\\/produktpraesentation\\\/gesundes-leben\\\/nahrungsergaenzungsmittel\\\/pflanzenheilkunde-gleichgewicht-durch-heilpflanzen\\\/\"},{\"@type\":\"ListItem\",\"position\":6,\"name\":\"KR\u00c4UTER &#038; PFLANZEN\",\"item\":\"https:\\\/\\\/bien-etreiris.ch\\\/de\\\/produktpraesentation\\\/gesundes-leben\\\/nahrungsergaenzungsmittel\\\/pflanzenheilkunde-gleichgewicht-durch-heilpflanzen\\\/kraeuter-und-pflanzen\\\/\"},{\"@type\":\"ListItem\",\"position\":7,\"name\":\"HIBISKUS\"}]},{\"@type\":\"WebSite\",\"@id\":\"https:\\\/\\\/bien-etreiris.ch\\\/de\\\/#website\",\"url\":\"https:\\\/\\\/bien-etreiris.ch\\\/de\\\/\",\"name\":\"Bien-\u00eatre Iris\",\"description\":\"IHRE Gesundheit ist uns wichtig\",\"potentialAction\":[{\"@type\":\"SearchAction\",\"target\":{\"@type\":\"EntryPoint\",\"urlTemplate\":\"https:\\\/\\\/bien-etreiris.ch\\\/de\\\/?s={search_term_string}\"},\"query-input\":{\"@type\":\"PropertyValueSpecification\",\"valueRequired\":true,\"valueName\":\"search_term_string\"}}],\"inLanguage\":\"de\"}]}<\/script>\n<!-- \/ Yoast SEO plugin. -->","yoast_head_json":{"title":"HIBISKUS - WOHLBEFINDEN","robots":{"index":"index","follow":"follow","max-snippet":"max-snippet:-1","max-image-preview":"max-image-preview:large","max-video-preview":"max-video-preview:-1"},"canonical":"https:\/\/bien-etreiris.ch\/de\/produktpraesentation\/gesundes-leben\/nahrungsergaenzungsmittel\/pflanzenheilkunde-gleichgewicht-durch-heilpflanzen\/kraeuter-und-pflanzen\/hibiskus-karkade\/","og_locale":"de_DE","og_type":"article","og_title":"HIBISKUS - WOHLBEFINDEN","og_description":"Hibiskus (Karkade) - Hibisci sabdariffae &nbsp; &nbsp; &nbsp; &nbsp; &nbsp; &nbsp; Sonnentor &nbsp; &nbsp; &nbsp; &nbsp; DIXA Hibiskus (Karkade) ganze Bl\u00fcte Hibisci sabdariffae PHEur BIO flos tot offen ab 5 g CHF 0.20 &nbsp; &nbsp; &nbsp; &nbsp; Der Hibiskus ist vor allem f\u00fcr seinen Aufguss bekannt, der auch Bissap oder Karkade genannt wird. Er birgt viele positive Eigenschaften. &nbsp; Empfohlene&nbsp;Weiter lesen","og_url":"https:\/\/bien-etreiris.ch\/de\/produktpraesentation\/gesundes-leben\/nahrungsergaenzungsmittel\/pflanzenheilkunde-gleichgewicht-durch-heilpflanzen\/kraeuter-und-pflanzen\/hibiskus-karkade\/","og_site_name":"WOHLBEFINDEN","article_publisher":"https:\/\/www.facebook.com\/bienetreiris\/","article_modified_time":"2023-12-06T11:37:40+00:00","og_image":[{"width":500,"height":310,"url":"https:\/\/bien-etreiris.ch\/wp-content\/uploads\/2022\/09\/acceuil-hybiskus.png","type":"image\/png"}],"twitter_misc":{"Gesch\u00e4tzte Lesezeit":"1\u00a0Minute"},"schema":{"@context":"https:\/\/schema.org","@graph":[{"@type":"WebPage","@id":"https:\/\/bien-etreiris.ch\/de\/produktpraesentation\/gesundes-leben\/nahrungsergaenzungsmittel\/pflanzenheilkunde-gleichgewicht-durch-heilpflanzen\/kraeuter-und-pflanzen\/hibiskus-karkade\/","url":"https:\/\/bien-etreiris.ch\/de\/produktpraesentation\/gesundes-leben\/nahrungsergaenzungsmittel\/pflanzenheilkunde-gleichgewicht-durch-heilpflanzen\/kraeuter-und-pflanzen\/hibiskus-karkade\/","name":"HIBISKUS - WOHLBEFINDEN","isPartOf":{"@id":"https:\/\/bien-etreiris.ch\/de\/#website"},"primaryImageOfPage":{"@id":"https:\/\/bien-etreiris.ch\/de\/produktpraesentation\/gesundes-leben\/nahrungsergaenzungsmittel\/pflanzenheilkunde-gleichgewicht-durch-heilpflanzen\/kraeuter-und-pflanzen\/hibiskus-karkade\/#primaryimage"},"image":{"@id":"https:\/\/bien-etreiris.ch\/de\/produktpraesentation\/gesundes-leben\/nahrungsergaenzungsmittel\/pflanzenheilkunde-gleichgewicht-durch-heilpflanzen\/kraeuter-und-pflanzen\/hibiskus-karkade\/#primaryimage"},"thumbnailUrl":"https:\/\/bien-etreiris.ch\/wp-content\/uploads\/2022\/09\/acceuil-hybiskus.png","datePublished":"2020-12-22T05:29:30+00:00","dateModified":"2023-12-06T11:37:40+00:00","breadcrumb":{"@id":"https:\/\/bien-etreiris.ch\/de\/produktpraesentation\/gesundes-leben\/nahrungsergaenzungsmittel\/pflanzenheilkunde-gleichgewicht-durch-heilpflanzen\/kraeuter-und-pflanzen\/hibiskus-karkade\/#breadcrumb"},"inLanguage":"de","potentialAction":[{"@type":"ReadAction","target":["https:\/\/bien-etreiris.ch\/de\/produktpraesentation\/gesundes-leben\/nahrungsergaenzungsmittel\/pflanzenheilkunde-gleichgewicht-durch-heilpflanzen\/kraeuter-und-pflanzen\/hibiskus-karkade\/"]}]},{"@type":"ImageObject","inLanguage":"de","@id":"https:\/\/bien-etreiris.ch\/de\/produktpraesentation\/gesundes-leben\/nahrungsergaenzungsmittel\/pflanzenheilkunde-gleichgewicht-durch-heilpflanzen\/kraeuter-und-pflanzen\/hibiskus-karkade\/#primaryimage","url":"https:\/\/bien-etreiris.ch\/wp-content\/uploads\/2022\/09\/acceuil-hybiskus.png","contentUrl":"https:\/\/bien-etreiris.ch\/wp-content\/uploads\/2022\/09\/acceuil-hybiskus.png","width":500,"height":310},{"@type":"BreadcrumbList","@id":"https:\/\/bien-etreiris.ch\/de\/produktpraesentation\/gesundes-leben\/nahrungsergaenzungsmittel\/pflanzenheilkunde-gleichgewicht-durch-heilpflanzen\/kraeuter-und-pflanzen\/hibiskus-karkade\/#breadcrumb","itemListElement":[{"@type":"ListItem","position":1,"name":"Home","item":"https:\/\/bien-etreiris.ch\/de\/"},{"@type":"ListItem","position":2,"name":"PRODUKTPR\u00c4SENTATION","item":"https:\/\/bien-etreiris.ch\/de\/produktpraesentation\/"},{"@type":"ListItem","position":3,"name":"GESUNDES LEBEN","item":"https:\/\/bien-etreiris.ch\/de\/produktpraesentation\/gesundes-leben\/"},{"@type":"ListItem","position":4,"name":"NAHRUNGSERG\u00c4NZUNG","item":"https:\/\/bien-etreiris.ch\/de\/produktpraesentation\/gesundes-leben\/nahrungsergaenzungsmittel\/"},{"@type":"ListItem","position":5,"name":"PFLANZENHEILKUNDE","item":"https:\/\/bien-etreiris.ch\/de\/produktpraesentation\/gesundes-leben\/nahrungsergaenzungsmittel\/pflanzenheilkunde-gleichgewicht-durch-heilpflanzen\/"},{"@type":"ListItem","position":6,"name":"KR\u00c4UTER &#038; PFLANZEN","item":"https:\/\/bien-etreiris.ch\/de\/produktpraesentation\/gesundes-leben\/nahrungsergaenzungsmittel\/pflanzenheilkunde-gleichgewicht-durch-heilpflanzen\/kraeuter-und-pflanzen\/"},{"@type":"ListItem","position":7,"name":"HIBISKUS"}]},{"@type":"WebSite","@id":"https:\/\/bien-etreiris.ch\/de\/#website","url":"https:\/\/bien-etreiris.ch\/de\/","name":"Bien-\u00eatre Iris","description":"IHRE Gesundheit ist uns wichtig","potentialAction":[{"@type":"SearchAction","target":{"@type":"EntryPoint","urlTemplate":"https:\/\/bien-etreiris.ch\/de\/?s={search_term_string}"},"query-input":{"@type":"PropertyValueSpecification","valueRequired":true,"valueName":"search_term_string"}}],"inLanguage":"de"}]}},"_links":{"self":[{"href":"https:\/\/bien-etreiris.ch\/de\/wp-json\/wp\/v2\/pages\/36719","targetHints":{"allow":["GET"]}}],"collection":[{"href":"https:\/\/bien-etreiris.ch\/de\/wp-json\/wp\/v2\/pages"}],"about":[{"href":"https:\/\/bien-etreiris.ch\/de\/wp-json\/wp\/v2\/types\/page"}],"author":[{"embeddable":true,"href":"https:\/\/bien-etreiris.ch\/de\/wp-json\/wp\/v2\/users\/1"}],"replies":[{"embeddable":true,"href":"https:\/\/bien-etreiris.ch\/de\/wp-json\/wp\/v2\/comments?post=36719"}],"version-history":[{"count":7,"href":"https:\/\/bien-etreiris.ch\/de\/wp-json\/wp\/v2\/pages\/36719\/revisions"}],"predecessor-version":[{"id":81725,"href":"https:\/\/bien-etreiris.ch\/de\/wp-json\/wp\/v2\/pages\/36719\/revisions\/81725"}],"up":[{"embeddable":true,"href":"https:\/\/bien-etreiris.ch\/de\/wp-json\/wp\/v2\/pages\/30677"}],"wp:featuredmedia":[{"embeddable":true,"href":"https:\/\/bien-etreiris.ch\/de\/wp-json\/wp\/v2\/media\/59481"}],"wp:attachment":[{"href":"https:\/\/bien-etreiris.ch\/de\/wp-json\/wp\/v2\/media?parent=36719"}],"curies":[{"name":"wp","href":"https:\/\/api.w.org\/{rel}","templated":true}]}}