{"id":36634,"date":"2020-12-22T04:58:38","date_gmt":"2020-12-22T04:58:38","guid":{"rendered":"https:\/\/bien-etreiris.ch\/?page_id=36634"},"modified":"2023-12-03T14:15:48","modified_gmt":"2023-12-03T12:15:48","slug":"girofle","status":"publish","type":"page","link":"https:\/\/bien-etreiris.ch\/de\/produktpraesentation\/gesundes-leben\/nahrungsergaenzungsmittel\/pflanzenheilkunde-gleichgewicht-durch-heilpflanzen\/kraeuter-und-pflanzen\/girofle\/","title":{"rendered":"GIROFLE"},"content":{"rendered":"\n<h2 class=\"wp-block-heading\"> <br>Clous de girofle  - Caryophylli flos<\/h2>\n\n\n<p><a href=\"https:\/\/decoiris.ch\/wp-content\/uploads\/2020\/12\/clous-de-girofle.png\"><img loading=\"lazy\" decoding=\"async\" class=\"wp-image-36627 alignleft\" src=\"https:\/\/decoiris.ch\/wp-content\/uploads\/2020\/12\/clous-de-girofle.png\" alt=\"\" width=\"495\" height=\"475\"><\/a><\/p>\n<p>&nbsp;<\/p>\n<p>&nbsp;<\/p>\n<p>&nbsp;<\/p>\n<p>&nbsp;<\/p>\n<p>&nbsp;<\/p>\n<p>&nbsp;<\/p>\n<h4><a href=\"https:\/\/bien-etreiris.ch\/de\/unsere-marken\/sonnentor\/\" target=\"_blank\" rel=\"noopener\"><span style=\"color: #ffff00;\">Sonnentor<\/span><\/a><\/h4>\n<p>Clous de girofle enti\u00e8re<\/p>\n<p>Caryophylli flos tot<\/p>\n<p>1 sachet \u00e0 <strong>CHF<\/strong><\/p>\n<p>&nbsp;<\/p>\n<p>Clous de girofle moulu<\/p>\n<p>Caryophylli flos pulv<\/p>\n<p>1 sachet \u00e0 35 g <strong>CHF 3.10<\/strong><\/p>\n<p>&nbsp;<\/p>\n<h4><a href=\"https:\/\/bien-etreiris.ch\/de\/unsere-marken\/dixa\/\" target=\"_blank\" rel=\"noopener\"><span style=\"color: #ffff00;\">DIXA<\/span><\/a><\/h4>\n<p>Clous de girofle enti\u00e8re<\/p>\n<p>Caryophylli flos tot<\/p>\n<p>en vrac de 5 g <strong>CHF 0.55<br><\/strong><\/p>\n<p>&nbsp;<\/p>\n<p>&nbsp;<\/p>\n<p><br>Quiconque a d\u00e9j\u00e0 mordu sur un clou de girofle n'oubliera jamais son go\u00fbt br\u00fblant et piquant. Pourtant, cette \u00e9pice exotique, lorsqu'elle est bien dos\u00e9e, ne donne pas seulement la touche finale \u00e9pic\u00e9e \u00e0 de nombreux plats, mais rend \u00e9galement de pr\u00e9cieux services \u00e0 ta sant\u00e9.<\/p>\n<p>Les clous de girofle sont les boutons floraux du giroflier de plus de 10 m\u00e8tres de haut, import\u00e9s de Zanzibar, de Madagascar et des Moluques indon\u00e9siennes. Le go\u00fbt et l'odeur sont d\u00e9termin\u00e9s par les huiles essentielles intenses du clou de girofle, qui repr\u00e9sentent 15 % des ingr\u00e9dients.<\/p>\n<p>&nbsp;<\/p>\n<h4>Les clous de girofle comme \u00e9pice dans la cuisine<\/h4>\n<p>Le moyen le plus simple d'utiliser les propri\u00e9t\u00e9s positives du clou de girofle est de l'utiliser comme \u00e9pice dans la cuisine. Seules de petites quantit\u00e9s sont n\u00e9cessaires pour stimuler l'app\u00e9tit ou la digestion. De nombreux plats difficiles \u00e0 dig\u00e9rer comme le chou rouge, la choucroute, les plats consistants \u00e0 base de charcuterie, de viande et de poisson, mais aussi les soupes, les sauces, les marinades et la poudre de curry contiennent des clous de girofle comme additifs. Dans le pain d'\u00e9pices, les sp\u00e9culoos, le vin chaud et les th\u00e9s chai, ils sont irrempla\u00e7ables avec leur ar\u00f4me particulier. Certains conseils smarticulare comprennent des recettes avec des clous de girofle, comme la choucroute faite maison, le sp\u00e9culoos et le th\u00e9 chai.<\/p>\n<p>En cas de probl\u00e8mes gastriques et intestinaux, de nombreuses personnes ont recours au digestif. Mais malgr\u00e9 la pr\u00e9sence de clous de girofle, la teneur en alcool et en sucre de ce breuvage entrave plut\u00f4t la digestion. Un extrait d'eau \u00e0 base de clous de girofle, connu sous le nom d'infusion gastro-intestinale, est plus efficace.<\/p>\n<h4><br>Cette tisane digestive est pr\u00e9par\u00e9e comme suit :<\/h4>\n<p>Verser 150 ml d'eau bouillante sur deux ou trois clous de girofle et laisser infuser \u00e0 couvert pendant dix minutes.<br>Retirer les clous de girofle et boire le th\u00e9 termin\u00e9.<\/p>\n<p>&nbsp;<\/p>\n<h2><a href=\"https:\/\/bien-etreiris.ch\/de\/ratgeber-klarheit-beratung\/natuerliche-heilmittel\/pflanzenheilkunde\/heilpflanzen\/nelken-bluete\/\" target=\"_blank\" rel=\"noopener\"><em><span style=\"color: #99cc00;\">Si vous souhaitez en savoir plus sur la fleur de clou de girofle, cliquez ici.<\/span><\/em><\/a><\/h2>\n<p>&nbsp;<\/p>\n<hr>\n<h2>Racine de Girofle - <em>Geum urbanum<\/em><\/h2>\n<p><span style=\"color: #ffff00;\"><a style=\"color: #ffff00;\" href=\"https:\/\/bien-etreiris.ch\/de\/produktpraesentation\/gesundes-leben\/nahrungsergaenzungsmittel\/pflanzenheilkunde-gleichgewicht-durch-heilpflanzen\/kraeuter-und-pflanzen\/girofle\/racine-de-girofle-presentation-2\/\" rel=\"attachment wp-att-81421\"><img loading=\"lazy\" decoding=\"async\" class=\"size-full wp-image-81421 alignleft\" src=\"https:\/\/bien-etreiris.ch\/wp-content\/uploads\/2023\/12\/racine-de-girofle-presentation.png\" alt=\"\" width=\"500\" height=\"500\" srcset=\"https:\/\/bien-etreiris.ch\/wp-content\/uploads\/2023\/12\/racine-de-girofle-presentation.png 500w, https:\/\/bien-etreiris.ch\/wp-content\/uploads\/2023\/12\/racine-de-girofle-presentation-300x300.png 300w, https:\/\/bien-etreiris.ch\/wp-content\/uploads\/2023\/12\/racine-de-girofle-presentation-150x150.png 150w\" sizes=\"auto, (max-width: 500px) 100vw, 500px\" \/><\/a><\/span><\/p>\n<p>&nbsp;<\/p>\n<p>&nbsp;<\/p>\n<p>&nbsp;<\/p>\n<p>&nbsp;<\/p>\n<p>&nbsp;<\/p>\n<p>&nbsp;<\/p>\n<p>&nbsp;<\/p>\n<h4><a href=\"https:\/\/bien-etreiris.ch\/de\/unsere-marken\/dixa\/\" target=\"_blank\" rel=\"noopener\"><span style=\"color: #ffff00;\">DIXA<\/span><\/a><\/h4>\n<p>Racine de Girofle<\/p>\n<p><em>Caryophyllatae (Geum urbanum) BIO radix conc<br><\/em><\/p>\n<p>en vrac de 5 g <strong>CHF 0.60<\/strong><\/p>\n<p>&nbsp;<\/p>\n<p>&nbsp;<\/p>\n<p>&nbsp;<\/p>\n<p>&nbsp;<\/p>\n<p>D\u00e9couvrez le pouvoir naturel du tisane \u00e0 la racine de girofle. Nous utilisons des racines soigneusement s\u00e9ch\u00e9es de la v\u00e9ritable racine de girofle pour vous offrir une exp\u00e9rience gustative pure et authentique. La racine de clou de girofle est utilis\u00e9e depuis des si\u00e8cles dans la m\u00e9decine traditionnelle et est connue pour ses propri\u00e9t\u00e9s. Notre th\u00e9 est soigneusement r\u00e9colt\u00e9 et trait\u00e9 \u00e0 la main afin de garantir la pr\u00e9servation de tous ses pr\u00e9cieux ingr\u00e9dients. La racine de girofle a \u00e9galement \u00e9t\u00e9 recommand\u00e9e comme plante m\u00e9dicinale par le pasteur K\u00fcnzle et on la retrouve encore aujourd'hui dans de nombreux rem\u00e8des naturels. Sa c\u00e9l\u00e8bre tisane Professorentee est un m\u00e9lange de racine de clou de girofle et d'autres herbes.<\/p>\n<p>Le go\u00fbt du th\u00e9 \u00e0 la racine de clou de girofle est agr\u00e9ablement \u00e9pic\u00e9, avec une l\u00e9g\u00e8re douceur. Il convient parfaitement comme alternative au caf\u00e9 ou au th\u00e9 noir et peut \u00eatre d\u00e9gust\u00e9 aussi bien chaud que froid. Le th\u00e9 ne contient pas d'ar\u00f4mes artificiels ni d'additifs et est donc un produit purement naturel.<\/p>\n<p>&nbsp;<\/p>\n<h4>Tisane \u00e0 la racine de clou de girofle<\/h4>\n<p>Versez 1 \u00e0 2 cuill\u00e8res \u00e0 caf\u00e9 dans \u00bc de litre d'eau bouillante et laissez infuser 5 \u00e0 10 minutes. Savourez le go\u00fbt \u00e9pic\u00e9 et l'effet bienfaisant sur le corps et l'esprit.<\/p>\n<p>&nbsp;<\/p>\n<p>&nbsp;<\/p>\n<hr>\n<h2>L'herbe \u00e0 la racine de girofle<\/h2>\n<p><a href=\"https:\/\/bien-etreiris.ch\/de\/produktpraesentation\/gesundes-leben\/nahrungsergaenzungsmittel\/pflanzenheilkunde-gleichgewicht-durch-heilpflanzen\/kraeuter-und-pflanzen\/girofle\/herbe-de-girofle-presentation-2\/\" rel=\"attachment wp-att-81424\"><img loading=\"lazy\" decoding=\"async\" class=\"size-full wp-image-81424 alignleft\" src=\"https:\/\/bien-etreiris.ch\/wp-content\/uploads\/2023\/12\/herbe-de-girofle-presentation.png\" alt=\"\" width=\"500\" height=\"500\" srcset=\"https:\/\/bien-etreiris.ch\/wp-content\/uploads\/2023\/12\/herbe-de-girofle-presentation.png 500w, https:\/\/bien-etreiris.ch\/wp-content\/uploads\/2023\/12\/herbe-de-girofle-presentation-300x300.png 300w, https:\/\/bien-etreiris.ch\/wp-content\/uploads\/2023\/12\/herbe-de-girofle-presentation-150x150.png 150w\" sizes=\"auto, (max-width: 500px) 100vw, 500px\" \/><\/a><\/p>\n<p>&nbsp;<\/p>\n<p>&nbsp;<\/p>\n<p>&nbsp;<\/p>\n<p>&nbsp;<\/p>\n<p>&nbsp;<\/p>\n<p>&nbsp;<\/p>\n<p>&nbsp;<\/p>\n<h4><a href=\"https:\/\/bien-etreiris.ch\/de\/unsere-marken\/dixa\/\" target=\"_blank\" rel=\"noopener\"><span style=\"color: #ffff00;\">DIXA<\/span><\/a><\/h4>\n<p>Racine de Girofle herbe<\/p>\n<p><em>Caryophyllatae (Geum urbanum) BIO herba conc<br><\/em><\/p>\n<p>en vrac de 5 g <strong>CHF 0.50<\/strong><\/p>\n<p>&nbsp;<\/p>\n<p>&nbsp;<\/p>\n<p>&nbsp;<\/p>\n<p>L'herbe \u00e0 la racine de girofle est une plante m\u00e9dicinale connue depuis l'Antiquit\u00e9.<\/p>\n<p>Elle est riche en tanins et a un effet astringent.<\/p>\n<p>Elle peut \u00eatre utilis\u00e9e en infusion ou en compresses.<\/p>\n<p>&nbsp;<\/p>\n<h4>Pr\u00e9paration du tisane :<\/h4>\n<p>verser 1-2 cuill\u00e8res \u00e0 caf\u00e9\/tasse d'eau bouillante et laisser infuser 8-10 minutes.<\/p>\n<p>&nbsp;<\/p>\n<p>&nbsp;<\/p>\n<h2><a href=\"https:\/\/bien-etreiris.ch\/de\/ratgeber-klarheit-beratung\/natuerliche-heilmittel\/pflanzenheilkunde\/heilpflanzen\/nelkenwurz\/\" target=\"_blank\" rel=\"noopener\"><em><span style=\"color: #99cc00;\">Si vous souhaitez en savoir plus sur la racine de girofle, cliquez ici.<\/span><\/em><\/a><\/h2>","protected":false},"excerpt":{"rendered":"<p>Clous de girofle - Caryophylli flos &nbsp; &nbsp; &nbsp; &nbsp; &nbsp; &nbsp; Sonnentor Clous de girofle enti\u00e8re Caryophylli flos tot 1 sachet \u00e0 CHF &nbsp; Clous de girofle moulu Caryophylli flos pulv 1 sachet \u00e0 35 g CHF 3.10 &nbsp; DIXA Clous de girofle enti\u00e8re Caryophylli flos tot en vrac de 5 g CHF 0.55 &nbsp; &nbsp; Quiconque a d\u00e9j\u00e0&nbsp;<a href=\"https:\/\/bien-etreiris.ch\/de\/produktpraesentation\/gesundes-leben\/nahrungsergaenzungsmittel\/pflanzenheilkunde-gleichgewicht-durch-heilpflanzen\/kraeuter-und-pflanzen\/girofle\/\" class=\"read-more\">Weiter lesen<\/a><\/p>\n","protected":false},"author":1,"featured_media":59368,"parent":30677,"menu_order":6547,"comment_status":"closed","ping_status":"closed","template":"page-with-child.php","meta":{"_acf_changed":false,"ngg_post_thumbnail":0,"footnotes":""},"class_list":["post-36634","page","type-page","status-publish","has-post-thumbnail","hentry"],"acf":[],"yoast_head":"<!-- This site is optimized with the Yoast SEO plugin v27.6 - https:\/\/yoast.com\/product\/yoast-seo-wordpress\/ -->\n<title>GIROFLE - WOHLBEFINDEN<\/title>\n<meta name=\"robots\" content=\"index, follow, max-snippet:-1, max-image-preview:large, max-video-preview:-1\" \/>\n<link rel=\"canonical\" href=\"https:\/\/bien-etreiris.ch\/de\/produktpraesentation\/gesundes-leben\/nahrungsergaenzungsmittel\/pflanzenheilkunde-gleichgewicht-durch-heilpflanzen\/kraeuter-und-pflanzen\/girofle\/\" \/>\n<meta property=\"og:locale\" content=\"de_DE\" \/>\n<meta property=\"og:type\" content=\"article\" \/>\n<meta property=\"og:title\" content=\"GIROFLE - WOHLBEFINDEN\" \/>\n<meta property=\"og:description\" content=\"Clous de girofle - Caryophylli flos &nbsp; &nbsp; &nbsp; &nbsp; &nbsp; &nbsp; Sonnentor Clous de girofle enti\u00e8re Caryophylli flos tot 1 sachet \u00e0 CHF &nbsp; Clous de girofle moulu Caryophylli flos pulv 1 sachet \u00e0 35 g CHF 3.10 &nbsp; DIXA Clous de girofle enti\u00e8re Caryophylli flos tot en vrac de 5 g CHF 0.55 &nbsp; &nbsp; Quiconque a d\u00e9j\u00e0&nbsp;Weiter lesen\" \/>\n<meta property=\"og:url\" content=\"https:\/\/bien-etreiris.ch\/de\/produktpraesentation\/gesundes-leben\/nahrungsergaenzungsmittel\/pflanzenheilkunde-gleichgewicht-durch-heilpflanzen\/kraeuter-und-pflanzen\/girofle\/\" \/>\n<meta property=\"og:site_name\" content=\"WOHLBEFINDEN\" \/>\n<meta property=\"article:publisher\" content=\"https:\/\/www.facebook.com\/bienetreiris\/\" \/>\n<meta property=\"article:modified_time\" content=\"2023-12-03T12:15:48+00:00\" \/>\n<meta property=\"og:image\" content=\"https:\/\/bien-etreiris.ch\/wp-content\/uploads\/2022\/09\/acceuil-clos-giroffle-1.png\" \/>\n\t<meta property=\"og:image:width\" content=\"500\" \/>\n\t<meta property=\"og:image:height\" content=\"310\" \/>\n\t<meta property=\"og:image:type\" content=\"image\/png\" \/>\n<meta name=\"twitter:label1\" content=\"Gesch\u00e4tzte Lesezeit\" \/>\n\t<meta name=\"twitter:data1\" content=\"3\u00a0Minuten\" \/>\n<script type=\"application\/ld+json\" class=\"yoast-schema-graph\">{\"@context\":\"https:\\\/\\\/schema.org\",\"@graph\":[{\"@type\":\"WebPage\",\"@id\":\"https:\\\/\\\/bien-etreiris.ch\\\/de\\\/produktpraesentation\\\/gesundes-leben\\\/nahrungsergaenzungsmittel\\\/pflanzenheilkunde-gleichgewicht-durch-heilpflanzen\\\/kraeuter-und-pflanzen\\\/girofle\\\/\",\"url\":\"https:\\\/\\\/bien-etreiris.ch\\\/de\\\/produktpraesentation\\\/gesundes-leben\\\/nahrungsergaenzungsmittel\\\/pflanzenheilkunde-gleichgewicht-durch-heilpflanzen\\\/kraeuter-und-pflanzen\\\/girofle\\\/\",\"name\":\"GIROFLE - WOHLBEFINDEN\",\"isPartOf\":{\"@id\":\"https:\\\/\\\/bien-etreiris.ch\\\/de\\\/#website\"},\"primaryImageOfPage\":{\"@id\":\"https:\\\/\\\/bien-etreiris.ch\\\/de\\\/produktpraesentation\\\/gesundes-leben\\\/nahrungsergaenzungsmittel\\\/pflanzenheilkunde-gleichgewicht-durch-heilpflanzen\\\/kraeuter-und-pflanzen\\\/girofle\\\/#primaryimage\"},\"image\":{\"@id\":\"https:\\\/\\\/bien-etreiris.ch\\\/de\\\/produktpraesentation\\\/gesundes-leben\\\/nahrungsergaenzungsmittel\\\/pflanzenheilkunde-gleichgewicht-durch-heilpflanzen\\\/kraeuter-und-pflanzen\\\/girofle\\\/#primaryimage\"},\"thumbnailUrl\":\"https:\\\/\\\/bien-etreiris.ch\\\/wp-content\\\/uploads\\\/2022\\\/09\\\/acceuil-clos-giroffle-1.png\",\"datePublished\":\"2020-12-22T04:58:38+00:00\",\"dateModified\":\"2023-12-03T12:15:48+00:00\",\"breadcrumb\":{\"@id\":\"https:\\\/\\\/bien-etreiris.ch\\\/de\\\/produktpraesentation\\\/gesundes-leben\\\/nahrungsergaenzungsmittel\\\/pflanzenheilkunde-gleichgewicht-durch-heilpflanzen\\\/kraeuter-und-pflanzen\\\/girofle\\\/#breadcrumb\"},\"inLanguage\":\"de\",\"potentialAction\":[{\"@type\":\"ReadAction\",\"target\":[\"https:\\\/\\\/bien-etreiris.ch\\\/de\\\/produktpraesentation\\\/gesundes-leben\\\/nahrungsergaenzungsmittel\\\/pflanzenheilkunde-gleichgewicht-durch-heilpflanzen\\\/kraeuter-und-pflanzen\\\/girofle\\\/\"]}]},{\"@type\":\"ImageObject\",\"inLanguage\":\"de\",\"@id\":\"https:\\\/\\\/bien-etreiris.ch\\\/de\\\/produktpraesentation\\\/gesundes-leben\\\/nahrungsergaenzungsmittel\\\/pflanzenheilkunde-gleichgewicht-durch-heilpflanzen\\\/kraeuter-und-pflanzen\\\/girofle\\\/#primaryimage\",\"url\":\"https:\\\/\\\/bien-etreiris.ch\\\/wp-content\\\/uploads\\\/2022\\\/09\\\/acceuil-clos-giroffle-1.png\",\"contentUrl\":\"https:\\\/\\\/bien-etreiris.ch\\\/wp-content\\\/uploads\\\/2022\\\/09\\\/acceuil-clos-giroffle-1.png\",\"width\":500,\"height\":310},{\"@type\":\"BreadcrumbList\",\"@id\":\"https:\\\/\\\/bien-etreiris.ch\\\/de\\\/produktpraesentation\\\/gesundes-leben\\\/nahrungsergaenzungsmittel\\\/pflanzenheilkunde-gleichgewicht-durch-heilpflanzen\\\/kraeuter-und-pflanzen\\\/girofle\\\/#breadcrumb\",\"itemListElement\":[{\"@type\":\"ListItem\",\"position\":1,\"name\":\"Home\",\"item\":\"https:\\\/\\\/bien-etreiris.ch\\\/de\\\/\"},{\"@type\":\"ListItem\",\"position\":2,\"name\":\"PRODUKTPR\u00c4SENTATION\",\"item\":\"https:\\\/\\\/bien-etreiris.ch\\\/de\\\/produktpraesentation\\\/\"},{\"@type\":\"ListItem\",\"position\":3,\"name\":\"GESUNDES LEBEN\",\"item\":\"https:\\\/\\\/bien-etreiris.ch\\\/de\\\/produktpraesentation\\\/gesundes-leben\\\/\"},{\"@type\":\"ListItem\",\"position\":4,\"name\":\"NAHRUNGSERG\u00c4NZUNG\",\"item\":\"https:\\\/\\\/bien-etreiris.ch\\\/de\\\/produktpraesentation\\\/gesundes-leben\\\/nahrungsergaenzungsmittel\\\/\"},{\"@type\":\"ListItem\",\"position\":5,\"name\":\"PFLANZENHEILKUNDE\",\"item\":\"https:\\\/\\\/bien-etreiris.ch\\\/de\\\/produktpraesentation\\\/gesundes-leben\\\/nahrungsergaenzungsmittel\\\/pflanzenheilkunde-gleichgewicht-durch-heilpflanzen\\\/\"},{\"@type\":\"ListItem\",\"position\":6,\"name\":\"KR\u00c4UTER &#038; PFLANZEN\",\"item\":\"https:\\\/\\\/bien-etreiris.ch\\\/de\\\/produktpraesentation\\\/gesundes-leben\\\/nahrungsergaenzungsmittel\\\/pflanzenheilkunde-gleichgewicht-durch-heilpflanzen\\\/kraeuter-und-pflanzen\\\/\"},{\"@type\":\"ListItem\",\"position\":7,\"name\":\"GIROFLE\"}]},{\"@type\":\"WebSite\",\"@id\":\"https:\\\/\\\/bien-etreiris.ch\\\/de\\\/#website\",\"url\":\"https:\\\/\\\/bien-etreiris.ch\\\/de\\\/\",\"name\":\"Bien-\u00eatre Iris\",\"description\":\"IHRE Gesundheit ist uns wichtig\",\"potentialAction\":[{\"@type\":\"SearchAction\",\"target\":{\"@type\":\"EntryPoint\",\"urlTemplate\":\"https:\\\/\\\/bien-etreiris.ch\\\/de\\\/?s={search_term_string}\"},\"query-input\":{\"@type\":\"PropertyValueSpecification\",\"valueRequired\":true,\"valueName\":\"search_term_string\"}}],\"inLanguage\":\"de\"}]}<\/script>\n<!-- \/ Yoast SEO plugin. -->","yoast_head_json":{"title":"GIROFLE - WOHLBEFINDEN","robots":{"index":"index","follow":"follow","max-snippet":"max-snippet:-1","max-image-preview":"max-image-preview:large","max-video-preview":"max-video-preview:-1"},"canonical":"https:\/\/bien-etreiris.ch\/de\/produktpraesentation\/gesundes-leben\/nahrungsergaenzungsmittel\/pflanzenheilkunde-gleichgewicht-durch-heilpflanzen\/kraeuter-und-pflanzen\/girofle\/","og_locale":"de_DE","og_type":"article","og_title":"GIROFLE - WOHLBEFINDEN","og_description":"Clous de girofle - Caryophylli flos &nbsp; &nbsp; &nbsp; &nbsp; &nbsp; &nbsp; Sonnentor Clous de girofle enti\u00e8re Caryophylli flos tot 1 sachet \u00e0 CHF &nbsp; Clous de girofle moulu Caryophylli flos pulv 1 sachet \u00e0 35 g CHF 3.10 &nbsp; DIXA Clous de girofle enti\u00e8re Caryophylli flos tot en vrac de 5 g CHF 0.55 &nbsp; &nbsp; Quiconque a d\u00e9j\u00e0&nbsp;Weiter lesen","og_url":"https:\/\/bien-etreiris.ch\/de\/produktpraesentation\/gesundes-leben\/nahrungsergaenzungsmittel\/pflanzenheilkunde-gleichgewicht-durch-heilpflanzen\/kraeuter-und-pflanzen\/girofle\/","og_site_name":"WOHLBEFINDEN","article_publisher":"https:\/\/www.facebook.com\/bienetreiris\/","article_modified_time":"2023-12-03T12:15:48+00:00","og_image":[{"width":500,"height":310,"url":"https:\/\/bien-etreiris.ch\/wp-content\/uploads\/2022\/09\/acceuil-clos-giroffle-1.png","type":"image\/png"}],"twitter_misc":{"Gesch\u00e4tzte Lesezeit":"3\u00a0Minuten"},"schema":{"@context":"https:\/\/schema.org","@graph":[{"@type":"WebPage","@id":"https:\/\/bien-etreiris.ch\/de\/produktpraesentation\/gesundes-leben\/nahrungsergaenzungsmittel\/pflanzenheilkunde-gleichgewicht-durch-heilpflanzen\/kraeuter-und-pflanzen\/girofle\/","url":"https:\/\/bien-etreiris.ch\/de\/produktpraesentation\/gesundes-leben\/nahrungsergaenzungsmittel\/pflanzenheilkunde-gleichgewicht-durch-heilpflanzen\/kraeuter-und-pflanzen\/girofle\/","name":"GIROFLE - WOHLBEFINDEN","isPartOf":{"@id":"https:\/\/bien-etreiris.ch\/de\/#website"},"primaryImageOfPage":{"@id":"https:\/\/bien-etreiris.ch\/de\/produktpraesentation\/gesundes-leben\/nahrungsergaenzungsmittel\/pflanzenheilkunde-gleichgewicht-durch-heilpflanzen\/kraeuter-und-pflanzen\/girofle\/#primaryimage"},"image":{"@id":"https:\/\/bien-etreiris.ch\/de\/produktpraesentation\/gesundes-leben\/nahrungsergaenzungsmittel\/pflanzenheilkunde-gleichgewicht-durch-heilpflanzen\/kraeuter-und-pflanzen\/girofle\/#primaryimage"},"thumbnailUrl":"https:\/\/bien-etreiris.ch\/wp-content\/uploads\/2022\/09\/acceuil-clos-giroffle-1.png","datePublished":"2020-12-22T04:58:38+00:00","dateModified":"2023-12-03T12:15:48+00:00","breadcrumb":{"@id":"https:\/\/bien-etreiris.ch\/de\/produktpraesentation\/gesundes-leben\/nahrungsergaenzungsmittel\/pflanzenheilkunde-gleichgewicht-durch-heilpflanzen\/kraeuter-und-pflanzen\/girofle\/#breadcrumb"},"inLanguage":"de","potentialAction":[{"@type":"ReadAction","target":["https:\/\/bien-etreiris.ch\/de\/produktpraesentation\/gesundes-leben\/nahrungsergaenzungsmittel\/pflanzenheilkunde-gleichgewicht-durch-heilpflanzen\/kraeuter-und-pflanzen\/girofle\/"]}]},{"@type":"ImageObject","inLanguage":"de","@id":"https:\/\/bien-etreiris.ch\/de\/produktpraesentation\/gesundes-leben\/nahrungsergaenzungsmittel\/pflanzenheilkunde-gleichgewicht-durch-heilpflanzen\/kraeuter-und-pflanzen\/girofle\/#primaryimage","url":"https:\/\/bien-etreiris.ch\/wp-content\/uploads\/2022\/09\/acceuil-clos-giroffle-1.png","contentUrl":"https:\/\/bien-etreiris.ch\/wp-content\/uploads\/2022\/09\/acceuil-clos-giroffle-1.png","width":500,"height":310},{"@type":"BreadcrumbList","@id":"https:\/\/bien-etreiris.ch\/de\/produktpraesentation\/gesundes-leben\/nahrungsergaenzungsmittel\/pflanzenheilkunde-gleichgewicht-durch-heilpflanzen\/kraeuter-und-pflanzen\/girofle\/#breadcrumb","itemListElement":[{"@type":"ListItem","position":1,"name":"Home","item":"https:\/\/bien-etreiris.ch\/de\/"},{"@type":"ListItem","position":2,"name":"PRODUKTPR\u00c4SENTATION","item":"https:\/\/bien-etreiris.ch\/de\/produktpraesentation\/"},{"@type":"ListItem","position":3,"name":"GESUNDES LEBEN","item":"https:\/\/bien-etreiris.ch\/de\/produktpraesentation\/gesundes-leben\/"},{"@type":"ListItem","position":4,"name":"NAHRUNGSERG\u00c4NZUNG","item":"https:\/\/bien-etreiris.ch\/de\/produktpraesentation\/gesundes-leben\/nahrungsergaenzungsmittel\/"},{"@type":"ListItem","position":5,"name":"PFLANZENHEILKUNDE","item":"https:\/\/bien-etreiris.ch\/de\/produktpraesentation\/gesundes-leben\/nahrungsergaenzungsmittel\/pflanzenheilkunde-gleichgewicht-durch-heilpflanzen\/"},{"@type":"ListItem","position":6,"name":"KR\u00c4UTER &#038; PFLANZEN","item":"https:\/\/bien-etreiris.ch\/de\/produktpraesentation\/gesundes-leben\/nahrungsergaenzungsmittel\/pflanzenheilkunde-gleichgewicht-durch-heilpflanzen\/kraeuter-und-pflanzen\/"},{"@type":"ListItem","position":7,"name":"GIROFLE"}]},{"@type":"WebSite","@id":"https:\/\/bien-etreiris.ch\/de\/#website","url":"https:\/\/bien-etreiris.ch\/de\/","name":"Bien-\u00eatre Iris","description":"IHRE Gesundheit ist uns wichtig","potentialAction":[{"@type":"SearchAction","target":{"@type":"EntryPoint","urlTemplate":"https:\/\/bien-etreiris.ch\/de\/?s={search_term_string}"},"query-input":{"@type":"PropertyValueSpecification","valueRequired":true,"valueName":"search_term_string"}}],"inLanguage":"de"}]}},"_links":{"self":[{"href":"https:\/\/bien-etreiris.ch\/de\/wp-json\/wp\/v2\/pages\/36634","targetHints":{"allow":["GET"]}}],"collection":[{"href":"https:\/\/bien-etreiris.ch\/de\/wp-json\/wp\/v2\/pages"}],"about":[{"href":"https:\/\/bien-etreiris.ch\/de\/wp-json\/wp\/v2\/types\/page"}],"author":[{"embeddable":true,"href":"https:\/\/bien-etreiris.ch\/de\/wp-json\/wp\/v2\/users\/1"}],"replies":[{"embeddable":true,"href":"https:\/\/bien-etreiris.ch\/de\/wp-json\/wp\/v2\/comments?post=36634"}],"version-history":[{"count":6,"href":"https:\/\/bien-etreiris.ch\/de\/wp-json\/wp\/v2\/pages\/36634\/revisions"}],"predecessor-version":[{"id":81443,"href":"https:\/\/bien-etreiris.ch\/de\/wp-json\/wp\/v2\/pages\/36634\/revisions\/81443"}],"up":[{"embeddable":true,"href":"https:\/\/bien-etreiris.ch\/de\/wp-json\/wp\/v2\/pages\/30677"}],"wp:featuredmedia":[{"embeddable":true,"href":"https:\/\/bien-etreiris.ch\/de\/wp-json\/wp\/v2\/media\/59368"}],"wp:attachment":[{"href":"https:\/\/bien-etreiris.ch\/de\/wp-json\/wp\/v2\/media?parent=36634"}],"curies":[{"name":"wp","href":"https:\/\/api.w.org\/{rel}","templated":true}]}}