{"id":36532,"date":"2020-12-21T05:38:51","date_gmt":"2020-12-21T05:38:51","guid":{"rendered":"https:\/\/bien-etreiris.ch\/?page_id=36532"},"modified":"2024-09-26T17:34:31","modified_gmt":"2024-09-26T15:34:31","slug":"knoblauch-kraeutertee","status":"publish","type":"page","link":"https:\/\/bien-etreiris.ch\/de\/produktpraesentation\/gesundes-leben\/nahrungsergaenzungsmittel\/pflanzenheilkunde-gleichgewicht-durch-heilpflanzen\/kraeuter-und-pflanzen\/knoblauch-kraeutertee\/","title":{"rendered":"KNOBLAUCH"},"content":{"rendered":"<p><a href=\"https:\/\/decoiris.ch\/wp-content\/uploads\/2021\/03\/lail.png\"><img loading=\"lazy\" decoding=\"async\" class=\"size-medium wp-image-39678 aligncenter\" src=\"https:\/\/decoiris.ch\/wp-content\/uploads\/2021\/03\/lail-300x300.png\" alt=\"\" width=\"300\" height=\"300\" srcset=\"https:\/\/bien-etreiris.ch\/wp-content\/uploads\/2021\/03\/lail-300x300.png 300w, https:\/\/bien-etreiris.ch\/wp-content\/uploads\/2021\/03\/lail-150x150.png 150w, https:\/\/bien-etreiris.ch\/wp-content\/uploads\/2021\/03\/lail.png 450w\" sizes=\"auto, (max-width: 300px) 100vw, 300px\" \/><\/a><\/p>\n\n\n<h2 class=\"wp-block-heading\">Knoblauch<\/h2>\n\n\n<p><a href=\"https:\/\/decoiris.ch\/wp-content\/uploads\/2021\/03\/lail-en-vrac.png\"><img loading=\"lazy\" decoding=\"async\" class=\"size-medium wp-image-39681 alignleft\" src=\"https:\/\/decoiris.ch\/wp-content\/uploads\/2021\/03\/lail-en-vrac-265x300.png\" alt=\"\" width=\"265\" height=\"300\" srcset=\"https:\/\/bien-etreiris.ch\/wp-content\/uploads\/2021\/03\/lail-en-vrac-265x300.png 265w, https:\/\/bien-etreiris.ch\/wp-content\/uploads\/2021\/03\/lail-en-vrac.png 290w\" sizes=\"auto, (max-width: 265px) 100vw, 265px\" \/><\/a><\/p>\n<p>&nbsp;<\/p>\n<p>&nbsp;<\/p>\n<p>&nbsp;<\/p>\n<p>&nbsp;<\/p>\n<p>&nbsp;<\/p>\n<p>in loser Sch\u00fcttung von 10 g CHF 0,50<\/p>\n<p>&nbsp;<\/p>\n<p>&nbsp;<\/p>\n<p>&nbsp;<\/p>\n<p>Das beste Mittel der Natur<br>1. Knoblauch f\u00f6rdert die kardiovaskul\u00e4re Gesundheit<br>2. Knoblauch kann bei hohem Blutdruck helfen<br>3. Knoblauch ist eine ern\u00e4hrungsphysiologische Unterst\u00fctzung gegen Krebs<br>4. Knoblauch und Diabetes<br>5. Knoblauch bietet Leberschutz<br>6. Antimikrobielle Eigenschaften von Knoblauch<br>7. Knoblauch ist ein starkes Antioxidans<\/p>\n<p>&nbsp;<\/p>\n<p>Obwohl es f\u00fcr diejenigen, die es nicht probiert haben, ein wenig seltsam erscheinen mag, kann man Knoblauch tats\u00e4chlich trinken. Um Ihr Immunsystem schnell zu st\u00e4rken, k\u00f6nnen Sie Knoblauch Tee machen<\/p>\n<p>&nbsp;<\/p>\n<p>Rezept f\u00fcr Knoblauch Tee<\/p>\n<p>1 Bio-Knoblauchzehe<\/p>\n<p>Saft von \u00bd Zitrone oder Limette<\/p>\n<p>roher Bio-Honig<\/p>\n<p>1. Schneiden Sie eine Bio-Knoblauchzehe in sehr d\u00fcnne Scheiben.<\/p>\n<p>2. Kochen Sie eine Tasse Wasser<\/p>\n<p>3. Legen Sie den geschnittenen Knoblauch in eine Tasse<\/p>\n<p>4. Giessen Sie das heisse Wasser \u00fcber den Knoblauch und decken Sie die Tasse mit einem kleinen Teller ab<\/p>\n<p>5. 10 Minuten stehen lassen<\/p>\n<p>6. F\u00fcgen Sie den Zitronensaft hinzu<\/p>\n<p>&nbsp;<\/p>\n<p>F\u00fcr einen gelegentlichen Eingriff k\u00f6nnen Sie einfach trockenen Knoblauch verwenden<\/p>\n<p>Trockener Knoblauch funktioniert auch. 3 Essl\u00f6ffel Knoblauch in 500 ml Wasser 24 Stunden lang einweichen, dann kochen<\/p>\n<p>&nbsp;<\/p>\n<p>Kontraindikationen<\/p>\n<p>Magenschleimhautentz\u00fcndung.<\/p>\n<p>M\u00f6gliche Wechselwirkung mit Warfarin<\/p>\n<p>Besuchen Sie auch den Beitrag unter der Rubrik Gew\u00fcrze <a href=\"https:\/\/bien-etreiris.ch\/de\/produktpraesentation\/gesundes-leben\/gesunde-nahrungsmittel\/zutaten-wohlbefinden\/gewuerze\/knoblauch-granulat\/\" target=\"_blank\" rel=\"noopener\">\"KNOBLAUCH gemahlen\"<\/a><\/p>\n<p>&nbsp;<\/p>\n\n\n<p><\/p>\n","protected":false},"excerpt":{"rendered":"<p>Knoblauch &nbsp; &nbsp; &nbsp; &nbsp; &nbsp; in loser Sch\u00fcttung von 10 g CHF 0,50 &nbsp; &nbsp; &nbsp; Das beste Mittel der Natur1. Knoblauch f\u00f6rdert die kardiovaskul\u00e4re Gesundheit2. Knoblauch kann bei hohem Blutdruck helfen3. Knoblauch ist eine ern\u00e4hrungsphysiologische Unterst\u00fctzung gegen Krebs4. Knoblauch und Diabetes5. Knoblauch bietet Leberschutz6. Antimikrobielle Eigenschaften von Knoblauch7. Knoblauch ist ein starkes Antioxidans &nbsp; Obwohl es f\u00fcr diejenigen,&nbsp;<a href=\"https:\/\/bien-etreiris.ch\/de\/produktpraesentation\/gesundes-leben\/nahrungsergaenzungsmittel\/pflanzenheilkunde-gleichgewicht-durch-heilpflanzen\/kraeuter-und-pflanzen\/knoblauch-kraeutertee\/\" class=\"read-more\">Weiter lesen<\/a><\/p>\n","protected":false},"author":1,"featured_media":89243,"parent":30677,"menu_order":6571,"comment_status":"closed","ping_status":"closed","template":"page-with-child.php","meta":{"_acf_changed":false,"ngg_post_thumbnail":0,"footnotes":""},"class_list":["post-36532","page","type-page","status-publish","has-post-thumbnail","hentry"],"acf":[],"yoast_head":"<!-- This site is optimized with the Yoast SEO plugin v27.6 - https:\/\/yoast.com\/product\/yoast-seo-wordpress\/ -->\n<title>KNOBLAUCH - WOHLBEFINDEN<\/title>\n<meta name=\"robots\" content=\"index, follow, max-snippet:-1, max-image-preview:large, max-video-preview:-1\" \/>\n<link rel=\"canonical\" href=\"https:\/\/bien-etreiris.ch\/de\/produktpraesentation\/gesundes-leben\/nahrungsergaenzungsmittel\/pflanzenheilkunde-gleichgewicht-durch-heilpflanzen\/kraeuter-und-pflanzen\/knoblauch-kraeutertee\/\" \/>\n<meta property=\"og:locale\" content=\"de_DE\" \/>\n<meta property=\"og:type\" content=\"article\" \/>\n<meta property=\"og:title\" content=\"KNOBLAUCH - WOHLBEFINDEN\" \/>\n<meta property=\"og:description\" content=\"Knoblauch &nbsp; &nbsp; &nbsp; &nbsp; &nbsp; in loser Sch\u00fcttung von 10 g CHF 0,50 &nbsp; &nbsp; &nbsp; Das beste Mittel der Natur1. Knoblauch f\u00f6rdert die kardiovaskul\u00e4re Gesundheit2. Knoblauch kann bei hohem Blutdruck helfen3. Knoblauch ist eine ern\u00e4hrungsphysiologische Unterst\u00fctzung gegen Krebs4. Knoblauch und Diabetes5. Knoblauch bietet Leberschutz6. Antimikrobielle Eigenschaften von Knoblauch7. Knoblauch ist ein starkes Antioxidans &nbsp; Obwohl es f\u00fcr diejenigen,&nbsp;Weiter lesen\" \/>\n<meta property=\"og:url\" content=\"https:\/\/bien-etreiris.ch\/de\/produktpraesentation\/gesundes-leben\/nahrungsergaenzungsmittel\/pflanzenheilkunde-gleichgewicht-durch-heilpflanzen\/kraeuter-und-pflanzen\/knoblauch-kraeutertee\/\" \/>\n<meta property=\"og:site_name\" content=\"WOHLBEFINDEN\" \/>\n<meta property=\"article:publisher\" content=\"https:\/\/www.facebook.com\/bienetreiris\/\" \/>\n<meta property=\"article:modified_time\" content=\"2024-09-26T15:34:31+00:00\" \/>\n<meta property=\"og:image\" content=\"https:\/\/bien-etreiris.ch\/wp-content\/uploads\/2024\/09\/Acceuil-ail-1.png\" \/>\n\t<meta property=\"og:image:width\" content=\"370\" \/>\n\t<meta property=\"og:image:height\" content=\"226\" \/>\n\t<meta property=\"og:image:type\" content=\"image\/png\" \/>\n<meta name=\"twitter:label1\" content=\"Gesch\u00e4tzte Lesezeit\" \/>\n\t<meta name=\"twitter:data1\" content=\"2\u00a0Minuten\" \/>\n<script type=\"application\/ld+json\" class=\"yoast-schema-graph\">{\"@context\":\"https:\\\/\\\/schema.org\",\"@graph\":[{\"@type\":\"WebPage\",\"@id\":\"https:\\\/\\\/bien-etreiris.ch\\\/de\\\/produktpraesentation\\\/gesundes-leben\\\/nahrungsergaenzungsmittel\\\/pflanzenheilkunde-gleichgewicht-durch-heilpflanzen\\\/kraeuter-und-pflanzen\\\/knoblauch-kraeutertee\\\/\",\"url\":\"https:\\\/\\\/bien-etreiris.ch\\\/de\\\/produktpraesentation\\\/gesundes-leben\\\/nahrungsergaenzungsmittel\\\/pflanzenheilkunde-gleichgewicht-durch-heilpflanzen\\\/kraeuter-und-pflanzen\\\/knoblauch-kraeutertee\\\/\",\"name\":\"KNOBLAUCH - WOHLBEFINDEN\",\"isPartOf\":{\"@id\":\"https:\\\/\\\/bien-etreiris.ch\\\/de\\\/#website\"},\"primaryImageOfPage\":{\"@id\":\"https:\\\/\\\/bien-etreiris.ch\\\/de\\\/produktpraesentation\\\/gesundes-leben\\\/nahrungsergaenzungsmittel\\\/pflanzenheilkunde-gleichgewicht-durch-heilpflanzen\\\/kraeuter-und-pflanzen\\\/knoblauch-kraeutertee\\\/#primaryimage\"},\"image\":{\"@id\":\"https:\\\/\\\/bien-etreiris.ch\\\/de\\\/produktpraesentation\\\/gesundes-leben\\\/nahrungsergaenzungsmittel\\\/pflanzenheilkunde-gleichgewicht-durch-heilpflanzen\\\/kraeuter-und-pflanzen\\\/knoblauch-kraeutertee\\\/#primaryimage\"},\"thumbnailUrl\":\"https:\\\/\\\/bien-etreiris.ch\\\/wp-content\\\/uploads\\\/2024\\\/09\\\/Acceuil-ail-1.png\",\"datePublished\":\"2020-12-21T05:38:51+00:00\",\"dateModified\":\"2024-09-26T15:34:31+00:00\",\"breadcrumb\":{\"@id\":\"https:\\\/\\\/bien-etreiris.ch\\\/de\\\/produktpraesentation\\\/gesundes-leben\\\/nahrungsergaenzungsmittel\\\/pflanzenheilkunde-gleichgewicht-durch-heilpflanzen\\\/kraeuter-und-pflanzen\\\/knoblauch-kraeutertee\\\/#breadcrumb\"},\"inLanguage\":\"de\",\"potentialAction\":[{\"@type\":\"ReadAction\",\"target\":[\"https:\\\/\\\/bien-etreiris.ch\\\/de\\\/produktpraesentation\\\/gesundes-leben\\\/nahrungsergaenzungsmittel\\\/pflanzenheilkunde-gleichgewicht-durch-heilpflanzen\\\/kraeuter-und-pflanzen\\\/knoblauch-kraeutertee\\\/\"]}]},{\"@type\":\"ImageObject\",\"inLanguage\":\"de\",\"@id\":\"https:\\\/\\\/bien-etreiris.ch\\\/de\\\/produktpraesentation\\\/gesundes-leben\\\/nahrungsergaenzungsmittel\\\/pflanzenheilkunde-gleichgewicht-durch-heilpflanzen\\\/kraeuter-und-pflanzen\\\/knoblauch-kraeutertee\\\/#primaryimage\",\"url\":\"https:\\\/\\\/bien-etreiris.ch\\\/wp-content\\\/uploads\\\/2024\\\/09\\\/Acceuil-ail-1.png\",\"contentUrl\":\"https:\\\/\\\/bien-etreiris.ch\\\/wp-content\\\/uploads\\\/2024\\\/09\\\/Acceuil-ail-1.png\",\"width\":370,\"height\":226},{\"@type\":\"BreadcrumbList\",\"@id\":\"https:\\\/\\\/bien-etreiris.ch\\\/de\\\/produktpraesentation\\\/gesundes-leben\\\/nahrungsergaenzungsmittel\\\/pflanzenheilkunde-gleichgewicht-durch-heilpflanzen\\\/kraeuter-und-pflanzen\\\/knoblauch-kraeutertee\\\/#breadcrumb\",\"itemListElement\":[{\"@type\":\"ListItem\",\"position\":1,\"name\":\"Home\",\"item\":\"https:\\\/\\\/bien-etreiris.ch\\\/de\\\/\"},{\"@type\":\"ListItem\",\"position\":2,\"name\":\"PRODUKTPR\u00c4SENTATION\",\"item\":\"https:\\\/\\\/bien-etreiris.ch\\\/de\\\/produktpraesentation\\\/\"},{\"@type\":\"ListItem\",\"position\":3,\"name\":\"GESUNDES LEBEN\",\"item\":\"https:\\\/\\\/bien-etreiris.ch\\\/de\\\/produktpraesentation\\\/gesundes-leben\\\/\"},{\"@type\":\"ListItem\",\"position\":4,\"name\":\"NAHRUNGSERG\u00c4NZUNG\",\"item\":\"https:\\\/\\\/bien-etreiris.ch\\\/de\\\/produktpraesentation\\\/gesundes-leben\\\/nahrungsergaenzungsmittel\\\/\"},{\"@type\":\"ListItem\",\"position\":5,\"name\":\"PFLANZENHEILKUNDE\",\"item\":\"https:\\\/\\\/bien-etreiris.ch\\\/de\\\/produktpraesentation\\\/gesundes-leben\\\/nahrungsergaenzungsmittel\\\/pflanzenheilkunde-gleichgewicht-durch-heilpflanzen\\\/\"},{\"@type\":\"ListItem\",\"position\":6,\"name\":\"KR\u00c4UTER &#038; PFLANZEN\",\"item\":\"https:\\\/\\\/bien-etreiris.ch\\\/de\\\/produktpraesentation\\\/gesundes-leben\\\/nahrungsergaenzungsmittel\\\/pflanzenheilkunde-gleichgewicht-durch-heilpflanzen\\\/kraeuter-und-pflanzen\\\/\"},{\"@type\":\"ListItem\",\"position\":7,\"name\":\"KNOBLAUCH\"}]},{\"@type\":\"WebSite\",\"@id\":\"https:\\\/\\\/bien-etreiris.ch\\\/de\\\/#website\",\"url\":\"https:\\\/\\\/bien-etreiris.ch\\\/de\\\/\",\"name\":\"Bien-\u00eatre Iris\",\"description\":\"IHRE Gesundheit ist uns wichtig\",\"potentialAction\":[{\"@type\":\"SearchAction\",\"target\":{\"@type\":\"EntryPoint\",\"urlTemplate\":\"https:\\\/\\\/bien-etreiris.ch\\\/de\\\/?s={search_term_string}\"},\"query-input\":{\"@type\":\"PropertyValueSpecification\",\"valueRequired\":true,\"valueName\":\"search_term_string\"}}],\"inLanguage\":\"de\"}]}<\/script>\n<!-- \/ Yoast SEO plugin. -->","yoast_head_json":{"title":"KNOBLAUCH - WOHLBEFINDEN","robots":{"index":"index","follow":"follow","max-snippet":"max-snippet:-1","max-image-preview":"max-image-preview:large","max-video-preview":"max-video-preview:-1"},"canonical":"https:\/\/bien-etreiris.ch\/de\/produktpraesentation\/gesundes-leben\/nahrungsergaenzungsmittel\/pflanzenheilkunde-gleichgewicht-durch-heilpflanzen\/kraeuter-und-pflanzen\/knoblauch-kraeutertee\/","og_locale":"de_DE","og_type":"article","og_title":"KNOBLAUCH - WOHLBEFINDEN","og_description":"Knoblauch &nbsp; &nbsp; &nbsp; &nbsp; &nbsp; in loser Sch\u00fcttung von 10 g CHF 0,50 &nbsp; &nbsp; &nbsp; Das beste Mittel der Natur1. Knoblauch f\u00f6rdert die kardiovaskul\u00e4re Gesundheit2. Knoblauch kann bei hohem Blutdruck helfen3. Knoblauch ist eine ern\u00e4hrungsphysiologische Unterst\u00fctzung gegen Krebs4. Knoblauch und Diabetes5. Knoblauch bietet Leberschutz6. Antimikrobielle Eigenschaften von Knoblauch7. Knoblauch ist ein starkes Antioxidans &nbsp; Obwohl es f\u00fcr diejenigen,&nbsp;Weiter lesen","og_url":"https:\/\/bien-etreiris.ch\/de\/produktpraesentation\/gesundes-leben\/nahrungsergaenzungsmittel\/pflanzenheilkunde-gleichgewicht-durch-heilpflanzen\/kraeuter-und-pflanzen\/knoblauch-kraeutertee\/","og_site_name":"WOHLBEFINDEN","article_publisher":"https:\/\/www.facebook.com\/bienetreiris\/","article_modified_time":"2024-09-26T15:34:31+00:00","og_image":[{"width":370,"height":226,"url":"https:\/\/bien-etreiris.ch\/wp-content\/uploads\/2024\/09\/Acceuil-ail-1.png","type":"image\/png"}],"twitter_misc":{"Gesch\u00e4tzte Lesezeit":"2\u00a0Minuten"},"schema":{"@context":"https:\/\/schema.org","@graph":[{"@type":"WebPage","@id":"https:\/\/bien-etreiris.ch\/de\/produktpraesentation\/gesundes-leben\/nahrungsergaenzungsmittel\/pflanzenheilkunde-gleichgewicht-durch-heilpflanzen\/kraeuter-und-pflanzen\/knoblauch-kraeutertee\/","url":"https:\/\/bien-etreiris.ch\/de\/produktpraesentation\/gesundes-leben\/nahrungsergaenzungsmittel\/pflanzenheilkunde-gleichgewicht-durch-heilpflanzen\/kraeuter-und-pflanzen\/knoblauch-kraeutertee\/","name":"KNOBLAUCH - WOHLBEFINDEN","isPartOf":{"@id":"https:\/\/bien-etreiris.ch\/de\/#website"},"primaryImageOfPage":{"@id":"https:\/\/bien-etreiris.ch\/de\/produktpraesentation\/gesundes-leben\/nahrungsergaenzungsmittel\/pflanzenheilkunde-gleichgewicht-durch-heilpflanzen\/kraeuter-und-pflanzen\/knoblauch-kraeutertee\/#primaryimage"},"image":{"@id":"https:\/\/bien-etreiris.ch\/de\/produktpraesentation\/gesundes-leben\/nahrungsergaenzungsmittel\/pflanzenheilkunde-gleichgewicht-durch-heilpflanzen\/kraeuter-und-pflanzen\/knoblauch-kraeutertee\/#primaryimage"},"thumbnailUrl":"https:\/\/bien-etreiris.ch\/wp-content\/uploads\/2024\/09\/Acceuil-ail-1.png","datePublished":"2020-12-21T05:38:51+00:00","dateModified":"2024-09-26T15:34:31+00:00","breadcrumb":{"@id":"https:\/\/bien-etreiris.ch\/de\/produktpraesentation\/gesundes-leben\/nahrungsergaenzungsmittel\/pflanzenheilkunde-gleichgewicht-durch-heilpflanzen\/kraeuter-und-pflanzen\/knoblauch-kraeutertee\/#breadcrumb"},"inLanguage":"de","potentialAction":[{"@type":"ReadAction","target":["https:\/\/bien-etreiris.ch\/de\/produktpraesentation\/gesundes-leben\/nahrungsergaenzungsmittel\/pflanzenheilkunde-gleichgewicht-durch-heilpflanzen\/kraeuter-und-pflanzen\/knoblauch-kraeutertee\/"]}]},{"@type":"ImageObject","inLanguage":"de","@id":"https:\/\/bien-etreiris.ch\/de\/produktpraesentation\/gesundes-leben\/nahrungsergaenzungsmittel\/pflanzenheilkunde-gleichgewicht-durch-heilpflanzen\/kraeuter-und-pflanzen\/knoblauch-kraeutertee\/#primaryimage","url":"https:\/\/bien-etreiris.ch\/wp-content\/uploads\/2024\/09\/Acceuil-ail-1.png","contentUrl":"https:\/\/bien-etreiris.ch\/wp-content\/uploads\/2024\/09\/Acceuil-ail-1.png","width":370,"height":226},{"@type":"BreadcrumbList","@id":"https:\/\/bien-etreiris.ch\/de\/produktpraesentation\/gesundes-leben\/nahrungsergaenzungsmittel\/pflanzenheilkunde-gleichgewicht-durch-heilpflanzen\/kraeuter-und-pflanzen\/knoblauch-kraeutertee\/#breadcrumb","itemListElement":[{"@type":"ListItem","position":1,"name":"Home","item":"https:\/\/bien-etreiris.ch\/de\/"},{"@type":"ListItem","position":2,"name":"PRODUKTPR\u00c4SENTATION","item":"https:\/\/bien-etreiris.ch\/de\/produktpraesentation\/"},{"@type":"ListItem","position":3,"name":"GESUNDES LEBEN","item":"https:\/\/bien-etreiris.ch\/de\/produktpraesentation\/gesundes-leben\/"},{"@type":"ListItem","position":4,"name":"NAHRUNGSERG\u00c4NZUNG","item":"https:\/\/bien-etreiris.ch\/de\/produktpraesentation\/gesundes-leben\/nahrungsergaenzungsmittel\/"},{"@type":"ListItem","position":5,"name":"PFLANZENHEILKUNDE","item":"https:\/\/bien-etreiris.ch\/de\/produktpraesentation\/gesundes-leben\/nahrungsergaenzungsmittel\/pflanzenheilkunde-gleichgewicht-durch-heilpflanzen\/"},{"@type":"ListItem","position":6,"name":"KR\u00c4UTER &#038; PFLANZEN","item":"https:\/\/bien-etreiris.ch\/de\/produktpraesentation\/gesundes-leben\/nahrungsergaenzungsmittel\/pflanzenheilkunde-gleichgewicht-durch-heilpflanzen\/kraeuter-und-pflanzen\/"},{"@type":"ListItem","position":7,"name":"KNOBLAUCH"}]},{"@type":"WebSite","@id":"https:\/\/bien-etreiris.ch\/de\/#website","url":"https:\/\/bien-etreiris.ch\/de\/","name":"Bien-\u00eatre Iris","description":"IHRE Gesundheit ist uns wichtig","potentialAction":[{"@type":"SearchAction","target":{"@type":"EntryPoint","urlTemplate":"https:\/\/bien-etreiris.ch\/de\/?s={search_term_string}"},"query-input":{"@type":"PropertyValueSpecification","valueRequired":true,"valueName":"search_term_string"}}],"inLanguage":"de"}]}},"_links":{"self":[{"href":"https:\/\/bien-etreiris.ch\/de\/wp-json\/wp\/v2\/pages\/36532","targetHints":{"allow":["GET"]}}],"collection":[{"href":"https:\/\/bien-etreiris.ch\/de\/wp-json\/wp\/v2\/pages"}],"about":[{"href":"https:\/\/bien-etreiris.ch\/de\/wp-json\/wp\/v2\/types\/page"}],"author":[{"embeddable":true,"href":"https:\/\/bien-etreiris.ch\/de\/wp-json\/wp\/v2\/users\/1"}],"replies":[{"embeddable":true,"href":"https:\/\/bien-etreiris.ch\/de\/wp-json\/wp\/v2\/comments?post=36532"}],"version-history":[{"count":12,"href":"https:\/\/bien-etreiris.ch\/de\/wp-json\/wp\/v2\/pages\/36532\/revisions"}],"predecessor-version":[{"id":89680,"href":"https:\/\/bien-etreiris.ch\/de\/wp-json\/wp\/v2\/pages\/36532\/revisions\/89680"}],"up":[{"embeddable":true,"href":"https:\/\/bien-etreiris.ch\/de\/wp-json\/wp\/v2\/pages\/30677"}],"wp:featuredmedia":[{"embeddable":true,"href":"https:\/\/bien-etreiris.ch\/de\/wp-json\/wp\/v2\/media\/89243"}],"wp:attachment":[{"href":"https:\/\/bien-etreiris.ch\/de\/wp-json\/wp\/v2\/media?parent=36532"}],"curies":[{"name":"wp","href":"https:\/\/api.w.org\/{rel}","templated":true}]}}