{"id":36421,"date":"2020-12-18T06:27:33","date_gmt":"2020-12-18T06:27:33","guid":{"rendered":"https:\/\/bien-etreiris.ch\/eliah-sahil\/"},"modified":"2021-06-07T19:24:57","modified_gmt":"2021-06-07T17:24:57","slug":"mandeloel","status":"publish","type":"page","link":"https:\/\/bien-etreiris.ch\/de\/produktpraesentation\/hygiene\/koerperpflege\/babys-und-kinder\/mandeloel\/","title":{"rendered":"MANDEL\u00d6L"},"content":{"rendered":"\n<h2 class=\"wp-block-heading\"> <br>Mandel\u00f6l f\u00fcr Babys<\/h2>\n\n\n<p><a href=\"https:\/\/decoiris.ch\/wp-content\/uploads\/2020\/12\/Huile-damande-b\u00e9b\u00e9.jpg\"><img loading=\"lazy\" decoding=\"async\" class=\"size-medium wp-image-36402 alignleft\" src=\"https:\/\/decoiris.ch\/wp-content\/uploads\/2020\/12\/Huile-damande-b\u00e9b\u00e9-220x300.jpg\" alt=\"\" width=\"220\" height=\"300\" srcset=\"https:\/\/bien-etreiris.ch\/wp-content\/uploads\/2020\/12\/Huile-damande-b\u00e9b\u00e9-220x300.jpg 220w, https:\/\/bien-etreiris.ch\/wp-content\/uploads\/2020\/12\/Huile-damande-b\u00e9b\u00e9-768x1045.jpg 768w, https:\/\/bien-etreiris.ch\/wp-content\/uploads\/2020\/12\/Huile-damande-b\u00e9b\u00e9-752x1024.jpg 752w, https:\/\/bien-etreiris.ch\/wp-content\/uploads\/2020\/12\/Huile-damande-b\u00e9b\u00e9.jpg 1393w\" sizes=\"auto, (max-width: 220px) 100vw, 220px\" \/><\/a><\/p>\n<p>&nbsp;<\/p>\n<p>&nbsp;<\/p>\n<p>Dieses nat\u00fcrliche, kaltgepresste Bio-Mandel\u00f6l pflegt und sch\u00fctzt die zarte Babyhaut. Es ist ideal zum sanften Ein\u00f6len oder f\u00fcr Massagen, kann aber auch als Badezusatz verwendet werden. Als K\u00f6rper\u00f6l pflegt und sch\u00fctzt es die zarte Babyhaut. Als Badezusatz wird die Haut des Babys samtig weich und geschmeidig. Als Massage\u00f6l bietet es die beste M\u00f6glichkeit zur gemeinsamen Entspannung. Die liebevolle Ber\u00fchrung gibt dem Baby ein Gef\u00fchl der Sicherheit. 100% Bio-Mandel\u00f6l aus Spanien Nat\u00fcrlich, bio-zertifiziert, vegan Kunststofffreie Glasverpackung<\/p>\n<p>Inhalt: 100 ml <strong>CHF 12.50<\/strong><\/p>\n<p>&nbsp;<\/p>","protected":false},"excerpt":{"rendered":"<p>Mandel\u00f6l f\u00fcr Babys &nbsp; &nbsp; Dieses nat\u00fcrliche, kaltgepresste Bio-Mandel\u00f6l pflegt und sch\u00fctzt die zarte Babyhaut. Es ist ideal zum sanften Ein\u00f6len oder f\u00fcr Massagen, kann aber auch als Badezusatz verwendet werden. Als K\u00f6rper\u00f6l pflegt und sch\u00fctzt es die zarte Babyhaut. Als Badezusatz wird die Haut des Babys samtig weich und geschmeidig. Als Massage\u00f6l bietet es die beste M\u00f6glichkeit zur gemeinsamen&nbsp;<a href=\"https:\/\/bien-etreiris.ch\/de\/produktpraesentation\/hygiene\/koerperpflege\/babys-und-kinder\/mandeloel\/\" class=\"read-more\">Weiter lesen<\/a><\/p>\n","protected":false},"author":1,"featured_media":36345,"parent":47833,"menu_order":6588,"comment_status":"closed","ping_status":"closed","template":"page-with-child.php","meta":{"_acf_changed":false,"ngg_post_thumbnail":0,"footnotes":""},"class_list":["post-36421","page","type-page","status-publish","has-post-thumbnail","hentry"],"acf":[],"yoast_head":"<!-- This site is optimized with the Yoast SEO plugin v27.5 - https:\/\/yoast.com\/product\/yoast-seo-wordpress\/ -->\n<title>MANDEL\u00d6L - WOHLBEFINDEN<\/title>\n<meta name=\"robots\" content=\"index, follow, max-snippet:-1, max-image-preview:large, max-video-preview:-1\" \/>\n<link rel=\"canonical\" href=\"https:\/\/bien-etreiris.ch\/de\/produktpraesentation\/hygiene\/koerperpflege\/babys-und-kinder\/mandeloel\/\" \/>\n<meta property=\"og:locale\" content=\"de_DE\" \/>\n<meta property=\"og:type\" content=\"article\" \/>\n<meta property=\"og:title\" content=\"MANDEL\u00d6L - WOHLBEFINDEN\" \/>\n<meta property=\"og:description\" content=\"Mandel\u00f6l f\u00fcr Babys &nbsp; &nbsp; Dieses nat\u00fcrliche, kaltgepresste Bio-Mandel\u00f6l pflegt und sch\u00fctzt die zarte Babyhaut. Es ist ideal zum sanften Ein\u00f6len oder f\u00fcr Massagen, kann aber auch als Badezusatz verwendet werden. Als K\u00f6rper\u00f6l pflegt und sch\u00fctzt es die zarte Babyhaut. Als Badezusatz wird die Haut des Babys samtig weich und geschmeidig. Als Massage\u00f6l bietet es die beste M\u00f6glichkeit zur gemeinsamen&nbsp;Weiter lesen\" \/>\n<meta property=\"og:url\" content=\"https:\/\/bien-etreiris.ch\/de\/produktpraesentation\/hygiene\/koerperpflege\/babys-und-kinder\/mandeloel\/\" \/>\n<meta property=\"og:site_name\" content=\"WOHLBEFINDEN\" \/>\n<meta property=\"article:publisher\" content=\"https:\/\/www.facebook.com\/bienetreiris\/\" \/>\n<meta property=\"article:modified_time\" content=\"2021-06-07T17:24:57+00:00\" \/>\n<meta property=\"og:image\" content=\"https:\/\/bien-etreiris.ch\/wp-content\/uploads\/2020\/12\/acceuil-8.jpg\" \/>\n\t<meta property=\"og:image:width\" content=\"500\" \/>\n\t<meta property=\"og:image:height\" content=\"333\" \/>\n\t<meta property=\"og:image:type\" content=\"image\/jpeg\" \/>\n<meta name=\"twitter:label1\" content=\"Gesch\u00e4tzte Lesezeit\" \/>\n\t<meta name=\"twitter:data1\" content=\"1\u00a0Minute\" \/>\n<script type=\"application\/ld+json\" class=\"yoast-schema-graph\">{\"@context\":\"https:\\\/\\\/schema.org\",\"@graph\":[{\"@type\":\"WebPage\",\"@id\":\"https:\\\/\\\/bien-etreiris.ch\\\/de\\\/produktpraesentation\\\/hygiene\\\/koerperpflege\\\/babys-und-kinder\\\/mandeloel\\\/\",\"url\":\"https:\\\/\\\/bien-etreiris.ch\\\/de\\\/produktpraesentation\\\/hygiene\\\/koerperpflege\\\/babys-und-kinder\\\/mandeloel\\\/\",\"name\":\"MANDEL\u00d6L - WOHLBEFINDEN\",\"isPartOf\":{\"@id\":\"https:\\\/\\\/bien-etreiris.ch\\\/de\\\/#website\"},\"primaryImageOfPage\":{\"@id\":\"https:\\\/\\\/bien-etreiris.ch\\\/de\\\/produktpraesentation\\\/hygiene\\\/koerperpflege\\\/babys-und-kinder\\\/mandeloel\\\/#primaryimage\"},\"image\":{\"@id\":\"https:\\\/\\\/bien-etreiris.ch\\\/de\\\/produktpraesentation\\\/hygiene\\\/koerperpflege\\\/babys-und-kinder\\\/mandeloel\\\/#primaryimage\"},\"thumbnailUrl\":\"https:\\\/\\\/bien-etreiris.ch\\\/wp-content\\\/uploads\\\/2020\\\/12\\\/acceuil-8.jpg\",\"datePublished\":\"2020-12-18T06:27:33+00:00\",\"dateModified\":\"2021-06-07T17:24:57+00:00\",\"breadcrumb\":{\"@id\":\"https:\\\/\\\/bien-etreiris.ch\\\/de\\\/produktpraesentation\\\/hygiene\\\/koerperpflege\\\/babys-und-kinder\\\/mandeloel\\\/#breadcrumb\"},\"inLanguage\":\"de\",\"potentialAction\":[{\"@type\":\"ReadAction\",\"target\":[\"https:\\\/\\\/bien-etreiris.ch\\\/de\\\/produktpraesentation\\\/hygiene\\\/koerperpflege\\\/babys-und-kinder\\\/mandeloel\\\/\"]}]},{\"@type\":\"ImageObject\",\"inLanguage\":\"de\",\"@id\":\"https:\\\/\\\/bien-etreiris.ch\\\/de\\\/produktpraesentation\\\/hygiene\\\/koerperpflege\\\/babys-und-kinder\\\/mandeloel\\\/#primaryimage\",\"url\":\"https:\\\/\\\/bien-etreiris.ch\\\/wp-content\\\/uploads\\\/2020\\\/12\\\/acceuil-8.jpg\",\"contentUrl\":\"https:\\\/\\\/bien-etreiris.ch\\\/wp-content\\\/uploads\\\/2020\\\/12\\\/acceuil-8.jpg\",\"width\":500,\"height\":333},{\"@type\":\"BreadcrumbList\",\"@id\":\"https:\\\/\\\/bien-etreiris.ch\\\/de\\\/produktpraesentation\\\/hygiene\\\/koerperpflege\\\/babys-und-kinder\\\/mandeloel\\\/#breadcrumb\",\"itemListElement\":[{\"@type\":\"ListItem\",\"position\":1,\"name\":\"Home\",\"item\":\"https:\\\/\\\/bien-etreiris.ch\\\/de\\\/\"},{\"@type\":\"ListItem\",\"position\":2,\"name\":\"PRODUKTPR\u00c4SENTATION\",\"item\":\"https:\\\/\\\/bien-etreiris.ch\\\/de\\\/produktpraesentation\\\/\"},{\"@type\":\"ListItem\",\"position\":3,\"name\":\"HYGIENE\",\"item\":\"https:\\\/\\\/bien-etreiris.ch\\\/de\\\/produktpraesentation\\\/hygiene\\\/\"},{\"@type\":\"ListItem\",\"position\":4,\"name\":\"K\u00d6RPERPFLEGE\",\"item\":\"https:\\\/\\\/bien-etreiris.ch\\\/de\\\/produktpraesentation\\\/hygiene\\\/koerperpflege\\\/\"},{\"@type\":\"ListItem\",\"position\":5,\"name\":\"BABYS &#038; KINDER\",\"item\":\"https:\\\/\\\/bien-etreiris.ch\\\/de\\\/produktpraesentation\\\/hygiene\\\/koerperpflege\\\/babys-und-kinder\\\/\"},{\"@type\":\"ListItem\",\"position\":6,\"name\":\"MANDEL\u00d6L\"}]},{\"@type\":\"WebSite\",\"@id\":\"https:\\\/\\\/bien-etreiris.ch\\\/de\\\/#website\",\"url\":\"https:\\\/\\\/bien-etreiris.ch\\\/de\\\/\",\"name\":\"Bien-\u00eatre Iris\",\"description\":\"IHRE Gesundheit ist uns wichtig\",\"potentialAction\":[{\"@type\":\"SearchAction\",\"target\":{\"@type\":\"EntryPoint\",\"urlTemplate\":\"https:\\\/\\\/bien-etreiris.ch\\\/de\\\/?s={search_term_string}\"},\"query-input\":{\"@type\":\"PropertyValueSpecification\",\"valueRequired\":true,\"valueName\":\"search_term_string\"}}],\"inLanguage\":\"de\"}]}<\/script>\n<!-- \/ Yoast SEO plugin. -->","yoast_head_json":{"title":"MANDEL\u00d6L - WOHLBEFINDEN","robots":{"index":"index","follow":"follow","max-snippet":"max-snippet:-1","max-image-preview":"max-image-preview:large","max-video-preview":"max-video-preview:-1"},"canonical":"https:\/\/bien-etreiris.ch\/de\/produktpraesentation\/hygiene\/koerperpflege\/babys-und-kinder\/mandeloel\/","og_locale":"de_DE","og_type":"article","og_title":"MANDEL\u00d6L - WOHLBEFINDEN","og_description":"Mandel\u00f6l f\u00fcr Babys &nbsp; &nbsp; Dieses nat\u00fcrliche, kaltgepresste Bio-Mandel\u00f6l pflegt und sch\u00fctzt die zarte Babyhaut. Es ist ideal zum sanften Ein\u00f6len oder f\u00fcr Massagen, kann aber auch als Badezusatz verwendet werden. Als K\u00f6rper\u00f6l pflegt und sch\u00fctzt es die zarte Babyhaut. Als Badezusatz wird die Haut des Babys samtig weich und geschmeidig. Als Massage\u00f6l bietet es die beste M\u00f6glichkeit zur gemeinsamen&nbsp;Weiter lesen","og_url":"https:\/\/bien-etreiris.ch\/de\/produktpraesentation\/hygiene\/koerperpflege\/babys-und-kinder\/mandeloel\/","og_site_name":"WOHLBEFINDEN","article_publisher":"https:\/\/www.facebook.com\/bienetreiris\/","article_modified_time":"2021-06-07T17:24:57+00:00","og_image":[{"width":500,"height":333,"url":"https:\/\/bien-etreiris.ch\/wp-content\/uploads\/2020\/12\/acceuil-8.jpg","type":"image\/jpeg"}],"twitter_misc":{"Gesch\u00e4tzte Lesezeit":"1\u00a0Minute"},"schema":{"@context":"https:\/\/schema.org","@graph":[{"@type":"WebPage","@id":"https:\/\/bien-etreiris.ch\/de\/produktpraesentation\/hygiene\/koerperpflege\/babys-und-kinder\/mandeloel\/","url":"https:\/\/bien-etreiris.ch\/de\/produktpraesentation\/hygiene\/koerperpflege\/babys-und-kinder\/mandeloel\/","name":"MANDEL\u00d6L - WOHLBEFINDEN","isPartOf":{"@id":"https:\/\/bien-etreiris.ch\/de\/#website"},"primaryImageOfPage":{"@id":"https:\/\/bien-etreiris.ch\/de\/produktpraesentation\/hygiene\/koerperpflege\/babys-und-kinder\/mandeloel\/#primaryimage"},"image":{"@id":"https:\/\/bien-etreiris.ch\/de\/produktpraesentation\/hygiene\/koerperpflege\/babys-und-kinder\/mandeloel\/#primaryimage"},"thumbnailUrl":"https:\/\/bien-etreiris.ch\/wp-content\/uploads\/2020\/12\/acceuil-8.jpg","datePublished":"2020-12-18T06:27:33+00:00","dateModified":"2021-06-07T17:24:57+00:00","breadcrumb":{"@id":"https:\/\/bien-etreiris.ch\/de\/produktpraesentation\/hygiene\/koerperpflege\/babys-und-kinder\/mandeloel\/#breadcrumb"},"inLanguage":"de","potentialAction":[{"@type":"ReadAction","target":["https:\/\/bien-etreiris.ch\/de\/produktpraesentation\/hygiene\/koerperpflege\/babys-und-kinder\/mandeloel\/"]}]},{"@type":"ImageObject","inLanguage":"de","@id":"https:\/\/bien-etreiris.ch\/de\/produktpraesentation\/hygiene\/koerperpflege\/babys-und-kinder\/mandeloel\/#primaryimage","url":"https:\/\/bien-etreiris.ch\/wp-content\/uploads\/2020\/12\/acceuil-8.jpg","contentUrl":"https:\/\/bien-etreiris.ch\/wp-content\/uploads\/2020\/12\/acceuil-8.jpg","width":500,"height":333},{"@type":"BreadcrumbList","@id":"https:\/\/bien-etreiris.ch\/de\/produktpraesentation\/hygiene\/koerperpflege\/babys-und-kinder\/mandeloel\/#breadcrumb","itemListElement":[{"@type":"ListItem","position":1,"name":"Home","item":"https:\/\/bien-etreiris.ch\/de\/"},{"@type":"ListItem","position":2,"name":"PRODUKTPR\u00c4SENTATION","item":"https:\/\/bien-etreiris.ch\/de\/produktpraesentation\/"},{"@type":"ListItem","position":3,"name":"HYGIENE","item":"https:\/\/bien-etreiris.ch\/de\/produktpraesentation\/hygiene\/"},{"@type":"ListItem","position":4,"name":"K\u00d6RPERPFLEGE","item":"https:\/\/bien-etreiris.ch\/de\/produktpraesentation\/hygiene\/koerperpflege\/"},{"@type":"ListItem","position":5,"name":"BABYS &#038; KINDER","item":"https:\/\/bien-etreiris.ch\/de\/produktpraesentation\/hygiene\/koerperpflege\/babys-und-kinder\/"},{"@type":"ListItem","position":6,"name":"MANDEL\u00d6L"}]},{"@type":"WebSite","@id":"https:\/\/bien-etreiris.ch\/de\/#website","url":"https:\/\/bien-etreiris.ch\/de\/","name":"Bien-\u00eatre Iris","description":"IHRE Gesundheit ist uns wichtig","potentialAction":[{"@type":"SearchAction","target":{"@type":"EntryPoint","urlTemplate":"https:\/\/bien-etreiris.ch\/de\/?s={search_term_string}"},"query-input":{"@type":"PropertyValueSpecification","valueRequired":true,"valueName":"search_term_string"}}],"inLanguage":"de"}]}},"_links":{"self":[{"href":"https:\/\/bien-etreiris.ch\/de\/wp-json\/wp\/v2\/pages\/36421","targetHints":{"allow":["GET"]}}],"collection":[{"href":"https:\/\/bien-etreiris.ch\/de\/wp-json\/wp\/v2\/pages"}],"about":[{"href":"https:\/\/bien-etreiris.ch\/de\/wp-json\/wp\/v2\/types\/page"}],"author":[{"embeddable":true,"href":"https:\/\/bien-etreiris.ch\/de\/wp-json\/wp\/v2\/users\/1"}],"replies":[{"embeddable":true,"href":"https:\/\/bien-etreiris.ch\/de\/wp-json\/wp\/v2\/comments?post=36421"}],"version-history":[{"count":3,"href":"https:\/\/bien-etreiris.ch\/de\/wp-json\/wp\/v2\/pages\/36421\/revisions"}],"predecessor-version":[{"id":49951,"href":"https:\/\/bien-etreiris.ch\/de\/wp-json\/wp\/v2\/pages\/36421\/revisions\/49951"}],"up":[{"embeddable":true,"href":"https:\/\/bien-etreiris.ch\/de\/wp-json\/wp\/v2\/pages\/47833"}],"wp:featuredmedia":[{"embeddable":true,"href":"https:\/\/bien-etreiris.ch\/de\/wp-json\/wp\/v2\/media\/36345"}],"wp:attachment":[{"href":"https:\/\/bien-etreiris.ch\/de\/wp-json\/wp\/v2\/media?parent=36421"}],"curies":[{"name":"wp","href":"https:\/\/api.w.org\/{rel}","templated":true}]}}