{"id":36347,"date":"2020-12-18T04:53:07","date_gmt":"2020-12-18T04:53:07","guid":{"rendered":"https:\/\/bien-etreiris.ch\/?page_id=36347"},"modified":"2021-08-18T13:12:46","modified_gmt":"2021-08-18T11:12:46","slug":"cremen-fuer-kinder-und-saeuglinge","status":"publish","type":"page","link":"https:\/\/bien-etreiris.ch\/de\/produktpraesentation\/hygiene\/koerperpflege\/babys-und-kinder\/cremen-fuer-kinder-und-saeuglinge\/","title":{"rendered":"CREMEN &#8211; BABY &#8211; KINDER"},"content":{"rendered":"<div class=\"category-intro\">\n<div class=\"category-intro-inner\">\n<div class=\"category-intro-text text\">\n<p>Pour le plus doux miracle de la vie - \u00e9labor\u00e9 par des parents pour des parents.<br>D\u00e8s le premier jour, la peau fine et sensible de b\u00e9b\u00e9 a autant besoin de protection que sa petite personnalit\u00e9. Pour soigner et prot\u00e9ger au mieux sa peau, il ne faut utiliser que des mati\u00e8res premi\u00e8res organiques s\u00e9lectionn\u00e9es, pr\u00e9cieuses, tr\u00e8s douces et purement v\u00e9g\u00e9tales. D\u00e9velopp\u00e9 par la jeune g\u00e9n\u00e9ration <strong>farfalla<\/strong> \u00e0 partir de leur propre exp\u00e9rience parentale. <br>Cosm\u00e9tiques certifi\u00e9s biologiques\/naturels.<\/p>\n<\/div>\n<\/div>\n<\/div>\n\n\n<h2 class=\"wp-block-heading\"> <\/h2>\n\n\n\n<h2 class=\"wp-block-heading\">Cr\u00e8me de soin visage &amp; corps <\/h2>\n\n\n<p><a href=\"https:\/\/decoiris.ch\/wp-content\/uploads\/2020\/12\/Cr\u00e8me-de-soin-visage-et-corps.png\"><img loading=\"lazy\" decoding=\"async\" class=\"size-medium wp-image-36368 alignleft\" src=\"https:\/\/decoiris.ch\/wp-content\/uploads\/2020\/12\/Cr\u00e8me-de-soin-visage-et-corps-200x300.png\" alt=\"\" width=\"200\" height=\"300\" srcset=\"https:\/\/bien-etreiris.ch\/wp-content\/uploads\/2020\/12\/Cr\u00e8me-de-soin-visage-et-corps-200x300.png 200w, https:\/\/bien-etreiris.ch\/wp-content\/uploads\/2020\/12\/Cr\u00e8me-de-soin-visage-et-corps.png 347w\" sizes=\"auto, (max-width: 200px) 100vw, 200px\" \/><\/a><\/p>\n<p>&nbsp;<\/p>\n<p>La cr\u00e8me de soin promet un suppl\u00e9ment de caresses affectueuses et tendres, gr\u00e2ce \u00e0 l\u2019huile pr\u00e9cieuse de noyau d\u2019abricot et l\u2019hydrolat de tilleul bio. Nourrissant et hydratant, le beurre de karit\u00e9 bio sublime la peau. \u00c0 partir de 3 mois.<\/p>\n<p>100ml <strong>CHF 18.50<\/strong><\/p>\n<p>&nbsp;<\/p>\n<p>&nbsp;<\/p>\n<p>&nbsp;<\/p>\n<p>&nbsp;<\/p>\n<p>&nbsp;<\/p>\n\n\n<hr class=\"wp-block-separator\"\/>\n\n\n\n<h2 class=\"wp-block-heading\"> Cr\u00e8me nettoyante douceur <\/h2>\n\n\n<p><a href=\"https:\/\/decoiris.ch\/wp-content\/uploads\/2020\/12\/Cr\u00e8me-nettoyante-douceur.png\"><img loading=\"lazy\" decoding=\"async\" class=\"size-medium wp-image-36371 alignleft\" src=\"https:\/\/decoiris.ch\/wp-content\/uploads\/2020\/12\/Cr\u00e8me-nettoyante-douceur-200x300.png\" alt=\"\" width=\"200\" height=\"300\" srcset=\"https:\/\/bien-etreiris.ch\/wp-content\/uploads\/2020\/12\/Cr\u00e8me-nettoyante-douceur-200x300.png 200w, https:\/\/bien-etreiris.ch\/wp-content\/uploads\/2020\/12\/Cr\u00e8me-nettoyante-douceur.png 347w\" sizes=\"auto, (max-width: 200px) 100vw, 200px\" \/><\/a><\/p>\n<p>&nbsp;<\/p>\n<p>Au quotidien, des substances nettoyantes ultra douces assurent une non-sollicitation du manteau protecteur sensible de la peau. La rose adoucissante et l\u2019hydrolat de tilleul bio apaisant caressent la peau et le petit nez. Emballage compos\u00e9 \u00e0 50 % de PE recycl\u00e9.<\/p>\n<p>145 ml <strong>CHF 15.00<\/strong><\/p>\n<p>&nbsp;<\/p>\n<p>&nbsp;<\/p>\n<p>&nbsp;<\/p>\n<p>&nbsp;<\/p>\n<p>&nbsp;<\/p>\n<p>&nbsp;<\/p>\n\n\n<hr class=\"wp-block-separator\"\/>\n\n\n\n<h2 class=\"wp-block-heading\">DADS FOR MUMS<\/h2>\n\n\n<p><a href=\"https:\/\/decoiris.ch\/wp-content\/uploads\/2020\/12\/DADS-FOR-MUMS.png\"><img loading=\"lazy\" decoding=\"async\" class=\"size-medium wp-image-36377 alignleft\" src=\"https:\/\/decoiris.ch\/wp-content\/uploads\/2020\/12\/DADS-FOR-MUMS-300x200.png\" alt=\"\" width=\"300\" height=\"200\" srcset=\"https:\/\/bien-etreiris.ch\/wp-content\/uploads\/2020\/12\/DADS-FOR-MUMS-300x200.png 300w, https:\/\/bien-etreiris.ch\/wp-content\/uploads\/2020\/12\/DADS-FOR-MUMS.png 610w\" sizes=\"auto, (max-width: 300px) 100vw, 300px\" \/><\/a><\/p>\n<p>Bracelet tr\u00e8s sympa avec des perles en bois de Greywood (Diospyros Pyrrhocarpa) et le message DADS FOR MUMS. La recette des ventes va directement \u00e0 l\u2019aide sages-femmes de <strong>farfalla<\/strong> qui, outre les bourses d\u2019\u00e9tudes d\u2019obst\u00e9trique en \u00c9thiopie, soutient depuis peu les frais d\u2019un cabinet de sages-femmes mobile \u00e0 Madagascar.<\/p>\n<p>1 pi\u00e8ce <strong>CHF 16.00<\/strong><\/p>\n<p>&nbsp;<\/p>\n<p>&nbsp;<\/p>\n<p>&nbsp;<\/p>","protected":false},"excerpt":{"rendered":"<p>Pour le plus doux miracle de la vie - \u00e9labor\u00e9 par des parents pour des parents.D\u00e8s le premier jour, la peau fine et sensible de b\u00e9b\u00e9 a autant besoin de protection que sa petite personnalit\u00e9. Pour soigner et prot\u00e9ger au mieux sa peau, il ne faut utiliser que des mati\u00e8res premi\u00e8res organiques s\u00e9lectionn\u00e9es, pr\u00e9cieuses, tr\u00e8s douces et purement v\u00e9g\u00e9tales. D\u00e9velopp\u00e9&nbsp;<a href=\"https:\/\/bien-etreiris.ch\/de\/produktpraesentation\/hygiene\/koerperpflege\/babys-und-kinder\/cremen-fuer-kinder-und-saeuglinge\/\" class=\"read-more\">Weiter lesen<\/a><\/p>\n","protected":false},"author":1,"featured_media":53527,"parent":47833,"menu_order":6592,"comment_status":"closed","ping_status":"closed","template":"page-with-child.php","meta":{"_acf_changed":false,"ngg_post_thumbnail":0,"footnotes":""},"class_list":["post-36347","page","type-page","status-publish","has-post-thumbnail","hentry"],"acf":[],"yoast_head":"<!-- This site is optimized with the Yoast SEO plugin v27.5 - https:\/\/yoast.com\/product\/yoast-seo-wordpress\/ -->\n<title>CREMEN - BABY - KINDER - WOHLBEFINDEN<\/title>\n<meta name=\"robots\" content=\"index, follow, max-snippet:-1, max-image-preview:large, max-video-preview:-1\" \/>\n<link rel=\"canonical\" href=\"https:\/\/bien-etreiris.ch\/de\/produktpraesentation\/hygiene\/koerperpflege\/babys-und-kinder\/cremen-fuer-kinder-und-saeuglinge\/\" \/>\n<meta property=\"og:locale\" content=\"de_DE\" \/>\n<meta property=\"og:type\" content=\"article\" \/>\n<meta property=\"og:title\" content=\"CREMEN - BABY - KINDER - WOHLBEFINDEN\" \/>\n<meta property=\"og:description\" content=\"Pour le plus doux miracle de la vie - \u00e9labor\u00e9 par des parents pour des parents.D\u00e8s le premier jour, la peau fine et sensible de b\u00e9b\u00e9 a autant besoin de protection que sa petite personnalit\u00e9. Pour soigner et prot\u00e9ger au mieux sa peau, il ne faut utiliser que des mati\u00e8res premi\u00e8res organiques s\u00e9lectionn\u00e9es, pr\u00e9cieuses, tr\u00e8s douces et purement v\u00e9g\u00e9tales. D\u00e9velopp\u00e9&nbsp;Weiter lesen\" \/>\n<meta property=\"og:url\" content=\"https:\/\/bien-etreiris.ch\/de\/produktpraesentation\/hygiene\/koerperpflege\/babys-und-kinder\/cremen-fuer-kinder-und-saeuglinge\/\" \/>\n<meta property=\"og:site_name\" content=\"WOHLBEFINDEN\" \/>\n<meta property=\"article:publisher\" content=\"https:\/\/www.facebook.com\/bienetreiris\/\" \/>\n<meta property=\"article:modified_time\" content=\"2021-08-18T11:12:46+00:00\" \/>\n<meta property=\"og:image\" content=\"https:\/\/bien-etreiris.ch\/wp-content\/uploads\/2021\/08\/acceuil-cremes.jpg\" \/>\n\t<meta property=\"og:image:width\" content=\"500\" \/>\n\t<meta property=\"og:image:height\" content=\"333\" \/>\n\t<meta property=\"og:image:type\" content=\"image\/jpeg\" \/>\n<meta name=\"twitter:label1\" content=\"Gesch\u00e4tzte Lesezeit\" \/>\n\t<meta name=\"twitter:data1\" content=\"2\u00a0Minuten\" \/>\n<script type=\"application\/ld+json\" class=\"yoast-schema-graph\">{\"@context\":\"https:\\\/\\\/schema.org\",\"@graph\":[{\"@type\":\"WebPage\",\"@id\":\"https:\\\/\\\/bien-etreiris.ch\\\/de\\\/produktpraesentation\\\/hygiene\\\/koerperpflege\\\/babys-und-kinder\\\/cremen-fuer-kinder-und-saeuglinge\\\/\",\"url\":\"https:\\\/\\\/bien-etreiris.ch\\\/de\\\/produktpraesentation\\\/hygiene\\\/koerperpflege\\\/babys-und-kinder\\\/cremen-fuer-kinder-und-saeuglinge\\\/\",\"name\":\"CREMEN - BABY - KINDER - WOHLBEFINDEN\",\"isPartOf\":{\"@id\":\"https:\\\/\\\/bien-etreiris.ch\\\/de\\\/#website\"},\"primaryImageOfPage\":{\"@id\":\"https:\\\/\\\/bien-etreiris.ch\\\/de\\\/produktpraesentation\\\/hygiene\\\/koerperpflege\\\/babys-und-kinder\\\/cremen-fuer-kinder-und-saeuglinge\\\/#primaryimage\"},\"image\":{\"@id\":\"https:\\\/\\\/bien-etreiris.ch\\\/de\\\/produktpraesentation\\\/hygiene\\\/koerperpflege\\\/babys-und-kinder\\\/cremen-fuer-kinder-und-saeuglinge\\\/#primaryimage\"},\"thumbnailUrl\":\"https:\\\/\\\/bien-etreiris.ch\\\/wp-content\\\/uploads\\\/2021\\\/08\\\/acceuil-cremes.jpg\",\"datePublished\":\"2020-12-18T04:53:07+00:00\",\"dateModified\":\"2021-08-18T11:12:46+00:00\",\"breadcrumb\":{\"@id\":\"https:\\\/\\\/bien-etreiris.ch\\\/de\\\/produktpraesentation\\\/hygiene\\\/koerperpflege\\\/babys-und-kinder\\\/cremen-fuer-kinder-und-saeuglinge\\\/#breadcrumb\"},\"inLanguage\":\"de\",\"potentialAction\":[{\"@type\":\"ReadAction\",\"target\":[\"https:\\\/\\\/bien-etreiris.ch\\\/de\\\/produktpraesentation\\\/hygiene\\\/koerperpflege\\\/babys-und-kinder\\\/cremen-fuer-kinder-und-saeuglinge\\\/\"]}]},{\"@type\":\"ImageObject\",\"inLanguage\":\"de\",\"@id\":\"https:\\\/\\\/bien-etreiris.ch\\\/de\\\/produktpraesentation\\\/hygiene\\\/koerperpflege\\\/babys-und-kinder\\\/cremen-fuer-kinder-und-saeuglinge\\\/#primaryimage\",\"url\":\"https:\\\/\\\/bien-etreiris.ch\\\/wp-content\\\/uploads\\\/2021\\\/08\\\/acceuil-cremes.jpg\",\"contentUrl\":\"https:\\\/\\\/bien-etreiris.ch\\\/wp-content\\\/uploads\\\/2021\\\/08\\\/acceuil-cremes.jpg\",\"width\":500,\"height\":333},{\"@type\":\"BreadcrumbList\",\"@id\":\"https:\\\/\\\/bien-etreiris.ch\\\/de\\\/produktpraesentation\\\/hygiene\\\/koerperpflege\\\/babys-und-kinder\\\/cremen-fuer-kinder-und-saeuglinge\\\/#breadcrumb\",\"itemListElement\":[{\"@type\":\"ListItem\",\"position\":1,\"name\":\"Home\",\"item\":\"https:\\\/\\\/bien-etreiris.ch\\\/de\\\/\"},{\"@type\":\"ListItem\",\"position\":2,\"name\":\"PRODUKTPR\u00c4SENTATION\",\"item\":\"https:\\\/\\\/bien-etreiris.ch\\\/de\\\/produktpraesentation\\\/\"},{\"@type\":\"ListItem\",\"position\":3,\"name\":\"HYGIENE\",\"item\":\"https:\\\/\\\/bien-etreiris.ch\\\/de\\\/produktpraesentation\\\/hygiene\\\/\"},{\"@type\":\"ListItem\",\"position\":4,\"name\":\"K\u00d6RPERPFLEGE\",\"item\":\"https:\\\/\\\/bien-etreiris.ch\\\/de\\\/produktpraesentation\\\/hygiene\\\/koerperpflege\\\/\"},{\"@type\":\"ListItem\",\"position\":5,\"name\":\"BABYS &#038; KINDER\",\"item\":\"https:\\\/\\\/bien-etreiris.ch\\\/de\\\/produktpraesentation\\\/hygiene\\\/koerperpflege\\\/babys-und-kinder\\\/\"},{\"@type\":\"ListItem\",\"position\":6,\"name\":\"CREMEN &#8211; BABY &#8211; KINDER\"}]},{\"@type\":\"WebSite\",\"@id\":\"https:\\\/\\\/bien-etreiris.ch\\\/de\\\/#website\",\"url\":\"https:\\\/\\\/bien-etreiris.ch\\\/de\\\/\",\"name\":\"Bien-\u00eatre Iris\",\"description\":\"IHRE Gesundheit ist uns wichtig\",\"potentialAction\":[{\"@type\":\"SearchAction\",\"target\":{\"@type\":\"EntryPoint\",\"urlTemplate\":\"https:\\\/\\\/bien-etreiris.ch\\\/de\\\/?s={search_term_string}\"},\"query-input\":{\"@type\":\"PropertyValueSpecification\",\"valueRequired\":true,\"valueName\":\"search_term_string\"}}],\"inLanguage\":\"de\"}]}<\/script>\n<!-- \/ Yoast SEO plugin. -->","yoast_head_json":{"title":"CREMEN - BABY - KINDER - WOHLBEFINDEN","robots":{"index":"index","follow":"follow","max-snippet":"max-snippet:-1","max-image-preview":"max-image-preview:large","max-video-preview":"max-video-preview:-1"},"canonical":"https:\/\/bien-etreiris.ch\/de\/produktpraesentation\/hygiene\/koerperpflege\/babys-und-kinder\/cremen-fuer-kinder-und-saeuglinge\/","og_locale":"de_DE","og_type":"article","og_title":"CREMEN - BABY - KINDER - WOHLBEFINDEN","og_description":"Pour le plus doux miracle de la vie - \u00e9labor\u00e9 par des parents pour des parents.D\u00e8s le premier jour, la peau fine et sensible de b\u00e9b\u00e9 a autant besoin de protection que sa petite personnalit\u00e9. Pour soigner et prot\u00e9ger au mieux sa peau, il ne faut utiliser que des mati\u00e8res premi\u00e8res organiques s\u00e9lectionn\u00e9es, pr\u00e9cieuses, tr\u00e8s douces et purement v\u00e9g\u00e9tales. D\u00e9velopp\u00e9&nbsp;Weiter lesen","og_url":"https:\/\/bien-etreiris.ch\/de\/produktpraesentation\/hygiene\/koerperpflege\/babys-und-kinder\/cremen-fuer-kinder-und-saeuglinge\/","og_site_name":"WOHLBEFINDEN","article_publisher":"https:\/\/www.facebook.com\/bienetreiris\/","article_modified_time":"2021-08-18T11:12:46+00:00","og_image":[{"width":500,"height":333,"url":"https:\/\/bien-etreiris.ch\/wp-content\/uploads\/2021\/08\/acceuil-cremes.jpg","type":"image\/jpeg"}],"twitter_misc":{"Gesch\u00e4tzte Lesezeit":"2\u00a0Minuten"},"schema":{"@context":"https:\/\/schema.org","@graph":[{"@type":"WebPage","@id":"https:\/\/bien-etreiris.ch\/de\/produktpraesentation\/hygiene\/koerperpflege\/babys-und-kinder\/cremen-fuer-kinder-und-saeuglinge\/","url":"https:\/\/bien-etreiris.ch\/de\/produktpraesentation\/hygiene\/koerperpflege\/babys-und-kinder\/cremen-fuer-kinder-und-saeuglinge\/","name":"CREMEN - BABY - KINDER - WOHLBEFINDEN","isPartOf":{"@id":"https:\/\/bien-etreiris.ch\/de\/#website"},"primaryImageOfPage":{"@id":"https:\/\/bien-etreiris.ch\/de\/produktpraesentation\/hygiene\/koerperpflege\/babys-und-kinder\/cremen-fuer-kinder-und-saeuglinge\/#primaryimage"},"image":{"@id":"https:\/\/bien-etreiris.ch\/de\/produktpraesentation\/hygiene\/koerperpflege\/babys-und-kinder\/cremen-fuer-kinder-und-saeuglinge\/#primaryimage"},"thumbnailUrl":"https:\/\/bien-etreiris.ch\/wp-content\/uploads\/2021\/08\/acceuil-cremes.jpg","datePublished":"2020-12-18T04:53:07+00:00","dateModified":"2021-08-18T11:12:46+00:00","breadcrumb":{"@id":"https:\/\/bien-etreiris.ch\/de\/produktpraesentation\/hygiene\/koerperpflege\/babys-und-kinder\/cremen-fuer-kinder-und-saeuglinge\/#breadcrumb"},"inLanguage":"de","potentialAction":[{"@type":"ReadAction","target":["https:\/\/bien-etreiris.ch\/de\/produktpraesentation\/hygiene\/koerperpflege\/babys-und-kinder\/cremen-fuer-kinder-und-saeuglinge\/"]}]},{"@type":"ImageObject","inLanguage":"de","@id":"https:\/\/bien-etreiris.ch\/de\/produktpraesentation\/hygiene\/koerperpflege\/babys-und-kinder\/cremen-fuer-kinder-und-saeuglinge\/#primaryimage","url":"https:\/\/bien-etreiris.ch\/wp-content\/uploads\/2021\/08\/acceuil-cremes.jpg","contentUrl":"https:\/\/bien-etreiris.ch\/wp-content\/uploads\/2021\/08\/acceuil-cremes.jpg","width":500,"height":333},{"@type":"BreadcrumbList","@id":"https:\/\/bien-etreiris.ch\/de\/produktpraesentation\/hygiene\/koerperpflege\/babys-und-kinder\/cremen-fuer-kinder-und-saeuglinge\/#breadcrumb","itemListElement":[{"@type":"ListItem","position":1,"name":"Home","item":"https:\/\/bien-etreiris.ch\/de\/"},{"@type":"ListItem","position":2,"name":"PRODUKTPR\u00c4SENTATION","item":"https:\/\/bien-etreiris.ch\/de\/produktpraesentation\/"},{"@type":"ListItem","position":3,"name":"HYGIENE","item":"https:\/\/bien-etreiris.ch\/de\/produktpraesentation\/hygiene\/"},{"@type":"ListItem","position":4,"name":"K\u00d6RPERPFLEGE","item":"https:\/\/bien-etreiris.ch\/de\/produktpraesentation\/hygiene\/koerperpflege\/"},{"@type":"ListItem","position":5,"name":"BABYS &#038; KINDER","item":"https:\/\/bien-etreiris.ch\/de\/produktpraesentation\/hygiene\/koerperpflege\/babys-und-kinder\/"},{"@type":"ListItem","position":6,"name":"CREMEN &#8211; BABY &#8211; KINDER"}]},{"@type":"WebSite","@id":"https:\/\/bien-etreiris.ch\/de\/#website","url":"https:\/\/bien-etreiris.ch\/de\/","name":"Bien-\u00eatre Iris","description":"IHRE Gesundheit ist uns wichtig","potentialAction":[{"@type":"SearchAction","target":{"@type":"EntryPoint","urlTemplate":"https:\/\/bien-etreiris.ch\/de\/?s={search_term_string}"},"query-input":{"@type":"PropertyValueSpecification","valueRequired":true,"valueName":"search_term_string"}}],"inLanguage":"de"}]}},"_links":{"self":[{"href":"https:\/\/bien-etreiris.ch\/de\/wp-json\/wp\/v2\/pages\/36347","targetHints":{"allow":["GET"]}}],"collection":[{"href":"https:\/\/bien-etreiris.ch\/de\/wp-json\/wp\/v2\/pages"}],"about":[{"href":"https:\/\/bien-etreiris.ch\/de\/wp-json\/wp\/v2\/types\/page"}],"author":[{"embeddable":true,"href":"https:\/\/bien-etreiris.ch\/de\/wp-json\/wp\/v2\/users\/1"}],"replies":[{"embeddable":true,"href":"https:\/\/bien-etreiris.ch\/de\/wp-json\/wp\/v2\/comments?post=36347"}],"version-history":[{"count":15,"href":"https:\/\/bien-etreiris.ch\/de\/wp-json\/wp\/v2\/pages\/36347\/revisions"}],"predecessor-version":[{"id":53531,"href":"https:\/\/bien-etreiris.ch\/de\/wp-json\/wp\/v2\/pages\/36347\/revisions\/53531"}],"up":[{"embeddable":true,"href":"https:\/\/bien-etreiris.ch\/de\/wp-json\/wp\/v2\/pages\/47833"}],"wp:featuredmedia":[{"embeddable":true,"href":"https:\/\/bien-etreiris.ch\/de\/wp-json\/wp\/v2\/media\/53527"}],"wp:attachment":[{"href":"https:\/\/bien-etreiris.ch\/de\/wp-json\/wp\/v2\/media?parent=36347"}],"curies":[{"name":"wp","href":"https:\/\/api.w.org\/{rel}","templated":true}]}}