{"id":36284,"date":"2020-12-16T05:49:21","date_gmt":"2020-12-16T05:49:21","guid":{"rendered":"https:\/\/bien-etreiris.ch\/?page_id=36284"},"modified":"2021-07-12T08:34:16","modified_gmt":"2021-07-12T06:34:16","slug":"geschichte-und-tugenden","status":"publish","type":"page","link":"https:\/\/bien-etreiris.ch\/de\/produktpraesentation\/natuerliche-heilmittel\/heilsteine\/tsesite\/geschichte-und-tugenden\/","title":{"rendered":"GESCHICHTE-TUGENDEN"},"content":{"rendered":"\n<p>Ein gro\u00dfes Dankesch\u00f6n an Tsesite, ein Dankesch\u00f6n an die Natur, ein Dankesch\u00f6n an den San und ein gro\u00dfes Dankesch\u00f6n an Hans Feiersinger f\u00fcr das Finden, Benennen und Importieren von Tsesite im Jahr 2010. Mineralogie: Tsesit ist wahrscheinlich im Zusammenhang mit dem Gibbeon-Meteoriten entstanden, der vor 30.000 Jahren auf der Erde einschlug. Der Meteorit zersplitterte wahrscheinlich gro\u00dfe Markasitfelsen und verstreute die St\u00fccke \u00fcber ein Gebiet von 200 bis 400 km in der W\u00fcste. Der Markasit durchlief eine langsame Umwandlung (Diagenese) in Goethit. Dies ist ein Mineral aus der Klasse der Oxide und Hydroxide (FeO(OH) x nH2O + Al + Ca). Die gl\u00e4nzende Schicht um den Goethitkern wird \"W\u00fcstenlack\" genannt und bildete sich im Laufe der Zeit durch Witterungseinfl\u00fcsse, wobei der Sand als Politur wirkte und ihm sein gl\u00e4nzendes Aussehen verlieh. Die W\u00fcstenlackschicht ist sehr d\u00fcnn und hat eine H\u00e4rte von 7,5-8 auf der Mohs-Skala, der Goethitkern hat eine H\u00e4rte von 5-5,5. Tsesit ist weltweit einzigartig und kommt ausschlie\u00dflich im S\u00fcden Namibias vor, in der N\u00e4he des Dorfes Tses, das ihm seinen Namen gab. Im Handel findet man sogenannten marokkanischen Tsesit oder Sahara-Tsesit, der absolut nicht mit dem echten Tsesit vergleichbar ist! Das Gleiche gilt f\u00fcr Tsesit mit Einschl\u00fcssen von Quarz oder anderen Mineralien, die zu niedrigen Preisen angeboten werden.<\/p>\n<p>&nbsp;<\/p>\n<p>&nbsp;<\/p>\n<ul style=\"list-style-type: disc;\">\n<li>\n<h4>Verbessert<\/h4>\n<\/li>\n<\/ul>\n<p>Kopfschmerzen, Nasennebenh\u00f6hlenentz\u00fcndung, Sauerstoffversorgung der Zellen, Durchblutung, Wundheilung, Narbenheilung, psychogene Herzst\u00f6rungen und Herzrhythmusst\u00f6rungen, Menstruations- und pr\u00e4menstruelle Schmerzen, Wechseljahresbeschwerden wie z.B. Abgase. F\u00f6rdert: Produktion roter Blutk\u00f6rperchen, Lymphfluss, Leberregeneration, Rekonvaleszenz und Selbstheilung Lindert: Menstruationsschmerzen, Harnwegsinfektionen, Unterleibsschmerzen, Gelenkschmerzen, R\u00fcckenschmerzen, Muskelverspannungen Steigert: Vitalit\u00e4t, Leistungsf\u00e4higkeit, Konzentration, logisches Denken, Ged\u00e4chtnis<\/p>\n<ul style=\"list-style-type: disc;\">\n<li>\n<h4>Schlaf &amp; Traum<\/h4>\n<\/li>\n<\/ul>\n<p>Hilft gegen M\u00fcdigkeit, f\u00f6rdert den Schlaf und die Schlaftiefe, reduziert das Schlafbed\u00fcrfnis, intensiviert Tr\u00e4ume und wandelt Alptr\u00e4ume in positive Tr\u00e4ume um, hilft, sich an Tr\u00e4ume zu erinnern. Seelische Wirkungen: Beruhigt \u00c4ngste und Panikattacken, verbessert Stimmungsst\u00f6rungen, erh\u00f6ht die Stressresistenz und hilft, innere Ruhe zu finden, hilft, unbewusste Probleme bewusst zu machen, unterst\u00fctzt die pers\u00f6nliche Entwicklung, hilft, sich von schwierigen Menschen und Situationen zu distanzieren: Harmonisiert die Energiefelder der Organe, beseitigt Energieverschwendung, st\u00e4rkt das Sonnengeflecht, verbindet in der Meditation mit der Erde, verst\u00e4rkt die Meditationstiefe, schlie\u00dft Energielecks in der Aura, entblockt und beruhigt feurige Energien M\u00f6gliche Nebenwirkungen: Es ist m\u00f6glich, dass die kraftvollen Energien des Tzesit in manchen F\u00e4llen den Tr\u00e4ger \u00fcberfordern k\u00f6nnen, deshalb ist es ratsam, ihn nur mit der Bereitschaft zu tragen, sich mit seinen unbewussten \"Baustellen\" auseinanderzusetzen. Auf den ersten Blick kann es zu vor\u00fcbergehenden Verschlimmerungen von k\u00f6rperlichen und psychischen Symptomen kommen, die verschwinden, sobald der Stein aus dem K\u00f6rper entfernt wird. Manche Menschen, vor allem diejenigen, die \u00fcbergewichtig sind oder Herz-Kreislauf-Probleme haben, f\u00fchlen sich anfangs schwindelig. Nebenwirkungen sind sehr selten und um sie zu vermeiden, ist es ratsam, Tsesite nur gelegentlich zu tragen und sich langsam an diese starke Energie zu gew\u00f6hnen. H\u00e4ufige Nebenwirkungen sind: Lebensfreude, Energie, Zuversicht.<\/p>\n<ul style=\"list-style-type: disc;\">\n<li>\n<h4>Verwendung<\/h4>\n<\/li>\n<\/ul>\n<p>Um den Hals oder in der Tasche tragen. Zum Aufkleben: mit einer Bandage oder einem Pflaster auf die von Krankheiten, Schmerzen, Entz\u00fcndungen oder Wunden betroffenen K\u00f6rperteile. Unter dem Kopfkissen: gegen Migr\u00e4ne, Kopfschmerzen, Schlaflosigkeit und Schlafst\u00f6rungen Massagen: f\u00f6rdert den Lymphfluss, lindert Muskelverspannungen, Gelenkschmerzen Saugen: lindert Zahnprobleme, Hals, Rachen, Bronchitis, Asthma 4-12 Stunden in ein Glas Wasser legen: st\u00e4rkt das Immunsystem, energetisierend<\/p>\n<ul style=\"list-style-type: disc;\">\n<li>\n<h4>Kombinationen mit anderen Steinen<\/h4>\n<\/li>\n<\/ul>\n<p>Es gibt vielf\u00e4ltige M\u00f6glichkeiten, Tsesit mit anderen Steinen zu kombinieren. Sie k\u00f6nnen ihn zusammen mit blauen Steinen wie Sodalith, Lapislazuli oder Dumortierit tragen, um den Blutdruck zu senken, oder bei Bedarf mit roten Steinen wie Rubin, rotem Jaspis oder Granatapfel kombinieren, um den Blutdruck zu erh\u00f6hen. Tsesit beeinflusst nur die Produktion von roten Blutk\u00f6rperchen und hat daher keinen direkten Einfluss auf den Blutdruck. Daher sind diese Kombinationen wirksam. Um seine stimulierende Wirkung auf das Immunsystem zu verst\u00e4rken, ist es ratsam, Tsesit mit gr\u00fcnen Steinen wie Chrysopras, Peridot, Smaragd oder Ozeanjaspis zu tragen. Zur Linderung von Schmerzen, insbesondere von Gelenkschmerzen, wird eine Kombination mit Sugilith empfohlen. In Kombination mit Opal wird die antidepressive Wirkung verst\u00e4rkt. Lapislazuli, Malachit und Mondstein verst\u00e4rken die hormonelle Wirkung von Tsesit.<\/p>\n<ul style=\"list-style-type: disc;\">\n<li>\n<h4>Wartung &amp; Pflege<\/h4>\n<\/li>\n<\/ul>\n<p>Tsesit ben\u00f6tigt, \u00e4hnlich wie H\u00e4matit, keine energetische Reinigung wie Quarz. Sein Eisengehalt verhindert eine Absorption von Energien und kann daher unbegrenzt genutzt und sogar von anderen ausgeliehen werden. Es ist dennoch ratsam, die Tsesite von Zeit zu Zeit unter Leitungswasser abzusp\u00fclen, um sie von Fett und anderen R\u00fcckst\u00e4nden zu reinigen.<\/p>\n\n\n\n<p>\u00a0<\/p>\n\n\n\n<h4 class=\"wp-block-heading\"><\/h4>\n\n\n\n<p><\/p>\n","protected":false},"excerpt":{"rendered":"<p>Ein gro\u00dfes Dankesch\u00f6n an Tsesite, ein Dankesch\u00f6n an die Natur, ein Dankesch\u00f6n an den San und ein gro\u00dfes Dankesch\u00f6n an Hans Feiersinger f\u00fcr das Finden, Benennen und Importieren von Tsesite im Jahr 2010. Mineralogie: Tsesit ist wahrscheinlich im Zusammenhang mit dem Gibbeon-Meteoriten entstanden, der vor 30.000 Jahren auf der Erde einschlug. Der Meteorit zersplitterte wahrscheinlich gro\u00dfe Markasitfelsen und verstreute die&nbsp;<a href=\"https:\/\/bien-etreiris.ch\/de\/produktpraesentation\/natuerliche-heilmittel\/heilsteine\/tsesite\/geschichte-und-tugenden\/\" class=\"read-more\">Weiter lesen<\/a><\/p>\n","protected":false},"author":1,"featured_media":50905,"parent":34492,"menu_order":6594,"comment_status":"closed","ping_status":"closed","template":"page-with-child.php","meta":{"_acf_changed":false,"ngg_post_thumbnail":0,"footnotes":""},"class_list":["post-36284","page","type-page","status-publish","has-post-thumbnail","hentry"],"acf":[],"yoast_head":"<!-- This site is optimized with the Yoast SEO plugin v27.5 - https:\/\/yoast.com\/product\/yoast-seo-wordpress\/ -->\n<title>GESCHICHTE-TUGENDEN - WOHLBEFINDEN<\/title>\n<meta name=\"robots\" content=\"index, follow, max-snippet:-1, max-image-preview:large, max-video-preview:-1\" \/>\n<link rel=\"canonical\" href=\"https:\/\/bien-etreiris.ch\/de\/produktpraesentation\/natuerliche-heilmittel\/heilsteine\/tsesite\/geschichte-und-tugenden\/\" \/>\n<meta property=\"og:locale\" content=\"de_DE\" \/>\n<meta property=\"og:type\" content=\"article\" \/>\n<meta property=\"og:title\" content=\"GESCHICHTE-TUGENDEN - WOHLBEFINDEN\" \/>\n<meta property=\"og:description\" content=\"Ein gro\u00dfes Dankesch\u00f6n an Tsesite, ein Dankesch\u00f6n an die Natur, ein Dankesch\u00f6n an den San und ein gro\u00dfes Dankesch\u00f6n an Hans Feiersinger f\u00fcr das Finden, Benennen und Importieren von Tsesite im Jahr 2010. Mineralogie: Tsesit ist wahrscheinlich im Zusammenhang mit dem Gibbeon-Meteoriten entstanden, der vor 30.000 Jahren auf der Erde einschlug. Der Meteorit zersplitterte wahrscheinlich gro\u00dfe Markasitfelsen und verstreute die&nbsp;Weiter lesen\" \/>\n<meta property=\"og:url\" content=\"https:\/\/bien-etreiris.ch\/de\/produktpraesentation\/natuerliche-heilmittel\/heilsteine\/tsesite\/geschichte-und-tugenden\/\" \/>\n<meta property=\"og:site_name\" content=\"WOHLBEFINDEN\" \/>\n<meta property=\"article:publisher\" content=\"https:\/\/www.facebook.com\/bienetreiris\/\" \/>\n<meta property=\"article:modified_time\" content=\"2021-07-12T06:34:16+00:00\" \/>\n<meta property=\"og:image\" content=\"https:\/\/bien-etreiris.ch\/wp-content\/uploads\/2021\/06\/Acceuil-4.jpg\" \/>\n\t<meta property=\"og:image:width\" content=\"500\" \/>\n\t<meta property=\"og:image:height\" content=\"332\" \/>\n\t<meta property=\"og:image:type\" content=\"image\/jpeg\" \/>\n<meta name=\"twitter:label1\" content=\"Gesch\u00e4tzte Lesezeit\" \/>\n\t<meta name=\"twitter:data1\" content=\"4\u00a0Minuten\" \/>\n<script type=\"application\/ld+json\" class=\"yoast-schema-graph\">{\"@context\":\"https:\\\/\\\/schema.org\",\"@graph\":[{\"@type\":\"WebPage\",\"@id\":\"https:\\\/\\\/bien-etreiris.ch\\\/de\\\/produktpraesentation\\\/natuerliche-heilmittel\\\/heilsteine\\\/tsesite\\\/geschichte-und-tugenden\\\/\",\"url\":\"https:\\\/\\\/bien-etreiris.ch\\\/de\\\/produktpraesentation\\\/natuerliche-heilmittel\\\/heilsteine\\\/tsesite\\\/geschichte-und-tugenden\\\/\",\"name\":\"GESCHICHTE-TUGENDEN - WOHLBEFINDEN\",\"isPartOf\":{\"@id\":\"https:\\\/\\\/bien-etreiris.ch\\\/de\\\/#website\"},\"primaryImageOfPage\":{\"@id\":\"https:\\\/\\\/bien-etreiris.ch\\\/de\\\/produktpraesentation\\\/natuerliche-heilmittel\\\/heilsteine\\\/tsesite\\\/geschichte-und-tugenden\\\/#primaryimage\"},\"image\":{\"@id\":\"https:\\\/\\\/bien-etreiris.ch\\\/de\\\/produktpraesentation\\\/natuerliche-heilmittel\\\/heilsteine\\\/tsesite\\\/geschichte-und-tugenden\\\/#primaryimage\"},\"thumbnailUrl\":\"https:\\\/\\\/bien-etreiris.ch\\\/wp-content\\\/uploads\\\/2021\\\/06\\\/Acceuil-4.jpg\",\"datePublished\":\"2020-12-16T05:49:21+00:00\",\"dateModified\":\"2021-07-12T06:34:16+00:00\",\"breadcrumb\":{\"@id\":\"https:\\\/\\\/bien-etreiris.ch\\\/de\\\/produktpraesentation\\\/natuerliche-heilmittel\\\/heilsteine\\\/tsesite\\\/geschichte-und-tugenden\\\/#breadcrumb\"},\"inLanguage\":\"de\",\"potentialAction\":[{\"@type\":\"ReadAction\",\"target\":[\"https:\\\/\\\/bien-etreiris.ch\\\/de\\\/produktpraesentation\\\/natuerliche-heilmittel\\\/heilsteine\\\/tsesite\\\/geschichte-und-tugenden\\\/\"]}]},{\"@type\":\"ImageObject\",\"inLanguage\":\"de\",\"@id\":\"https:\\\/\\\/bien-etreiris.ch\\\/de\\\/produktpraesentation\\\/natuerliche-heilmittel\\\/heilsteine\\\/tsesite\\\/geschichte-und-tugenden\\\/#primaryimage\",\"url\":\"https:\\\/\\\/bien-etreiris.ch\\\/wp-content\\\/uploads\\\/2021\\\/06\\\/Acceuil-4.jpg\",\"contentUrl\":\"https:\\\/\\\/bien-etreiris.ch\\\/wp-content\\\/uploads\\\/2021\\\/06\\\/Acceuil-4.jpg\",\"width\":500,\"height\":332},{\"@type\":\"BreadcrumbList\",\"@id\":\"https:\\\/\\\/bien-etreiris.ch\\\/de\\\/produktpraesentation\\\/natuerliche-heilmittel\\\/heilsteine\\\/tsesite\\\/geschichte-und-tugenden\\\/#breadcrumb\",\"itemListElement\":[{\"@type\":\"ListItem\",\"position\":1,\"name\":\"Home\",\"item\":\"https:\\\/\\\/bien-etreiris.ch\\\/de\\\/\"},{\"@type\":\"ListItem\",\"position\":2,\"name\":\"PRODUKTPR\u00c4SENTATION\",\"item\":\"https:\\\/\\\/bien-etreiris.ch\\\/de\\\/produktpraesentation\\\/\"},{\"@type\":\"ListItem\",\"position\":3,\"name\":\"NAT\u00dcRLICHE HEILMITTEL\",\"item\":\"https:\\\/\\\/bien-etreiris.ch\\\/de\\\/produktpraesentation\\\/natuerliche-heilmittel\\\/\"},{\"@type\":\"ListItem\",\"position\":4,\"name\":\"HEILSTEINE\",\"item\":\"https:\\\/\\\/bien-etreiris.ch\\\/de\\\/produktpraesentation\\\/natuerliche-heilmittel\\\/heilsteine\\\/\"},{\"@type\":\"ListItem\",\"position\":5,\"name\":\"TSESIT\",\"item\":\"https:\\\/\\\/bien-etreiris.ch\\\/de\\\/produktpraesentation\\\/natuerliche-heilmittel\\\/heilsteine\\\/tsesite\\\/\"},{\"@type\":\"ListItem\",\"position\":6,\"name\":\"GESCHICHTE-TUGENDEN\"}]},{\"@type\":\"WebSite\",\"@id\":\"https:\\\/\\\/bien-etreiris.ch\\\/de\\\/#website\",\"url\":\"https:\\\/\\\/bien-etreiris.ch\\\/de\\\/\",\"name\":\"Bien-\u00eatre Iris\",\"description\":\"IHRE Gesundheit ist uns wichtig\",\"potentialAction\":[{\"@type\":\"SearchAction\",\"target\":{\"@type\":\"EntryPoint\",\"urlTemplate\":\"https:\\\/\\\/bien-etreiris.ch\\\/de\\\/?s={search_term_string}\"},\"query-input\":{\"@type\":\"PropertyValueSpecification\",\"valueRequired\":true,\"valueName\":\"search_term_string\"}}],\"inLanguage\":\"de\"}]}<\/script>\n<!-- \/ Yoast SEO plugin. -->","yoast_head_json":{"title":"GESCHICHTE-TUGENDEN - WOHLBEFINDEN","robots":{"index":"index","follow":"follow","max-snippet":"max-snippet:-1","max-image-preview":"max-image-preview:large","max-video-preview":"max-video-preview:-1"},"canonical":"https:\/\/bien-etreiris.ch\/de\/produktpraesentation\/natuerliche-heilmittel\/heilsteine\/tsesite\/geschichte-und-tugenden\/","og_locale":"de_DE","og_type":"article","og_title":"GESCHICHTE-TUGENDEN - WOHLBEFINDEN","og_description":"Ein gro\u00dfes Dankesch\u00f6n an Tsesite, ein Dankesch\u00f6n an die Natur, ein Dankesch\u00f6n an den San und ein gro\u00dfes Dankesch\u00f6n an Hans Feiersinger f\u00fcr das Finden, Benennen und Importieren von Tsesite im Jahr 2010. Mineralogie: Tsesit ist wahrscheinlich im Zusammenhang mit dem Gibbeon-Meteoriten entstanden, der vor 30.000 Jahren auf der Erde einschlug. Der Meteorit zersplitterte wahrscheinlich gro\u00dfe Markasitfelsen und verstreute die&nbsp;Weiter lesen","og_url":"https:\/\/bien-etreiris.ch\/de\/produktpraesentation\/natuerliche-heilmittel\/heilsteine\/tsesite\/geschichte-und-tugenden\/","og_site_name":"WOHLBEFINDEN","article_publisher":"https:\/\/www.facebook.com\/bienetreiris\/","article_modified_time":"2021-07-12T06:34:16+00:00","og_image":[{"width":500,"height":332,"url":"https:\/\/bien-etreiris.ch\/wp-content\/uploads\/2021\/06\/Acceuil-4.jpg","type":"image\/jpeg"}],"twitter_misc":{"Gesch\u00e4tzte Lesezeit":"4\u00a0Minuten"},"schema":{"@context":"https:\/\/schema.org","@graph":[{"@type":"WebPage","@id":"https:\/\/bien-etreiris.ch\/de\/produktpraesentation\/natuerliche-heilmittel\/heilsteine\/tsesite\/geschichte-und-tugenden\/","url":"https:\/\/bien-etreiris.ch\/de\/produktpraesentation\/natuerliche-heilmittel\/heilsteine\/tsesite\/geschichte-und-tugenden\/","name":"GESCHICHTE-TUGENDEN - WOHLBEFINDEN","isPartOf":{"@id":"https:\/\/bien-etreiris.ch\/de\/#website"},"primaryImageOfPage":{"@id":"https:\/\/bien-etreiris.ch\/de\/produktpraesentation\/natuerliche-heilmittel\/heilsteine\/tsesite\/geschichte-und-tugenden\/#primaryimage"},"image":{"@id":"https:\/\/bien-etreiris.ch\/de\/produktpraesentation\/natuerliche-heilmittel\/heilsteine\/tsesite\/geschichte-und-tugenden\/#primaryimage"},"thumbnailUrl":"https:\/\/bien-etreiris.ch\/wp-content\/uploads\/2021\/06\/Acceuil-4.jpg","datePublished":"2020-12-16T05:49:21+00:00","dateModified":"2021-07-12T06:34:16+00:00","breadcrumb":{"@id":"https:\/\/bien-etreiris.ch\/de\/produktpraesentation\/natuerliche-heilmittel\/heilsteine\/tsesite\/geschichte-und-tugenden\/#breadcrumb"},"inLanguage":"de","potentialAction":[{"@type":"ReadAction","target":["https:\/\/bien-etreiris.ch\/de\/produktpraesentation\/natuerliche-heilmittel\/heilsteine\/tsesite\/geschichte-und-tugenden\/"]}]},{"@type":"ImageObject","inLanguage":"de","@id":"https:\/\/bien-etreiris.ch\/de\/produktpraesentation\/natuerliche-heilmittel\/heilsteine\/tsesite\/geschichte-und-tugenden\/#primaryimage","url":"https:\/\/bien-etreiris.ch\/wp-content\/uploads\/2021\/06\/Acceuil-4.jpg","contentUrl":"https:\/\/bien-etreiris.ch\/wp-content\/uploads\/2021\/06\/Acceuil-4.jpg","width":500,"height":332},{"@type":"BreadcrumbList","@id":"https:\/\/bien-etreiris.ch\/de\/produktpraesentation\/natuerliche-heilmittel\/heilsteine\/tsesite\/geschichte-und-tugenden\/#breadcrumb","itemListElement":[{"@type":"ListItem","position":1,"name":"Home","item":"https:\/\/bien-etreiris.ch\/de\/"},{"@type":"ListItem","position":2,"name":"PRODUKTPR\u00c4SENTATION","item":"https:\/\/bien-etreiris.ch\/de\/produktpraesentation\/"},{"@type":"ListItem","position":3,"name":"NAT\u00dcRLICHE HEILMITTEL","item":"https:\/\/bien-etreiris.ch\/de\/produktpraesentation\/natuerliche-heilmittel\/"},{"@type":"ListItem","position":4,"name":"HEILSTEINE","item":"https:\/\/bien-etreiris.ch\/de\/produktpraesentation\/natuerliche-heilmittel\/heilsteine\/"},{"@type":"ListItem","position":5,"name":"TSESIT","item":"https:\/\/bien-etreiris.ch\/de\/produktpraesentation\/natuerliche-heilmittel\/heilsteine\/tsesite\/"},{"@type":"ListItem","position":6,"name":"GESCHICHTE-TUGENDEN"}]},{"@type":"WebSite","@id":"https:\/\/bien-etreiris.ch\/de\/#website","url":"https:\/\/bien-etreiris.ch\/de\/","name":"Bien-\u00eatre Iris","description":"IHRE Gesundheit ist uns wichtig","potentialAction":[{"@type":"SearchAction","target":{"@type":"EntryPoint","urlTemplate":"https:\/\/bien-etreiris.ch\/de\/?s={search_term_string}"},"query-input":{"@type":"PropertyValueSpecification","valueRequired":true,"valueName":"search_term_string"}}],"inLanguage":"de"}]}},"_links":{"self":[{"href":"https:\/\/bien-etreiris.ch\/de\/wp-json\/wp\/v2\/pages\/36284","targetHints":{"allow":["GET"]}}],"collection":[{"href":"https:\/\/bien-etreiris.ch\/de\/wp-json\/wp\/v2\/pages"}],"about":[{"href":"https:\/\/bien-etreiris.ch\/de\/wp-json\/wp\/v2\/types\/page"}],"author":[{"embeddable":true,"href":"https:\/\/bien-etreiris.ch\/de\/wp-json\/wp\/v2\/users\/1"}],"replies":[{"embeddable":true,"href":"https:\/\/bien-etreiris.ch\/de\/wp-json\/wp\/v2\/comments?post=36284"}],"version-history":[{"count":3,"href":"https:\/\/bien-etreiris.ch\/de\/wp-json\/wp\/v2\/pages\/36284\/revisions"}],"predecessor-version":[{"id":51990,"href":"https:\/\/bien-etreiris.ch\/de\/wp-json\/wp\/v2\/pages\/36284\/revisions\/51990"}],"up":[{"embeddable":true,"href":"https:\/\/bien-etreiris.ch\/de\/wp-json\/wp\/v2\/pages\/34492"}],"wp:featuredmedia":[{"embeddable":true,"href":"https:\/\/bien-etreiris.ch\/de\/wp-json\/wp\/v2\/media\/50905"}],"wp:attachment":[{"href":"https:\/\/bien-etreiris.ch\/de\/wp-json\/wp\/v2\/media?parent=36284"}],"curies":[{"name":"wp","href":"https:\/\/api.w.org\/{rel}","templated":true}]}}