{"id":35989,"date":"2020-12-09T23:11:12","date_gmt":"2020-12-09T23:11:12","guid":{"rendered":"https:\/\/bien-etreiris.ch\/?page_id=35989"},"modified":"2021-06-08T19:35:11","modified_gmt":"2021-06-08T17:35:11","slug":"sonett","status":"publish","type":"page","link":"https:\/\/bien-etreiris.ch\/de\/produktpraesentation\/hygiene\/haushaltsreinigung\/haushaltsseifen\/geschirrspuelen\/sonett\/","title":{"rendered":"SONETT"},"content":{"rendered":"<h2>Sonett<\/h2>\n<h4>\u00d6kologische Geschirrsp\u00fclmittel, Pulver oder Tabletten<\/h4>\n<p>Apfel, Mandel, Zitronenminze, Bio-Orangenbl\u00fcte... Alles in allem eine Vielfalt an 100% nat\u00fcrlichen D\u00fcften, um sanft und effektiv zu reinigen. Genie\u00dfen Sie eine Auswahl nat\u00fcrlicher und \u00f6kologischer Reinigungsprodukte, die in Litern oder Kilos im Einzelhandel oder als Bulkware verkauft werden. Fl\u00fcssigkeit, Pulver, Tablette ... Sonett-Produkte sind auf pflanzlicher Basis formuliert und daher optimal biologisch abbaubar.<\/p>\n<p>&nbsp;<\/p>\n<h4>Sonett-Qualit\u00e4t<\/h4>\n<p><br>Alle aktiven Reinigungsmittel (Tenside) werden aus pflanzlichen Rohstoffen hergestellt und sind zu 100 % biologisch abbaubar.<br>Wir verwenden keine petrochemischen Konservierungsmittel, keine synthetischen Farbstoffe oder Parf\u00fcme und unsere Produkte enthalten keine Enzyme.<br>Unsere Seifen werden aus rein pflanzlichen \u00d6len aus kontrolliert biologischem und biologisch-dynamischem Anbau hergestellt.<br>Die D\u00fcfte unserer Produkte werden mit nat\u00fcrlichen \u00e4therischen \u00d6len hergestellt, die aus kontrolliert biologischem Anbau und Wildsammlung stammen.<br>Alle in unseren Produkten enthaltenen Inhaltsstoffe sind auf unseren Verpackungen deklariert.<br>Das Wasser in unseren Produkten wird in 12 gro\u00dfen Glaseiern verwirbelt, um es zu energetisieren.<br>Unser Balsamico-Zusatz wird in einem Oloid bio-dynamisiert.<br>Ausserdem sind die Produkte von Sonett eine komplett hautfreundliche Serie, die f\u00fcr viele Allergiker geeignet ist.<\/p>\n<p>&nbsp;<\/p>\n\n\n<h2 class=\"wp-block-heading\">Geschirrsp\u00fcler-Pulver<\/h2>\n\n\n<h4><a href=\"https:\/\/decoiris.ch\/wp-content\/uploads\/2020\/10\/1.5-kg.png\"><img loading=\"lazy\" decoding=\"async\" class=\"size-medium wp-image-32867 alignleft\" src=\"https:\/\/decoiris.ch\/wp-content\/uploads\/2020\/10\/1.5-kg-300x300.png\" alt=\"\" width=\"300\" height=\"300\" srcset=\"https:\/\/bien-etreiris.ch\/wp-content\/uploads\/2020\/10\/1.5-kg-300x300.png 300w, https:\/\/bien-etreiris.ch\/wp-content\/uploads\/2020\/10\/1.5-kg-150x150.png 150w, https:\/\/bien-etreiris.ch\/wp-content\/uploads\/2020\/10\/1.5-kg.png 640w\" sizes=\"auto, (max-width: 300px) 100vw, 300px\" \/><\/a><\/h4>\n<p>&nbsp;<\/p>\n<p>&nbsp;<\/p>\n<p><span class=\"imgSubtitle\">Disponible en : 1,5 kg, 3 kg<\/span><\/p>\n<p>ou en vrac<br>Sans enzymes, tensioactifs et blanchissants agressifs, mais efficace, m\u00eame lorsque la vaisselle est tr\u00e8s sale.<\/p>\n<p>&nbsp;<\/p>\n<p>&nbsp;<\/p>\n<p>&nbsp;<\/p>\n<p>&nbsp;<\/p>\n<div>Important : pour obtenir un r\u00e9sultat satisfaisant, l\u2019adoucisseur (\u00e9changeur d'ions) du lave-vaisselle doit \u00eatre r\u00e9gl\u00e9 au niveau sup\u00e9rieur \u00e0 celui n\u00e9cessaire selon la duret\u00e9 de l'eau.<\/div>\n<div>&nbsp;<\/div>\n<div>&nbsp;<\/div>\n<div><strong>Emploi :<\/strong><\/div>\n<div>Fine poudre, tr\u00e8s concentr\u00e9e, adapt\u00e9e pour tous les lave-vaisselles domestiques jusqu\u2019\u00e0 75 \u00b0C.<\/div>\n<div>Ne pas mettre de l\u2019argenterie, du cristal ou de la porcelaine peinte \u00e0 la main.<\/div>\n<div>&nbsp;<\/div>\n<div><strong>Dosage :<\/strong><\/div>\n<div>15-30 ml par cycle<\/div>\n<div><strong>Important :<\/strong> r\u00e9gler l\u2019adoucisseur (\u00e9changeur d'ions) du lave-vaisselle au niveau sup\u00e9rieur \u00e0 celui n\u00e9cessaire selon la duret\u00e9 de l'eau. Par exemple : Pour une eau de duret\u00e9 moyenne (niveau II : 15\u201325 \u00b0fH), l'adoucisseur doit \u00eatre r\u00e9gl\u00e9 au niveau III (&gt;25 \u00b0fH).&nbsp;<\/div>\n<div>Pour cela, consulter le mode d\u2019emploi du lave-vaisselle et notre Fiche Infos \u2018R\u00e9glage du lave-vaisselle\u2019.<\/div>\n<div>Les compartiments du sel r\u00e9g\u00e9n\u00e9rant et du liquide de rin\u00e7age doivent \u00eatre toujours pleins.&nbsp;Garder bien ferm\u00e9<\/div>","protected":false},"excerpt":{"rendered":"<p>Sonett \u00d6kologische Geschirrsp\u00fclmittel, Pulver oder Tabletten Apfel, Mandel, Zitronenminze, Bio-Orangenbl\u00fcte... Alles in allem eine Vielfalt an 100% nat\u00fcrlichen D\u00fcften, um sanft und effektiv zu reinigen. Genie\u00dfen Sie eine Auswahl nat\u00fcrlicher und \u00f6kologischer Reinigungsprodukte, die in Litern oder Kilos im Einzelhandel oder als Bulkware verkauft werden. Fl\u00fcssigkeit, Pulver, Tablette ... Sonett-Produkte sind auf pflanzlicher Basis formuliert und daher optimal biologisch abbaubar.&nbsp;<a href=\"https:\/\/bien-etreiris.ch\/de\/produktpraesentation\/hygiene\/haushaltsreinigung\/haushaltsseifen\/geschirrspuelen\/sonett\/\" class=\"read-more\">Weiter lesen<\/a><\/p>\n","protected":false},"author":1,"featured_media":35985,"parent":32865,"menu_order":6621,"comment_status":"closed","ping_status":"closed","template":"page-with-child.php","meta":{"_acf_changed":false,"ngg_post_thumbnail":0,"footnotes":""},"class_list":["post-35989","page","type-page","status-publish","has-post-thumbnail","hentry"],"acf":[],"yoast_head":"<!-- This site is optimized with the Yoast SEO plugin v27.5 - https:\/\/yoast.com\/product\/yoast-seo-wordpress\/ -->\n<title>SONETT - WOHLBEFINDEN<\/title>\n<meta name=\"robots\" content=\"index, follow, max-snippet:-1, max-image-preview:large, max-video-preview:-1\" \/>\n<link rel=\"canonical\" href=\"https:\/\/bien-etreiris.ch\/de\/produktpraesentation\/hygiene\/haushaltsreinigung\/haushaltsseifen\/geschirrspuelen\/sonett\/\" \/>\n<meta property=\"og:locale\" content=\"de_DE\" \/>\n<meta property=\"og:type\" content=\"article\" \/>\n<meta property=\"og:title\" content=\"SONETT - WOHLBEFINDEN\" \/>\n<meta property=\"og:description\" content=\"Sonett \u00d6kologische Geschirrsp\u00fclmittel, Pulver oder Tabletten Apfel, Mandel, Zitronenminze, Bio-Orangenbl\u00fcte... Alles in allem eine Vielfalt an 100% nat\u00fcrlichen D\u00fcften, um sanft und effektiv zu reinigen. Genie\u00dfen Sie eine Auswahl nat\u00fcrlicher und \u00f6kologischer Reinigungsprodukte, die in Litern oder Kilos im Einzelhandel oder als Bulkware verkauft werden. Fl\u00fcssigkeit, Pulver, Tablette ... Sonett-Produkte sind auf pflanzlicher Basis formuliert und daher optimal biologisch abbaubar.&nbsp;Weiter lesen\" \/>\n<meta property=\"og:url\" content=\"https:\/\/bien-etreiris.ch\/de\/produktpraesentation\/hygiene\/haushaltsreinigung\/haushaltsseifen\/geschirrspuelen\/sonett\/\" \/>\n<meta property=\"og:site_name\" content=\"WOHLBEFINDEN\" \/>\n<meta property=\"article:publisher\" content=\"https:\/\/www.facebook.com\/bienetreiris\/\" \/>\n<meta property=\"article:modified_time\" content=\"2021-06-08T17:35:11+00:00\" \/>\n<meta property=\"og:image\" content=\"https:\/\/bien-etreiris.ch\/wp-content\/uploads\/2020\/12\/acceuil-Sonett.png\" \/>\n\t<meta property=\"og:image:width\" content=\"500\" \/>\n\t<meta property=\"og:image:height\" content=\"329\" \/>\n\t<meta property=\"og:image:type\" content=\"image\/png\" \/>\n<meta name=\"twitter:label1\" content=\"Gesch\u00e4tzte Lesezeit\" \/>\n\t<meta name=\"twitter:data1\" content=\"2\u00a0Minuten\" \/>\n<script type=\"application\/ld+json\" class=\"yoast-schema-graph\">{\"@context\":\"https:\\\/\\\/schema.org\",\"@graph\":[{\"@type\":\"WebPage\",\"@id\":\"https:\\\/\\\/bien-etreiris.ch\\\/de\\\/produktpraesentation\\\/hygiene\\\/haushaltsreinigung\\\/haushaltsseifen\\\/geschirrspuelen\\\/sonett\\\/\",\"url\":\"https:\\\/\\\/bien-etreiris.ch\\\/de\\\/produktpraesentation\\\/hygiene\\\/haushaltsreinigung\\\/haushaltsseifen\\\/geschirrspuelen\\\/sonett\\\/\",\"name\":\"SONETT - WOHLBEFINDEN\",\"isPartOf\":{\"@id\":\"https:\\\/\\\/bien-etreiris.ch\\\/de\\\/#website\"},\"primaryImageOfPage\":{\"@id\":\"https:\\\/\\\/bien-etreiris.ch\\\/de\\\/produktpraesentation\\\/hygiene\\\/haushaltsreinigung\\\/haushaltsseifen\\\/geschirrspuelen\\\/sonett\\\/#primaryimage\"},\"image\":{\"@id\":\"https:\\\/\\\/bien-etreiris.ch\\\/de\\\/produktpraesentation\\\/hygiene\\\/haushaltsreinigung\\\/haushaltsseifen\\\/geschirrspuelen\\\/sonett\\\/#primaryimage\"},\"thumbnailUrl\":\"https:\\\/\\\/bien-etreiris.ch\\\/wp-content\\\/uploads\\\/2020\\\/12\\\/acceuil-Sonett.png\",\"datePublished\":\"2020-12-09T23:11:12+00:00\",\"dateModified\":\"2021-06-08T17:35:11+00:00\",\"breadcrumb\":{\"@id\":\"https:\\\/\\\/bien-etreiris.ch\\\/de\\\/produktpraesentation\\\/hygiene\\\/haushaltsreinigung\\\/haushaltsseifen\\\/geschirrspuelen\\\/sonett\\\/#breadcrumb\"},\"inLanguage\":\"de\",\"potentialAction\":[{\"@type\":\"ReadAction\",\"target\":[\"https:\\\/\\\/bien-etreiris.ch\\\/de\\\/produktpraesentation\\\/hygiene\\\/haushaltsreinigung\\\/haushaltsseifen\\\/geschirrspuelen\\\/sonett\\\/\"]}]},{\"@type\":\"ImageObject\",\"inLanguage\":\"de\",\"@id\":\"https:\\\/\\\/bien-etreiris.ch\\\/de\\\/produktpraesentation\\\/hygiene\\\/haushaltsreinigung\\\/haushaltsseifen\\\/geschirrspuelen\\\/sonett\\\/#primaryimage\",\"url\":\"https:\\\/\\\/bien-etreiris.ch\\\/wp-content\\\/uploads\\\/2020\\\/12\\\/acceuil-Sonett.png\",\"contentUrl\":\"https:\\\/\\\/bien-etreiris.ch\\\/wp-content\\\/uploads\\\/2020\\\/12\\\/acceuil-Sonett.png\",\"width\":500,\"height\":329},{\"@type\":\"BreadcrumbList\",\"@id\":\"https:\\\/\\\/bien-etreiris.ch\\\/de\\\/produktpraesentation\\\/hygiene\\\/haushaltsreinigung\\\/haushaltsseifen\\\/geschirrspuelen\\\/sonett\\\/#breadcrumb\",\"itemListElement\":[{\"@type\":\"ListItem\",\"position\":1,\"name\":\"Home\",\"item\":\"https:\\\/\\\/bien-etreiris.ch\\\/de\\\/\"},{\"@type\":\"ListItem\",\"position\":2,\"name\":\"PRODUKTPR\u00c4SENTATION\",\"item\":\"https:\\\/\\\/bien-etreiris.ch\\\/de\\\/produktpraesentation\\\/\"},{\"@type\":\"ListItem\",\"position\":3,\"name\":\"HYGIENE\",\"item\":\"https:\\\/\\\/bien-etreiris.ch\\\/de\\\/produktpraesentation\\\/hygiene\\\/\"},{\"@type\":\"ListItem\",\"position\":4,\"name\":\"HAUSHALTSREINIGUNG\",\"item\":\"https:\\\/\\\/bien-etreiris.ch\\\/de\\\/produktpraesentation\\\/hygiene\\\/haushaltsreinigung\\\/\"},{\"@type\":\"ListItem\",\"position\":5,\"name\":\"HAUSHALTSSEIFEN\",\"item\":\"https:\\\/\\\/bien-etreiris.ch\\\/de\\\/produktpraesentation\\\/hygiene\\\/haushaltsreinigung\\\/haushaltsseifen\\\/\"},{\"@type\":\"ListItem\",\"position\":6,\"name\":\"GESCHIRRSP\u00dcLEN\",\"item\":\"https:\\\/\\\/bien-etreiris.ch\\\/de\\\/produktpraesentation\\\/hygiene\\\/haushaltsreinigung\\\/haushaltsseifen\\\/geschirrspuelen\\\/\"},{\"@type\":\"ListItem\",\"position\":7,\"name\":\"SONETT\"}]},{\"@type\":\"WebSite\",\"@id\":\"https:\\\/\\\/bien-etreiris.ch\\\/de\\\/#website\",\"url\":\"https:\\\/\\\/bien-etreiris.ch\\\/de\\\/\",\"name\":\"Bien-\u00eatre Iris\",\"description\":\"IHRE Gesundheit ist uns wichtig\",\"potentialAction\":[{\"@type\":\"SearchAction\",\"target\":{\"@type\":\"EntryPoint\",\"urlTemplate\":\"https:\\\/\\\/bien-etreiris.ch\\\/de\\\/?s={search_term_string}\"},\"query-input\":{\"@type\":\"PropertyValueSpecification\",\"valueRequired\":true,\"valueName\":\"search_term_string\"}}],\"inLanguage\":\"de\"}]}<\/script>\n<!-- \/ Yoast SEO plugin. -->","yoast_head_json":{"title":"SONETT - WOHLBEFINDEN","robots":{"index":"index","follow":"follow","max-snippet":"max-snippet:-1","max-image-preview":"max-image-preview:large","max-video-preview":"max-video-preview:-1"},"canonical":"https:\/\/bien-etreiris.ch\/de\/produktpraesentation\/hygiene\/haushaltsreinigung\/haushaltsseifen\/geschirrspuelen\/sonett\/","og_locale":"de_DE","og_type":"article","og_title":"SONETT - WOHLBEFINDEN","og_description":"Sonett \u00d6kologische Geschirrsp\u00fclmittel, Pulver oder Tabletten Apfel, Mandel, Zitronenminze, Bio-Orangenbl\u00fcte... Alles in allem eine Vielfalt an 100% nat\u00fcrlichen D\u00fcften, um sanft und effektiv zu reinigen. Genie\u00dfen Sie eine Auswahl nat\u00fcrlicher und \u00f6kologischer Reinigungsprodukte, die in Litern oder Kilos im Einzelhandel oder als Bulkware verkauft werden. Fl\u00fcssigkeit, Pulver, Tablette ... Sonett-Produkte sind auf pflanzlicher Basis formuliert und daher optimal biologisch abbaubar.&nbsp;Weiter lesen","og_url":"https:\/\/bien-etreiris.ch\/de\/produktpraesentation\/hygiene\/haushaltsreinigung\/haushaltsseifen\/geschirrspuelen\/sonett\/","og_site_name":"WOHLBEFINDEN","article_publisher":"https:\/\/www.facebook.com\/bienetreiris\/","article_modified_time":"2021-06-08T17:35:11+00:00","og_image":[{"width":500,"height":329,"url":"https:\/\/bien-etreiris.ch\/wp-content\/uploads\/2020\/12\/acceuil-Sonett.png","type":"image\/png"}],"twitter_misc":{"Gesch\u00e4tzte Lesezeit":"2\u00a0Minuten"},"schema":{"@context":"https:\/\/schema.org","@graph":[{"@type":"WebPage","@id":"https:\/\/bien-etreiris.ch\/de\/produktpraesentation\/hygiene\/haushaltsreinigung\/haushaltsseifen\/geschirrspuelen\/sonett\/","url":"https:\/\/bien-etreiris.ch\/de\/produktpraesentation\/hygiene\/haushaltsreinigung\/haushaltsseifen\/geschirrspuelen\/sonett\/","name":"SONETT - WOHLBEFINDEN","isPartOf":{"@id":"https:\/\/bien-etreiris.ch\/de\/#website"},"primaryImageOfPage":{"@id":"https:\/\/bien-etreiris.ch\/de\/produktpraesentation\/hygiene\/haushaltsreinigung\/haushaltsseifen\/geschirrspuelen\/sonett\/#primaryimage"},"image":{"@id":"https:\/\/bien-etreiris.ch\/de\/produktpraesentation\/hygiene\/haushaltsreinigung\/haushaltsseifen\/geschirrspuelen\/sonett\/#primaryimage"},"thumbnailUrl":"https:\/\/bien-etreiris.ch\/wp-content\/uploads\/2020\/12\/acceuil-Sonett.png","datePublished":"2020-12-09T23:11:12+00:00","dateModified":"2021-06-08T17:35:11+00:00","breadcrumb":{"@id":"https:\/\/bien-etreiris.ch\/de\/produktpraesentation\/hygiene\/haushaltsreinigung\/haushaltsseifen\/geschirrspuelen\/sonett\/#breadcrumb"},"inLanguage":"de","potentialAction":[{"@type":"ReadAction","target":["https:\/\/bien-etreiris.ch\/de\/produktpraesentation\/hygiene\/haushaltsreinigung\/haushaltsseifen\/geschirrspuelen\/sonett\/"]}]},{"@type":"ImageObject","inLanguage":"de","@id":"https:\/\/bien-etreiris.ch\/de\/produktpraesentation\/hygiene\/haushaltsreinigung\/haushaltsseifen\/geschirrspuelen\/sonett\/#primaryimage","url":"https:\/\/bien-etreiris.ch\/wp-content\/uploads\/2020\/12\/acceuil-Sonett.png","contentUrl":"https:\/\/bien-etreiris.ch\/wp-content\/uploads\/2020\/12\/acceuil-Sonett.png","width":500,"height":329},{"@type":"BreadcrumbList","@id":"https:\/\/bien-etreiris.ch\/de\/produktpraesentation\/hygiene\/haushaltsreinigung\/haushaltsseifen\/geschirrspuelen\/sonett\/#breadcrumb","itemListElement":[{"@type":"ListItem","position":1,"name":"Home","item":"https:\/\/bien-etreiris.ch\/de\/"},{"@type":"ListItem","position":2,"name":"PRODUKTPR\u00c4SENTATION","item":"https:\/\/bien-etreiris.ch\/de\/produktpraesentation\/"},{"@type":"ListItem","position":3,"name":"HYGIENE","item":"https:\/\/bien-etreiris.ch\/de\/produktpraesentation\/hygiene\/"},{"@type":"ListItem","position":4,"name":"HAUSHALTSREINIGUNG","item":"https:\/\/bien-etreiris.ch\/de\/produktpraesentation\/hygiene\/haushaltsreinigung\/"},{"@type":"ListItem","position":5,"name":"HAUSHALTSSEIFEN","item":"https:\/\/bien-etreiris.ch\/de\/produktpraesentation\/hygiene\/haushaltsreinigung\/haushaltsseifen\/"},{"@type":"ListItem","position":6,"name":"GESCHIRRSP\u00dcLEN","item":"https:\/\/bien-etreiris.ch\/de\/produktpraesentation\/hygiene\/haushaltsreinigung\/haushaltsseifen\/geschirrspuelen\/"},{"@type":"ListItem","position":7,"name":"SONETT"}]},{"@type":"WebSite","@id":"https:\/\/bien-etreiris.ch\/de\/#website","url":"https:\/\/bien-etreiris.ch\/de\/","name":"Bien-\u00eatre Iris","description":"IHRE Gesundheit ist uns wichtig","potentialAction":[{"@type":"SearchAction","target":{"@type":"EntryPoint","urlTemplate":"https:\/\/bien-etreiris.ch\/de\/?s={search_term_string}"},"query-input":{"@type":"PropertyValueSpecification","valueRequired":true,"valueName":"search_term_string"}}],"inLanguage":"de"}]}},"_links":{"self":[{"href":"https:\/\/bien-etreiris.ch\/de\/wp-json\/wp\/v2\/pages\/35989","targetHints":{"allow":["GET"]}}],"collection":[{"href":"https:\/\/bien-etreiris.ch\/de\/wp-json\/wp\/v2\/pages"}],"about":[{"href":"https:\/\/bien-etreiris.ch\/de\/wp-json\/wp\/v2\/types\/page"}],"author":[{"embeddable":true,"href":"https:\/\/bien-etreiris.ch\/de\/wp-json\/wp\/v2\/users\/1"}],"replies":[{"embeddable":true,"href":"https:\/\/bien-etreiris.ch\/de\/wp-json\/wp\/v2\/comments?post=35989"}],"version-history":[{"count":6,"href":"https:\/\/bien-etreiris.ch\/de\/wp-json\/wp\/v2\/pages\/35989\/revisions"}],"predecessor-version":[{"id":50153,"href":"https:\/\/bien-etreiris.ch\/de\/wp-json\/wp\/v2\/pages\/35989\/revisions\/50153"}],"up":[{"embeddable":true,"href":"https:\/\/bien-etreiris.ch\/de\/wp-json\/wp\/v2\/pages\/32865"}],"wp:featuredmedia":[{"embeddable":true,"href":"https:\/\/bien-etreiris.ch\/de\/wp-json\/wp\/v2\/media\/35985"}],"wp:attachment":[{"href":"https:\/\/bien-etreiris.ch\/de\/wp-json\/wp\/v2\/media?parent=35989"}],"curies":[{"name":"wp","href":"https:\/\/api.w.org\/{rel}","templated":true}]}}