{"id":35965,"date":"2020-12-09T22:32:12","date_gmt":"2020-12-09T22:32:12","guid":{"rendered":"https:\/\/bien-etreiris.ch\/?page_id=35965"},"modified":"2021-06-24T09:05:07","modified_gmt":"2021-06-24T07:05:07","slug":"kollektion-eleganz","status":"publish","type":"page","link":"https:\/\/bien-etreiris.ch\/de\/produktpraesentation\/entspannen\/kerzen\/kaptus-nature\/kollektion-eleganz\/","title":{"rendered":"KOLLEKTION ELEGANZ"},"content":{"rendered":"\n<h2 class=\"wp-block-heading\"> Kollektion Eleganz Soja-Wachsw\u00fcrfel<\/h2>\n\n\n<div class=\"product-information\">\n<div id=\"product-description-short-46\" class=\"product-description-short mb-3 \">\n<p>Wenn sie in einem Parf\u00fcmbrenner mit einer kleinen brennenden Kerze erhitzt werden, schmelzen diese Parf\u00fcmw\u00fcrfel und geben ihren Duft frei und parf\u00fcmieren das Haus.<\/p>\n<\/div>\n<\/div>\n<p><a href=\"https:\/\/decoiris.ch\/wp-content\/uploads\/2020\/12\/orange-cannelle.png\"><img loading=\"lazy\" decoding=\"async\" class=\"size-medium wp-image-35972 alignleft\" src=\"https:\/\/decoiris.ch\/wp-content\/uploads\/2020\/12\/orange-cannelle-300x211.png\" alt=\"\" width=\"300\" height=\"211\" srcset=\"https:\/\/bien-etreiris.ch\/wp-content\/uploads\/2020\/12\/orange-cannelle-300x211.png 300w, https:\/\/bien-etreiris.ch\/wp-content\/uploads\/2020\/12\/orange-cannelle-768x540.png 768w, https:\/\/bien-etreiris.ch\/wp-content\/uploads\/2020\/12\/orange-cannelle.png 888w\" sizes=\"auto, (max-width: 300px) 100vw, 300px\" \/><\/a><\/p>\n<p>&nbsp;<\/p>\n<p>Der s\u00fcsse Duft der Orange mischt sich mit dem sanften Duft von Zimt, ein bezaubernder Balsam.<\/p>\n<p>1 Schachtel mit 9 W\u00fcrfeln <strong>CHF 10.50<\/strong><\/p>\n<p>&nbsp;<\/p>\n<p>&nbsp;<\/p>\n<p>&nbsp;<\/p>\n<h4>Beschreibung<\/h4>\n<p>Die 6 Parf\u00fcmschmelzw\u00fcrfel sind zart in ein d\u00fcnnes Schutzpapier gefaltet und in einer eleganten Pappschachtel untergebracht.<\/p>\n<p>&nbsp;<\/p>\n<p>&nbsp;<\/p>\n\n\n<hr class=\"wp-block-separator\"\/>\n","protected":false},"excerpt":{"rendered":"<p>Kollektion Eleganz Soja-Wachsw\u00fcrfel Wenn sie in einem Parf\u00fcmbrenner mit einer kleinen brennenden Kerze erhitzt werden, schmelzen diese Parf\u00fcmw\u00fcrfel und geben ihren Duft frei und parf\u00fcmieren das Haus. &nbsp; Der s\u00fcsse Duft der Orange mischt sich mit dem sanften Duft von Zimt, ein bezaubernder Balsam. 1 Schachtel mit 9 W\u00fcrfeln CHF 10.50 &nbsp; &nbsp; &nbsp; Beschreibung Die 6 Parf\u00fcmschmelzw\u00fcrfel sind zart&nbsp;<a href=\"https:\/\/bien-etreiris.ch\/de\/produktpraesentation\/entspannen\/kerzen\/kaptus-nature\/kollektion-eleganz\/\" class=\"read-more\">Weiter lesen<\/a><\/p>\n","protected":false},"author":1,"featured_media":35962,"parent":35879,"menu_order":6620,"comment_status":"closed","ping_status":"closed","template":"page-with-child.php","meta":{"_acf_changed":false,"ngg_post_thumbnail":0,"footnotes":""},"class_list":["post-35965","page","type-page","status-publish","has-post-thumbnail","hentry"],"acf":[],"yoast_head":"<!-- This site is optimized with the Yoast SEO plugin v27.5 - https:\/\/yoast.com\/product\/yoast-seo-wordpress\/ -->\n<title>KOLLEKTION ELEGANZ - WOHLBEFINDEN<\/title>\n<meta name=\"robots\" content=\"index, follow, max-snippet:-1, max-image-preview:large, max-video-preview:-1\" \/>\n<link rel=\"canonical\" href=\"https:\/\/bien-etreiris.ch\/de\/produktpraesentation\/entspannen\/kerzen\/kaptus-nature\/kollektion-eleganz\/\" \/>\n<meta property=\"og:locale\" content=\"de_DE\" \/>\n<meta property=\"og:type\" content=\"article\" \/>\n<meta property=\"og:title\" content=\"KOLLEKTION ELEGANZ - WOHLBEFINDEN\" \/>\n<meta property=\"og:description\" content=\"Kollektion Eleganz Soja-Wachsw\u00fcrfel Wenn sie in einem Parf\u00fcmbrenner mit einer kleinen brennenden Kerze erhitzt werden, schmelzen diese Parf\u00fcmw\u00fcrfel und geben ihren Duft frei und parf\u00fcmieren das Haus. &nbsp; Der s\u00fcsse Duft der Orange mischt sich mit dem sanften Duft von Zimt, ein bezaubernder Balsam. 1 Schachtel mit 9 W\u00fcrfeln CHF 10.50 &nbsp; &nbsp; &nbsp; Beschreibung Die 6 Parf\u00fcmschmelzw\u00fcrfel sind zart&nbsp;Weiter lesen\" \/>\n<meta property=\"og:url\" content=\"https:\/\/bien-etreiris.ch\/de\/produktpraesentation\/entspannen\/kerzen\/kaptus-nature\/kollektion-eleganz\/\" \/>\n<meta property=\"og:site_name\" content=\"WOHLBEFINDEN\" \/>\n<meta property=\"article:publisher\" content=\"https:\/\/www.facebook.com\/bienetreiris\/\" \/>\n<meta property=\"article:modified_time\" content=\"2021-06-24T07:05:07+00:00\" \/>\n<meta property=\"og:image\" content=\"https:\/\/bien-etreiris.ch\/wp-content\/uploads\/2020\/12\/Acceuil-collection-el\u00e9gance.jpg\" \/>\n\t<meta property=\"og:image:width\" content=\"636\" \/>\n\t<meta property=\"og:image:height\" content=\"369\" \/>\n\t<meta property=\"og:image:type\" content=\"image\/jpeg\" \/>\n<meta name=\"twitter:label1\" content=\"Gesch\u00e4tzte Lesezeit\" \/>\n\t<meta name=\"twitter:data1\" content=\"1\u00a0Minute\" \/>\n<script type=\"application\/ld+json\" class=\"yoast-schema-graph\">{\"@context\":\"https:\\\/\\\/schema.org\",\"@graph\":[{\"@type\":\"WebPage\",\"@id\":\"https:\\\/\\\/bien-etreiris.ch\\\/de\\\/produktpraesentation\\\/entspannen\\\/kerzen\\\/kaptus-nature\\\/kollektion-eleganz\\\/\",\"url\":\"https:\\\/\\\/bien-etreiris.ch\\\/de\\\/produktpraesentation\\\/entspannen\\\/kerzen\\\/kaptus-nature\\\/kollektion-eleganz\\\/\",\"name\":\"KOLLEKTION ELEGANZ - WOHLBEFINDEN\",\"isPartOf\":{\"@id\":\"https:\\\/\\\/bien-etreiris.ch\\\/de\\\/#website\"},\"primaryImageOfPage\":{\"@id\":\"https:\\\/\\\/bien-etreiris.ch\\\/de\\\/produktpraesentation\\\/entspannen\\\/kerzen\\\/kaptus-nature\\\/kollektion-eleganz\\\/#primaryimage\"},\"image\":{\"@id\":\"https:\\\/\\\/bien-etreiris.ch\\\/de\\\/produktpraesentation\\\/entspannen\\\/kerzen\\\/kaptus-nature\\\/kollektion-eleganz\\\/#primaryimage\"},\"thumbnailUrl\":\"https:\\\/\\\/bien-etreiris.ch\\\/wp-content\\\/uploads\\\/2020\\\/12\\\/Acceuil-collection-el\u00e9gance.jpg\",\"datePublished\":\"2020-12-09T22:32:12+00:00\",\"dateModified\":\"2021-06-24T07:05:07+00:00\",\"breadcrumb\":{\"@id\":\"https:\\\/\\\/bien-etreiris.ch\\\/de\\\/produktpraesentation\\\/entspannen\\\/kerzen\\\/kaptus-nature\\\/kollektion-eleganz\\\/#breadcrumb\"},\"inLanguage\":\"de\",\"potentialAction\":[{\"@type\":\"ReadAction\",\"target\":[\"https:\\\/\\\/bien-etreiris.ch\\\/de\\\/produktpraesentation\\\/entspannen\\\/kerzen\\\/kaptus-nature\\\/kollektion-eleganz\\\/\"]}]},{\"@type\":\"ImageObject\",\"inLanguage\":\"de\",\"@id\":\"https:\\\/\\\/bien-etreiris.ch\\\/de\\\/produktpraesentation\\\/entspannen\\\/kerzen\\\/kaptus-nature\\\/kollektion-eleganz\\\/#primaryimage\",\"url\":\"https:\\\/\\\/bien-etreiris.ch\\\/wp-content\\\/uploads\\\/2020\\\/12\\\/Acceuil-collection-el\u00e9gance.jpg\",\"contentUrl\":\"https:\\\/\\\/bien-etreiris.ch\\\/wp-content\\\/uploads\\\/2020\\\/12\\\/Acceuil-collection-el\u00e9gance.jpg\",\"width\":636,\"height\":369},{\"@type\":\"BreadcrumbList\",\"@id\":\"https:\\\/\\\/bien-etreiris.ch\\\/de\\\/produktpraesentation\\\/entspannen\\\/kerzen\\\/kaptus-nature\\\/kollektion-eleganz\\\/#breadcrumb\",\"itemListElement\":[{\"@type\":\"ListItem\",\"position\":1,\"name\":\"Home\",\"item\":\"https:\\\/\\\/bien-etreiris.ch\\\/de\\\/\"},{\"@type\":\"ListItem\",\"position\":2,\"name\":\"PRODUKTPR\u00c4SENTATION\",\"item\":\"https:\\\/\\\/bien-etreiris.ch\\\/de\\\/produktpraesentation\\\/\"},{\"@type\":\"ListItem\",\"position\":3,\"name\":\"ENTSPANNEND\",\"item\":\"https:\\\/\\\/bien-etreiris.ch\\\/de\\\/produktpraesentation\\\/entspannen\\\/\"},{\"@type\":\"ListItem\",\"position\":4,\"name\":\"KERZEN\",\"item\":\"https:\\\/\\\/bien-etreiris.ch\\\/de\\\/produktpraesentation\\\/entspannen\\\/kerzen\\\/\"},{\"@type\":\"ListItem\",\"position\":5,\"name\":\"KAPTUS nature\",\"item\":\"https:\\\/\\\/bien-etreiris.ch\\\/de\\\/produktpraesentation\\\/entspannen\\\/kerzen\\\/kaptus-nature\\\/\"},{\"@type\":\"ListItem\",\"position\":6,\"name\":\"KOLLEKTION ELEGANZ\"}]},{\"@type\":\"WebSite\",\"@id\":\"https:\\\/\\\/bien-etreiris.ch\\\/de\\\/#website\",\"url\":\"https:\\\/\\\/bien-etreiris.ch\\\/de\\\/\",\"name\":\"Bien-\u00eatre Iris\",\"description\":\"IHRE Gesundheit ist uns wichtig\",\"potentialAction\":[{\"@type\":\"SearchAction\",\"target\":{\"@type\":\"EntryPoint\",\"urlTemplate\":\"https:\\\/\\\/bien-etreiris.ch\\\/de\\\/?s={search_term_string}\"},\"query-input\":{\"@type\":\"PropertyValueSpecification\",\"valueRequired\":true,\"valueName\":\"search_term_string\"}}],\"inLanguage\":\"de\"}]}<\/script>\n<!-- \/ Yoast SEO plugin. -->","yoast_head_json":{"title":"KOLLEKTION ELEGANZ - WOHLBEFINDEN","robots":{"index":"index","follow":"follow","max-snippet":"max-snippet:-1","max-image-preview":"max-image-preview:large","max-video-preview":"max-video-preview:-1"},"canonical":"https:\/\/bien-etreiris.ch\/de\/produktpraesentation\/entspannen\/kerzen\/kaptus-nature\/kollektion-eleganz\/","og_locale":"de_DE","og_type":"article","og_title":"KOLLEKTION ELEGANZ - WOHLBEFINDEN","og_description":"Kollektion Eleganz Soja-Wachsw\u00fcrfel Wenn sie in einem Parf\u00fcmbrenner mit einer kleinen brennenden Kerze erhitzt werden, schmelzen diese Parf\u00fcmw\u00fcrfel und geben ihren Duft frei und parf\u00fcmieren das Haus. &nbsp; Der s\u00fcsse Duft der Orange mischt sich mit dem sanften Duft von Zimt, ein bezaubernder Balsam. 1 Schachtel mit 9 W\u00fcrfeln CHF 10.50 &nbsp; &nbsp; &nbsp; Beschreibung Die 6 Parf\u00fcmschmelzw\u00fcrfel sind zart&nbsp;Weiter lesen","og_url":"https:\/\/bien-etreiris.ch\/de\/produktpraesentation\/entspannen\/kerzen\/kaptus-nature\/kollektion-eleganz\/","og_site_name":"WOHLBEFINDEN","article_publisher":"https:\/\/www.facebook.com\/bienetreiris\/","article_modified_time":"2021-06-24T07:05:07+00:00","og_image":[{"width":636,"height":369,"url":"https:\/\/bien-etreiris.ch\/wp-content\/uploads\/2020\/12\/Acceuil-collection-el\u00e9gance.jpg","type":"image\/jpeg"}],"twitter_misc":{"Gesch\u00e4tzte Lesezeit":"1\u00a0Minute"},"schema":{"@context":"https:\/\/schema.org","@graph":[{"@type":"WebPage","@id":"https:\/\/bien-etreiris.ch\/de\/produktpraesentation\/entspannen\/kerzen\/kaptus-nature\/kollektion-eleganz\/","url":"https:\/\/bien-etreiris.ch\/de\/produktpraesentation\/entspannen\/kerzen\/kaptus-nature\/kollektion-eleganz\/","name":"KOLLEKTION ELEGANZ - WOHLBEFINDEN","isPartOf":{"@id":"https:\/\/bien-etreiris.ch\/de\/#website"},"primaryImageOfPage":{"@id":"https:\/\/bien-etreiris.ch\/de\/produktpraesentation\/entspannen\/kerzen\/kaptus-nature\/kollektion-eleganz\/#primaryimage"},"image":{"@id":"https:\/\/bien-etreiris.ch\/de\/produktpraesentation\/entspannen\/kerzen\/kaptus-nature\/kollektion-eleganz\/#primaryimage"},"thumbnailUrl":"https:\/\/bien-etreiris.ch\/wp-content\/uploads\/2020\/12\/Acceuil-collection-el\u00e9gance.jpg","datePublished":"2020-12-09T22:32:12+00:00","dateModified":"2021-06-24T07:05:07+00:00","breadcrumb":{"@id":"https:\/\/bien-etreiris.ch\/de\/produktpraesentation\/entspannen\/kerzen\/kaptus-nature\/kollektion-eleganz\/#breadcrumb"},"inLanguage":"de","potentialAction":[{"@type":"ReadAction","target":["https:\/\/bien-etreiris.ch\/de\/produktpraesentation\/entspannen\/kerzen\/kaptus-nature\/kollektion-eleganz\/"]}]},{"@type":"ImageObject","inLanguage":"de","@id":"https:\/\/bien-etreiris.ch\/de\/produktpraesentation\/entspannen\/kerzen\/kaptus-nature\/kollektion-eleganz\/#primaryimage","url":"https:\/\/bien-etreiris.ch\/wp-content\/uploads\/2020\/12\/Acceuil-collection-el\u00e9gance.jpg","contentUrl":"https:\/\/bien-etreiris.ch\/wp-content\/uploads\/2020\/12\/Acceuil-collection-el\u00e9gance.jpg","width":636,"height":369},{"@type":"BreadcrumbList","@id":"https:\/\/bien-etreiris.ch\/de\/produktpraesentation\/entspannen\/kerzen\/kaptus-nature\/kollektion-eleganz\/#breadcrumb","itemListElement":[{"@type":"ListItem","position":1,"name":"Home","item":"https:\/\/bien-etreiris.ch\/de\/"},{"@type":"ListItem","position":2,"name":"PRODUKTPR\u00c4SENTATION","item":"https:\/\/bien-etreiris.ch\/de\/produktpraesentation\/"},{"@type":"ListItem","position":3,"name":"ENTSPANNEND","item":"https:\/\/bien-etreiris.ch\/de\/produktpraesentation\/entspannen\/"},{"@type":"ListItem","position":4,"name":"KERZEN","item":"https:\/\/bien-etreiris.ch\/de\/produktpraesentation\/entspannen\/kerzen\/"},{"@type":"ListItem","position":5,"name":"KAPTUS nature","item":"https:\/\/bien-etreiris.ch\/de\/produktpraesentation\/entspannen\/kerzen\/kaptus-nature\/"},{"@type":"ListItem","position":6,"name":"KOLLEKTION ELEGANZ"}]},{"@type":"WebSite","@id":"https:\/\/bien-etreiris.ch\/de\/#website","url":"https:\/\/bien-etreiris.ch\/de\/","name":"Bien-\u00eatre Iris","description":"IHRE Gesundheit ist uns wichtig","potentialAction":[{"@type":"SearchAction","target":{"@type":"EntryPoint","urlTemplate":"https:\/\/bien-etreiris.ch\/de\/?s={search_term_string}"},"query-input":{"@type":"PropertyValueSpecification","valueRequired":true,"valueName":"search_term_string"}}],"inLanguage":"de"}]}},"_links":{"self":[{"href":"https:\/\/bien-etreiris.ch\/de\/wp-json\/wp\/v2\/pages\/35965","targetHints":{"allow":["GET"]}}],"collection":[{"href":"https:\/\/bien-etreiris.ch\/de\/wp-json\/wp\/v2\/pages"}],"about":[{"href":"https:\/\/bien-etreiris.ch\/de\/wp-json\/wp\/v2\/types\/page"}],"author":[{"embeddable":true,"href":"https:\/\/bien-etreiris.ch\/de\/wp-json\/wp\/v2\/users\/1"}],"replies":[{"embeddable":true,"href":"https:\/\/bien-etreiris.ch\/de\/wp-json\/wp\/v2\/comments?post=35965"}],"version-history":[{"count":7,"href":"https:\/\/bien-etreiris.ch\/de\/wp-json\/wp\/v2\/pages\/35965\/revisions"}],"predecessor-version":[{"id":51567,"href":"https:\/\/bien-etreiris.ch\/de\/wp-json\/wp\/v2\/pages\/35965\/revisions\/51567"}],"up":[{"embeddable":true,"href":"https:\/\/bien-etreiris.ch\/de\/wp-json\/wp\/v2\/pages\/35879"}],"wp:featuredmedia":[{"embeddable":true,"href":"https:\/\/bien-etreiris.ch\/de\/wp-json\/wp\/v2\/media\/35962"}],"wp:attachment":[{"href":"https:\/\/bien-etreiris.ch\/de\/wp-json\/wp\/v2\/media?parent=35965"}],"curies":[{"name":"wp","href":"https:\/\/api.w.org\/{rel}","templated":true}]}}