{"id":35927,"date":"2020-12-09T21:33:11","date_gmt":"2020-12-09T21:33:11","guid":{"rendered":"https:\/\/bien-etreiris.ch\/voyage\/"},"modified":"2021-06-24T08:51:17","modified_gmt":"2021-06-24T06:51:17","slug":"reise-kollektion","status":"publish","type":"page","link":"https:\/\/bien-etreiris.ch\/de\/produktpraesentation\/entspannen\/kerzen\/kaptus-nature\/reise-kollektion\/","title":{"rendered":"REISE KOLLEKTION"},"content":{"rendered":"\n<h2 class=\"wp-block-heading\"> <br>Sojawachs-Kerze Reise Kollektion<\/h2>\n\n\n<div class=\"product-information\">\n<div id=\"product-description-short-40\" class=\"product-description-short mb-3 \">\n<p>Eine moderne und praktische Kollektion, um eine warme und angenehme Atmosph\u00e4re f\u00fcr das ganze Haus zu schaffen<\/p>\n<p>Durch die Metallbox mit Deckel ist sie ideal zum Mitnehmen.<\/p>\n<br>\n<p>&nbsp;<\/p>\n<\/div>\n<\/div>\n<p><a href=\"https:\/\/decoiris.ch\/wp-content\/uploads\/2020\/12\/Tonka.png\"><img loading=\"lazy\" decoding=\"async\" class=\"size-medium wp-image-35922 alignleft\" src=\"https:\/\/decoiris.ch\/wp-content\/uploads\/2020\/12\/Tonka-263x300.png\" alt=\"\" width=\"263\" height=\"300\" srcset=\"https:\/\/bien-etreiris.ch\/wp-content\/uploads\/2020\/12\/Tonka-263x300.png 263w, https:\/\/bien-etreiris.ch\/wp-content\/uploads\/2020\/12\/Tonka.png 560w\" sizes=\"auto, (max-width: 263px) 100vw, 263px\" \/><\/a><\/p>\n<p>&nbsp;<\/p>\n<p>&nbsp;<\/p>\n<p>&nbsp;<\/p>\n<p>D\u00e9licieuse et hypnotique odeur poudr\u00e9e qui rappelle le parfum gourmand de la vanille avec de notes amand\u00e9es.<\/p>\n<p>1 pi\u00e8ce <strong>CHF 10.90<\/strong><\/p>\n<p>&nbsp;<\/p>\n<p>&nbsp;<\/p>\n<p>&nbsp;<\/p>\n<p>&nbsp;<\/p>\n<div class=\"tab-pane-body\">\n<aside id=\"easycontent_118\" class=\"easycontent_118   block  easycontent   \">\n<div class=\"style_content  block_content \">\n<div class=\"easy_brother_block text-1 text-md-0\">\n<h4>Utilisation<\/h4>\n<ul>\n<li>Ne pas laisser br\u00fbler sans surveillance<\/li>\n<li>Tenir \u00e9loign\u00e9 de tout mat\u00e9riau inflammable.<\/li>\n<li>Evitez les courants d'air.<\/li>\n<li>Conserver hors de port\u00e9e des enfants<\/li>\n<\/ul>\n<\/div>\n<\/div>\n<\/aside>\n<\/div>\n<section class=\"product-features\">\n<h4 class=\"page_heading\">Fiche technique<\/h4>\n<ul class=\"data-sheet flex_container\">\n<li>Cire 100 % Soja<\/li>\n<li>M\u00e8che Coton<\/li>\n<li>Diam\u00e8tre \u00d8 65 mm<\/li>\n<li>Hauteur 50 mm<\/li>\n<li>Poids 120 gr<\/li>\n<li>Dur\u00e9e +\/- 30 heures<\/li>\n<\/ul>\n<\/section>\n\n\n<hr class=\"wp-block-separator\"\/>\n","protected":false},"excerpt":{"rendered":"<p>Sojawachs-Kerze Reise Kollektion Eine moderne und praktische Kollektion, um eine warme und angenehme Atmosph\u00e4re f\u00fcr das ganze Haus zu schaffen Durch die Metallbox mit Deckel ist sie ideal zum Mitnehmen. &nbsp; &nbsp; &nbsp; &nbsp; D\u00e9licieuse et hypnotique odeur poudr\u00e9e qui rappelle le parfum gourmand de la vanille avec de notes amand\u00e9es. 1 pi\u00e8ce CHF 10.90 &nbsp; &nbsp; &nbsp; &nbsp; Utilisation&nbsp;<a href=\"https:\/\/bien-etreiris.ch\/de\/produktpraesentation\/entspannen\/kerzen\/kaptus-nature\/reise-kollektion\/\" class=\"read-more\">Weiter lesen<\/a><\/p>\n","protected":false},"author":1,"featured_media":35918,"parent":35879,"menu_order":6630,"comment_status":"closed","ping_status":"closed","template":"page-with-child.php","meta":{"_acf_changed":false,"ngg_post_thumbnail":0,"footnotes":""},"class_list":["post-35927","page","type-page","status-publish","has-post-thumbnail","hentry"],"acf":[],"yoast_head":"<!-- This site is optimized with the Yoast SEO plugin v27.5 - https:\/\/yoast.com\/product\/yoast-seo-wordpress\/ -->\n<title>REISE KOLLEKTION - WOHLBEFINDEN<\/title>\n<meta name=\"robots\" content=\"index, follow, max-snippet:-1, max-image-preview:large, max-video-preview:-1\" \/>\n<link rel=\"canonical\" href=\"https:\/\/bien-etreiris.ch\/de\/produktpraesentation\/entspannen\/kerzen\/kaptus-nature\/reise-kollektion\/\" \/>\n<meta property=\"og:locale\" content=\"de_DE\" \/>\n<meta property=\"og:type\" content=\"article\" \/>\n<meta property=\"og:title\" content=\"REISE KOLLEKTION - WOHLBEFINDEN\" \/>\n<meta property=\"og:description\" content=\"Sojawachs-Kerze Reise Kollektion Eine moderne und praktische Kollektion, um eine warme und angenehme Atmosph\u00e4re f\u00fcr das ganze Haus zu schaffen Durch die Metallbox mit Deckel ist sie ideal zum Mitnehmen. &nbsp; &nbsp; &nbsp; &nbsp; D\u00e9licieuse et hypnotique odeur poudr\u00e9e qui rappelle le parfum gourmand de la vanille avec de notes amand\u00e9es. 1 pi\u00e8ce CHF 10.90 &nbsp; &nbsp; &nbsp; &nbsp; Utilisation&nbsp;Weiter lesen\" \/>\n<meta property=\"og:url\" content=\"https:\/\/bien-etreiris.ch\/de\/produktpraesentation\/entspannen\/kerzen\/kaptus-nature\/reise-kollektion\/\" \/>\n<meta property=\"og:site_name\" content=\"WOHLBEFINDEN\" \/>\n<meta property=\"article:publisher\" content=\"https:\/\/www.facebook.com\/bienetreiris\/\" \/>\n<meta property=\"article:modified_time\" content=\"2021-06-24T06:51:17+00:00\" \/>\n<meta property=\"og:image\" content=\"https:\/\/bien-etreiris.ch\/wp-content\/uploads\/2020\/12\/acceuil-collection-voyage.jpg\" \/>\n\t<meta property=\"og:image:width\" content=\"500\" \/>\n\t<meta property=\"og:image:height\" content=\"396\" \/>\n\t<meta property=\"og:image:type\" content=\"image\/jpeg\" \/>\n<meta name=\"twitter:label1\" content=\"Gesch\u00e4tzte Lesezeit\" \/>\n\t<meta name=\"twitter:data1\" content=\"1\u00a0Minute\" \/>\n<script type=\"application\/ld+json\" class=\"yoast-schema-graph\">{\"@context\":\"https:\\\/\\\/schema.org\",\"@graph\":[{\"@type\":\"WebPage\",\"@id\":\"https:\\\/\\\/bien-etreiris.ch\\\/de\\\/produktpraesentation\\\/entspannen\\\/kerzen\\\/kaptus-nature\\\/reise-kollektion\\\/\",\"url\":\"https:\\\/\\\/bien-etreiris.ch\\\/de\\\/produktpraesentation\\\/entspannen\\\/kerzen\\\/kaptus-nature\\\/reise-kollektion\\\/\",\"name\":\"REISE KOLLEKTION - WOHLBEFINDEN\",\"isPartOf\":{\"@id\":\"https:\\\/\\\/bien-etreiris.ch\\\/de\\\/#website\"},\"primaryImageOfPage\":{\"@id\":\"https:\\\/\\\/bien-etreiris.ch\\\/de\\\/produktpraesentation\\\/entspannen\\\/kerzen\\\/kaptus-nature\\\/reise-kollektion\\\/#primaryimage\"},\"image\":{\"@id\":\"https:\\\/\\\/bien-etreiris.ch\\\/de\\\/produktpraesentation\\\/entspannen\\\/kerzen\\\/kaptus-nature\\\/reise-kollektion\\\/#primaryimage\"},\"thumbnailUrl\":\"https:\\\/\\\/bien-etreiris.ch\\\/wp-content\\\/uploads\\\/2020\\\/12\\\/acceuil-collection-voyage.jpg\",\"datePublished\":\"2020-12-09T21:33:11+00:00\",\"dateModified\":\"2021-06-24T06:51:17+00:00\",\"breadcrumb\":{\"@id\":\"https:\\\/\\\/bien-etreiris.ch\\\/de\\\/produktpraesentation\\\/entspannen\\\/kerzen\\\/kaptus-nature\\\/reise-kollektion\\\/#breadcrumb\"},\"inLanguage\":\"de\",\"potentialAction\":[{\"@type\":\"ReadAction\",\"target\":[\"https:\\\/\\\/bien-etreiris.ch\\\/de\\\/produktpraesentation\\\/entspannen\\\/kerzen\\\/kaptus-nature\\\/reise-kollektion\\\/\"]}]},{\"@type\":\"ImageObject\",\"inLanguage\":\"de\",\"@id\":\"https:\\\/\\\/bien-etreiris.ch\\\/de\\\/produktpraesentation\\\/entspannen\\\/kerzen\\\/kaptus-nature\\\/reise-kollektion\\\/#primaryimage\",\"url\":\"https:\\\/\\\/bien-etreiris.ch\\\/wp-content\\\/uploads\\\/2020\\\/12\\\/acceuil-collection-voyage.jpg\",\"contentUrl\":\"https:\\\/\\\/bien-etreiris.ch\\\/wp-content\\\/uploads\\\/2020\\\/12\\\/acceuil-collection-voyage.jpg\",\"width\":500,\"height\":396},{\"@type\":\"BreadcrumbList\",\"@id\":\"https:\\\/\\\/bien-etreiris.ch\\\/de\\\/produktpraesentation\\\/entspannen\\\/kerzen\\\/kaptus-nature\\\/reise-kollektion\\\/#breadcrumb\",\"itemListElement\":[{\"@type\":\"ListItem\",\"position\":1,\"name\":\"Home\",\"item\":\"https:\\\/\\\/bien-etreiris.ch\\\/de\\\/\"},{\"@type\":\"ListItem\",\"position\":2,\"name\":\"PRODUKTPR\u00c4SENTATION\",\"item\":\"https:\\\/\\\/bien-etreiris.ch\\\/de\\\/produktpraesentation\\\/\"},{\"@type\":\"ListItem\",\"position\":3,\"name\":\"ENTSPANNEND\",\"item\":\"https:\\\/\\\/bien-etreiris.ch\\\/de\\\/produktpraesentation\\\/entspannen\\\/\"},{\"@type\":\"ListItem\",\"position\":4,\"name\":\"KERZEN\",\"item\":\"https:\\\/\\\/bien-etreiris.ch\\\/de\\\/produktpraesentation\\\/entspannen\\\/kerzen\\\/\"},{\"@type\":\"ListItem\",\"position\":5,\"name\":\"KAPTUS nature\",\"item\":\"https:\\\/\\\/bien-etreiris.ch\\\/de\\\/produktpraesentation\\\/entspannen\\\/kerzen\\\/kaptus-nature\\\/\"},{\"@type\":\"ListItem\",\"position\":6,\"name\":\"REISE KOLLEKTION\"}]},{\"@type\":\"WebSite\",\"@id\":\"https:\\\/\\\/bien-etreiris.ch\\\/de\\\/#website\",\"url\":\"https:\\\/\\\/bien-etreiris.ch\\\/de\\\/\",\"name\":\"Bien-\u00eatre Iris\",\"description\":\"IHRE Gesundheit ist uns wichtig\",\"potentialAction\":[{\"@type\":\"SearchAction\",\"target\":{\"@type\":\"EntryPoint\",\"urlTemplate\":\"https:\\\/\\\/bien-etreiris.ch\\\/de\\\/?s={search_term_string}\"},\"query-input\":{\"@type\":\"PropertyValueSpecification\",\"valueRequired\":true,\"valueName\":\"search_term_string\"}}],\"inLanguage\":\"de\"}]}<\/script>\n<!-- \/ Yoast SEO plugin. -->","yoast_head_json":{"title":"REISE KOLLEKTION - WOHLBEFINDEN","robots":{"index":"index","follow":"follow","max-snippet":"max-snippet:-1","max-image-preview":"max-image-preview:large","max-video-preview":"max-video-preview:-1"},"canonical":"https:\/\/bien-etreiris.ch\/de\/produktpraesentation\/entspannen\/kerzen\/kaptus-nature\/reise-kollektion\/","og_locale":"de_DE","og_type":"article","og_title":"REISE KOLLEKTION - WOHLBEFINDEN","og_description":"Sojawachs-Kerze Reise Kollektion Eine moderne und praktische Kollektion, um eine warme und angenehme Atmosph\u00e4re f\u00fcr das ganze Haus zu schaffen Durch die Metallbox mit Deckel ist sie ideal zum Mitnehmen. &nbsp; &nbsp; &nbsp; &nbsp; D\u00e9licieuse et hypnotique odeur poudr\u00e9e qui rappelle le parfum gourmand de la vanille avec de notes amand\u00e9es. 1 pi\u00e8ce CHF 10.90 &nbsp; &nbsp; &nbsp; &nbsp; Utilisation&nbsp;Weiter lesen","og_url":"https:\/\/bien-etreiris.ch\/de\/produktpraesentation\/entspannen\/kerzen\/kaptus-nature\/reise-kollektion\/","og_site_name":"WOHLBEFINDEN","article_publisher":"https:\/\/www.facebook.com\/bienetreiris\/","article_modified_time":"2021-06-24T06:51:17+00:00","og_image":[{"width":500,"height":396,"url":"https:\/\/bien-etreiris.ch\/wp-content\/uploads\/2020\/12\/acceuil-collection-voyage.jpg","type":"image\/jpeg"}],"twitter_misc":{"Gesch\u00e4tzte Lesezeit":"1\u00a0Minute"},"schema":{"@context":"https:\/\/schema.org","@graph":[{"@type":"WebPage","@id":"https:\/\/bien-etreiris.ch\/de\/produktpraesentation\/entspannen\/kerzen\/kaptus-nature\/reise-kollektion\/","url":"https:\/\/bien-etreiris.ch\/de\/produktpraesentation\/entspannen\/kerzen\/kaptus-nature\/reise-kollektion\/","name":"REISE KOLLEKTION - WOHLBEFINDEN","isPartOf":{"@id":"https:\/\/bien-etreiris.ch\/de\/#website"},"primaryImageOfPage":{"@id":"https:\/\/bien-etreiris.ch\/de\/produktpraesentation\/entspannen\/kerzen\/kaptus-nature\/reise-kollektion\/#primaryimage"},"image":{"@id":"https:\/\/bien-etreiris.ch\/de\/produktpraesentation\/entspannen\/kerzen\/kaptus-nature\/reise-kollektion\/#primaryimage"},"thumbnailUrl":"https:\/\/bien-etreiris.ch\/wp-content\/uploads\/2020\/12\/acceuil-collection-voyage.jpg","datePublished":"2020-12-09T21:33:11+00:00","dateModified":"2021-06-24T06:51:17+00:00","breadcrumb":{"@id":"https:\/\/bien-etreiris.ch\/de\/produktpraesentation\/entspannen\/kerzen\/kaptus-nature\/reise-kollektion\/#breadcrumb"},"inLanguage":"de","potentialAction":[{"@type":"ReadAction","target":["https:\/\/bien-etreiris.ch\/de\/produktpraesentation\/entspannen\/kerzen\/kaptus-nature\/reise-kollektion\/"]}]},{"@type":"ImageObject","inLanguage":"de","@id":"https:\/\/bien-etreiris.ch\/de\/produktpraesentation\/entspannen\/kerzen\/kaptus-nature\/reise-kollektion\/#primaryimage","url":"https:\/\/bien-etreiris.ch\/wp-content\/uploads\/2020\/12\/acceuil-collection-voyage.jpg","contentUrl":"https:\/\/bien-etreiris.ch\/wp-content\/uploads\/2020\/12\/acceuil-collection-voyage.jpg","width":500,"height":396},{"@type":"BreadcrumbList","@id":"https:\/\/bien-etreiris.ch\/de\/produktpraesentation\/entspannen\/kerzen\/kaptus-nature\/reise-kollektion\/#breadcrumb","itemListElement":[{"@type":"ListItem","position":1,"name":"Home","item":"https:\/\/bien-etreiris.ch\/de\/"},{"@type":"ListItem","position":2,"name":"PRODUKTPR\u00c4SENTATION","item":"https:\/\/bien-etreiris.ch\/de\/produktpraesentation\/"},{"@type":"ListItem","position":3,"name":"ENTSPANNEND","item":"https:\/\/bien-etreiris.ch\/de\/produktpraesentation\/entspannen\/"},{"@type":"ListItem","position":4,"name":"KERZEN","item":"https:\/\/bien-etreiris.ch\/de\/produktpraesentation\/entspannen\/kerzen\/"},{"@type":"ListItem","position":5,"name":"KAPTUS nature","item":"https:\/\/bien-etreiris.ch\/de\/produktpraesentation\/entspannen\/kerzen\/kaptus-nature\/"},{"@type":"ListItem","position":6,"name":"REISE KOLLEKTION"}]},{"@type":"WebSite","@id":"https:\/\/bien-etreiris.ch\/de\/#website","url":"https:\/\/bien-etreiris.ch\/de\/","name":"Bien-\u00eatre Iris","description":"IHRE Gesundheit ist uns wichtig","potentialAction":[{"@type":"SearchAction","target":{"@type":"EntryPoint","urlTemplate":"https:\/\/bien-etreiris.ch\/de\/?s={search_term_string}"},"query-input":{"@type":"PropertyValueSpecification","valueRequired":true,"valueName":"search_term_string"}}],"inLanguage":"de"}]}},"_links":{"self":[{"href":"https:\/\/bien-etreiris.ch\/de\/wp-json\/wp\/v2\/pages\/35927","targetHints":{"allow":["GET"]}}],"collection":[{"href":"https:\/\/bien-etreiris.ch\/de\/wp-json\/wp\/v2\/pages"}],"about":[{"href":"https:\/\/bien-etreiris.ch\/de\/wp-json\/wp\/v2\/types\/page"}],"author":[{"embeddable":true,"href":"https:\/\/bien-etreiris.ch\/de\/wp-json\/wp\/v2\/users\/1"}],"replies":[{"embeddable":true,"href":"https:\/\/bien-etreiris.ch\/de\/wp-json\/wp\/v2\/comments?post=35927"}],"version-history":[{"count":3,"href":"https:\/\/bien-etreiris.ch\/de\/wp-json\/wp\/v2\/pages\/35927\/revisions"}],"predecessor-version":[{"id":51559,"href":"https:\/\/bien-etreiris.ch\/de\/wp-json\/wp\/v2\/pages\/35927\/revisions\/51559"}],"up":[{"embeddable":true,"href":"https:\/\/bien-etreiris.ch\/de\/wp-json\/wp\/v2\/pages\/35879"}],"wp:featuredmedia":[{"embeddable":true,"href":"https:\/\/bien-etreiris.ch\/de\/wp-json\/wp\/v2\/media\/35918"}],"wp:attachment":[{"href":"https:\/\/bien-etreiris.ch\/de\/wp-json\/wp\/v2\/media?parent=35927"}],"curies":[{"name":"wp","href":"https:\/\/api.w.org\/{rel}","templated":true}]}}