{"id":35879,"date":"2020-12-09T15:30:29","date_gmt":"2020-12-09T15:30:29","guid":{"rendered":"https:\/\/bien-etreiris.ch\/?page_id=35879"},"modified":"2021-06-24T08:48:24","modified_gmt":"2021-06-24T06:48:24","slug":"kaptus-nature","status":"publish","type":"page","link":"https:\/\/bien-etreiris.ch\/de\/produktpraesentation\/entspannen\/kerzen\/kaptus-nature\/","title":{"rendered":"KAPTUS nature"},"content":{"rendered":"\n<h2 class=\"wp-block-heading\"> <br><strong>Kerzen mit aussergew\u00f6hnlichen D\u00fcften, impr\u00e4gniert mit Geruchsempfindungen und Emotionen.<\/strong><\/h2>\n\n\n<div class=\"wpb_text_column wpb_content_element \">\n<div class=\"wpb_wrapper\">\n<p>100% Sojawachs.<\/p>\n<p>Unsere Kerzen werden aus reinem Sojawachs hergestellt - 100% nat\u00fcrlich und biologisch abbaubar - und speziell verarbeitet, um ein Produkt von h\u00f6chster Qualit\u00e4t zu erhalten. F\u00fcr den Anbau werden keine Pestizide oder Herbizide verwendet, und er ist frei von gentechnisch ver\u00e4nderten Materialien. Er wird unter Einhaltung der FDA- und Kosher-Standards hergestellt, ist frei von Petroleum und besteht aus 100 % bleifreien Baumwolldochten.<\/p>\n<\/div>\n<\/div>\n<div id=\"easycontent_container_88\" class=\"easycontent_container full_container   hidden-md-down  block\">\n<div class=\"container\">\n<div class=\"row\">\n<div class=\"col-12\">\n<aside id=\"easycontent_88\" class=\"easycontent_88  hidden-md-down   easycontent   \">\n<div class=\"style_content  block_content \">\n<div class=\"easy_brother_block text-2 text-md-0\">\n<p style=\"text-align: center;\">Swiss handmade&nbsp;<img loading=\"lazy\" decoding=\"async\" src=\"https:\/\/www.kaptus.ch\/img\/cms\/drappeau.jpg\" alt=\"\" width=\"12\" height=\"12\"><\/p>\n<p style=\"text-align: center;\">depuis 2011<\/p>\n<\/div>\n<p>&nbsp;<\/p>\n<\/div>\n<\/aside>\n<\/div>\n<\/div>\n<\/div>\n<\/div>","protected":false},"excerpt":{"rendered":"<p>Kerzen mit aussergew\u00f6hnlichen D\u00fcften, impr\u00e4gniert mit Geruchsempfindungen und Emotionen. 100% Sojawachs. Unsere Kerzen werden aus reinem Sojawachs hergestellt - 100% nat\u00fcrlich und biologisch abbaubar - und speziell verarbeitet, um ein Produkt von h\u00f6chster Qualit\u00e4t zu erhalten. F\u00fcr den Anbau werden keine Pestizide oder Herbizide verwendet, und er ist frei von gentechnisch ver\u00e4nderten Materialien. Er wird unter Einhaltung der FDA- und&nbsp;<a href=\"https:\/\/bien-etreiris.ch\/de\/produktpraesentation\/entspannen\/kerzen\/kaptus-nature\/\" class=\"read-more\">Weiter lesen<\/a><\/p>\n","protected":false},"author":1,"featured_media":35877,"parent":13468,"menu_order":6632,"comment_status":"closed","ping_status":"closed","template":"page-with-child.php","meta":{"_acf_changed":false,"ngg_post_thumbnail":0,"footnotes":""},"class_list":["post-35879","page","type-page","status-publish","has-post-thumbnail","hentry"],"acf":[],"yoast_head":"<!-- This site is optimized with the Yoast SEO plugin v27.5 - https:\/\/yoast.com\/product\/yoast-seo-wordpress\/ -->\n<title>KAPTUS nature - WOHLBEFINDEN<\/title>\n<meta name=\"robots\" content=\"index, follow, max-snippet:-1, max-image-preview:large, max-video-preview:-1\" \/>\n<link rel=\"canonical\" href=\"https:\/\/bien-etreiris.ch\/de\/produktpraesentation\/entspannen\/kerzen\/kaptus-nature\/\" \/>\n<meta property=\"og:locale\" content=\"de_DE\" \/>\n<meta property=\"og:type\" content=\"article\" \/>\n<meta property=\"og:title\" content=\"KAPTUS nature - WOHLBEFINDEN\" \/>\n<meta property=\"og:description\" content=\"Kerzen mit aussergew\u00f6hnlichen D\u00fcften, impr\u00e4gniert mit Geruchsempfindungen und Emotionen. 100% Sojawachs. Unsere Kerzen werden aus reinem Sojawachs hergestellt - 100% nat\u00fcrlich und biologisch abbaubar - und speziell verarbeitet, um ein Produkt von h\u00f6chster Qualit\u00e4t zu erhalten. F\u00fcr den Anbau werden keine Pestizide oder Herbizide verwendet, und er ist frei von gentechnisch ver\u00e4nderten Materialien. Er wird unter Einhaltung der FDA- und&nbsp;Weiter lesen\" \/>\n<meta property=\"og:url\" content=\"https:\/\/bien-etreiris.ch\/de\/produktpraesentation\/entspannen\/kerzen\/kaptus-nature\/\" \/>\n<meta property=\"og:site_name\" content=\"WOHLBEFINDEN\" \/>\n<meta property=\"article:publisher\" content=\"https:\/\/www.facebook.com\/bienetreiris\/\" \/>\n<meta property=\"article:modified_time\" content=\"2021-06-24T06:48:24+00:00\" \/>\n<meta property=\"og:image\" content=\"https:\/\/bien-etreiris.ch\/wp-content\/uploads\/2020\/12\/acceuil-bouggie.jpg\" \/>\n\t<meta property=\"og:image:width\" content=\"500\" \/>\n\t<meta property=\"og:image:height\" content=\"331\" \/>\n\t<meta property=\"og:image:type\" content=\"image\/jpeg\" \/>\n<meta name=\"twitter:label1\" content=\"Gesch\u00e4tzte Lesezeit\" \/>\n\t<meta name=\"twitter:data1\" content=\"1\u00a0Minute\" \/>\n<script type=\"application\/ld+json\" class=\"yoast-schema-graph\">{\"@context\":\"https:\\\/\\\/schema.org\",\"@graph\":[{\"@type\":\"WebPage\",\"@id\":\"https:\\\/\\\/bien-etreiris.ch\\\/de\\\/produktpraesentation\\\/entspannen\\\/kerzen\\\/kaptus-nature\\\/\",\"url\":\"https:\\\/\\\/bien-etreiris.ch\\\/de\\\/produktpraesentation\\\/entspannen\\\/kerzen\\\/kaptus-nature\\\/\",\"name\":\"KAPTUS nature - WOHLBEFINDEN\",\"isPartOf\":{\"@id\":\"https:\\\/\\\/bien-etreiris.ch\\\/de\\\/#website\"},\"primaryImageOfPage\":{\"@id\":\"https:\\\/\\\/bien-etreiris.ch\\\/de\\\/produktpraesentation\\\/entspannen\\\/kerzen\\\/kaptus-nature\\\/#primaryimage\"},\"image\":{\"@id\":\"https:\\\/\\\/bien-etreiris.ch\\\/de\\\/produktpraesentation\\\/entspannen\\\/kerzen\\\/kaptus-nature\\\/#primaryimage\"},\"thumbnailUrl\":\"https:\\\/\\\/bien-etreiris.ch\\\/wp-content\\\/uploads\\\/2020\\\/12\\\/acceuil-bouggie.jpg\",\"datePublished\":\"2020-12-09T15:30:29+00:00\",\"dateModified\":\"2021-06-24T06:48:24+00:00\",\"breadcrumb\":{\"@id\":\"https:\\\/\\\/bien-etreiris.ch\\\/de\\\/produktpraesentation\\\/entspannen\\\/kerzen\\\/kaptus-nature\\\/#breadcrumb\"},\"inLanguage\":\"de\",\"potentialAction\":[{\"@type\":\"ReadAction\",\"target\":[\"https:\\\/\\\/bien-etreiris.ch\\\/de\\\/produktpraesentation\\\/entspannen\\\/kerzen\\\/kaptus-nature\\\/\"]}]},{\"@type\":\"ImageObject\",\"inLanguage\":\"de\",\"@id\":\"https:\\\/\\\/bien-etreiris.ch\\\/de\\\/produktpraesentation\\\/entspannen\\\/kerzen\\\/kaptus-nature\\\/#primaryimage\",\"url\":\"https:\\\/\\\/bien-etreiris.ch\\\/wp-content\\\/uploads\\\/2020\\\/12\\\/acceuil-bouggie.jpg\",\"contentUrl\":\"https:\\\/\\\/bien-etreiris.ch\\\/wp-content\\\/uploads\\\/2020\\\/12\\\/acceuil-bouggie.jpg\",\"width\":500,\"height\":331},{\"@type\":\"BreadcrumbList\",\"@id\":\"https:\\\/\\\/bien-etreiris.ch\\\/de\\\/produktpraesentation\\\/entspannen\\\/kerzen\\\/kaptus-nature\\\/#breadcrumb\",\"itemListElement\":[{\"@type\":\"ListItem\",\"position\":1,\"name\":\"Home\",\"item\":\"https:\\\/\\\/bien-etreiris.ch\\\/de\\\/\"},{\"@type\":\"ListItem\",\"position\":2,\"name\":\"PRODUKTPR\u00c4SENTATION\",\"item\":\"https:\\\/\\\/bien-etreiris.ch\\\/de\\\/produktpraesentation\\\/\"},{\"@type\":\"ListItem\",\"position\":3,\"name\":\"ENTSPANNEND\",\"item\":\"https:\\\/\\\/bien-etreiris.ch\\\/de\\\/produktpraesentation\\\/entspannen\\\/\"},{\"@type\":\"ListItem\",\"position\":4,\"name\":\"KERZEN\",\"item\":\"https:\\\/\\\/bien-etreiris.ch\\\/de\\\/produktpraesentation\\\/entspannen\\\/kerzen\\\/\"},{\"@type\":\"ListItem\",\"position\":5,\"name\":\"KAPTUS nature\"}]},{\"@type\":\"WebSite\",\"@id\":\"https:\\\/\\\/bien-etreiris.ch\\\/de\\\/#website\",\"url\":\"https:\\\/\\\/bien-etreiris.ch\\\/de\\\/\",\"name\":\"Bien-\u00eatre Iris\",\"description\":\"IHRE Gesundheit ist uns wichtig\",\"potentialAction\":[{\"@type\":\"SearchAction\",\"target\":{\"@type\":\"EntryPoint\",\"urlTemplate\":\"https:\\\/\\\/bien-etreiris.ch\\\/de\\\/?s={search_term_string}\"},\"query-input\":{\"@type\":\"PropertyValueSpecification\",\"valueRequired\":true,\"valueName\":\"search_term_string\"}}],\"inLanguage\":\"de\"}]}<\/script>\n<!-- \/ Yoast SEO plugin. -->","yoast_head_json":{"title":"KAPTUS nature - WOHLBEFINDEN","robots":{"index":"index","follow":"follow","max-snippet":"max-snippet:-1","max-image-preview":"max-image-preview:large","max-video-preview":"max-video-preview:-1"},"canonical":"https:\/\/bien-etreiris.ch\/de\/produktpraesentation\/entspannen\/kerzen\/kaptus-nature\/","og_locale":"de_DE","og_type":"article","og_title":"KAPTUS nature - WOHLBEFINDEN","og_description":"Kerzen mit aussergew\u00f6hnlichen D\u00fcften, impr\u00e4gniert mit Geruchsempfindungen und Emotionen. 100% Sojawachs. Unsere Kerzen werden aus reinem Sojawachs hergestellt - 100% nat\u00fcrlich und biologisch abbaubar - und speziell verarbeitet, um ein Produkt von h\u00f6chster Qualit\u00e4t zu erhalten. F\u00fcr den Anbau werden keine Pestizide oder Herbizide verwendet, und er ist frei von gentechnisch ver\u00e4nderten Materialien. Er wird unter Einhaltung der FDA- und&nbsp;Weiter lesen","og_url":"https:\/\/bien-etreiris.ch\/de\/produktpraesentation\/entspannen\/kerzen\/kaptus-nature\/","og_site_name":"WOHLBEFINDEN","article_publisher":"https:\/\/www.facebook.com\/bienetreiris\/","article_modified_time":"2021-06-24T06:48:24+00:00","og_image":[{"width":500,"height":331,"url":"https:\/\/bien-etreiris.ch\/wp-content\/uploads\/2020\/12\/acceuil-bouggie.jpg","type":"image\/jpeg"}],"twitter_misc":{"Gesch\u00e4tzte Lesezeit":"1\u00a0Minute"},"schema":{"@context":"https:\/\/schema.org","@graph":[{"@type":"WebPage","@id":"https:\/\/bien-etreiris.ch\/de\/produktpraesentation\/entspannen\/kerzen\/kaptus-nature\/","url":"https:\/\/bien-etreiris.ch\/de\/produktpraesentation\/entspannen\/kerzen\/kaptus-nature\/","name":"KAPTUS nature - WOHLBEFINDEN","isPartOf":{"@id":"https:\/\/bien-etreiris.ch\/de\/#website"},"primaryImageOfPage":{"@id":"https:\/\/bien-etreiris.ch\/de\/produktpraesentation\/entspannen\/kerzen\/kaptus-nature\/#primaryimage"},"image":{"@id":"https:\/\/bien-etreiris.ch\/de\/produktpraesentation\/entspannen\/kerzen\/kaptus-nature\/#primaryimage"},"thumbnailUrl":"https:\/\/bien-etreiris.ch\/wp-content\/uploads\/2020\/12\/acceuil-bouggie.jpg","datePublished":"2020-12-09T15:30:29+00:00","dateModified":"2021-06-24T06:48:24+00:00","breadcrumb":{"@id":"https:\/\/bien-etreiris.ch\/de\/produktpraesentation\/entspannen\/kerzen\/kaptus-nature\/#breadcrumb"},"inLanguage":"de","potentialAction":[{"@type":"ReadAction","target":["https:\/\/bien-etreiris.ch\/de\/produktpraesentation\/entspannen\/kerzen\/kaptus-nature\/"]}]},{"@type":"ImageObject","inLanguage":"de","@id":"https:\/\/bien-etreiris.ch\/de\/produktpraesentation\/entspannen\/kerzen\/kaptus-nature\/#primaryimage","url":"https:\/\/bien-etreiris.ch\/wp-content\/uploads\/2020\/12\/acceuil-bouggie.jpg","contentUrl":"https:\/\/bien-etreiris.ch\/wp-content\/uploads\/2020\/12\/acceuil-bouggie.jpg","width":500,"height":331},{"@type":"BreadcrumbList","@id":"https:\/\/bien-etreiris.ch\/de\/produktpraesentation\/entspannen\/kerzen\/kaptus-nature\/#breadcrumb","itemListElement":[{"@type":"ListItem","position":1,"name":"Home","item":"https:\/\/bien-etreiris.ch\/de\/"},{"@type":"ListItem","position":2,"name":"PRODUKTPR\u00c4SENTATION","item":"https:\/\/bien-etreiris.ch\/de\/produktpraesentation\/"},{"@type":"ListItem","position":3,"name":"ENTSPANNEND","item":"https:\/\/bien-etreiris.ch\/de\/produktpraesentation\/entspannen\/"},{"@type":"ListItem","position":4,"name":"KERZEN","item":"https:\/\/bien-etreiris.ch\/de\/produktpraesentation\/entspannen\/kerzen\/"},{"@type":"ListItem","position":5,"name":"KAPTUS nature"}]},{"@type":"WebSite","@id":"https:\/\/bien-etreiris.ch\/de\/#website","url":"https:\/\/bien-etreiris.ch\/de\/","name":"Bien-\u00eatre Iris","description":"IHRE Gesundheit ist uns wichtig","potentialAction":[{"@type":"SearchAction","target":{"@type":"EntryPoint","urlTemplate":"https:\/\/bien-etreiris.ch\/de\/?s={search_term_string}"},"query-input":{"@type":"PropertyValueSpecification","valueRequired":true,"valueName":"search_term_string"}}],"inLanguage":"de"}]}},"_links":{"self":[{"href":"https:\/\/bien-etreiris.ch\/de\/wp-json\/wp\/v2\/pages\/35879","targetHints":{"allow":["GET"]}}],"collection":[{"href":"https:\/\/bien-etreiris.ch\/de\/wp-json\/wp\/v2\/pages"}],"about":[{"href":"https:\/\/bien-etreiris.ch\/de\/wp-json\/wp\/v2\/types\/page"}],"author":[{"embeddable":true,"href":"https:\/\/bien-etreiris.ch\/de\/wp-json\/wp\/v2\/users\/1"}],"replies":[{"embeddable":true,"href":"https:\/\/bien-etreiris.ch\/de\/wp-json\/wp\/v2\/comments?post=35879"}],"version-history":[{"count":6,"href":"https:\/\/bien-etreiris.ch\/de\/wp-json\/wp\/v2\/pages\/35879\/revisions"}],"predecessor-version":[{"id":51557,"href":"https:\/\/bien-etreiris.ch\/de\/wp-json\/wp\/v2\/pages\/35879\/revisions\/51557"}],"up":[{"embeddable":true,"href":"https:\/\/bien-etreiris.ch\/de\/wp-json\/wp\/v2\/pages\/13468"}],"wp:featuredmedia":[{"embeddable":true,"href":"https:\/\/bien-etreiris.ch\/de\/wp-json\/wp\/v2\/media\/35877"}],"wp:attachment":[{"href":"https:\/\/bien-etreiris.ch\/de\/wp-json\/wp\/v2\/media?parent=35879"}],"curies":[{"name":"wp","href":"https:\/\/api.w.org\/{rel}","templated":true}]}}