{"id":35836,"date":"2020-12-09T07:16:43","date_gmt":"2020-12-09T07:16:43","guid":{"rendered":"https:\/\/bien-etreiris.ch\/?page_id=35836"},"modified":"2021-05-28T13:26:27","modified_gmt":"2021-05-28T11:26:27","slug":"fusswanne","status":"publish","type":"page","link":"https:\/\/bien-etreiris.ch\/de\/produktpraesentation\/hygiene\/koerperpflege\/zubehoer-fuer-die-koerperpflege\/zubehoer-fuer-die-fusspflege\/fusswanne\/","title":{"rendered":"FUSSWANNE"},"content":{"rendered":"<h2>Fusswanne mit Massageeffekt<\/h2>\n<h4>entspannend und anregend<\/h4>\n<p><a href=\"https:\/\/decoiris.ch\/wp-content\/uploads\/2020\/12\/Bassin-pour-laver-les-pied.png\"><img loading=\"lazy\" decoding=\"async\" class=\"size-medium wp-image-35778 alignleft\" src=\"https:\/\/decoiris.ch\/wp-content\/uploads\/2020\/12\/Bassin-pour-laver-les-pied-300x253.png\" alt=\"\" width=\"300\" height=\"253\" srcset=\"https:\/\/bien-etreiris.ch\/wp-content\/uploads\/2020\/12\/Bassin-pour-laver-les-pied-300x253.png 300w, https:\/\/bien-etreiris.ch\/wp-content\/uploads\/2020\/12\/Bassin-pour-laver-les-pied.png 760w\" sizes=\"auto, (max-width: 300px) 100vw, 300px\" \/><\/a><\/p>\n<p>&nbsp;<\/p>\n<p>&nbsp;<\/p>\n<ul style=\"list-style-type: disc;\">\n<li>Rundbecken ideal f\u00fcr ein basisches Fu\u00dfbad<\/li>\n<li>mit Massagekugeln f\u00fcr Fu\u00dfreflexzonenmassagen<br \/>\nf\u00fcr Zuhause und unterwegs<\/li>\n<li>Rutschfest<\/li>\n<li>Praktische Griffe<\/li>\n<li>leicht zu reinigen<\/li>\n<\/ul>\n<p>Ma\u00dfe: ca. \u00d8 40 x 15 cm (mit Griffen), Boden-\u00d8 innen: ca. 27 cm<br \/>\nMaterial: wei\u00df\/grau gesprenkelter Kunststoff<\/p>\n<p>1 Wanne CHF 20.00<\/p>\n<p>&nbsp;<\/p>\n<p>&nbsp;<\/p>\n<p>&nbsp;<\/p>\n<p>&nbsp;<\/p>\n<p>Zur Entspannung nach dem Joggen oder einem anstrengenden Tag, g\u00f6nnen Sie Ihren F\u00fcssen etwas<\/p>\n<p>Das Fussbad ist eine hervorragende M\u00f6glichkeit, ein basisches Fussbad zu nehmen und eine besonders wohltuende Behandlung zu geniessen und die F\u00fcsse zu entspannen. In Kombination mit dem AlcaBad helfen die Fussb\u00e4der, den gesamten K\u00f6rper zu reinigen und zu regenerieren.<\/p>\n<p>Die eingebauten Massagekugeln erm\u00f6glichen Fussreflexzonenmassagen und sorgen f\u00fcr zus\u00e4tzliche Aktivierung und Stimulation der Fusssohlen.<\/p>\n<p>Regelm\u00e4ssiges Fussbaden sch\u00fctzt das Horn und die Schweissdr\u00fcsen effektiv. Zu langes Sitzen oder Stehen im Sommer f\u00fchrt zu Fl\u00fcssigkeitsansammlungen in den Beinen. Das basische Fussbad sorgt f\u00fcr die n\u00f6tige Frische und ein leichtes Gef\u00fchl in den Beinen.<\/p>\n<p>Mit etwa 600 Schweissdr\u00fcsen pro Quadratzentimeter sind unsere F\u00fcsse in der Lage, viele unerw\u00fcnschte Stoffe aus unserem K\u00f6rper zu entfernen. Nicht umsonst werden unsere F\u00fcsse in der Naturheilkunde als \"Hilfsnieren\" bezeichnet. Aus diesem Grund ist ein basisches Fussbad eine perfekte Alternative zu einem Vollbad.<\/p>\n<p>G\u00f6nnen Sie auch Ihren F\u00fcssen eine Pause!<\/p>\n<p>&nbsp;<\/p>\n","protected":false},"excerpt":{"rendered":"<p>Fusswanne mit Massageeffekt entspannend und anregend &nbsp; &nbsp; Rundbecken ideal f\u00fcr ein basisches Fu\u00dfbad mit Massagekugeln f\u00fcr Fu\u00dfreflexzonenmassagen f\u00fcr Zuhause und unterwegs Rutschfest Praktische Griffe leicht zu reinigen Ma\u00dfe: ca. \u00d8 40 x 15 cm (mit Griffen), Boden-\u00d8 innen: ca. 27 cm Material: wei\u00df\/grau gesprenkelter Kunststoff 1 Wanne CHF 20.00 &nbsp; &nbsp; &nbsp; &nbsp; Zur Entspannung nach dem Joggen oder&nbsp;<a href=\"https:\/\/bien-etreiris.ch\/de\/produktpraesentation\/hygiene\/koerperpflege\/zubehoer-fuer-die-koerperpflege\/zubehoer-fuer-die-fusspflege\/fusswanne\/\" class=\"read-more\">Weiter lesen<\/a><\/p>\n","protected":false},"author":1,"featured_media":35833,"parent":35774,"menu_order":6634,"comment_status":"closed","ping_status":"closed","template":"page-with-child.php","meta":{"_acf_changed":false,"ngg_post_thumbnail":0,"footnotes":""},"class_list":["post-35836","page","type-page","status-publish","has-post-thumbnail","hentry"],"acf":[],"yoast_head":"<!-- This site is optimized with the Yoast SEO plugin v27.4 - https:\/\/yoast.com\/product\/yoast-seo-wordpress\/ -->\n<title>FUSSWANNE - WOHLBEFINDEN<\/title>\n<meta name=\"robots\" content=\"index, follow, max-snippet:-1, max-image-preview:large, max-video-preview:-1\" \/>\n<link rel=\"canonical\" href=\"https:\/\/bien-etreiris.ch\/de\/produktpraesentation\/hygiene\/koerperpflege\/zubehoer-fuer-die-koerperpflege\/zubehoer-fuer-die-fusspflege\/fusswanne\/\" \/>\n<meta property=\"og:locale\" content=\"de_DE\" \/>\n<meta property=\"og:type\" content=\"article\" \/>\n<meta property=\"og:title\" content=\"FUSSWANNE - WOHLBEFINDEN\" \/>\n<meta property=\"og:description\" content=\"Fusswanne mit Massageeffekt entspannend und anregend &nbsp; &nbsp; Rundbecken ideal f\u00fcr ein basisches Fu\u00dfbad mit Massagekugeln f\u00fcr Fu\u00dfreflexzonenmassagen f\u00fcr Zuhause und unterwegs Rutschfest Praktische Griffe leicht zu reinigen Ma\u00dfe: ca. \u00d8 40 x 15 cm (mit Griffen), Boden-\u00d8 innen: ca. 27 cm Material: wei\u00df\/grau gesprenkelter Kunststoff 1 Wanne CHF 20.00 &nbsp; &nbsp; &nbsp; &nbsp; Zur Entspannung nach dem Joggen oder&nbsp;Weiter lesen\" \/>\n<meta property=\"og:url\" content=\"https:\/\/bien-etreiris.ch\/de\/produktpraesentation\/hygiene\/koerperpflege\/zubehoer-fuer-die-koerperpflege\/zubehoer-fuer-die-fusspflege\/fusswanne\/\" \/>\n<meta property=\"og:site_name\" content=\"WOHLBEFINDEN\" \/>\n<meta property=\"article:publisher\" content=\"https:\/\/www.facebook.com\/bienetreiris\/\" \/>\n<meta property=\"article:modified_time\" content=\"2021-05-28T11:26:27+00:00\" \/>\n<meta property=\"og:image\" content=\"https:\/\/bien-etreiris.ch\/wp-content\/uploads\/2020\/12\/acceuil-3.jpg\" \/>\n\t<meta property=\"og:image:width\" content=\"500\" \/>\n\t<meta property=\"og:image:height\" content=\"300\" \/>\n\t<meta property=\"og:image:type\" content=\"image\/jpeg\" \/>\n<meta name=\"twitter:label1\" content=\"Gesch\u00e4tzte Lesezeit\" \/>\n\t<meta name=\"twitter:data1\" content=\"2\u00a0Minuten\" \/>\n<script type=\"application\/ld+json\" class=\"yoast-schema-graph\">{\"@context\":\"https:\\\/\\\/schema.org\",\"@graph\":[{\"@type\":\"WebPage\",\"@id\":\"https:\\\/\\\/bien-etreiris.ch\\\/de\\\/produktpraesentation\\\/hygiene\\\/koerperpflege\\\/zubehoer-fuer-die-koerperpflege\\\/zubehoer-fuer-die-fusspflege\\\/fusswanne\\\/\",\"url\":\"https:\\\/\\\/bien-etreiris.ch\\\/de\\\/produktpraesentation\\\/hygiene\\\/koerperpflege\\\/zubehoer-fuer-die-koerperpflege\\\/zubehoer-fuer-die-fusspflege\\\/fusswanne\\\/\",\"name\":\"FUSSWANNE - WOHLBEFINDEN\",\"isPartOf\":{\"@id\":\"https:\\\/\\\/bien-etreiris.ch\\\/de\\\/#website\"},\"primaryImageOfPage\":{\"@id\":\"https:\\\/\\\/bien-etreiris.ch\\\/de\\\/produktpraesentation\\\/hygiene\\\/koerperpflege\\\/zubehoer-fuer-die-koerperpflege\\\/zubehoer-fuer-die-fusspflege\\\/fusswanne\\\/#primaryimage\"},\"image\":{\"@id\":\"https:\\\/\\\/bien-etreiris.ch\\\/de\\\/produktpraesentation\\\/hygiene\\\/koerperpflege\\\/zubehoer-fuer-die-koerperpflege\\\/zubehoer-fuer-die-fusspflege\\\/fusswanne\\\/#primaryimage\"},\"thumbnailUrl\":\"https:\\\/\\\/bien-etreiris.ch\\\/wp-content\\\/uploads\\\/2020\\\/12\\\/acceuil-3.jpg\",\"datePublished\":\"2020-12-09T07:16:43+00:00\",\"dateModified\":\"2021-05-28T11:26:27+00:00\",\"breadcrumb\":{\"@id\":\"https:\\\/\\\/bien-etreiris.ch\\\/de\\\/produktpraesentation\\\/hygiene\\\/koerperpflege\\\/zubehoer-fuer-die-koerperpflege\\\/zubehoer-fuer-die-fusspflege\\\/fusswanne\\\/#breadcrumb\"},\"inLanguage\":\"de\",\"potentialAction\":[{\"@type\":\"ReadAction\",\"target\":[\"https:\\\/\\\/bien-etreiris.ch\\\/de\\\/produktpraesentation\\\/hygiene\\\/koerperpflege\\\/zubehoer-fuer-die-koerperpflege\\\/zubehoer-fuer-die-fusspflege\\\/fusswanne\\\/\"]}]},{\"@type\":\"ImageObject\",\"inLanguage\":\"de\",\"@id\":\"https:\\\/\\\/bien-etreiris.ch\\\/de\\\/produktpraesentation\\\/hygiene\\\/koerperpflege\\\/zubehoer-fuer-die-koerperpflege\\\/zubehoer-fuer-die-fusspflege\\\/fusswanne\\\/#primaryimage\",\"url\":\"https:\\\/\\\/bien-etreiris.ch\\\/wp-content\\\/uploads\\\/2020\\\/12\\\/acceuil-3.jpg\",\"contentUrl\":\"https:\\\/\\\/bien-etreiris.ch\\\/wp-content\\\/uploads\\\/2020\\\/12\\\/acceuil-3.jpg\",\"width\":500,\"height\":300},{\"@type\":\"BreadcrumbList\",\"@id\":\"https:\\\/\\\/bien-etreiris.ch\\\/de\\\/produktpraesentation\\\/hygiene\\\/koerperpflege\\\/zubehoer-fuer-die-koerperpflege\\\/zubehoer-fuer-die-fusspflege\\\/fusswanne\\\/#breadcrumb\",\"itemListElement\":[{\"@type\":\"ListItem\",\"position\":1,\"name\":\"Home\",\"item\":\"https:\\\/\\\/bien-etreiris.ch\\\/de\\\/\"},{\"@type\":\"ListItem\",\"position\":2,\"name\":\"PRODUKTPR\u00c4SENTATION\",\"item\":\"https:\\\/\\\/bien-etreiris.ch\\\/de\\\/produktpraesentation\\\/\"},{\"@type\":\"ListItem\",\"position\":3,\"name\":\"HYGIENE\",\"item\":\"https:\\\/\\\/bien-etreiris.ch\\\/de\\\/produktpraesentation\\\/hygiene\\\/\"},{\"@type\":\"ListItem\",\"position\":4,\"name\":\"K\u00d6RPERPFLEGE\",\"item\":\"https:\\\/\\\/bien-etreiris.ch\\\/de\\\/produktpraesentation\\\/hygiene\\\/koerperpflege\\\/\"},{\"@type\":\"ListItem\",\"position\":5,\"name\":\"ZUBEH\u00d6R\",\"item\":\"https:\\\/\\\/bien-etreiris.ch\\\/de\\\/produktpraesentation\\\/hygiene\\\/koerperpflege\\\/zubehoer-fuer-die-koerperpflege\\\/\"},{\"@type\":\"ListItem\",\"position\":6,\"name\":\"F\u00dcSSE\",\"item\":\"https:\\\/\\\/bien-etreiris.ch\\\/de\\\/produktpraesentation\\\/hygiene\\\/koerperpflege\\\/zubehoer-fuer-die-koerperpflege\\\/zubehoer-fuer-die-fusspflege\\\/\"},{\"@type\":\"ListItem\",\"position\":7,\"name\":\"FUSSWANNE\"}]},{\"@type\":\"WebSite\",\"@id\":\"https:\\\/\\\/bien-etreiris.ch\\\/de\\\/#website\",\"url\":\"https:\\\/\\\/bien-etreiris.ch\\\/de\\\/\",\"name\":\"Bien-\u00eatre Iris\",\"description\":\"IHRE Gesundheit ist uns wichtig\",\"potentialAction\":[{\"@type\":\"SearchAction\",\"target\":{\"@type\":\"EntryPoint\",\"urlTemplate\":\"https:\\\/\\\/bien-etreiris.ch\\\/de\\\/?s={search_term_string}\"},\"query-input\":{\"@type\":\"PropertyValueSpecification\",\"valueRequired\":true,\"valueName\":\"search_term_string\"}}],\"inLanguage\":\"de\"}]}<\/script>\n<!-- \/ Yoast SEO plugin. -->","yoast_head_json":{"title":"FUSSWANNE - WOHLBEFINDEN","robots":{"index":"index","follow":"follow","max-snippet":"max-snippet:-1","max-image-preview":"max-image-preview:large","max-video-preview":"max-video-preview:-1"},"canonical":"https:\/\/bien-etreiris.ch\/de\/produktpraesentation\/hygiene\/koerperpflege\/zubehoer-fuer-die-koerperpflege\/zubehoer-fuer-die-fusspflege\/fusswanne\/","og_locale":"de_DE","og_type":"article","og_title":"FUSSWANNE - WOHLBEFINDEN","og_description":"Fusswanne mit Massageeffekt entspannend und anregend &nbsp; &nbsp; Rundbecken ideal f\u00fcr ein basisches Fu\u00dfbad mit Massagekugeln f\u00fcr Fu\u00dfreflexzonenmassagen f\u00fcr Zuhause und unterwegs Rutschfest Praktische Griffe leicht zu reinigen Ma\u00dfe: ca. \u00d8 40 x 15 cm (mit Griffen), Boden-\u00d8 innen: ca. 27 cm Material: wei\u00df\/grau gesprenkelter Kunststoff 1 Wanne CHF 20.00 &nbsp; &nbsp; &nbsp; &nbsp; Zur Entspannung nach dem Joggen oder&nbsp;Weiter lesen","og_url":"https:\/\/bien-etreiris.ch\/de\/produktpraesentation\/hygiene\/koerperpflege\/zubehoer-fuer-die-koerperpflege\/zubehoer-fuer-die-fusspflege\/fusswanne\/","og_site_name":"WOHLBEFINDEN","article_publisher":"https:\/\/www.facebook.com\/bienetreiris\/","article_modified_time":"2021-05-28T11:26:27+00:00","og_image":[{"width":500,"height":300,"url":"https:\/\/bien-etreiris.ch\/wp-content\/uploads\/2020\/12\/acceuil-3.jpg","type":"image\/jpeg"}],"twitter_misc":{"Gesch\u00e4tzte Lesezeit":"2\u00a0Minuten"},"schema":{"@context":"https:\/\/schema.org","@graph":[{"@type":"WebPage","@id":"https:\/\/bien-etreiris.ch\/de\/produktpraesentation\/hygiene\/koerperpflege\/zubehoer-fuer-die-koerperpflege\/zubehoer-fuer-die-fusspflege\/fusswanne\/","url":"https:\/\/bien-etreiris.ch\/de\/produktpraesentation\/hygiene\/koerperpflege\/zubehoer-fuer-die-koerperpflege\/zubehoer-fuer-die-fusspflege\/fusswanne\/","name":"FUSSWANNE - WOHLBEFINDEN","isPartOf":{"@id":"https:\/\/bien-etreiris.ch\/de\/#website"},"primaryImageOfPage":{"@id":"https:\/\/bien-etreiris.ch\/de\/produktpraesentation\/hygiene\/koerperpflege\/zubehoer-fuer-die-koerperpflege\/zubehoer-fuer-die-fusspflege\/fusswanne\/#primaryimage"},"image":{"@id":"https:\/\/bien-etreiris.ch\/de\/produktpraesentation\/hygiene\/koerperpflege\/zubehoer-fuer-die-koerperpflege\/zubehoer-fuer-die-fusspflege\/fusswanne\/#primaryimage"},"thumbnailUrl":"https:\/\/bien-etreiris.ch\/wp-content\/uploads\/2020\/12\/acceuil-3.jpg","datePublished":"2020-12-09T07:16:43+00:00","dateModified":"2021-05-28T11:26:27+00:00","breadcrumb":{"@id":"https:\/\/bien-etreiris.ch\/de\/produktpraesentation\/hygiene\/koerperpflege\/zubehoer-fuer-die-koerperpflege\/zubehoer-fuer-die-fusspflege\/fusswanne\/#breadcrumb"},"inLanguage":"de","potentialAction":[{"@type":"ReadAction","target":["https:\/\/bien-etreiris.ch\/de\/produktpraesentation\/hygiene\/koerperpflege\/zubehoer-fuer-die-koerperpflege\/zubehoer-fuer-die-fusspflege\/fusswanne\/"]}]},{"@type":"ImageObject","inLanguage":"de","@id":"https:\/\/bien-etreiris.ch\/de\/produktpraesentation\/hygiene\/koerperpflege\/zubehoer-fuer-die-koerperpflege\/zubehoer-fuer-die-fusspflege\/fusswanne\/#primaryimage","url":"https:\/\/bien-etreiris.ch\/wp-content\/uploads\/2020\/12\/acceuil-3.jpg","contentUrl":"https:\/\/bien-etreiris.ch\/wp-content\/uploads\/2020\/12\/acceuil-3.jpg","width":500,"height":300},{"@type":"BreadcrumbList","@id":"https:\/\/bien-etreiris.ch\/de\/produktpraesentation\/hygiene\/koerperpflege\/zubehoer-fuer-die-koerperpflege\/zubehoer-fuer-die-fusspflege\/fusswanne\/#breadcrumb","itemListElement":[{"@type":"ListItem","position":1,"name":"Home","item":"https:\/\/bien-etreiris.ch\/de\/"},{"@type":"ListItem","position":2,"name":"PRODUKTPR\u00c4SENTATION","item":"https:\/\/bien-etreiris.ch\/de\/produktpraesentation\/"},{"@type":"ListItem","position":3,"name":"HYGIENE","item":"https:\/\/bien-etreiris.ch\/de\/produktpraesentation\/hygiene\/"},{"@type":"ListItem","position":4,"name":"K\u00d6RPERPFLEGE","item":"https:\/\/bien-etreiris.ch\/de\/produktpraesentation\/hygiene\/koerperpflege\/"},{"@type":"ListItem","position":5,"name":"ZUBEH\u00d6R","item":"https:\/\/bien-etreiris.ch\/de\/produktpraesentation\/hygiene\/koerperpflege\/zubehoer-fuer-die-koerperpflege\/"},{"@type":"ListItem","position":6,"name":"F\u00dcSSE","item":"https:\/\/bien-etreiris.ch\/de\/produktpraesentation\/hygiene\/koerperpflege\/zubehoer-fuer-die-koerperpflege\/zubehoer-fuer-die-fusspflege\/"},{"@type":"ListItem","position":7,"name":"FUSSWANNE"}]},{"@type":"WebSite","@id":"https:\/\/bien-etreiris.ch\/de\/#website","url":"https:\/\/bien-etreiris.ch\/de\/","name":"Bien-\u00eatre Iris","description":"IHRE Gesundheit ist uns wichtig","potentialAction":[{"@type":"SearchAction","target":{"@type":"EntryPoint","urlTemplate":"https:\/\/bien-etreiris.ch\/de\/?s={search_term_string}"},"query-input":{"@type":"PropertyValueSpecification","valueRequired":true,"valueName":"search_term_string"}}],"inLanguage":"de"}]}},"_links":{"self":[{"href":"https:\/\/bien-etreiris.ch\/de\/wp-json\/wp\/v2\/pages\/35836","targetHints":{"allow":["GET"]}}],"collection":[{"href":"https:\/\/bien-etreiris.ch\/de\/wp-json\/wp\/v2\/pages"}],"about":[{"href":"https:\/\/bien-etreiris.ch\/de\/wp-json\/wp\/v2\/types\/page"}],"author":[{"embeddable":true,"href":"https:\/\/bien-etreiris.ch\/de\/wp-json\/wp\/v2\/users\/1"}],"replies":[{"embeddable":true,"href":"https:\/\/bien-etreiris.ch\/de\/wp-json\/wp\/v2\/comments?post=35836"}],"version-history":[{"count":8,"href":"https:\/\/bien-etreiris.ch\/de\/wp-json\/wp\/v2\/pages\/35836\/revisions"}],"predecessor-version":[{"id":47815,"href":"https:\/\/bien-etreiris.ch\/de\/wp-json\/wp\/v2\/pages\/35836\/revisions\/47815"}],"up":[{"embeddable":true,"href":"https:\/\/bien-etreiris.ch\/de\/wp-json\/wp\/v2\/pages\/35774"}],"wp:featuredmedia":[{"embeddable":true,"href":"https:\/\/bien-etreiris.ch\/de\/wp-json\/wp\/v2\/media\/35833"}],"wp:attachment":[{"href":"https:\/\/bien-etreiris.ch\/de\/wp-json\/wp\/v2\/media?parent=35836"}],"curies":[{"name":"wp","href":"https:\/\/api.w.org\/{rel}","templated":true}]}}